{"id":7329,"date":"2025-03-23T07:30:28","date_gmt":"2025-03-23T07:30:28","guid":{"rendered":"https:\/\/fmp-components.com\/?post_type=product&#038;p=7329"},"modified":"2025-03-23T07:30:29","modified_gmt":"2025-03-23T07:30:29","slug":"medical-double-helical-gear","status":"publish","type":"product","link":"https:\/\/fmp-components.com\/pl\/product\/medical-double-helical-gear\/","title":{"rendered":"Medyczne podw\u00f3jne ko\u0142o z\u0119bate \u015brubowe"},"content":{"rendered":"<p>Wymiary: \u03a63 mm - \u03a6120 mm<br \/>\nModu\u0142: M0.2<br \/>\nTyp materia\u0142u: Stop zgodnie z wymaganiami klienta<\/p>\n<div class=\"table-responsive\">\n<table class=\"table\" style=\"width: 99.2996%; height: 337px;\" border=\"1\">\n<tbody>\n<tr>\n<td colspan=\"2\">Medyczne podw\u00f3jne ko\u0142o z\u0119bate \u015brubowe<\/td>\n<\/tr>\n<tr>\n<td>Wymiar<\/td>\n<td>\u03a612mm<\/td>\n<\/tr>\n<tr>\n<td>Modu\u0142<\/td>\n<td>M0,15-M2,0<\/td>\n<\/tr>\n<tr>\n<td>Rodzaj materia\u0142u<\/td>\n<td>Metal, stal, stal nierdzewna, mied\u017a, mosi\u0105dz i stopy wed\u0142ug indywidualnych potrzeb<\/td>\n<\/tr>\n<tr>\n<td>Stopie\u0144 siatki<\/td>\n<td>ISO6, JGMA 1, JIS 6, AGMA 13, DIN 6,Din5,AGMA12<\/td>\n<\/tr>\n<tr>\n<td>Aplikacja<\/td>\n<td>Motoryzacja, wojsko, lotnictwo, mechanika, przemys\u0142, medycyna<\/td>\n<\/tr>\n<tr>\n<td>Dostosowane<\/td>\n<td>ODM\/OEM<\/td>\n<\/tr>\n<tr>\n<td>Pr\u00f3bka<\/td>\n<td>Dost\u0119pna pr\u00f3bka<\/td>\n<\/tr>\n<tr>\n<td>Sposoby pakowania<\/td>\n<td>Pakowane pr\u00f3\u017cniowo z plastikow\u0105 tack\u0105<\/td>\n<\/tr>\n<tr>\n<td>Sposoby dostawy<\/td>\n<td>DHL UPS<\/td>\n<\/tr>\n<tr>\n<td>Certyfikat<\/td>\n<td>ISO 9001: 2008\/TS16949<\/td>\n<\/tr>\n<\/tbody>\n<\/table>\n<\/div>","protected":false},"excerpt":{"rendered":"<p>Dimension:\u03a63mm- \u03a6120mm Module: M0.2 Material Type: Alloy as customer required Medical Double Helical Gear Dimension \u03a612mm Module M0.15-M2.0 Material Type Metal, Steel, Stainless, copper, brass, and Alloy as customized Meshing Grade ISO6, JGMA 1, JIS 6, AGMA 13, DIN 6,Din5,AGMA12 Application Automotive, Military, Aircraft, Mechanical, industrial, Medical Customized ODM\/OEM Sample Sample available Modes of Packing [&hellip;]<\/p>","protected":false},"featured_media":7331,"comment_status":"open","ping_status":"closed","template":"","meta":{"_et_pb_use_builder":"","_et_pb_old_content":"","_et_gb_content_width":""},"product_brand":[],"product_cat":[108],"product_tag":[],"class_list":{"0":"post-7329","1":"product","2":"type-product","3":"status-publish","4":"has-post-thumbnail","6":"product_cat-helical-gear","8":"first","9":"instock","10":"shipping-taxable","11":"product-type-simple"},"_links":{"self":[{"href":"https:\/\/fmp-components.com\/pl\/wp-json\/wp\/v2\/product\/7329","targetHints":{"allow":["GET"]}}],"collection":[{"href":"https:\/\/fmp-components.com\/pl\/wp-json\/wp\/v2\/product"}],"about":[{"href":"https:\/\/fmp-components.com\/pl\/wp-json\/wp\/v2\/types\/product"}],"replies":[{"embeddable":true,"href":"https:\/\/fmp-components.com\/pl\/wp-json\/wp\/v2\/comments?post=7329"}],"wp:featuredmedia":[{"embeddable":true,"href":"https:\/\/fmp-components.com\/pl\/wp-json\/wp\/v2\/media\/7331"}],"wp:attachment":[{"href":"https:\/\/fmp-components.com\/pl\/wp-json\/wp\/v2\/media?parent=7329"}],"wp:term":[{"taxonomy":"product_brand","embeddable":true,"href":"https:\/\/fmp-components.com\/pl\/wp-json\/wp\/v2\/product_brand?post=7329"},{"taxonomy":"product_cat","embeddable":true,"href":"https:\/\/fmp-components.com\/pl\/wp-json\/wp\/v2\/product_cat?post=7329"},{"taxonomy":"product_tag","embeddable":true,"href":"https:\/\/fmp-components.com\/pl\/wp-json\/wp\/v2\/product_tag?post=7329"}],"curies":[{"name":"wp","href":"https:\/\/api.w.org\/{rel}","templated":true}]}}