{"id":7196,"date":"2025-03-20T06:16:17","date_gmt":"2025-03-20T06:16:17","guid":{"rendered":"https:\/\/fmp-components.com\/?post_type=product&#038;p=7196"},"modified":"2025-03-26T08:51:01","modified_gmt":"2025-03-26T08:51:01","slug":"brass-worm-wheel","status":"publish","type":"product","link":"https:\/\/fmp-components.com\/pl\/product\/brass-worm-wheel\/","title":{"rendered":"Ko\u0142o \u015blimakowe mosi\u0119\u017cne"},"content":{"rendered":"<p>Mosi\u0119\u017cne ko\u0142o \u015blimakowe to precyzyjnie zaprojektowany element wykonany ze specjalnego stopu miedzi i cynku, wzbogaconego dodatkami, takimi jak aluminium, krzem i mangan, oferuj\u0105cy doskona\u0142e w\u0142a\u015bciwo\u015bci \u015blizgowe, wysok\u0105 wytrzyma\u0142o\u015b\u0107 i doskona\u0142\u0105 odporno\u015b\u0107 na zu\u017cycie. W FMP szczycimy si\u0119 produkcj\u0105 szerokiej gamy mosi\u0119\u017cnych k\u00f3\u0142 \u015blimakowych, wykonanych z wysokiej jako\u015bci mosi\u0105dzu o zawarto\u015bci o\u0142owiu \u22640,1% wagowo, co zapewnia wyj\u0105tkow\u0105 odporno\u015b\u0107 na korozj\u0119, trwa\u0142o\u015b\u0107 chemiczn\u0105 dzi\u0119ki aluminium i w\u0142a\u015bciwo\u015bci samosmaruj\u0105ce do wymagaj\u0105cych zastosowa\u0144. Oferujemy r\u00f3wnie\u017c dostosowanie do Twoich konkretnych potrzeb. Je\u015bli nie znajdziesz poszukiwanego modelu na naszej li\u015bcie produkt\u00f3w, oznacza to po prostu, \u017ce jeszcze go nie przes\u0142ali\u015bmy \u2014 napisz do nas e-mail ze swoimi wymaganiami, a nasi in\u017cynierowie odpowiedz\u0105 w ci\u0105gu 24 godzin, przedstawiaj\u0105c dostosowane rozwi\u0105zania. Zaufaj FMP, je\u015bli chodzi o niezawodny mosi\u0105dz <a href=\"https:\/\/fmp-components.com\/pl\/worm-gear-and-worm-shaft-2\/\">przek\u0142adnie \u015blimakowe<\/a> z szybk\u0105 dostaw\u0105!<\/p>\n<h2>Szczeg\u00f3\u0142y mosi\u0119\u017cnego ko\u0142a \u015blimakowego<\/h2>\n<table style=\"width: 100%;\" border=\"1\" width=\"100%\" cellspacing=\"0\" cellpadding=\"0\">\n<tbody>\n<tr style=\"height: 14.40pt;\">\n<td style=\"height: 14.4pt; width: 28.3727%;\" width=\"83\" height=\"24\"><img loading=\"lazy\" decoding=\"async\" class=\"alignnone size-full wp-image-7197\" src=\"https:\/\/fmp-components.com\/wp-content\/uploads\/2025\/03\/Brass-Worm-Wheel-detail-1.webp\" alt=\"Mosi\u0119\u017cne-ko\u0142o-\u015blimakowe-szczeg\u00f3\u0142y\" width=\"380\" height=\"280\" title=\"\" srcset=\"https:\/\/fmp-components.com\/wp-content\/uploads\/2025\/03\/Brass-Worm-Wheel-detail-1.webp 380w, https:\/\/fmp-components.com\/wp-content\/uploads\/2025\/03\/Brass-Worm-Wheel-detail-1-300x221.webp 300w, https:\/\/fmp-components.com\/wp-content\/uploads\/2025\/03\/Brass-Worm-Wheel-detail-1-16x12.webp 16w\" sizes=\"(max-width: 380px) 100vw, 380px\" \/><\/td>\n<td style=\"width: 36.7237%;\" align=\"right\" width=\"80\"><img loading=\"lazy\" decoding=\"async\" class=\"alignnone size-full wp-image-7201\" src=\"https:\/\/fmp-components.com\/wp-content\/uploads\/2025\/03\/Brass-Worm-Wheel-detail-5.webp\" alt=\"Mosi\u0119\u017cne-ko\u0142o-\u015blimakowe-szczeg\u00f3\u0142y\" width=\"380\" height=\"280\" title=\"\" srcset=\"https:\/\/fmp-components.com\/wp-content\/uploads\/2025\/03\/Brass-Worm-Wheel-detail-5.webp 380w, https:\/\/fmp-components.com\/wp-content\/uploads\/2025\/03\/Brass-Worm-Wheel-detail-5-300x221.webp 300w, https:\/\/fmp-components.com\/wp-content\/uploads\/2025\/03\/Brass-Worm-Wheel-detail-5-16x12.webp 16w\" sizes=\"(max-width: 380px) 100vw, 380px\" \/><\/td>\n<td style=\"width: 34.6895%;\" align=\"right\" width=\"154\"><img loading=\"lazy\" decoding=\"async\" class=\"size-full wp-image-7200 aligncenter\" src=\"https:\/\/fmp-components.com\/wp-content\/uploads\/2025\/03\/Brass-Worm-Wheel-detail-4.webp\" alt=\"Mosi\u0119\u017cne-ko\u0142o-\u015blimakowe-szczeg\u00f3\u0142y\" width=\"380\" height=\"280\" title=\"\" srcset=\"https:\/\/fmp-components.com\/wp-content\/uploads\/2025\/03\/Brass-Worm-Wheel-detail-4.webp 380w, https:\/\/fmp-components.com\/wp-content\/uploads\/2025\/03\/Brass-Worm-Wheel-detail-4-300x221.webp 300w, https:\/\/fmp-components.com\/wp-content\/uploads\/2025\/03\/Brass-Worm-Wheel-detail-4-16x12.webp 16w\" sizes=\"(max-width: 380px) 100vw, 380px\" \/><\/td>\n<\/tr>\n<tr style=\"height: 14.40pt;\">\n<td style=\"height: 14.4pt; width: 28.3727%;\" height=\"24\"><img loading=\"lazy\" decoding=\"async\" class=\"alignnone size-full wp-image-7198\" src=\"https:\/\/fmp-components.com\/wp-content\/uploads\/2025\/03\/Brass-Worm-Wheel-detail-2.webp\" alt=\"Mosi\u0119\u017cne-ko\u0142o-\u015blimakowe-szczeg\u00f3\u0142y\" width=\"380\" height=\"280\" title=\"\" srcset=\"https:\/\/fmp-components.com\/wp-content\/uploads\/2025\/03\/Brass-Worm-Wheel-detail-2.webp 380w, https:\/\/fmp-components.com\/wp-content\/uploads\/2025\/03\/Brass-Worm-Wheel-detail-2-300x221.webp 300w, https:\/\/fmp-components.com\/wp-content\/uploads\/2025\/03\/Brass-Worm-Wheel-detail-2-16x12.webp 16w\" sizes=\"(max-width: 380px) 100vw, 380px\" \/><\/td>\n<td style=\"width: 36.7237%;\" align=\"right\"><img loading=\"lazy\" decoding=\"async\" class=\"alignnone size-full wp-image-7202\" src=\"https:\/\/fmp-components.com\/wp-content\/uploads\/2025\/03\/Brass-Worm-Wheel-detail-6.webp\" alt=\"Mosi\u0119\u017cne-ko\u0142o-\u015blimakowe-szczeg\u00f3\u0142y\" width=\"380\" height=\"280\" title=\"\" srcset=\"https:\/\/fmp-components.com\/wp-content\/uploads\/2025\/03\/Brass-Worm-Wheel-detail-6.webp 380w, https:\/\/fmp-components.com\/wp-content\/uploads\/2025\/03\/Brass-Worm-Wheel-detail-6-300x221.webp 300w, https:\/\/fmp-components.com\/wp-content\/uploads\/2025\/03\/Brass-Worm-Wheel-detail-6-16x12.webp 16w\" sizes=\"(max-width: 380px) 100vw, 380px\" \/><\/td>\n<td style=\"width: 34.6895%;\" align=\"right\"><img loading=\"lazy\" decoding=\"async\" class=\"alignnone size-full wp-image-7199\" src=\"https:\/\/fmp-components.com\/wp-content\/uploads\/2025\/03\/Brass-Worm-Wheel-detail-3.webp\" alt=\"Mosi\u0119\u017cne-ko\u0142o-\u015blimakowe-szczeg\u00f3\u0142y\" width=\"380\" height=\"280\" title=\"\" srcset=\"https:\/\/fmp-components.com\/wp-content\/uploads\/2025\/03\/Brass-Worm-Wheel-detail-3.webp 380w, https:\/\/fmp-components.com\/wp-content\/uploads\/2025\/03\/Brass-Worm-Wheel-detail-3-300x221.webp 300w, https:\/\/fmp-components.com\/wp-content\/uploads\/2025\/03\/Brass-Worm-Wheel-detail-3-16x12.webp 16w\" sizes=\"(max-width: 380px) 100vw, 380px\" \/><\/td>\n<\/tr>\n<\/tbody>\n<\/table>\n<h3>Specyfikacja<\/h3>\n<p>Aby uzyska\u0107 wi\u0119cej informacji na temat modeli i specyfikacji, skontaktuj si\u0119 z nami przez e-mail, a nasi eksperci niezw\u0142ocznie odpowiedz\u0105!<\/p>\n<div>\n<table style=\"width: 100%;\" border=\"1\" width=\"100%\" cellspacing=\"0\" cellpadding=\"0\">\n<thead class=\"border-b border-primary\/20\">\n<tr class=\"border-primary\/10\">\n<th class=\"break-words\"><strong>Kategoria<\/strong><\/th>\n<th class=\"break-words\"><strong>Specyfikacja<\/strong><\/th>\n<\/tr>\n<\/thead>\n<tbody>\n<tr class=\"border-primary\/10\">\n<td class=\"break-words\"><strong>Tworzywo<\/strong><\/td>\n<td class=\"break-words\">Mosi\u0105dz<\/td>\n<\/tr>\n<tr class=\"border-primary\/10\">\n<td class=\"break-words\"><strong>Kolor<\/strong><\/td>\n<td class=\"break-words\">\u017b\u00f3\u0142ty<\/td>\n<\/tr>\n<tr class=\"border-primary\/10\">\n<td class=\"break-words\"><strong>Modu\u0142<\/strong><\/td>\n<td class=\"break-words\">0.5<\/td>\n<\/tr>\n<tr class=\"border-primary\/10\">\n<td class=\"break-words\"><strong>Waga<\/strong><\/td>\n<td class=\"break-words\">16g<\/td>\n<\/tr>\n<tr class=\"border-primary\/10\">\n<td class=\"break-words\"><strong>Rozmiar ko\u0142a \u015blimakowego<\/strong><\/td>\n<td class=\"break-words\"><\/td>\n<\/tr>\n<tr class=\"border-primary\/10\">\n<td class=\"break-words\">- Z\u0119by<\/td>\n<td class=\"break-words\">20<\/td>\n<\/tr>\n<tr class=\"border-primary\/10\">\n<td class=\"break-words\">\u2013 \u015arednica z\u0119b\u00f3w<\/td>\n<td class=\"break-words\">11,2 mm<\/td>\n<\/tr>\n<tr class=\"border-primary\/10\">\n<td class=\"break-words\">- Wysoko\u015b\u0107<\/td>\n<td class=\"break-words\">12 mm \/ 0,47 cala<\/td>\n<\/tr>\n<tr class=\"border-primary\/10\">\n<td class=\"break-words\">\u2013 \u015arednica zewn\u0119trzna<\/td>\n<td class=\"break-words\">11 mm \/ 0,43 cala<\/td>\n<\/tr>\n<tr class=\"border-primary\/10\">\n<td class=\"break-words\">\u2013 \u015arednica otworu<\/td>\n<td class=\"break-words\">4mm \/ 0,16 cala<\/td>\n<\/tr>\n<tr class=\"border-primary\/10\">\n<td class=\"break-words\">\u2013 Rozmiar kroku<\/td>\n<td class=\"break-words\">9x7mm \/ 0,35\u00d70,27 cala (\u015brednica x wysoko\u015b\u0107)<\/td>\n<\/tr>\n<tr class=\"border-primary\/10\">\n<td class=\"break-words\">\u2013 Ca\u0142kowity rozmiar<\/td>\n<td class=\"break-words\">12x11x4mm \/ 0,47\u00d70,39\u00d70,12 cala (wys. x \u015br. zewn. x \u015br. wew.)<\/td>\n<\/tr>\n<tr class=\"border-primary\/10\">\n<td class=\"break-words\"><strong>Rozmiar wa\u0142u przek\u0142adni \u015blimakowej<\/strong><\/td>\n<td class=\"break-words\"><\/td>\n<\/tr>\n<tr class=\"border-primary\/10\">\n<td class=\"break-words\">- Wysoko\u015b\u0107<\/td>\n<td class=\"break-words\">20 mm \/ 0,79 cala<\/td>\n<\/tr>\n<tr class=\"border-primary\/10\">\n<td class=\"break-words\">\u2013 \u015arednica zewn\u0119trzna<\/td>\n<td class=\"break-words\">9,8 mm \/ 0,39 cala<\/td>\n<\/tr>\n<tr class=\"border-primary\/10\">\n<td class=\"break-words\">\u2013 \u015arednica wewn\u0119trzna<\/td>\n<td class=\"break-words\">3,17 mm \/ 0,12 cala<\/td>\n<\/tr>\n<tr class=\"border-primary\/10\">\n<td class=\"break-words\">\u2013 Rozmiar<\/td>\n<td class=\"break-words\">20\u00d79,8\u00d73,17 mm \/ 0,79\u00d70,39\u00d70,12 cala (wys. x \u015br. zewn. x \u015br. wewn.)<\/td>\n<\/tr>\n<\/tbody>\n<\/table>\n<h3 class=\"product_title entry-title elementor-heading-title elementor-size-default\">Precyzyjny mosi\u0119\u017cny \u015blimak, odleg\u0142o\u015b\u0107 mi\u0119dzy \u015brodkami 63mm i=48, 48 z\u0119b\u00f3w<\/h3>\n<table style=\"border-collapse: collapse; width: 94.8769%; height: 66px;\" border=\"0\" width=\"163\" cellspacing=\"0\" cellpadding=\"0\">\n<tbody>\n<tr style=\"height: 14.40pt;\">\n<td style=\"height: 14.40pt; width: 49.80pt;\" width=\"83\" height=\"24\">\u00a0<img loading=\"lazy\" decoding=\"async\" class=\"alignnone size-full wp-image-7205\" src=\"https:\/\/fmp-components.com\/wp-content\/uploads\/2025\/03\/Precision-brass-worm-wheel-centre-distance-63mm-i48-48-teeth.webp\" alt=\"Precyzyjny mosi\u0119\u017cny \u015blimak-odleg\u0142o\u015b\u0107-\u015brodkowa-63mm-i=48-48-z\u0119b\u00f3w\" width=\"1920\" height=\"1920\" title=\"\" srcset=\"https:\/\/fmp-components.com\/wp-content\/uploads\/2025\/03\/Precision-brass-worm-wheel-centre-distance-63mm-i48-48-teeth.webp 1920w, https:\/\/fmp-components.com\/wp-content\/uploads\/2025\/03\/Precision-brass-worm-wheel-centre-distance-63mm-i48-48-teeth-1280x1280.webp 1280w, https:\/\/fmp-components.com\/wp-content\/uploads\/2025\/03\/Precision-brass-worm-wheel-centre-distance-63mm-i48-48-teeth-980x980.webp 980w, https:\/\/fmp-components.com\/wp-content\/uploads\/2025\/03\/Precision-brass-worm-wheel-centre-distance-63mm-i48-48-teeth-480x480.webp 480w\" sizes=\"(min-width: 0px) and (max-width: 480px) 480px, (min-width: 481px) and (max-width: 980px) 980px, (min-width: 981px) and (max-width: 1280px) 1280px, (min-width: 1281px) 1920px, 100vw\" \/><\/td>\n<td style=\"width: 48.00pt;\" align=\"right\" width=\"80\"><img loading=\"lazy\" decoding=\"async\" class=\"alignnone wp-image-7204\" src=\"https:\/\/fmp-components.com\/wp-content\/uploads\/2025\/03\/Precision-brass-worm-wheel-centre-distance-63mm-i48-48-teeth-specification.webp\" alt=\"Precyzyjny-mosi\u0119\u017cny-\u015blimak-odleg\u0142o\u015b\u0107-\u015brodkowa-63mm-i=48-48-z\u0119b\u00f3w-specyfikacja\" width=\"460\" height=\"460\" title=\"\" srcset=\"https:\/\/fmp-components.com\/wp-content\/uploads\/2025\/03\/Precision-brass-worm-wheel-centre-distance-63mm-i48-48-teeth-specification.webp 300w, https:\/\/fmp-components.com\/wp-content\/uploads\/2025\/03\/Precision-brass-worm-wheel-centre-distance-63mm-i48-48-teeth-specification-150x150.webp 150w, https:\/\/fmp-components.com\/wp-content\/uploads\/2025\/03\/Precision-brass-worm-wheel-centre-distance-63mm-i48-48-teeth-specification-12x12.webp 12w, https:\/\/fmp-components.com\/wp-content\/uploads\/2025\/03\/Precision-brass-worm-wheel-centre-distance-63mm-i48-48-teeth-specification-100x100.webp 100w\" sizes=\"(max-width: 460px) 100vw, 460px\" \/><\/td>\n<\/tr>\n<\/tbody>\n<\/table>\n<table style=\"width: 100%;\" border=\"1\" width=\"100%\" cellspacing=\"0\" cellpadding=\"0\">\n<tbody>\n<tr>\n<td style=\"width: 50.8565%;\">Tworzywo<\/td>\n<td style=\"width: 48.9293%;\">Mosi\u0105dz<\/td>\n<\/tr>\n<tr>\n<td style=\"width: 50.8565%;\">Powierzchnia<\/td>\n<td style=\"width: 48.9293%;\">Pusty<\/td>\n<\/tr>\n<tr>\n<td style=\"width: 50.8565%;\">Stosunek [i]<\/td>\n<td style=\"width: 48.9293%;\">48 : 1<\/td>\n<\/tr>\n<tr>\n<td style=\"width: 50.8565%;\">Modu\u0142<\/td>\n<td style=\"width: 48.9293%;\">2.0<\/td>\n<\/tr>\n<tr>\n<td style=\"width: 50.8565%;\">Ilo\u015b\u0107 z\u0119b\u00f3w<\/td>\n<td style=\"width: 48.9293%;\">48<\/td>\n<\/tr>\n<tr>\n<td style=\"width: 50.8565%;\">\u015arednica zewn\u0119trzna [d<sub>A<\/sub>]<\/td>\n<td style=\"width: 48.9293%;\">104 [mm]<\/td>\n<\/tr>\n<tr>\n<td style=\"width: 50.8565%;\">K\u0105t helisy<\/td>\n<td style=\"width: 48.9293%;\">3\u00b051 [\u00b0]<\/td>\n<\/tr>\n<tr>\n<td style=\"width: 50.8565%;\">Maksymalny moment obrotowy [MD]<\/td>\n<td style=\"width: 48.9293%;\">125 [Nm]<\/td>\n<\/tr>\n<tr>\n<td style=\"width: 50.8565%;\">Waga<\/td>\n<td style=\"width: 48.9293%;\">1200 gram\u00f3w<\/td>\n<\/tr>\n<\/tbody>\n<\/table>\n<\/div>","protected":false},"excerpt":{"rendered":"<p>A brass worm wheel is a precision-engineered component made from a special copper-zinc alloy, enhanced with additives like aluminum, silicon, and manganese, offering excellent sliding properties, high strength, and superior wear resistance. At FMP, we pride ourselves on manufacturing a wide range of brass worm wheels, crafted from high-quality brass with a lead content of [&hellip;]<\/p>","protected":false},"featured_media":7206,"comment_status":"open","ping_status":"closed","template":"","meta":{"_et_pb_use_builder":"on","_et_pb_old_content":"A brass worm wheel is a precision-engineered component made from a special copper-zinc alloy, enhanced with additives like aluminum, silicon, and manganese, offering excellent sliding properties, high strength, and superior wear resistance. At FMP, we pride ourselves on manufacturing a wide range of brass worm wheels, crafted from high-quality brass with a lead content of \u22640.1% by weight, ensuring exceptional corrosion resistance, chemical durability due to aluminum, and self-lubricating capabilities for demanding applications. We also offer customization to meet your specific needs. If you don\u2019t find the model you\u2019re looking for in our product list, it simply means we haven\u2019t uploaded it yet\u2014please email us with your requirements, and our engineers will respond within 24 hours with tailored solutions. Trust FMP for reliable brass <a href=\"https:\/\/fmp-components.com\/en\/worm-gear-and-worm-shaft-2\/\">worm gears<\/a> with fast delivery!\r\n<h2>Detail of the Brass Worm Wheel<\/h2>\r\n<table style=\"width: 100%;\" border=\"1\" width=\"100%\" cellspacing=\"0\" cellpadding=\"0\">\r\n<tbody>\r\n<tr style=\"height: 14.40pt;\">\r\n<td style=\"height: 14.4pt; width: 28.3727%;\" width=\"83\" height=\"24\"><img class=\"alignnone size-full wp-image-7197\" src=\"https:\/\/fmp-components.com\/wp-content\/uploads\/2025\/03\/Brass-Worm-Wheel-detail-1.webp\" alt=\"Brass-Worm-Wheel-detail\" width=\"380\" height=\"280\" \/><\/td>\r\n<td style=\"width: 36.7237%;\" align=\"right\" width=\"80\"><img class=\"alignnone size-full wp-image-7201\" src=\"https:\/\/fmp-components.com\/wp-content\/uploads\/2025\/03\/Brass-Worm-Wheel-detail-5.webp\" alt=\"Brass-Worm-Wheel-detail\" width=\"380\" height=\"280\" \/><\/td>\r\n<td style=\"width: 34.6895%;\" align=\"right\" width=\"154\"><img class=\"size-full wp-image-7200 aligncenter\" src=\"https:\/\/fmp-components.com\/wp-content\/uploads\/2025\/03\/Brass-Worm-Wheel-detail-4.webp\" alt=\"Brass-Worm-Wheel-detail\" width=\"380\" height=\"280\" \/><\/td>\r\n<\/tr>\r\n<tr style=\"height: 14.40pt;\">\r\n<td style=\"height: 14.4pt; width: 28.3727%;\" height=\"24\"><img class=\"alignnone size-full wp-image-7198\" src=\"https:\/\/fmp-components.com\/wp-content\/uploads\/2025\/03\/Brass-Worm-Wheel-detail-2.webp\" alt=\"Brass-Worm-Wheel-detail\" width=\"380\" height=\"280\" \/><\/td>\r\n<td style=\"width: 36.7237%;\" align=\"right\"><img class=\"alignnone size-full wp-image-7202\" src=\"https:\/\/fmp-components.com\/wp-content\/uploads\/2025\/03\/Brass-Worm-Wheel-detail-6.webp\" alt=\"Brass-Worm-Wheel-detail\" width=\"380\" height=\"280\" \/><\/td>\r\n<td style=\"width: 34.6895%;\" align=\"right\"><img class=\"alignnone size-full wp-image-7199\" src=\"https:\/\/fmp-components.com\/wp-content\/uploads\/2025\/03\/Brass-Worm-Wheel-detail-3.webp\" alt=\"Brass-Worm-Wheel-detail\" width=\"380\" height=\"280\" \/><\/td>\r\n<\/tr>\r\n<\/tbody>\r\n<\/table>\r\n<h3>Specification<\/h3>\r\nFor more models and specifications, please contact us by email and our experts will respond to you promptly\uff01\r\n<div>\r\n<table style=\"width: 100%;\" border=\"1\" width=\"100%\" cellspacing=\"0\" cellpadding=\"0\">\r\n<thead class=\"border-b border-primary\/20\">\r\n<tr class=\"border-primary\/10\">\r\n<th class=\"break-words\"><strong>Category<\/strong><\/th>\r\n<th class=\"break-words\"><strong>Specification<\/strong><\/th>\r\n<\/tr>\r\n<\/thead>\r\n<tbody>\r\n<tr class=\"border-primary\/10\">\r\n<td class=\"break-words\"><strong>Material<\/strong><\/td>\r\n<td class=\"break-words\">Brass<\/td>\r\n<\/tr>\r\n<tr class=\"border-primary\/10\">\r\n<td class=\"break-words\"><strong>Color<\/strong><\/td>\r\n<td class=\"break-words\">Yellow<\/td>\r\n<\/tr>\r\n<tr class=\"border-primary\/10\">\r\n<td class=\"break-words\"><strong>Modulus<\/strong><\/td>\r\n<td class=\"break-words\">0.5<\/td>\r\n<\/tr>\r\n<tr class=\"border-primary\/10\">\r\n<td class=\"break-words\"><strong>Weight<\/strong><\/td>\r\n<td class=\"break-words\">16g<\/td>\r\n<\/tr>\r\n<tr class=\"border-primary\/10\">\r\n<td class=\"break-words\"><strong>Size of the Worm Wheel<\/strong><\/td>\r\n<td class=\"break-words\"><\/td>\r\n<\/tr>\r\n<tr class=\"border-primary\/10\">\r\n<td class=\"break-words\">- Teeth<\/td>\r\n<td class=\"break-words\">20<\/td>\r\n<\/tr>\r\n<tr class=\"border-primary\/10\">\r\n<td class=\"break-words\">- Teeth Diameter<\/td>\r\n<td class=\"break-words\">11.2mm<\/td>\r\n<\/tr>\r\n<tr class=\"border-primary\/10\">\r\n<td class=\"break-words\">- Height<\/td>\r\n<td class=\"break-words\">12mm \/ 0.47inch<\/td>\r\n<\/tr>\r\n<tr class=\"border-primary\/10\">\r\n<td class=\"break-words\">- Outer Diameter<\/td>\r\n<td class=\"break-words\">11mm \/ 0.43inch<\/td>\r\n<\/tr>\r\n<tr class=\"border-primary\/10\">\r\n<td class=\"break-words\">- Hole Diameter<\/td>\r\n<td class=\"break-words\">4mm \/ 0.16inch<\/td>\r\n<\/tr>\r\n<tr class=\"border-primary\/10\">\r\n<td class=\"break-words\">- Step Size<\/td>\r\n<td class=\"break-words\">9x7mm \/ 0.35x0.27inch (Dia x H)<\/td>\r\n<\/tr>\r\n<tr class=\"border-primary\/10\">\r\n<td class=\"break-words\">- Overall Size<\/td>\r\n<td class=\"break-words\">12x11x4mm \/ 0.47x0.39x0.12inch (H x OD x ID)<\/td>\r\n<\/tr>\r\n<tr class=\"border-primary\/10\">\r\n<td class=\"break-words\"><strong>Size of Worm Gear Shaft<\/strong><\/td>\r\n<td class=\"break-words\"><\/td>\r\n<\/tr>\r\n<tr class=\"border-primary\/10\">\r\n<td class=\"break-words\">- Height<\/td>\r\n<td class=\"break-words\">20mm \/ 0.79inch<\/td>\r\n<\/tr>\r\n<tr class=\"border-primary\/10\">\r\n<td class=\"break-words\">- Outer Diameter<\/td>\r\n<td class=\"break-words\">9.8mm \/ 0.39inch<\/td>\r\n<\/tr>\r\n<tr class=\"border-primary\/10\">\r\n<td class=\"break-words\">- Inner Diameter<\/td>\r\n<td class=\"break-words\">3.17mm \/ 0.12inch<\/td>\r\n<\/tr>\r\n<tr class=\"border-primary\/10\">\r\n<td class=\"break-words\">- Size<\/td>\r\n<td class=\"break-words\">20x9.8x3.17mm \/ 0.79x0.39x0.12inch (H x OD x ID)<\/td>\r\n<\/tr>\r\n<\/tbody>\r\n<\/table>\r\n<h3 class=\"product_title entry-title elementor-heading-title elementor-size-default\">Precision brass worm wheel centre distance 63mm i=48 48 teeth<\/h3>\r\n<table style=\"border-collapse: collapse; width: 94.8769%; height: 66px;\" border=\"0\" width=\"163\" cellspacing=\"0\" cellpadding=\"0\">\r\n<tbody>\r\n<tr style=\"height: 14.40pt;\">\r\n<td style=\"height: 14.40pt; width: 49.80pt;\" width=\"83\" height=\"24\">\u00a0<img class=\"alignnone size-full wp-image-7205\" src=\"https:\/\/fmp-components.com\/wp-content\/uploads\/2025\/03\/Precision-brass-worm-wheel-centre-distance-63mm-i48-48-teeth.webp\" alt=\"Precision-brass- worm-wheel-centre-distance-63mm-i=48-48-teeth\" width=\"1920\" height=\"1920\" \/><\/td>\r\n<td style=\"width: 48.00pt;\" align=\"right\" width=\"80\"><img class=\"alignnone wp-image-7204\" src=\"https:\/\/fmp-components.com\/wp-content\/uploads\/2025\/03\/Precision-brass-worm-wheel-centre-distance-63mm-i48-48-teeth-specification.webp\" alt=\"Precision-brass- worm-wheel-centre-distance-63mm-i=48-48-teeth-specification\" width=\"460\" height=\"460\" \/><\/td>\r\n<\/tr>\r\n<\/tbody>\r\n<\/table>\r\n<table style=\"width: 100%;\" border=\"1\" width=\"100%\" cellspacing=\"0\" cellpadding=\"0\">\r\n<tbody>\r\n<tr>\r\n<td style=\"width: 50.8565%;\">Material<\/td>\r\n<td style=\"width: 48.9293%;\">Brass<\/td>\r\n<\/tr>\r\n<tr>\r\n<td style=\"width: 50.8565%;\">Surface<\/td>\r\n<td style=\"width: 48.9293%;\">Blank<\/td>\r\n<\/tr>\r\n<tr>\r\n<td style=\"width: 50.8565%;\">Ratio [i]<\/td>\r\n<td style=\"width: 48.9293%;\">48 : 1<\/td>\r\n<\/tr>\r\n<tr>\r\n<td style=\"width: 50.8565%;\">Module<\/td>\r\n<td style=\"width: 48.9293%;\">2.0<\/td>\r\n<\/tr>\r\n<tr>\r\n<td style=\"width: 50.8565%;\">No. of teeth<\/td>\r\n<td style=\"width: 48.9293%;\">48<\/td>\r\n<\/tr>\r\n<tr>\r\n<td style=\"width: 50.8565%;\">Outer diameter [d<sub>A<\/sub>]<\/td>\r\n<td style=\"width: 48.9293%;\">104 [mm]<\/td>\r\n<\/tr>\r\n<tr>\r\n<td style=\"width: 50.8565%;\">Helix angle<\/td>\r\n<td style=\"width: 48.9293%;\">3\u00b051 [\u00b0]<\/td>\r\n<\/tr>\r\n<tr>\r\n<td style=\"width: 50.8565%;\">Max. torque [MD]<\/td>\r\n<td style=\"width: 48.9293%;\">125 [Nm]<\/td>\r\n<\/tr>\r\n<tr>\r\n<td style=\"width: 50.8565%;\">Weight<\/td>\r\n<td style=\"width: 48.9293%;\">1200 [g]<\/td>\r\n<\/tr>\r\n<\/tbody>\r\n<\/table>\r\n<\/div>","_et_gb_content_width":""},"product_brand":[],"product_cat":[107],"product_tag":[],"class_list":{"0":"post-7196","1":"product","2":"type-product","3":"status-publish","4":"has-post-thumbnail","6":"product_cat-worm-gear","8":"first","9":"instock","10":"shipping-taxable","11":"product-type-simple"},"_links":{"self":[{"href":"https:\/\/fmp-components.com\/pl\/wp-json\/wp\/v2\/product\/7196","targetHints":{"allow":["GET"]}}],"collection":[{"href":"https:\/\/fmp-components.com\/pl\/wp-json\/wp\/v2\/product"}],"about":[{"href":"https:\/\/fmp-components.com\/pl\/wp-json\/wp\/v2\/types\/product"}],"replies":[{"embeddable":true,"href":"https:\/\/fmp-components.com\/pl\/wp-json\/wp\/v2\/comments?post=7196"}],"wp:featuredmedia":[{"embeddable":true,"href":"https:\/\/fmp-components.com\/pl\/wp-json\/wp\/v2\/media\/7206"}],"wp:attachment":[{"href":"https:\/\/fmp-components.com\/pl\/wp-json\/wp\/v2\/media?parent=7196"}],"wp:term":[{"taxonomy":"product_brand","embeddable":true,"href":"https:\/\/fmp-components.com\/pl\/wp-json\/wp\/v2\/product_brand?post=7196"},{"taxonomy":"product_cat","embeddable":true,"href":"https:\/\/fmp-components.com\/pl\/wp-json\/wp\/v2\/product_cat?post=7196"},{"taxonomy":"product_tag","embeddable":true,"href":"https:\/\/fmp-components.com\/pl\/wp-json\/wp\/v2\/product_tag?post=7196"}],"curies":[{"name":"wp","href":"https:\/\/api.w.org\/{rel}","templated":true}]}}