{"id":7174,"date":"2025-03-20T02:01:26","date_gmt":"2025-03-20T02:01:26","guid":{"rendered":"https:\/\/fmp-components.com\/?post_type=product&#038;p=7174"},"modified":"2025-03-26T08:51:30","modified_gmt":"2025-03-26T08:51:30","slug":"duplex-worm-gear","status":"publish","type":"product","link":"https:\/\/fmp-components.com\/pl\/product\/duplex-worm-gear\/","title":{"rendered":"Przek\u0142adnia \u015blimakowa dupleksowa"},"content":{"rendered":"<p>Przek\u0142adnia \u015blimakowa Duplex to specjalistyczny element mechaniczny przeznaczony do zastosowa\u0144 wymagaj\u0105cych wysokiej precyzji, zapewniaj\u0105cy zwi\u0119kszon\u0105 trwa\u0142o\u015b\u0107 i wydajno\u015b\u0107 w uk\u0142adach przeniesienia nap\u0119du. W firmie FMP z dum\u0105 produkujemy szerok\u0105 gam\u0119 przek\u0142adni \u015blimakowych Duplex. <a href=\"https:\/\/fmp-components.com\/pl\/worm-gear-and-worm-shaft-2\/\">Przek\u0142adnie \u015blimakowe<\/a> W r\u00f3\u017cnych typach i specyfikacjach, aby sprosta\u0107 zr\u00f3\u017cnicowanym potrzebom bran\u017cowym. Oferujemy r\u00f3wnie\u017c rozwi\u0105zania dostosowane do indywidualnych potrzeb. Je\u015bli nie znajdziesz interesuj\u0105cego Ci\u0119 modelu na naszej li\u015bcie produkt\u00f3w, oznacza to po prostu, \u017ce jeszcze go nie dodali\u015bmy \u2014 prosimy o kontakt mailowy z \u017c\u0105danymi specyfikacjami, a nasi wykwalifikowani in\u017cynierowie odpowiedz\u0105 w ci\u0105gu 24 godzin, aby Ci pom\u00f3c.<\/p>\n<p><img loading=\"lazy\" decoding=\"async\" class=\"size-full wp-image-7180 aligncenter\" src=\"https:\/\/fmp-components.com\/wp-content\/uploads\/2025\/03\/duplex-worm-gear-1.webp\" alt=\"przek\u0142adnia \u015blimakowa dupleksowa\" width=\"620\" height=\"420\" title=\"\" srcset=\"https:\/\/fmp-components.com\/wp-content\/uploads\/2025\/03\/duplex-worm-gear-1.webp 620w, https:\/\/fmp-components.com\/wp-content\/uploads\/2025\/03\/duplex-worm-gear-1-480x325.webp 480w\" sizes=\"(min-width: 0px) and (max-width: 480px) 480px, (min-width: 481px) 620px, 100vw\" \/><\/p>\n<h2>Specyfikacja przek\u0142adni \u015blimakowej dupleksowej<\/h2>\n<p>Przek\u0142adnia \u015blimakowa z podw\u00f3jnym skokiem (duplex) odnosi si\u0119 do zestawu przek\u0142adni \u015blimakowej, w kt\u00f3rym dwa boki maj\u0105 subtelnie r\u00f3\u017cne modu\u0142y i ilorazy \u015brednic, co skutkuje r\u00f3\u017cnymi k\u0105tami natarcia na ka\u017cdym profilu z\u0119ba. Taka konstrukcja powoduje stopniowy wzrost grubo\u015bci z\u0119ba wzd\u0142u\u017c d\u0142ugo\u015bci \u015blimaka, a jednocze\u015bnie zw\u0119\u017ca si\u0119 przestrze\u0144 mi\u0119dzy gwintami, umo\u017cliwiaj\u0105c precyzyjn\u0105 kontrol\u0119 luz\u00f3w.<\/p>\n<p>W przypadku ko\u0142a \u015blimakowego te zr\u00f3\u017cnicowane modu\u0142y prowadz\u0105 do unikalnych wsp\u00f3\u0142czynnik\u00f3w modyfikacji dodatk\u00f3w i \u015brednic okr\u0119g\u00f3w tocznych na ka\u017cdym boku, tworz\u0105c odr\u0119bne profile z przodu i z ty\u0142u. Jednak\u017ce grubo\u015b\u0107 z\u0119b\u00f3w i odst\u0119py mi\u0119dzy z\u0119bami pozostaj\u0105 jednolite na ca\u0142ym obwodzie ko\u0142a.<\/p>\n<p>Aby wyregulowa\u0107 luz, \u015blimak jest przesuwany osiowo, ustawiaj\u0105c sekcj\u0119 o odpowiedniej grubo\u015bci z\u0119ba, aby zaz\u0119bi\u0107 si\u0119 z ko\u0142em, uzyskuj\u0105c po\u017c\u0105dany poziom luzu (patrz rys. 1). Ta metoda pozwala na proste dostrojenie luzu do dowolnej preferowanej warto\u015bci podczas monta\u017cu przek\u0142adni. Nawet zu\u017cyte ko\u0142a z\u0119bate mo\u017cna precyzyjnie i p\u0142ynnie regulowa\u0107 bez zmiany styku z\u0119b\u00f3w i problem\u00f3w z zaz\u0119bieniem.<\/p>\n<p>Opr\u00f3cz opisanego podej\u015bcia dupleksowego, inne metody regulacji luzu przek\u0142adni \u015blimakowej obejmuj\u0105: regulacj\u0119 odleg\u0142o\u015bci mi\u0119dzy \u015brodkami poprzez obr\u00f3t piasty mimo\u015brodowej, kt\u00f3ra podtrzymuje wa\u0142 \u015blimakowy i ko\u0142o; osiowe przesuwanie sto\u017ckowego \u015blimaka (rys. 2a); dzielenie \u015blimaka na dwie cz\u0119\u015bci (rys. 2b), kt\u00f3re mo\u017cna obraca\u0107 lub przesuwa\u0107 wzgl\u0119dem siebie (uk\u0142ad Otta); lub dzielenie ko\u0142a na dwie tarcze (rys. 2c), kt\u00f3re mo\u017cna regulowa\u0107, aby by\u0142y bli\u017cej siebie.<\/p>\n<table style=\"width: 100%; height: 28px;\" border=\"1\" width=\"100%\" cellspacing=\"0\" cellpadding=\"0\">\n<tbody>\n<tr style=\"height: 14.40pt;\">\n<td style=\"height: 14px; width: 49.8pt;\" width=\"83\" height=\"24\">\u00a0<img loading=\"lazy\" decoding=\"async\" class=\"alignnone size-full wp-image-7176\" src=\"https:\/\/fmp-components.com\/wp-content\/uploads\/2025\/03\/Duplex-Worms-1.webp\" alt=\"Robaki dupleksowe\" width=\"450\" height=\"450\" title=\"\" srcset=\"https:\/\/fmp-components.com\/wp-content\/uploads\/2025\/03\/Duplex-Worms-1.webp 450w, https:\/\/fmp-components.com\/wp-content\/uploads\/2025\/03\/Duplex-Worms-1-300x300.webp 300w, https:\/\/fmp-components.com\/wp-content\/uploads\/2025\/03\/Duplex-Worms-1-150x150.webp 150w, https:\/\/fmp-components.com\/wp-content\/uploads\/2025\/03\/Duplex-Worms-1-12x12.webp 12w, https:\/\/fmp-components.com\/wp-content\/uploads\/2025\/03\/Duplex-Worms-1-100x100.webp 100w\" sizes=\"(max-width: 450px) 100vw, 450px\" \/><\/td>\n<td style=\"width: 48pt; height: 14px;\" align=\"right\" width=\"80\"><img loading=\"lazy\" decoding=\"async\" class=\"alignnone size-full wp-image-7175\" src=\"https:\/\/fmp-components.com\/wp-content\/uploads\/2025\/03\/Duplex-Worms-2.webp\" alt=\"Robaki dupleksowe\" width=\"450\" height=\"450\" title=\"\" srcset=\"https:\/\/fmp-components.com\/wp-content\/uploads\/2025\/03\/Duplex-Worms-2.webp 450w, https:\/\/fmp-components.com\/wp-content\/uploads\/2025\/03\/Duplex-Worms-2-300x300.webp 300w, https:\/\/fmp-components.com\/wp-content\/uploads\/2025\/03\/Duplex-Worms-2-150x150.webp 150w, https:\/\/fmp-components.com\/wp-content\/uploads\/2025\/03\/Duplex-Worms-2-12x12.webp 12w, https:\/\/fmp-components.com\/wp-content\/uploads\/2025\/03\/Duplex-Worms-2-100x100.webp 100w\" sizes=\"(max-width: 450px) 100vw, 450px\" \/><\/td>\n<\/tr>\n<tr style=\"height: 14.40pt;\">\n<td style=\"height: 14px; text-align: center;\" height=\"24\"><strong>rys. 1<\/strong><\/td>\n<td style=\"height: 14px; text-align: center;\" align=\"right\"><strong>rys. 2<\/strong><\/td>\n<\/tr>\n<\/tbody>\n<\/table>\n<div>\n<h3 class=\"break-words\">Uwaga dotycz\u0105ca monta\u017cu<\/h3>\n<p class=\"break-words\">Przek\u0142adnie \u015blimakowe typu duplex charakteryzuj\u0105 si\u0119 r\u00f3\u017cnymi modu\u0142ami na prawej i lewej powierzchni z\u0119ba, co sprawia, \u017ce \u200b\u200bprawid\u0142owe ustawienie \u015blimaka i ko\u0142a \u015blimakowego jest niezb\u0119dne. Przed monta\u017cem nale\u017cy dok\u0142adnie sprawdzi\u0107 poni\u017csze dwa punkty.<\/p>\n<ol class=\"marker:text-secondary\">\n<li class=\"break-words\">Potwierdzenie orientacji zespo\u0142u<br \/>\nZar\u00f3wno \u015blimak, jak i \u015blimacznica s\u0105 oznaczone strza\u0142k\u0105 wskazuj\u0105c\u0105 prawid\u0142owy kierunek monta\u017cu. Podczas monta\u017cu nale\u017cy ustawi\u0107 \u015blimak i \u015blimacznic\u0119 tak, aby strza\u0142ka na \u015blimaku pokrywa\u0142a si\u0119 z kierunkiem strza\u0142ki na \u015blimacznicy, widocznej z przodu. Nieprawid\u0142owe ustawienie osi \u201ea\u201d przekroczy standardowy wymiar, co mo\u017ce prowadzi\u0107 do problem\u00f3w z monta\u017cem i s\u0142abego zaz\u0119bienia k\u00f3\u0142 z\u0119batych. (Patrz rys. 3)<\/li>\n<\/ol>\n<p><img loading=\"lazy\" decoding=\"async\" class=\"alignnone size-full wp-image-7179\" src=\"https:\/\/fmp-components.com\/wp-content\/uploads\/2025\/03\/Duplex-Worms-3.webp\" alt=\"Robaki dupleksowe\" width=\"900\" height=\"500\" title=\"\" srcset=\"https:\/\/fmp-components.com\/wp-content\/uploads\/2025\/03\/Duplex-Worms-3.webp 900w, https:\/\/fmp-components.com\/wp-content\/uploads\/2025\/03\/Duplex-Worms-3-480x267.webp 480w\" sizes=\"(min-width: 0px) and (max-width: 480px) 480px, (min-width: 481px) 900px, 100vw\" \/><\/p>\n<p style=\"text-align: center;\"><strong>rys.3<\/strong><\/p>\n<p>Rys. 3. Strza\u0142ka wskazuje prawid\u0142ow\u0105 orientacj\u0119 dw\u00f3ch k\u00f3\u0142 z\u0119batych po z\u0142o\u017ceniu. Jak pokazano, strza\u0142ki musz\u0105 by\u0107 skierowane w tym samym kierunku.<\/p>\n<p class=\"adj\"><span class=\"bold\">2. Weryfikacja pozycji odniesienia<\/span><br \/>\nRowek w kszta\u0142cie litery V (60 \u309c, linia o g\u0142\u0119boko\u015bci 0,3 mm) na obwodzie ko\u0144c\u00f3wki z\u0119ba \u015blimaka dwurz\u0119dowego oznacza z\u0105b odniesienia. Zestaw k\u00f3\u0142 z\u0119batych ma luz bliski zeru (\u00b1 0,045), gdy z\u0105b odniesienia jest ustawiony w linii ze \u015brodkiem obrotu ko\u0142a \u015blimakowego, a odleg\u0142o\u015b\u0107 mi\u0119dzy \u015brodkami ustawiono na warto\u015b\u0107 \u201ea\u201d. (Rys. 4)<\/p>\n<p><img loading=\"lazy\" decoding=\"async\" class=\"alignnone size-full wp-image-7178\" src=\"https:\/\/fmp-components.com\/wp-content\/uploads\/2025\/03\/Duplex-Worms-4.webp\" alt=\"Robaki dupleksowe\" width=\"900\" height=\"400\" title=\"\" srcset=\"https:\/\/fmp-components.com\/wp-content\/uploads\/2025\/03\/Duplex-Worms-4.webp 900w, https:\/\/fmp-components.com\/wp-content\/uploads\/2025\/03\/Duplex-Worms-4-480x213.webp 480w\" sizes=\"(min-width: 0px) and (max-width: 480px) 480px, (min-width: 481px) 900px, 100vw\" \/><\/p>\n<p style=\"text-align: center;\"><strong>rys. 4<\/strong><\/p>\n<h3>Przyk\u0142ad zastosowania<\/h3>\n<p><img loading=\"lazy\" decoding=\"async\" class=\"alignnone size-full wp-image-7187\" src=\"https:\/\/fmp-components.com\/wp-content\/uploads\/2025\/03\/Duplex-Worm-gear-application.webp\" alt=\"Zastosowanie przek\u0142adni \u015blimakowej Duplex\" width=\"1240\" height=\"391\" title=\"\" srcset=\"https:\/\/fmp-components.com\/wp-content\/uploads\/2025\/03\/Duplex-Worm-gear-application.webp 1240w, https:\/\/fmp-components.com\/wp-content\/uploads\/2025\/03\/Duplex-Worm-gear-application-980x309.webp 980w, https:\/\/fmp-components.com\/wp-content\/uploads\/2025\/03\/Duplex-Worm-gear-application-480x151.webp 480w\" sizes=\"(min-width: 0px) and (max-width: 480px) 480px, (min-width: 481px) and (max-width: 980px) 980px, (min-width: 981px) 1240px, 100vw\" \/><\/p>\n<p>Powy\u017csze ilustracje stanowi\u0105 jedynie przyk\u0142ady projekt\u00f3w i nie odzwierciedlaj\u0105 projekt\u00f3w rzeczywistych maszyn lub urz\u0105dze\u0144.<\/p>\n<h3>Powi\u0105zany produkt<\/h3>\n<p>To tylko cz\u0119\u015b\u0107 produkt\u00f3w, skontaktuj si\u0119 z nami, aby uzyska\u0107 wi\u0119cej produkt\u00f3w<\/p>\n<p><img loading=\"lazy\" decoding=\"async\" class=\"size-full wp-image-7190 aligncenter\" src=\"https:\/\/fmp-components.com\/wp-content\/uploads\/2025\/03\/duplex-worm-gear-product-2.webp\" alt=\"przek\u0142adnia \u015blimakowa dupleksowa\" width=\"1000\" height=\"700\" title=\"\" srcset=\"https:\/\/fmp-components.com\/wp-content\/uploads\/2025\/03\/duplex-worm-gear-product-2.webp 1000w, https:\/\/fmp-components.com\/wp-content\/uploads\/2025\/03\/duplex-worm-gear-product-2-980x686.webp 980w, https:\/\/fmp-components.com\/wp-content\/uploads\/2025\/03\/duplex-worm-gear-product-2-480x336.webp 480w\" sizes=\"(min-width: 0px) and (max-width: 480px) 480px, (min-width: 481px) and (max-width: 980px) 980px, (min-width: 981px) 1000px, 100vw\" \/><\/p>\n<\/div>","protected":false},"excerpt":{"rendered":"<p>A Duplex Worm Gear is a specialized mechanical component designed for high-precision applications, offering enhanced durability and efficiency in power transmission systems. At FMP Company, we proudly manufacture a wide range of Duplex Worm Gears in various types and specifications to meet diverse industry needs. We also offer customized solutions tailored to your unique requirements. [&hellip;]<\/p>","protected":false},"featured_media":7188,"comment_status":"open","ping_status":"closed","template":"","meta":{"_et_pb_use_builder":"","_et_pb_old_content":"","_et_gb_content_width":""},"product_brand":[],"product_cat":[107],"product_tag":[],"class_list":{"0":"post-7174","1":"product","2":"type-product","3":"status-publish","4":"has-post-thumbnail","6":"product_cat-worm-gear","8":"first","9":"instock","10":"shipping-taxable","11":"product-type-simple"},"_links":{"self":[{"href":"https:\/\/fmp-components.com\/pl\/wp-json\/wp\/v2\/product\/7174","targetHints":{"allow":["GET"]}}],"collection":[{"href":"https:\/\/fmp-components.com\/pl\/wp-json\/wp\/v2\/product"}],"about":[{"href":"https:\/\/fmp-components.com\/pl\/wp-json\/wp\/v2\/types\/product"}],"replies":[{"embeddable":true,"href":"https:\/\/fmp-components.com\/pl\/wp-json\/wp\/v2\/comments?post=7174"}],"wp:featuredmedia":[{"embeddable":true,"href":"https:\/\/fmp-components.com\/pl\/wp-json\/wp\/v2\/media\/7188"}],"wp:attachment":[{"href":"https:\/\/fmp-components.com\/pl\/wp-json\/wp\/v2\/media?parent=7174"}],"wp:term":[{"taxonomy":"product_brand","embeddable":true,"href":"https:\/\/fmp-components.com\/pl\/wp-json\/wp\/v2\/product_brand?post=7174"},{"taxonomy":"product_cat","embeddable":true,"href":"https:\/\/fmp-components.com\/pl\/wp-json\/wp\/v2\/product_cat?post=7174"},{"taxonomy":"product_tag","embeddable":true,"href":"https:\/\/fmp-components.com\/pl\/wp-json\/wp\/v2\/product_tag?post=7174"}],"curies":[{"name":"wp","href":"https:\/\/api.w.org\/{rel}","templated":true}]}}