{"id":7168,"date":"2025-03-20T01:19:21","date_gmt":"2025-03-20T01:19:21","guid":{"rendered":"https:\/\/fmp-components.com\/?post_type=product&#038;p=7168"},"modified":"2025-03-26T08:52:09","modified_gmt":"2025-03-26T08:52:09","slug":"stainless-steel-worm-gear-for-cnc-machinery","status":"publish","type":"product","link":"https:\/\/fmp-components.com\/pl\/product\/stainless-steel-worm-gear-for-cnc-machinery\/","title":{"rendered":"Przek\u0142adnia \u015blimakowa ze stali nierdzewnej do maszyn CNC"},"content":{"rendered":"<p>W firmie FMP specjalizujemy si\u0119 w produkcji szerokiej gamy wyrob\u00f3w ze stali nierdzewnej <a href=\"https:\/\/fmp-components.com\/pl\/worm-gear-and-worm-shaft-2\/\">Przek\u0142adnie \u015blimakowe<\/a> Zaprojektowane, aby sprosta\u0107 zr\u00f3\u017cnicowanym potrzebom przemys\u0142u. Opr\u00f3cz naszego obszernego katalogu, oferujemy r\u00f3wnie\u017c rozwi\u0105zania niestandardowe, dostosowane do Twoich specyficznych wymaga\u0144. Je\u015bli nie znajdziesz na naszej li\u015bcie produkt\u00f3w dok\u0142adnie takiego modelu, jakiego szukasz, prawdopodobnie nie mieli\u015bmy jeszcze okazji jej zaktualizowa\u0107. Skontaktuj si\u0119 z nami mailowo, podaj\u0105c szczeg\u00f3\u0142y dotycz\u0105ce potrzebnego modelu, a nasi in\u017cynierowie odpowiedz\u0105 w ci\u0105gu 24 godzin, aby Ci pom\u00f3c.<\/p>\n<p><img loading=\"lazy\" decoding=\"async\" class=\"size-full wp-image-7172 aligncenter\" src=\"https:\/\/fmp-components.com\/wp-content\/uploads\/2025\/03\/Stainless-Steel-Worm-Gear-for-CNC-Machinery-4.webp\" alt=\"Przek\u0142adnia \u015blimakowa ze stali nierdzewnej do maszyn CNC\" width=\"500\" height=\"600\" title=\"\" srcset=\"https:\/\/fmp-components.com\/wp-content\/uploads\/2025\/03\/Stainless-Steel-Worm-Gear-for-CNC-Machinery-4.webp 500w, https:\/\/fmp-components.com\/wp-content\/uploads\/2025\/03\/Stainless-Steel-Worm-Gear-for-CNC-Machinery-4-480x576.webp 480w\" sizes=\"(min-width: 0px) and (max-width: 480px) 480px, (min-width: 481px) 500px, 100vw\" \/><\/p>\n<h2>Parametry produktu<\/h2>\n<div class=\"rich-text-table\">\n<table border=\"1\">\n<colgroup>\n<col \/>\n<col \/><\/colgroup>\n<tbody>\n<tr>\n<td>Nazwa produktu<\/td>\n<td>Przek\u0142adnia \u015blimakowa i ko\u0142o \u015blimakowe<\/td>\n<\/tr>\n<tr>\n<td>Dost\u0119pne materia\u0142y<\/td>\n<td>Stal nierdzewna, stal w\u0119glowa, mosi\u0105dz, br\u0105z, \u017celazo, stop aluminium, mied\u017a, plastik, nylon, PA66, MC, PEER, MSM, POM, sk\u00f3ra itp.<\/td>\n<\/tr>\n<tr>\n<td>Obr\u00f3bka cieplna<\/td>\n<td>Hartowanie i odpuszczanie, naw\u0119glanie i hartowanie, hartowanie wysokocz\u0119stotliwo\u015bciowe, w\u0119gloazotowanie\u2026<\/td>\n<\/tr>\n<tr>\n<td>Obr\u00f3bka powierzchni<\/td>\n<td>Naw\u0119glanie i hartowanie, odpuszczanie, hartowanie powierzchni z\u0119b\u00f3w, hartowanie, odpuszczanie<\/td>\n<\/tr>\n<tr>\n<td>NUDZIARZ<\/td>\n<td>Otw\u00f3r gotowy, otw\u00f3r pilotuj\u0105cy, specjalne zam\u00f3wienie<\/td>\n<\/tr>\n<tr>\n<td>Metoda przetwarzania<\/td>\n<td>Formowanie, struganie, frezowanie, wiercenie, gwintowanie, rozwiercanie, r\u0119czne fazowanie, szlifowanie itp.<\/td>\n<\/tr>\n<tr>\n<td>K\u0105t ci\u015bnienia<\/td>\n<td>20 stopni<\/td>\n<\/tr>\n<tr>\n<td>Twardo\u015b\u0107<\/td>\n<td>55-60HRC<\/td>\n<\/tr>\n<tr>\n<td>Rozmiar<\/td>\n<td>Rysunki klienta i norma ISO<\/td>\n<\/tr>\n<tr>\n<td>Pakiet<\/td>\n<td>Skrzynia\/kontener drewniany i paleta lub na zam\u00f3wienie<\/td>\n<\/tr>\n<tr>\n<td>Certyfikat<\/td>\n<td>ISO9001:2008<\/td>\n<\/tr>\n<tr>\n<td>Aplikacje<\/td>\n<td>Maszyny elektryczne, maszyny metalurgiczne, maszyny do ochrony \u015brodowiska, urz\u0105dzenia elektroniczne i elektryczne, maszyny do budowy dr\u00f3g, maszyny chemiczne, maszyny do \u017cywno\u015bci, lekkie maszyny przemys\u0142owe, maszyny g\u00f3rnicze, maszyny transportowe, maszyny budowlane, maszyny do materia\u0142\u00f3w budowlanych, maszyny do produkcji cementu, maszyny do produkcji gumy, maszyny do ochrony w\u00f3d i maszyny do przetw\u00f3rstwa ropy naftowej<\/td>\n<\/tr>\n<tr>\n<td>Proces obr\u00f3bki<\/td>\n<td>Przygotowanie materia\u0142u, normalizowanie, toczenie zgrubne, hartowanie i odpuszczanie, p\u00f3\u0142dok\u0142adne toczenie zewn\u0119trznego okr\u0119gu, zgrubne toczenie powierzchni spiralnej, toczenie dok\u0142adne (szlifowanie precyzyjne) wewn\u0119trznej powierzchni czo\u0142owej otworu, rowek wpustowy, p\u00f3\u0142dok\u0142adne toczenie powierzchni spiralnej, szczypce (pozosta\u0142e niekompletne z\u0119by), p\u00f3\u0142dok\u0142adne szlifowanie zewn\u0119trznego okr\u0119gu, p\u00f3\u0142dok\u0142adne szlifowanie powierzchni spiralnej, szlifowanie otworu \u015brodkowego, delikatne szlifowanie pier\u015bcienia zewn\u0119trznego, drobne zarysowanie powierzchni \u015brubowej, kontrola gotowego produktu.<\/td>\n<\/tr>\n<tr>\n<td>Zalety<\/td>\n<td>1. Wyprodukuj zgodnie ze standardami wymiarowymi ANSI lub DIN<br \/>\n2. Materia\u0142: stal SCM 415<br \/>\n3. Otw\u00f3r: Otw\u00f3r gotowy<br \/>\n4. Klasa dok\u0142adno\u015bci: DIN 5 do DIN 7<br \/>\n5. Obr\u00f3bka powierzchniowa: naw\u0119glanie i hartowanie<br \/>\n6. Modu\u0142: Od 1 do 4<br \/>\n7. Z\u0105b: od Z15 do Z70<\/td>\n<\/tr>\n<\/tbody>\n<\/table>\n<\/div>\n<h2>Specyfikacja:<\/h2>\n<div class=\"rich-text-table\">\n<table border=\"1\">\n<tbody>\n<tr>\n<td colspan=\"2\">Numer<\/td>\n<td rowspan=\"2\">Liczba z\u0119b\u00f3w<\/td>\n<td colspan=\"2\">\u015arednica otworu wa\u0142u AH7 (co 1 mm)<\/td>\n<td rowspan=\"2\">Kierunek skr\u0119cania<\/td>\n<td rowspan=\"2\">B<\/td>\n<td rowspan=\"2\">C<\/td>\n<td rowspan=\"2\">D<\/td>\n<td rowspan=\"2\">mi<\/td>\n<td rowspan=\"2\">F<\/td>\n<td rowspan=\"2\">G<\/td>\n<\/tr>\n<tr>\n<td>Typ<\/td>\n<td>Modu\u0142<\/td>\n<td>Przew\u00f3d prosty Przew\u00f3d prosty + gwint<\/td>\n<td>Wpust + gwint<\/td>\n<\/tr>\n<tr>\n<td rowspan=\"22\">Prosty otw\u00f3r<\/p>\n<p>Prosty otw\u00f3r + gwint<\/p>\n<p>Wpust + gwint<\/td>\n<td rowspan=\"5\">1.0<\/td>\n<td>20<\/td>\n<td>6<\/td>\n<td>8<\/td>\n<td rowspan=\"22\">L(Lewy)<\/p>\n<p>R(Prawy)<\/td>\n<td>17<\/td>\n<td>20<\/td>\n<td>22<\/td>\n<td colspan=\"1\" rowspan=\"5\">8<\/td>\n<td rowspan=\"5\">10<\/td>\n<td rowspan=\"5\">18<\/td>\n<\/tr>\n<tr>\n<td>22~ 28<\/td>\n<td>8<\/td>\n<td>8~13<\/td>\n<td>18~20<\/td>\n<td>22~28<\/td>\n<td>24~30<\/td>\n<\/tr>\n<tr>\n<td>30~48<\/td>\n<td>10<\/td>\n<td>10~17<\/td>\n<td>25~30<\/td>\n<td>30~48<\/td>\n<td>32~50<\/td>\n<\/tr>\n<tr>\n<td>50~70<\/td>\n<td>12<\/td>\n<td>12~17<\/td>\n<td>35~40<\/td>\n<td>50~70<\/td>\n<td colspan=\"1\">52~72<\/td>\n<\/tr>\n<tr>\n<td>80~100<\/td>\n<td>15<\/td>\n<td>15~30<\/td>\n<td>50<\/td>\n<td>80~100<\/td>\n<td colspan=\"1\">82~102<\/td>\n<\/tr>\n<tr>\n<td rowspan=\"4\">1.5<\/td>\n<td>20~26<\/td>\n<td>12<\/td>\n<td>12~17<\/td>\n<td>24~32<\/td>\n<td>30~39<\/td>\n<td colspan=\"1\">33~42<\/td>\n<td colspan=\"1\" rowspan=\"4\">12<\/td>\n<td rowspan=\"4\">12<\/td>\n<td rowspan=\"4\">24<\/td>\n<\/tr>\n<tr>\n<td>28~44<\/td>\n<td>15<\/td>\n<td>15~30<\/td>\n<td>36~50<\/td>\n<td>42~67.5<\/td>\n<td colspan=\"1\">45~70.5<\/td>\n<\/tr>\n<tr>\n<td>45~52<\/td>\n<td>18<\/td>\n<td>18~40<\/td>\n<td>50~60<\/td>\n<td>72~78<\/td>\n<td colspan=\"1\">75~81<\/td>\n<\/tr>\n<tr>\n<td>60~100<\/td>\n<td>20<\/td>\n<td>20-50<\/td>\n<td>60~70<\/td>\n<td>90~150<\/td>\n<td colspan=\"1\">93\u00b7153<\/td>\n<\/tr>\n<tr>\n<td rowspan=\"5\">2.0<\/td>\n<td>15~18<\/td>\n<td>12<\/td>\n<td>12~17<\/td>\n<td>24~30<\/td>\n<td>30~36<\/td>\n<td>34~40<\/td>\n<td colspan=\"1\" rowspan=\"5\">16<\/td>\n<td rowspan=\"5\">13<\/td>\n<td rowspan=\"5\">29<\/td>\n<\/tr>\n<tr>\n<td>20~28<\/td>\n<td>15<\/td>\n<td>15\u00b722<\/td>\n<td>32~45<\/td>\n<td>40~56<\/td>\n<td>44~60<\/td>\n<\/tr>\n<tr>\n<td>30~36<\/td>\n<td>18<\/td>\n<td>18~40<\/td>\n<td>50<\/td>\n<td>60~72<\/td>\n<td>64~76<\/td>\n<\/tr>\n<tr>\n<td>40~48<\/td>\n<td>20<\/td>\n<td>20~44<\/td>\n<td>60<\/td>\n<td>80~96<\/td>\n<td>84~100<\/td>\n<\/tr>\n<tr>\n<td>50~100<\/td>\n<td>25<\/td>\n<td>25~60<\/td>\n<td>60~100<\/td>\n<td>100~200<\/td>\n<td>104~204<\/td>\n<\/tr>\n<tr>\n<td rowspan=\"4\">2.5<\/td>\n<td>15~18<\/td>\n<td>15<\/td>\n<td>15~30<\/td>\n<td>30~38<\/td>\n<td>37.5~45<\/td>\n<td>42.5~50<\/td>\n<td colspan=\"1\" rowspan=\"4\">20<\/td>\n<td rowspan=\"4\">14<\/td>\n<td rowspan=\"4\">34<\/td>\n<\/tr>\n<tr>\n<td>20~24<\/td>\n<td>18<\/td>\n<td>18~40<\/td>\n<td>40~48<\/td>\n<td>50~60<\/td>\n<td>55~65<\/td>\n<\/tr>\n<tr>\n<td>25~36<\/td>\n<td>20<\/td>\n<td>20~50<\/td>\n<td>50~70<\/td>\n<td>62.5~90<\/td>\n<td>67.5~95<\/td>\n<\/tr>\n<tr>\n<td>40~60<\/td>\n<td>25<\/td>\n<td>25~70<\/td>\n<td>70~80<\/td>\n<td>90~150<\/td>\n<td>95~155<\/td>\n<\/tr>\n<tr>\n<td rowspan=\"4\">3.0<\/td>\n<td>15~18<\/td>\n<td>18<\/td>\n<td>18~22<\/td>\n<td>36~40<\/td>\n<td>45~54<\/td>\n<td>51~60<\/td>\n<td colspan=\"1\" rowspan=\"4\">25<\/td>\n<td rowspan=\"4\">16<\/td>\n<td rowspan=\"4\">4<\/td>\n<\/tr>\n<\/tbody>\n<\/table>\n<h3>Powi\u0105zany produkt<\/h3>\n<p><img loading=\"lazy\" decoding=\"async\" class=\"alignnone size-full wp-image-7170\" src=\"https:\/\/fmp-components.com\/wp-content\/uploads\/2025\/03\/Stainless-Steel-Worm-Gear-for-CNC-Machinery-3.webp\" alt=\"Przek\u0142adnia \u015blimakowa ze stali nierdzewnej do maszyn CNC\" width=\"1000\" height=\"400\" title=\"\" srcset=\"https:\/\/fmp-components.com\/wp-content\/uploads\/2025\/03\/Stainless-Steel-Worm-Gear-for-CNC-Machinery-3.webp 1000w, https:\/\/fmp-components.com\/wp-content\/uploads\/2025\/03\/Stainless-Steel-Worm-Gear-for-CNC-Machinery-3-980x392.webp 980w, https:\/\/fmp-components.com\/wp-content\/uploads\/2025\/03\/Stainless-Steel-Worm-Gear-for-CNC-Machinery-3-480x192.webp 480w\" sizes=\"(min-width: 0px) and (max-width: 480px) 480px, (min-width: 481px) and (max-width: 980px) 980px, (min-width: 981px) 1000px, 100vw\" \/><\/p>\n<p>Pragniemy podkre\u015bli\u0107, \u017ce firma FMP z dum\u0105 produkuje r\u00f3wnie\u017c przek\u0142adnie \u015blimakowe ze stali nierdzewnej, zaprojektowane specjalnie z my\u015bl\u0105 o spe\u0142nieniu rygorystycznych wymaga\u0144 przemys\u0142u spo\u017cywczego. Przek\u0142adnie te s\u0105 wykonane z precyzj\u0105, co gwarantuje trwa\u0142o\u015b\u0107, odporno\u015b\u0107 na korozj\u0119 i zgodno\u015b\u0107 z normami higienicznymi, co czyni je idealnym wyborem do zastosowa\u0144 w przetw\u00f3rstwie \u017cywno\u015bci. W przypadku jakichkolwiek pyta\u0144 lub w\u0105tpliwo\u015bci dotycz\u0105cych naszych przek\u0142adni \u015blimakowych ze stali nierdzewnej, prosimy o kontakt. Nasz dedykowany zesp\u00f3\u0142 jest gotowy do natychmiastowej pomocy, oferuj\u0105c rozwi\u0105zania dostosowane do indywidualnych potrzeb, kt\u00f3re usprawni\u0105 Pa\u0144stwa dzia\u0142alno\u015b\u0107. Skontaktuj si\u0119 z nami ju\u017c dzi\u015b, aby om\u00f3wi\u0107 swoje potrzeby!<\/p>\n<p><img loading=\"lazy\" decoding=\"async\" class=\"alignnone size-full wp-image-7173\" src=\"https:\/\/fmp-components.com\/wp-content\/uploads\/2025\/03\/Stainless-Steel-Worm-Gearbox.webp\" alt=\"Przek\u0142adnia \u015blimakowa ze stali nierdzewnej\" width=\"1000\" height=\"668\" title=\"\" srcset=\"https:\/\/fmp-components.com\/wp-content\/uploads\/2025\/03\/Stainless-Steel-Worm-Gearbox.webp 1000w, https:\/\/fmp-components.com\/wp-content\/uploads\/2025\/03\/Stainless-Steel-Worm-Gearbox-980x655.webp 980w, https:\/\/fmp-components.com\/wp-content\/uploads\/2025\/03\/Stainless-Steel-Worm-Gearbox-480x321.webp 480w\" sizes=\"(min-width: 0px) and (max-width: 480px) 480px, (min-width: 481px) and (max-width: 980px) 980px, (min-width: 981px) 1000px, 100vw\" \/><\/p>\n<\/div>","protected":false},"excerpt":{"rendered":"<p>At FMP Company, we specialize in manufacturing a wide range of Stainless Steel Worm Gears designed to meet diverse industrial needs. In addition to our extensive catalog, we also offer custom solutions tailored to your specific requirements. If you don\u2019t find the exact model you\u2019re looking for in our product list, it\u2019s likely we haven\u2019t [&hellip;]<\/p>","protected":false},"featured_media":7169,"comment_status":"open","ping_status":"closed","template":"","meta":{"_et_pb_use_builder":"","_et_pb_old_content":"","_et_gb_content_width":""},"product_brand":[],"product_cat":[107],"product_tag":[],"class_list":{"0":"post-7168","1":"product","2":"type-product","3":"status-publish","4":"has-post-thumbnail","6":"product_cat-worm-gear","8":"first","9":"instock","10":"shipping-taxable","11":"product-type-simple"},"_links":{"self":[{"href":"https:\/\/fmp-components.com\/pl\/wp-json\/wp\/v2\/product\/7168","targetHints":{"allow":["GET"]}}],"collection":[{"href":"https:\/\/fmp-components.com\/pl\/wp-json\/wp\/v2\/product"}],"about":[{"href":"https:\/\/fmp-components.com\/pl\/wp-json\/wp\/v2\/types\/product"}],"replies":[{"embeddable":true,"href":"https:\/\/fmp-components.com\/pl\/wp-json\/wp\/v2\/comments?post=7168"}],"wp:featuredmedia":[{"embeddable":true,"href":"https:\/\/fmp-components.com\/pl\/wp-json\/wp\/v2\/media\/7169"}],"wp:attachment":[{"href":"https:\/\/fmp-components.com\/pl\/wp-json\/wp\/v2\/media?parent=7168"}],"wp:term":[{"taxonomy":"product_brand","embeddable":true,"href":"https:\/\/fmp-components.com\/pl\/wp-json\/wp\/v2\/product_brand?post=7168"},{"taxonomy":"product_cat","embeddable":true,"href":"https:\/\/fmp-components.com\/pl\/wp-json\/wp\/v2\/product_cat?post=7168"},{"taxonomy":"product_tag","embeddable":true,"href":"https:\/\/fmp-components.com\/pl\/wp-json\/wp\/v2\/product_tag?post=7168"}],"curies":[{"name":"wp","href":"https:\/\/api.w.org\/{rel}","templated":true}]}}