{"id":7154,"date":"2025-03-19T07:41:52","date_gmt":"2025-03-19T07:41:52","guid":{"rendered":"https:\/\/fmp-components.com\/?post_type=product&#038;p=7154"},"modified":"2025-03-26T08:51:49","modified_gmt":"2025-03-26T08:51:49","slug":"customized-worm-gear-set","status":"publish","type":"product","link":"https:\/\/fmp-components.com\/pl\/product\/customized-worm-gear-set\/","title":{"rendered":"Zestaw przek\u0142adni \u015blimakowej dostosowany do potrzeb klienta"},"content":{"rendered":"<h2>Zestawy przek\u0142adni \u015blimakowych na zam\u00f3wienie<\/h2>\n<p>Zestawy przek\u0142adni \u015blimakowych na zam\u00f3wienie s\u0105 produkowane w r\u00f3\u017cnych wzorach i materia\u0142ach, zgodnie ze specyfikacjami klienta.<\/p>\n<p>FMP oferuje zestawy przek\u0142adni z\u0119batych na zam\u00f3wienie z rozstawem osiowym od 17 do 210 mm i maksymaln\u0105 \u015brednic\u0105 ko\u0142a \u015blimakowego 300 mm. W razie potrzeby FMP oblicza dane profilu z\u0119ba, definiuje materia\u0142 i obr\u00f3bk\u0119 powierzchni oraz udziela konsultacji w zakresie smarowania i obci\u0105\u017ce\u0144 momentem obrotowym.<\/p>\n<p>FMP posiada wieloletnie do\u015bwiadczenie w produkcji <a href=\"https:\/\/fmp-components.com\/pl\/worm-gear-and-worm-shaft-2\/\">zestawy przek\u0142adni \u015blimakowych<\/a>, co oznacza, \u017ce \u200b\u200bnasi klienci polegaj\u0105 g\u0142\u00f3wnie na istniej\u0105cych narz\u0119dziach do obr\u00f3bki k\u00f3\u0142 z\u0119batych, szczeg\u00f3lnie w przypadku kr\u00f3tkich termin\u00f3w dostaw i ma\u0142ych ilo\u015bci. Dlatego procedura musi by\u0107 sprawdzana indywidualnie. W tym celu mo\u017cna skontaktowa\u0107 si\u0119 z nami osobi\u015bcie lub skorzysta\u0107 z formularza zapytania.<\/p>\n<table style=\"width: 100%;\" border=\"1\" width=\"100%\" cellspacing=\"0\" cellpadding=\"0\">\n<tbody>\n<tr style=\"height: 14.40pt;\">\n<td style=\"height: 14.40pt; width: 49.80pt;\" width=\"83\" height=\"24\"><img loading=\"lazy\" decoding=\"async\" class=\"size-full wp-image-7158 aligncenter\" src=\"https:\/\/fmp-components.com\/wp-content\/uploads\/2025\/03\/Worm-Gear-Set-Product-3.webp\" alt=\"Zestaw przek\u0142adni \u015blimakowej\" width=\"1000\" height=\"667\" title=\"\" srcset=\"https:\/\/fmp-components.com\/wp-content\/uploads\/2025\/03\/Worm-Gear-Set-Product-3.webp 1000w, https:\/\/fmp-components.com\/wp-content\/uploads\/2025\/03\/Worm-Gear-Set-Product-3-980x654.webp 980w, https:\/\/fmp-components.com\/wp-content\/uploads\/2025\/03\/Worm-Gear-Set-Product-3-480x320.webp 480w\" sizes=\"(min-width: 0px) and (max-width: 480px) 480px, (min-width: 481px) and (max-width: 980px) 980px, (min-width: 981px) 1000px, 100vw\" \/><\/td>\n<td style=\"width: 48.00pt;\" align=\"right\" width=\"80\"><img loading=\"lazy\" decoding=\"async\" class=\"size-full wp-image-7157 alignnone\" src=\"https:\/\/fmp-components.com\/wp-content\/uploads\/2025\/03\/Worm-Gear-Set-Product-4.webp\" alt=\"Zestaw przek\u0142adni \u015blimakowej\" width=\"1000\" height=\"658\" title=\"\" srcset=\"https:\/\/fmp-components.com\/wp-content\/uploads\/2025\/03\/Worm-Gear-Set-Product-4.webp 1000w, https:\/\/fmp-components.com\/wp-content\/uploads\/2025\/03\/Worm-Gear-Set-Product-4-980x645.webp 980w, https:\/\/fmp-components.com\/wp-content\/uploads\/2025\/03\/Worm-Gear-Set-Product-4-480x316.webp 480w\" sizes=\"(min-width: 0px) and (max-width: 480px) 480px, (min-width: 481px) and (max-width: 980px) 980px, (min-width: 981px) 1000px, 100vw\" \/><\/td>\n<\/tr>\n<tr style=\"height: 14.40pt;\">\n<td style=\"height: 14.40pt;\" height=\"24\"><img loading=\"lazy\" decoding=\"async\" class=\"alignnone size-full wp-image-7160\" src=\"https:\/\/fmp-components.com\/wp-content\/uploads\/2025\/03\/Worm-Gear-Set-Product-1.webp\" alt=\"Zestaw przek\u0142adni \u015blimakowej\" width=\"1000\" height=\"667\" title=\"\" srcset=\"https:\/\/fmp-components.com\/wp-content\/uploads\/2025\/03\/Worm-Gear-Set-Product-1.webp 1000w, https:\/\/fmp-components.com\/wp-content\/uploads\/2025\/03\/Worm-Gear-Set-Product-1-980x654.webp 980w, https:\/\/fmp-components.com\/wp-content\/uploads\/2025\/03\/Worm-Gear-Set-Product-1-480x320.webp 480w\" sizes=\"(min-width: 0px) and (max-width: 480px) 480px, (min-width: 481px) and (max-width: 980px) 980px, (min-width: 981px) 1000px, 100vw\" \/><\/td>\n<td align=\"right\"><img loading=\"lazy\" decoding=\"async\" class=\"alignnone size-full wp-image-7159\" src=\"https:\/\/fmp-components.com\/wp-content\/uploads\/2025\/03\/Worm-Gear-Set-Product-2.webp\" alt=\"Zestaw przek\u0142adni \u015blimakowej\" width=\"1000\" height=\"667\" title=\"\" srcset=\"https:\/\/fmp-components.com\/wp-content\/uploads\/2025\/03\/Worm-Gear-Set-Product-2.webp 1000w, https:\/\/fmp-components.com\/wp-content\/uploads\/2025\/03\/Worm-Gear-Set-Product-2-980x654.webp 980w, https:\/\/fmp-components.com\/wp-content\/uploads\/2025\/03\/Worm-Gear-Set-Product-2-480x320.webp 480w\" sizes=\"(min-width: 0px) and (max-width: 480px) 480px, (min-width: 481px) and (max-width: 980px) 980px, (min-width: 981px) 1000px, 100vw\" \/><\/td>\n<\/tr>\n<\/tbody>\n<\/table>\n<h3 id=\"ali-title-AliPostDhMb-l21dc\"><span data-spm-anchor-id=\"a2700.details.0.i24.d43f7fd9eq9biO\">Nasz produkt<\/span><\/h3>\n<div>\n<table style=\"width: 100%;\" border=\"1\" width=\"100%\" cellspacing=\"0\" cellpadding=\"0\">\n<thead class=\"border-b border-primary\/20\">\n<tr class=\"border-primary\/10\">\n<th class=\"break-words\">Zestaw przek\u0142adni \u015blimakowej<\/th>\n<th class=\"break-words\">Odleg\u0142o\u015b\u0107 mi\u0119dzy \u015brodkami (mm)<\/th>\n<th class=\"break-words\">Prze\u0142o\u017cenie<\/th>\n<th class=\"break-words\">Moment obrotowy wyj\u015bciowy (w funtach)<\/th>\n<\/tr>\n<\/thead>\n<tbody>\n<tr class=\"border-primary\/10\">\n<td class=\"break-words\">A17<\/td>\n<td class=\"break-words\">17<\/td>\n<td class=\"break-words\">2,25 \u2013 80:1<\/td>\n<td class=\"break-words\">8,85 \u2013 24,78<\/td>\n<\/tr>\n<tr class=\"border-primary\/10\">\n<td class=\"break-words\">A22<\/td>\n<td class=\"break-words\">22<\/td>\n<td class=\"break-words\">3 \u2013 40:1<\/td>\n<td class=\"break-words\">19,47 \u2013 51,33<\/td>\n<\/tr>\n<tr class=\"border-primary\/10\">\n<td class=\"break-words\">A25<\/td>\n<td class=\"break-words\">25<\/td>\n<td class=\"break-words\">4 \u2013 50:1<\/td>\n<td class=\"break-words\">45,14 \u2013 82,3<\/td>\n<\/tr>\n<tr class=\"border-primary\/10\">\n<td class=\"break-words\">A31<\/td>\n<td class=\"break-words\">31<\/td>\n<td class=\"break-words\">2,5 \u2013 100:1<\/td>\n<td class=\"break-words\">89,39 \u2013 122,94<\/td>\n<\/tr>\n<tr class=\"border-primary\/10\">\n<td class=\"break-words\">A33<\/td>\n<td class=\"break-words\">33<\/td>\n<td class=\"break-words\">3,5 \u2013 75:1<\/td>\n<td class=\"break-words\">89,39 \u2013 188,52<\/td>\n<\/tr>\n<tr class=\"border-primary\/10\">\n<td class=\"break-words\">A35<\/td>\n<td class=\"break-words\">35<\/td>\n<td class=\"break-words\">2,78 \u2013 90:1<\/td>\n<td class=\"break-words\">58,4 \u2013 226,58<\/td>\n<\/tr>\n<tr class=\"border-primary\/10\">\n<td class=\"break-words\">A40<\/td>\n<td class=\"break-words\">40<\/td>\n<td class=\"break-words\">6,75 \u2013 90:1<\/td>\n<td class=\"break-words\">223,004 \u2013 411,56<\/td>\n<\/tr>\n<tr class=\"border-primary\/10\">\n<td class=\"break-words\">A50<\/td>\n<td class=\"break-words\">50<\/td>\n<td class=\"break-words\">4,25 \u2013 69:1<\/td>\n<td class=\"break-words\">300,9 \u2013 1039,2<\/td>\n<\/tr>\n<tr class=\"border-primary\/10\">\n<td class=\"break-words\">A53<\/td>\n<td class=\"break-words\">53<\/td>\n<td class=\"break-words\">4,75 \u2013 75:1<\/td>\n<td class=\"break-words\">398,28 \u2013 1247,9<\/td>\n<\/tr>\n<tr class=\"border-primary\/10\">\n<td class=\"break-words\">A63<\/td>\n<td class=\"break-words\">63<\/td>\n<td class=\"break-words\">6.1 \u2013 70:1<\/td>\n<td class=\"break-words\">787,7 \u2013 2283,5<\/td>\n<\/tr>\n<tr class=\"border-primary\/10\">\n<td class=\"break-words\">A65<\/td>\n<td class=\"break-words\">65<\/td>\n<td class=\"break-words\">6,25 \u2013 75:1<\/td>\n<td class=\"break-words\">893,9 \u2013 2549<\/td>\n<\/tr>\n<tr class=\"border-primary\/10\">\n<td class=\"break-words\">A80<\/td>\n<td class=\"break-words\">80<\/td>\n<td class=\"break-words\">6,75 \u2013 80:1<\/td>\n<td class=\"break-words\">1327,6 \u2013 4620<\/td>\n<\/tr>\n<\/tbody>\n<\/table>\n<p>&nbsp;<\/p>\n<\/div>\n<div>\n<table border=\"1\">\n<tbody>\n<tr>\n<td>Typy przek\u0142adni<\/td>\n<td>ko\u0142o z\u0119bate walcowe, ko\u0142o z\u0119bate \u015brubowe, ko\u0142o z\u0119bate walcowe wewn\u0119trzne, ko\u0142o z\u0119bate pier\u015bcieniowe, ko\u0142o z\u0119bate sto\u017ckowe proste\/spiralne, ko\u0142o z\u0119bate hipoidalne,<\/p>\n<p>ko\u0142o koronowe i z\u0119batka, wa\u0142ek z\u0119baty, ko\u0142o \u015blimakowe i wa\u0142ek \u015blimakowy, wa\u0142ek wielowypustowy i tuleja itp.<\/td>\n<\/tr>\n<tr>\n<td>Materia\u0142 przek\u0142adni<\/td>\n<td>stal w\u0119glowa, stal stopowa, stal nierdzewna, mosi\u0105dz, br\u0105z, \u017celiwo, nylon, itp.<\/p>\n<p>{ Stal brytyjska: C45, 40Cr, 20CrMo, 20CrMoTi, 17CrNiMo6, 20CrMnTi, 42CrMo, itd. }<\/td>\n<\/tr>\n<tr>\n<td>Przetwarzanie<\/td>\n<td>toczenie k\u00f3\u0142 z\u0119batych, frezowanie k\u00f3\u0142 z\u0119batych, frezowanie k\u00f3\u0142 z\u0119batych, kszta\u0142towanie k\u00f3\u0142 z\u0119batych, skrawanie k\u00f3\u0142 z\u0119batych, szlifowanie z\u0119b\u00f3w,<\/p>\n<p>przeci\u0105ganie itp.<\/td>\n<\/tr>\n<tr>\n<td>Obr\u00f3bka cieplna<\/td>\n<td>hartowanie, naw\u0119glanie, azotowanie, azotowanie w\u0119glowe, hartowanie w k\u0105pieli solnej itp.<\/td>\n<\/tr>\n<tr>\n<td>Aplikacja<\/td>\n<td>Motoryzacja, rolnictwo, elektronika, przemys\u0142, medycyna, obronno\u015b\u0107, pojazdy terenowe itp.<\/td>\n<\/tr>\n<\/tbody>\n<\/table>\n<\/div>\n<div>\n<h2>Cechy zestaw\u00f3w przek\u0142adni \u015blimakowych<\/h2>\n<table style=\"width: 100%;\" border=\"1\" width=\"100%\" cellspacing=\"0\" cellpadding=\"0\">\n<tbody>\n<tr style=\"height: 14.40pt;\">\n<td style=\"height: 14.4pt; width: 30.4762%;\" width=\"83\" height=\"24\">\u00a0\u00a0<img loading=\"lazy\" decoding=\"async\" class=\"alignnone size-full wp-image-7163\" src=\"https:\/\/fmp-components.com\/wp-content\/uploads\/2025\/03\/Worm-Gear-Set-Product-5.webp\" alt=\"Zestaw przek\u0142adni \u015blimakowej\" width=\"800\" height=\"800\" title=\"\" srcset=\"https:\/\/fmp-components.com\/wp-content\/uploads\/2025\/03\/Worm-Gear-Set-Product-5.webp 800w, https:\/\/fmp-components.com\/wp-content\/uploads\/2025\/03\/Worm-Gear-Set-Product-5-480x480.webp 480w\" sizes=\"(min-width: 0px) and (max-width: 480px) 480px, (min-width: 481px) 800px, 100vw\" \/><\/td>\n<td style=\"width: 34.9206%;\" align=\"right\" width=\"80\"><img loading=\"lazy\" decoding=\"async\" class=\"alignnone size-full wp-image-7162\" src=\"https:\/\/fmp-components.com\/wp-content\/uploads\/2025\/03\/Worm-Gear-Set-Product-6.webp\" alt=\"Zestaw przek\u0142adni \u015blimakowej\" width=\"800\" height=\"800\" title=\"\" srcset=\"https:\/\/fmp-components.com\/wp-content\/uploads\/2025\/03\/Worm-Gear-Set-Product-6.webp 800w, https:\/\/fmp-components.com\/wp-content\/uploads\/2025\/03\/Worm-Gear-Set-Product-6-480x480.webp 480w\" sizes=\"(min-width: 0px) and (max-width: 480px) 480px, (min-width: 481px) 800px, 100vw\" \/><\/td>\n<td style=\"width: 34.2857%;\" align=\"right\" width=\"154\"><img loading=\"lazy\" decoding=\"async\" class=\"alignnone size-full wp-image-7161\" src=\"https:\/\/fmp-components.com\/wp-content\/uploads\/2025\/03\/Worm-Gear-Set-Product-7.webp\" alt=\"Zestaw przek\u0142adni \u015blimakowej\" width=\"800\" height=\"800\" title=\"\" srcset=\"https:\/\/fmp-components.com\/wp-content\/uploads\/2025\/03\/Worm-Gear-Set-Product-7.webp 800w, https:\/\/fmp-components.com\/wp-content\/uploads\/2025\/03\/Worm-Gear-Set-Product-7-480x480.webp 480w\" sizes=\"(min-width: 0px) and (max-width: 480px) 480px, (min-width: 481px) 800px, 100vw\" \/><\/td>\n<\/tr>\n<tr style=\"height: 14.40pt;\">\n<td style=\"height: 14.4pt; width: 30.4762%;\" height=\"24\">G\u0142adka powierzchnia, bez zadzior\u00f3w, bez ostrych naro\u017cnik\u00f3w<\/td>\n<td style=\"width: 34.9206%; text-align: left;\" align=\"right\">Mocny i trwa\u0142y, du\u017cy wsp\u00f3\u0142czynnik obrotu, ma\u0142a moc przek\u0142adni<\/td>\n<td style=\"width: 34.2857%; text-align: left;\" align=\"right\">Powierzchnia z\u0119ba przek\u0142adni \u015blimakowej ma liniowy styk i du\u017c\u0105 no\u015bno\u015b\u0107<\/td>\n<\/tr>\n<\/tbody>\n<\/table>\n<h3>Aplikacja<\/h3>\n<table style=\"width: 100%; height: 130px;\" border=\"1\" width=\"100%\" cellspacing=\"0\" cellpadding=\"0\">\n<tbody>\n<tr style=\"height: 14.40pt;\">\n<td style=\"height: 16px; width: 49.8413%;\" width=\"83\" height=\"24\"><strong>Urz\u0105dzenie do nap\u0119du wycieraczek<\/strong><\/td>\n<td style=\"width: 49.8413%; height: 16px;\" align=\"right\" width=\"80\"><\/td>\n<\/tr>\n<tr style=\"height: 14.40pt;\">\n<td style=\"height: 14px; width: 49.8413%;\" height=\"24\">\u00a0 \u00a0<img loading=\"lazy\" decoding=\"async\" class=\"alignnone size-full wp-image-7184\" src=\"https:\/\/fmp-components.com\/wp-content\/uploads\/2025\/03\/Wiper-Drive-Device-1.webp\" alt=\"Urz\u0105dzenie-nap\u0119du-wycieraczek-1\" width=\"667\" height=\"486\" title=\"\" srcset=\"https:\/\/fmp-components.com\/wp-content\/uploads\/2025\/03\/Wiper-Drive-Device-1.webp 667w, https:\/\/fmp-components.com\/wp-content\/uploads\/2025\/03\/Wiper-Drive-Device-1-480x350.webp 480w\" sizes=\"(min-width: 0px) and (max-width: 480px) 480px, (min-width: 481px) 667px, 100vw\" \/><\/td>\n<td style=\"height: 14px; width: 49.8413%;\" align=\"right\"><img loading=\"lazy\" decoding=\"async\" class=\"alignnone size-full wp-image-7185\" src=\"https:\/\/fmp-components.com\/wp-content\/uploads\/2025\/03\/Wiper-Drive-Device-2.webp\" alt=\"Urz\u0105dzenie-nap\u0119du-wycieraczek-2\" width=\"441\" height=\"315\" title=\"\" srcset=\"https:\/\/fmp-components.com\/wp-content\/uploads\/2025\/03\/Wiper-Drive-Device-2.webp 441w, https:\/\/fmp-components.com\/wp-content\/uploads\/2025\/03\/Wiper-Drive-Device-2-300x214.webp 300w, https:\/\/fmp-components.com\/wp-content\/uploads\/2025\/03\/Wiper-Drive-Device-2-18x12.webp 18w\" sizes=\"(max-width: 441px) 100vw, 441px\" \/><\/td>\n<\/tr>\n<tr style=\"height: 14.40pt;\">\n<td style=\"height: 14px; width: 49.8413%;\" height=\"24\">Przek\u0142adnia \u015blimakowa stosowana w mechanizmie oscylacyjnym wycieraczek<\/td>\n<td style=\"height: 14px; width: 49.8413%;\" align=\"right\">Przek\u0142adnia \u015blimakowa stosowana w mechanizmie oscylacyjnym wycieraczek<\/td>\n<\/tr>\n<tr style=\"height: 14.40pt;\">\n<td style=\"height: 14px; width: 49.8413%;\" height=\"24\"><strong>Czajnik parowy<\/strong><\/td>\n<td style=\"height: 14px; text-align: left; width: 49.8413%;\" align=\"right\"><strong>Urz\u0105dzenie do nape\u0142niania \u017cywno\u015bci<\/strong><\/td>\n<\/tr>\n<tr style=\"height: 14.40pt;\">\n<td style=\"height: 14px; width: 49.8413%;\" height=\"24\"><img loading=\"lazy\" decoding=\"async\" class=\"alignnone size-full wp-image-7183\" src=\"https:\/\/fmp-components.com\/wp-content\/uploads\/2025\/03\/Steam-Kettle.webp\" alt=\"Czajnik parowy\" width=\"416\" height=\"400\" title=\"\" srcset=\"https:\/\/fmp-components.com\/wp-content\/uploads\/2025\/03\/Steam-Kettle.webp 416w, https:\/\/fmp-components.com\/wp-content\/uploads\/2025\/03\/Steam-Kettle-300x288.webp 300w, https:\/\/fmp-components.com\/wp-content\/uploads\/2025\/03\/Steam-Kettle-12x12.webp 12w\" sizes=\"(max-width: 416px) 100vw, 416px\" \/><\/td>\n<td style=\"height: 14px; width: 49.8413%;\" align=\"right\"><img loading=\"lazy\" decoding=\"async\" class=\"alignnone size-full wp-image-7181\" src=\"https:\/\/fmp-components.com\/wp-content\/uploads\/2025\/03\/Food-Filling-Device.webp\" alt=\"Urz\u0105dzenie do nape\u0142niania \u017cywno\u015bci\" width=\"550\" height=\"415\" title=\"\" srcset=\"https:\/\/fmp-components.com\/wp-content\/uploads\/2025\/03\/Food-Filling-Device.webp 550w, https:\/\/fmp-components.com\/wp-content\/uploads\/2025\/03\/Food-Filling-Device-480x362.webp 480w\" sizes=\"(min-width: 0px) and (max-width: 480px) 480px, (min-width: 481px) 550px, 100vw\" \/><\/td>\n<\/tr>\n<tr style=\"height: 14.40pt;\">\n<td style=\"height: 16px; width: 49.8413%;\" height=\"24\">\u015blimak i ko\u0142o \u015blimakowe u\u017cywane do obracania du\u017cych patelni<\/td>\n<td style=\"height: 16px; text-align: left; width: 49.8413%;\" align=\"right\">przek\u0142adnia \u015blimakowa s\u0142u\u017c\u0105ca do indeksowania i nap\u0119dzania, umo\u017cliwiaj\u0105ca dok\u0142adne nape\u0142nianie ustalon\u0105 ilo\u015bci\u0105 sk\u0142adnik\u00f3w<\/td>\n<\/tr>\n<tr style=\"height: 14.40pt;\">\n<td style=\"height: 14px; width: 49.8413%;\" height=\"24\"><strong>Przyk\u0142ad scenografii<\/strong><\/td>\n<td style=\"height: 14px; text-align: left; width: 49.8413%;\" align=\"right\"><strong>Urz\u0105dzenie do podawania tkanin<\/strong><\/td>\n<\/tr>\n<tr style=\"height: 14.40pt;\">\n<td style=\"height: 14px; width: 49.8413%;\" height=\"24\"><img loading=\"lazy\" decoding=\"async\" class=\"alignnone size-full wp-image-7182\" src=\"https:\/\/fmp-components.com\/wp-content\/uploads\/2025\/03\/Stage-Design-Example-1.webp\" alt=\"Przyk\u0142ad-Scenografii-1\" width=\"408\" height=\"504\" title=\"\" srcset=\"https:\/\/fmp-components.com\/wp-content\/uploads\/2025\/03\/Stage-Design-Example-1.webp 408w, https:\/\/fmp-components.com\/wp-content\/uploads\/2025\/03\/Stage-Design-Example-1-243x300.webp 243w, https:\/\/fmp-components.com\/wp-content\/uploads\/2025\/03\/Stage-Design-Example-1-10x12.webp 10w\" sizes=\"(max-width: 408px) 100vw, 408px\" \/><\/td>\n<td style=\"height: 14px; width: 49.8413%;\" align=\"right\"><img loading=\"lazy\" decoding=\"async\" class=\"alignnone size-full wp-image-7186\" src=\"https:\/\/fmp-components.com\/wp-content\/uploads\/2025\/03\/Fabric-Feeding-Device-1.webp\" alt=\"Urz\u0105dzenie do podawania tkanin 1\" width=\"633\" height=\"464\" title=\"\" srcset=\"https:\/\/fmp-components.com\/wp-content\/uploads\/2025\/03\/Fabric-Feeding-Device-1.webp 633w, https:\/\/fmp-components.com\/wp-content\/uploads\/2025\/03\/Fabric-Feeding-Device-1-480x352.webp 480w\" sizes=\"(min-width: 0px) and (max-width: 480px) 480px, (min-width: 481px) 633px, 100vw\" \/><\/td>\n<\/tr>\n<tr style=\"height: 14.40pt;\">\n<td style=\"height: 14px; width: 49.8413%;\" height=\"24\">Przek\u0142adnia \u015blimakowa stosowana w sto\u0142ach obrotowych (przyk\u0142ad konstrukcji)<\/td>\n<td style=\"height: 14px; width: 49.8413%;\">\u015blimak i ko\u0142o \u015blimakowe s\u0142u\u017c\u0105ce do regulacji wysoko\u015bci<\/td>\n<\/tr>\n<\/tbody>\n<\/table>\n<\/div>","protected":false},"excerpt":{"rendered":"<p>Custom worm gear sets Custom worm gear sets are produced in various designs and materials according to customer specifications. FMP offers custom gear sets with axial distances from 17 to 210 mm and a maximum worm wheel diameter of 300 mm. If necessary, FMP calculates the tooth profile data, defines the material and surface treatment, [&hellip;]<\/p>","protected":false},"featured_media":7155,"comment_status":"open","ping_status":"closed","template":"","meta":{"_et_pb_use_builder":"","_et_pb_old_content":"","_et_gb_content_width":""},"product_brand":[],"product_cat":[107],"product_tag":[],"class_list":{"0":"post-7154","1":"product","2":"type-product","3":"status-publish","4":"has-post-thumbnail","6":"product_cat-worm-gear","8":"first","9":"instock","10":"shipping-taxable","11":"product-type-simple"},"_links":{"self":[{"href":"https:\/\/fmp-components.com\/pl\/wp-json\/wp\/v2\/product\/7154","targetHints":{"allow":["GET"]}}],"collection":[{"href":"https:\/\/fmp-components.com\/pl\/wp-json\/wp\/v2\/product"}],"about":[{"href":"https:\/\/fmp-components.com\/pl\/wp-json\/wp\/v2\/types\/product"}],"replies":[{"embeddable":true,"href":"https:\/\/fmp-components.com\/pl\/wp-json\/wp\/v2\/comments?post=7154"}],"wp:featuredmedia":[{"embeddable":true,"href":"https:\/\/fmp-components.com\/pl\/wp-json\/wp\/v2\/media\/7155"}],"wp:attachment":[{"href":"https:\/\/fmp-components.com\/pl\/wp-json\/wp\/v2\/media?parent=7154"}],"wp:term":[{"taxonomy":"product_brand","embeddable":true,"href":"https:\/\/fmp-components.com\/pl\/wp-json\/wp\/v2\/product_brand?post=7154"},{"taxonomy":"product_cat","embeddable":true,"href":"https:\/\/fmp-components.com\/pl\/wp-json\/wp\/v2\/product_cat?post=7154"},{"taxonomy":"product_tag","embeddable":true,"href":"https:\/\/fmp-components.com\/pl\/wp-json\/wp\/v2\/product_tag?post=7154"}],"curies":[{"name":"wp","href":"https:\/\/api.w.org\/{rel}","templated":true}]}}