{"id":7132,"date":"2025-03-18T08:04:19","date_gmt":"2025-03-18T08:04:19","guid":{"rendered":"https:\/\/fmp-components.com\/?post_type=product&#038;p=7132"},"modified":"2025-03-27T01:23:33","modified_gmt":"2025-03-27T01:23:33","slug":"forging-bevel-gears","status":"publish","type":"product","link":"https:\/\/fmp-components.com\/pl\/product\/forging-bevel-gears\/","title":{"rendered":"Kucie k\u00f3\u0142 z\u0119batych sto\u017ckowych"},"content":{"rendered":"<h2>Precyzyjnie kute ko\u0142a z\u0119bate sto\u017ckowe dopasowane do Twoich potrzeb<\/h2>\n<p>W FMP specjalizujemy si\u0119 w produkcji odkuwek o wysokiej wydajno\u015bci <a href=\"https:\/\/fmp-components.com\/pl\/bevel-gear-2\/\">ko\u0142a z\u0119bate sto\u017ckowe<\/a> Oferujemy szeroki wyb\u00f3r typ\u00f3w i specyfikacji, zaprojektowanych z my\u015bl\u0105 o zr\u00f3\u017cnicowanych wymaganiach przemys\u0142owych. Nasza oferta produkt\u00f3w obejmuje ko\u0142a z\u0119bate sto\u017ckowe proste, spiralne i hipoidalne, wszystkie precyzyjnie wykonane z wykorzystaniem zaawansowanych technik kucia, aby zapewni\u0107 wyj\u0105tkow\u0105 trwa\u0142o\u015b\u0107, wytrzyma\u0142o\u015b\u0107 i bezproblemow\u0105 integracj\u0119 z Pa\u0144stwa maszynami.<\/p>\n<p>Nasz\u0105 si\u0142\u0105 s\u0105 rozwi\u0105zania niestandardowe. Niezale\u017cnie od tego, czy potrzebujesz nietypowych wymiar\u00f3w, specjalistycznych materia\u0142\u00f3w, czy niestandardowych profili z\u0119b\u00f3w, nasz zesp\u00f3\u0142 in\u017cynier\u00f3w \u015bci\u015ble wsp\u00f3\u0142pracuje z klientami, aby dostarcza\u0107 przek\u0142adnie przekraczaj\u0105ce oczekiwania.<\/p>\n<p>Nie mo\u017cesz znale\u017a\u0107 interesuj\u0105cego Ci\u0119 modelu w naszym katalogu? Nie martw si\u0119 \u2013 nasza oferta online stale si\u0119 powi\u0119ksza. Wystarczy, \u017ce wy\u015blesz nam e-mail ze szczeg\u00f3\u0142owymi informacjami na temat poszukiwanego typu sprz\u0119tu, w tym parametrami zastosowania i specyfikacj\u0105 techniczn\u0105. Nasi do\u015bwiadczeni in\u017cynierowie przeanalizuj\u0105 Twoje zapytanie w ci\u0105gu 24 godzin, udzielaj\u0105c informacji o wykonalno\u015bci, cenach i terminach realizacji.<\/p>\n<table style=\"width: 103.173%;\" border=\"1\" width=\"100%\" cellspacing=\"0\" cellpadding=\"0\">\n<tbody>\n<tr style=\"height: 14.40pt;\">\n<td style=\"height: 14.4pt; width: 50.7937%;\" width=\"83\" height=\"24\"><img loading=\"lazy\" decoding=\"async\" class=\"size-full wp-image-7135 aligncenter\" src=\"https:\/\/fmp-components.com\/wp-content\/uploads\/2025\/03\/Forging-Bevel-Gears-product-4.webp\" alt=\"Kucie k\u00f3\u0142 z\u0119batych sto\u017ckowych\" width=\"400\" height=\"400\" title=\"\" srcset=\"https:\/\/fmp-components.com\/wp-content\/uploads\/2025\/03\/Forging-Bevel-Gears-product-4.webp 400w, https:\/\/fmp-components.com\/wp-content\/uploads\/2025\/03\/Forging-Bevel-Gears-product-4-300x300.webp 300w, https:\/\/fmp-components.com\/wp-content\/uploads\/2025\/03\/Forging-Bevel-Gears-product-4-150x150.webp 150w, https:\/\/fmp-components.com\/wp-content\/uploads\/2025\/03\/Forging-Bevel-Gears-product-4-12x12.webp 12w, https:\/\/fmp-components.com\/wp-content\/uploads\/2025\/03\/Forging-Bevel-Gears-product-4-100x100.webp 100w\" sizes=\"(max-width: 400px) 100vw, 400px\" \/><\/td>\n<td style=\"width: 52.2222%;\" align=\"right\" width=\"80\"><img loading=\"lazy\" decoding=\"async\" class=\"size-full wp-image-7136 aligncenter\" src=\"https:\/\/fmp-components.com\/wp-content\/uploads\/2025\/03\/Forging-Bevel-Gears-product-3.webp\" alt=\"Kucie k\u00f3\u0142 z\u0119batych sto\u017ckowych\" width=\"400\" height=\"400\" title=\"\" srcset=\"https:\/\/fmp-components.com\/wp-content\/uploads\/2025\/03\/Forging-Bevel-Gears-product-3.webp 400w, https:\/\/fmp-components.com\/wp-content\/uploads\/2025\/03\/Forging-Bevel-Gears-product-3-300x300.webp 300w, https:\/\/fmp-components.com\/wp-content\/uploads\/2025\/03\/Forging-Bevel-Gears-product-3-150x150.webp 150w, https:\/\/fmp-components.com\/wp-content\/uploads\/2025\/03\/Forging-Bevel-Gears-product-3-12x12.webp 12w, https:\/\/fmp-components.com\/wp-content\/uploads\/2025\/03\/Forging-Bevel-Gears-product-3-100x100.webp 100w\" sizes=\"(max-width: 400px) 100vw, 400px\" \/><\/td>\n<\/tr>\n<tr style=\"height: 14.40pt;\">\n<td style=\"height: 14.4pt; width: 50.7937%;\" height=\"24\"><img loading=\"lazy\" decoding=\"async\" class=\"size-full wp-image-7137 aligncenter\" src=\"https:\/\/fmp-components.com\/wp-content\/uploads\/2025\/03\/Forging-Bevel-Gears-product-2.webp\" alt=\"Kucie k\u00f3\u0142 z\u0119batych sto\u017ckowych\" width=\"400\" height=\"400\" title=\"\" srcset=\"https:\/\/fmp-components.com\/wp-content\/uploads\/2025\/03\/Forging-Bevel-Gears-product-2.webp 400w, https:\/\/fmp-components.com\/wp-content\/uploads\/2025\/03\/Forging-Bevel-Gears-product-2-300x300.webp 300w, https:\/\/fmp-components.com\/wp-content\/uploads\/2025\/03\/Forging-Bevel-Gears-product-2-150x150.webp 150w, https:\/\/fmp-components.com\/wp-content\/uploads\/2025\/03\/Forging-Bevel-Gears-product-2-12x12.webp 12w, https:\/\/fmp-components.com\/wp-content\/uploads\/2025\/03\/Forging-Bevel-Gears-product-2-100x100.webp 100w\" sizes=\"(max-width: 400px) 100vw, 400px\" \/><\/td>\n<td style=\"width: 52.2222%;\" align=\"right\"><img loading=\"lazy\" decoding=\"async\" class=\"size-full wp-image-7138 aligncenter\" src=\"https:\/\/fmp-components.com\/wp-content\/uploads\/2025\/03\/Forging-Bevel-Gears-product-1.webp\" alt=\"Kucie k\u00f3\u0142 z\u0119batych sto\u017ckowych\" width=\"400\" height=\"400\" title=\"\" srcset=\"https:\/\/fmp-components.com\/wp-content\/uploads\/2025\/03\/Forging-Bevel-Gears-product-1.webp 400w, https:\/\/fmp-components.com\/wp-content\/uploads\/2025\/03\/Forging-Bevel-Gears-product-1-300x300.webp 300w, https:\/\/fmp-components.com\/wp-content\/uploads\/2025\/03\/Forging-Bevel-Gears-product-1-150x150.webp 150w, https:\/\/fmp-components.com\/wp-content\/uploads\/2025\/03\/Forging-Bevel-Gears-product-1-12x12.webp 12w, https:\/\/fmp-components.com\/wp-content\/uploads\/2025\/03\/Forging-Bevel-Gears-product-1-100x100.webp 100w\" sizes=\"(max-width: 400px) 100vw, 400px\" \/><\/td>\n<\/tr>\n<\/tbody>\n<\/table>\n<h2>Cechy kucia k\u00f3\u0142 z\u0119batych sto\u017ckowych<\/h2>\n<p>Kute ko\u0142a z\u0119bate sto\u017ckowe to kluczowe elementy w ci\u0119\u017ckich systemach mechanicznych, oferuj\u0105ce wyj\u0105tkowe zalety w por\u00f3wnaniu z odlewanymi lub obrabianymi maszynowo alternatywami. Poni\u017cej przedstawiamy wyr\u00f3\u017cniaj\u0105ce si\u0119 cechy, kt\u00f3re czyni\u0105 je idealnymi do zastosowa\u0144 wymagaj\u0105cych wysokiej wydajno\u015bci:<\/p>\n<p><strong>Wyj\u0105tkowa wytrzyma\u0142o\u015b\u0107 i trwa\u0142o\u015b\u0107<\/strong><\/p>\n<ul>\n<li><strong>Wyr\u00f3wnanie struktury ziarna<\/strong>Proces kucia polega na \u015bciskaniu i wyr\u00f3wnywaniu struktury ziarnistej metalu, co zwi\u0119ksza wytrzyma\u0142o\u015b\u0107 na rozci\u0105ganie i odporno\u015b\u0107 na zm\u0119czenie.<\/li>\n<li><strong>Wysoka \u0142adowno\u015b\u0107<\/strong>: Wytrzymuje ekstremalne momenty obrotowe, obci\u0105\u017cenia udarowe i powtarzaj\u0105ce si\u0119 napr\u0119\u017cenia bez odkszta\u0142ce\u0144.<\/li>\n<li><strong>Integralno\u015b\u0107 materia\u0142u<\/strong>: Eliminuje porowato\u015b\u0107, puste przestrzenie i wtr\u0105cenia powszechnie wyst\u0119puj\u0105ce w odlewanych ko\u0142ach z\u0119batych, zapewniaj\u0105c d\u0142ugoterminow\u0105 niezawodno\u015b\u0107.<\/li>\n<\/ul>\n<p><strong>Zwi\u0119kszona precyzja i wydajno\u015b\u0107<\/strong><\/p>\n<ul>\n<li><strong>\u015acis\u0142a dok\u0142adno\u015b\u0107 wymiarowa<\/strong>Kucie pozwala na produkcj\u0119 wyrob\u00f3w o kszta\u0142cie zbli\u017conym do gotowego, minimalizuj\u0105c obr\u00f3bk\u0119 ko\u0144cow\u0105 i zapewniaj\u0105c sp\u00f3jne profile z\u0119b\u00f3w.<\/li>\n<li><strong>Optymalne wyko\u0144czenie powierzchni<\/strong>:Zmniejszona potrzeba szlifowania\/polerowania, zachowanie integralno\u015bci strukturalnej przy jednoczesnym zapewnieniu p\u0142ynnej pracy.<\/li>\n<li><strong>Redukcja ha\u0142asu<\/strong>:Precyzyjnie wykute z\u0119by zaz\u0119biaj\u0105 si\u0119 bezszwowo, redukuj\u0105c wibracje i ha\u0142as podczas pracy.<\/li>\n<\/ul>\n<p><strong>Odporno\u015b\u0107 na zu\u017cycie i korozj\u0119<\/strong><\/p>\n<ul>\n<li><strong>Zgodno\u015b\u0107 z obr\u00f3bk\u0105 ciepln\u0105<\/strong>:Kute ko\u0142a z\u0119bate mo\u017cna podda\u0107 procesowi hartowania (np. naw\u0119glaniu, hartowaniu indukcyjnemu) w celu zwi\u0119kszenia twardo\u015bci powierzchni i odporno\u015bci na zu\u017cycie.<\/li>\n<li><strong>Elastyczno\u015b\u0107 materia\u0142u<\/strong>:Kompatybilny ze stopami o wysokiej wytrzyma\u0142o\u015bci (np. AISI 4140, 4340) i stalami nierdzewnymi przeznaczonymi do \u015brodowisk korozyjnych.<\/li>\n<\/ul>\n<p><strong>Op\u0142acalno\u015b\u0107 w czasie<\/strong><\/p>\n<ul>\n<li><strong>D\u0142u\u017csza \u017cywotno\u015b\u0107<\/strong>:Mniejsze zu\u017cycie i awaryjno\u015b\u0107 obni\u017caj\u0105 koszty konserwacji i przestoje.<\/li>\n<li><strong>Wzrost wydajno\u015bci<\/strong>:Precyzyjna produkcja minimalizuje straty energii spowodowane tarciem, co zwi\u0119ksza wydajno\u015b\u0107 systemu.<\/li>\n<\/ul>\n<h3>Dlaczego warto wybra\u0107 ko\u0142a z\u0119bate sto\u017ckowe kute zamiast odlewanych\/obrabianych maszynowo?<\/h3>\n<p>Kucie zapewnia g\u0119st\u0105, jednorodn\u0105 struktur\u0119, przewy\u017cszaj\u0105c ko\u0142a z\u0119bate odlewane pod wzgl\u0119dem wytrzyma\u0142o\u015bci i ko\u0142a z\u0119bate obrabiane maszynowo pod wzgl\u0119dem op\u0142acalno\u015bci w zastosowaniach o wysokim napr\u0119\u017ceniu. Ich zdolno\u015b\u0107 do wytrzymywania trudnych warunk\u00f3w przy jednoczesnym zachowaniu precyzji sprawia, \u017ce \u200b\u200bs\u0105 one niezast\u0105pione w kluczowych ga\u0142\u0119ziach przemys\u0142u.<\/p>\n<p>&nbsp;<\/p>\n<p><img loading=\"lazy\" decoding=\"async\" class=\"alignnone size-full wp-image-7139\" src=\"https:\/\/fmp-components.com\/wp-content\/uploads\/2025\/03\/Forging-Bevel-Gears-product-5.webp\" alt=\"Kucie k\u00f3\u0142 z\u0119batych sto\u017ckowych\" width=\"700\" height=\"395\" title=\"\" srcset=\"https:\/\/fmp-components.com\/wp-content\/uploads\/2025\/03\/Forging-Bevel-Gears-product-5.webp 700w, https:\/\/fmp-components.com\/wp-content\/uploads\/2025\/03\/Forging-Bevel-Gears-product-5-480x271.webp 480w\" sizes=\"(min-width: 0px) and (max-width: 480px) 480px, (min-width: 481px) 700px, 100vw\" \/><\/p>\n<h3>Powi\u0105zany produkt<\/h3>\n<p><img loading=\"lazy\" decoding=\"async\" class=\"alignnone size-full wp-image-7140\" src=\"https:\/\/fmp-components.com\/wp-content\/uploads\/2025\/03\/Forging-Bevel-Gears-product-6.webp\" alt=\"Kucie k\u00f3\u0142 z\u0119batych sto\u017ckowych\" width=\"887\" height=\"652\" title=\"\" srcset=\"https:\/\/fmp-components.com\/wp-content\/uploads\/2025\/03\/Forging-Bevel-Gears-product-6.webp 887w, https:\/\/fmp-components.com\/wp-content\/uploads\/2025\/03\/Forging-Bevel-Gears-product-6-480x353.webp 480w\" sizes=\"(min-width: 0px) and (max-width: 480px) 480px, (min-width: 481px) 887px, 100vw\" \/><\/p>","protected":false},"excerpt":{"rendered":"<p>Precision-Forged Bevel Gears Tailored to Your Needs At FMP, we specialize in manufacturing high-performance forging bevel gears across a wide range of types and specifications, designed to meet diverse industrial demands. Our product portfolio includes straight, spiral, and hypoid bevel gears, all precision-engineered using advanced forging techniques to ensure exceptional durability, strength, and seamless integration [&hellip;]<\/p>","protected":false},"featured_media":7133,"comment_status":"open","ping_status":"closed","template":"","meta":{"_et_pb_use_builder":"","_et_pb_old_content":"","_et_gb_content_width":""},"product_brand":[],"product_cat":[106],"product_tag":[],"class_list":{"0":"post-7132","1":"product","2":"type-product","3":"status-publish","4":"has-post-thumbnail","6":"product_cat-bevel-gears","8":"first","9":"instock","10":"shipping-taxable","11":"product-type-simple"},"_links":{"self":[{"href":"https:\/\/fmp-components.com\/pl\/wp-json\/wp\/v2\/product\/7132","targetHints":{"allow":["GET"]}}],"collection":[{"href":"https:\/\/fmp-components.com\/pl\/wp-json\/wp\/v2\/product"}],"about":[{"href":"https:\/\/fmp-components.com\/pl\/wp-json\/wp\/v2\/types\/product"}],"replies":[{"embeddable":true,"href":"https:\/\/fmp-components.com\/pl\/wp-json\/wp\/v2\/comments?post=7132"}],"wp:featuredmedia":[{"embeddable":true,"href":"https:\/\/fmp-components.com\/pl\/wp-json\/wp\/v2\/media\/7133"}],"wp:attachment":[{"href":"https:\/\/fmp-components.com\/pl\/wp-json\/wp\/v2\/media?parent=7132"}],"wp:term":[{"taxonomy":"product_brand","embeddable":true,"href":"https:\/\/fmp-components.com\/pl\/wp-json\/wp\/v2\/product_brand?post=7132"},{"taxonomy":"product_cat","embeddable":true,"href":"https:\/\/fmp-components.com\/pl\/wp-json\/wp\/v2\/product_cat?post=7132"},{"taxonomy":"product_tag","embeddable":true,"href":"https:\/\/fmp-components.com\/pl\/wp-json\/wp\/v2\/product_tag?post=7132"}],"curies":[{"name":"wp","href":"https:\/\/api.w.org\/{rel}","templated":true}]}}