{"id":705,"date":"2024-12-18T01:55:14","date_gmt":"2024-12-18T01:55:14","guid":{"rendered":"https:\/\/fmp-components.com\/?page_id=8"},"modified":"2024-12-18T02:02:20","modified_gmt":"2024-12-18T02:02:20","slug":"split-barge-split-cylinder","status":"publish","type":"product","link":"https:\/\/fmp-components.com\/pl\/product\/split-barge-split-cylinder\/","title":{"rendered":"Podzielona barka Podzielony cylinder"},"content":{"rendered":"<p style=\"text-align: center;\"><span style=\"font-size: 18pt;\">Podzielona barka Podzielony cylinder<\/span><\/p>\n<p>Si\u0142ownik rozdzielaj\u0105cy bark\u0119 dzielon\u0105 to specjalistyczny element hydrauliczny zaprojektowany w celu zwi\u0119kszenia funkcjonalno\u015bci i wydajno\u015bci barek dzielonych w operacjach morskich. Si\u0142ownik ten zosta\u0142 zaprojektowany, aby zapewni\u0107 si\u0142\u0119 niezb\u0119dn\u0105 do rozdzielenia sekcji barki, u\u0142atwiaj\u0105c za\u0142adunek i roz\u0142adunek \u0142adunku, a jednocze\u015bnie poprawiaj\u0105c manewrowo\u015b\u0107 statku.<\/p>\n<p>&nbsp;<\/p>\n<p><img loading=\"lazy\" decoding=\"async\" class=\"size-full wp-image-707 aligncenter\" src=\"https:\/\/fmp-components.com\/wp-content\/uploads\/2024\/12\/Split-Barge-Split-Cylinder.webp\" alt=\"Podzielony-Barka-Podzielony-Cylinder\" width=\"600\" height=\"600\" title=\"\" srcset=\"https:\/\/fmp-components.com\/wp-content\/uploads\/2024\/12\/Split-Barge-Split-Cylinder.webp 600w, https:\/\/fmp-components.com\/wp-content\/uploads\/2024\/12\/Split-Barge-Split-Cylinder-480x480.webp 480w\" sizes=\"(min-width: 0px) and (max-width: 480px) 480px, (min-width: 481px) 600px, 100vw\" \/><\/p>\n<h4>G\u0142\u00f3wne cechy:<\/h4>\n<ul>\n<li><strong>Wysoka si\u0142a wyj\u015bciowa:<\/strong> Si\u0142ownik ten jest w stanie wytworzy\u0107 znaczn\u0105 si\u0142\u0119 hydrauliczn\u0105 i umo\u017cliwia p\u0142ynne i wydajne dzielenie sekcji barki, optymalizuj\u0105c operacje prze\u0142adunku.<\/li>\n<li><strong>Solidna konstrukcja:<\/strong> Wykonany z materia\u0142\u00f3w o wysokiej wytrzyma\u0142o\u015bci, zosta\u0142 zaprojektowany tak, aby wytrzyma\u0107 trudne warunki morskie, gwarantuj\u0105c trwa\u0142o\u015b\u0107 i niezawodno\u015b\u0107 nawet w ekstremalnych warunkach.<\/li>\n<li><strong>Precyzyjna kontrola:<\/strong> Nowoczesna konstrukcja hydrauliczna pozwala na wykonywanie precyzyjnych i kontrolowanych ruch\u00f3w, co zwi\u0119ksza bezpiecze\u0144stwo podczas pracy i minimalizuje ryzyko wypadk\u00f3w.<\/li>\n<li><strong>Wszechstronne zastosowanie:<\/strong> Ten dzielony cylinder idealnie nadaje si\u0119 do r\u00f3\u017cnych scenariuszy logistyki morskiej i transportu, wspomagaj\u0105c wydajne operacje zar\u00f3wno przy za\u0142adunku, jak i roz\u0142adunku.<\/li>\n<li><strong>Niskie wymagania konserwacyjne:<\/strong> Zaprojektowany tak, aby zminimalizowa\u0107 zu\u017cycie i uszkodzenia, cylinder wymaga mniej konserwacji, co zmniejsza przestoje i przyczynia si\u0119 do zwi\u0119kszenia wydajno\u015bci operacyjnej.<\/li>\n<\/ul>\n<p>Cylinder dzielony barki jest niezb\u0119dnym elementem optymalizuj\u0105cym dzia\u0142anie barek dzielonych, znacznie zwi\u0119kszaj\u0105cym wydajno\u015b\u0107 i bezpiecze\u0144stwo operacji logistycznych i transportowych na morzu.<\/p>\n<h2>Specyfikacja cylindra dzielonego Split Barge:<\/h2>\n<table style=\"width: 94.7186%; height: 221px;\" border=\"1\" cellspacing=\"0\" cellpadding=\"0\">\n<tbody>\n<tr>\n<td>Nazwa produktu<\/td>\n<td>Podzielona barka Podzielony cylinder<\/td>\n<\/tr>\n<tr>\n<td>Cechy:<\/td>\n<td>Zamkni\u0119ty kad\u0142ub<\/td>\n<\/tr>\n<tr>\n<td>\u015arednica otworu:<\/td>\n<td>Do 550 mm<\/td>\n<\/tr>\n<tr>\n<td>\u015arednica pr\u0119ta:<\/td>\n<td>Do 280 mm<br \/>\nSkok \u22641000 mm<\/td>\n<\/tr>\n<tr>\n<td>Si\u0142a poci\u0105gowa:<\/td>\n<td>Do 6000 kN<\/td>\n<\/tr>\n<tr>\n<td>Ci\u015bnienie:<\/td>\n<td>Do 38 MPa<\/td>\n<\/tr>\n<tr>\n<td>Zastosowania:<\/td>\n<td>Podzielona barka<\/td>\n<\/tr>\n<\/tbody>\n<\/table>\n<h2>Cechy cylindra dzielonego typu Barge<\/h2>\n<ol>\n<li><strong>Wysoka si\u0142a wyj\u015bciowa:<\/strong>\n<ul>\n<li>Potrafi wytworzy\u0107 znaczn\u0105 si\u0142\u0119 hydrauliczn\u0105 umo\u017cliwiaj\u0105c\u0105 wydajne rozdzielanie sekcji barki, gwarantuj\u0105c p\u0142ynn\u0105 prac\u0119 podczas za\u0142adunku i roz\u0142adunku.<\/li>\n<\/ul>\n<\/li>\n<li><strong>Solidna konstrukcja:<\/strong>\n<ul>\n<li>Wykonane z materia\u0142\u00f3w o wysokiej wytrzyma\u0142o\u015bci, zaprojektowanych tak, aby wytrzyma\u0107 trudne warunki morskie, zapewniaj\u0105c trwa\u0142o\u015b\u0107 i niezawodno\u015b\u0107 w ekstremalnych warunkach.<\/li>\n<\/ul>\n<\/li>\n<li><strong>Precyzyjna kontrola:<\/strong>\n<ul>\n<li>Zaawansowana konstrukcja hydrauliczna umo\u017cliwia wykonywanie precyzyjnych i kontrolowanych ruch\u00f3w, co zwi\u0119ksza bezpiecze\u0144stwo i minimalizuje ryzyko wypadk\u00f3w podczas pracy.<\/li>\n<\/ul>\n<\/li>\n<li><strong>Wszechstronne zastosowanie:<\/strong>\n<ul>\n<li>Nadaje si\u0119 do r\u00f3\u017cnych scenariuszy logistyki morskiej, u\u0142atwiaj\u0105c efektywn\u0105 obs\u0142ug\u0119 \u0142adunk\u00f3w w zr\u00f3\u017cnicowanych procesach za\u0142adunku i roz\u0142adunku.<\/li>\n<\/ul>\n<\/li>\n<li><strong>Niskie wymagania konserwacyjne:<\/strong>\n<ul>\n<li>Zaprojektowany tak, aby zminimalizowa\u0107 zu\u017cycie i uszkodzenia, ten cylinder wymaga mniej konserwacji, co zmniejsza przestoje i zwi\u0119ksza og\u00f3ln\u0105 wydajno\u015b\u0107 operacyjn\u0105.<\/li>\n<\/ul>\n<\/li>\n<li><strong>Odporno\u015b\u0107 na korozj\u0119:<\/strong>\n<ul>\n<li>Poddane obr\u00f3bce lub powlekane w celu zabezpieczenia przed korozj\u0105 powodowan\u0105 przez s\u0142on\u0105 wod\u0119 i inne czynniki morskie, co zapewnia d\u0142ugowieczno\u015b\u0107 i niezawodn\u0105 wydajno\u015b\u0107.<\/li>\n<\/ul>\n<\/li>\n<li><strong>Kompaktowa konstrukcja:<\/strong>\n<ul>\n<li>Konstrukcja oszcz\u0119dzaj\u0105ca przestrze\u0144 pozwala na \u0142atw\u0105 integracj\u0119 z istniej\u0105cymi systemami barek bez nara\u017cania integralno\u015bci konstrukcyjnej.<\/li>\n<\/ul>\n<\/li>\n<li><strong>Funkcje bezpiecze\u0144stwa:<\/strong>\n<ul>\n<li>Wyposa\u017cone we wbudowane mechanizmy bezpiecze\u0144stwa zapobiegaj\u0105ce przypadkowemu uruchomieniu lub awarii, co zwi\u0119ksza niezawodno\u015b\u0107 dzia\u0142ania.<\/li>\n<\/ul>\n<\/li>\n<li><strong>\u0141atwa instalacja:<\/strong>\n<ul>\n<li>Zaprojektowane z my\u015bl\u0105 o \u0142atwej instalacji i wymianie, minimalizuj\u0105c przestoje podczas konserwacji lub modernizacji.<\/li>\n<\/ul>\n<\/li>\n<li><strong>Lepsza manewrowo\u015b\u0107:<\/strong>\n<ul>\n<li>Poprawia manewrowo\u015b\u0107 rozdzielonych barek, umo\u017cliwiaj\u0105c lepsz\u0105 nawigacj\u0119 i sterowanie w zat\u0142oczonym lub trudnym \u015brodowisku morskim.<\/li>\n<\/ul>\n<\/li>\n<\/ol>\n<p>Dzi\u0119ki tym cechom dzielony cylinder barkowy jest niezb\u0119dnym elementem optymalizuj\u0105cym wydajno\u015b\u0107 i bezpiecze\u0144stwo morskich operacji logistycznych i transportowych.<\/p>\n<p><img loading=\"lazy\" decoding=\"async\" class=\"alignnone size-full wp-image-708\" src=\"https:\/\/fmp-components.com\/wp-content\/uploads\/2024\/12\/Split-Barge-Split-Cylinder-Applications.webp\" alt=\"Zastosowania dzielonych barek i dzielonych cylindr\u00f3w\" width=\"1024\" height=\"573\" title=\"\" srcset=\"https:\/\/fmp-components.com\/wp-content\/uploads\/2024\/12\/Split-Barge-Split-Cylinder-Applications.webp 1024w, https:\/\/fmp-components.com\/wp-content\/uploads\/2024\/12\/Split-Barge-Split-Cylinder-Applications-980x548.webp 980w, https:\/\/fmp-components.com\/wp-content\/uploads\/2024\/12\/Split-Barge-Split-Cylinder-Applications-480x269.webp 480w\" sizes=\"(min-width: 0px) and (max-width: 480px) 480px, (min-width: 481px) and (max-width: 980px) 980px, (min-width: 981px) 1024px, 100vw\" \/><\/p>\n<h2>Zastosowania cylindra dzielonego typu Barge<\/h2>\n<ol>\n<li><strong>Logistyka morska:<\/strong>\n<ul>\n<li>Stosowany przy za\u0142adunku i roz\u0142adunku towar\u00f3w na barkach dzielonych, zwi\u0119kszaj\u0105c wydajno\u015b\u0107 operacyjn\u0105 transportu towar\u00f3w drog\u0105 wodn\u0105.<\/li>\n<\/ul>\n<\/li>\n<li><strong>Obs\u0142uga \u0142adunk\u00f3w:<\/strong>\n<ul>\n<li>U\u0142atwia rozdzielanie sekcji barki, zapewniaj\u0105c \u0142atwy dost\u0119p do \u0142adowni, co zwi\u0119ksza szybko\u015b\u0107 i bezpiecze\u0144stwo operacji \u0142adunkowych.<\/li>\n<\/ul>\n<\/li>\n<li><strong>Operacje pog\u0142\u0119biarskie:<\/strong>\n<ul>\n<li>Stosowane w pracach pog\u0142\u0119biarskich, w kt\u00f3rych do transportu urobku u\u017cywa si\u0119 rozdzielonych barek, co pozwala na efektywne zarz\u0105dzanie usuwaniem osad\u00f3w.<\/li>\n<\/ul>\n<\/li>\n<li><strong>Konserwacja i naprawy:<\/strong>\n<ul>\n<li>Pomaga w konserwacji barek dzielonych, umo\u017cliwiaj\u0105c dost\u0119p do wewn\u0119trznych podzespo\u0142\u00f3w w celu przeprowadzenia kontroli i naprawy, co poprawia og\u00f3ln\u0105 konserwacj\u0119 statku.<\/li>\n<\/ul>\n<\/li>\n<li><strong>Projekty budowlane:<\/strong>\n<ul>\n<li>U\u017cywane w morskich dzia\u0142aniach budowlanych, gdzie do transportu ci\u0119\u017ckich materia\u0142\u00f3w i sprz\u0119tu na place budowy wymagane s\u0105 rozdzielone barki.<\/li>\n<\/ul>\n<\/li>\n<li><strong>Oczyszczanie \u015brodowiska:<\/strong>\n<ul>\n<li>Wspiera dzia\u0142ania w ramach projekt\u00f3w remediacji \u015brodowiska, w ramach kt\u00f3rych do transportu odpad\u00f3w lub sprz\u0119tu wykorzystywanego do oczyszczania wykorzystuje si\u0119 rozdzielone barki.<\/li>\n<\/ul>\n<\/li>\n<li><strong>Operacje na morzu:<\/strong>\n<ul>\n<li>Stosowane w pracach wiertniczych i eksploracyjnych na morzu, gdzie rozdzielone barki mog\u0105 by\u0107 u\u017cywane do wydajnego transportu sprz\u0119tu i personelu.<\/li>\n<\/ul>\n<\/li>\n<li><strong>Stocznie remontowo-budowlane:<\/strong>\n<ul>\n<li>Stosowane w stoczniach do transportu materia\u0142\u00f3w i podzespo\u0142\u00f3w niezb\u0119dnych do budowy lub naprawy statk\u00f3w, co u\u0142atwia sprawn\u0105 logistyk\u0119.<\/li>\n<\/ul>\n<\/li>\n<li><strong>Reagowanie w sytuacjach awaryjnych:<\/strong>\n<ul>\n<li>Pomaga w szybkim rozmieszczaniu zasob\u00f3w podczas sytuacji kryzysowych na morzu, umo\u017cliwiaj\u0105c szybki dost\u0119p do niezb\u0119dnego sprz\u0119tu i zaopatrzenia.<\/li>\n<\/ul>\n<\/li>\n<li><strong>Us\u0142ugi promowe:<\/strong>\n<ul>\n<li>Poprawia funkcjonalno\u015b\u0107 dzielonych barek promowych, zwi\u0119kszaj\u0105c wydajno\u015b\u0107 transportu pojazd\u00f3w i pasa\u017cer\u00f3w przez wod\u0119.<\/li>\n<\/ul>\n<\/li>\n<\/ol>\n<p>Zastosowania te dowodz\u0105 wszechstronno\u015bci i znaczenia cylindra dzielonego Split Barge w r\u00f3\u017cnych operacjach morskich i logistycznych, przyczyniaj\u0105c si\u0119 do zwi\u0119kszenia wydajno\u015bci i bezpiecze\u0144stwa w przemy\u015ble morskim.<\/p>\n<p><img loading=\"lazy\" decoding=\"async\" class=\"alignnone size-full wp-image-709\" src=\"https:\/\/fmp-components.com\/wp-content\/uploads\/2024\/12\/Split-Barge-Split-Cylinder-Features.webp\" alt=\"Funkcje dzielonego-barki-dzielonego-cylindra\" width=\"1000\" height=\"390\" title=\"\" srcset=\"https:\/\/fmp-components.com\/wp-content\/uploads\/2024\/12\/Split-Barge-Split-Cylinder-Features.webp 1000w, https:\/\/fmp-components.com\/wp-content\/uploads\/2024\/12\/Split-Barge-Split-Cylinder-Features-980x382.webp 980w, https:\/\/fmp-components.com\/wp-content\/uploads\/2024\/12\/Split-Barge-Split-Cylinder-Features-480x187.webp 480w\" sizes=\"(min-width: 0px) and (max-width: 480px) 480px, (min-width: 481px) and (max-width: 980px) 980px, (min-width: 981px) 1000px, 100vw\" \/><\/p>\n<h3>O FMP<\/h3>\n<p>FMP to wyspecjalizowana firma produkcyjna specjalizuj\u0105ca si\u0119 w produkcji si\u0142ownik\u00f3w hydraulicznych. Od momentu powstania firma koncentruje si\u0119 na badaniach i produkcji w dziedzinie technologii hydraulicznych, z powodzeniem przechodz\u0105c od zr\u00f3\u017cnicowanego asortymentu produkt\u00f3w, obejmuj\u0105cego maszyny do zbior\u00f3w i maszyny budowlane, do specjalizacji w produkcji podzespo\u0142\u00f3w do ci\u0105gnik\u00f3w rolniczych. Dzi\u0119ki ponad dziesi\u0119cioletniemu do\u015bwiadczeniu w produkcji i zarz\u0105dzaniu, FMP gwarantuje wysok\u0105 jako\u015b\u0107 produkt\u00f3w dzi\u0119ki zaawansowanym technikom produkcyjnym.<\/p>\n<p>Wraz z rozwojem firmy, rozwin\u0119li\u015bmy kompleksow\u0105 lini\u0119 produkcyjn\u0105 do obr\u00f3bki mechanicznej, lini\u0119 monta\u017cow\u0105 oraz lini\u0119 do powlekania. Nasz zesp\u00f3\u0142 sk\u0142ada si\u0119 z wykwalifikowanej kadry kierowniczej, do\u015bwiadczonych projektant\u00f3w mechanik\u00f3w oraz wysoko wykwalifikowanych technik\u00f3w, kt\u00f3rzy wsp\u00f3lnie dbaj\u0105 o utrzymanie stabilnej jako\u015bci produkcji, jednocze\u015bnie skutecznie kontroluj\u0105c ci\u0105g\u0142o\u015b\u0107 i wydajno\u015b\u0107 procesu.<\/p>\n<p>FMP wyznaje filozofi\u0119 \u201eInnowacje technologiczne nap\u0119dzaj\u0105 post\u0119p, jako\u015b\u0107 tworzy marki, rzemios\u0142o zapewnia jako\u015b\u0107 i buduje d\u0142ugoterminowe relacje korzystne dla obu stron\u201d. Nasze zaanga\u017cowanie w dostarczanie wysokiej jako\u015bci produkt\u00f3w i \u015bwiadczenie najwy\u017cszej jako\u015bci obs\u0142ugi klienta pozostaje naszym kluczowym celem, poniewa\u017c wci\u0105\u017c staramy si\u0119 sprosta\u0107 zmieniaj\u0105cym si\u0119 potrzebom rynku.<\/p>\n<p><img loading=\"lazy\" decoding=\"async\" class=\"alignnone size-full wp-image-426\" src=\"https:\/\/fmp-components.com\/wp-content\/uploads\/2024\/12\/Sanitation-Machinery-Locking-Hydraulic-Cylinder-factory.webp\" sizes=\"(min-width: 0px) and (max-width: 480px) 480px, (min-width: 481px) and (max-width: 980px) 980px, (min-width: 981px) and (max-width: 1280px) 1280px, (min-width: 1281px) 1414px, 100vw\" srcset=\"https:\/\/fmp-components.com\/wp-content\/uploads\/2024\/12\/Sanitation-Machinery-Locking-Hydraulic-Cylinder-factory.webp 1414w, https:\/\/fmp-components.com\/wp-content\/uploads\/2024\/12\/Sanitation-Machinery-Locking-Hydraulic-Cylinder-factory-1280x529.webp 1280w, https:\/\/fmp-components.com\/wp-content\/uploads\/2024\/12\/Sanitation-Machinery-Locking-Hydraulic-Cylinder-factory-980x405.webp 980w, https:\/\/fmp-components.com\/wp-content\/uploads\/2024\/12\/Sanitation-Machinery-Locking-Hydraulic-Cylinder-factory-480x198.webp 480w\" alt=\"Sanitacja-Maszyny-Blokady-Hydrauliczne-Fabryka-Cylinder\u00f3w\" width=\"1414\" height=\"584\" title=\"\"><\/p>\n<p>Autor: CX<\/p>","protected":false},"excerpt":{"rendered":"<p>Si\u0142ownik dzielony do barek dzielonych to specjalistyczny element hydrauliczny zaprojektowany w celu usprawnienia efektywnej obs\u0142ugi barek dzielonych w zastosowaniach morskich. Si\u0142ownik ten zapewnia niezb\u0119dn\u0105 si\u0142\u0119 do rozdzielania lub dzielenia sekcji barki, umo\u017cliwiaj\u0105c \u0142atwy za\u0142adunek i roz\u0142adunek \u0142adunku, a jednocze\u015bnie zwi\u0119kszaj\u0105c zwrotno\u015b\u0107. Wykonany z materia\u0142\u00f3w o wysokiej wytrzyma\u0142o\u015bci, zosta\u0142 zaprojektowany tak, aby wytrzyma\u0107 trudne warunki morskie, gwarantuj\u0105c trwa\u0142o\u015b\u0107 i niezawodno\u015b\u0107 w ekstremalnych warunkach. P\u0142ynne dzia\u0142anie hydrauliczne umo\u017cliwia precyzyjn\u0105 kontrol\u0119 podczas pracy, poprawiaj\u0105c og\u00f3ln\u0105 wydajno\u015b\u0107 i bezpiecze\u0144stwo obs\u0142ugi barek. Ten si\u0142ownik dzielony jest niezb\u0119dny do optymalizacji funkcjonalno\u015bci barek dzielonych, znacz\u0105co przyczyniaj\u0105c si\u0119 do efektywnej logistyki morskiej i transportu.<\/p>","protected":false},"featured_media":707,"comment_status":"open","ping_status":"closed","template":"","meta":{"_et_pb_use_builder":"","_et_pb_old_content":"","_et_gb_content_width":""},"product_brand":[],"product_cat":[28],"product_tag":[],"class_list":{"0":"post-705","1":"product","2":"type-product","3":"status-publish","4":"has-post-thumbnail","6":"product_cat-offshore-hydraulic-cylinders","8":"first","9":"instock","10":"shipping-taxable","11":"product-type-simple"},"_links":{"self":[{"href":"https:\/\/fmp-components.com\/pl\/wp-json\/wp\/v2\/product\/705","targetHints":{"allow":["GET"]}}],"collection":[{"href":"https:\/\/fmp-components.com\/pl\/wp-json\/wp\/v2\/product"}],"about":[{"href":"https:\/\/fmp-components.com\/pl\/wp-json\/wp\/v2\/types\/product"}],"replies":[{"embeddable":true,"href":"https:\/\/fmp-components.com\/pl\/wp-json\/wp\/v2\/comments?post=705"}],"wp:featuredmedia":[{"embeddable":true,"href":"https:\/\/fmp-components.com\/pl\/wp-json\/wp\/v2\/media\/707"}],"wp:attachment":[{"href":"https:\/\/fmp-components.com\/pl\/wp-json\/wp\/v2\/media?parent=705"}],"wp:term":[{"taxonomy":"product_brand","embeddable":true,"href":"https:\/\/fmp-components.com\/pl\/wp-json\/wp\/v2\/product_brand?post=705"},{"taxonomy":"product_cat","embeddable":true,"href":"https:\/\/fmp-components.com\/pl\/wp-json\/wp\/v2\/product_cat?post=705"},{"taxonomy":"product_tag","embeddable":true,"href":"https:\/\/fmp-components.com\/pl\/wp-json\/wp\/v2\/product_tag?post=705"}],"curies":[{"name":"wp","href":"https:\/\/api.w.org\/{rel}","templated":true}]}}