{"id":7035,"date":"2025-03-14T08:21:41","date_gmt":"2025-03-14T08:21:41","guid":{"rendered":"https:\/\/fmp-components.com\/?post_type=product&#038;p=7035"},"modified":"2025-03-27T01:24:36","modified_gmt":"2025-03-27T01:24:36","slug":"miter-gears","status":"publish","type":"product","link":"https:\/\/fmp-components.com\/pl\/product\/miter-gears\/","title":{"rendered":"Ko\u0142a z\u0119bate uko\u015bne"},"content":{"rendered":"<p>Ko\u0142a z\u0119bate uko\u015bne to rodzaj <a href=\"https:\/\/fmp-components.com\/pl\/bevel-gear-2\/\">przek\u0142adnia sto\u017ckowa<\/a> Zaprojektowane do przenoszenia mocy mi\u0119dzy przecinaj\u0105cymi si\u0119 wa\u0142ami, zazwyczaj pod k\u0105tem 90 stopni, z prze\u0142o\u017ceniem 1:1, zapewniaj\u0105c wydajne i precyzyjne przenoszenie ruchu w r\u00f3\u017cnych zastosowaniach mechanicznych. W firmie FMP Company produkujemy szerok\u0105 gam\u0119 przek\u0142adni k\u0105towych i oferujemy dostosowanie ich do indywidualnych potrzeb. Je\u015bli poszukiwanego modelu nie ma w naszym katalogu produkt\u00f3w, by\u0107 mo\u017ce nie zosta\u0142 on jeszcze zaktualizowany \u2014 prosimy o kontakt mailowy z \u017c\u0105danymi specyfikacjami, a nasi in\u017cynierowie odpowiedz\u0105 w ci\u0105gu 24 godzin.<\/p>\n<div>\n<h3>Specyfikacje produktu przek\u0142adni k\u0105towych<\/h3>\n<p class=\"break-words\">Zapoznaj si\u0119 z nasz\u0105 ofert\u0105 wysokiej jako\u015bci przek\u0142adni k\u0105towych, zaprojektowanych do efektywnego przenoszenia mocy przy k\u0105cie wa\u0142u 90\u00b0 i prze\u0142o\u017ceniu 1:1. Dost\u0119pne w r\u00f3\u017cnych materia\u0142ach, typach z\u0119b\u00f3w i rozmiarach modu\u0142\u00f3w, te przek\u0142adnie k\u0105towe idealnie nadaj\u0105 si\u0119 do zastosowa\u0144 przemys\u0142owych, maszynowych i niestandardowych projekt\u00f3w in\u017cynieryjnych.<\/p>\n<div class=\"overflow-x-auto my-2\">\n<table style=\"width: 100%;\" border=\"1\" width=\"100%\" cellspacing=\"0\" cellpadding=\"0\">\n<thead class=\"border-b border-primary\/20\">\n<tr class=\"border-primary\/10\">\n<th class=\"break-words\" style=\"width: 17.3016%;\"><strong>Model produktu<\/strong><\/th>\n<th class=\"break-words\" style=\"width: 7.46029%;\"><strong>Tworzywo<\/strong><\/th>\n<th class=\"break-words\" style=\"width: 7.93651%;\"><strong>Modu\u0142<\/strong><\/th>\n<th class=\"break-words\" style=\"width: 12.2222%;\"><strong>Liczba z\u0119b\u00f3w<\/strong><\/th>\n<th class=\"break-words\" style=\"width: 13.0158%;\"><strong>\u015arednica otworu (mm)<\/strong><\/th>\n<th class=\"break-words\" style=\"width: 10.9524%;\"><strong>Rodzaj z\u0119ba<\/strong><\/th>\n<th class=\"break-words\" style=\"width: 12.381%;\"><strong>K\u0105t ci\u015bnienia<\/strong><\/th>\n<th class=\"break-words\" style=\"width: 8.88889%;\"><strong>K\u0105t wa\u0142u<\/strong><\/th>\n<th class=\"break-words\" style=\"width: 9.52381%;\"><strong>Waga (kg)<\/strong><\/th>\n<\/tr>\n<\/thead>\n<tbody>\n<tr class=\"border-primary\/10\">\n<td class=\"break-words\" style=\"width: 17.3016%;\">MG-ST-101<\/td>\n<td class=\"break-words\" style=\"width: 7.46029%;\">Stal<\/td>\n<td class=\"break-words\" style=\"width: 7.93651%;\">1.0<\/td>\n<td class=\"break-words\" style=\"width: 12.2222%;\">20<\/td>\n<td class=\"break-words\" style=\"width: 13.0158%;\">8<\/td>\n<td class=\"break-words\" style=\"width: 10.9524%;\">Prosty<\/td>\n<td class=\"break-words\" style=\"width: 12.381%;\">20\u00b0<\/td>\n<td class=\"break-words\" style=\"width: 8.88889%;\">90\u00b0<\/td>\n<td class=\"break-words\" style=\"width: 9.52381%;\">0.15<\/td>\n<\/tr>\n<tr class=\"border-primary\/10\">\n<td class=\"break-words\" style=\"width: 17.3016%;\">MG-SP-152<\/td>\n<td class=\"break-words\" style=\"width: 7.46029%;\">Stal nierdzewna<\/td>\n<td class=\"break-words\" style=\"width: 7.93651%;\">1.5<\/td>\n<td class=\"break-words\" style=\"width: 12.2222%;\">25<\/td>\n<td class=\"break-words\" style=\"width: 13.0158%;\">10<\/td>\n<td class=\"break-words\" style=\"width: 10.9524%;\">Spirala<\/td>\n<td class=\"break-words\" style=\"width: 12.381%;\">20\u00b0<\/td>\n<td class=\"break-words\" style=\"width: 8.88889%;\">90\u00b0<\/td>\n<td class=\"break-words\" style=\"width: 9.52381%;\">0.25<\/td>\n<\/tr>\n<tr class=\"border-primary\/10\">\n<td class=\"break-words\" style=\"width: 17.3016%;\">MG-PL-203<\/td>\n<td class=\"break-words\" style=\"width: 7.46029%;\">Plastik (nylon)<\/td>\n<td class=\"break-words\" style=\"width: 7.93651%;\">2.0<\/td>\n<td class=\"break-words\" style=\"width: 12.2222%;\">30<\/td>\n<td class=\"break-words\" style=\"width: 13.0158%;\">12<\/td>\n<td class=\"break-words\" style=\"width: 10.9524%;\">Prosty<\/td>\n<td class=\"break-words\" style=\"width: 12.381%;\">20\u00b0<\/td>\n<td class=\"break-words\" style=\"width: 8.88889%;\">90\u00b0<\/td>\n<td class=\"break-words\" style=\"width: 9.52381%;\">0.10<\/td>\n<\/tr>\n<tr class=\"border-primary\/10\">\n<td class=\"break-words\" style=\"width: 17.3016%;\">MG-ST-254<\/td>\n<td class=\"break-words\" style=\"width: 7.46029%;\">Stal<\/td>\n<td class=\"break-words\" style=\"width: 7.93651%;\">2.5<\/td>\n<td class=\"break-words\" style=\"width: 12.2222%;\">20<\/td>\n<td class=\"break-words\" style=\"width: 13.0158%;\">15<\/td>\n<td class=\"break-words\" style=\"width: 10.9524%;\">Prosty<\/td>\n<td class=\"break-words\" style=\"width: 12.381%;\">20\u00b0<\/td>\n<td class=\"break-words\" style=\"width: 8.88889%;\">90\u00b0<\/td>\n<td class=\"break-words\" style=\"width: 9.52381%;\">0.35<\/td>\n<\/tr>\n<tr class=\"border-primary\/10\">\n<td class=\"break-words\" style=\"width: 17.3016%;\">MG-SP-305<\/td>\n<td class=\"break-words\" style=\"width: 7.46029%;\">Stal nierdzewna<\/td>\n<td class=\"break-words\" style=\"width: 7.93651%;\">3.0<\/td>\n<td class=\"break-words\" style=\"width: 12.2222%;\">25<\/td>\n<td class=\"break-words\" style=\"width: 13.0158%;\">20<\/td>\n<td class=\"break-words\" style=\"width: 10.9524%;\">Spirala<\/td>\n<td class=\"break-words\" style=\"width: 12.381%;\">20\u00b0<\/td>\n<td class=\"break-words\" style=\"width: 8.88889%;\">90\u00b0<\/td>\n<td class=\"break-words\" style=\"width: 9.52381%;\">0.50<\/td>\n<\/tr>\n<tr class=\"border-primary\/10\">\n<td class=\"break-words\" style=\"width: 17.3016%;\">MG-AN-451<\/td>\n<td class=\"break-words\" style=\"width: 7.46029%;\">Aluminium<\/td>\n<td class=\"break-words\" style=\"width: 7.93651%;\">4.0<\/td>\n<td class=\"break-words\" style=\"width: 12.2222%;\">30<\/td>\n<td class=\"break-words\" style=\"width: 13.0158%;\">25<\/td>\n<td class=\"break-words\" style=\"width: 10.9524%;\">Prosty<\/td>\n<td class=\"break-words\" style=\"width: 12.381%;\">20\u00b0<\/td>\n<td class=\"break-words\" style=\"width: 8.88889%;\">45\u00b0<\/td>\n<td class=\"break-words\" style=\"width: 9.52381%;\">0.40<\/td>\n<\/tr>\n<tr class=\"border-primary\/10\">\n<td class=\"break-words\" style=\"width: 17.3016%;\">MG-CH-502<\/td>\n<td class=\"break-words\" style=\"width: 7.46029%;\">Stal naw\u0119glana<\/td>\n<td class=\"break-words\" style=\"width: 7.93651%;\">5.0<\/td>\n<td class=\"break-words\" style=\"width: 12.2222%;\">20<\/td>\n<td class=\"break-words\" style=\"width: 13.0158%;\">30<\/td>\n<td class=\"break-words\" style=\"width: 10.9524%;\">Spirala<\/td>\n<td class=\"break-words\" style=\"width: 12.381%;\">20\u00b0<\/td>\n<td class=\"break-words\" style=\"width: 8.88889%;\">90\u00b0<\/td>\n<td class=\"break-words\" style=\"width: 9.52381%;\">0.75<\/td>\n<\/tr>\n<\/tbody>\n<\/table>\n<h2>Powi\u0105zany produkt<\/h2>\n<p><img loading=\"lazy\" decoding=\"async\" class=\"alignnone size-full wp-image-7104\" src=\"https:\/\/fmp-components.com\/wp-content\/uploads\/2025\/03\/miter-gear-product.webp\" alt=\"produkt przek\u0142adni k\u0105towej\" width=\"1000\" height=\"800\" title=\"\" srcset=\"https:\/\/fmp-components.com\/wp-content\/uploads\/2025\/03\/miter-gear-product.webp 1000w, https:\/\/fmp-components.com\/wp-content\/uploads\/2025\/03\/miter-gear-product-980x784.webp 980w, https:\/\/fmp-components.com\/wp-content\/uploads\/2025\/03\/miter-gear-product-480x384.webp 480w\" sizes=\"(min-width: 0px) and (max-width: 480px) 480px, (min-width: 481px) and (max-width: 980px) 980px, (min-width: 981px) 1000px, 100vw\" \/><\/p>\n<\/div>\n<\/div>\n<h2>Cechy przek\u0142adni k\u0105towych<\/h2>\n<div>\n<ul>\n<li class=\"break-words\"><strong>Transmisja k\u0105towa<\/strong>:Ko\u0142a z\u0119bate k\u0105towe zaprojektowano specjalnie do przenoszenia mocy i ruchu mi\u0119dzy dwoma wa\u0142ami przecinaj\u0105cymi si\u0119 pod k\u0105tem 90 stopni, dzi\u0119ki czemu idealnie nadaj\u0105 si\u0119 do kompaktowych uk\u0142ad\u00f3w.<\/li>\n<li class=\"break-words\"><strong>Prze\u0142o\u017cenie 1:1<\/strong>:Ko\u0142a z\u0119bate utrzymuj\u0105 r\u00f3wny stosunek pr\u0119dko\u015bci pomi\u0119dzy wa\u0142em nap\u0119dowym i nap\u0119dzanym, gwarantuj\u0105c sta\u0142\u0105 pr\u0119dko\u015b\u0107 obrotow\u0105 bez przyspieszania lub redukcji.<\/li>\n<li class=\"break-words\"><strong>Prosta konstrukcja z\u0119b\u00f3w<\/strong>:Zwykle wyposa\u017cone w z\u0119by o prostym kszta\u0142cie, przek\u0142adnie k\u0105towe zapewniaj\u0105 proste, ale skuteczne zaz\u0119bienie, co przek\u0142ada si\u0119 na p\u0142ynn\u0105 i niezawodn\u0105 prac\u0119 w r\u00f3\u017cnych zastosowaniach.<\/li>\n<li class=\"break-words\"><strong>Wszechstronne zastosowania<\/strong>Ze wzgl\u0119du na swoj\u0105 konstrukcj\u0119 przek\u0142adnie k\u0105towe s\u0105 powszechnie stosowane w maszynach takich jak robotyka, systemy samochodowe i sprz\u0119t przemys\u0142owy wymagaj\u0105cy precyzyjnych zmian kierunku.<\/li>\n<li class=\"break-words\"><strong>Wysoka wytrzyma\u0142o\u015b\u0107 i trwa\u0142o\u015b\u0107<\/strong>Wykonane z wytrzyma\u0142ych materia\u0142\u00f3w przek\u0142adnie k\u0105towe zaprojektowano tak, aby wytrzymywa\u0142y znaczne obci\u0105\u017cenia mechaniczne, zapewniaj\u0105c d\u0142ugotrwa\u0142\u0105 wydajno\u015b\u0107 i niezawodno\u015b\u0107.<\/li>\n<\/ul>\n<h2>O FMP<\/h2>\n<p>FMP to wiod\u0105cy w\u0142oski producent k\u00f3\u0142 z\u0119batych i listew z\u0119batych, znany ze swojego do\u015bwiadczenia w produkcji zar\u00f3wno standardowych komponent\u00f3w, jak i rozwi\u0105za\u0144 niestandardowych. Opr\u00f3cz asortymentu cz\u0119\u015bci standardowych, FMP specjalizuje si\u0119 w wytwarzaniu standardowych i specjalistycznych k\u00f3\u0142 z\u0119batych na podstawie rysunk\u00f3w lub pr\u00f3bek dostarczonych przez klient\u00f3w. Nasze ko\u0142a z\u0119bate s\u0105 dost\u0119pne w r\u00f3\u017cnych materia\u0142ach, w tym ze stali w\u0119glowej, stali nierdzewnej, aluminium, miedzi, mosi\u0105dzu oraz tworzywa sztucznego, w konfiguracjach \u015brubowych lub walcowych. W przypadku jakichkolwiek wymaga\u0144 dotycz\u0105cych niestandardowych produkt\u00f3w przek\u0142adniowych, prosimy o kontakt mailowy. Dedykowany zesp\u00f3\u0142 profesjonalnych in\u017cynier\u00f3w FMP odpowie na Pa\u0144stwa zapytanie w ci\u0105gu 24 godzin.<\/p>\n<p><img loading=\"lazy\" decoding=\"async\" class=\"alignnone size-full wp-image-7010\" src=\"https:\/\/fmp-components.com\/wp-content\/uploads\/2025\/03\/bevel-gear-3.webp\" alt=\"przek\u0142adnia sto\u017ckowa\" width=\"1076\" height=\"721\" title=\"\" srcset=\"https:\/\/fmp-components.com\/wp-content\/uploads\/2025\/03\/bevel-gear-3.webp 1076w, https:\/\/fmp-components.com\/wp-content\/uploads\/2025\/03\/bevel-gear-3-980x657.webp 980w, https:\/\/fmp-components.com\/wp-content\/uploads\/2025\/03\/bevel-gear-3-480x322.webp 480w\" sizes=\"(min-width: 0px) and (max-width: 480px) 480px, (min-width: 481px) and (max-width: 980px) 980px, (min-width: 981px) 1076px, 100vw\" \/><\/p>\n<\/div>","protected":false},"excerpt":{"rendered":"<p>Miter Gears are a type of bevel gear designed to transmit power between intersecting shafts, typically at a 90-degree angle, with a 1:1 gear ratio, providing efficient and precise motion transfer in various mechanical applications. At FMP Company, we produce a diverse range of Miter Gears and offer customization to meet your specific requirements. If [&hellip;]<\/p>","protected":false},"featured_media":4722,"comment_status":"open","ping_status":"closed","template":"","meta":{"_et_pb_use_builder":"","_et_pb_old_content":"","_et_gb_content_width":""},"product_brand":[],"product_cat":[106],"product_tag":[],"class_list":{"0":"post-7035","1":"product","2":"type-product","3":"status-publish","4":"has-post-thumbnail","6":"product_cat-bevel-gears","8":"first","9":"instock","10":"shipping-taxable","11":"product-type-simple"},"_links":{"self":[{"href":"https:\/\/fmp-components.com\/pl\/wp-json\/wp\/v2\/product\/7035","targetHints":{"allow":["GET"]}}],"collection":[{"href":"https:\/\/fmp-components.com\/pl\/wp-json\/wp\/v2\/product"}],"about":[{"href":"https:\/\/fmp-components.com\/pl\/wp-json\/wp\/v2\/types\/product"}],"replies":[{"embeddable":true,"href":"https:\/\/fmp-components.com\/pl\/wp-json\/wp\/v2\/comments?post=7035"}],"wp:featuredmedia":[{"embeddable":true,"href":"https:\/\/fmp-components.com\/pl\/wp-json\/wp\/v2\/media\/4722"}],"wp:attachment":[{"href":"https:\/\/fmp-components.com\/pl\/wp-json\/wp\/v2\/media?parent=7035"}],"wp:term":[{"taxonomy":"product_brand","embeddable":true,"href":"https:\/\/fmp-components.com\/pl\/wp-json\/wp\/v2\/product_brand?post=7035"},{"taxonomy":"product_cat","embeddable":true,"href":"https:\/\/fmp-components.com\/pl\/wp-json\/wp\/v2\/product_cat?post=7035"},{"taxonomy":"product_tag","embeddable":true,"href":"https:\/\/fmp-components.com\/pl\/wp-json\/wp\/v2\/product_tag?post=7035"}],"curies":[{"name":"wp","href":"https:\/\/api.w.org\/{rel}","templated":true}]}}