{"id":7030,"date":"2025-03-14T07:40:07","date_gmt":"2025-03-14T07:40:07","guid":{"rendered":"https:\/\/fmp-components.com\/?post_type=product&#038;p=7030"},"modified":"2025-03-27T01:25:11","modified_gmt":"2025-03-27T01:25:11","slug":"straight-bevel-gear","status":"publish","type":"product","link":"https:\/\/fmp-components.com\/pl\/product\/straight-bevel-gear\/","title":{"rendered":"Przek\u0142adnia sto\u017ckowa prosta"},"content":{"rendered":"<p>Przek\u0142adnia sto\u017ckowa prosta to rodzaj <a href=\"https:\/\/fmp-components.com\/pl\/bevel-gear-2\/\">przek\u0142adnia sto\u017ckowa<\/a> Z prostymi, sto\u017ckowymi z\u0119bami, naci\u0119tymi wzd\u0142u\u017c sto\u017ckowej powierzchni ko\u0142a z\u0119batego, zaprojektowanymi do efektywnego przenoszenia mocy mi\u0119dzy przecinaj\u0105cymi si\u0119 wa\u0142ami, zazwyczaj pod k\u0105tem 90 stopni, oferuj\u0105c prostot\u0119 i niezawodno\u015b\u0107 w zastosowaniach takich jak mechanizmy r\u00f3\u017cnicowe w samochodach i maszynach. W firmie FMP z dum\u0105 produkujemy szerok\u0105 gam\u0119 przek\u0142adni sto\u017ckowych, w tym przek\u0142adnie proste, spiralne i \u015brubowe, a tak\u017ce oferujemy rozwi\u0105zania dostosowane do indywidualnych potrzeb. Je\u015bli nie znajdziesz poszukiwanego modelu na naszej li\u015bcie produkt\u00f3w, oznacza to po prostu, \u017ce nie mieli\u015bmy jeszcze czasu na jej aktualizacj\u0119 \u2014 prosimy o kontakt mailowy z \u017c\u0105danymi specyfikacjami, a nasi in\u017cynierowie odpowiedz\u0105 w ci\u0105gu 24 godzin, udzielaj\u0105c spersonalizowanej pomocy.<\/p>\n<h2>Specyfikacja<\/h2>\n<table class=\"table\" border=\"1\" width=\"100%\" cellspacing=\"0\" cellpadding=\"0\">\n<tbody>\n<tr class=\"firstRow\">\n<td valign=\"center\" width=\"132\">Numer modelu<\/td>\n<td valign=\"center\" width=\"491\">M3, M4, M5, M8, M12 itd.<\/td>\n<\/tr>\n<tr>\n<td valign=\"center\" width=\"132\">Tworzywo<\/td>\n<td valign=\"center\" width=\"491\">Mosi\u0105dz, stal C45, stal nierdzewna, mied\u017a, POM, aluminium, stop itp.<\/td>\n<\/tr>\n<tr>\n<td valign=\"center\" width=\"132\">Obr\u00f3bka powierzchni<\/td>\n<td valign=\"center\" width=\"491\">Cynkowanie, Niklowanie, Pasywacja, Utlenianie, Anodowanie,<br \/>\nGeomet, Dacromet, Czarny tlenek, fosforanowanie, malowanie proszkowe i elektroforeza<\/td>\n<\/tr>\n<tr>\n<td valign=\"center\" width=\"132\">Standard<\/td>\n<td valign=\"center\" width=\"491\">ISO, DIN, ANSI, JIS, BS i niestandardowe.<\/td>\n<\/tr>\n<tr>\n<td valign=\"center\" width=\"132\">Precyzja<\/td>\n<td valign=\"center\" width=\"491\">DIN6, DIN7, DIN8, DIN9.<\/td>\n<\/tr>\n<tr>\n<td valign=\"center\" width=\"132\">Leczenie z\u0119b\u00f3w<\/td>\n<td valign=\"center\" width=\"491\">Utwardzane, frezowane lub szlifowane<\/td>\n<\/tr>\n<tr>\n<td valign=\"center\" width=\"132\">Tolerancja<\/td>\n<td valign=\"center\" width=\"491\">0,001 mm-0,01 mm-0,1 mm<\/td>\n<\/tr>\n<tr>\n<td valign=\"center\" width=\"132\">Sko\u0144czy\u0107<\/td>\n<td valign=\"center\" width=\"491\">\u015brutowanie\/piaskowanie, obr\u00f3bka cieplna, wy\u017carzanie, odpuszczanie, polerowanie, anodowanie, cynkowanie<\/td>\n<\/tr>\n<tr>\n<td valign=\"center\" width=\"132\">Pakowanie przedmiot\u00f3w<\/td>\n<td valign=\"center\" width=\"491\">Torba plastikowa + kartony lub opakowanie drewniane<\/td>\n<\/tr>\n<tr>\n<td valign=\"center\" width=\"132\">Warunki p\u0142atno\u015bci<\/td>\n<td valign=\"center\" width=\"491\">T\/T, L\/C<\/td>\n<\/tr>\n<tr>\n<td valign=\"center\" width=\"132\">Czas realizacji produkcji<\/td>\n<td valign=\"center\" width=\"491\">20 dni roboczych na pr\u00f3bk\u0119, 25 dni na parti\u0119 hurtow\u0105<\/td>\n<\/tr>\n<tr>\n<td valign=\"center\" width=\"132\">Pr\u00f3bki<\/td>\n<td valign=\"center\" width=\"491\">Przyk\u0142adowy zakres cen od $2 do $100.<br \/>\npr\u00f3bka ekspresowego zam\u00f3wienia op\u0142acona przez klient\u00f3w<\/td>\n<\/tr>\n<tr>\n<td valign=\"center\" width=\"132\">Aplikacja<\/td>\n<td valign=\"center\" width=\"491\">1. Automatyczna maszyna steruj\u0105ca<br \/>\n2. Przemys\u0142 p\u00f3\u0142przewodnikowy<br \/>\n3. Maszyny og\u00f3lnego przeznaczenia<br \/>\n4. Sprz\u0119t medyczny<br \/>\n5. Sprz\u0119t do pozyskiwania energii s\u0142onecznej<br \/>\n6. Obrabiarka<br \/>\n7. System parkingowy<br \/>\n8. Sprz\u0119t do transportu kolejowego i lotniczego du\u017cych pr\u0119dko\u015bci itp.<\/td>\n<\/tr>\n<\/tbody>\n<\/table>\n<h2>Cechy przek\u0142adni sto\u017ckowej prostej<\/h2>\n<div>\n<ul>\n<li class=\"break-words\"><strong>Prosta konstrukcja z\u0119b\u00f3w<\/strong>:Ko\u0142a z\u0119bate sto\u017ckowe o z\u0119bach prostych maj\u0105 z\u0119by zw\u0119\u017caj\u0105ce si\u0119 wzd\u0142u\u017c powierzchni sto\u017ckowej, co zapewnia prost\u0105 i skuteczn\u0105 konstrukcj\u0119 do przekazywania mocy mi\u0119dzy przecinaj\u0105cymi si\u0119 wa\u0142ami.<\/li>\n<li class=\"break-words\"><strong>Wydajny transfer mocy<\/strong>:Przek\u0142adnie te s\u0105 zaprojektowane tak, aby przenosi\u0107 moment obrotowy p\u0142ynnie i niezawodnie, zazwyczaj pod k\u0105tem 90 stopni, dzi\u0119ki czemu nadaj\u0105 si\u0119 do zastosowa\u0144 takich jak mechanizmy r\u00f3\u017cnicowe w samochodach i podstawowe maszyny.<\/li>\n<li class=\"break-words\"><strong>Ekonomiczna produkcja<\/strong>Prosta geometria z\u0119b\u00f3w pozwala na \u0142atwiejsz\u0105 i ta\u0144sz\u0105 produkcj\u0119 w por\u00f3wnaniu do k\u00f3\u0142 z\u0119batych sto\u017ckowych o z\u0119bach spiralnych lub \u015brubowych, oferuj\u0105c ekonomiczne rozwi\u0105zanie dla wielu system\u00f3w.<\/li>\n<li class=\"break-words\"><strong>Umiarkowana \u0142adowno\u015b\u0107<\/strong>:Przek\u0142adnie sto\u017ckowe o z\u0119bach prostych s\u0105 w stanie przenosi\u0107 umiarkowane obci\u0105\u017cenia, ale maj\u0105 mniejsz\u0105 powierzchni\u0119 styku z\u0119b\u00f3w ni\u017c przek\u0142adnie spiralne, co sprawia, \u017ce \u200b\u200bnajlepiej nadaj\u0105 si\u0119 do zastosowa\u0144 wymagaj\u0105cych ni\u017cszego momentu obrotowego lub pr\u0119dko\u015bci.<\/li>\n<li class=\"break-words\"><strong>Kompaktowy i wszechstronny<\/strong>:Ich sto\u017ckowy kszta\u0142t pozwala na kompaktow\u0105 integracj\u0119 z systemami mechanicznymi, zapewniaj\u0105c wszechstronno\u015b\u0107 w uk\u0142adach o ograniczonej przestrzeni, cho\u0107 mog\u0105 wytwarza\u0107 wi\u0119cej ha\u0142asu i wibracji w warunkach du\u017cej pr\u0119dko\u015bci.<\/li>\n<\/ul>\n<p><img loading=\"lazy\" decoding=\"async\" class=\"alignnone size-full wp-image-7031\" src=\"https:\/\/fmp-components.com\/wp-content\/uploads\/2025\/03\/Straight-Bevel-Gear-1.webp\" alt=\"Przek\u0142adnia sto\u017ckowa prosta\" width=\"969\" height=\"648\" title=\"\" srcset=\"https:\/\/fmp-components.com\/wp-content\/uploads\/2025\/03\/Straight-Bevel-Gear-1.webp 969w, https:\/\/fmp-components.com\/wp-content\/uploads\/2025\/03\/Straight-Bevel-Gear-1-480x321.webp 480w\" sizes=\"(min-width: 0px) and (max-width: 480px) 480px, (min-width: 481px) 969px, 100vw\" \/><\/p>\n<\/div>\n<h2>O FMP<\/h2>\n<p>FMP to wiod\u0105cy w\u0142oski producent k\u00f3\u0142 z\u0119batych i listew z\u0119batych, znany ze swojego do\u015bwiadczenia w produkcji zar\u00f3wno standardowych komponent\u00f3w, jak i rozwi\u0105za\u0144 niestandardowych. Opr\u00f3cz asortymentu cz\u0119\u015bci standardowych, FMP specjalizuje si\u0119 w wytwarzaniu standardowych i specjalistycznych k\u00f3\u0142 z\u0119batych na podstawie rysunk\u00f3w lub pr\u00f3bek dostarczonych przez klient\u00f3w. Nasze ko\u0142a z\u0119bate s\u0105 dost\u0119pne w r\u00f3\u017cnych materia\u0142ach, w tym ze stali w\u0119glowej, stali nierdzewnej, aluminium, miedzi, mosi\u0105dzu oraz tworzywa sztucznego, w konfiguracjach \u015brubowych lub walcowych. W przypadku jakichkolwiek wymaga\u0144 dotycz\u0105cych niestandardowych produkt\u00f3w przek\u0142adniowych, prosimy o kontakt mailowy. Dedykowany zesp\u00f3\u0142 profesjonalnych in\u017cynier\u00f3w FMP odpowie na Pa\u0144stwa zapytanie w ci\u0105gu 24 godzin.<\/p>\n<p><img loading=\"lazy\" decoding=\"async\" class=\"alignnone size-full wp-image-7010\" src=\"https:\/\/fmp-components.com\/wp-content\/uploads\/2025\/03\/bevel-gear-3.webp\" alt=\"przek\u0142adnia sto\u017ckowa\" width=\"1076\" height=\"721\" title=\"\" srcset=\"https:\/\/fmp-components.com\/wp-content\/uploads\/2025\/03\/bevel-gear-3.webp 1076w, https:\/\/fmp-components.com\/wp-content\/uploads\/2025\/03\/bevel-gear-3-980x657.webp 980w, https:\/\/fmp-components.com\/wp-content\/uploads\/2025\/03\/bevel-gear-3-480x322.webp 480w\" sizes=\"(min-width: 0px) and (max-width: 480px) 480px, (min-width: 481px) and (max-width: 980px) 980px, (min-width: 981px) 1076px, 100vw\" \/><\/p>","protected":false},"excerpt":{"rendered":"<p>A straight bevel gear is a type of bevel gear with straight, tapered teeth cut along the gear\u2019s conical surface, designed to transmit power efficiently between intersecting shafts, typically at a 90-degree angle, offering simplicity and reliability in applications like automotive differentials and machinery. At FMP Company, we proudly manufacture a wide range of bevel [&hellip;]<\/p>","protected":false},"featured_media":4345,"comment_status":"open","ping_status":"closed","template":"","meta":{"_et_pb_use_builder":"","_et_pb_old_content":"","_et_gb_content_width":""},"product_brand":[],"product_cat":[106],"product_tag":[],"class_list":{"0":"post-7030","1":"product","2":"type-product","3":"status-publish","4":"has-post-thumbnail","6":"product_cat-bevel-gears","8":"first","9":"instock","10":"shipping-taxable","11":"product-type-simple"},"_links":{"self":[{"href":"https:\/\/fmp-components.com\/pl\/wp-json\/wp\/v2\/product\/7030","targetHints":{"allow":["GET"]}}],"collection":[{"href":"https:\/\/fmp-components.com\/pl\/wp-json\/wp\/v2\/product"}],"about":[{"href":"https:\/\/fmp-components.com\/pl\/wp-json\/wp\/v2\/types\/product"}],"replies":[{"embeddable":true,"href":"https:\/\/fmp-components.com\/pl\/wp-json\/wp\/v2\/comments?post=7030"}],"wp:featuredmedia":[{"embeddable":true,"href":"https:\/\/fmp-components.com\/pl\/wp-json\/wp\/v2\/media\/4345"}],"wp:attachment":[{"href":"https:\/\/fmp-components.com\/pl\/wp-json\/wp\/v2\/media?parent=7030"}],"wp:term":[{"taxonomy":"product_brand","embeddable":true,"href":"https:\/\/fmp-components.com\/pl\/wp-json\/wp\/v2\/product_brand?post=7030"},{"taxonomy":"product_cat","embeddable":true,"href":"https:\/\/fmp-components.com\/pl\/wp-json\/wp\/v2\/product_cat?post=7030"},{"taxonomy":"product_tag","embeddable":true,"href":"https:\/\/fmp-components.com\/pl\/wp-json\/wp\/v2\/product_tag?post=7030"}],"curies":[{"name":"wp","href":"https:\/\/api.w.org\/{rel}","templated":true}]}}