{"id":7022,"date":"2025-03-14T07:00:14","date_gmt":"2025-03-14T07:00:14","guid":{"rendered":"https:\/\/fmp-components.com\/?post_type=product&#038;p=7022"},"modified":"2025-03-27T01:26:09","modified_gmt":"2025-03-27T01:26:09","slug":"spiral-bevel-gear","status":"publish","type":"product","link":"https:\/\/fmp-components.com\/pl\/product\/spiral-bevel-gear\/","title":{"rendered":"Przek\u0142adnia sto\u017ckowa spiralna"},"content":{"rendered":"<h2>Specyfikacja<\/h2>\n<table class=\"table\" border=\"1\" width=\"100%\" cellspacing=\"0\" cellpadding=\"0\">\n<tbody>\n<tr class=\"firstRow\">\n<td valign=\"center\" width=\"132\">Numer modelu<\/td>\n<td valign=\"center\" width=\"491\">M3, M4, M5, M8, M12 itd.<\/td>\n<\/tr>\n<tr>\n<td valign=\"center\" width=\"132\">Tworzywo<\/td>\n<td valign=\"center\" width=\"491\">Mosi\u0105dz, stal C45, stal nierdzewna, mied\u017a, POM, aluminium, stop itp.<\/td>\n<\/tr>\n<tr>\n<td valign=\"center\" width=\"132\">Obr\u00f3bka powierzchni<\/td>\n<td valign=\"center\" width=\"491\">Cynkowanie, Niklowanie, Pasywacja, Utlenianie, Anodowanie,<br \/>\nGeomet, Dacromet, Czarny tlenek, fosforanowanie, malowanie proszkowe i elektroforeza<\/td>\n<\/tr>\n<tr>\n<td valign=\"center\" width=\"132\">Standard<\/td>\n<td valign=\"center\" width=\"491\">ISO, DIN, ANSI, JIS, BS i niestandardowe.<\/td>\n<\/tr>\n<tr>\n<td valign=\"center\" width=\"132\">Precyzja<\/td>\n<td valign=\"center\" width=\"491\">DIN6, DIN7, DIN8, DIN9.<\/td>\n<\/tr>\n<tr>\n<td valign=\"center\" width=\"132\">Leczenie z\u0119b\u00f3w<\/td>\n<td valign=\"center\" width=\"491\">Utwardzane, frezowane lub szlifowane<\/td>\n<\/tr>\n<tr>\n<td valign=\"center\" width=\"132\">Tolerancja<\/td>\n<td valign=\"center\" width=\"491\">0,001 mm-0,01 mm-0,1 mm<\/td>\n<\/tr>\n<tr>\n<td valign=\"center\" width=\"132\">Sko\u0144czy\u0107<\/td>\n<td valign=\"center\" width=\"491\">\u015brutowanie\/piaskowanie, obr\u00f3bka cieplna, wy\u017carzanie, odpuszczanie, polerowanie, anodowanie, cynkowanie<\/td>\n<\/tr>\n<tr>\n<td valign=\"center\" width=\"132\">Pakowanie przedmiot\u00f3w<\/td>\n<td valign=\"center\" width=\"491\">Torba plastikowa + kartony lub opakowanie drewniane<\/td>\n<\/tr>\n<tr>\n<td valign=\"center\" width=\"132\">Warunki p\u0142atno\u015bci<\/td>\n<td valign=\"center\" width=\"491\">T\/T, L\/C<\/td>\n<\/tr>\n<tr>\n<td valign=\"center\" width=\"132\">Czas realizacji produkcji<\/td>\n<td valign=\"center\" width=\"491\">20 dni roboczych na pr\u00f3bk\u0119, 25 dni na parti\u0119 hurtow\u0105<\/td>\n<\/tr>\n<tr>\n<td valign=\"center\" width=\"132\">Pr\u00f3bki<\/td>\n<td valign=\"center\" width=\"491\">Przyk\u0142adowy zakres cen od $2 do $100.<br \/>\npr\u00f3bka ekspresowego zam\u00f3wienia op\u0142acona przez klient\u00f3w<\/td>\n<\/tr>\n<tr>\n<td valign=\"center\" width=\"132\">Aplikacja<\/td>\n<td valign=\"center\" width=\"491\">1. Automatyczna maszyna steruj\u0105ca<br \/>\n2. Przemys\u0142 p\u00f3\u0142przewodnikowy<br \/>\n3. Maszyny og\u00f3lnego przeznaczenia<br \/>\n4. Sprz\u0119t medyczny<br \/>\n5. Sprz\u0119t do pozyskiwania energii s\u0142onecznej<br \/>\n6. Obrabiarka<br \/>\n7. System parkingowy<br \/>\n8. Sprz\u0119t do transportu kolejowego i lotniczego du\u017cych pr\u0119dko\u015bci itp.<\/td>\n<\/tr>\n<\/tbody>\n<\/table>\n<p>Przek\u0142adnie sto\u017ckowe o z\u0119bach spiralnych dziel\u0105 si\u0119 na dwa typy: jeden to przek\u0142adnia spiralna <a href=\"https:\/\/fmp-components.com\/pl\/bevel-gear-2\/\">przek\u0142adnia sto\u017ckowa<\/a> W przek\u0142adniach sto\u017ckowych o z\u0119bach sko\u015bnych o du\u017cej \u015brednicy o\u015b du\u017cego ko\u0142a przecina si\u0119 z osi\u0105 ma\u0142ego ko\u0142a. Jedn\u0105 z nich jest hipoidalna przek\u0142adnia sto\u017ckowa o z\u0119bach sko\u015bnych, w kt\u00f3rej o\u015b du\u017cego ko\u0142a i o\u015b ma\u0142ego ko\u0142a maj\u0105 pewn\u0105 odleg\u0142o\u015b\u0107 przesuni\u0119cia. Przek\u0142adnie sto\u017ckowe o z\u0119bach sko\u015bnych s\u0105 szeroko stosowane w motoryzacji, lotnictwie, g\u00f3rnictwie i innych dziedzinach mechanicznej przek\u0142adni ze wzgl\u0119du na swoje zalety, takie jak du\u017cy wsp\u00f3\u0142czynnik zaz\u0119bienia, du\u017ca no\u015bno\u015b\u0107, wysokie prze\u0142o\u017cenie, stabilna przek\u0142adnia i niski poziom ha\u0142asu.<\/p>\n<table style=\"border-collapse: collapse; width: 99.5918%; height: 293px;\" border=\"0\" width=\"163\" cellspacing=\"0\" cellpadding=\"0\">\n<tbody>\n<tr style=\"height: 14.40pt;\">\n<td style=\"height: 14.40pt; width: 49.80pt;\" width=\"83\" height=\"24\"><img loading=\"lazy\" decoding=\"async\" class=\"alignnone size-full wp-image-7024\" src=\"https:\/\/fmp-components.com\/wp-content\/uploads\/2025\/03\/Spiral-Bevel-Gear-1.webp\" alt=\"Przek\u0142adnia sto\u017ckowo-spiralna\" width=\"1000\" height=\"712\" title=\"\" srcset=\"https:\/\/fmp-components.com\/wp-content\/uploads\/2025\/03\/Spiral-Bevel-Gear-1.webp 1000w, https:\/\/fmp-components.com\/wp-content\/uploads\/2025\/03\/Spiral-Bevel-Gear-1-980x698.webp 980w, https:\/\/fmp-components.com\/wp-content\/uploads\/2025\/03\/Spiral-Bevel-Gear-1-480x342.webp 480w\" sizes=\"(min-width: 0px) and (max-width: 480px) 480px, (min-width: 481px) and (max-width: 980px) 980px, (min-width: 981px) 1000px, 100vw\" \/><\/td>\n<td style=\"width: 48.00pt;\" align=\"right\" width=\"80\"><img loading=\"lazy\" decoding=\"async\" class=\"alignnone size-full wp-image-7023\" src=\"https:\/\/fmp-components.com\/wp-content\/uploads\/2025\/03\/Spiral-Bevel-Gear-2.webp\" alt=\"Przek\u0142adnia sto\u017ckowo-spiralna\" width=\"966\" height=\"638\" title=\"\" srcset=\"https:\/\/fmp-components.com\/wp-content\/uploads\/2025\/03\/Spiral-Bevel-Gear-2.webp 966w, https:\/\/fmp-components.com\/wp-content\/uploads\/2025\/03\/Spiral-Bevel-Gear-2-480x317.webp 480w\" sizes=\"(min-width: 0px) and (max-width: 480px) 480px, (min-width: 481px) 966px, 100vw\" \/><\/td>\n<\/tr>\n<\/tbody>\n<\/table>\n<h2>Cechy przek\u0142adni sto\u017ckowej spiralnej<\/h2>\n<div>\n<ul>\n<li class=\"break-words\"><strong>Zakrzywiona konstrukcja z\u0119ba<\/strong>:Ko\u0142a z\u0119bate sto\u017ckowe o z\u0119bach spiralnych charakteryzuj\u0105 si\u0119 z\u0119bami \u015bci\u0119tymi pod k\u0105tem, tworz\u0105cymi zakrzywiony, spiralny wz\u00f3r, co pozwala na stopniowe zaz\u0119bianie si\u0119 i g\u0142adsze zaz\u0119bienie w por\u00f3wnaniu do k\u00f3\u0142 z\u0119batych sto\u017ckowych o z\u0119bach prostych.<\/li>\n<li class=\"break-words\"><strong>Ulepszony rozk\u0142ad obci\u0105\u017cenia<\/strong>:Spiralna geometria z\u0119b\u00f3w zapewnia lepszy kontakt na wi\u0119kszej powierzchni, co zwi\u0119ksza no\u015bno\u015b\u0107 i zmniejsza zu\u017cycie w warunkach wysokiego momentu obrotowego, np. w mechanizmach r\u00f3\u017cnicowych samochod\u00f3w.<\/li>\n<li class=\"break-words\"><strong>Cicha praca<\/strong>Stopniowe zaz\u0119bianie si\u0119 z\u0119b\u00f3w i zmniejszona si\u0142a uderzenia podczas zaz\u0119biania minimalizuj\u0105 ha\u0142as i wibracje, dzi\u0119ki czemu przek\u0142adnie sto\u017ckowe o z\u0119bach spiralnych idealnie nadaj\u0105 si\u0119 do zastosowa\u0144, w kt\u00f3rych p\u0142ynna i cicha praca ma kluczowe znaczenie.<\/li>\n<li class=\"break-words\"><strong>Przenoszenie mocy pod k\u0105tem<\/strong>Te ko\u0142a z\u0119bate efektywnie przekazuj\u0105 moc mi\u0119dzy przecinaj\u0105cymi si\u0119 wa\u0142ami, zwykle pod k\u0105tem 90 stopni, umo\u017cliwiaj\u0105c kompaktowe i wszechstronne konstrukcje w systemach, takich jak uk\u0142ady nap\u0119dowe pojazd\u00f3w i maszyny.<\/li>\n<li class=\"break-words\"><strong>Trwa\u0142o\u015b\u0107 i wytrzyma\u0142o\u015b\u0107<\/strong>Wykonane z materia\u0142\u00f3w o wysokiej wytrzyma\u0142o\u015bci, takich jak stal stopowa, cz\u0119sto poddane obr\u00f3bce cieplnej, przek\u0142adnie sto\u017ckowe o z\u0119bach spiralnych s\u0105 zaprojektowane tak, aby wytrzymywa\u0107 du\u017ce obci\u0105\u017cenia i d\u0142ugotrwa\u0142e u\u017cytkowanie, gwarantuj\u0105c niezawodno\u015b\u0107 w wymagaj\u0105cych warunkach.<\/li>\n<\/ul>\n<p><img loading=\"lazy\" decoding=\"async\" class=\"alignnone size-full wp-image-7025\" src=\"https:\/\/fmp-components.com\/wp-content\/uploads\/2025\/03\/Spiral-Bevel-Gear-3.webp\" alt=\"Przek\u0142adnia sto\u017ckowo-spiralna\" width=\"1000\" height=\"668\" title=\"\" srcset=\"https:\/\/fmp-components.com\/wp-content\/uploads\/2025\/03\/Spiral-Bevel-Gear-3.webp 1000w, https:\/\/fmp-components.com\/wp-content\/uploads\/2025\/03\/Spiral-Bevel-Gear-3-980x655.webp 980w, https:\/\/fmp-components.com\/wp-content\/uploads\/2025\/03\/Spiral-Bevel-Gear-3-480x321.webp 480w\" sizes=\"(min-width: 0px) and (max-width: 480px) 480px, (min-width: 481px) and (max-width: 980px) 980px, (min-width: 981px) 1000px, 100vw\" \/><\/p>\n<\/div>\n<h2>O FMP<\/h2>\n<p>FMP to wiod\u0105cy w\u0142oski producent k\u00f3\u0142 z\u0119batych i listew z\u0119batych, znany ze swojego do\u015bwiadczenia w produkcji zar\u00f3wno standardowych komponent\u00f3w, jak i rozwi\u0105za\u0144 niestandardowych. Opr\u00f3cz asortymentu cz\u0119\u015bci standardowych, FMP specjalizuje si\u0119 w wytwarzaniu standardowych i specjalistycznych k\u00f3\u0142 z\u0119batych na podstawie rysunk\u00f3w lub pr\u00f3bek dostarczonych przez klient\u00f3w. Nasze ko\u0142a z\u0119bate s\u0105 dost\u0119pne w r\u00f3\u017cnych materia\u0142ach, w tym ze stali w\u0119glowej, stali nierdzewnej, aluminium, miedzi, mosi\u0105dzu oraz tworzywa sztucznego, w konfiguracjach \u015brubowych lub walcowych. W przypadku jakichkolwiek wymaga\u0144 dotycz\u0105cych niestandardowych produkt\u00f3w przek\u0142adniowych, prosimy o kontakt mailowy. Dedykowany zesp\u00f3\u0142 profesjonalnych in\u017cynier\u00f3w FMP odpowie na Pa\u0144stwa zapytanie w ci\u0105gu 24 godzin.<\/p>\n<p><img loading=\"lazy\" decoding=\"async\" class=\"alignnone size-full wp-image-7010\" src=\"https:\/\/fmp-components.com\/wp-content\/uploads\/2025\/03\/bevel-gear-3.webp\" alt=\"przek\u0142adnia sto\u017ckowa\" width=\"1076\" height=\"721\" title=\"\" srcset=\"https:\/\/fmp-components.com\/wp-content\/uploads\/2025\/03\/bevel-gear-3.webp 1076w, https:\/\/fmp-components.com\/wp-content\/uploads\/2025\/03\/bevel-gear-3-980x657.webp 980w, https:\/\/fmp-components.com\/wp-content\/uploads\/2025\/03\/bevel-gear-3-480x322.webp 480w\" sizes=\"(min-width: 0px) and (max-width: 480px) 480px, (min-width: 481px) and (max-width: 980px) 980px, (min-width: 981px) 1076px, 100vw\" \/><\/p>","protected":false},"excerpt":{"rendered":"<p>Specification Model Number M3,M4,M5,M8,M12 and etc. Material Brass, C45 steel, Stainless steel, Copper, POM, Aluminum, Alloy, and so on Surface treatment Zinc-plated, Nickel plated, Passivation, Oxidation, Anodization, Geomet, Dacromet, Black Oxide, Phosphatizing, Powder Coating, and Electrophoresis Standard ISO, DIN, ANSI, JIS, BS, and Non-standard. Precision DIN6,DIN7,DIN8,DIN9. Teeth treatment Hardened, Milled, or Ground Tolerance 0.001mm-0.01mm-0.1mm Finish [&hellip;]<\/p>","protected":false},"featured_media":4342,"comment_status":"open","ping_status":"closed","template":"","meta":{"_et_pb_use_builder":"","_et_pb_old_content":"","_et_gb_content_width":""},"product_brand":[],"product_cat":[106],"product_tag":[],"class_list":{"0":"post-7022","1":"product","2":"type-product","3":"status-publish","4":"has-post-thumbnail","6":"product_cat-bevel-gears","8":"first","9":"instock","10":"shipping-taxable","11":"product-type-simple"},"_links":{"self":[{"href":"https:\/\/fmp-components.com\/pl\/wp-json\/wp\/v2\/product\/7022","targetHints":{"allow":["GET"]}}],"collection":[{"href":"https:\/\/fmp-components.com\/pl\/wp-json\/wp\/v2\/product"}],"about":[{"href":"https:\/\/fmp-components.com\/pl\/wp-json\/wp\/v2\/types\/product"}],"replies":[{"embeddable":true,"href":"https:\/\/fmp-components.com\/pl\/wp-json\/wp\/v2\/comments?post=7022"}],"wp:featuredmedia":[{"embeddable":true,"href":"https:\/\/fmp-components.com\/pl\/wp-json\/wp\/v2\/media\/4342"}],"wp:attachment":[{"href":"https:\/\/fmp-components.com\/pl\/wp-json\/wp\/v2\/media?parent=7022"}],"wp:term":[{"taxonomy":"product_brand","embeddable":true,"href":"https:\/\/fmp-components.com\/pl\/wp-json\/wp\/v2\/product_brand?post=7022"},{"taxonomy":"product_cat","embeddable":true,"href":"https:\/\/fmp-components.com\/pl\/wp-json\/wp\/v2\/product_cat?post=7022"},{"taxonomy":"product_tag","embeddable":true,"href":"https:\/\/fmp-components.com\/pl\/wp-json\/wp\/v2\/product_tag?post=7022"}],"curies":[{"name":"wp","href":"https:\/\/api.w.org\/{rel}","templated":true}]}}