{"id":7021,"date":"2025-03-14T06:47:26","date_gmt":"2025-03-14T06:47:26","guid":{"rendered":"https:\/\/fmp-components.com\/?post_type=product&#038;p=7021"},"modified":"2025-03-14T06:47:27","modified_gmt":"2025-03-14T06:47:27","slug":"zero-degree-spiral-bevel-gear","status":"publish","type":"product","link":"https:\/\/fmp-components.com\/pl\/product\/zero-degree-spiral-bevel-gear\/","title":{"rendered":"Przek\u0142adnia sto\u017ckowa spiralna o zerowym stopniu"},"content":{"rendered":"<h2>Specyfikacja<\/h2>\n<table class=\"table\" border=\"1\" width=\"100%\" cellspacing=\"0\" cellpadding=\"0\">\n<tbody>\n<tr class=\"firstRow\">\n<td valign=\"center\" width=\"132\">Numer modelu<\/td>\n<td valign=\"center\" width=\"491\">M3, M4, M5, M8, M12 itd.<\/td>\n<\/tr>\n<tr>\n<td valign=\"center\" width=\"132\">Tworzywo<\/td>\n<td valign=\"center\" width=\"491\">Mosi\u0105dz, stal C45, stal nierdzewna, mied\u017a, POM, aluminium, stop itp.<\/td>\n<\/tr>\n<tr>\n<td valign=\"center\" width=\"132\">Obr\u00f3bka powierzchni<\/td>\n<td valign=\"center\" width=\"491\">Cynkowanie, Niklowanie, Pasywacja, Utlenianie, Anodowanie,<br \/>\nGeomet, Dacromet, Czarny tlenek, fosforanowanie, malowanie proszkowe i elektroforeza<\/td>\n<\/tr>\n<tr>\n<td valign=\"center\" width=\"132\">Standard<\/td>\n<td valign=\"center\" width=\"491\">ISO, DIN, ANSI, JIS, BS i niestandardowe.<\/td>\n<\/tr>\n<tr>\n<td valign=\"center\" width=\"132\">Precyzja<\/td>\n<td valign=\"center\" width=\"491\">DIN6, DIN7, DIN8, DIN9.<\/td>\n<\/tr>\n<tr>\n<td valign=\"center\" width=\"132\">Leczenie z\u0119b\u00f3w<\/td>\n<td valign=\"center\" width=\"491\">Utwardzane, frezowane lub szlifowane<\/td>\n<\/tr>\n<tr>\n<td valign=\"center\" width=\"132\">Tolerancja<\/td>\n<td valign=\"center\" width=\"491\">0,001 mm-0,01 mm-0,1 mm<\/td>\n<\/tr>\n<tr>\n<td valign=\"center\" width=\"132\">Sko\u0144czy\u0107<\/td>\n<td valign=\"center\" width=\"491\">\u015brutowanie\/piaskowanie, obr\u00f3bka cieplna, wy\u017carzanie, odpuszczanie, polerowanie, anodowanie, cynkowanie<\/td>\n<\/tr>\n<tr>\n<td valign=\"center\" width=\"132\">Pakowanie przedmiot\u00f3w<\/td>\n<td valign=\"center\" width=\"491\">Torba plastikowa + kartony lub opakowanie drewniane<\/td>\n<\/tr>\n<tr>\n<td valign=\"center\" width=\"132\">Warunki p\u0142atno\u015bci<\/td>\n<td valign=\"center\" width=\"491\">T\/T, L\/C<\/td>\n<\/tr>\n<tr>\n<td valign=\"center\" width=\"132\">Czas realizacji produkcji<\/td>\n<td valign=\"center\" width=\"491\">20 dni roboczych na pr\u00f3bk\u0119, 25 dni na parti\u0119 hurtow\u0105<\/td>\n<\/tr>\n<tr>\n<td valign=\"center\" width=\"132\">Pr\u00f3bki<\/td>\n<td valign=\"center\" width=\"491\">Przyk\u0142adowy zakres cen od $2 do $100.<br \/>\npr\u00f3bka ekspresowego zam\u00f3wienia op\u0142acona przez klient\u00f3w<\/td>\n<\/tr>\n<tr>\n<td valign=\"center\" width=\"132\">Aplikacja<\/td>\n<td valign=\"center\" width=\"491\">1. Automatyczna maszyna steruj\u0105ca<br \/>\n2. Przemys\u0142 p\u00f3\u0142przewodnikowy<br \/>\n3. Maszyny og\u00f3lnego przeznaczenia<br \/>\n4. Sprz\u0119t medyczny<br \/>\n5. Sprz\u0119t do pozyskiwania energii s\u0142onecznej<br \/>\n6. Obrabiarka<br \/>\n7. System parkingowy<br \/>\n8. Sprz\u0119t do transportu kolejowego i lotniczego du\u017cych pr\u0119dko\u015bci itp.<\/td>\n<\/tr>\n<\/tbody>\n<\/table>\n<h2>Cechy przek\u0142adni sto\u017ckowej spiralnej o zerowym stopniu<\/h2>\n<div>\n<ul>\n<li class=\"break-words\"><strong>Prosta geometria z\u0119b\u00f3w<\/strong>:W przeciwie\u0144stwie do typowych przek\u0142adni sto\u017ckowych o z\u0119bach spiralnych i zakrzywionych z\u0119bach, przek\u0142adnie sto\u017ckowe o z\u0119bach spiralnych zerowego stopnia maj\u0105 proste z\u0119by ustawione pod k\u0105tem spirali 0 stopni, przypominaj\u0105c przek\u0142adnie sto\u017ckowe o z\u0119bach prostych, ale ze sto\u017ckowym kszta\u0142tem w celu przeci\u0119cia wa\u0142\u00f3w.<\/li>\n<li class=\"break-words\"><strong>Wydajne przenoszenie mocy<\/strong>:Ko\u0142a z\u0119bate te zapewniaj\u0105 p\u0142ynne i wydajne przenoszenie momentu obrotowego mi\u0119dzy wa\u0142ami pod k\u0105tem (zwykle 90 stopni), dzi\u0119ki czemu nadaj\u0105 si\u0119 do zastosowa\u0144 motoryzacyjnych i przemys\u0142owych wymagaj\u0105cych precyzyjnych zmian kierunku.<\/li>\n<li class=\"break-words\"><strong>Zredukowany ha\u0142as i wibracje<\/strong>Konstrukcja o zerowym k\u0105cie nachylenia minimalizuje \u015blizgowy kontakt mi\u0119dzy z\u0119bami w por\u00f3wnaniu do wi\u0119kszych k\u0105t\u00f3w spirali, co przek\u0142ada si\u0119 na cichsz\u0105 prac\u0119 i ni\u017csze wibracje, co jest idealne w \u015brodowiskach wra\u017cliwych na ha\u0142as.<\/li>\n<li class=\"break-words\"><strong>Uproszczona produkcja<\/strong>:Przek\u0142adnie sto\u017ckowe o z\u0119bach spiralnych zerowego stopnia maj\u0105 proste z\u0119by i nie s\u0105 tak krzywizny jak tradycyjne przek\u0142adnie sto\u017ckowe o z\u0119bach spiralnych, a jednocze\u015bnie charakteryzuj\u0105 si\u0119 solidn\u0105 wydajno\u015bci\u0105.<\/li>\n<li class=\"break-words\"><strong>Wysoka \u0142adowno\u015b\u0107<\/strong>:Mimo prostszej konstrukcji, przek\u0142adnie te wykonane s\u0105 z trwa\u0142ych materia\u0142\u00f3w, np. hartowanej stali, co pozwala im na radzenie sobie ze znacznymi obci\u0105\u017ceniami i napr\u0119\u017ceniami w uk\u0142adach takich jak mechanizmy r\u00f3\u017cnicowe lub skrzynie bieg\u00f3w.<\/li>\n<\/ul>\n<div>\n<div>\n<h3>Dostawca przek\u0142adni sto\u017ckowych z tworzywa sztucznego<\/h3>\n<p>FMP oferuje wszystkie potrzebne Pa\u0144stwu plastikowe ko\u0142a z\u0119bate. Oferujemy precyzyjne plastikowe ko\u0142a z\u0119bate walcowe, plastikowe z\u0119batki, plastikowe ko\u0142a z\u0119bate walcowe i sto\u017ckowe, plastikowe ko\u0142a \u015blimakowe i \u015blimakowe, plastikowe ko\u0142a z\u0119bate sto\u017ckowe, plastikowe ko\u0142a z\u0119bate, plastikowe z\u0119bniki i plastikowe z\u0119batki.<\/p>\n<p>Zadzwo\u0144, a pomo\u017cemy Ci znale\u017a\u0107 odpowiedni sprz\u0119t lub modyfikacj\u0119 standardowego elementu katalogowego albo niestandardowego projektu; nasi in\u017cynierowie zapewni\u0105 najlepsze rozwi\u0105zanie dla Twojego zastosowania.<\/p>\n<p><img loading=\"lazy\" decoding=\"async\" class=\"alignnone size-full wp-image-7019\" src=\"https:\/\/fmp-components.com\/wp-content\/uploads\/2025\/03\/Plastic-Bevel-Gears-Supplier1.webp\" alt=\"Dostawca przek\u0142adni sto\u017ckowych z tworzyw sztucznych\" width=\"1200\" height=\"1000\" title=\"\" srcset=\"https:\/\/fmp-components.com\/wp-content\/uploads\/2025\/03\/Plastic-Bevel-Gears-Supplier1.webp 1200w, https:\/\/fmp-components.com\/wp-content\/uploads\/2025\/03\/Plastic-Bevel-Gears-Supplier1-980x817.webp 980w, https:\/\/fmp-components.com\/wp-content\/uploads\/2025\/03\/Plastic-Bevel-Gears-Supplier1-480x400.webp 480w\" sizes=\"(min-width: 0px) and (max-width: 480px) 480px, (min-width: 481px) and (max-width: 980px) 980px, (min-width: 981px) 1200px, 100vw\" \/><\/p>\n<\/div>\n<\/div>\n<div class=\"table-responsive\">\n<h2>O FMP<\/h2>\n<p>FMP to wiod\u0105cy w\u0142oski producent k\u00f3\u0142 z\u0119batych i listew z\u0119batych, znany ze swojego do\u015bwiadczenia w produkcji zar\u00f3wno standardowych komponent\u00f3w, jak i rozwi\u0105za\u0144 niestandardowych. Opr\u00f3cz asortymentu cz\u0119\u015bci standardowych, FMP specjalizuje si\u0119 w wytwarzaniu standardowych i specjalistycznych k\u00f3\u0142 z\u0119batych na podstawie rysunk\u00f3w lub pr\u00f3bek dostarczonych przez klient\u00f3w. Nasze ko\u0142a z\u0119bate s\u0105 dost\u0119pne w r\u00f3\u017cnych materia\u0142ach, w tym ze stali w\u0119glowej, stali nierdzewnej, aluminium, miedzi, mosi\u0105dzu oraz tworzywa sztucznego, w konfiguracjach \u015brubowych lub walcowych. W przypadku jakichkolwiek wymaga\u0144 dotycz\u0105cych niestandardowych produkt\u00f3w przek\u0142adniowych, prosimy o kontakt mailowy. Dedykowany zesp\u00f3\u0142 profesjonalnych in\u017cynier\u00f3w FMP odpowie na Pa\u0144stwa zapytanie w ci\u0105gu 24 godzin.<\/p>\n<p><img loading=\"lazy\" decoding=\"async\" class=\"alignnone size-full wp-image-7010\" src=\"https:\/\/fmp-components.com\/wp-content\/uploads\/2025\/03\/bevel-gear-3.webp\" alt=\"przek\u0142adnia sto\u017ckowa\" width=\"1076\" height=\"721\" title=\"\" srcset=\"https:\/\/fmp-components.com\/wp-content\/uploads\/2025\/03\/bevel-gear-3.webp 1076w, https:\/\/fmp-components.com\/wp-content\/uploads\/2025\/03\/bevel-gear-3-980x657.webp 980w, https:\/\/fmp-components.com\/wp-content\/uploads\/2025\/03\/bevel-gear-3-480x322.webp 480w\" sizes=\"(min-width: 0px) and (max-width: 480px) 480px, (min-width: 481px) and (max-width: 980px) 980px, (min-width: 981px) 1076px, 100vw\" \/><\/p>\n<\/div>\n<\/div>","protected":false},"excerpt":{"rendered":"<p>Specification Model Number M3,M4,M5,M8,M12 and etc. Material Brass, C45 steel, Stainless steel, Copper, POM, Aluminum, Alloy, and so on Surface treatment Zinc-plated, Nickel plated, Passivation, Oxidation, Anodization, Geomet, Dacromet, Black Oxide, Phosphatizing, Powder Coating, and Electrophoresis Standard ISO, DIN, ANSI, JIS, BS, and Non-standard. Precision DIN6,DIN7,DIN8,DIN9. Teeth treatment Hardened, Milled, or Ground Tolerance 0.001mm-0.01mm-0.1mm Finish [&hellip;]<\/p>","protected":false},"featured_media":4346,"comment_status":"open","ping_status":"closed","template":"","meta":{"_et_pb_use_builder":"","_et_pb_old_content":"","_et_gb_content_width":""},"product_brand":[],"product_cat":[106],"product_tag":[],"class_list":{"0":"post-7021","1":"product","2":"type-product","3":"status-publish","4":"has-post-thumbnail","6":"product_cat-bevel-gears","8":"first","9":"instock","10":"shipping-taxable","11":"product-type-simple"},"_links":{"self":[{"href":"https:\/\/fmp-components.com\/pl\/wp-json\/wp\/v2\/product\/7021","targetHints":{"allow":["GET"]}}],"collection":[{"href":"https:\/\/fmp-components.com\/pl\/wp-json\/wp\/v2\/product"}],"about":[{"href":"https:\/\/fmp-components.com\/pl\/wp-json\/wp\/v2\/types\/product"}],"replies":[{"embeddable":true,"href":"https:\/\/fmp-components.com\/pl\/wp-json\/wp\/v2\/comments?post=7021"}],"wp:featuredmedia":[{"embeddable":true,"href":"https:\/\/fmp-components.com\/pl\/wp-json\/wp\/v2\/media\/4346"}],"wp:attachment":[{"href":"https:\/\/fmp-components.com\/pl\/wp-json\/wp\/v2\/media?parent=7021"}],"wp:term":[{"taxonomy":"product_brand","embeddable":true,"href":"https:\/\/fmp-components.com\/pl\/wp-json\/wp\/v2\/product_brand?post=7021"},{"taxonomy":"product_cat","embeddable":true,"href":"https:\/\/fmp-components.com\/pl\/wp-json\/wp\/v2\/product_cat?post=7021"},{"taxonomy":"product_tag","embeddable":true,"href":"https:\/\/fmp-components.com\/pl\/wp-json\/wp\/v2\/product_tag?post=7021"}],"curies":[{"name":"wp","href":"https:\/\/api.w.org\/{rel}","templated":true}]}}