{"id":7020,"date":"2025-03-14T06:42:58","date_gmt":"2025-03-14T06:42:58","guid":{"rendered":"https:\/\/fmp-components.com\/?post_type=product&#038;p=7020"},"modified":"2025-03-27T01:27:19","modified_gmt":"2025-03-27T01:27:19","slug":"industrial-bevel-gears","status":"publish","type":"product","link":"https:\/\/fmp-components.com\/pl\/product\/industrial-bevel-gears\/","title":{"rendered":"Przemys\u0142owe przek\u0142adnie sto\u017ckowe"},"content":{"rendered":"<p><a href=\"https:\/\/fmp-components.com\/pl\/bevel-gear-2\/\">Przek\u0142adnia sto\u017ckowa<\/a> \u015arednica M3-M20 w zakresie 1200 mm Wykonane ze stali 20Crmiti\/20CrMnMo\/42CrMo do reduktor\u00f3w\/maszyn olejowych\/maszyn budowlanych\/ci\u0119\u017car\u00f3wek\/maszyn rolniczych<\/p>\n<h2>Specyfikacja produktu<\/h2>\n<div class=\"table-responsive\">\n<table class=\"table\" style=\"width: 99.8343%; height: 197px;\" border=\"1\">\n<tbody>\n<tr>\n<td style=\"width: 29.443%;\">Aplikacja:<\/td>\n<td style=\"width: 75.199%;\">Maszyny, maszyny morskie, maszyny rolnicze, maszyny do przetw\u00f3rstwa ropy naftowej<\/td>\n<\/tr>\n<tr>\n<td style=\"width: 29.443%;\">Twardo\u015b\u0107:<\/td>\n<td style=\"width: 75.199%;\">Utwardzona powierzchnia z\u0119ba<\/td>\n<\/tr>\n<tr>\n<td style=\"width: 29.443%;\">Pozycja przek\u0142adni:<\/td>\n<td style=\"width: 75.199%;\">Przek\u0142adnia zewn\u0119trzna<\/td>\n<\/tr>\n<tr>\n<td style=\"width: 29.443%;\">Metoda produkcji:<\/td>\n<td style=\"width: 75.199%;\">Przek\u0142adnia szlifierska<\/td>\n<\/tr>\n<tr>\n<td style=\"width: 29.443%;\">Kszta\u0142t cz\u0119\u015bci z\u0105bkowanej:<\/td>\n<td style=\"width: 75.199%;\">Ko\u0142o sto\u017ckowe<\/td>\n<\/tr>\n<tr>\n<td style=\"width: 29.443%;\">Tworzywo:<\/td>\n<td style=\"width: 75.199%;\">20krmnti<\/td>\n<\/tr>\n<\/tbody>\n<tbody>\n<tr>\n<td>Model wa\u0142u przek\u0142adni<\/td>\n<td>Dostosowane wyposa\u017cenie wed\u0142ug wzoru lub rysunku klienta<\/td>\n<\/tr>\n<tr>\n<td>Maszyna przetw\u00f3rcza<\/td>\n<td>Maszyna CNC<\/td>\n<\/tr>\n<tr>\n<td>Tworzywo<\/td>\n<td>20CrMnTi\/ 20CrMnMo\/ 42CrMo\/ stal 45#\/ 40Cr\/ 20CrNi2MoA<\/td>\n<\/tr>\n<tr>\n<td>Obr\u00f3bka cieplna<\/td>\n<td>Naw\u0119glanie i hartowanie\/ Odpuszczanie\/ Azotowanie\/ W\u0119gloazotowanie\/ Hartowanie indukcyjne<\/td>\n<\/tr>\n<tr>\n<td>Twardo\u015b\u0107<\/td>\n<td>58-62HRC<\/td>\n<\/tr>\n<tr>\n<td>Norma jako\u015bci<\/td>\n<td>GB\/ DIN\/ JIS\/ AGMA<\/td>\n<\/tr>\n<tr>\n<td>Klasa dok\u0142adno\u015bci<\/td>\n<td>Klasa 5-8<\/td>\n<\/tr>\n<tr>\n<td>Wysy\u0142ka<\/td>\n<td>Wysy\u0142ka morska\/Wysy\u0142ka lotnicza\/Ekspresowa<\/td>\n<\/tr>\n<tr>\n<td>Czas dostawy<\/td>\n<td>30 dni<\/td>\n<\/tr>\n<\/tbody>\n<\/table>\n<h2>O FMP<\/h2>\n<p>FMP to wiod\u0105cy w\u0142oski producent k\u00f3\u0142 z\u0119batych i listew z\u0119batych, znany ze swojego do\u015bwiadczenia w produkcji zar\u00f3wno standardowych komponent\u00f3w, jak i rozwi\u0105za\u0144 niestandardowych. Opr\u00f3cz asortymentu cz\u0119\u015bci standardowych, FMP specjalizuje si\u0119 w wytwarzaniu standardowych i specjalistycznych k\u00f3\u0142 z\u0119batych na podstawie rysunk\u00f3w lub pr\u00f3bek dostarczonych przez klient\u00f3w. Nasze ko\u0142a z\u0119bate s\u0105 dost\u0119pne w r\u00f3\u017cnych materia\u0142ach, w tym ze stali w\u0119glowej, stali nierdzewnej, aluminium, miedzi, mosi\u0105dzu oraz tworzywa sztucznego, w konfiguracjach \u015brubowych lub walcowych. W przypadku jakichkolwiek wymaga\u0144 dotycz\u0105cych niestandardowych produkt\u00f3w przek\u0142adniowych, prosimy o kontakt mailowy. Dedykowany zesp\u00f3\u0142 profesjonalnych in\u017cynier\u00f3w FMP odpowie na Pa\u0144stwa zapytanie w ci\u0105gu 24 godzin.<\/p>\n<p><img loading=\"lazy\" decoding=\"async\" class=\"alignnone size-full wp-image-7010\" src=\"https:\/\/fmp-components.com\/wp-content\/uploads\/2025\/03\/bevel-gear-3.webp\" alt=\"przek\u0142adnia sto\u017ckowa\" width=\"1076\" height=\"721\" title=\"\" srcset=\"https:\/\/fmp-components.com\/wp-content\/uploads\/2025\/03\/bevel-gear-3.webp 1076w, https:\/\/fmp-components.com\/wp-content\/uploads\/2025\/03\/bevel-gear-3-980x657.webp 980w, https:\/\/fmp-components.com\/wp-content\/uploads\/2025\/03\/bevel-gear-3-480x322.webp 480w\" sizes=\"(min-width: 0px) and (max-width: 480px) 480px, (min-width: 481px) and (max-width: 980px) 980px, (min-width: 981px) 1076px, 100vw\" \/><\/p>\n<\/div>","protected":false},"excerpt":{"rendered":"<p>Ko\u0142o z\u0119bate sto\u017ckowe M3-M20 o \u015brednicy 1200 mm wykonane ze stali 20CrMiti\/20CrMnMo\/42CrMo do reduktor\u00f3w\/maszyn olejowych\/maszyn budowlanych\/ci\u0119\u017car\u00f3wek\/maszyn rolniczych Specyfikacja produktu Zastosowanie: maszyny, maszyny morskie, maszyny rolnicze, maszyny olejowe Twardo\u015b\u0107: hartowana powierzchnia z\u0119ba Pozycja ko\u0142a z\u0119batego: ko\u0142o z\u0119bate zewn\u0119trzne Metoda produkcji: ko\u0142o szlifierskie Kszta\u0142t cz\u0119\u015bci z\u0119batej: ko\u0142o sto\u017ckowe Materia\u0142 ko\u0142a: 20CrMnti Model wa\u0142u ko\u0142a z\u0119batego Dostosowane ko\u0142o z\u0119bate zgodnie z pr\u00f3bk\u0105 klienta [\u2026]<\/p>","protected":false},"featured_media":4336,"comment_status":"open","ping_status":"closed","template":"","meta":{"_et_pb_use_builder":"","_et_pb_old_content":"","_et_gb_content_width":""},"product_brand":[],"product_cat":[106],"product_tag":[],"class_list":{"0":"post-7020","1":"product","2":"type-product","3":"status-publish","4":"has-post-thumbnail","6":"product_cat-bevel-gears","8":"first","9":"instock","10":"shipping-taxable","11":"product-type-simple"},"_links":{"self":[{"href":"https:\/\/fmp-components.com\/pl\/wp-json\/wp\/v2\/product\/7020","targetHints":{"allow":["GET"]}}],"collection":[{"href":"https:\/\/fmp-components.com\/pl\/wp-json\/wp\/v2\/product"}],"about":[{"href":"https:\/\/fmp-components.com\/pl\/wp-json\/wp\/v2\/types\/product"}],"replies":[{"embeddable":true,"href":"https:\/\/fmp-components.com\/pl\/wp-json\/wp\/v2\/comments?post=7020"}],"wp:featuredmedia":[{"embeddable":true,"href":"https:\/\/fmp-components.com\/pl\/wp-json\/wp\/v2\/media\/4336"}],"wp:attachment":[{"href":"https:\/\/fmp-components.com\/pl\/wp-json\/wp\/v2\/media?parent=7020"}],"wp:term":[{"taxonomy":"product_brand","embeddable":true,"href":"https:\/\/fmp-components.com\/pl\/wp-json\/wp\/v2\/product_brand?post=7020"},{"taxonomy":"product_cat","embeddable":true,"href":"https:\/\/fmp-components.com\/pl\/wp-json\/wp\/v2\/product_cat?post=7020"},{"taxonomy":"product_tag","embeddable":true,"href":"https:\/\/fmp-components.com\/pl\/wp-json\/wp\/v2\/product_tag?post=7020"}],"curies":[{"name":"wp","href":"https:\/\/api.w.org\/{rel}","templated":true}]}}