{"id":7012,"date":"2025-03-14T06:22:07","date_gmt":"2025-03-14T06:22:07","guid":{"rendered":"https:\/\/fmp-components.com\/?post_type=product&#038;p=7012"},"modified":"2025-03-27T01:30:42","modified_gmt":"2025-03-27T01:30:42","slug":"plastic-bevel-gears","status":"publish","type":"product","link":"https:\/\/fmp-components.com\/pl\/product\/plastic-bevel-gears\/","title":{"rendered":"Plastikowe ko\u0142a z\u0119bate sto\u017ckowe"},"content":{"rendered":"<h2>Opis przek\u0142adni sto\u017ckowych z tworzywa sztucznego<\/h2>\n<p>Wymiar:\u03a612<br \/>\nModu\u0142: M0.25<br \/>\nTyp materia\u0142u: Plastik, POM, Nylon\u2026zgodnie z wymaganiami klienta<br \/>\nStosunki: 1:1, 2:1, 3:1, 4:1, 5:1<br \/>\nTemperatura pracy: od -40\u00b0C do 80\u00b0C<\/p>\n<table style=\"border-collapse: collapse; width: 102.442%; height: 315px;\" border=\"0\" width=\"163\" cellspacing=\"0\" cellpadding=\"0\">\n<tbody>\n<tr style=\"height: 14.40pt;\">\n<td style=\"height: 14.40pt; width: 49.80pt;\" align=\"right\" width=\"83\" height=\"24\"><img loading=\"lazy\" decoding=\"async\" class=\"alignnone size-full wp-image-7014\" src=\"https:\/\/fmp-components.com\/wp-content\/uploads\/2025\/03\/Plastic-Bevel-Gears-1.webp\" alt=\"Plastikowe ko\u0142a z\u0119bate sto\u017ckowe\" width=\"520\" height=\"360\" title=\"\" srcset=\"https:\/\/fmp-components.com\/wp-content\/uploads\/2025\/03\/Plastic-Bevel-Gears-1.webp 520w, https:\/\/fmp-components.com\/wp-content\/uploads\/2025\/03\/Plastic-Bevel-Gears-1-480x332.webp 480w\" sizes=\"(min-width: 0px) and (max-width: 480px) 480px, (min-width: 481px) 520px, 100vw\" \/><\/td>\n<td style=\"width: 48.00pt;\" align=\"right\" width=\"80\"><img loading=\"lazy\" decoding=\"async\" class=\"alignnone size-full wp-image-7013\" src=\"https:\/\/fmp-components.com\/wp-content\/uploads\/2025\/03\/Plastic-Bevel-Gears.webp\" alt=\"Plastikowe ko\u0142a z\u0119bate sto\u017ckowe\" width=\"520\" height=\"360\" title=\"\" srcset=\"https:\/\/fmp-components.com\/wp-content\/uploads\/2025\/03\/Plastic-Bevel-Gears.webp 520w, https:\/\/fmp-components.com\/wp-content\/uploads\/2025\/03\/Plastic-Bevel-Gears-480x332.webp 480w\" sizes=\"(min-width: 0px) and (max-width: 480px) 480px, (min-width: 481px) 520px, 100vw\" \/><\/td>\n<\/tr>\n<\/tbody>\n<\/table>\n<table style=\"width: 101.183%; height: 1072px;\" border=\"1\" cellspacing=\"0\" cellpadding=\"0\">\n<thead>\n<tr>\n<th rowspan=\"2\">Numer cz\u0119\u015bci<br \/>\n(Po\u0142\u0105czy\u0107)<\/th>\n<td rowspan=\"2\">Poziom<br \/>\n(moderacja)<\/td>\n<th rowspan=\"2\">NIE.<br \/>\nz<br \/>\nZ\u0119by<\/th>\n<th colspan=\"9\" align=\"left\">Wszystkie wymiary w mm<\/th>\n<th rowspan=\"2\">Mosi\u0105dz<br \/>\nWstawi\u0107<br \/>\nI<br \/>\nUstawi\u0107<br \/>\n\u015aruba<\/th>\n<\/tr>\n<tr>\n<th>Poza<br \/>\n\u015ar.<\/th>\n<th>Poziom<br \/>\n\u015ar.<\/th>\n<th>Nudziarz<br \/>\n\u015ar.<br \/>\n&quot;B&quot;<\/th>\n<td>&#039;P\u0141YTA CD&#039;<\/td>\n<td>Centrum<br \/>\ndia &#039;C&#039;<\/td>\n<td>Szef<br \/>\nD\u0142ugo\u015b\u0107 &#039;E&#039;<\/td>\n<td>Z\u0105b<br \/>\nSzeroko\u015b\u0107 \u201eF\u201d<\/td>\n<td>D\u0142ugo\u015b\u0107<br \/>\n&#039;G&#039;<\/td>\n<td>D\u0142ugo\u015b\u0107<br \/>\n&#039;H&#039;<\/td>\n<\/tr>\n<tr>\n<td colspan=\"13\">Stosunek 1:1<\/td>\n<\/tr>\n<\/thead>\n<tbody>\n<tr>\n<td>GB05M016<\/td>\n<td>0.5<\/td>\n<td>16<\/td>\n<td>8.7<\/td>\n<td>8.0<\/td>\n<td>3.0<\/td>\n<td>10.5<\/td>\n<td>7.0<\/td>\n<td>6.0<\/td>\n<td>2.0<\/td>\n<td>8.0<\/td>\n<td>8.0<\/td>\n<td><img decoding=\"async\" src=\"https:\/\/www.motionco.co.uk\/image\/data\/motionco\/no_icon_back.png\" alt=\"NIE\" title=\"\"><\/td>\n<\/tr>\n<tr>\n<td><\/td>\n<td><\/td>\n<td><\/td>\n<td><\/td>\n<td><\/td>\n<td><\/td>\n<td><\/td>\n<td><\/td>\n<td><\/td>\n<td><\/td>\n<td><\/td>\n<td><\/td>\n<td><\/td>\n<\/tr>\n<tr>\n<td>GB1M016<\/td>\n<td>1<\/td>\n<td>16<\/td>\n<td>17.6<\/td>\n<td>16<\/td>\n<td>5.0<\/td>\n<td>18.4<\/td>\n<td>12.0<\/td>\n<td>8.0<\/td>\n<td>4.7<\/td>\n<td>13.6<\/td>\n<td>13.6<\/td>\n<td><img decoding=\"async\" src=\"https:\/\/www.motionco.co.uk\/image\/data\/motionco\/no_icon_back.png\" alt=\"NIE\" title=\"\"><\/td>\n<\/tr>\n<tr>\n<td><\/td>\n<td><\/td>\n<td><\/td>\n<td><\/td>\n<td><\/td>\n<td><\/td>\n<td><\/td>\n<td><\/td>\n<td><\/td>\n<td><\/td>\n<td><\/td>\n<td><\/td>\n<td><\/td>\n<\/tr>\n<tr>\n<td>GB1M016BS<\/td>\n<td>1<\/td>\n<td>16<\/td>\n<td>17.6<\/td>\n<td>16<\/td>\n<td>5.0<\/td>\n<td>18.4<\/td>\n<td>16.0<\/td>\n<td>8.0<\/td>\n<td>4.7<\/td>\n<td>13.6<\/td>\n<td>13.6<\/td>\n<td><img decoding=\"async\" src=\"https:\/\/www.motionco.co.uk\/image\/data\/motionco\/affirmative.png\" alt=\"Tak\" title=\"\"><\/td>\n<\/tr>\n<\/tbody>\n<thead>\n<tr>\n<td colspan=\"13\">Stosunek 2:1<\/td>\n<\/tr>\n<\/thead>\n<tbody>\n<tr>\n<td rowspan=\"2\">GB1M215030<\/td>\n<td rowspan=\"2\">1<\/td>\n<td>15<\/td>\n<td>16.8<\/td>\n<td>15.0<\/td>\n<td>5.0<\/td>\n<td>26.4<\/td>\n<td>12.2<\/td>\n<td>10.6<\/td>\n<td>6.6<\/td>\n<td>17.0<\/td>\n<td>17.0<\/td>\n<td><img decoding=\"async\" src=\"https:\/\/www.motionco.co.uk\/image\/data\/motionco\/no_icon_back.png\" alt=\"NIE\" title=\"\"><\/td>\n<\/tr>\n<tr>\n<td>30<\/td>\n<td>31.1<\/td>\n<td>30.0<\/td>\n<td>8.0<\/td>\n<td>20.9<\/td>\n<td>18.0<\/td>\n<td>9.1<\/td>\n<td>6.6<\/td>\n<td>14.8<\/td>\n<td>16.2<\/td>\n<td><img decoding=\"async\" src=\"https:\/\/www.motionco.co.uk\/image\/data\/motionco\/no_icon_back.png\" alt=\"NIE\" title=\"\"><\/td>\n<\/tr>\n<tr>\n<td><\/td>\n<td><\/td>\n<td><\/td>\n<td><\/td>\n<td><\/td>\n<td><\/td>\n<td><\/td>\n<td><\/td>\n<td><\/td>\n<td><\/td>\n<td><\/td>\n<td><\/td>\n<td><\/td>\n<\/tr>\n<tr>\n<td rowspan=\"2\">GB1M215030BS<\/td>\n<td rowspan=\"2\">1<\/td>\n<td>15<\/td>\n<td>16.8<\/td>\n<td>15.0<\/td>\n<td>5.0<\/td>\n<td>26.4<\/td>\n<td>16.0<\/td>\n<td>10.6<\/td>\n<td>6.6<\/td>\n<td>17.0<\/td>\n<td>17.0<\/td>\n<td><img decoding=\"async\" src=\"https:\/\/www.motionco.co.uk\/image\/data\/motionco\/affirmative.png\" alt=\"Tak\" title=\"\"><\/td>\n<\/tr>\n<tr>\n<td>30<\/td>\n<td>31.1<\/td>\n<td>30.0<\/td>\n<td>4.0<\/td>\n<td>20.9<\/td>\n<td>18.0<\/td>\n<td>9.1<\/td>\n<td>6.6<\/td>\n<td>14.8<\/td>\n<td>16.2<\/td>\n<td><img decoding=\"async\" src=\"https:\/\/www.motionco.co.uk\/image\/data\/motionco\/affirmative.png\" alt=\"Tak\" title=\"\"><\/td>\n<\/tr>\n<\/tbody>\n<thead>\n<tr>\n<td colspan=\"13\">Stosunek 3:1<\/td>\n<\/tr>\n<\/thead>\n<tbody>\n<tr>\n<td rowspan=\"2\">GB1M315045<\/td>\n<td rowspan=\"2\">1<\/td>\n<td>15<\/td>\n<td>16.6<\/td>\n<td>15.0<\/td>\n<td>5.0<\/td>\n<td>34.3<\/td>\n<td>12.3<\/td>\n<td>11.0<\/td>\n<td>9.2<\/td>\n<td><\/td>\n<td>20.4<\/td>\n<td><img decoding=\"async\" src=\"https:\/\/www.motionco.co.uk\/image\/data\/motionco\/no_icon_back.png\" alt=\"NIE\" title=\"\"><\/td>\n<\/tr>\n<tr>\n<td>45<\/td>\n<td>46.1<\/td>\n<td>45.0<\/td>\n<td>10.0<\/td>\n<td>22.7<\/td>\n<td>23.4<\/td>\n<td>9.6<\/td>\n<td>9.2<\/td>\n<td>16.5<\/td>\n<td>18.2<\/td>\n<td><img decoding=\"async\" src=\"https:\/\/www.motionco.co.uk\/image\/data\/motionco\/no_icon_back.png\" alt=\"NIE\" title=\"\"><\/td>\n<\/tr>\n<tr>\n<td><\/td>\n<td><\/td>\n<td><\/td>\n<td><\/td>\n<td><\/td>\n<td><\/td>\n<td><\/td>\n<td><\/td>\n<td><\/td>\n<td><\/td>\n<td><\/td>\n<td><\/td>\n<td><\/td>\n<\/tr>\n<tr>\n<td rowspan=\"2\">GB1M315045BS<\/td>\n<td rowspan=\"2\">1<\/td>\n<td>15<\/td>\n<td>16.6<\/td>\n<td>15.0<\/td>\n<td>5.0<\/td>\n<td>34.3<\/td>\n<td>16.0<\/td>\n<td>11.0<\/td>\n<td>9.2<\/td>\n<td><\/td>\n<td>20.4<\/td>\n<td><img decoding=\"async\" src=\"https:\/\/www.motionco.co.uk\/image\/data\/motionco\/affirmative.png\" alt=\"Tak\" title=\"\"><\/td>\n<\/tr>\n<tr>\n<td>45<\/td>\n<td>46.1<\/td>\n<td>45.0<\/td>\n<td>6.0<\/td>\n<td>22.7<\/td>\n<td>23.4<\/td>\n<td>9.6<\/td>\n<td>9.2<\/td>\n<td>16.5<\/td>\n<td>18.2<\/td>\n<td><img decoding=\"async\" src=\"https:\/\/www.motionco.co.uk\/image\/data\/motionco\/affirmative.png\" alt=\"Tak\" title=\"\"><\/td>\n<\/tr>\n<\/tbody>\n<thead>\n<tr>\n<td colspan=\"13\">Stosunek 4:1<\/td>\n<\/tr>\n<\/thead>\n<tbody>\n<tr>\n<td rowspan=\"2\">GB1M410040<\/td>\n<td rowspan=\"2\">1<\/td>\n<td>10<\/td>\n<td>12.0<\/td>\n<td>10.0<\/td>\n<td>4.0<\/td>\n<td>30.1<\/td>\n<td>7.8<\/td>\n<td>9.3<\/td>\n<td>8.2<\/td>\n<td><\/td>\n<td>17.7<\/td>\n<td><img decoding=\"async\" src=\"https:\/\/www.motionco.co.uk\/image\/data\/motionco\/no_icon_back.png\" alt=\"NIE\" title=\"\"><\/td>\n<\/tr>\n<tr>\n<td>40<\/td>\n<td>40.8<\/td>\n<td>40.0<\/td>\n<td>10.0<\/td>\n<td>20.1<\/td>\n<td>23.4<\/td>\n<td>10.8<\/td>\n<td>8.2<\/td>\n<td>15.7<\/td>\n<td>17.0<\/td>\n<td><img decoding=\"async\" src=\"https:\/\/www.motionco.co.uk\/image\/data\/motionco\/no_icon_back.png\" alt=\"NIE\" title=\"\"><\/td>\n<\/tr>\n<tr>\n<td><\/td>\n<td><\/td>\n<td><\/td>\n<td><\/td>\n<td><\/td>\n<td><\/td>\n<td><\/td>\n<td><\/td>\n<td><\/td>\n<td><\/td>\n<td><\/td>\n<td><\/td>\n<td><\/td>\n<\/tr>\n<tr>\n<td rowspan=\"2\">GB1M410040BS<\/td>\n<td rowspan=\"2\">1<\/td>\n<td>10<\/td>\n<td>12.0<\/td>\n<td>10.0<\/td>\n<td>4.0<\/td>\n<td>30.1<\/td>\n<td>12.7<\/td>\n<td>9.3<\/td>\n<td>8.2<\/td>\n<td><\/td>\n<td>17.7<\/td>\n<td><img decoding=\"async\" src=\"https:\/\/www.motionco.co.uk\/image\/data\/motionco\/affirmative.png\" alt=\"Tak\" title=\"\"><\/td>\n<\/tr>\n<tr>\n<td>40<\/td>\n<td>40.8<\/td>\n<td>40.0<\/td>\n<td>6.0<\/td>\n<td>20.1<\/td>\n<td>23.4<\/td>\n<td>10.8<\/td>\n<td>8.2<\/td>\n<td>15.7<\/td>\n<td>17.0<\/td>\n<td><img decoding=\"async\" src=\"https:\/\/www.motionco.co.uk\/image\/data\/motionco\/affirmative.png\" alt=\"Tak\" title=\"\"><\/td>\n<\/tr>\n<\/tbody>\n<thead>\n<tr>\n<td colspan=\"13\">Stosunek 5:1<\/td>\n<\/tr>\n<\/thead>\n<tbody>\n<tr>\n<td rowspan=\"2\">GB1M512060<\/td>\n<td rowspan=\"2\">1<\/td>\n<td>12<\/td>\n<td>13.7<\/td>\n<td>12.0<\/td>\n<td>4.0<\/td>\n<td>40.5<\/td>\n<td>9.5<\/td>\n<td>10.0<\/td>\n<td>9.5<\/td>\n<td><\/td>\n<td>20.3<\/td>\n<td><img decoding=\"async\" src=\"https:\/\/www.motionco.co.uk\/image\/data\/motionco\/no_icon_back.png\" alt=\"NIE\" title=\"\"><\/td>\n<\/tr>\n<tr>\n<td>60<\/td>\n<td>60.4<\/td>\n<td>60<\/td>\n<td>10.0<\/td>\n<td>21.0<\/td>\n<td>20.5<\/td>\n<td>11.0<\/td>\n<td>9.5<\/td>\n<td>15.5<\/td>\n<td>17.4<\/td>\n<td><img decoding=\"async\" src=\"https:\/\/www.motionco.co.uk\/image\/data\/motionco\/no_icon_back.png\" alt=\"NIE\" title=\"\"><\/td>\n<\/tr>\n<tr>\n<td><\/td>\n<td><\/td>\n<td><\/td>\n<td><\/td>\n<td><\/td>\n<td><\/td>\n<td><\/td>\n<td><\/td>\n<td><\/td>\n<td><\/td>\n<td><\/td>\n<td><\/td>\n<td><\/td>\n<\/tr>\n<tr>\n<td rowspan=\"2\">GB1M512060BS<\/td>\n<td rowspan=\"2\">1<\/td>\n<td>12<\/td>\n<td>13.7<\/td>\n<td>12.0<\/td>\n<td>4.0<\/td>\n<td>40.5<\/td>\n<td>14.3<\/td>\n<td>10.0<\/td>\n<td>9.5<\/td>\n<td><\/td>\n<td>20.3<\/td>\n<td><img decoding=\"async\" src=\"https:\/\/www.motionco.co.uk\/image\/data\/motionco\/affirmative.png\" alt=\"Tak\" title=\"\"><\/td>\n<\/tr>\n<tr>\n<td>60<\/td>\n<td>60.4<\/td>\n<td>60<\/td>\n<td>6.0<\/td>\n<td>21.0<\/td>\n<td>20.5<\/td>\n<td>11.0<\/td>\n<td>9.5<\/td>\n<td>15.5<\/td>\n<td>17.4<\/td>\n<td><img decoding=\"async\" src=\"https:\/\/www.motionco.co.uk\/image\/data\/motionco\/affirmative.png\" alt=\"Tak\" title=\"\"><\/td>\n<\/tr>\n<tr>\n<td><\/td>\n<td><\/td>\n<td><\/td>\n<td><\/td>\n<td><\/td>\n<td><\/td>\n<td><\/td>\n<td><\/td>\n<td><\/td>\n<td><\/td>\n<td><\/td>\n<td><\/td>\n<td><\/td>\n<\/tr>\n<tr>\n<td>GB1M512*<\/td>\n<td>1<\/td>\n<td>12<\/td>\n<td>13.7<\/td>\n<td>12.0<\/td>\n<td>4.0<\/td>\n<td>40.5<\/td>\n<td>9.5<\/td>\n<td>10.0<\/td>\n<td>9.5<\/td>\n<td><\/td>\n<td>20.3<\/td>\n<td><img decoding=\"async\" src=\"https:\/\/www.motionco.co.uk\/image\/data\/motionco\/no_icon_back.png\" alt=\"NIE\" title=\"\"><\/td>\n<\/tr>\n<tr>\n<td>GB1M512BS*<\/td>\n<td>1<\/td>\n<td>12<\/td>\n<td>13.7<\/td>\n<td>12.0<\/td>\n<td>4.0<\/td>\n<td>40.5<\/td>\n<td>14.3<\/td>\n<td>10.0<\/td>\n<td>9.5<\/td>\n<td><\/td>\n<td>20.3<\/td>\n<td><img decoding=\"async\" src=\"https:\/\/www.motionco.co.uk\/image\/data\/motionco\/affirmative.png\" alt=\"Tak\" title=\"\"><\/td>\n<\/tr>\n<\/tbody>\n<thead>\n<tr>\n<td colspan=\"13\">*Uwaga: Te ko\u0142a z\u0119bate pasuj\u0105 wy\u0142\u0105cznie do przek\u0142adni sto\u017ckowej o 60 z\u0119bach. Ich geometria nie jest kompatybilna z innymi ko\u0142ami z\u0119batymi.<\/td>\n<\/tr>\n<\/thead>\n<\/table>\n<h2>Specyfikacja przek\u0142adni sto\u017ckowych z tworzywa sztucznego<\/h2>\n<div class=\"table-responsive\">\n<table class=\"table\" style=\"width: 102.218%; height: 370px;\" border=\"1\" cellspacing=\"0\" cellpadding=\"0\">\n<tbody>\n<tr>\n<td style=\"width: 99.7543%;\" colspan=\"2\">Plastikowe ko\u0142o z\u0119bate sto\u017ckowe<\/td>\n<\/tr>\n<tr>\n<td style=\"width: 21.7445%;\">Wymiar<\/td>\n<td style=\"width: 78.0098%;\">\u03a63mm-\u03a6120mm<\/td>\n<\/tr>\n<tr>\n<td style=\"width: 21.7445%;\">Modu\u0142<\/td>\n<td style=\"width: 78.0098%;\">M0,15, M0,2, M0,25-M0,8, M0,8<br \/>\nM1.5<\/td>\n<\/tr>\n<tr>\n<td style=\"width: 21.7445%;\">Rodzaj materia\u0142u<\/td>\n<td style=\"width: 78.0098%;\">POM, PA, PPA, PBT PEEK w wersji dostosowanej<\/td>\n<\/tr>\n<tr>\n<td style=\"width: 21.7445%;\">Stopie\u0144 siatki<\/td>\n<td style=\"width: 78.0098%;\">GB 6, ISO 6, JGMA 1, JIS 6, AGMA 13, DIN 6, DIN5<\/td>\n<\/tr>\n<tr>\n<td style=\"width: 21.7445%;\">Aplikacja<\/td>\n<td style=\"width: 78.0098%;\">Medyczny, przemys\u0142owy, motoryzacyjny, wojskowy, lotniczy, mechaniczny, samochodowy<\/td>\n<\/tr>\n<tr>\n<td style=\"width: 21.7445%;\">Dostosowane<\/td>\n<td style=\"width: 78.0098%;\">ODM\/OEM<\/td>\n<\/tr>\n<tr>\n<td style=\"width: 21.7445%;\">Pr\u00f3bka<\/td>\n<td style=\"width: 78.0098%;\">Dost\u0119pna pr\u00f3bka<\/td>\n<\/tr>\n<tr>\n<td style=\"width: 21.7445%;\">Sposoby pakowania<\/td>\n<td style=\"width: 78.0098%;\">Pakowane pr\u00f3\u017cniowo z plastikow\u0105 tack\u0105<\/td>\n<\/tr>\n<tr>\n<td style=\"width: 21.7445%;\">Sposoby dostawy<\/td>\n<td style=\"width: 78.0098%;\">DHL &amp; TNT &amp; FedEx &amp; UPS<\/td>\n<\/tr>\n<tr>\n<td style=\"width: 21.7445%;\">Certyfikat<\/td>\n<td style=\"width: 78.0098%;\">ISO 9001: 2008\/TS16949<\/td>\n<\/tr>\n<\/tbody>\n<\/table>\n<h2>Cechy przek\u0142adni sto\u017ckowych z tworzywa sztucznego<\/h2>\n<\/div>\n<div>\n<ul>\n<li class=\"break-words\"><strong>Lekka konstrukcja<\/strong>:Plastik <a href=\"https:\/\/fmp-components.com\/pl\/bevel-gear-2\/\">ko\u0142a z\u0119bate sto\u017ckowe<\/a> S\u0105 znacznie l\u017cejsze ni\u017c ich metalowe odpowiedniki dzi\u0119ki zastosowaniu materia\u0142\u00f3w takich jak nylon, acetal czy poliw\u0119glan. Zmniejsza to ca\u0142kowit\u0105 mas\u0119 maszyn i poprawia wydajno\u015b\u0107 w zastosowaniach, w kt\u00f3rych waga ma znaczenie.<\/li>\n<li class=\"break-words\"><strong>Odporno\u015b\u0107 na korozj\u0119<\/strong>:W przeciwie\u0144stwie do k\u00f3\u0142 z\u0119batych metalowych, ko\u0142a z\u0119bate sto\u017ckowe z tworzywa sztucznego s\u0105 bardzo odporne na korozj\u0119 i rdz\u0119, dzi\u0119ki czemu idealnie nadaj\u0105 si\u0119 do stosowania w wilgotnych, mokrych lub agresywnych chemicznie \u015brodowiskach bez konieczno\u015bci stosowania dodatkowych pow\u0142ok ochronnych.<\/li>\n<li class=\"break-words\"><strong>Praca o niskim poziomie ha\u0142asu<\/strong>:W\u0142a\u015bciwo\u015bci t\u0142umi\u0105ce tworzyw sztucznych zapewniaj\u0105 cichsz\u0105 prac\u0119 w por\u00f3wnaniu z przek\u0142adniami metalowymi. Dzi\u0119ki temu nadaj\u0105 si\u0119 one do zastosowa\u0144, w kt\u00f3rych redukcja ha\u0142asu jest priorytetem, na przyk\u0142ad w sprz\u0119cie AGD czy sprz\u0119cie biurowym.<\/li>\n<li class=\"break-words\"><strong>Ekonomiczna produkcja<\/strong>:Ko\u0142a z\u0119bate sto\u017ckowe z tworzyw sztucznych mo\u017cna produkowa\u0107 masowo, stosuj\u0105c formowanie wtryskowe lub inne ekonomiczne procesy produkcyjne, co obni\u017ca koszty produkcji i sprawia, \u017ce s\u0105 one op\u0142acalnym wyborem dla wielu ga\u0142\u0119zi przemys\u0142u.<\/li>\n<li class=\"break-words\"><strong>W\u0142a\u015bciwo\u015bci samosmaruj\u0105ce<\/strong>:Wiele materia\u0142\u00f3w plastikowych stosowanych w przek\u0142adniach sto\u017ckowych, takich jak nylon lub tworzywa sztuczne z domieszk\u0105 PTFE, maj\u0105 naturalne w\u0142a\u015bciwo\u015bci smarne, co zmniejsza potrzeb\u0119 zewn\u0119trznego smarowania i minimalizuje wymagania konserwacyjne w uk\u0142adach mechanicznych.<\/li>\n<\/ul>\n<div>\n<h3>Zastosowania przek\u0142adni sto\u017ckowych z tworzywa sztucznego<\/h3>\n<p class=\"break-words\">Plastikowe przek\u0142adnie sto\u017ckowe, cho\u0107 mniej wytrzyma\u0142e ni\u017c stalowe, oferuj\u0105 odporno\u015b\u0107 na zu\u017cycie i cich\u0105 prac\u0119. Idealnie nadaj\u0105 si\u0119 do:<\/p>\n<ol class=\"marker:text-secondary\">\n<li class=\"break-words\"><strong>Sprz\u0119t do automatyzacji biura<\/strong>:Stosowany w drukarkach i kopiarkach do zapewnienia p\u0142ynnej i cichej pracy uk\u0142ad\u00f3w nap\u0119dowych.<\/li>\n<li class=\"break-words\"><strong>\u0141adowarki towar\u00f3w elektronicznych<\/strong>:Stosowany w odtwarzaczach DVD i ma\u0142ych urz\u0105dzeniach ze wzgl\u0119du na niezawodno\u015b\u0107 i lekko\u015b\u0107 ruchu.<\/li>\n<li class=\"break-words\"><strong>Zabawki<\/strong>:Powszechne w samochodach zabawkowych i robotach, zapewniaj\u0105ce r\u00f3wnowag\u0119 mi\u0119dzy kosztami, trwa\u0142o\u015bci\u0105 i niskim poziomem ha\u0142asu.<\/li>\n<\/ol>\n<p class=\"break-words\">Ich zalety sprawdzaj\u0105 si\u0119 w zastosowaniach o mniejszym obci\u0105\u017ceniu, w kt\u00f3rych wydajno\u015b\u0107 ma wi\u0119ksze znaczenie ni\u017c du\u017ca wytrzyma\u0142o\u015b\u0107.<\/p>\n<table style=\"border-collapse: collapse; width: 102.488%; height: 329px;\" border=\"0\" width=\"163\" cellspacing=\"0\" cellpadding=\"0\">\n<tbody>\n<tr style=\"height: 14.40pt;\">\n<td style=\"height: 14.4pt; width: 49.8775%;\" width=\"83\" height=\"24\"><img loading=\"lazy\" decoding=\"async\" class=\"wp-image-7018 aligncenter\" src=\"https:\/\/fmp-components.com\/wp-content\/uploads\/2025\/03\/Plastic-Bevel-Gears-Applications-1.webp\" alt=\"Zastosowania przek\u0142adni sto\u017ckowych z tworzywa sztucznego\" width=\"413\" height=\"295\" title=\"\"><\/td>\n<td style=\"width: 50%;\" align=\"right\" width=\"80\"><img loading=\"lazy\" decoding=\"async\" class=\"wp-image-7017 aligncenter\" src=\"https:\/\/fmp-components.com\/wp-content\/uploads\/2025\/03\/Plastic-Bevel-Gears-Applications.webp\" alt=\"Zastosowania przek\u0142adni sto\u017ckowych z tworzywa sztucznego\" width=\"405\" height=\"289\" title=\"\"><\/td>\n<\/tr>\n<\/tbody>\n<\/table>\n<h3>Dostawca przek\u0142adni sto\u017ckowych z tworzywa sztucznego<\/h3>\n<p>FMP oferuje wszystkie potrzebne Pa\u0144stwu plastikowe ko\u0142a z\u0119bate. Oferujemy precyzyjne plastikowe ko\u0142a z\u0119bate walcowe, plastikowe z\u0119batki, plastikowe ko\u0142a z\u0119bate walcowe i sto\u017ckowe, plastikowe ko\u0142a \u015blimakowe i \u015blimakowe, plastikowe ko\u0142a z\u0119bate sto\u017ckowe, plastikowe ko\u0142a z\u0119bate, plastikowe z\u0119bniki i plastikowe z\u0119batki.<\/p>\n<p>Zadzwo\u0144, a pomo\u017cemy Ci znale\u017a\u0107 odpowiedni sprz\u0119t lub modyfikacj\u0119 standardowego elementu katalogowego albo niestandardowego projektu; nasi in\u017cynierowie zapewni\u0105 najlepsze rozwi\u0105zanie dla Twojego zastosowania.<\/p>\n<p><img loading=\"lazy\" decoding=\"async\" class=\"alignnone size-full wp-image-7019\" src=\"https:\/\/fmp-components.com\/wp-content\/uploads\/2025\/03\/Plastic-Bevel-Gears-Supplier1.webp\" alt=\"Dostawca przek\u0142adni sto\u017ckowych z tworzyw sztucznych\" width=\"1200\" height=\"1000\" title=\"\" srcset=\"https:\/\/fmp-components.com\/wp-content\/uploads\/2025\/03\/Plastic-Bevel-Gears-Supplier1.webp 1200w, https:\/\/fmp-components.com\/wp-content\/uploads\/2025\/03\/Plastic-Bevel-Gears-Supplier1-980x817.webp 980w, https:\/\/fmp-components.com\/wp-content\/uploads\/2025\/03\/Plastic-Bevel-Gears-Supplier1-480x400.webp 480w\" sizes=\"(min-width: 0px) and (max-width: 480px) 480px, (min-width: 481px) and (max-width: 980px) 980px, (min-width: 981px) 1200px, 100vw\" \/><\/p>\n<\/div>\n<\/div>\n<div class=\"table-responsive\">\n<h2>O FMP<\/h2>\n<p>FMP to wiod\u0105cy w\u0142oski producent k\u00f3\u0142 z\u0119batych i listew z\u0119batych, znany ze swojego do\u015bwiadczenia w produkcji zar\u00f3wno standardowych komponent\u00f3w, jak i rozwi\u0105za\u0144 niestandardowych. Opr\u00f3cz asortymentu cz\u0119\u015bci standardowych, FMP specjalizuje si\u0119 w wytwarzaniu standardowych i specjalistycznych k\u00f3\u0142 z\u0119batych na podstawie rysunk\u00f3w lub pr\u00f3bek dostarczonych przez klient\u00f3w. Nasze ko\u0142a z\u0119bate s\u0105 dost\u0119pne w r\u00f3\u017cnych materia\u0142ach, w tym ze stali w\u0119glowej, stali nierdzewnej, aluminium, miedzi, mosi\u0105dzu oraz tworzywa sztucznego, w konfiguracjach \u015brubowych lub walcowych. W przypadku jakichkolwiek wymaga\u0144 dotycz\u0105cych niestandardowych produkt\u00f3w przek\u0142adniowych, prosimy o kontakt mailowy. Dedykowany zesp\u00f3\u0142 profesjonalnych in\u017cynier\u00f3w FMP odpowie na Pa\u0144stwa zapytanie w ci\u0105gu 24 godzin.<\/p>\n<p><img loading=\"lazy\" decoding=\"async\" class=\"alignnone size-full wp-image-7010\" src=\"https:\/\/fmp-components.com\/wp-content\/uploads\/2025\/03\/bevel-gear-3.webp\" alt=\"przek\u0142adnia sto\u017ckowa\" width=\"1076\" height=\"721\" title=\"\" srcset=\"https:\/\/fmp-components.com\/wp-content\/uploads\/2025\/03\/bevel-gear-3.webp 1076w, https:\/\/fmp-components.com\/wp-content\/uploads\/2025\/03\/bevel-gear-3-980x657.webp 980w, https:\/\/fmp-components.com\/wp-content\/uploads\/2025\/03\/bevel-gear-3-480x322.webp 480w\" sizes=\"(min-width: 0px) and (max-width: 480px) 480px, (min-width: 481px) and (max-width: 980px) 980px, (min-width: 981px) 1076px, 100vw\" \/><\/p>\n<\/div>","protected":false},"excerpt":{"rendered":"<p>Plastic Bevel Gears Description Dimension:\u03a612 Module: M0.25 Material Type: Plastic, POM, Nylon\u2026as the customer required Ratios: 1:1, 2:1, 3:1, 4:1, 5:1 Operating temperature: -40\u00b0C to 80\u00b0C Part no (Link) Pitch (mod) No. of Teeth All dimensions in mm Brass Insert and Set Screw Outside Dia. Pitch Dia. Bore Dia. &#8220;B&#8221; &#8216;CD&#8217; Hub dia &#8216;C&#8217; Boss [&hellip;]<\/p>","protected":false},"featured_media":4659,"comment_status":"open","ping_status":"closed","template":"","meta":{"_et_pb_use_builder":"","_et_pb_old_content":"","_et_gb_content_width":""},"product_brand":[],"product_cat":[106],"product_tag":[],"class_list":{"0":"post-7012","1":"product","2":"type-product","3":"status-publish","4":"has-post-thumbnail","6":"product_cat-bevel-gears","8":"first","9":"instock","10":"shipping-taxable","11":"product-type-simple"},"_links":{"self":[{"href":"https:\/\/fmp-components.com\/pl\/wp-json\/wp\/v2\/product\/7012","targetHints":{"allow":["GET"]}}],"collection":[{"href":"https:\/\/fmp-components.com\/pl\/wp-json\/wp\/v2\/product"}],"about":[{"href":"https:\/\/fmp-components.com\/pl\/wp-json\/wp\/v2\/types\/product"}],"replies":[{"embeddable":true,"href":"https:\/\/fmp-components.com\/pl\/wp-json\/wp\/v2\/comments?post=7012"}],"wp:featuredmedia":[{"embeddable":true,"href":"https:\/\/fmp-components.com\/pl\/wp-json\/wp\/v2\/media\/4659"}],"wp:attachment":[{"href":"https:\/\/fmp-components.com\/pl\/wp-json\/wp\/v2\/media?parent=7012"}],"wp:term":[{"taxonomy":"product_brand","embeddable":true,"href":"https:\/\/fmp-components.com\/pl\/wp-json\/wp\/v2\/product_brand?post=7012"},{"taxonomy":"product_cat","embeddable":true,"href":"https:\/\/fmp-components.com\/pl\/wp-json\/wp\/v2\/product_cat?post=7012"},{"taxonomy":"product_tag","embeddable":true,"href":"https:\/\/fmp-components.com\/pl\/wp-json\/wp\/v2\/product_tag?post=7012"}],"curies":[{"name":"wp","href":"https:\/\/api.w.org\/{rel}","templated":true}]}}