{"id":7006,"date":"2025-03-14T06:03:43","date_gmt":"2025-03-14T06:03:43","guid":{"rendered":"https:\/\/fmp-components.com\/?post_type=product&#038;p=7006"},"modified":"2025-03-27T01:32:14","modified_gmt":"2025-03-27T01:32:14","slug":"aircraft-bevel-gear","status":"publish","type":"product","link":"https:\/\/fmp-components.com\/pl\/product\/aircraft-bevel-gear\/","title":{"rendered":"Przek\u0142adnia sto\u017ckowa samolotu"},"content":{"rendered":"<p>Wymiary: \u03a63 mm - \u03a6120 mm<br \/>\nModu\u0142: M2.0<br \/>\nTyp materia\u0142u: Metal wed\u0142ug wymaga\u0144 klienta<\/p>\n<h2>Specyfikacja produktu<\/h2>\n<div class=\"table-responsive\">\n<table class=\"table\" style=\"width: 99.125%; height: 352px;\" border=\"1\">\n<tbody>\n<tr>\n<td style=\"width: 99.2395%;\" colspan=\"2\">Przek\u0142adnia sto\u017ckowa samolotu<\/td>\n<\/tr>\n<tr>\n<td style=\"width: 18.5044%;\">Wymiar<\/td>\n<td style=\"width: 80.7351%;\">\u03a610mm<\/td>\n<\/tr>\n<tr>\n<td style=\"width: 18.5044%;\">Modu\u0142<\/td>\n<td style=\"width: 80.7351%;\">M0,15-M2,2<\/td>\n<\/tr>\n<tr>\n<td style=\"width: 18.5044%;\">Rodzaj materia\u0142u<\/td>\n<td style=\"width: 80.7351%;\">Metal, br\u0105z, stal, stop, POM, cynk, aluminium, \u017celazo, stal nierdzewna, mosi\u0105dz, mied\u017a<\/td>\n<\/tr>\n<tr>\n<td style=\"width: 18.5044%;\">Stopie\u0144 siatki<\/td>\n<td style=\"width: 80.7351%;\">JGMA 1, JIS 6, AGMA 13, DIN 6,Din5,AGMA12<\/td>\n<\/tr>\n<tr>\n<td style=\"width: 18.5044%;\">Aplikacja<\/td>\n<td style=\"width: 80.7351%;\">Motoryzacja, wojsko, lotnictwo, mechanika, przemys\u0142, medycyna<\/td>\n<\/tr>\n<tr>\n<td style=\"width: 18.5044%;\">Dostosowane<\/td>\n<td style=\"width: 80.7351%;\">ODM\/OEM<\/td>\n<\/tr>\n<tr>\n<td style=\"width: 18.5044%;\">Pr\u00f3bka<\/td>\n<td style=\"width: 80.7351%;\">Dost\u0119pna pr\u00f3bka<\/td>\n<\/tr>\n<tr>\n<td style=\"width: 18.5044%;\">Sposoby pakowania<\/td>\n<td style=\"width: 80.7351%;\">Pakowane pr\u00f3\u017cniowo z plastikow\u0105 tack\u0105<\/td>\n<\/tr>\n<tr>\n<td style=\"width: 18.5044%;\">Sposoby dostawy<\/td>\n<td style=\"width: 80.7351%;\">DHL i UPS<\/td>\n<\/tr>\n<tr>\n<td style=\"width: 18.5044%;\">Certyfikat<\/td>\n<td style=\"width: 80.7351%;\">ISO 9001: 2008\/TS16949<\/td>\n<\/tr>\n<\/tbody>\n<\/table>\n<h2>Cechy przek\u0142adni sto\u017ckowej samolotu<\/h2>\n<div>\n<ul>\n<li class=\"break-words\"><strong>Konstrukcja z\u0119b\u00f3w k\u0105towych<\/strong>:Ten <a href=\"https:\/\/fmp-components.com\/pl\/bevel-gear-2\/\">przek\u0142adnia sto\u017ckowa<\/a> ma z\u0119by \u015bci\u0119te pod k\u0105tem na powierzchni sto\u017ckowej, co pozwala mu na zaz\u0119bienie si\u0119 z innym ko\u0142em z\u0119batym w celu przekazania mocy pomi\u0119dzy przecinaj\u0105cymi si\u0119 wa\u0142ami, zwykle pod k\u0105tem 90 stopni.<\/li>\n<li class=\"break-words\"><strong>Wysoka precyzja<\/strong>:Zaprojektowano go z uwzgl\u0119dnieniem \u015bcis\u0142ych tolerancji, aby zapewni\u0107 p\u0142ynne, dok\u0142adne i niezawodne przenoszenie mocy, co ma kluczowe znaczenie dla precyzji wymaganej w systemach samolot\u00f3w.<\/li>\n<li class=\"break-words\"><strong>Kompaktowy i lekki<\/strong>Projekt zoptymalizowano pod k\u0105tem oszcz\u0119dno\u015bci miejsca i ma\u0142ej masy, co pozwoli\u0142o na zmniejszenie ca\u0142kowitej masy samolotu przy jednoczesnym zachowaniu integralno\u015bci strukturalnej w przestrzeniach zamkni\u0119tych.<\/li>\n<li class=\"break-words\"><strong>No\u015bno\u015b\u0107<\/strong>Wykonany z trwa\u0142ych materia\u0142\u00f3w, takich jak hartowana stal lub tytan, \u015bmig\u0142o wytrzymuje wysoki moment obrotowy i du\u017ce obci\u0105\u017cenia, gwarantuj\u0105c wydajno\u015b\u0107 w warunkach lotu.<\/li>\n<li class=\"break-words\"><strong>Wszechstronno\u015b\u0107<\/strong>Obs\u0142uguje r\u00f3\u017cne konfiguracje (np. proste, spiralne lub z\u0119by zerowe), oferuj\u0105c elastyczno\u015b\u0107 umo\u017cliwiaj\u0105c\u0105 dopasowanie do r\u00f3\u017cnych zastosowa\u0144 w samolotach, takich jak silniki lub mechanizmy sterowania, przy minimalnych wibracjach i ha\u0142asie.<\/li>\n<\/ul>\n<p><img loading=\"lazy\" decoding=\"async\" class=\"size-full wp-image-4330 aligncenter\" src=\"https:\/\/fmp-components.com\/wp-content\/uploads\/2025\/01\/Aircraft-Bevel-Gear.webp\" alt=\"Przek\u0142adnia sto\u017ckowa samolotu\" width=\"600\" height=\"600\" title=\"\" srcset=\"https:\/\/fmp-components.com\/wp-content\/uploads\/2025\/01\/Aircraft-Bevel-Gear.webp 600w, https:\/\/fmp-components.com\/wp-content\/uploads\/2025\/01\/Aircraft-Bevel-Gear-480x480.webp 480w\" sizes=\"(min-width: 0px) and (max-width: 480px) 480px, (min-width: 481px) 600px, 100vw\" \/><\/p>\n<\/div>\n<\/div>\n<div class=\"table-responsive\">\n<h2>O FMP<\/h2>\n<p>FMP to wiod\u0105cy w\u0142oski producent k\u00f3\u0142 z\u0119batych i listew z\u0119batych, znany ze swojego do\u015bwiadczenia w produkcji zar\u00f3wno standardowych komponent\u00f3w, jak i rozwi\u0105za\u0144 niestandardowych. Opr\u00f3cz asortymentu cz\u0119\u015bci standardowych, FMP specjalizuje si\u0119 w wytwarzaniu standardowych i specjalistycznych k\u00f3\u0142 z\u0119batych na podstawie rysunk\u00f3w lub pr\u00f3bek dostarczonych przez klient\u00f3w. Nasze ko\u0142a z\u0119bate s\u0105 dost\u0119pne w r\u00f3\u017cnych materia\u0142ach, w tym ze stali w\u0119glowej, stali nierdzewnej, aluminium, miedzi, mosi\u0105dzu oraz tworzywa sztucznego, w konfiguracjach \u015brubowych lub walcowych. W przypadku jakichkolwiek wymaga\u0144 dotycz\u0105cych niestandardowych produkt\u00f3w przek\u0142adniowych, prosimy o kontakt mailowy. Dedykowany zesp\u00f3\u0142 profesjonalnych in\u017cynier\u00f3w FMP odpowie na Pa\u0144stwa zapytanie w ci\u0105gu 24 godzin.<\/p>\n<p><img loading=\"lazy\" decoding=\"async\" class=\"alignnone size-full wp-image-7010\" src=\"https:\/\/fmp-components.com\/wp-content\/uploads\/2025\/03\/bevel-gear-3.webp\" alt=\"przek\u0142adnia sto\u017ckowa\" width=\"1076\" height=\"721\" title=\"\" srcset=\"https:\/\/fmp-components.com\/wp-content\/uploads\/2025\/03\/bevel-gear-3.webp 1076w, https:\/\/fmp-components.com\/wp-content\/uploads\/2025\/03\/bevel-gear-3-980x657.webp 980w, https:\/\/fmp-components.com\/wp-content\/uploads\/2025\/03\/bevel-gear-3-480x322.webp 480w\" sizes=\"(min-width: 0px) and (max-width: 480px) 480px, (min-width: 481px) and (max-width: 980px) 980px, (min-width: 981px) 1076px, 100vw\" \/><\/p>\n<\/div>","protected":false},"excerpt":{"rendered":"<p>Dimension:\u03a63mm- \u03a6120mm Module: M2.0 Material Type: Metal as customer required Product Specification Aircraft Bevel Gear Dimension \u03a610mm Module M0.15-M2.2 Material Type Metal, Bronze, Steel, Alloy, POM, Zinc, Aluminum, Iron, Stainless, Brass, Copper Meshing Grade JGMA 1, JIS 6, AGMA 13, DIN 6,Din5,AGMA12 Application Automotive, Military, Aircraft, Mechanical, industrial, Medical Customized ODM\/OEM Sample Sample available Modes [&hellip;]<\/p>","protected":false},"featured_media":4330,"comment_status":"open","ping_status":"closed","template":"","meta":{"_et_pb_use_builder":"","_et_pb_old_content":"","_et_gb_content_width":""},"product_brand":[],"product_cat":[106],"product_tag":[],"class_list":{"0":"post-7006","1":"product","2":"type-product","3":"status-publish","4":"has-post-thumbnail","6":"product_cat-bevel-gears","8":"first","9":"instock","10":"shipping-taxable","11":"product-type-simple"},"_links":{"self":[{"href":"https:\/\/fmp-components.com\/pl\/wp-json\/wp\/v2\/product\/7006","targetHints":{"allow":["GET"]}}],"collection":[{"href":"https:\/\/fmp-components.com\/pl\/wp-json\/wp\/v2\/product"}],"about":[{"href":"https:\/\/fmp-components.com\/pl\/wp-json\/wp\/v2\/types\/product"}],"replies":[{"embeddable":true,"href":"https:\/\/fmp-components.com\/pl\/wp-json\/wp\/v2\/comments?post=7006"}],"wp:featuredmedia":[{"embeddable":true,"href":"https:\/\/fmp-components.com\/pl\/wp-json\/wp\/v2\/media\/4330"}],"wp:attachment":[{"href":"https:\/\/fmp-components.com\/pl\/wp-json\/wp\/v2\/media?parent=7006"}],"wp:term":[{"taxonomy":"product_brand","embeddable":true,"href":"https:\/\/fmp-components.com\/pl\/wp-json\/wp\/v2\/product_brand?post=7006"},{"taxonomy":"product_cat","embeddable":true,"href":"https:\/\/fmp-components.com\/pl\/wp-json\/wp\/v2\/product_cat?post=7006"},{"taxonomy":"product_tag","embeddable":true,"href":"https:\/\/fmp-components.com\/pl\/wp-json\/wp\/v2\/product_tag?post=7006"}],"curies":[{"name":"wp","href":"https:\/\/api.w.org\/{rel}","templated":true}]}}