{"id":6946,"date":"2025-03-13T03:46:50","date_gmt":"2025-03-13T03:46:50","guid":{"rendered":"https:\/\/fmp-components.com\/?post_type=product&#038;p=6946"},"modified":"2025-03-27T01:34:39","modified_gmt":"2025-03-27T01:34:39","slug":"sintered-metal-bevel-gears","status":"publish","type":"product","link":"https:\/\/fmp-components.com\/pl\/product\/sintered-metal-bevel-gears\/","title":{"rendered":"Ko\u0142a z\u0119bate sto\u017ckowe ze spiekanego metalu"},"content":{"rendered":"<div>\n<h3>O z\u0119bach sto\u017ckowych ze spiekanego metalu<\/h3>\n<p class=\"break-words\">Spiekany metal <a href=\"https:\/\/fmp-components.com\/pl\/bevel-gear-2\/\">ko\u0142a z\u0119bate sto\u017ckowe<\/a> to precyzyjnie zaprojektowane komponenty wytwarzane w procesie spiekania, w kt\u00f3rym proszki metali s\u0105 zag\u0119szczane i podgrzewane w celu utworzenia mocnych i trwa\u0142ych k\u00f3\u0142 z\u0119batych o sto\u017ckowym kszta\u0142cie. Ko\u0142a te s\u0105 szeroko stosowane w r\u00f3\u017cnych ga\u0142\u0119ziach przemys\u0142u ze wzgl\u0119du na mo\u017cliwo\u015b\u0107 przenoszenia ruchu i mocy mi\u0119dzy przecinaj\u0105cymi si\u0119 wa\u0142ami, zazwyczaj pod k\u0105tem 90 stopni. Oferuj\u0105 one zalety takie jak wysoka wytrzyma\u0142o\u015b\u0107, odporno\u015b\u0107 na zu\u017cycie i op\u0142acalno\u015b\u0107 dzi\u0119ki zastosowaniu metalurgii proszk\u00f3w.<\/p>\n<p class=\"break-words\">W firmie FMP specjalizujemy si\u0119 w produkcji szerokiej gamy spiekanych przek\u0142adni z\u0119batych sto\u017ckowych, dostosowanych do zr\u00f3\u017cnicowanych potrzeb. Oferujemy r\u00f3wnie\u017c us\u0142ugi personalizacji, aby dostosowa\u0107 nasze produkty do Pa\u0144stwa indywidualnych wymaga\u0144. Je\u015bli nie znajd\u0105 Pa\u0144stwo na naszej li\u015bcie produkt\u00f3w dok\u0142adnie takiego modelu, jakiego Pa\u0144stwo potrzebuj\u0105, oznacza to po prostu, \u017ce nie zd\u0105\u017cyli\u015bmy go jeszcze zaktualizowa\u0107. Prosimy o przes\u0142anie nam maila z \u017c\u0105dan\u0105 specyfikacj\u0105, a nasi in\u017cynierowie odpowiedz\u0105 w ci\u0105gu 24 godzin, aby udzieli\u0107 Pa\u0144stwu pomocy.\u00a0<img loading=\"lazy\" decoding=\"async\" class=\"alignnone size-full wp-image-6952\" src=\"https:\/\/fmp-components.com\/wp-content\/uploads\/2025\/03\/Sintered-Metal-bevel-gear-maintain.webp\" alt=\"Spiekane metalowe ko\u0142o z\u0119bate sto\u017ckowe\" width=\"1300\" height=\"946\" title=\"\" srcset=\"https:\/\/fmp-components.com\/wp-content\/uploads\/2025\/03\/Sintered-Metal-bevel-gear-maintain.webp 1300w, https:\/\/fmp-components.com\/wp-content\/uploads\/2025\/03\/Sintered-Metal-bevel-gear-maintain-1280x931.webp 1280w, https:\/\/fmp-components.com\/wp-content\/uploads\/2025\/03\/Sintered-Metal-bevel-gear-maintain-980x713.webp 980w, https:\/\/fmp-components.com\/wp-content\/uploads\/2025\/03\/Sintered-Metal-bevel-gear-maintain-480x349.webp 480w\" sizes=\"(min-width: 0px) and (max-width: 480px) 480px, (min-width: 481px) and (max-width: 980px) 980px, (min-width: 981px) and (max-width: 1280px) 1280px, (min-width: 1281px) 1300px, 100vw\" \/><\/p>\n<h3>Specyfikacja<\/h3>\n<\/div>\n<table class=\"table\" border=\"1\" width=\"100%\" cellspacing=\"0\" cellpadding=\"0\">\n<tbody>\n<tr class=\"firstRow\">\n<td valign=\"center\" width=\"132\">Numer modelu<\/td>\n<td valign=\"center\" width=\"491\">M3, M4, M5, M8, M12 itd.<\/td>\n<\/tr>\n<tr>\n<td valign=\"center\" width=\"132\">Tworzywo<\/td>\n<td valign=\"center\" width=\"491\">Mosi\u0105dz, stal C45, stal nierdzewna, mied\u017a, POM, aluminium, stop itp.<\/td>\n<\/tr>\n<tr>\n<td valign=\"center\" width=\"132\">Obr\u00f3bka powierzchni<\/td>\n<td valign=\"center\" width=\"491\">Cynkowanie, Niklowanie, Pasywacja, Utlenianie, Anodowanie,<br \/>\nGeomet, Dacromet, Czarny tlenek, fosforanowanie, malowanie proszkowe i elektroforeza<\/td>\n<\/tr>\n<tr>\n<td valign=\"center\" width=\"132\">Standard<\/td>\n<td valign=\"center\" width=\"491\">ISO, DIN, ANSI, JIS, BS i niestandardowe.<\/td>\n<\/tr>\n<tr>\n<td valign=\"center\" width=\"132\">Precyzja<\/td>\n<td valign=\"center\" width=\"491\">DIN6, DIN7, DIN8, DIN9.<\/td>\n<\/tr>\n<tr>\n<td valign=\"center\" width=\"132\">Leczenie z\u0119b\u00f3w<\/td>\n<td valign=\"center\" width=\"491\">Utwardzane, frezowane lub szlifowane<\/td>\n<\/tr>\n<tr>\n<td valign=\"center\" width=\"132\">Tolerancja<\/td>\n<td valign=\"center\" width=\"491\">0,001 mm-0,01 mm-0,1 mm<\/td>\n<\/tr>\n<tr>\n<td valign=\"center\" width=\"132\">Sko\u0144czy\u0107<\/td>\n<td valign=\"center\" width=\"491\">\u015brutowanie\/piaskowanie, obr\u00f3bka cieplna, wy\u017carzanie, odpuszczanie, polerowanie, anodowanie, cynkowanie<\/td>\n<\/tr>\n<tr>\n<td valign=\"center\" width=\"132\">Pakowanie przedmiot\u00f3w<\/td>\n<td valign=\"center\" width=\"491\">Torba plastikowa + kartony lub opakowanie drewniane<\/td>\n<\/tr>\n<tr>\n<td valign=\"center\" width=\"132\">Warunki p\u0142atno\u015bci<\/td>\n<td valign=\"center\" width=\"491\">T\/T, L\/C<\/td>\n<\/tr>\n<tr>\n<td valign=\"center\" width=\"132\">Czas realizacji produkcji<\/td>\n<td valign=\"center\" width=\"491\">20 dni roboczych na pr\u00f3bk\u0119, 25 dni na parti\u0119 hurtow\u0105<\/td>\n<\/tr>\n<tr>\n<td valign=\"center\" width=\"132\">Pr\u00f3bki<\/td>\n<td valign=\"center\" width=\"491\">Przyk\u0142adowy zakres cen od $2 do $100.<br \/>\npr\u00f3bka ekspresowego zam\u00f3wienia op\u0142acona przez klient\u00f3w<\/td>\n<\/tr>\n<tr>\n<td valign=\"center\" width=\"132\">Aplikacja<\/td>\n<td valign=\"center\" width=\"491\">1. Automatyczna maszyna steruj\u0105ca<br \/>\n2. Przemys\u0142 p\u00f3\u0142przewodnikowy<br \/>\n3. Maszyny og\u00f3lnego przeznaczenia<br \/>\n4. Sprz\u0119t medyczny<br \/>\n5. Sprz\u0119t do pozyskiwania energii s\u0142onecznej<br \/>\n6. Obrabiarka<br \/>\n7. System parkingowy<br \/>\n8. Sprz\u0119t do transportu kolejowego i lotniczego du\u017cych pr\u0119dko\u015bci itp.<\/td>\n<\/tr>\n<\/tbody>\n<\/table>\n<p><img loading=\"lazy\" decoding=\"async\" class=\"alignnone wp-image-6953\" src=\"https:\/\/fmp-components.com\/wp-content\/uploads\/2025\/03\/Sintered-Metal-bevel-gear-work.webp\" alt=\"Spiekane metalowe ko\u0142o z\u0119bate sto\u017ckowe\" width=\"772\" height=\"587\" title=\"\" srcset=\"https:\/\/fmp-components.com\/wp-content\/uploads\/2025\/03\/Sintered-Metal-bevel-gear-work.webp 772w, https:\/\/fmp-components.com\/wp-content\/uploads\/2025\/03\/Sintered-Metal-bevel-gear-work-480x365.webp 480w\" sizes=\"(min-width: 0px) and (max-width: 480px) 480px, (min-width: 481px) 772px, 100vw\" \/><\/p>","protected":false},"excerpt":{"rendered":"<p>About Sintered Metal bevel gears Sintered metal bevel gears are precision-engineered components made through a sintering process, where metal powders are compacted and heated to form strong, durable gears with a conical shape. These gears are widely used in various industries for their ability to transmit motion and power between intersecting shafts, typically at a [&hellip;]<\/p>","protected":false},"featured_media":6951,"comment_status":"open","ping_status":"closed","template":"","meta":{"_et_pb_use_builder":"","_et_pb_old_content":"","_et_gb_content_width":""},"product_brand":[],"product_cat":[106],"product_tag":[],"class_list":{"0":"post-6946","1":"product","2":"type-product","3":"status-publish","4":"has-post-thumbnail","6":"product_cat-bevel-gears","8":"first","9":"instock","10":"shipping-taxable","11":"product-type-simple"},"_links":{"self":[{"href":"https:\/\/fmp-components.com\/pl\/wp-json\/wp\/v2\/product\/6946","targetHints":{"allow":["GET"]}}],"collection":[{"href":"https:\/\/fmp-components.com\/pl\/wp-json\/wp\/v2\/product"}],"about":[{"href":"https:\/\/fmp-components.com\/pl\/wp-json\/wp\/v2\/types\/product"}],"replies":[{"embeddable":true,"href":"https:\/\/fmp-components.com\/pl\/wp-json\/wp\/v2\/comments?post=6946"}],"wp:featuredmedia":[{"embeddable":true,"href":"https:\/\/fmp-components.com\/pl\/wp-json\/wp\/v2\/media\/6951"}],"wp:attachment":[{"href":"https:\/\/fmp-components.com\/pl\/wp-json\/wp\/v2\/media?parent=6946"}],"wp:term":[{"taxonomy":"product_brand","embeddable":true,"href":"https:\/\/fmp-components.com\/pl\/wp-json\/wp\/v2\/product_brand?post=6946"},{"taxonomy":"product_cat","embeddable":true,"href":"https:\/\/fmp-components.com\/pl\/wp-json\/wp\/v2\/product_cat?post=6946"},{"taxonomy":"product_tag","embeddable":true,"href":"https:\/\/fmp-components.com\/pl\/wp-json\/wp\/v2\/product_tag?post=6946"}],"curies":[{"name":"wp","href":"https:\/\/api.w.org\/{rel}","templated":true}]}}