{"id":6651,"date":"2025-03-11T06:36:21","date_gmt":"2025-03-11T06:36:21","guid":{"rendered":"https:\/\/fmp-components.com\/product\/italy-manufacturing-price-customized-stage-mini-3-ton-to-100-ton-double-acting-telescopic-hydraulic-cylinders-for-dump-trucks"},"modified":"2025-03-12T08:22:27","modified_gmt":"2025-03-12T08:22:27","slug":"italy-manufacturing-price-customized-stage-mini-3-ton-to-100-ton-double-acting-telescopic-hydraulic-cylinders-for-dump-trucks","status":"publish","type":"product","link":"https:\/\/fmp-components.com\/pl\/product\/italy-manufacturing-price-customized-stage-mini-3-ton-to-100-ton-double-acting-telescopic-hydraulic-cylinders-for-dump-trucks\/","title":{"rendered":"Cena produkcji we W\u0142oszech: Dostosowane miniaturowe teleskopowe si\u0142owniki hydrauliczne dwustronnego dzia\u0142ania o ud\u017awigu od 3 do 100 ton do wywrotek"},"content":{"rendered":"<h2>Cena produkcji we W\u0142oszech: Dostosowane miniaturowe teleskopowe si\u0142owniki hydrauliczne dwustronnego dzia\u0142ania o ud\u017awigu od 3 do 100 ton do wywrotek<\/h2>\n<p>Nasze teleskopowe si\u0142owniki hydrauliczne zapewniaj\u0105 wyj\u0105tkow\u0105 funkcjonalno\u015b\u0107 i trwa\u0142o\u015b\u0107 nawet w najbardziej wymagaj\u0105cych zastosowaniach. Te kluczowe elementy w szerokiej gamie maszyn zapewniaj\u0105 si\u0142\u0119 niezb\u0119dn\u0105 do przemieszczania, podnoszenia lub \u015bciskania materia\u0142\u00f3w w zak\u0142adach produkcyjnych, warsztatach naprawczych maszyn, gospodarstwach rolnych oraz w przemy\u015ble energetycznym i g\u00f3rniczym.<\/p>\n<h3>Specyfikacja produktu<\/h3>\n<p>Nasze cylindry hydrauliczne mo\u017cna dostosowa\u0107 do Pa\u0144stwa wymaga\u0144. Zaprojektowano je z \u015brednic\u0105 t\u0142oka od 20 do 250 mm, o maksymalnej sile ci\u0105gu 3000 i maksymalnej sile uci\u0105gu 600. Korpus wykonany jest z wytrzyma\u0142ej stali, co gwarantuje trwa\u0142o\u015b\u0107 i d\u0142ugowieczno\u015b\u0107. Udzielamy rocznej gwarancji na g\u0142\u00f3wne komponenty i posiadamy certyfikat ISO9001:2000 dla naszego systemu zarz\u0105dzania jako\u015bci\u0105.<\/p>\n<table style=\"width: 96.9169%;\" border=\"\">\n<tbody>\n<tr>\n<td style=\"width: 42.3729%;\">\u015arednica otworu<\/td>\n<td style=\"width: 451.977%;\">3,75-4,5 cala<\/td>\n<\/tr>\n<tr>\n<td style=\"width: 42.3729%;\">Pojemno\u015b\u0107<\/td>\n<td style=\"width: 451.977%;\">7-12 ton<\/td>\n<\/tr>\n<tr>\n<td style=\"width: 42.3729%;\">Rozmiar poci\u0105gni\u0119cia<\/td>\n<td style=\"width: 451.977%;\">78-144 cali<\/td>\n<\/tr>\n<tr>\n<td style=\"width: 42.3729%;\">Rozmiar szpilki<\/td>\n<td style=\"width: 451.977%;\">1.015<\/td>\n<\/tr>\n<tr>\n<td style=\"width: 42.3729%;\">Porty<\/td>\n<td style=\"width: 451.977%;\">G\/SAE\/NPT\/M<\/td>\n<\/tr>\n<\/tbody>\n<\/table>\n<h2>G\u0142\u00f3wne cechy i zalety<\/h2>\n<ul>\n<li>Energooszcz\u0119dny<\/li>\n<li>Wysoce wydajny<\/li>\n<li>Bezpieczny i niezawodny<\/li>\n<li>Mo\u017cliwo\u015b\u0107 dostosowania do konkretnych wymaga\u0144<\/li>\n<\/ul>\n<p><img loading=\"lazy\" decoding=\"async\" class=\"alignnone  wp-image-6658\" src=\"https:\/\/fmp-components.com\/wp-content\/uploads\/2025\/03\/telescopic-hydraulic-cylinder-6.webp\" alt=\"si\u0142ownik hydrauliczny teleskopowy\" width=\"858\" height=\"858\" title=\"\" srcset=\"https:\/\/fmp-components.com\/wp-content\/uploads\/2025\/03\/telescopic-hydraulic-cylinder-6.webp 858w, https:\/\/fmp-components.com\/wp-content\/uploads\/2025\/03\/telescopic-hydraulic-cylinder-6-480x480.webp 480w\" sizes=\"(min-width: 0px) and (max-width: 480px) 480px, (min-width: 481px) 858px, 100vw\" \/><\/p>\n<h2>Zrozumienie uk\u0142ad\u00f3w hydraulicznych<\/h2>\n<p>Si\u0142ownik hydrauliczny stanowi serce uk\u0142adu hydraulicznego, zamieniaj\u0105c ci\u015bnienie p\u0142ynu na ruch mechaniczny. Dzi\u0119ki tej konwersji si\u0142owniki mog\u0105 wywiera\u0107 znaczn\u0105 si\u0142\u0119, co czyni je niezb\u0119dnymi w r\u00f3\u017cnych zastosowaniach przemys\u0142owych.<\/p>\n<h2>Zastosowania cylindr\u00f3w hydraulicznych<\/h2>\n<p>Nasze si\u0142owniki hydrauliczne s\u0105 powszechnie stosowane w wywrotkach, zapewniaj\u0105c si\u0142\u0119 niezb\u0119dn\u0105 do podniesienia skrzyni \u0142adunkowej i wydajnego oraz bezpiecznego roz\u0142adunku materia\u0142u.<\/p>\n<h2>Si\u0142owniki hydrauliczne i agregaty nap\u0119dowe<\/h2>\n<p>Harmonia mi\u0119dzy si\u0142ownikami hydraulicznymi a agregatami ma kluczowe znaczenie dla sprawnego funkcjonowania uk\u0142adu hydraulicznego. Te dwa elementy zapewniaj\u0105 szerokie zastosowanie technologii hydraulicznej w przemy\u015ble, zapewniaj\u0105c niezawodne zasilanie i sterowanie r\u00f3\u017cnymi urz\u0105dzeniami in\u017cynieryjnymi i mechanicznymi. W FMP oferujemy r\u00f3wnie\u017c agregaty na sprzeda\u017c.<\/p>\n<h2>Cz\u0119sto zadawane pytania<\/h2>\n<h3>P1: Jaki jest okres gwarancji na cylindry hydrauliczne?<\/h3>\n<p>A1: Udzielamy rocznej gwarancji na g\u0142\u00f3wne podzespo\u0142y naszych cylindr\u00f3w hydraulicznych.<\/p>\n<h3>P2: Czy cylindry hydrauliczne mo\u017cna dostosowa\u0107 do indywidualnych potrzeb?<\/h3>\n<p>A2: Tak, nasze cylindry hydrauliczne mog\u0105 by\u0107 dostosowane do Twoich wymaga\u0144.<\/p>\n<h3>P3: Do jakich ga\u0142\u0119zi przemys\u0142u nadaj\u0105 si\u0119 te si\u0142owniki hydrauliczne?<\/h3>\n<p>A3: Nadaj\u0105 si\u0119 do stosowania w zak\u0142adach produkcyjnych, warsztatach naprawy maszyn, gospodarstwach rolnych oraz przemy\u015ble energetycznym i g\u00f3rniczym.<\/p>\n<h3>O FMP<\/h3>\n<p>FMP to czo\u0142owy w\u0142oski producent, znany ze swojego do\u015bwiadczenia w projektowaniu, rozwoju i produkcji wysokiej jako\u015bci cylindr\u00f3w hydraulicznych. Dzi\u0119ki wieloletniemu do\u015bwiadczeniu w bran\u017cy, doskonale \u0142\u0105czymy tradycyjne w\u0142oskie rzemios\u0142o z najnowocze\u015bniejsz\u0105 technologi\u0105, aby dostarcza\u0107 wyj\u0105tkowe rozwi\u0105zania hydrauliczne, dopasowane do zr\u00f3\u017cnicowanych potrzeb naszych klient\u00f3w na ca\u0142ym \u015bwiecie. Z siedzib\u0105 we W\u0142oszech, centrum doskona\u0142o\u015bci in\u017cynieryjnej, FMP ugruntowa\u0142a swoj\u0105 pozycj\u0119 zaufanej marki w sektorze hydraulicznym, dostarczaj\u0105c niezawodne, trwa\u0142e i innowacyjne produkty, kt\u00f3re wspieraj\u0105 firmy na ca\u0142ym \u015bwiecie.<\/p>\n<p>Nasza firma \u0142\u0105czy najlepsze zaawansowane praktyki produkcyjne z nowatorskim podej\u015bciem. Wykorzystuj\u0105c wieloletnie do\u015bwiadczenie w dziedzinie uk\u0142ad\u00f3w hydraulicznych, FMP przekszta\u0142ci\u0142o si\u0119 w nowoczesne przedsi\u0119biorstwo, kt\u00f3re przoduje w badaniach, projektowaniu i produkcji. Oferujemy szerok\u0105 gam\u0119 si\u0142ownik\u00f3w hydraulicznych, w tym si\u0142owniki dwustronnego dzia\u0142ania, si\u0142owniki podnosz\u0105ce do samochod\u00f3w, si\u0142owniki do maszyn rolniczych oraz rozwi\u0105zania projektowane na zam\u00f3wienie do r\u00f3\u017cnych zastosowa\u0144 przemys\u0142owych. Niezale\u017cnie od tego, czy chodzi o budownictwo, instalacje przemys\u0142owe, rolnictwo, czy ci\u0119\u017cki sprz\u0119t, nasze si\u0142owniki hydrauliczne s\u0105 zaprojektowane tak, aby dzia\u0142a\u0107 w najtrudniejszych warunkach, zapewniaj\u0105c bezpiecze\u0144stwo, wydajno\u015b\u0107 i trwa\u0142o\u015b\u0107.<\/p>\n<p>W FMP jeste\u015bmy dumni z naszych najnowocze\u015bniejszych zak\u0142ad\u00f3w produkcyjnych, wyposa\u017conych w precyzyjny park maszynowy i zaawansowane systemy testowe. Nasze procesy produkcyjne spe\u0142niaj\u0105 rygorystyczne normy krajowe i mi\u0119dzynarodowe, gwarantuj\u0105c, \u017ce ka\u017cdy wyprodukowany si\u0142ownik hydrauliczny spe\u0142nia najwy\u017csze standardy jako\u015bci i niezawodno\u015bci. Dzi\u0119ki wykwalifikowanemu zespo\u0142owi technicznemu i najnowocze\u015bniejszemu sprz\u0119towi, zapewniamy \u015bcis\u0142\u0105 kontrol\u0119 jako\u015bci na ka\u017cdym etapie produkcji \u2013 od doboru surowc\u00f3w po kontrol\u0119 ko\u0144cow\u0105. To d\u0105\u017cenie do doskona\u0142o\u015bci przynios\u0142o nam certyfikaty i uznanie autorytet\u00f3w bran\u017cowych, co umacnia nasz\u0105 reputacj\u0119 niezawodnego partnera.<\/p>\n<p><img loading=\"lazy\" decoding=\"async\" class=\"alignnone size-full wp-image-6720\" src=\"https:\/\/fmp-components.com\/wp-content\/uploads\/2025\/03\/hydraulic-cylinder-8.webp\" alt=\"Si\u0142owniki hydrauliczne teleskopowe\" width=\"933\" height=\"526\" title=\"\" srcset=\"https:\/\/fmp-components.com\/wp-content\/uploads\/2025\/03\/hydraulic-cylinder-8.webp 933w, https:\/\/fmp-components.com\/wp-content\/uploads\/2025\/03\/hydraulic-cylinder-8-480x271.webp 480w\" sizes=\"(min-width: 0px) and (max-width: 480px) 480px, (min-width: 481px) 933px, 100vw\" \/><\/p>\n<p>Nasza misja jest zar\u00f3wno prosta, jak i ambitna: dostarcza\u0107 klientom si\u0142owniki hydrauliczne, kt\u00f3re przewy\u017cszaj\u0105 oczekiwania pod wzgl\u0119dem wydajno\u015bci, trwa\u0142o\u015bci i warto\u015bci. Kierujemy si\u0119 podstawowymi zasadami profesjonalizmu, uczciwo\u015bci i zorientowania na klienta. Piel\u0119gnuj\u0105c kultur\u0119 innowacyjno\u015bci i precyzji, stale udoskonalamy nasze produkty, aby utrzyma\u0107 pozycj\u0119 lidera na konkurencyjnym rynku. Nasza szeroka gama produkt\u00f3w i mo\u017cliwo\u015b\u0107 oferowania rozwi\u0105za\u0144 dostosowanych do indywidualnych potrzeb sprawiaj\u0105, \u017ce jeste\u015bmy preferowanym wyborem dla firm poszukuj\u0105cych wysokowydajnych si\u0142ownik\u00f3w hydraulicznych.<\/p>\n<p>FMP to co\u015b wi\u0119cej ni\u017c tylko producent; jeste\u015bmy zaanga\u017cowanymi partnerami w Pa\u0144stwa sukcesie. Rozumiemy, \u017ce nasi klienci polegaj\u0105 na nas, dostarczaj\u0105c narz\u0119dzia zwi\u0119kszaj\u0105ce produktywno\u015b\u0107 i bezpiecze\u0144stwo. Dlatego dok\u0142adamy wszelkich stara\u0144, aby dostarcza\u0107 nie tylko produkty najwy\u017cszej jako\u015bci, ale tak\u017ce wyj\u0105tkow\u0105 obs\u0142ug\u0119. Od wst\u0119pnych konsultacji po wsparcie posprzeda\u017cowe, \u015bci\u015ble wsp\u00f3\u0142pracujemy z naszymi klientami, aby zapewni\u0107 im profesjonalne i kompleksowe zaspokojenie ich potrzeb. Nasze konkurencyjne ceny w po\u0142\u0105czeniu z niezmiennym zaanga\u017cowaniem w jako\u015b\u0107 sprawiaj\u0105, \u017ce FMP to m\u0105dry wyb\u00f3r dla firm poszukuj\u0105cych niezawodnych rozwi\u0105za\u0144 hydraulicznych.<\/p>","protected":false},"excerpt":{"rendered":"<p>Italy Manufacturing Price Customized Stage Mini 3 Ton to 100 Ton Double Acting Telescopic Hydraulic Cylinders for Dump Trucks Our Telescopic Hydraulic Cylinders deliver exceptional functionality and durability even in the most demanding applications. A critical component in a wide range of machinery, these hydraulic cylinders provide the force necessary for moving, lifting, or compressing [&hellip;]<\/p>","protected":false},"featured_media":6761,"comment_status":"closed","ping_status":"closed","template":"","meta":{"_et_pb_use_builder":"","_et_pb_old_content":"","_et_gb_content_width":""},"product_brand":[],"product_cat":[103],"product_tag":[34,105],"class_list":{"0":"post-6651","1":"product","2":"type-product","3":"status-publish","4":"has-post-thumbnail","6":"product_cat-telescopic-hydraulic-cylinders","7":"product_tag-hydraulic-cylinder","8":"product_tag-telescopic-hydraulic-cylinders","10":"first","11":"instock","12":"product-type-simple"},"_links":{"self":[{"href":"https:\/\/fmp-components.com\/pl\/wp-json\/wp\/v2\/product\/6651","targetHints":{"allow":["GET"]}}],"collection":[{"href":"https:\/\/fmp-components.com\/pl\/wp-json\/wp\/v2\/product"}],"about":[{"href":"https:\/\/fmp-components.com\/pl\/wp-json\/wp\/v2\/types\/product"}],"replies":[{"embeddable":true,"href":"https:\/\/fmp-components.com\/pl\/wp-json\/wp\/v2\/comments?post=6651"}],"wp:featuredmedia":[{"embeddable":true,"href":"https:\/\/fmp-components.com\/pl\/wp-json\/wp\/v2\/media\/6761"}],"wp:attachment":[{"href":"https:\/\/fmp-components.com\/pl\/wp-json\/wp\/v2\/media?parent=6651"}],"wp:term":[{"taxonomy":"product_brand","embeddable":true,"href":"https:\/\/fmp-components.com\/pl\/wp-json\/wp\/v2\/product_brand?post=6651"},{"taxonomy":"product_cat","embeddable":true,"href":"https:\/\/fmp-components.com\/pl\/wp-json\/wp\/v2\/product_cat?post=6651"},{"taxonomy":"product_tag","embeddable":true,"href":"https:\/\/fmp-components.com\/pl\/wp-json\/wp\/v2\/product_tag?post=6651"}],"curies":[{"name":"wp","href":"https:\/\/api.w.org\/{rel}","templated":true}]}}