{"id":6645,"date":"2025-03-11T06:35:17","date_gmt":"2025-03-11T06:35:17","guid":{"rendered":"https:\/\/fmp-components.com\/product\/5-stage-hydraulic-hoist-cylinder-dump-truck-hydraulic-cylinder"},"modified":"2025-03-12T08:36:56","modified_gmt":"2025-03-12T08:36:56","slug":"5-stage-hydraulic-hoist-cylinder-dump-truck-hydraulic-cylinder","status":"publish","type":"product","link":"https:\/\/fmp-components.com\/pl\/product\/5-stage-hydraulic-hoist-cylinder-dump-truck-hydraulic-cylinder\/","title":{"rendered":"5-stopniowy hydrauliczny cylinder podno\u015bnika hydrauliczny wywrotki"},"content":{"rendered":"<h2>5-stopniowy hydrauliczny cylinder podno\u015bnika hydrauliczny wywrotki<\/h2>\n<p>Si\u0142ownik hydrauliczny do wywrotek z 5-stopniowym podno\u015bnikiem hydraulicznym to najnowocze\u015bniejszy produkt zaprojektowany z my\u015bl\u0105 o zapewnieniu najwy\u017cszego poziomu wydajno\u015bci i mocy. Jego niezawodna i trwa\u0142a konstrukcja sprawia, \u017ce \u200b\u200bjest on niezb\u0119dnym elementem w warsztatach naprawczych maszyn, gospodarstwach rolnych, sektorze energetycznym i g\u00f3rniczym, a tak\u017ce w zak\u0142adach produkuj\u0105cych maszyny i fabrykach.<\/p>\n<p><img loading=\"lazy\" decoding=\"async\" class=\"alignnone  wp-image-6664\" src=\"https:\/\/fmp-components.com\/wp-content\/uploads\/2025\/03\/telescopic-hydraulic-cylinder-8.webp\" alt=\"si\u0142ownik hydrauliczny teleskopowy\" width=\"861\" height=\"861\" title=\"\" srcset=\"https:\/\/fmp-components.com\/wp-content\/uploads\/2025\/03\/telescopic-hydraulic-cylinder-8.webp 861w, https:\/\/fmp-components.com\/wp-content\/uploads\/2025\/03\/telescopic-hydraulic-cylinder-8-480x480.webp 480w\" sizes=\"(min-width: 0px) and (max-width: 480px) 480px, (min-width: 481px) 861px, 100vw\" \/><\/p>\n<h3>Cechy i specyfikacje produktu<\/h3>\n<p>Ten si\u0142ownik hydrauliczny jest obj\u0119ty roczn\u0105 gwarancj\u0105 i wa\u017cy 28 kg. Posiada standardow\u0105 konstrukcj\u0119 si\u0142ownika t\u0142okowego zasilanego energi\u0105 hydrauliczn\u0105, wykonan\u0105 z wysokiej jako\u015bci stali dla zapewnienia maksymalnej trwa\u0142o\u015bci. Maksymalna si\u0142a ci\u0105gu wynosi 3000 i maksymalny uci\u0105g 20 ton. Jest w kolorze czarnym i jest wielostopniowym si\u0142ownikiem hydraulicznym.<\/p>\n<table style=\"width: 95.1506%; height: 115px;\" border=\"\">\n<tbody>\n<tr style=\"height: 23px;\">\n<th style=\"width: 43.5028%; height: 23px;\">Rozmiar otworu<\/th>\n<td style=\"width: 459.393%; height: 23px;\">2-6 cali<\/td>\n<\/tr>\n<tr style=\"height: 23px;\">\n<th style=\"width: 43.5028%; height: 23px;\">Rozmiar pr\u0119ta<\/th>\n<td style=\"width: 459.393%; height: 23px;\">1,125-4 cale<\/td>\n<\/tr>\n<tr style=\"height: 23px;\">\n<th style=\"width: 43.5028%; height: 23px;\">Rozmiar poci\u0105gni\u0119cia<\/th>\n<td style=\"width: 459.393%; height: 23px;\">4-100 cali<\/td>\n<\/tr>\n<tr style=\"height: 23px;\">\n<th style=\"width: 43.5028%; height: 23px;\">Rozmiar szpilki<\/th>\n<td style=\"width: 459.393%; height: 23px;\">0,5-2 cale<\/td>\n<\/tr>\n<tr style=\"height: 23px;\">\n<th style=\"width: 43.5028%; height: 23px;\">Porty<\/th>\n<td style=\"width: 459.393%; height: 23px;\">G\/SAE\/NPT\/M<\/td>\n<\/tr>\n<\/tbody>\n<\/table>\n<h2>Unikalne cechy i zalety<\/h2>\n<p>Ten si\u0142ownik hydrauliczny zosta\u0142 zaprojektowany z my\u015bl\u0105 o efektywno\u015bci energetycznej, wysokiej wydajno\u015bci i bezpiecze\u0144stwie, co czyni go wiod\u0105cym wyborem na rynku. Jego innowacyjne rozwi\u0105zania gwarantuj\u0105 maksymaln\u0105 wydajno\u015b\u0107 przy jednoczesnym minimalizowaniu wp\u0142ywu na \u015brodowisko. Dzi\u0119ki optymalizacji konwersji energii hydraulicznej si\u0142ownik ten nie tylko obni\u017ca koszty energii, ale tak\u017ce wspiera zr\u00f3wnowa\u017cone praktyki. Dodatkowo, jego solidna konstrukcja i zaawansowana in\u017cynieria zapewniaj\u0105 spok\u00f3j ducha, poniewa\u017c spe\u0142nia rygorystyczne normy bezpiecze\u0144stwa i gwarantuje niezawodn\u0105 prac\u0119 w trudnych warunkach.<\/p>\n<h3>Uk\u0142ady hydrauliczne i zasady dzia\u0142ania<\/h3>\n<p>Si\u0142ownik hydrauliczny dzia\u0142a w oparciu o fundamentaln\u0105 zasad\u0119 przekszta\u0142cania energii hydraulicznej w ruch mechaniczny. Proces ten polega na przekszta\u0142caniu ci\u015bnienia w si\u0142\u0119, co pozwala si\u0142ownikowi wykonywa\u0107 r\u00f3\u017cne zadania mechaniczne z precyzj\u0105. Pod wp\u0142ywem ci\u015bnienia p\u0142yn hydrauliczny naciska na t\u0142ok wewn\u0105trz cylindra, generuj\u0105c ruch liniowy. Ta efektywna konwersja energii sprawia, \u017ce \u200b\u200bsi\u0142owniki hydrauliczne s\u0105 niezb\u0119dnymi elementami w wielu maszynach i zastosowaniach in\u017cynieryjnych, umo\u017cliwiaj\u0105c operatorom \u0142atwe podnoszenie, pchanie lub ci\u0105gni\u0119cie ci\u0119\u017ckich \u0142adunk\u00f3w.<\/p>\n<p><img loading=\"lazy\" decoding=\"async\" class=\"alignnone  wp-image-6665\" src=\"https:\/\/fmp-components.com\/wp-content\/uploads\/2025\/03\/telescopic-hydraulic-cylinder-9.webp\" alt=\"si\u0142ownik hydrauliczny teleskopowy\" width=\"912\" height=\"912\" title=\"\" srcset=\"https:\/\/fmp-components.com\/wp-content\/uploads\/2025\/03\/telescopic-hydraulic-cylinder-9.webp 912w, https:\/\/fmp-components.com\/wp-content\/uploads\/2025\/03\/telescopic-hydraulic-cylinder-9-480x480.webp 480w\" sizes=\"(min-width: 0px) and (max-width: 480px) 480px, (min-width: 481px) 912px, 100vw\" \/><\/p>\n<h3>Scenariusze zastosowa\u0144<\/h3>\n<p>Ten si\u0142ownik hydrauliczny znajduje szerokie zastosowanie w wielu r\u00f3\u017cnych sektorach, w tym:<\/p>\n<ul>\n<li><strong>Warsztaty naprawy maszyn:<\/strong> W \u015brodowiskach naprawczych si\u0142owniki hydrauliczne u\u0142atwiaj\u0105 podnoszenie i pozycjonowanie ci\u0119\u017ckich podzespo\u0142\u00f3w maszyn, usprawniaj\u0105c w ten spos\u00f3b procesy konserwacyjne i zwi\u0119kszaj\u0105c wydajno\u015b\u0107 operacyjn\u0105.<\/li>\n<li><strong>Rolnictwo:<\/strong> W sektorze rolniczym si\u0142owniki te odgrywaj\u0105 kluczow\u0105 rol\u0119 w obs\u0142udze maszyn takich jak traktory i kombajny. Pomagaj\u0105 w takich zadaniach jak podnoszenie, oranie i transport towar\u00f3w, znacz\u0105co zwi\u0119kszaj\u0105c wydajno\u015b\u0107 gospodarstw rolnych.<\/li>\n<li><strong>Energia i g\u00f3rnictwo:<\/strong> Si\u0142owniki hydrauliczne s\u0105 niezb\u0119dne w energetyce i g\u00f3rnictwie, gdzie s\u0105 wykorzystywane do wiercenia, wykop\u00f3w i transportu materia\u0142\u00f3w. Ich niezawodna praca w trudnych warunkach sprawia, \u017ce \u200b\u200bs\u0105 one niezb\u0119dne w sprz\u0119cie wykorzystywanym w tych bran\u017cach.<\/li>\n<li><strong>Produkcja maszyn:<\/strong> W zak\u0142adach produkcyjnych si\u0142owniki hydrauliczne s\u0142u\u017c\u0105 do automatyzacji proces\u00f3w, podnoszenia ci\u0119\u017ckich materia\u0142\u00f3w i zasilania linii monta\u017cowych. Ich wydajno\u015b\u0107 przyczynia si\u0119 do wzrostu wydajno\u015bci i precyzji produkcji.<\/li>\n<li><strong>Fabryki maszyn:<\/strong> Cylindry te odgrywaj\u0105 kluczow\u0105 rol\u0119 w monta\u017cu i obs\u0142udze r\u00f3\u017cnorodnych podzespo\u0142\u00f3w maszyn, zapewniaj\u0105c p\u0142ynny przebieg prac i skuteczn\u0105 obs\u0142ug\u0119 materia\u0142\u00f3w w \u015brodowiskach fabrycznych.<\/li>\n<\/ul>\n<h2>Si\u0142owniki hydrauliczne i agregaty nap\u0119dowe<\/h2>\n<p>Si\u0142owniki hydrauliczne i agregaty nap\u0119dowe to niezb\u0119dne elementy ka\u017cdego uk\u0142adu hydraulicznego, wsp\u00f3\u0142pracuj\u0105ce ze sob\u0105, aby zapewni\u0107 niezawodne zasilanie i sterowanie. Si\u0142ownik hydrauliczny dzia\u0142a jako si\u0142ownik, przekszta\u0142caj\u0105c energi\u0119 hydrauliczn\u0105 w ruch mechaniczny, podczas gdy agregat generuje i reguluje ci\u015bnienie hydrauliczne niezb\u0119dne do dzia\u0142ania. Ta symbiotyczna relacja pozwala na szerokie zastosowanie technologii hydraulicznej w r\u00f3\u017cnych bran\u017cach, zapewniaj\u0105c wydajn\u0105 i efektywn\u0105 prac\u0119 urz\u0105dze\u0144 in\u017cynieryjnych i mechanicznych. Dzi\u0119ki integracji wysokiej jako\u015bci si\u0142ownik\u00f3w hydraulicznych z zaawansowanymi agregatami nap\u0119dowymi, firmy mog\u0105 osi\u0105gn\u0105\u0107 optymaln\u0105 wydajno\u015b\u0107 i niezawodno\u015b\u0107 w swoich dzia\u0142aniach, nap\u0119dzaj\u0105c produktywno\u015b\u0107 i innowacyjno\u015b\u0107 w swoich bran\u017cach.<\/p>\n<h2>Cz\u0119sto zadawane pytania<\/h2>\n<p><b>P: Czy jeste\u015b firm\u0105 handlow\u0105 lub produkcyjn\u0105?<\/b><br \/>\nA: Jeste\u015bmy fabryk\u0105.<\/p>\n<p><b>P: Jak d\u0142ugi jest czas dostawy?<\/b><br \/>\nA: Zazwyczaj trwa to 25\u201335 dni.<\/p>\n<p><b>P: Czy dostarczacie pr\u00f3bki? Czy s\u0105 darmowe czy dodatkowe?<\/b><br \/>\nO: Tak, mogliby\u015bmy zaoferowa\u0107 pr\u00f3bk\u0119, ale nie jest ona darmowa.<\/p>\n<h3>O FMP<\/h3>\n<p class=\"break-words\">FMP jest wiod\u0105cym w\u0142oskim producentem specjalizuj\u0105cym si\u0119 w projektowaniu, rozwoju i produkcji wysokiej jako\u015bci cylindr\u00f3w hydraulicznych. Dzi\u0119ki bogatemu dziedzictwu zakorzenionemu w dziesi\u0119cioleciach do\u015bwiadczenia, z dum\u0105 \u0142\u0105czymy w\u0142oskie rzemios\u0142o z najnowocze\u015bniejsz\u0105 technologi\u0105, aby dostarcza\u0107 wyj\u0105tkowe rozwi\u0105zania hydrauliczne dostosowane do zr\u00f3\u017cnicowanych potrzeb naszych globalnych klient\u00f3w. Maj\u0105c siedzib\u0119 we W\u0142oszech, w centrum doskona\u0142o\u015bci in\u017cynieryjnej, FMP jest zaufan\u0105 mark\u0105 w bran\u017cy hydraulicznej, zobowi\u0105zan\u0105 do dostarczania niezawodnych, trwa\u0142ych i innowacyjnych produkt\u00f3w, kt\u00f3re wzmacniaj\u0105 firmy na ca\u0142ym \u015bwiecie.<\/p>\n<p class=\"break-words\">Nasza firma integruje najlepsze tradycje zaawansowanej produkcji z przysz\u0142o\u015bciowym podej\u015bciem. Korzystaj\u0105c z wieloletniego do\u015bwiadczenia w systemach hydraulicznych, FMP przekszta\u0142ci\u0142o si\u0119 w nowoczesne przedsi\u0119biorstwo, kt\u00f3re wyr\u00f3\u017cnia si\u0119 w badaniach, projektowaniu i produkcji. Specjalizujemy si\u0119 w szerokiej gamie cylindr\u00f3w hydraulicznych, w tym cylindrach dwustronnego dzia\u0142ania, cylindrach podnosz\u0105cych do samochod\u00f3w, cylindrach do maszyn rolniczych i rozwi\u0105zaniach projektowanych na zam\u00f3wienie do r\u00f3\u017cnych zastosowa\u0144 przemys\u0142owych. Niezale\u017cnie od tego, czy chodzi o budownictwo, instalacje przemys\u0142owe, rolnictwo czy ci\u0119\u017cki sprz\u0119t, nasze cylindry hydrauliczne s\u0105 zbudowane tak, aby dzia\u0142a\u0142y w najtrudniejszych warunkach, zapewniaj\u0105c bezpiecze\u0144stwo, wydajno\u015b\u0107 i d\u0142ugowieczno\u015b\u0107.<\/p>\n<p><img loading=\"lazy\" decoding=\"async\" class=\"alignnone size-full wp-image-6720\" src=\"https:\/\/fmp-components.com\/wp-content\/uploads\/2025\/03\/hydraulic-cylinder-8.webp\" alt=\"Si\u0142owniki hydrauliczne teleskopowe\" width=\"933\" height=\"526\" title=\"\" srcset=\"https:\/\/fmp-components.com\/wp-content\/uploads\/2025\/03\/hydraulic-cylinder-8.webp 933w, https:\/\/fmp-components.com\/wp-content\/uploads\/2025\/03\/hydraulic-cylinder-8-480x271.webp 480w\" sizes=\"(min-width: 0px) and (max-width: 480px) 480px, (min-width: 481px) 933px, 100vw\" \/><\/p>\n<p class=\"break-words\">W FMP jeste\u015bmy dumni z naszych najnowocze\u015bniejszych zak\u0142ad\u00f3w produkcyjnych, wyposa\u017conych w precyzyjne maszyny i zaawansowane systemy testowe. Nasze procesy produkcyjne s\u0105 zgodne z rygorystycznymi normami krajowymi i mi\u0119dzynarodowymi, co zapewnia, \u017ce ka\u017cdy cylinder hydrauliczny opuszczaj\u0105cy nasz\u0105 fabryk\u0119 jest najwy\u017cszej jako\u015bci i niezawodno\u015bci. Nasz wykwalifikowany zesp\u00f3\u0142 techniczny w po\u0142\u0105czeniu z najnowocze\u015bniejszym sprz\u0119tem pozwala nam zachowa\u0107 \u015bcis\u0142\u0105 kontrol\u0119 jako\u015bci na ka\u017cdym etapie produkcji \u2014 od wyboru surowca po ko\u0144cow\u0105 kontrol\u0119. To oddanie doskona\u0142o\u015bci przynios\u0142o nam certyfikaty i uznanie autorytet\u00f3w bran\u017cowych, co dodatkowo umocni\u0142o nasz\u0105 reputacj\u0119 niezawodnego partnera.<\/p>\n<p class=\"break-words\">Nasza misja jest prosta, ale ambitna: dostarcza\u0107 naszym klientom cylindry hydrauliczne, kt\u00f3re przekraczaj\u0105 oczekiwania pod wzgl\u0119dem wydajno\u015bci, trwa\u0142o\u015bci i warto\u015bci. Dzia\u0142amy zgodnie z zasadami profesjonalizmu, uczciwo\u015bci i skupienia na kliencie. Poprzez promowanie kultury innowacji i precyzji nieustannie udoskonalamy nasze produkty, aby utrzyma\u0107 si\u0119 na czele konkurencyjnego rynku. Nasza kompleksowa oferta produkt\u00f3w i zdolno\u015b\u0107 do oferowania dostosowanych rozwi\u0105za\u0144 sprawiaj\u0105, \u017ce jeste\u015bmy pierwszym wyborem dla firm poszukuj\u0105cych wysokowydajnych cylindr\u00f3w hydraulicznych.<\/p>\n<p class=\"break-words\">FMP to co\u015b wi\u0119cej ni\u017c tylko producent \u2014 jeste\u015bmy partnerem w Twoim sukcesie. Rozumiemy, \u017ce nasi klienci polegaj\u0105 na nas, je\u015bli chodzi o dostarczanie narz\u0119dzi, kt\u00f3re zwi\u0119kszaj\u0105 ich produktywno\u015b\u0107 i bezpiecze\u0144stwo. Dlatego te\u017c jeste\u015bmy zobowi\u0105zani do oferowania nie tylko produkt\u00f3w najwy\u017cszej klasy, ale tak\u017ce wyj\u0105tkowej obs\u0142ugi. Od wst\u0119pnych konsultacji po wsparcie posprzeda\u017cowe, \u015bci\u015ble wsp\u00f3\u0142pracujemy z naszymi klientami, aby zapewni\u0107, \u017ce ich potrzeby s\u0105 spe\u0142niane z profesjonalizmem i trosk\u0105. Nasze konkurencyjne ceny w po\u0142\u0105czeniu z naszym niezachwianym zaanga\u017cowaniem w jako\u015b\u0107 sprawiaj\u0105, \u017ce FMP jest m\u0105drym wyborem dla firm, kt\u00f3re chc\u0105 zainwestowa\u0107 w rozwi\u0105zania hydrauliczne, kt\u00f3rym mog\u0105 zaufa\u0107.<\/p>","protected":false},"excerpt":{"rendered":"<p>5 Stage Hydraulic Hoist Cylinder Dump Truck Hydraulic Cylinder The 5 Stage Hydraulic Hoist Cylinder Dump Truck hydraulic cylinder is a state-of-the-art product designed to provide the highest level of efficiency and power. Its reliable and durable design makes it an essential component in machinery repair shops, farms, energy and mining sectors, machinery manufacturing and [&hellip;]<\/p>","protected":false},"featured_media":6767,"comment_status":"closed","ping_status":"closed","template":"","meta":{"_et_pb_use_builder":"","_et_pb_old_content":"","_et_gb_content_width":""},"product_brand":[],"product_cat":[103],"product_tag":[34,105],"class_list":{"0":"post-6645","1":"product","2":"type-product","3":"status-publish","4":"has-post-thumbnail","6":"product_cat-telescopic-hydraulic-cylinders","7":"product_tag-hydraulic-cylinder","8":"product_tag-telescopic-hydraulic-cylinders","10":"first","11":"instock","12":"product-type-simple"},"_links":{"self":[{"href":"https:\/\/fmp-components.com\/pl\/wp-json\/wp\/v2\/product\/6645","targetHints":{"allow":["GET"]}}],"collection":[{"href":"https:\/\/fmp-components.com\/pl\/wp-json\/wp\/v2\/product"}],"about":[{"href":"https:\/\/fmp-components.com\/pl\/wp-json\/wp\/v2\/types\/product"}],"replies":[{"embeddable":true,"href":"https:\/\/fmp-components.com\/pl\/wp-json\/wp\/v2\/comments?post=6645"}],"wp:featuredmedia":[{"embeddable":true,"href":"https:\/\/fmp-components.com\/pl\/wp-json\/wp\/v2\/media\/6767"}],"wp:attachment":[{"href":"https:\/\/fmp-components.com\/pl\/wp-json\/wp\/v2\/media?parent=6645"}],"wp:term":[{"taxonomy":"product_brand","embeddable":true,"href":"https:\/\/fmp-components.com\/pl\/wp-json\/wp\/v2\/product_brand?post=6645"},{"taxonomy":"product_cat","embeddable":true,"href":"https:\/\/fmp-components.com\/pl\/wp-json\/wp\/v2\/product_cat?post=6645"},{"taxonomy":"product_tag","embeddable":true,"href":"https:\/\/fmp-components.com\/pl\/wp-json\/wp\/v2\/product_tag?post=6645"}],"curies":[{"name":"wp","href":"https:\/\/api.w.org\/{rel}","templated":true}]}}