{"id":6644,"date":"2025-03-11T06:35:17","date_gmt":"2025-03-11T06:35:17","guid":{"rendered":"https:\/\/fmp-components.com\/product\/long-stroke-double-acting-telescopic-hydraulic-cylinder"},"modified":"2025-03-12T08:31:23","modified_gmt":"2025-03-12T08:31:23","slug":"long-stroke-double-acting-telescopic-hydraulic-cylinder","status":"publish","type":"product","link":"https:\/\/fmp-components.com\/pl\/product\/long-stroke-double-acting-telescopic-hydraulic-cylinder\/","title":{"rendered":"Teleskopowy si\u0142ownik hydrauliczny dwustronnego dzia\u0142ania o d\u0142ugim skoku"},"content":{"rendered":"<h2>Teleskopowy si\u0142ownik hydrauliczny dwustronnego dzia\u0142ania o d\u0142ugim skoku<\/h2>\n<p>Ten zupe\u0142nie nowy teleskopowy si\u0142ownik hydrauliczny o d\u0142ugim skoku i podw\u00f3jnym dzia\u0142aniu to idealne uzupe\u0142nienie maszyn przemys\u0142owych. Dzi\u0119ki wadze 32 kg i rocznej gwarancji, jest idealnym wyborem dla warsztat\u00f3w naprawczych maszyn, gospodarstw rolnych, energetyki i g\u00f3rnictwa, zak\u0142ad\u00f3w produkuj\u0105cych maszyny oraz fabryk maszyn.<\/p>\n<h3>Specyfikacja produktu<\/h3>\n<table style=\"width: 91.7171%;\" border=\"\">\n<tbody>\n<tr>\n<th style=\"width: 16.9576%;\">Rozmiar otworu<\/th>\n<th style=\"width: 20.4489%;\">Rozmiar pr\u0119ta<\/th>\n<th style=\"width: 19.9501%;\">Rozmiar poci\u0105gni\u0119cia<\/th>\n<th style=\"width: 16.4589%;\">Rozmiar szpilki<\/th>\n<th style=\"width: 134.775%;\">Porty<\/th>\n<\/tr>\n<tr>\n<td style=\"width: 16.9576%;\">2-6 cali<\/td>\n<td style=\"width: 20.4489%;\">1,125-4 cale<\/td>\n<td style=\"width: 19.9501%;\">4-100 cali<\/td>\n<td style=\"width: 16.4589%;\">0,5-2 cale<\/td>\n<td style=\"width: 134.775%;\">G\/SAE\/NPT\/M<\/td>\n<\/tr>\n<\/tbody>\n<\/table>\n<p>Nasz si\u0142ownik hydrauliczny wykonany jest z wysokiej jako\u015bci stali, co gwarantuje trwa\u0142o\u015b\u0107 i d\u0142ugowieczno\u015b\u0107. To standardowy si\u0142ownik t\u0142okowy o maksymalnej sile ci\u0105gu 3000 i uci\u0105gu 20 ton. Ten wielostopniowy si\u0142ownik hydrauliczny posiada certyfikat ISO9001:2000, gwarantuj\u0105cy najwy\u017csze standardy jako\u015bci.<\/p>\n<h2>Unikalne cechy i korzy\u015bci<\/h2>\n<ul>\n<li>Energooszcz\u0119dno\u015b\u0107: Nasz si\u0142ownik hydrauliczny wykorzystuje energi\u0119 hydrauliczn\u0105, co pozwala obni\u017cy\u0107 koszty energii przy jednoczesnym zachowaniu optymalnej wydajno\u015bci.<\/li>\n<li>Wysoka wydajno\u015b\u0107: Przy maksymalnym ci\u0105gu 3000 nasz cylinder zapewnia du\u017c\u0105 wydajno\u015b\u0107.<\/li>\n<li>Bezpiecze\u0144stwo: Nasz si\u0142ownik hydrauliczny posiada certyfikat ISO9001:2000 i spe\u0142nia mi\u0119dzynarodowe normy bezpiecze\u0144stwa.<\/li>\n<\/ul>\n<p><img loading=\"lazy\" decoding=\"async\" class=\"alignnone  wp-image-6663\" src=\"https:\/\/fmp-components.com\/wp-content\/uploads\/2025\/03\/telescopic-hydraulic-cylinder-11.webp\" alt=\"si\u0142ownik hydrauliczny teleskopowy\" width=\"886\" height=\"886\" title=\"\" srcset=\"https:\/\/fmp-components.com\/wp-content\/uploads\/2025\/03\/telescopic-hydraulic-cylinder-11.webp 886w, https:\/\/fmp-components.com\/wp-content\/uploads\/2025\/03\/telescopic-hydraulic-cylinder-11-480x480.webp 480w\" sizes=\"(min-width: 0px) and (max-width: 480px) 480px, (min-width: 481px) 886px, 100vw\" \/><\/p>\n<h2>Zasada dzia\u0142ania i zastosowania<\/h2>\n<p>Si\u0142ownik hydrauliczny dzia\u0142a poprzez przekszta\u0142canie energii hydraulicznej w ruch mechaniczny. Pod wp\u0142ywem ci\u015bnienia p\u0142yn hydrauliczny wywiera si\u0142\u0119 na t\u0142ok wewn\u0105trz cylindra, powoduj\u0105c jego ruch liniowy. Ta transformacja energii pozwala si\u0142ownikowi hydraulicznemu wykonywa\u0107 r\u00f3\u017cnorodne zadania mechaniczne sprawnie i efektywnie.<\/p>\n<p>Nasz teleskopowy si\u0142ownik hydrauliczny dwustronnego dzia\u0142ania o d\u0142ugim skoku jest szczeg\u00f3lnie przydatny w wielu zastosowaniach w r\u00f3\u017cnych bran\u017cach, w tym:<\/p>\n<ul>\n<li><strong>Produkcja i naprawa maszyn:<\/strong> W tych zastosowaniach nasz si\u0142ownik hydrauliczny s\u0142u\u017cy do podnoszenia ci\u0119\u017ckich podzespo\u0142\u00f3w maszyn, u\u0142atwiania napraw i zapewniania p\u0142ynnej pracy na liniach monta\u017cowych. Jego solidna konstrukcja pozwala mu sprosta\u0107 trudom codziennego u\u017cytkowania w zat\u0142oczonych \u015brodowiskach przemys\u0142owych.<\/li>\n<li><strong>Gospodarstwa:<\/strong> Gospodarstwa rolne korzystaj\u0105 z naszego si\u0142ownika hydraulicznego do zada\u0144 takich jak podnoszenie i pozycjonowanie sprz\u0119tu, obs\u0142uga p\u0142ug\u00f3w oraz poprawa funkcjonalno\u015bci ci\u0105gnik\u00f3w. Jego du\u017ca si\u0142a ci\u0105gu gwarantuje, \u017ce poradzi sobie z du\u017cymi obci\u0105\u017ceniami typowymi dla zastosowa\u0144 rolniczych.<\/li>\n<li><strong>Energia i g\u00f3rnictwo:<\/strong> W sektorze energetycznym i g\u00f3rniczym nasz si\u0142ownik hydrauliczny jest niezb\u0119dny do wiercenia, wykop\u00f3w i transportu materia\u0142\u00f3w. Jego niezawodna praca w ekstremalnych warunkach sprawia, \u017ce \u200b\u200bjest on niezast\u0105piony w sprz\u0119cie pracuj\u0105cym w trudnych warunkach.<\/li>\n<li><strong>Fabryki:<\/strong> W zak\u0142adach produkcyjnych nasz si\u0142ownik hydrauliczny odgrywa kluczow\u0105 rol\u0119 w automatyzacji proces\u00f3w, podnoszeniu materia\u0142\u00f3w i obs\u0142udze maszyn. Jego wydajno\u015b\u0107 i moc przyczyniaj\u0105 si\u0119 do wzrostu produktywno\u015bci i usprawnienia operacji.<\/li>\n<\/ul>\n<p>Og\u00f3lnie rzecz bior\u0105c, wszechstronno\u015b\u0107 naszego teleskopowego cylindra hydraulicznego dwustronnego dzia\u0142ania o d\u0142ugim skoku sprawia, \u017ce \u200b\u200bjest on niezb\u0119dnym elementem w wielu ga\u0142\u0119ziach przemys\u0142u, zwi\u0119kszaj\u0105c wydajno\u015b\u0107 i efektywno\u015b\u0107 w szerokim zakresie zastosowa\u0144.<\/p>\n<h2>Cz\u0119sto zadawane pytania<\/h2>\n<h3>P: Czy jeste\u015b firm\u0105 handlow\u0105 czy produkcyjn\u0105?<\/h3>\n<p>A: Jeste\u015bmy producentem.<\/p>\n<h3>P: Jak d\u0142ugi jest czas dostawy?<\/h3>\n<p>A: Zazwyczaj jest to 25\u201335 dni.<\/p>\n<h3>P: Czy dostarczacie pr\u00f3bki?<\/h3>\n<p>O: Tak, mogliby\u015bmy zaoferowa\u0107 pr\u00f3bk\u0119, ale nie jest ona darmowa.<\/p>\n<h3>O FMP<\/h3>\n<p>FMP to czo\u0142owy w\u0142oski producent, znany ze swojego do\u015bwiadczenia w projektowaniu, rozwoju i produkcji wysokiej jako\u015bci cylindr\u00f3w hydraulicznych. Dzi\u0119ki wieloletniemu do\u015bwiadczeniu w bran\u017cy, doskonale \u0142\u0105czymy tradycyjne w\u0142oskie rzemios\u0142o z najnowocze\u015bniejsz\u0105 technologi\u0105, aby dostarcza\u0107 wyj\u0105tkowe rozwi\u0105zania hydrauliczne, dopasowane do zr\u00f3\u017cnicowanych potrzeb naszych klient\u00f3w na ca\u0142ym \u015bwiecie. Z siedzib\u0105 we W\u0142oszech, centrum doskona\u0142o\u015bci in\u017cynieryjnej, FMP ugruntowa\u0142a swoj\u0105 pozycj\u0119 zaufanej marki w sektorze hydraulicznym, dostarczaj\u0105c niezawodne, trwa\u0142e i innowacyjne produkty, kt\u00f3re wspieraj\u0105 firmy na ca\u0142ym \u015bwiecie.<\/p>\n<p>Nasza firma \u0142\u0105czy najlepsze zaawansowane praktyki produkcyjne z nowatorskim podej\u015bciem. Wykorzystuj\u0105c wieloletnie do\u015bwiadczenie w dziedzinie uk\u0142ad\u00f3w hydraulicznych, FMP przekszta\u0142ci\u0142o si\u0119 w nowoczesne przedsi\u0119biorstwo, kt\u00f3re przoduje w badaniach, projektowaniu i produkcji. Oferujemy szerok\u0105 gam\u0119 si\u0142ownik\u00f3w hydraulicznych, w tym si\u0142owniki dwustronnego dzia\u0142ania, si\u0142owniki podnosz\u0105ce do samochod\u00f3w, si\u0142owniki do maszyn rolniczych oraz rozwi\u0105zania projektowane na zam\u00f3wienie do r\u00f3\u017cnych zastosowa\u0144 przemys\u0142owych. Niezale\u017cnie od tego, czy chodzi o budownictwo, instalacje przemys\u0142owe, rolnictwo, czy ci\u0119\u017cki sprz\u0119t, nasze si\u0142owniki hydrauliczne s\u0105 zaprojektowane tak, aby dzia\u0142a\u0107 w najtrudniejszych warunkach, zapewniaj\u0105c bezpiecze\u0144stwo, wydajno\u015b\u0107 i trwa\u0142o\u015b\u0107.<\/p>\n<p>W FMP jeste\u015bmy dumni z naszych najnowocze\u015bniejszych zak\u0142ad\u00f3w produkcyjnych, wyposa\u017conych w precyzyjny park maszynowy i zaawansowane systemy testowe. Nasze procesy produkcyjne spe\u0142niaj\u0105 rygorystyczne normy krajowe i mi\u0119dzynarodowe, gwarantuj\u0105c, \u017ce ka\u017cdy wyprodukowany si\u0142ownik hydrauliczny spe\u0142nia najwy\u017csze standardy jako\u015bci i niezawodno\u015bci. Dzi\u0119ki wykwalifikowanemu zespo\u0142owi technicznemu i najnowocze\u015bniejszemu sprz\u0119towi, zapewniamy \u015bcis\u0142\u0105 kontrol\u0119 jako\u015bci na ka\u017cdym etapie produkcji \u2013 od doboru surowc\u00f3w po kontrol\u0119 ko\u0144cow\u0105. To d\u0105\u017cenie do doskona\u0142o\u015bci przynios\u0142o nam certyfikaty i uznanie autorytet\u00f3w bran\u017cowych, co umacnia nasz\u0105 reputacj\u0119 niezawodnego partnera.<\/p>\n<p><img loading=\"lazy\" decoding=\"async\" class=\"alignnone size-full wp-image-6720\" src=\"https:\/\/fmp-components.com\/wp-content\/uploads\/2025\/03\/hydraulic-cylinder-8.webp\" alt=\"Si\u0142owniki hydrauliczne teleskopowe\" width=\"933\" height=\"526\" title=\"\" srcset=\"https:\/\/fmp-components.com\/wp-content\/uploads\/2025\/03\/hydraulic-cylinder-8.webp 933w, https:\/\/fmp-components.com\/wp-content\/uploads\/2025\/03\/hydraulic-cylinder-8-480x271.webp 480w\" sizes=\"(min-width: 0px) and (max-width: 480px) 480px, (min-width: 481px) 933px, 100vw\" \/><\/p>\n<p>Nasza misja jest zar\u00f3wno prosta, jak i ambitna: dostarcza\u0107 klientom si\u0142owniki hydrauliczne, kt\u00f3re przewy\u017cszaj\u0105 oczekiwania pod wzgl\u0119dem wydajno\u015bci, trwa\u0142o\u015bci i warto\u015bci. Kierujemy si\u0119 podstawowymi zasadami profesjonalizmu, uczciwo\u015bci i zorientowania na klienta. Piel\u0119gnuj\u0105c kultur\u0119 innowacyjno\u015bci i precyzji, stale udoskonalamy nasze produkty, aby utrzyma\u0107 pozycj\u0119 lidera na konkurencyjnym rynku. Nasza szeroka gama produkt\u00f3w i mo\u017cliwo\u015b\u0107 oferowania rozwi\u0105za\u0144 dostosowanych do indywidualnych potrzeb sprawiaj\u0105, \u017ce jeste\u015bmy preferowanym wyborem dla firm poszukuj\u0105cych wysokowydajnych si\u0142ownik\u00f3w hydraulicznych.<\/p>\n<p>FMP to co\u015b wi\u0119cej ni\u017c tylko producent; jeste\u015bmy zaanga\u017cowanymi partnerami w Pa\u0144stwa sukcesie. Rozumiemy, \u017ce nasi klienci polegaj\u0105 na nas, dostarczaj\u0105c narz\u0119dzia zwi\u0119kszaj\u0105ce produktywno\u015b\u0107 i bezpiecze\u0144stwo. Dlatego dok\u0142adamy wszelkich stara\u0144, aby dostarcza\u0107 nie tylko produkty najwy\u017cszej jako\u015bci, ale tak\u017ce wyj\u0105tkow\u0105 obs\u0142ug\u0119. Od wst\u0119pnych konsultacji po wsparcie posprzeda\u017cowe, \u015bci\u015ble wsp\u00f3\u0142pracujemy z naszymi klientami, aby zapewni\u0107 im profesjonalne i kompleksowe zaspokojenie ich potrzeb. Nasze konkurencyjne ceny w po\u0142\u0105czeniu z niezmiennym zaanga\u017cowaniem w jako\u015b\u0107 sprawiaj\u0105, \u017ce FMP to m\u0105dry wyb\u00f3r dla firm poszukuj\u0105cych niezawodnych rozwi\u0105za\u0144 hydraulicznych.<\/p>","protected":false},"excerpt":{"rendered":"<p>Long Stroke Double Acting Telescopic Hydraulic Cylinder This brand new Long Stroke Double Acting Telescopic hydraulic cylinder is the perfect addition to your industrial machinery. With a weight of 32 KG and a one-year warranty, it&#8217;s the ideal choice for machinery repair shops, farms, energy &amp; mining, machinery manufacturing, and machinery factories. Product Specifications Bore [&hellip;]<\/p>","protected":false},"featured_media":6765,"comment_status":"closed","ping_status":"closed","template":"","meta":{"_et_pb_use_builder":"","_et_pb_old_content":"","_et_gb_content_width":""},"product_brand":[],"product_cat":[103],"product_tag":[34,105],"class_list":{"0":"post-6644","1":"product","2":"type-product","3":"status-publish","4":"has-post-thumbnail","6":"product_cat-telescopic-hydraulic-cylinders","7":"product_tag-hydraulic-cylinder","8":"product_tag-telescopic-hydraulic-cylinders","10":"first","11":"instock","12":"product-type-simple"},"_links":{"self":[{"href":"https:\/\/fmp-components.com\/pl\/wp-json\/wp\/v2\/product\/6644","targetHints":{"allow":["GET"]}}],"collection":[{"href":"https:\/\/fmp-components.com\/pl\/wp-json\/wp\/v2\/product"}],"about":[{"href":"https:\/\/fmp-components.com\/pl\/wp-json\/wp\/v2\/types\/product"}],"replies":[{"embeddable":true,"href":"https:\/\/fmp-components.com\/pl\/wp-json\/wp\/v2\/comments?post=6644"}],"wp:featuredmedia":[{"embeddable":true,"href":"https:\/\/fmp-components.com\/pl\/wp-json\/wp\/v2\/media\/6765"}],"wp:attachment":[{"href":"https:\/\/fmp-components.com\/pl\/wp-json\/wp\/v2\/media?parent=6644"}],"wp:term":[{"taxonomy":"product_brand","embeddable":true,"href":"https:\/\/fmp-components.com\/pl\/wp-json\/wp\/v2\/product_brand?post=6644"},{"taxonomy":"product_cat","embeddable":true,"href":"https:\/\/fmp-components.com\/pl\/wp-json\/wp\/v2\/product_cat?post=6644"},{"taxonomy":"product_tag","embeddable":true,"href":"https:\/\/fmp-components.com\/pl\/wp-json\/wp\/v2\/product_tag?post=6644"}],"curies":[{"name":"wp","href":"https:\/\/api.w.org\/{rel}","templated":true}]}}