{"id":6636,"date":"2025-03-11T06:35:17","date_gmt":"2025-03-11T06:35:17","guid":{"rendered":"https:\/\/fmp-components.com\/product\/factory-customized-small-multi-stage-dump-truck-hydraulic-cylinder"},"modified":"2025-03-12T08:57:19","modified_gmt":"2025-03-12T08:57:19","slug":"factory-customized-small-multi-stage-dump-truck-hydraulic-cylinder","status":"publish","type":"product","link":"https:\/\/fmp-components.com\/pl\/product\/factory-customized-small-multi-stage-dump-truck-hydraulic-cylinder\/","title":{"rendered":"Ma\u0142y, dostosowany do indywidualnych potrzeb, wielostopniowy hydrauliczny si\u0142ownik do wywrotki"},"content":{"rendered":"<h2>Ma\u0142y, dostosowany do indywidualnych potrzeb, wielostopniowy hydrauliczny si\u0142ownik do wywrotki<\/h2>\n<p>Firma FMP oferuje fabrycznie dostosowany, ma\u0142y, wielostopniowy si\u0142ownik hydrauliczny do wywrotek, idealny do warsztat\u00f3w naprawczych maszyn, gospodarstw rolnych, energetyki, g\u00f3rnictwa, produkcji maszyn i fabryk maszyn. Ten si\u0142ownik hydrauliczny jest nie tylko wysoce wydajny, ale tak\u017ce energooszcz\u0119dny i bezpieczny.<\/p>\n<h3>Cechy i funkcje produktu<\/h3>\n<p>Ten ma\u0142y, wielostopniowy si\u0142ownik hydrauliczny do wywrotek zosta\u0142 zaprojektowany ze standardow\u0105 konstrukcj\u0105 t\u0142oka i jest zasilany hydraulicznie. Korpus wykonany jest ze stali, co zapewnia maksymaln\u0105 trwa\u0142o\u015b\u0107 i niezawodno\u015b\u0107. Dzi\u0119ki maksymalnej sile ci\u0105gu 3000 i uci\u0105gowi 20 ton, ten si\u0142ownik hydrauliczny sprawdzi si\u0119 w ka\u017cdych warunkach.<\/p>\n<h3>Specyfikacja produktu<\/h3>\n<p>Nasz si\u0142ownik hydrauliczny posiada certyfikat ISO9001:2000, co gwarantuje jego jako\u015b\u0107 i wydajno\u015b\u0107. Dost\u0119pny jest w eleganckim czarnym kolorze i wa\u017cy 28 kg. \u015arednica cylindra wynosi od 2 do 6 cali, \u015brednica t\u0142oczyska od 1,125 do 4 cali, a skok t\u0142oka od 4 do 100 cali. \u015arednica sworznia wynosi od 0,5 do 2 cali. Produkt obj\u0119ty jest roczn\u0105 gwarancj\u0105 na g\u0142\u00f3wne elementy, takie jak \u0142o\u017cysko i sam si\u0142ownik hydrauliczny.<\/p>\n<table style=\"width: 97.4897%;\" border=\"1\">\n<tbody>\n<tr>\n<td style=\"width: 42.8571%;\"><i>Rozmiar otworu<\/i><\/td>\n<td style=\"width: 395.429%;\">2-6 cali<\/td>\n<\/tr>\n<tr>\n<td style=\"width: 42.8571%;\"><i>Rozmiar pr\u0119ta<\/i><\/td>\n<td style=\"width: 395.429%;\">1,125-4 cale<\/td>\n<\/tr>\n<tr>\n<td style=\"width: 42.8571%;\"><i>Rozmiar poci\u0105gni\u0119cia<\/i><\/td>\n<td style=\"width: 395.429%;\">4-100 cali<\/td>\n<\/tr>\n<tr>\n<td style=\"width: 42.8571%;\"><i>Rozmiar szpilki<\/i><\/td>\n<td style=\"width: 395.429%;\">0,5-2 cale<\/td>\n<\/tr>\n<tr>\n<td style=\"width: 42.8571%;\"><i>Porty<\/i><\/td>\n<td style=\"width: 395.429%;\">G\/SAE\/NPT\/M<\/td>\n<\/tr>\n<\/tbody>\n<\/table>\n<h2>Uk\u0142ady hydrauliczne i ich dzia\u0142anie<\/h2>\n<p>Si\u0142ownik hydrauliczny pe\u0142ni funkcj\u0119 si\u0142ownika w uk\u0142adzie hydraulicznym. Zamienia energi\u0119 hydrauliczn\u0105 w ruch mechaniczny i ci\u015bnienie w si\u0142\u0119. Z drugiej strony, jednostka nap\u0119dowa stanowi serce uk\u0142adu, dostarczaj\u0105c niezb\u0119dn\u0105 energi\u0119 i sygna\u0142y steruj\u0105ce.<\/p>\n<p><img loading=\"lazy\" decoding=\"async\" class=\"alignnone  wp-image-6657\" src=\"https:\/\/fmp-components.com\/wp-content\/uploads\/2025\/03\/telescopic-hydraulic-cylinder-3.webp\" alt=\"si\u0142ownik hydrauliczny teleskopowy\" width=\"801\" height=\"801\" title=\"\" srcset=\"https:\/\/fmp-components.com\/wp-content\/uploads\/2025\/03\/telescopic-hydraulic-cylinder-3.webp 801w, https:\/\/fmp-components.com\/wp-content\/uploads\/2025\/03\/telescopic-hydraulic-cylinder-3-480x480.webp 480w\" sizes=\"(min-width: 0px) and (max-width: 480px) 480px, (min-width: 481px) 801px, 100vw\" \/><\/p>\n<h2>Zastosowania cylindr\u00f3w hydraulicznych<\/h2>\n<p>Nasze si\u0142owniki hydrauliczne znajduj\u0105 zastosowanie w wielu ga\u0142\u0119ziach przemys\u0142u, w tym w warsztatach naprawczych maszyn, gospodarstwach rolnych, energetyce, g\u00f3rnictwie, produkcji maszyn i fabrykach maszyn. S\u0105 przydatne do podnoszenia ci\u0119\u017ckich \u0142adunk\u00f3w, pchania lub ci\u0105gni\u0119cia du\u017cych obiekt\u00f3w oraz wielu innych zastosowa\u0144 wymagaj\u0105cych du\u017cej mocy i precyzyjnej kontroli.<\/p>\n<h3>O FMP<\/h3>\n<p class=\"break-words\">FMP jest wiod\u0105cym w\u0142oskim producentem specjalizuj\u0105cym si\u0119 w projektowaniu, rozwoju i produkcji wysokiej jako\u015bci cylindr\u00f3w hydraulicznych. Dzi\u0119ki bogatemu dziedzictwu zakorzenionemu w dziesi\u0119cioleciach do\u015bwiadczenia, z dum\u0105 \u0142\u0105czymy w\u0142oskie rzemios\u0142o z najnowocze\u015bniejsz\u0105 technologi\u0105, aby dostarcza\u0107 wyj\u0105tkowe rozwi\u0105zania hydrauliczne dostosowane do zr\u00f3\u017cnicowanych potrzeb naszych globalnych klient\u00f3w. Maj\u0105c siedzib\u0119 we W\u0142oszech, w centrum doskona\u0142o\u015bci in\u017cynieryjnej, FMP jest zaufan\u0105 mark\u0105 w bran\u017cy hydraulicznej, zobowi\u0105zan\u0105 do dostarczania niezawodnych, trwa\u0142ych i innowacyjnych produkt\u00f3w, kt\u00f3re wzmacniaj\u0105 firmy na ca\u0142ym \u015bwiecie.<\/p>\n<p class=\"break-words\">Nasza firma integruje najlepsze tradycje zaawansowanej produkcji z przysz\u0142o\u015bciowym podej\u015bciem. Korzystaj\u0105c z wieloletniego do\u015bwiadczenia w systemach hydraulicznych, FMP przekszta\u0142ci\u0142o si\u0119 w nowoczesne przedsi\u0119biorstwo, kt\u00f3re wyr\u00f3\u017cnia si\u0119 w badaniach, projektowaniu i produkcji. Specjalizujemy si\u0119 w szerokiej gamie cylindr\u00f3w hydraulicznych, w tym cylindrach dwustronnego dzia\u0142ania, cylindrach podnosz\u0105cych do samochod\u00f3w, cylindrach do maszyn rolniczych i rozwi\u0105zaniach projektowanych na zam\u00f3wienie do r\u00f3\u017cnych zastosowa\u0144 przemys\u0142owych. Niezale\u017cnie od tego, czy chodzi o budownictwo, instalacje przemys\u0142owe, rolnictwo czy ci\u0119\u017cki sprz\u0119t, nasze cylindry hydrauliczne s\u0105 zbudowane tak, aby dzia\u0142a\u0142y w najtrudniejszych warunkach, zapewniaj\u0105c bezpiecze\u0144stwo, wydajno\u015b\u0107 i d\u0142ugowieczno\u015b\u0107.<\/p>\n<p><img loading=\"lazy\" decoding=\"async\" class=\"alignnone size-full wp-image-6720\" src=\"https:\/\/fmp-components.com\/wp-content\/uploads\/2025\/03\/hydraulic-cylinder-8.webp\" alt=\"Si\u0142owniki hydrauliczne teleskopowe\" width=\"933\" height=\"526\" title=\"\" srcset=\"https:\/\/fmp-components.com\/wp-content\/uploads\/2025\/03\/hydraulic-cylinder-8.webp 933w, https:\/\/fmp-components.com\/wp-content\/uploads\/2025\/03\/hydraulic-cylinder-8-480x271.webp 480w\" sizes=\"(min-width: 0px) and (max-width: 480px) 480px, (min-width: 481px) 933px, 100vw\" \/><\/p>\n<p class=\"break-words\">W FMP jeste\u015bmy dumni z naszych najnowocze\u015bniejszych zak\u0142ad\u00f3w produkcyjnych, wyposa\u017conych w precyzyjne maszyny i zaawansowane systemy testowe. Nasze procesy produkcyjne s\u0105 zgodne z rygorystycznymi normami krajowymi i mi\u0119dzynarodowymi, co zapewnia, \u017ce ka\u017cdy cylinder hydrauliczny opuszczaj\u0105cy nasz\u0105 fabryk\u0119 jest najwy\u017cszej jako\u015bci i niezawodno\u015bci. Nasz wykwalifikowany zesp\u00f3\u0142 techniczny w po\u0142\u0105czeniu z najnowocze\u015bniejszym sprz\u0119tem pozwala nam zachowa\u0107 \u015bcis\u0142\u0105 kontrol\u0119 jako\u015bci na ka\u017cdym etapie produkcji \u2014 od wyboru surowca po ko\u0144cow\u0105 kontrol\u0119. To oddanie doskona\u0142o\u015bci przynios\u0142o nam certyfikaty i uznanie autorytet\u00f3w bran\u017cowych, co dodatkowo umocni\u0142o nasz\u0105 reputacj\u0119 niezawodnego partnera.<\/p>\n<p class=\"break-words\">Nasza misja jest prosta, ale ambitna: dostarcza\u0107 naszym klientom cylindry hydrauliczne, kt\u00f3re przekraczaj\u0105 oczekiwania pod wzgl\u0119dem wydajno\u015bci, trwa\u0142o\u015bci i warto\u015bci. Dzia\u0142amy zgodnie z zasadami profesjonalizmu, uczciwo\u015bci i skupienia na kliencie. Poprzez promowanie kultury innowacji i precyzji nieustannie udoskonalamy nasze produkty, aby utrzyma\u0107 si\u0119 na czele konkurencyjnego rynku. Nasza kompleksowa oferta produkt\u00f3w i zdolno\u015b\u0107 do oferowania dostosowanych rozwi\u0105za\u0144 sprawiaj\u0105, \u017ce jeste\u015bmy pierwszym wyborem dla firm poszukuj\u0105cych wysokowydajnych cylindr\u00f3w hydraulicznych.<\/p>\n<p class=\"break-words\">FMP to co\u015b wi\u0119cej ni\u017c tylko producent \u2014 jeste\u015bmy partnerem w Twoim sukcesie. Rozumiemy, \u017ce nasi klienci polegaj\u0105 na nas, je\u015bli chodzi o dostarczanie narz\u0119dzi, kt\u00f3re zwi\u0119kszaj\u0105 ich produktywno\u015b\u0107 i bezpiecze\u0144stwo. Dlatego te\u017c jeste\u015bmy zobowi\u0105zani do oferowania nie tylko produkt\u00f3w najwy\u017cszej klasy, ale tak\u017ce wyj\u0105tkowej obs\u0142ugi. Od wst\u0119pnych konsultacji po wsparcie posprzeda\u017cowe, \u015bci\u015ble wsp\u00f3\u0142pracujemy z naszymi klientami, aby zapewni\u0107, \u017ce ich potrzeby s\u0105 spe\u0142niane z profesjonalizmem i trosk\u0105. Nasze konkurencyjne ceny w po\u0142\u0105czeniu z naszym niezachwianym zaanga\u017cowaniem w jako\u015b\u0107 sprawiaj\u0105, \u017ce FMP jest m\u0105drym wyborem dla firm, kt\u00f3re chc\u0105 zainwestowa\u0107 w rozwi\u0105zania hydrauliczne, kt\u00f3rym mog\u0105 zaufa\u0107.<\/p>","protected":false},"excerpt":{"rendered":"<p>Factory Customized Small Multi Stage Dump Truck Hydraulic Cylinder FMP brings you a Factory Customized Small Multi Stage Dump Truck hydraulic cylinder, perfect for machinery repair shops, farms, energy, mining, machinery manufacturing, and machinery factories. This hydraulic cylinder is not only highly efficient but also energy-saving and safe. Product Features and Functions This small multi-stage [&hellip;]<\/p>","protected":false},"featured_media":6776,"comment_status":"closed","ping_status":"closed","template":"","meta":{"_et_pb_use_builder":"","_et_pb_old_content":"","_et_gb_content_width":""},"product_brand":[],"product_cat":[103],"product_tag":[34,105],"class_list":{"0":"post-6636","1":"product","2":"type-product","3":"status-publish","4":"has-post-thumbnail","6":"product_cat-telescopic-hydraulic-cylinders","7":"product_tag-hydraulic-cylinder","8":"product_tag-telescopic-hydraulic-cylinders","10":"first","11":"instock","12":"product-type-simple"},"_links":{"self":[{"href":"https:\/\/fmp-components.com\/pl\/wp-json\/wp\/v2\/product\/6636","targetHints":{"allow":["GET"]}}],"collection":[{"href":"https:\/\/fmp-components.com\/pl\/wp-json\/wp\/v2\/product"}],"about":[{"href":"https:\/\/fmp-components.com\/pl\/wp-json\/wp\/v2\/types\/product"}],"replies":[{"embeddable":true,"href":"https:\/\/fmp-components.com\/pl\/wp-json\/wp\/v2\/comments?post=6636"}],"wp:featuredmedia":[{"embeddable":true,"href":"https:\/\/fmp-components.com\/pl\/wp-json\/wp\/v2\/media\/6776"}],"wp:attachment":[{"href":"https:\/\/fmp-components.com\/pl\/wp-json\/wp\/v2\/media?parent=6636"}],"wp:term":[{"taxonomy":"product_brand","embeddable":true,"href":"https:\/\/fmp-components.com\/pl\/wp-json\/wp\/v2\/product_brand?post=6636"},{"taxonomy":"product_cat","embeddable":true,"href":"https:\/\/fmp-components.com\/pl\/wp-json\/wp\/v2\/product_cat?post=6636"},{"taxonomy":"product_tag","embeddable":true,"href":"https:\/\/fmp-components.com\/pl\/wp-json\/wp\/v2\/product_tag?post=6636"}],"curies":[{"name":"wp","href":"https:\/\/api.w.org\/{rel}","templated":true}]}}