{"id":6631,"date":"2025-03-11T06:35:17","date_gmt":"2025-03-11T06:35:17","guid":{"rendered":"https:\/\/fmp-components.com\/product\/3-stage-small-dump-truck-hydraulic-cylinder-for-dump-trailer"},"modified":"2025-03-12T08:41:53","modified_gmt":"2025-03-12T08:41:53","slug":"3-stage-small-dump-truck-hydraulic-cylinder-for-dump-trailer","status":"publish","type":"product","link":"https:\/\/fmp-components.com\/pl\/product\/3-stage-small-dump-truck-hydraulic-cylinder-for-dump-trailer\/","title":{"rendered":"3-stopniowy si\u0142ownik hydrauliczny do ma\u0142ej wywrotki do przyczepy wywrotki"},"content":{"rendered":"<h2>3-stopniowy si\u0142ownik hydrauliczny do ma\u0142ej wywrotki do przyczepy wywrotki<\/h2>\n<p>Ten 3-stopniowy si\u0142ownik hydrauliczny do ma\u0142ych wywrotek to wszechstronny i wydajny uk\u0142ad hydrauliczny przeznaczony do stosowania w wywrotkach. Si\u0142ownik wykonany jest z wytrzyma\u0142ego stalowego korpusu, co zapewnia trwa\u0142o\u015b\u0107 i d\u0142ugowieczno\u015b\u0107. Dzi\u0119ki maksymalnej sile ci\u0105gu 3000 i uci\u0105gowi 20 ton, ten si\u0142ownik hydrauliczny zapewnia moc i niezawodno\u015b\u0107 podczas ci\u0119\u017ckich zada\u0144.<\/p>\n<h3>Funkcje i cechy<\/h3>\n<p>Si\u0142ownik hydrauliczny pe\u0142ni kluczow\u0105 funkcj\u0119 w maszynach, przekszta\u0142caj\u0105c energi\u0119 hydrauliczn\u0105 w ruch mechaniczny. Ten wielostopniowy si\u0142ownik hydrauliczny oferuje szereg funkcji, w tym standardow\u0105 i niestandardow\u0105: Standard, Konstrukcja: Si\u0142ownik t\u0142okowy, Moc: Hydrauliczna, \u015arednica cylindra: 2-6 cali, Rozmiar t\u0142oczyska: 1,125-4 cale, Skok t\u0142oka: 4-100 cali, Rozmiar sworznia: 0,5-2 cale. Te cechy sprawiaj\u0105, \u017ce jest to niezawodne i wydajne rozwi\u0105zanie dla Twoich maszyn.<\/p>\n<h3>Specyfikacja produktu<\/h3>\n<table style=\"width: 95.4718%;\" border=\"\">\n<tbody>\n<tr>\n<td style=\"width: 42.8571%;\"><i>Rozmiar otworu<\/i><\/td>\n<td style=\"width: 386.286%;\">2-6 cali<\/td>\n<\/tr>\n<tr>\n<td style=\"width: 42.8571%;\"><i>Rozmiar pr\u0119ta<\/i><\/td>\n<td style=\"width: 386.286%;\">1,125-4 cale<\/td>\n<\/tr>\n<tr>\n<td style=\"width: 42.8571%;\"><i>Rozmiar poci\u0105gni\u0119cia<\/i><\/td>\n<td style=\"width: 386.286%;\">4-100 cali<\/td>\n<\/tr>\n<tr>\n<td style=\"width: 42.8571%;\"><i>Rozmiar szpilki<\/i><\/td>\n<td style=\"width: 386.286%;\">0,5-2 cale<\/td>\n<\/tr>\n<tr>\n<td style=\"width: 42.8571%;\"><i>Porty<\/i><\/td>\n<td style=\"width: 386.286%;\">G\/SAE\/NPT\/M<\/td>\n<\/tr>\n<\/tbody>\n<\/table>\n<h2>Unikalne cechy i korzy\u015bci<\/h2>\n<ul>\n<li>Energooszcz\u0119dny<\/li>\n<li>Wysoka wydajno\u015b\u0107<\/li>\n<li>Bezpieczny w u\u017cyciu<\/li>\n<li>Trwa\u0142e i d\u0142ugotrwa\u0142e<\/li>\n<\/ul>\n<p><img loading=\"lazy\" decoding=\"async\" class=\"alignnone  wp-image-6661\" src=\"https:\/\/fmp-components.com\/wp-content\/uploads\/2025\/03\/telescopic-hydraulic-cylinder-10.webp\" alt=\"si\u0142ownik hydrauliczny teleskopowy\" width=\"800\" height=\"800\" title=\"\" srcset=\"https:\/\/fmp-components.com\/wp-content\/uploads\/2025\/03\/telescopic-hydraulic-cylinder-10.webp 800w, https:\/\/fmp-components.com\/wp-content\/uploads\/2025\/03\/telescopic-hydraulic-cylinder-10-480x480.webp 480w\" sizes=\"(min-width: 0px) and (max-width: 480px) 480px, (min-width: 481px) 800px, 100vw\" \/><\/p>\n<h2>Uk\u0142ady hydrauliczne i zasada dzia\u0142ania<\/h2>\n<p>Si\u0142ownik hydrauliczny dzia\u0142a poprzez wykorzystanie ci\u015bnienia cieczy do wytworzenia si\u0142y, kt\u00f3ra nast\u0119pnie przekszta\u0142ca si\u0119 w ruch liniowy. Gdy ciecz hydrauliczna jest pompowana do cylindra, wywiera ona ci\u015bnienie na t\u0142ok wewn\u0105trz. Ci\u015bnienie to powoduje ruch t\u0142oka, generuj\u0105c ruch liniowy, kt\u00f3ry mo\u017cna wykorzysta\u0107 do wykonywania szerokiego zakresu zada\u0144 mechanicznych. Wydajno\u015b\u0107 tego systemu wynika z nie\u015bci\u015bliwo\u015bci cieczy hydraulicznej, co pozwala na precyzyjn\u0105 kontrol\u0119 zar\u00f3wno pr\u0119dko\u015bci, jak i si\u0142y. Dzi\u0119ki temu si\u0142owniki hydrauliczne mog\u0105 dostarcza\u0107 znaczn\u0105 moc, zachowuj\u0105c jednocze\u015bnie p\u0142ynny i kontrolowany ruch, co czyni je idealnymi do nap\u0119dzania r\u00f3\u017cnego rodzaju maszyn i urz\u0105dze\u0144.<\/p>\n<p>Zasadniczo moc hydrauliczna generowana przez si\u0142ownik ma kluczowe znaczenie dla wielu zastosowa\u0144. Przekszta\u0142caj\u0105c energi\u0119 p\u0142ynu w prac\u0119 mechaniczn\u0105, si\u0142owniki hydrauliczne umo\u017cliwiaj\u0105 maszynom \u0142atwe podnoszenie, pchanie, ci\u0105gni\u0119cie lub obracanie ci\u0119\u017ckich \u0142adunk\u00f3w. Ta wszechstronno\u015b\u0107 jest kluczowym powodem, dla kt\u00f3rego uk\u0142ady hydrauliczne s\u0105 szeroko stosowane w r\u00f3\u017cnych bran\u017cach, od budownictwa po produkcj\u0119.<\/p>\n<h2>Zastosowanie cylindra hydraulicznego<\/h2>\n<p>Trzystopniowy si\u0142ownik hydrauliczny do ma\u0142ych wywrotek zosta\u0142 zaprojektowany specjalnie do r\u00f3\u017cnorodnych zastosowa\u0144 w wielu bran\u017cach, co \u015bwiadczy o jego wszechstronno\u015bci i skuteczno\u015bci. Do najwa\u017cniejszych sektor\u00f3w nale\u017c\u0105:<\/p>\n<ul>\n<li><strong>Warsztaty naprawy maszyn:<\/strong> W \u015brodowiskach naprawczych ten si\u0142ownik hydrauliczny odgrywa kluczow\u0105 rol\u0119 w podnoszeniu i ustawianiu ci\u0119\u017ckich podzespo\u0142\u00f3w, u\u0142atwiaj\u0105c prace konserwacyjne i poprawiaj\u0105c wydajno\u015b\u0107 pracy. Jego zdolno\u015b\u0107 do zapewnienia du\u017cej si\u0142y podnoszenia jest niezb\u0119dna do bezpiecznego przenoszenia du\u017cych cz\u0119\u015bci maszyn.<\/li>\n<li><strong>Gospodarstwa:<\/strong> Gospodarstwa rolne odnosz\u0105 znaczne korzy\u015bci z zastosowania tego si\u0142ownika hydraulicznego, stosowanego w wywrotkach i innym sprz\u0119cie. U\u0142atwia on takie zadania, jak transport gleby, plon\u00f3w i materia\u0142\u00f3w, zwi\u0119kszaj\u0105c wydajno\u015b\u0107 i produktywno\u015b\u0107 gospodarstw rolnych.<\/li>\n<li><strong>Energia i g\u00f3rnictwo:<\/strong> W sektorze energetycznym i g\u00f3rniczym cylindry hydrauliczne odgrywaj\u0105 kluczow\u0105 rol\u0119 w obs\u0142udze sprz\u0119tu wykorzystywanego w wydobyciu i transporcie materia\u0142\u00f3w. 3-stopniowy cylinder hydrauliczny do ma\u0142ych wywrotek jest szczeg\u00f3lnie skuteczny w tych zastosowaniach, gdzie mo\u017ce obs\u0142ugiwa\u0107 du\u017ce obci\u0105\u017cenia i niezawodnie dzia\u0142a\u0107 w trudnych warunkach.<\/li>\n<li><strong>Produkcja maszyn:<\/strong> W zak\u0142adach produkcyjnych ten si\u0142ownik hydrauliczny jest wykorzystywany na liniach monta\u017cowych i w maszynach. Jego zdolno\u015b\u0107 do zapewnienia p\u0142ynnego i mocnego ruchu zwi\u0119ksza wydajno\u015b\u0107 i precyzj\u0119, umo\u017cliwiaj\u0105c producentom zwi\u0119kszenie wydajno\u015bci przy jednoczesnym zachowaniu wysokich standard\u00f3w jako\u015bci.<\/li>\n<li><strong>Fabryki maszyn:<\/strong> W fabrykach zajmuj\u0105cych si\u0119 produkcj\u0105 maszyn, si\u0142owniki hydrauliczne s\u0105 niezb\u0119dne do r\u00f3\u017cnych zada\u0144 podnoszenia i przemieszczania. Trzystopniowy si\u0142ownik hydrauliczny do ma\u0142ych wywrotek zapewnia wydajn\u0105 obs\u0142ug\u0119 sprz\u0119tu, przyczyniaj\u0105c si\u0119 do usprawnienia proces\u00f3w produkcyjnych i efektywnego transportu materia\u0142\u00f3w.<\/li>\n<\/ul>\n<p>Og\u00f3lnie rzecz bior\u0105c, wszechstronno\u015b\u0107 i niezawodno\u015b\u0107 3-stopniowego cylindra hydraulicznego do ma\u0142ych wywrotek sprawiaj\u0105, \u017ce jest to niezb\u0119dny element w wielu ga\u0142\u0119ziach przemys\u0142u, zwi\u0119kszaj\u0105cy wydajno\u015b\u0107 i efektywno\u015b\u0107 w szerokim zakresie zastosowa\u0144.<\/p>\n<h3>Cz\u0119sto zadawane pytania<\/h3>\n<p><b>P: Czy jeste\u015b firm\u0105 handlow\u0105 lub produkcyjn\u0105?<\/b><br \/>\nA: Jeste\u015bmy fabryk\u0105.<\/p>\n<p><b>P: Jak d\u0142ugi jest czas dostawy?<\/b><br \/>\nA: Zazwyczaj jest to 25\u201335 dni.<\/p>\n<p><b>P: Czy dostarczacie pr\u00f3bki? Czy s\u0105 darmowe czy dodatkowe?<\/b><br \/>\nO: Tak, mogliby\u015bmy zaoferowa\u0107 pr\u00f3bk\u0119, ale nie jest ona darmowa.<\/p>\n<h3>O FMP<\/h3>\n<p class=\"break-words\">FMP jest wiod\u0105cym w\u0142oskim producentem specjalizuj\u0105cym si\u0119 w projektowaniu, rozwoju i produkcji wysokiej jako\u015bci cylindr\u00f3w hydraulicznych. Dzi\u0119ki bogatemu dziedzictwu zakorzenionemu w dziesi\u0119cioleciach do\u015bwiadczenia, z dum\u0105 \u0142\u0105czymy w\u0142oskie rzemios\u0142o z najnowocze\u015bniejsz\u0105 technologi\u0105, aby dostarcza\u0107 wyj\u0105tkowe rozwi\u0105zania hydrauliczne dostosowane do zr\u00f3\u017cnicowanych potrzeb naszych globalnych klient\u00f3w. Maj\u0105c siedzib\u0119 we W\u0142oszech, w centrum doskona\u0142o\u015bci in\u017cynieryjnej, FMP jest zaufan\u0105 mark\u0105 w bran\u017cy hydraulicznej, zobowi\u0105zan\u0105 do dostarczania niezawodnych, trwa\u0142ych i innowacyjnych produkt\u00f3w, kt\u00f3re wzmacniaj\u0105 firmy na ca\u0142ym \u015bwiecie.<\/p>\n<p class=\"break-words\">Nasza firma integruje najlepsze tradycje zaawansowanej produkcji z przysz\u0142o\u015bciowym podej\u015bciem. Korzystaj\u0105c z wieloletniego do\u015bwiadczenia w systemach hydraulicznych, FMP przekszta\u0142ci\u0142o si\u0119 w nowoczesne przedsi\u0119biorstwo, kt\u00f3re wyr\u00f3\u017cnia si\u0119 w badaniach, projektowaniu i produkcji. Specjalizujemy si\u0119 w szerokiej gamie cylindr\u00f3w hydraulicznych, w tym cylindrach dwustronnego dzia\u0142ania, cylindrach podnosz\u0105cych do samochod\u00f3w, cylindrach do maszyn rolniczych i rozwi\u0105zaniach projektowanych na zam\u00f3wienie do r\u00f3\u017cnych zastosowa\u0144 przemys\u0142owych. Niezale\u017cnie od tego, czy chodzi o budownictwo, instalacje przemys\u0142owe, rolnictwo czy ci\u0119\u017cki sprz\u0119t, nasze cylindry hydrauliczne s\u0105 zbudowane tak, aby dzia\u0142a\u0142y w najtrudniejszych warunkach, zapewniaj\u0105c bezpiecze\u0144stwo, wydajno\u015b\u0107 i d\u0142ugowieczno\u015b\u0107.<\/p>\n<p><img loading=\"lazy\" decoding=\"async\" class=\"alignnone size-full wp-image-6720\" src=\"https:\/\/fmp-components.com\/wp-content\/uploads\/2025\/03\/hydraulic-cylinder-8.webp\" alt=\"Si\u0142owniki hydrauliczne teleskopowe\" width=\"933\" height=\"526\" title=\"\" srcset=\"https:\/\/fmp-components.com\/wp-content\/uploads\/2025\/03\/hydraulic-cylinder-8.webp 933w, https:\/\/fmp-components.com\/wp-content\/uploads\/2025\/03\/hydraulic-cylinder-8-480x271.webp 480w\" sizes=\"(min-width: 0px) and (max-width: 480px) 480px, (min-width: 481px) 933px, 100vw\" \/><\/p>\n<p class=\"break-words\">W FMP jeste\u015bmy dumni z naszych najnowocze\u015bniejszych zak\u0142ad\u00f3w produkcyjnych, wyposa\u017conych w precyzyjne maszyny i zaawansowane systemy testowe. Nasze procesy produkcyjne s\u0105 zgodne z rygorystycznymi normami krajowymi i mi\u0119dzynarodowymi, co zapewnia, \u017ce ka\u017cdy cylinder hydrauliczny opuszczaj\u0105cy nasz\u0105 fabryk\u0119 jest najwy\u017cszej jako\u015bci i niezawodno\u015bci. Nasz wykwalifikowany zesp\u00f3\u0142 techniczny w po\u0142\u0105czeniu z najnowocze\u015bniejszym sprz\u0119tem pozwala nam zachowa\u0107 \u015bcis\u0142\u0105 kontrol\u0119 jako\u015bci na ka\u017cdym etapie produkcji \u2014 od wyboru surowca po ko\u0144cow\u0105 kontrol\u0119. To oddanie doskona\u0142o\u015bci przynios\u0142o nam certyfikaty i uznanie autorytet\u00f3w bran\u017cowych, co dodatkowo umocni\u0142o nasz\u0105 reputacj\u0119 niezawodnego partnera.<\/p>\n<p class=\"break-words\">Nasza misja jest prosta, ale ambitna: dostarcza\u0107 naszym klientom cylindry hydrauliczne, kt\u00f3re przekraczaj\u0105 oczekiwania pod wzgl\u0119dem wydajno\u015bci, trwa\u0142o\u015bci i warto\u015bci. Dzia\u0142amy zgodnie z zasadami profesjonalizmu, uczciwo\u015bci i skupienia na kliencie. Poprzez promowanie kultury innowacji i precyzji nieustannie udoskonalamy nasze produkty, aby utrzyma\u0107 si\u0119 na czele konkurencyjnego rynku. Nasza kompleksowa oferta produkt\u00f3w i zdolno\u015b\u0107 do oferowania dostosowanych rozwi\u0105za\u0144 sprawiaj\u0105, \u017ce jeste\u015bmy pierwszym wyborem dla firm poszukuj\u0105cych wysokowydajnych cylindr\u00f3w hydraulicznych.<\/p>\n<p class=\"break-words\">FMP to co\u015b wi\u0119cej ni\u017c tylko producent \u2014 jeste\u015bmy partnerem w Twoim sukcesie. Rozumiemy, \u017ce nasi klienci polegaj\u0105 na nas, je\u015bli chodzi o dostarczanie narz\u0119dzi, kt\u00f3re zwi\u0119kszaj\u0105 ich produktywno\u015b\u0107 i bezpiecze\u0144stwo. Dlatego te\u017c jeste\u015bmy zobowi\u0105zani do oferowania nie tylko produkt\u00f3w najwy\u017cszej klasy, ale tak\u017ce wyj\u0105tkowej obs\u0142ugi. Od wst\u0119pnych konsultacji po wsparcie posprzeda\u017cowe, \u015bci\u015ble wsp\u00f3\u0142pracujemy z naszymi klientami, aby zapewni\u0107, \u017ce ich potrzeby s\u0105 spe\u0142niane z profesjonalizmem i trosk\u0105. Nasze konkurencyjne ceny w po\u0142\u0105czeniu z naszym niezachwianym zaanga\u017cowaniem w jako\u015b\u0107 sprawiaj\u0105, \u017ce FMP jest m\u0105drym wyborem dla firm, kt\u00f3re chc\u0105 zainwestowa\u0107 w rozwi\u0105zania hydrauliczne, kt\u00f3rym mog\u0105 zaufa\u0107.<\/p>","protected":false},"excerpt":{"rendered":"<p>3 Stage Small Dump Truck Hydraulic Cylinder for Dump Trailer This 3 Stage Small Dump Truck Hydraulic Cylinder is a versatile and efficient hydraulic system designed for use in dump trailers. The cylinder is manufactured with a robust steel body material, ensuring durability and longevity. With a max thrust of 3000 and a max pull [&hellip;]<\/p>","protected":false},"featured_media":6770,"comment_status":"closed","ping_status":"closed","template":"","meta":{"_et_pb_use_builder":"","_et_pb_old_content":"","_et_gb_content_width":""},"product_brand":[],"product_cat":[103],"product_tag":[34,105],"class_list":{"0":"post-6631","1":"product","2":"type-product","3":"status-publish","4":"has-post-thumbnail","6":"product_cat-telescopic-hydraulic-cylinders","7":"product_tag-hydraulic-cylinder","8":"product_tag-telescopic-hydraulic-cylinders","10":"first","11":"instock","12":"product-type-simple"},"_links":{"self":[{"href":"https:\/\/fmp-components.com\/pl\/wp-json\/wp\/v2\/product\/6631","targetHints":{"allow":["GET"]}}],"collection":[{"href":"https:\/\/fmp-components.com\/pl\/wp-json\/wp\/v2\/product"}],"about":[{"href":"https:\/\/fmp-components.com\/pl\/wp-json\/wp\/v2\/types\/product"}],"replies":[{"embeddable":true,"href":"https:\/\/fmp-components.com\/pl\/wp-json\/wp\/v2\/comments?post=6631"}],"wp:featuredmedia":[{"embeddable":true,"href":"https:\/\/fmp-components.com\/pl\/wp-json\/wp\/v2\/media\/6770"}],"wp:attachment":[{"href":"https:\/\/fmp-components.com\/pl\/wp-json\/wp\/v2\/media?parent=6631"}],"wp:term":[{"taxonomy":"product_brand","embeddable":true,"href":"https:\/\/fmp-components.com\/pl\/wp-json\/wp\/v2\/product_brand?post=6631"},{"taxonomy":"product_cat","embeddable":true,"href":"https:\/\/fmp-components.com\/pl\/wp-json\/wp\/v2\/product_cat?post=6631"},{"taxonomy":"product_tag","embeddable":true,"href":"https:\/\/fmp-components.com\/pl\/wp-json\/wp\/v2\/product_tag?post=6631"}],"curies":[{"name":"wp","href":"https:\/\/api.w.org\/{rel}","templated":true}]}}