{"id":6628,"date":"2025-03-11T06:35:17","date_gmt":"2025-03-11T06:35:17","guid":{"rendered":"https:\/\/fmp-components.com\/product\/double-acting-telescopic-hydraulic-cylinder-for-sale"},"modified":"2025-03-12T08:29:50","modified_gmt":"2025-03-12T08:29:50","slug":"double-acting-telescopic-hydraulic-cylinder-for-sale","status":"publish","type":"product","link":"https:\/\/fmp-components.com\/pl\/product\/double-acting-telescopic-hydraulic-cylinder-for-sale\/","title":{"rendered":"Si\u0142ownik hydrauliczny teleskopowy dwustronnego dzia\u0142ania na sprzeda\u017c"},"content":{"rendered":"<h2>Ekonomiczny dwustronnego dzia\u0142ania teleskopowy si\u0142ownik hydrauliczny na sprzeda\u017c<\/h2>\n<p>Ten nowy, ekonomiczny, teleskopowy si\u0142ownik hydrauliczny dwustronnego dzia\u0142ania to idealne rozwi\u0105zanie do r\u00f3\u017cnorodnych zastosowa\u0144 w warsztatach naprawczych maszyn, gospodarstwach rolnych, przemy\u015ble energetycznym i g\u00f3rniczym, produkcji maszyn oraz fabrykach maszyn. Wykonany z wytrzyma\u0142ej stali, ten standardowy si\u0142ownik t\u0142okowy dzia\u0142a na zasadzie hydraulicznej i zapewnia maksymaln\u0105 si\u0142\u0119 ci\u0105gu 3000 i uci\u0105g 20 ton.<\/p>\n<h2>Specyfikacja produktu<\/h2>\n<p>Si\u0142ownik hydrauliczny ma \u015brednic\u0119 cylindra 2-6 cali, \u015brednic\u0119 t\u0142oczyska 1,125-4 cali, skok 4-100 cali i \u015brednic\u0119 sworznia 0,5-2 cale. Przy\u0142\u0105cza to G\/SAE\/NPT\/M. Wa\u017cy 31 kg i jest dost\u0119pny w eleganckim czarnym kolorze.<\/p>\n<table style=\"width: 91.8479%;\" border=\"\">\n<tbody>\n<tr>\n<td style=\"width: 43.5028%;\"><strong>Rozmiar otworu<\/strong><\/td>\n<td style=\"width: 441.808%;\">2-6 cali<\/td>\n<\/tr>\n<tr>\n<td style=\"width: 43.5028%;\"><strong>Rozmiar pr\u0119ta<\/strong><\/td>\n<td style=\"width: 441.808%;\">1,125-4 cale<\/td>\n<\/tr>\n<tr>\n<td style=\"width: 43.5028%;\"><strong>Rozmiar poci\u0105gni\u0119cia<\/strong><\/td>\n<td style=\"width: 441.808%;\">4-100 cali<\/td>\n<\/tr>\n<tr>\n<td style=\"width: 43.5028%;\"><strong>Rozmiar szpilki<\/strong><\/td>\n<td style=\"width: 441.808%;\">0,5-2 cale<\/td>\n<\/tr>\n<tr>\n<td style=\"width: 43.5028%;\"><strong>Porty<\/strong><\/td>\n<td style=\"width: 441.808%;\">G\/SAE\/NPT\/M<\/td>\n<\/tr>\n<\/tbody>\n<\/table>\n<h2>Unikalne cechy i korzy\u015bci<\/h2>\n<p>Nasz wielostopniowy si\u0142ownik hydrauliczny posiada certyfikat ISO9001:2000, co gwarantuje jako\u015b\u0107 i niezawodno\u015b\u0107. Jest energooszcz\u0119dny, wydajny i bezpieczny, co czyni go nieocenionym atutem w wielu ga\u0142\u0119ziach przemys\u0142u.<\/p>\n<h3>Uk\u0142ad hydrauliczny i zasada dzia\u0142ania<\/h3>\n<p>Si\u0142ownik hydrauliczny dzia\u0142a poprzez zamian\u0119 energii hydraulicznej na ruch mechaniczny, przekszta\u0142caj\u0105c ci\u015bnienie w si\u0142\u0119, natomiast jednostka nap\u0119dowa stanowi rdze\u0144, dostarczaj\u0105c energi\u0119 i sygna\u0142y steruj\u0105ce wymagane przez uk\u0142ad hydrauliczny. Ich synergia zapewnia szerokie zastosowanie technologii hydraulicznej w przemy\u015ble oraz niezawodne wsparcie zasilania i sterowania dla r\u00f3\u017cnorodnych projekt\u00f3w i urz\u0105dze\u0144 mechanicznych.<\/p>\n<p><img loading=\"lazy\" decoding=\"async\" class=\"alignnone  wp-image-6662\" src=\"https:\/\/fmp-components.com\/wp-content\/uploads\/2025\/03\/telescopic-hydraulic-cylinder-4.webp\" alt=\"si\u0142ownik hydrauliczny teleskopowy\" width=\"925\" height=\"925\" title=\"\" srcset=\"https:\/\/fmp-components.com\/wp-content\/uploads\/2025\/03\/telescopic-hydraulic-cylinder-4.webp 925w, https:\/\/fmp-components.com\/wp-content\/uploads\/2025\/03\/telescopic-hydraulic-cylinder-4-480x480.webp 480w\" sizes=\"(min-width: 0px) and (max-width: 480px) 480px, (min-width: 481px) 925px, 100vw\" \/><\/p>\n<h3>Scenariusze zastosowa\u0144<\/h3>\n<p>Ten wszechstronny si\u0142ownik hydrauliczny mo\u017ce by\u0107 stosowany w wielu ga\u0142\u0119ziach przemys\u0142u, m.in. w warsztatach naprawczych maszyn, gospodarstwach rolnych, przemy\u015ble energetycznym i g\u00f3rniczym, produkcji maszyn i fabrykach maszyn.<\/p>\n<h2>Si\u0142owniki hydrauliczne i agregaty nap\u0119dowe<\/h2>\n<p>Si\u0142ownik hydrauliczny i agregat s\u0105 niezb\u0119dnymi elementami uk\u0142adu hydraulicznego. Ich synergiczne dzia\u0142anie zapewnia szerokie zastosowanie technologii hydraulicznej w przemy\u015ble, zapewniaj\u0105c niezawodne zasilanie i sterowanie r\u00f3\u017cnorodnymi urz\u0105dzeniami in\u017cynieryjnymi i mechanicznymi. W FMP sprzedajemy r\u00f3wnie\u017c agregaty.<\/p>\n<h2>Cz\u0119sto zadawane pytania<\/h2>\n<dl>\n<dt>P: Czy jeste\u015b firm\u0105 handlow\u0105 czy produkcyjn\u0105?<\/dt>\n<dd>A: Jeste\u015bmy producentem.<\/dd>\n<dt>P: Jak d\u0142ugi jest czas dostawy?<\/dt>\n<dd>A: Zazwyczaj trwa to 25\u201335 dni.<\/dd>\n<dt>P: Czy dostarczacie pr\u00f3bki? Czy s\u0105 darmowe czy dodatkowe?<\/dt>\n<dd>A: Tak, mo\u017cemy zaoferowa\u0107 pr\u00f3bki, ale nie s\u0105 one darmowe.<\/dd>\n<\/dl>\n<h3>O FMP<\/h3>\n<p>FMP to czo\u0142owy w\u0142oski producent, znany ze swojego do\u015bwiadczenia w projektowaniu, rozwoju i produkcji wysokiej jako\u015bci cylindr\u00f3w hydraulicznych. Dzi\u0119ki wieloletniemu do\u015bwiadczeniu w bran\u017cy, doskonale \u0142\u0105czymy tradycyjne w\u0142oskie rzemios\u0142o z najnowocze\u015bniejsz\u0105 technologi\u0105, aby dostarcza\u0107 wyj\u0105tkowe rozwi\u0105zania hydrauliczne, dopasowane do zr\u00f3\u017cnicowanych potrzeb naszych klient\u00f3w na ca\u0142ym \u015bwiecie. Z siedzib\u0105 we W\u0142oszech, centrum doskona\u0142o\u015bci in\u017cynieryjnej, FMP ugruntowa\u0142a swoj\u0105 pozycj\u0119 zaufanej marki w sektorze hydraulicznym, dostarczaj\u0105c niezawodne, trwa\u0142e i innowacyjne produkty, kt\u00f3re wspieraj\u0105 firmy na ca\u0142ym \u015bwiecie.<\/p>\n<p>Nasza firma \u0142\u0105czy najlepsze zaawansowane praktyki produkcyjne z nowatorskim podej\u015bciem. Wykorzystuj\u0105c wieloletnie do\u015bwiadczenie w dziedzinie uk\u0142ad\u00f3w hydraulicznych, FMP przekszta\u0142ci\u0142o si\u0119 w nowoczesne przedsi\u0119biorstwo, kt\u00f3re przoduje w badaniach, projektowaniu i produkcji. Oferujemy szerok\u0105 gam\u0119 si\u0142ownik\u00f3w hydraulicznych, w tym si\u0142owniki dwustronnego dzia\u0142ania, si\u0142owniki podnosz\u0105ce do samochod\u00f3w, si\u0142owniki do maszyn rolniczych oraz rozwi\u0105zania projektowane na zam\u00f3wienie do r\u00f3\u017cnych zastosowa\u0144 przemys\u0142owych. Niezale\u017cnie od tego, czy chodzi o budownictwo, instalacje przemys\u0142owe, rolnictwo, czy ci\u0119\u017cki sprz\u0119t, nasze si\u0142owniki hydrauliczne s\u0105 zaprojektowane tak, aby dzia\u0142a\u0107 w najtrudniejszych warunkach, zapewniaj\u0105c bezpiecze\u0144stwo, wydajno\u015b\u0107 i trwa\u0142o\u015b\u0107.<\/p>\n<p>W FMP jeste\u015bmy dumni z naszych najnowocze\u015bniejszych zak\u0142ad\u00f3w produkcyjnych, wyposa\u017conych w precyzyjny park maszynowy i zaawansowane systemy testowe. Nasze procesy produkcyjne spe\u0142niaj\u0105 rygorystyczne normy krajowe i mi\u0119dzynarodowe, gwarantuj\u0105c, \u017ce ka\u017cdy wyprodukowany si\u0142ownik hydrauliczny spe\u0142nia najwy\u017csze standardy jako\u015bci i niezawodno\u015bci. Dzi\u0119ki wykwalifikowanemu zespo\u0142owi technicznemu i najnowocze\u015bniejszemu sprz\u0119towi, zapewniamy \u015bcis\u0142\u0105 kontrol\u0119 jako\u015bci na ka\u017cdym etapie produkcji \u2013 od doboru surowc\u00f3w po kontrol\u0119 ko\u0144cow\u0105. To d\u0105\u017cenie do doskona\u0142o\u015bci przynios\u0142o nam certyfikaty i uznanie autorytet\u00f3w bran\u017cowych, co umacnia nasz\u0105 reputacj\u0119 niezawodnego partnera.<\/p>\n<p><img loading=\"lazy\" decoding=\"async\" class=\"alignnone size-full wp-image-6720\" src=\"https:\/\/fmp-components.com\/wp-content\/uploads\/2025\/03\/hydraulic-cylinder-8.webp\" alt=\"Si\u0142owniki hydrauliczne teleskopowe\" width=\"933\" height=\"526\" title=\"\" srcset=\"https:\/\/fmp-components.com\/wp-content\/uploads\/2025\/03\/hydraulic-cylinder-8.webp 933w, https:\/\/fmp-components.com\/wp-content\/uploads\/2025\/03\/hydraulic-cylinder-8-480x271.webp 480w\" sizes=\"(min-width: 0px) and (max-width: 480px) 480px, (min-width: 481px) 933px, 100vw\" \/><\/p>\n<p>Nasza misja jest zar\u00f3wno prosta, jak i ambitna: dostarcza\u0107 klientom si\u0142owniki hydrauliczne, kt\u00f3re przewy\u017cszaj\u0105 oczekiwania pod wzgl\u0119dem wydajno\u015bci, trwa\u0142o\u015bci i warto\u015bci. Kierujemy si\u0119 podstawowymi zasadami profesjonalizmu, uczciwo\u015bci i zorientowania na klienta. Piel\u0119gnuj\u0105c kultur\u0119 innowacyjno\u015bci i precyzji, stale udoskonalamy nasze produkty, aby utrzyma\u0107 pozycj\u0119 lidera na konkurencyjnym rynku. Nasza szeroka gama produkt\u00f3w i mo\u017cliwo\u015b\u0107 oferowania rozwi\u0105za\u0144 dostosowanych do indywidualnych potrzeb sprawiaj\u0105, \u017ce jeste\u015bmy preferowanym wyborem dla firm poszukuj\u0105cych wysokowydajnych si\u0142ownik\u00f3w hydraulicznych.<\/p>\n<p>FMP to co\u015b wi\u0119cej ni\u017c tylko producent; jeste\u015bmy zaanga\u017cowanymi partnerami w Pa\u0144stwa sukcesie. Rozumiemy, \u017ce nasi klienci polegaj\u0105 na nas, dostarczaj\u0105c narz\u0119dzia zwi\u0119kszaj\u0105ce produktywno\u015b\u0107 i bezpiecze\u0144stwo. Dlatego dok\u0142adamy wszelkich stara\u0144, aby dostarcza\u0107 nie tylko produkty najwy\u017cszej jako\u015bci, ale tak\u017ce wyj\u0105tkow\u0105 obs\u0142ug\u0119. Od wst\u0119pnych konsultacji po wsparcie posprzeda\u017cowe, \u015bci\u015ble wsp\u00f3\u0142pracujemy z naszymi klientami, aby zapewni\u0107 im profesjonalne i kompleksowe zaspokojenie ich potrzeb. Nasze konkurencyjne ceny w po\u0142\u0105czeniu z niezmiennym zaanga\u017cowaniem w jako\u015b\u0107 sprawiaj\u0105, \u017ce FMP to m\u0105dry wyb\u00f3r dla firm poszukuj\u0105cych niezawodnych rozwi\u0105za\u0144 hydraulicznych.<\/p>","protected":false},"excerpt":{"rendered":"<p>Cost Effective Double Acting Telescopic Hydraulic Cylinder for Sale This new, cost-effective, double acting telescopic hydraulic cylinder is your ideal solution for various applications in the machinery repair shops, farms, energy &amp; mining industries, machinery manufacturing, and machinery factories. Made of durable steel, this standard plunger cylinder operates on hydraulic power and provides a maximum [&hellip;]<\/p>","protected":false},"featured_media":6764,"comment_status":"closed","ping_status":"closed","template":"","meta":{"_et_pb_use_builder":"","_et_pb_old_content":"","_et_gb_content_width":""},"product_brand":[],"product_cat":[103],"product_tag":[34,105],"class_list":{"0":"post-6628","1":"product","2":"type-product","3":"status-publish","4":"has-post-thumbnail","6":"product_cat-telescopic-hydraulic-cylinders","7":"product_tag-hydraulic-cylinder","8":"product_tag-telescopic-hydraulic-cylinders","10":"first","11":"instock","12":"product-type-simple"},"_links":{"self":[{"href":"https:\/\/fmp-components.com\/pl\/wp-json\/wp\/v2\/product\/6628","targetHints":{"allow":["GET"]}}],"collection":[{"href":"https:\/\/fmp-components.com\/pl\/wp-json\/wp\/v2\/product"}],"about":[{"href":"https:\/\/fmp-components.com\/pl\/wp-json\/wp\/v2\/types\/product"}],"replies":[{"embeddable":true,"href":"https:\/\/fmp-components.com\/pl\/wp-json\/wp\/v2\/comments?post=6628"}],"wp:featuredmedia":[{"embeddable":true,"href":"https:\/\/fmp-components.com\/pl\/wp-json\/wp\/v2\/media\/6764"}],"wp:attachment":[{"href":"https:\/\/fmp-components.com\/pl\/wp-json\/wp\/v2\/media?parent=6628"}],"wp:term":[{"taxonomy":"product_brand","embeddable":true,"href":"https:\/\/fmp-components.com\/pl\/wp-json\/wp\/v2\/product_brand?post=6628"},{"taxonomy":"product_cat","embeddable":true,"href":"https:\/\/fmp-components.com\/pl\/wp-json\/wp\/v2\/product_cat?post=6628"},{"taxonomy":"product_tag","embeddable":true,"href":"https:\/\/fmp-components.com\/pl\/wp-json\/wp\/v2\/product_tag?post=6628"}],"curies":[{"name":"wp","href":"https:\/\/api.w.org\/{rel}","templated":true}]}}