{"id":6625,"date":"2025-03-11T06:33:57","date_gmt":"2025-03-11T06:33:57","guid":{"rendered":"https:\/\/fmp-components.com\/product\/professional-small-dump-truck-hydraulic-hoist-cylinder-multistage-hydraulic-cylinder"},"modified":"2025-03-14T01:51:38","modified_gmt":"2025-03-14T01:51:38","slug":"professional-small-dump-truck-hydraulic-hoist-cylinder-multistage-hydraulic-cylinder","status":"publish","type":"product","link":"https:\/\/fmp-components.com\/pl\/product\/professional-small-dump-truck-hydraulic-hoist-cylinder-multistage-hydraulic-cylinder\/","title":{"rendered":"Profesjonalny si\u0142ownik hydrauliczny do ma\u0142ych wywrotek, si\u0142ownik hydrauliczny wielostopniowy"},"content":{"rendered":"<h2>Profesjonalny si\u0142ownik hydrauliczny do ma\u0142ych wywrotek, si\u0142ownik hydrauliczny wielostopniowy<\/h2>\n<p>Nasz profesjonalny, wielostopniowy si\u0142ownik hydrauliczny do podnoszenia ma\u0142ych wywrotek to najnowocze\u015bniejszy produkt oferuj\u0105cy niezr\u00f3wnan\u0105 jako\u015b\u0107 i wydajno\u015b\u0107. Zaprojektowany z my\u015bl\u0105 o wydajno\u015bci i niezawodno\u015bci, ten si\u0142ownik hydrauliczny idealnie nadaje si\u0119 do r\u00f3\u017cnorodnych zastosowa\u0144 w warsztatach naprawczych maszyn, gospodarstwach rolnych, przemy\u015ble energetycznym i g\u00f3rniczym oraz w produkcji maszyn i fabrykach.<\/p>\n<h3>G\u0142\u00f3wne cechy i korzy\u015bci<\/h3>\n<ul>\n<li>Wyj\u0105tkowa wytrzyma\u0142o\u015b\u0107: Maksymalna si\u0142a ci\u0105gu wynosz\u0105ca 3000 i mo\u017cliwo\u015b\u0107 uci\u0105gu do 20 ton sprawiaj\u0105, \u017ce ten si\u0142ownik hydrauliczny jest niezwykle wytrzyma\u0142y i trwa\u0142y.<\/li>\n<li>Materia\u0142y wysokiej jako\u015bci: Wykonane z wysokiej jako\u015bci stali, gwarantuj\u0105 d\u0142ugotrwa\u0142e u\u017cytkowanie i odporno\u015b\u0107 na zu\u017cycie.<\/li>\n<li>Wysoka wydajno\u015b\u0107: Wielostopniowa funkcja pozwala na zwi\u0119kszenie wydajno\u015bci i funkcjonalno\u015bci w przypadku wielu zada\u0144.<\/li>\n<li>Oszcz\u0119dno\u015b\u0107 energii: Nasz si\u0142ownik hydrauliczny zosta\u0142 zaprojektowany tak, aby efektywnie wykorzystywa\u0107 energi\u0119, zmniejszaj\u0105c zu\u017cycie energii i koszty operacyjne.<\/li>\n<li>Bezpiecze\u0144stwo: Produkt obj\u0119ty jest roczn\u0105 gwarancj\u0105, co zapewnia bezpiecze\u0144stwo i d\u0142ugotrwa\u0142\u0105 wydajno\u015b\u0107 jego g\u0142\u00f3wnych podzespo\u0142\u00f3w.<\/li>\n<\/ul>\n<h3>Dane techniczne<\/h3>\n<table style=\"width: 95.5978%;\" border=\"\">\n<tbody>\n<tr>\n<td style=\"width: 42.8571%;\"><i>Rozmiar otworu<\/i><\/td>\n<td style=\"width: 386.857%;\">2-6 cali<\/td>\n<\/tr>\n<tr>\n<td style=\"width: 42.8571%;\"><i>Rozmiar pr\u0119ta<\/i><\/td>\n<td style=\"width: 386.857%;\">1,125-4 cale<\/td>\n<\/tr>\n<tr>\n<td style=\"width: 42.8571%;\"><i>Rozmiar poci\u0105gni\u0119cia<\/i><\/td>\n<td style=\"width: 386.857%;\">4-100 cali<\/td>\n<\/tr>\n<tr>\n<td style=\"width: 42.8571%;\"><i>Rozmiar szpilki<\/i><\/td>\n<td style=\"width: 386.857%;\">0,5-2 cale<\/td>\n<\/tr>\n<tr>\n<td style=\"width: 42.8571%;\"><i>Porty<\/i><\/td>\n<td style=\"width: 386.857%;\">G\/SAE\/NPT\/M<\/td>\n<\/tr>\n<\/tbody>\n<\/table>\n<h2>Unikalne cechy i zalety<\/h2>\n<ul>\n<li>Oszcz\u0119dno\u015b\u0107 energii: Konstrukcja i dzia\u0142anie si\u0142ownika hydraulicznego s\u0105 zoptymalizowane pod k\u0105tem efektywno\u015bci energetycznej.<\/li>\n<li>Wysoka wydajno\u015b\u0107: Wykonuje zadania szybko i precyzyjnie, co sprawia, \u017ce \u200b\u200bjest niezwykle wydajnym narz\u0119dziem.<\/li>\n<li>Bezpiecze\u0144stwo: Urz\u0105dzenie zosta\u0142o wyposa\u017cone w funkcje bezpiecze\u0144stwa chroni\u0105ce u\u017cytkownika i obs\u0142ugiwane przez niego urz\u0105dzenia.<\/li>\n<\/ul>\n<h2>Uk\u0142ady hydrauliczne i zasada dzia\u0142ania<\/h2>\n<p>Nasz si\u0142ownik hydrauliczny dzia\u0142a w oparciu o fundamentaln\u0105 zasad\u0119 przekszta\u0142cania energii hydraulicznej w energi\u0119 mechaniczn\u0105 \u2013 proces niezb\u0119dny w wielu zastosowaniach przemys\u0142owych. Przekszta\u0142cenie to odbywa si\u0119 poprzez ruch spr\u0119\u017conego p\u0142ynu hydraulicznego, kt\u00f3ry jest kierowany do cylindra. Wp\u0142ywaj\u0105cy p\u0142yn wywiera si\u0142\u0119 na t\u0142ok znajduj\u0105cy si\u0119 w cylindrze. Si\u0142a ta powoduje ruch t\u0142oka, przekszta\u0142caj\u0105c energi\u0119 hydrauliczn\u0105 w ruch mechaniczny.<\/p>\n<p>Ruch t\u0142oka mo\u017cna wykorzysta\u0107 do wykonywania u\u017cytecznych zada\u0144, takich jak podnoszenie ci\u0119\u017ckich \u0142adunk\u00f3w, obs\u0142uga cz\u0119\u015bci maszyn, a nawet wykonywanie skomplikowanych zada\u0144 w procesach produkcyjnych. Wydajno\u015b\u0107 tego systemu wynika w du\u017cej mierze z nie\u015bci\u015bliwo\u015bci p\u0142ynu hydraulicznego, co pozwala na znaczne wzmocnienie si\u0142y. Wykorzystuj\u0105c stosunkowo niewielkie si\u0142y wej\u015bciowe, nasze si\u0142owniki hydrauliczne mog\u0105 generowa\u0107 znaczne si\u0142y wyj\u015bciowe, co czyni je idealnymi do zada\u0144 wymagaj\u0105cych si\u0142y i precyzji.<\/p>\n<p>Ta zasada dzia\u0142ania hydrauliki jest nie tylko skuteczna, ale zapewnia r\u00f3wnie\u017c poziom kontroli, kt\u00f3ry trudno osi\u0105gn\u0105\u0107 za pomoc\u0105 samych system\u00f3w mechanicznych. Operatorzy mog\u0105 \u0142atwo regulowa\u0107 ci\u015bnienie i nat\u0119\u017cenie przep\u0142ywu p\u0142ynu hydraulicznego, aby precyzyjnie dostroi\u0107 ruch t\u0142oka, umo\u017cliwiaj\u0105c precyzyjne dzia\u0142anie w r\u00f3\u017cnych warunkach.<\/p>\n<p><img loading=\"lazy\" decoding=\"async\" class=\"alignnone  wp-image-6664\" src=\"https:\/\/fmp-components.com\/wp-content\/uploads\/2025\/03\/telescopic-hydraulic-cylinder-8.webp\" alt=\"si\u0142ownik hydrauliczny teleskopowy\" width=\"778\" height=\"778\" title=\"\" srcset=\"https:\/\/fmp-components.com\/wp-content\/uploads\/2025\/03\/telescopic-hydraulic-cylinder-8.webp 778w, https:\/\/fmp-components.com\/wp-content\/uploads\/2025\/03\/telescopic-hydraulic-cylinder-8-480x480.webp 480w\" sizes=\"(min-width: 0px) and (max-width: 480px) 480px, (min-width: 481px) 778px, 100vw\" \/><\/p>\n<h2>Zastosowania naszego cylindra hydraulicznego<\/h2>\n<p>Nasz si\u0142ownik hydrauliczny jest wyj\u0105tkowo wszechstronny i mo\u017ce by\u0107 stosowany w szerokim zakresie zastosowa\u0144 w r\u00f3\u017cnych bran\u017cach. Jednym z g\u0142\u00f3wnych zastosowa\u0144 s\u0105 warsztaty naprawcze maszyn, gdzie u\u0142atwia podnoszenie i pozycjonowanie ci\u0119\u017ckiego sprz\u0119tu w celu konserwacji i napraw. Mo\u017cliwo\u015b\u0107 bezpiecznego i wydajnego podnoszenia i manewrowania du\u017cymi elementami ma kluczowe znaczenie dla zapewnienia sprawno\u015bci i dobrego stanu technicznego maszyn.<\/p>\n<p>W sektorze rolniczym nasze si\u0142owniki hydrauliczne s\u0105 niezb\u0119dne do obs\u0142ugi maszyn rolniczych, takich jak traktory, p\u0142ugi i kombajny. Umo\u017cliwiaj\u0105 rolnikom \u0142atwe wykonywanie zada\u0144, takich jak podnoszenie p\u0142ug\u00f3w i regulacja sprz\u0119tu, znacznie zwi\u0119kszaj\u0105c wydajno\u015b\u0107 i redukuj\u0105c nak\u0142ad pracy r\u0119cznej.<\/p>\n<p>Z solidnej wydajno\u015bci naszych si\u0142ownik\u00f3w hydraulicznych korzystaj\u0105 r\u00f3wnie\u017c sektor energetyczny i g\u00f3rniczy. W tych sektorach s\u0105 one wykorzystywane do obs\u0142ugi ci\u0119\u017ckiego sprz\u0119tu, takiego jak koparki i wiertnice, wspomagaj\u0105c wydobycie i transport materia\u0142\u00f3w. Ich wytrzyma\u0142o\u015b\u0107 i niezawodno\u015b\u0107 w ekstremalnych warunkach sprawiaj\u0105, \u017ce s\u0105 one niezast\u0105pione w tych wymagaj\u0105cych warunkach.<\/p>\n<p>Ponadto nasze si\u0142owniki hydrauliczne znajduj\u0105 szerokie zastosowanie w produkcji maszyn i w zak\u0142adach produkcyjnych. S\u0105 one kluczowe dla linii monta\u017cowych, gdzie u\u0142atwiaj\u0105 przemieszczanie i rozmieszczanie komponent\u00f3w, przyczyniaj\u0105c si\u0119 do usprawnienia proces\u00f3w produkcyjnych. Precyzja i moc zapewniana przez nasze si\u0142owniki hydrauliczne zwi\u0119kszaj\u0105 og\u00f3ln\u0105 wydajno\u015b\u0107 operacyjn\u0105, czyni\u0105c je kluczowym elementem nowoczesnego procesu produkcyjnego.<\/p>\n<p>Podsumowuj\u0105c, nasze si\u0142owniki hydrauliczne zosta\u0142y zaprojektowane tak, aby sprosta\u0107 zr\u00f3\u017cnicowanym potrzebom r\u00f3\u017cnych bran\u017c, zapewniaj\u0105c niezawodne i wydajne rozwi\u0105zania do podnoszenia, przemieszczania i obs\u0142ugi maszyn. Szeroki zakres zastosowa\u0144 podkre\u015bla ich znaczenie dla zwi\u0119kszenia wydajno\u015bci i bezpiecze\u0144stwa w wielu sektorach.<\/p>\n<h2>Si\u0142owniki hydrauliczne i agregaty nap\u0119dowe<\/h2>\n<p>Si\u0142owniki hydrauliczne i agregaty pr\u0105dotw\u00f3rcze s\u0105 niezb\u0119dnymi elementami uk\u0142ad\u00f3w hydraulicznych. Ich po\u0142\u0105czone dzia\u0142anie zapewnia szerokie zastosowanie technologii hydraulicznej w przemy\u015ble, zapewniaj\u0105c niezawodne zasilanie i sterowanie r\u00f3\u017cnorodnym sprz\u0119tem in\u017cynieryjnym i mechanicznym. Si\u0142ownik hydrauliczny, jako element wykonawczy, odpowiada za przekszta\u0142canie energii hydraulicznej w ruch mechaniczny, przekszta\u0142caj\u0105c ci\u015bnienie w si\u0142\u0119. Agregat pr\u0105dotw\u00f3rczy stanowi rdze\u0144, kt\u00f3ry dostarcza energi\u0119 i sygna\u0142y steruj\u0105ce wymagane przez uk\u0142ad hydrauliczny.<\/p>\n<h2>Cz\u0119sto zadawane pytania<\/h2>\n<dl>\n<dt>P: Czy jeste\u015b firm\u0105 handlow\u0105 czy produkcyjn\u0105?<\/dt>\n<dd>A: Jeste\u015bmy producentem.<\/dd>\n<dt>P: Jak d\u0142ugi jest czas dostawy?<\/dt>\n<dd>A: Zazwyczaj trwa to 25\u201335 dni.<\/dd>\n<dt>P: Czy dostarczacie pr\u00f3bki? Czy s\u0105 darmowe czy dodatkowe?<\/dt>\n<dd>O: Tak, mogliby\u015bmy zaoferowa\u0107 pr\u00f3bk\u0119, ale nie jest ona darmowa.<\/dd>\n<\/dl>\n<h3>O FMP<\/h3>\n<p class=\"break-words\">FMP jest wiod\u0105cym w\u0142oskim producentem specjalizuj\u0105cym si\u0119 w projektowaniu, rozwoju i produkcji wysokiej jako\u015bci cylindr\u00f3w hydraulicznych. Dzi\u0119ki bogatemu dziedzictwu zakorzenionemu w dziesi\u0119cioleciach do\u015bwiadczenia, z dum\u0105 \u0142\u0105czymy w\u0142oskie rzemios\u0142o z najnowocze\u015bniejsz\u0105 technologi\u0105, aby dostarcza\u0107 wyj\u0105tkowe rozwi\u0105zania hydrauliczne dostosowane do zr\u00f3\u017cnicowanych potrzeb naszych globalnych klient\u00f3w. Maj\u0105c siedzib\u0119 we W\u0142oszech, w centrum doskona\u0142o\u015bci in\u017cynieryjnej, FMP jest zaufan\u0105 mark\u0105 w bran\u017cy hydraulicznej, zobowi\u0105zan\u0105 do dostarczania niezawodnych, trwa\u0142ych i innowacyjnych produkt\u00f3w, kt\u00f3re wzmacniaj\u0105 firmy na ca\u0142ym \u015bwiecie.<\/p>\n<p class=\"break-words\">Nasza firma integruje najlepsze tradycje zaawansowanej produkcji z przysz\u0142o\u015bciowym podej\u015bciem. Korzystaj\u0105c z wieloletniego do\u015bwiadczenia w systemach hydraulicznych, FMP przekszta\u0142ci\u0142o si\u0119 w nowoczesne przedsi\u0119biorstwo, kt\u00f3re wyr\u00f3\u017cnia si\u0119 w badaniach, projektowaniu i produkcji. Specjalizujemy si\u0119 w szerokiej gamie cylindr\u00f3w hydraulicznych, w tym cylindrach dwustronnego dzia\u0142ania, cylindrach podnosz\u0105cych do samochod\u00f3w, cylindrach do maszyn rolniczych i rozwi\u0105zaniach projektowanych na zam\u00f3wienie do r\u00f3\u017cnych zastosowa\u0144 przemys\u0142owych. Niezale\u017cnie od tego, czy chodzi o budownictwo, instalacje przemys\u0142owe, rolnictwo czy ci\u0119\u017cki sprz\u0119t, nasze cylindry hydrauliczne s\u0105 zbudowane tak, aby dzia\u0142a\u0142y w najtrudniejszych warunkach, zapewniaj\u0105c bezpiecze\u0144stwo, wydajno\u015b\u0107 i d\u0142ugowieczno\u015b\u0107.<\/p>\n<p><img loading=\"lazy\" decoding=\"async\" class=\"alignnone size-full wp-image-6720\" src=\"https:\/\/fmp-components.com\/wp-content\/uploads\/2025\/03\/hydraulic-cylinder-8.webp\" alt=\"Si\u0142owniki hydrauliczne teleskopowe\" width=\"933\" height=\"526\" title=\"\" srcset=\"https:\/\/fmp-components.com\/wp-content\/uploads\/2025\/03\/hydraulic-cylinder-8.webp 933w, https:\/\/fmp-components.com\/wp-content\/uploads\/2025\/03\/hydraulic-cylinder-8-480x271.webp 480w\" sizes=\"(min-width: 0px) and (max-width: 480px) 480px, (min-width: 481px) 933px, 100vw\" \/><\/p>\n<p class=\"break-words\">W FMP jeste\u015bmy dumni z naszych najnowocze\u015bniejszych zak\u0142ad\u00f3w produkcyjnych, wyposa\u017conych w precyzyjne maszyny i zaawansowane systemy testowe. Nasze procesy produkcyjne s\u0105 zgodne z rygorystycznymi normami krajowymi i mi\u0119dzynarodowymi, co zapewnia, \u017ce ka\u017cdy cylinder hydrauliczny opuszczaj\u0105cy nasz\u0105 fabryk\u0119 jest najwy\u017cszej jako\u015bci i niezawodno\u015bci. Nasz wykwalifikowany zesp\u00f3\u0142 techniczny w po\u0142\u0105czeniu z najnowocze\u015bniejszym sprz\u0119tem pozwala nam zachowa\u0107 \u015bcis\u0142\u0105 kontrol\u0119 jako\u015bci na ka\u017cdym etapie produkcji \u2014 od wyboru surowca po ko\u0144cow\u0105 kontrol\u0119. To oddanie doskona\u0142o\u015bci przynios\u0142o nam certyfikaty i uznanie autorytet\u00f3w bran\u017cowych, co dodatkowo umocni\u0142o nasz\u0105 reputacj\u0119 niezawodnego partnera.<\/p>\n<p class=\"break-words\">Nasza misja jest prosta, ale ambitna: dostarcza\u0107 naszym klientom cylindry hydrauliczne, kt\u00f3re przekraczaj\u0105 oczekiwania pod wzgl\u0119dem wydajno\u015bci, trwa\u0142o\u015bci i warto\u015bci. Dzia\u0142amy zgodnie z zasadami profesjonalizmu, uczciwo\u015bci i skupienia na kliencie. Poprzez promowanie kultury innowacji i precyzji nieustannie udoskonalamy nasze produkty, aby utrzyma\u0107 si\u0119 na czele konkurencyjnego rynku. Nasza kompleksowa oferta produkt\u00f3w i zdolno\u015b\u0107 do oferowania dostosowanych rozwi\u0105za\u0144 sprawiaj\u0105, \u017ce jeste\u015bmy pierwszym wyborem dla firm poszukuj\u0105cych wysokowydajnych cylindr\u00f3w hydraulicznych.<\/p>\n<p class=\"break-words\">FMP to co\u015b wi\u0119cej ni\u017c tylko producent \u2014 jeste\u015bmy partnerem w Twoim sukcesie. Rozumiemy, \u017ce nasi klienci polegaj\u0105 na nas, je\u015bli chodzi o dostarczanie narz\u0119dzi, kt\u00f3re zwi\u0119kszaj\u0105 ich produktywno\u015b\u0107 i bezpiecze\u0144stwo. Dlatego te\u017c jeste\u015bmy zobowi\u0105zani do oferowania nie tylko produkt\u00f3w najwy\u017cszej klasy, ale tak\u017ce wyj\u0105tkowej obs\u0142ugi. Od wst\u0119pnych konsultacji po wsparcie posprzeda\u017cowe, \u015bci\u015ble wsp\u00f3\u0142pracujemy z naszymi klientami, aby zapewni\u0107, \u017ce ich potrzeby s\u0105 spe\u0142niane z profesjonalizmem i trosk\u0105. Nasze konkurencyjne ceny w po\u0142\u0105czeniu z naszym niezachwianym zaanga\u017cowaniem w jako\u015b\u0107 sprawiaj\u0105, \u017ce FMP jest m\u0105drym wyborem dla firm, kt\u00f3re chc\u0105 zainwestowa\u0107 w rozwi\u0105zania hydrauliczne, kt\u00f3rym mog\u0105 zaufa\u0107.<\/p>","protected":false},"excerpt":{"rendered":"<p>Professional Small Dump Truck Hydraulic Hoist Cylinder Multistage Hydraulic Cylinder Our Professional Small Dump Truck Hydraulic Hoist Cylinder Multistage hydraulic cylinder is a state-of-the-art product that offers unparalleled quality and performance. Designed with efficiency and reliability in mind, this hydraulic cylinder is perfect for various applications in machinery repair shops, farms, energy and mining industries, [&hellip;]<\/p>","protected":false},"featured_media":6806,"comment_status":"closed","ping_status":"closed","template":"","meta":{"_et_pb_use_builder":"","_et_pb_old_content":"","_et_gb_content_width":""},"product_brand":[],"product_cat":[103],"product_tag":[34,105],"class_list":{"0":"post-6625","1":"product","2":"type-product","3":"status-publish","4":"has-post-thumbnail","6":"product_cat-telescopic-hydraulic-cylinders","7":"product_tag-hydraulic-cylinder","8":"product_tag-telescopic-hydraulic-cylinders","10":"first","11":"instock","12":"product-type-simple"},"_links":{"self":[{"href":"https:\/\/fmp-components.com\/pl\/wp-json\/wp\/v2\/product\/6625","targetHints":{"allow":["GET"]}}],"collection":[{"href":"https:\/\/fmp-components.com\/pl\/wp-json\/wp\/v2\/product"}],"about":[{"href":"https:\/\/fmp-components.com\/pl\/wp-json\/wp\/v2\/types\/product"}],"replies":[{"embeddable":true,"href":"https:\/\/fmp-components.com\/pl\/wp-json\/wp\/v2\/comments?post=6625"}],"wp:featuredmedia":[{"embeddable":true,"href":"https:\/\/fmp-components.com\/pl\/wp-json\/wp\/v2\/media\/6806"}],"wp:attachment":[{"href":"https:\/\/fmp-components.com\/pl\/wp-json\/wp\/v2\/media?parent=6625"}],"wp:term":[{"taxonomy":"product_brand","embeddable":true,"href":"https:\/\/fmp-components.com\/pl\/wp-json\/wp\/v2\/product_brand?post=6625"},{"taxonomy":"product_cat","embeddable":true,"href":"https:\/\/fmp-components.com\/pl\/wp-json\/wp\/v2\/product_cat?post=6625"},{"taxonomy":"product_tag","embeddable":true,"href":"https:\/\/fmp-components.com\/pl\/wp-json\/wp\/v2\/product_tag?post=6625"}],"curies":[{"name":"wp","href":"https:\/\/api.w.org\/{rel}","templated":true}]}}