{"id":6622,"date":"2025-03-11T06:33:57","date_gmt":"2025-03-11T06:33:57","guid":{"rendered":"https:\/\/fmp-components.com\/product\/professional-craftsmanship-3-stages-multistage-hydraulic-cylinder-for-dump-truck"},"modified":"2025-03-18T01:57:06","modified_gmt":"2025-03-18T01:57:06","slug":"professional-craftsmanship-3-stages-multistage-hydraulic-cylinder-for-dump-truck","status":"publish","type":"product","link":"https:\/\/fmp-components.com\/pl\/product\/professional-craftsmanship-3-stages-multistage-hydraulic-cylinder-for-dump-truck\/","title":{"rendered":"Profesjonalne wykonanie, 3-stopniowy, wielostopniowy si\u0142ownik hydrauliczny do wywrotki"},"content":{"rendered":"<h2>Profesjonalne wykonanie, 3-stopniowy, wielostopniowy si\u0142ownik hydrauliczny do wywrotki<\/h2>\n<p>Nasz najwy\u017cszej jako\u015bci, profesjonalny, 3-stopniowy si\u0142ownik hydrauliczny wielostopniowy zosta\u0142 zaprojektowany specjalnie do wywrotek. Wykonany z najwy\u017csz\u0105 staranno\u015bci\u0105, ten najnowocze\u015bniejszy si\u0142ownik hydrauliczny zapewnia wysok\u0105 wydajno\u015b\u0107 i wytrzyma\u0142o\u015b\u0107 w szerokim zakresie zastosowa\u0144. Idealny do warsztat\u00f3w naprawczych maszyn, gospodarstw rolnych, energetyki i g\u00f3rnictwa, produkcji maszyn i fabryk maszyn, ten si\u0142ownik hydrauliczny to najlepsze narz\u0119dzie do ci\u0119\u017ckich prac.<\/p>\n<h3>Specyfikacja produktu<\/h3>\n<table style=\"width: 101.042%;\" border=\"\">\n<tbody>\n<tr>\n<td style=\"width: 43.4286%;\"><b>Rozmiar otworu<\/b><\/td>\n<td style=\"width: 421.714%;\">2-6 cali<\/td>\n<\/tr>\n<tr>\n<td style=\"width: 43.4286%;\"><b>Rozmiar pr\u0119ta<\/b><\/td>\n<td style=\"width: 421.714%;\">1,125-4 cale<\/td>\n<\/tr>\n<tr>\n<td style=\"width: 43.4286%;\"><b>Rozmiar poci\u0105gni\u0119cia<\/b><\/td>\n<td style=\"width: 421.714%;\">4-100 cali<\/td>\n<\/tr>\n<tr>\n<td style=\"width: 43.4286%;\"><b>Rozmiar szpilki<\/b><\/td>\n<td style=\"width: 421.714%;\">0,5-2 cale<\/td>\n<\/tr>\n<tr>\n<td style=\"width: 43.4286%;\"><b>Porty<\/b><\/td>\n<td style=\"width: 421.714%;\">G\/SAE\/NPT\/M<\/td>\n<\/tr>\n<\/tbody>\n<\/table>\n<h2>G\u0142\u00f3wne cechy i zalety<\/h2>\n<ul>\n<li>Energooszcz\u0119dno\u015b\u0107: Nasz wielostopniowy si\u0142ownik hydrauliczny zosta\u0142 zaprojektowany tak, aby zoptymalizowa\u0107 zu\u017cycie energii, redukuj\u0105c koszty operacyjne.<\/li>\n<li>Wysoka wydajno\u015b\u0107: Zaprojektowane tak, aby dostarcza\u0107 du\u017c\u0105 moc wyj\u015bciow\u0105, gwarantuj\u0105c maksymaln\u0105 produktywno\u015b\u0107.<\/li>\n<li>Bezpiecze\u0144stwo: Zaprojektowany z my\u015bl\u0105 o bezpiecze\u0144stwie, nasz si\u0142ownik hydrauliczny gwarantuje bezpieczn\u0105 prac\u0119.<\/li>\n<\/ul>\n<h2>Zrozumienie uk\u0142adu hydraulicznego<\/h2>\n<p>Uk\u0142ady hydrauliczne dzia\u0142aj\u0105 na zasadzie przenoszenia si\u0142y z jednego punktu do drugiego za pomoc\u0105 nie\u015bci\u015bliwego p\u0142ynu. W naszym 3-stopniowym wielostopniowym cylindrze hydraulicznym system przekszta\u0142ca ci\u015bnienie hydrauliczne w ruch liniowy, wykorzystywany do podnoszenia ci\u0119\u017ckich \u0142adunk\u00f3w w wywrotkach.<\/p>\n<p><img loading=\"lazy\" decoding=\"async\" class=\"alignnone size-full wp-image-6793\" src=\"https:\/\/fmp-components.com\/wp-content\/uploads\/2025\/03\/Telescopic-Hydraulic-Cylinders-9.webp\" alt=\"Si\u0142owniki hydrauliczne teleskopowe\" width=\"800\" height=\"800\" title=\"\" srcset=\"https:\/\/fmp-components.com\/wp-content\/uploads\/2025\/03\/Telescopic-Hydraulic-Cylinders-9.webp 800w, https:\/\/fmp-components.com\/wp-content\/uploads\/2025\/03\/Telescopic-Hydraulic-Cylinders-9-480x480.webp 480w\" sizes=\"(min-width: 0px) and (max-width: 480px) 480px, (min-width: 481px) 800px, 100vw\" \/><\/p>\n<h2>Zastosowania naszego 3-stopniowego wielostopniowego cylindra hydraulicznego<\/h2>\n<p>Nasz si\u0142ownik hydrauliczny jest wszechstronny i mo\u017ce by\u0107 stosowany w r\u00f3\u017cnych sektorach, w tym w warsztatach naprawczych maszyn, gospodarstwach rolnych, energetyce i g\u00f3rnictwie, produkcji maszyn oraz fabrykach maszyn. Idealnie nadaje si\u0119 do wszelkich zastosowa\u0144 wymagaj\u0105cych du\u017cej mocy wyj\u015bciowej i wytrzyma\u0142o\u015bci.<\/p>\n<h2>Si\u0142owniki hydrauliczne i agregaty nap\u0119dowe<\/h2>\n<p>Si\u0142owniki hydrauliczne i agregaty pr\u0105dotw\u00f3rcze stanowi\u0105 integraln\u0105 cz\u0119\u015b\u0107 ka\u017cdego uk\u0142adu hydraulicznego. FMP rozumie wag\u0119 tych komponent\u00f3w i oferuje wysokiej jako\u015bci agregaty pr\u0105dotw\u00f3rcze na sprzeda\u017c.<\/p>\n<h2>Cz\u0119sto zadawane pytania<\/h2>\n<ul>\n<li><b>P: Jak d\u0142ugi jest czas dostawy?<\/b><br \/>\nA: Standardowy czas dostawy wynosi 25\u201335 dni.<\/li>\n<li><b>P: Czy dostarczacie pr\u00f3bki?<\/b><br \/>\nA: Tak, mo\u017cemy dostarczy\u0107 pr\u00f3bki, ale nie s\u0105 one darmowe.<\/li>\n<li><b>P: Czy mo\u017cna dostosowa\u0107 produkty do indywidualnych potrzeb na podstawie pr\u00f3bek lub rysunk\u00f3w technicznych?<\/b><br \/>\nA: Tak, mo\u017cemy dostosowa\u0107 produkty do Pa\u0144stwa potrzeb w oparciu o pr\u00f3bki lub rysunki techniczne.<\/li>\n<\/ul>\n<h3>O FMP<\/h3>\n<p class=\"break-words\">FMP jest wiod\u0105cym w\u0142oskim producentem specjalizuj\u0105cym si\u0119 w projektowaniu, rozwoju i produkcji wysokiej jako\u015bci cylindr\u00f3w hydraulicznych. Dzi\u0119ki bogatemu dziedzictwu zakorzenionemu w dziesi\u0119cioleciach do\u015bwiadczenia, z dum\u0105 \u0142\u0105czymy w\u0142oskie rzemios\u0142o z najnowocze\u015bniejsz\u0105 technologi\u0105, aby dostarcza\u0107 wyj\u0105tkowe rozwi\u0105zania hydrauliczne dostosowane do zr\u00f3\u017cnicowanych potrzeb naszych globalnych klient\u00f3w. Maj\u0105c siedzib\u0119 we W\u0142oszech, w centrum doskona\u0142o\u015bci in\u017cynieryjnej, FMP jest zaufan\u0105 mark\u0105 w bran\u017cy hydraulicznej, zobowi\u0105zan\u0105 do dostarczania niezawodnych, trwa\u0142ych i innowacyjnych produkt\u00f3w, kt\u00f3re wzmacniaj\u0105 firmy na ca\u0142ym \u015bwiecie.<\/p>\n<p class=\"break-words\">Nasza firma integruje najlepsze tradycje zaawansowanej produkcji z przysz\u0142o\u015bciowym podej\u015bciem. Korzystaj\u0105c z wieloletniego do\u015bwiadczenia w systemach hydraulicznych, FMP przekszta\u0142ci\u0142o si\u0119 w nowoczesne przedsi\u0119biorstwo, kt\u00f3re wyr\u00f3\u017cnia si\u0119 w badaniach, projektowaniu i produkcji. Specjalizujemy si\u0119 w szerokiej gamie cylindr\u00f3w hydraulicznych, w tym cylindrach dwustronnego dzia\u0142ania, cylindrach podnosz\u0105cych do samochod\u00f3w, cylindrach do maszyn rolniczych i rozwi\u0105zaniach projektowanych na zam\u00f3wienie do r\u00f3\u017cnych zastosowa\u0144 przemys\u0142owych. Niezale\u017cnie od tego, czy chodzi o budownictwo, instalacje przemys\u0142owe, rolnictwo czy ci\u0119\u017cki sprz\u0119t, nasze cylindry hydrauliczne s\u0105 zbudowane tak, aby dzia\u0142a\u0142y w najtrudniejszych warunkach, zapewniaj\u0105c bezpiecze\u0144stwo, wydajno\u015b\u0107 i d\u0142ugowieczno\u015b\u0107.<\/p>\n<p><img loading=\"lazy\" decoding=\"async\" class=\"alignnone size-full wp-image-6720\" src=\"https:\/\/fmp-components.com\/wp-content\/uploads\/2025\/03\/hydraulic-cylinder-8.webp\" alt=\"Si\u0142owniki hydrauliczne teleskopowe\" width=\"933\" height=\"526\" title=\"\" srcset=\"https:\/\/fmp-components.com\/wp-content\/uploads\/2025\/03\/hydraulic-cylinder-8.webp 933w, https:\/\/fmp-components.com\/wp-content\/uploads\/2025\/03\/hydraulic-cylinder-8-480x271.webp 480w\" sizes=\"(min-width: 0px) and (max-width: 480px) 480px, (min-width: 481px) 933px, 100vw\" \/><\/p>\n<p class=\"break-words\">W FMP jeste\u015bmy dumni z naszych najnowocze\u015bniejszych zak\u0142ad\u00f3w produkcyjnych, wyposa\u017conych w precyzyjne maszyny i zaawansowane systemy testowe. Nasze procesy produkcyjne s\u0105 zgodne z rygorystycznymi normami krajowymi i mi\u0119dzynarodowymi, co zapewnia, \u017ce ka\u017cdy cylinder hydrauliczny opuszczaj\u0105cy nasz\u0105 fabryk\u0119 jest najwy\u017cszej jako\u015bci i niezawodno\u015bci. Nasz wykwalifikowany zesp\u00f3\u0142 techniczny w po\u0142\u0105czeniu z najnowocze\u015bniejszym sprz\u0119tem pozwala nam zachowa\u0107 \u015bcis\u0142\u0105 kontrol\u0119 jako\u015bci na ka\u017cdym etapie produkcji \u2014 od wyboru surowca po ko\u0144cow\u0105 kontrol\u0119. To oddanie doskona\u0142o\u015bci przynios\u0142o nam certyfikaty i uznanie autorytet\u00f3w bran\u017cowych, co dodatkowo umocni\u0142o nasz\u0105 reputacj\u0119 niezawodnego partnera.<\/p>\n<p class=\"break-words\">Nasza misja jest prosta, ale ambitna: dostarcza\u0107 naszym klientom cylindry hydrauliczne, kt\u00f3re przekraczaj\u0105 oczekiwania pod wzgl\u0119dem wydajno\u015bci, trwa\u0142o\u015bci i warto\u015bci. Dzia\u0142amy zgodnie z zasadami profesjonalizmu, uczciwo\u015bci i skupienia na kliencie. Poprzez promowanie kultury innowacji i precyzji nieustannie udoskonalamy nasze produkty, aby utrzyma\u0107 si\u0119 na czele konkurencyjnego rynku. Nasza kompleksowa oferta produkt\u00f3w i zdolno\u015b\u0107 do oferowania dostosowanych rozwi\u0105za\u0144 sprawiaj\u0105, \u017ce jeste\u015bmy pierwszym wyborem dla firm poszukuj\u0105cych wysokowydajnych cylindr\u00f3w hydraulicznych.<\/p>\n<p class=\"break-words\">FMP to co\u015b wi\u0119cej ni\u017c tylko producent \u2014 jeste\u015bmy partnerem w Twoim sukcesie. Rozumiemy, \u017ce nasi klienci polegaj\u0105 na nas, je\u015bli chodzi o dostarczanie narz\u0119dzi, kt\u00f3re zwi\u0119kszaj\u0105 ich produktywno\u015b\u0107 i bezpiecze\u0144stwo. Dlatego te\u017c jeste\u015bmy zobowi\u0105zani do oferowania nie tylko produkt\u00f3w najwy\u017cszej klasy, ale tak\u017ce wyj\u0105tkowej obs\u0142ugi. Od wst\u0119pnych konsultacji po wsparcie posprzeda\u017cowe, \u015bci\u015ble wsp\u00f3\u0142pracujemy z naszymi klientami, aby zapewni\u0107, \u017ce ich potrzeby s\u0105 spe\u0142niane z profesjonalizmem i trosk\u0105. Nasze konkurencyjne ceny w po\u0142\u0105czeniu z naszym niezachwianym zaanga\u017cowaniem w jako\u015b\u0107 sprawiaj\u0105, \u017ce FMP jest m\u0105drym wyborem dla firm, kt\u00f3re chc\u0105 zainwestowa\u0107 w rozwi\u0105zania hydrauliczne, kt\u00f3rym mog\u0105 zaufa\u0107.<\/p>","protected":false},"excerpt":{"rendered":"<p>Professional Craftsmanship 3 Stages Multistage Hydraulic Cylinder For Dump Truck Our top-quality, professional-grade 3 Stages Multistage Hydraulic Cylinder is designed specifically for dump trucks. Built with superior craftsmanship, this state-of-the-art hydraulic cylinder provides high performance and robustness for a wide range of applications. Ideal for machinery repair shops, farms, energy &amp; mining, machinery manufacturing, and [&hellip;]<\/p>","protected":false},"featured_media":6790,"comment_status":"closed","ping_status":"closed","template":"","meta":{"_et_pb_use_builder":"","_et_pb_old_content":"","_et_gb_content_width":""},"product_brand":[],"product_cat":[103],"product_tag":[34,105],"class_list":{"0":"post-6622","1":"product","2":"type-product","3":"status-publish","4":"has-post-thumbnail","6":"product_cat-telescopic-hydraulic-cylinders","7":"product_tag-hydraulic-cylinder","8":"product_tag-telescopic-hydraulic-cylinders","10":"first","11":"instock","12":"product-type-simple"},"_links":{"self":[{"href":"https:\/\/fmp-components.com\/pl\/wp-json\/wp\/v2\/product\/6622","targetHints":{"allow":["GET"]}}],"collection":[{"href":"https:\/\/fmp-components.com\/pl\/wp-json\/wp\/v2\/product"}],"about":[{"href":"https:\/\/fmp-components.com\/pl\/wp-json\/wp\/v2\/types\/product"}],"replies":[{"embeddable":true,"href":"https:\/\/fmp-components.com\/pl\/wp-json\/wp\/v2\/comments?post=6622"}],"wp:featuredmedia":[{"embeddable":true,"href":"https:\/\/fmp-components.com\/pl\/wp-json\/wp\/v2\/media\/6790"}],"wp:attachment":[{"href":"https:\/\/fmp-components.com\/pl\/wp-json\/wp\/v2\/media?parent=6622"}],"wp:term":[{"taxonomy":"product_brand","embeddable":true,"href":"https:\/\/fmp-components.com\/pl\/wp-json\/wp\/v2\/product_brand?post=6622"},{"taxonomy":"product_cat","embeddable":true,"href":"https:\/\/fmp-components.com\/pl\/wp-json\/wp\/v2\/product_cat?post=6622"},{"taxonomy":"product_tag","embeddable":true,"href":"https:\/\/fmp-components.com\/pl\/wp-json\/wp\/v2\/product_tag?post=6622"}],"curies":[{"name":"wp","href":"https:\/\/api.w.org\/{rel}","templated":true}]}}