{"id":6621,"date":"2025-03-11T06:33:57","date_gmt":"2025-03-11T06:33:57","guid":{"rendered":"https:\/\/fmp-components.com\/product\/premium-quality-dump-truck-hydraulic-hoist-cylinder-double-acting-hydraulic-cylinder"},"modified":"2025-03-14T00:55:26","modified_gmt":"2025-03-14T00:55:26","slug":"premium-quality-dump-truck-hydraulic-hoist-cylinder-double-acting-hydraulic-cylinder","status":"publish","type":"product","link":"https:\/\/fmp-components.com\/pl\/product\/premium-quality-dump-truck-hydraulic-hoist-cylinder-double-acting-hydraulic-cylinder\/","title":{"rendered":"Si\u0142ownik hydrauliczny podno\u015bnika wywrotki najwy\u017cszej jako\u015bci Si\u0142ownik hydrauliczny dwustronnego dzia\u0142ania"},"content":{"rendered":"<h2>Si\u0142ownik hydrauliczny podno\u015bnika wywrotki najwy\u017cszej jako\u015bci<\/h2>\n<p>Nasz najwy\u017cszej jako\u015bci hydrauliczny si\u0142ownik podno\u015bnikowy do wywrotek to dwustronnego dzia\u0142ania si\u0142ownik hydrauliczny, kt\u00f3ry zapewnia najwy\u017csz\u0105 wydajno\u015b\u0107 we wszystkich bran\u017cach. Niezale\u017cnie od tego, czy zajmujesz si\u0119 napraw\u0105 maszyn, rolnictwem, energetyk\u0105 i g\u00f3rnictwem, produkcj\u0105 maszyn, czy prowadzisz fabryk\u0119 maszyn, ten si\u0142ownik hydrauliczny zosta\u0142 zaprojektowany tak, aby w wyj\u0105tkowy spos\u00f3b spe\u0142ni\u0107 Twoje potrzeby.<\/p>\n<h3>Specyfikacja produktu<\/h3>\n<p>Nasz si\u0142ownik hydrauliczny jest nowy i obj\u0119ty roczn\u0105 gwarancj\u0105. Jest to standardowy, wielostopniowy si\u0142ownik hydrauliczny z konstrukcj\u0105 t\u0142oka. Korpus wykonany jest ze stali, a jego maksymalna si\u0142a nacisku wynosi 3000. Maksymalny uci\u0105g naszego si\u0142ownika hydraulicznego wynosi 20 ton i posiada certyfikat ISO9001:2000.<\/p>\n<table style=\"width: 95.0781%;\" border=\"\">\n<tbody>\n<tr>\n<th style=\"width: 42.8571%;\">Rozmiar otworu<\/th>\n<th style=\"width: 396%;\">2-6 cali<\/th>\n<\/tr>\n<tr>\n<th style=\"width: 42.8571%;\">Rozmiar pr\u0119ta<\/th>\n<th style=\"width: 396%;\">1,125-4 cale<\/th>\n<\/tr>\n<tr>\n<th style=\"width: 42.8571%;\">Rozmiar poci\u0105gni\u0119cia<\/th>\n<th style=\"width: 396%;\">4-100 cali<\/th>\n<\/tr>\n<tr>\n<th style=\"width: 42.8571%;\">Rozmiar szpilki<\/th>\n<th style=\"width: 396%;\">0,5-2 cale<\/th>\n<\/tr>\n<tr>\n<th style=\"width: 42.8571%;\">Porty<\/th>\n<th style=\"width: 396%;\">G\/SAE\/NPT\/M<\/th>\n<\/tr>\n<\/tbody>\n<\/table>\n<h2>Cechy i zalety produktu<\/h2>\n<ul>\n<li>Energooszcz\u0119dny<\/li>\n<li>Wysoce skuteczny<\/li>\n<li>Bezpiecze\u0144stwo gwarantowane<\/li>\n<\/ul>\n<h2>Zasada dzia\u0142ania uk\u0142adu hydraulicznego<\/h2>\n<p>Nasz si\u0142ownik hydrauliczny dzia\u0142a w oparciu o zasad\u0119 si\u0142y hydraulicznej \u2013 technologi\u0119 wykorzystuj\u0105c\u0105 nie\u015bci\u015bliwo\u015b\u0107 p\u0142ynu hydraulicznego do przenoszenia si\u0142y i wykonywania zada\u0144 mechanicznych. Gdy p\u0142yn hydrauliczny jest wprowadzany do cylindra pod ci\u015bnieniem, wywiera on si\u0142\u0119 na t\u0142ok wewn\u0105trz. Si\u0142a ta powoduje ruch t\u0142oka, kt\u00f3ry z kolei nap\u0119dza przymocowany do niego t\u0142oczysko, wysuwaj\u0105c si\u0119 lub wsuwaj\u0105c. Podstawow\u0105 ide\u0105 tego dzia\u0142ania jest prawo Pascala, kt\u00f3re m\u00f3wi, \u017ce ka\u017cda zmiana ci\u015bnienia przy\u0142o\u017cona do zamkni\u0119tego p\u0142ynu jest przenoszona r\u00f3wnomiernie we wszystkich kierunkach. Dzi\u0119ki temu stosunkowo niewielka si\u0142a wej\u015bciowa generuje znacznie wi\u0119ksz\u0105 si\u0142\u0119 wyj\u015bciow\u0105, co sprawia, \u017ce \u200b\u200buk\u0142ady hydrauliczne s\u0105 niezwykle wydajne w podnoszeniu i przemieszczaniu ci\u0119\u017ckich \u0142adunk\u00f3w.<\/p>\n<p>Konstrukcja si\u0142ownika hydraulicznego obejmuje r\u00f3\u017cne elementy, takie jak uszczelki i zawory, kt\u00f3re pomagaj\u0105 kontrolowa\u0107 przep\u0142yw cieczy i zapewniaj\u0105 p\u0142ynn\u0105 prac\u0119. Reguluj\u0105c ci\u015bnienie i nat\u0119\u017cenie przep\u0142ywu cieczy hydraulicznej, operatorzy mog\u0105 wykonywa\u0107 precyzyjne ruchy i kontrolowa\u0107 sprz\u0119t, dzi\u0119ki czemu uk\u0142ady hydrauliczne idealnie nadaj\u0105 si\u0119 do zada\u0144 wymagaj\u0105cych zar\u00f3wno si\u0142y, jak i precyzji.<\/p>\n<p><img loading=\"lazy\" decoding=\"async\" class=\"alignnone  wp-image-6663\" src=\"https:\/\/fmp-components.com\/wp-content\/uploads\/2025\/03\/telescopic-hydraulic-cylinder-11.webp\" alt=\"si\u0142ownik hydrauliczny teleskopowy\" width=\"784\" height=\"784\" title=\"\" srcset=\"https:\/\/fmp-components.com\/wp-content\/uploads\/2025\/03\/telescopic-hydraulic-cylinder-11.webp 784w, https:\/\/fmp-components.com\/wp-content\/uploads\/2025\/03\/telescopic-hydraulic-cylinder-11-480x480.webp 480w\" sizes=\"(min-width: 0px) and (max-width: 480px) 480px, (min-width: 481px) 784px, 100vw\" \/><\/p>\n<h3>Zastosowanie cylindra hydraulicznego<\/h3>\n<p>Wszechstronno\u015b\u0107 naszego si\u0142ownika hydraulicznego do podnoszenia sprawia, \u017ce \u200b\u200bjest on niezb\u0119dnym elementem w wielu zastosowaniach, szczeg\u00f3lnie w sektorze budowlanym i transportowym. Ten typ si\u0142ownika hydraulicznego jest powszechnie stosowany w wywrotkach, gdzie odgrywa kluczow\u0105 rol\u0119 w podnoszeniu skrzyni \u0142adunkowej, u\u0142atwiaj\u0105c roz\u0142adunek materia\u0142\u00f3w takich jak \u017cwir, piasek czy gruz. Mo\u017cliwo\u015b\u0107 efektywnego podnoszenia i opuszczania skrzyni \u0142adunkowej zwi\u0119ksza wydajno\u015b\u0107 i bezpiecze\u0144stwo na placach budowy.<\/p>\n<p>Opr\u00f3cz wywrotek, hydrauliczne si\u0142owniki podno\u015bnika s\u0105 szeroko stosowane w koparkach i \u0142adowarkach. W koparkach si\u0142owniki te odpowiadaj\u0105 za sterowanie ruchami wysi\u0119gnika i ramienia, umo\u017cliwiaj\u0105c precyzyjne kopanie, podnoszenie i uk\u0142adanie materia\u0142\u00f3w. Podobnie, w \u0142adowarkach, si\u0142owniki hydrauliczne umo\u017cliwiaj\u0105 podnoszenie i przechylanie \u0142y\u017cki, u\u0142atwiaj\u0105c transport i za\u0142adunek materia\u0142\u00f3w.<\/p>\n<p>Zastosowanie si\u0142ownik\u00f3w hydraulicznych wykracza poza maszyny budowlane; znajduj\u0105 one r\u00f3wnie\u017c zastosowanie w r\u00f3\u017cnych urz\u0105dzeniach przemys\u0142owych, takich jak w\u00f3zki wid\u0142owe i systemy transportu bliskiego, gdzie zapewniaj\u0105 niezb\u0119dn\u0105 si\u0142\u0119 do podnoszenia du\u017cych ci\u0119\u017car\u00f3w i poprawiaj\u0105 wydajno\u015b\u0107 pracy. Ich solidna konstrukcja i wysoka moc wyj\u015bciowa sprawiaj\u0105, \u017ce s\u0105 one niezb\u0119dne do zada\u0144 wymagaj\u0105cych podnoszenia i przemieszczania du\u017cych ci\u0119\u017car\u00f3w, zapewniaj\u0105c p\u0142ynn\u0105 i wydajn\u0105 prac\u0119 maszyn w wymagaj\u0105cych warunkach.<\/p>\n<p>Og\u00f3lnie rzecz bior\u0105c, si\u0142ownik hydrauliczny jest przyk\u0142adem skuteczno\u015bci uk\u0142ad\u00f3w hydraulicznych w nowoczesnych maszynach, wykazuj\u0105c ich zdolno\u015b\u0107 do wykonywania skomplikowanych zada\u0144 z zachowaniem niezawodno\u015bci i precyzji w wielu ga\u0142\u0119ziach przemys\u0142u.<\/p>\n<p><img alt=\"\" \/><\/p>\n<h2>Cz\u0119sto zadawane pytania<\/h2>\n<p><span>P: Czy jeste\u015b firm\u0105 handlow\u0105 lub produkcyjn\u0105?<\/span><br \/>\n<span>A: Jeste\u015bmy fabryk\u0105.<\/span><br \/>\n<span>P: Jak d\u0142ugi jest czas dostawy?<\/span><br \/>\n<span>A: Zazwyczaj jest to 25\u201335 dni.<\/span><br \/>\n<span>P: Czy udost\u0119pniacie pr\u00f3bki? Czy s\u0105 one bezp\u0142atne, czy dodatkowo p\u0142atne?<\/span><br \/>\n<span>O: Tak, mogliby\u015bmy zaoferowa\u0107 pr\u00f3bk\u0119, ale nie jest ona darmowa.<\/span><\/p>\n<h3>O FMP<\/h3>\n<p class=\"break-words\">FMP jest wiod\u0105cym w\u0142oskim producentem specjalizuj\u0105cym si\u0119 w projektowaniu, rozwoju i produkcji wysokiej jako\u015bci cylindr\u00f3w hydraulicznych. Dzi\u0119ki bogatemu dziedzictwu zakorzenionemu w dziesi\u0119cioleciach do\u015bwiadczenia, z dum\u0105 \u0142\u0105czymy w\u0142oskie rzemios\u0142o z najnowocze\u015bniejsz\u0105 technologi\u0105, aby dostarcza\u0107 wyj\u0105tkowe rozwi\u0105zania hydrauliczne dostosowane do zr\u00f3\u017cnicowanych potrzeb naszych globalnych klient\u00f3w. Maj\u0105c siedzib\u0119 we W\u0142oszech, w centrum doskona\u0142o\u015bci in\u017cynieryjnej, FMP jest zaufan\u0105 mark\u0105 w bran\u017cy hydraulicznej, zobowi\u0105zan\u0105 do dostarczania niezawodnych, trwa\u0142ych i innowacyjnych produkt\u00f3w, kt\u00f3re wzmacniaj\u0105 firmy na ca\u0142ym \u015bwiecie.<\/p>\n<p class=\"break-words\">Nasza firma integruje najlepsze tradycje zaawansowanej produkcji z przysz\u0142o\u015bciowym podej\u015bciem. Korzystaj\u0105c z wieloletniego do\u015bwiadczenia w systemach hydraulicznych, FMP przekszta\u0142ci\u0142o si\u0119 w nowoczesne przedsi\u0119biorstwo, kt\u00f3re wyr\u00f3\u017cnia si\u0119 w badaniach, projektowaniu i produkcji. Specjalizujemy si\u0119 w szerokiej gamie cylindr\u00f3w hydraulicznych, w tym cylindrach dwustronnego dzia\u0142ania, cylindrach podnosz\u0105cych do samochod\u00f3w, cylindrach do maszyn rolniczych i rozwi\u0105zaniach projektowanych na zam\u00f3wienie do r\u00f3\u017cnych zastosowa\u0144 przemys\u0142owych. Niezale\u017cnie od tego, czy chodzi o budownictwo, instalacje przemys\u0142owe, rolnictwo czy ci\u0119\u017cki sprz\u0119t, nasze cylindry hydrauliczne s\u0105 zbudowane tak, aby dzia\u0142a\u0142y w najtrudniejszych warunkach, zapewniaj\u0105c bezpiecze\u0144stwo, wydajno\u015b\u0107 i d\u0142ugowieczno\u015b\u0107.<\/p>\n<p><img loading=\"lazy\" decoding=\"async\" class=\"alignnone size-full wp-image-6720\" src=\"https:\/\/fmp-components.com\/wp-content\/uploads\/2025\/03\/hydraulic-cylinder-8.webp\" alt=\"Si\u0142owniki hydrauliczne teleskopowe\" width=\"933\" height=\"526\" title=\"\" srcset=\"https:\/\/fmp-components.com\/wp-content\/uploads\/2025\/03\/hydraulic-cylinder-8.webp 933w, https:\/\/fmp-components.com\/wp-content\/uploads\/2025\/03\/hydraulic-cylinder-8-480x271.webp 480w\" sizes=\"(min-width: 0px) and (max-width: 480px) 480px, (min-width: 481px) 933px, 100vw\" \/><\/p>\n<p class=\"break-words\">W FMP jeste\u015bmy dumni z naszych najnowocze\u015bniejszych zak\u0142ad\u00f3w produkcyjnych, wyposa\u017conych w precyzyjne maszyny i zaawansowane systemy testowe. Nasze procesy produkcyjne s\u0105 zgodne z rygorystycznymi normami krajowymi i mi\u0119dzynarodowymi, co zapewnia, \u017ce ka\u017cdy cylinder hydrauliczny opuszczaj\u0105cy nasz\u0105 fabryk\u0119 jest najwy\u017cszej jako\u015bci i niezawodno\u015bci. Nasz wykwalifikowany zesp\u00f3\u0142 techniczny w po\u0142\u0105czeniu z najnowocze\u015bniejszym sprz\u0119tem pozwala nam zachowa\u0107 \u015bcis\u0142\u0105 kontrol\u0119 jako\u015bci na ka\u017cdym etapie produkcji \u2014 od wyboru surowca po ko\u0144cow\u0105 kontrol\u0119. To oddanie doskona\u0142o\u015bci przynios\u0142o nam certyfikaty i uznanie autorytet\u00f3w bran\u017cowych, co dodatkowo umocni\u0142o nasz\u0105 reputacj\u0119 niezawodnego partnera.<\/p>\n<p class=\"break-words\">Nasza misja jest prosta, ale ambitna: dostarcza\u0107 naszym klientom cylindry hydrauliczne, kt\u00f3re przekraczaj\u0105 oczekiwania pod wzgl\u0119dem wydajno\u015bci, trwa\u0142o\u015bci i warto\u015bci. Dzia\u0142amy zgodnie z zasadami profesjonalizmu, uczciwo\u015bci i skupienia na kliencie. Poprzez promowanie kultury innowacji i precyzji nieustannie udoskonalamy nasze produkty, aby utrzyma\u0107 si\u0119 na czele konkurencyjnego rynku. Nasza kompleksowa oferta produkt\u00f3w i zdolno\u015b\u0107 do oferowania dostosowanych rozwi\u0105za\u0144 sprawiaj\u0105, \u017ce jeste\u015bmy pierwszym wyborem dla firm poszukuj\u0105cych wysokowydajnych cylindr\u00f3w hydraulicznych.<\/p>\n<p class=\"break-words\">FMP to co\u015b wi\u0119cej ni\u017c tylko producent \u2014 jeste\u015bmy partnerem w Twoim sukcesie. Rozumiemy, \u017ce nasi klienci polegaj\u0105 na nas, je\u015bli chodzi o dostarczanie narz\u0119dzi, kt\u00f3re zwi\u0119kszaj\u0105 ich produktywno\u015b\u0107 i bezpiecze\u0144stwo. Dlatego te\u017c jeste\u015bmy zobowi\u0105zani do oferowania nie tylko produkt\u00f3w najwy\u017cszej klasy, ale tak\u017ce wyj\u0105tkowej obs\u0142ugi. Od wst\u0119pnych konsultacji po wsparcie posprzeda\u017cowe, \u015bci\u015ble wsp\u00f3\u0142pracujemy z naszymi klientami, aby zapewni\u0107, \u017ce ich potrzeby s\u0105 spe\u0142niane z profesjonalizmem i trosk\u0105. Nasze konkurencyjne ceny w po\u0142\u0105czeniu z naszym niezachwianym zaanga\u017cowaniem w jako\u015b\u0107 sprawiaj\u0105, \u017ce FMP jest m\u0105drym wyborem dla firm, kt\u00f3re chc\u0105 zainwestowa\u0107 w rozwi\u0105zania hydrauliczne, kt\u00f3rym mog\u0105 zaufa\u0107.<\/p>","protected":false},"excerpt":{"rendered":"<p>Premium Quality Dump Truck Hydraulic Hoist Cylinder Our Premium Quality Dump Truck Hydraulic Hoist Cylinder is a double acting hydraulic cylinder that delivers top-notch performance in all applicable industries. Whether you are into machinery repair, farming, energy and mining, machinery manufacturing, or you own a machinery factory, this hydraulic cylinder is crafted to serve your [&hellip;]<\/p>","protected":false},"featured_media":6789,"comment_status":"closed","ping_status":"closed","template":"","meta":{"_et_pb_use_builder":"","_et_pb_old_content":"","_et_gb_content_width":""},"product_brand":[],"product_cat":[103],"product_tag":[34,105],"class_list":{"0":"post-6621","1":"product","2":"type-product","3":"status-publish","4":"has-post-thumbnail","6":"product_cat-telescopic-hydraulic-cylinders","7":"product_tag-hydraulic-cylinder","8":"product_tag-telescopic-hydraulic-cylinders","10":"first","11":"instock","12":"product-type-simple"},"_links":{"self":[{"href":"https:\/\/fmp-components.com\/pl\/wp-json\/wp\/v2\/product\/6621","targetHints":{"allow":["GET"]}}],"collection":[{"href":"https:\/\/fmp-components.com\/pl\/wp-json\/wp\/v2\/product"}],"about":[{"href":"https:\/\/fmp-components.com\/pl\/wp-json\/wp\/v2\/types\/product"}],"replies":[{"embeddable":true,"href":"https:\/\/fmp-components.com\/pl\/wp-json\/wp\/v2\/comments?post=6621"}],"wp:featuredmedia":[{"embeddable":true,"href":"https:\/\/fmp-components.com\/pl\/wp-json\/wp\/v2\/media\/6789"}],"wp:attachment":[{"href":"https:\/\/fmp-components.com\/pl\/wp-json\/wp\/v2\/media?parent=6621"}],"wp:term":[{"taxonomy":"product_brand","embeddable":true,"href":"https:\/\/fmp-components.com\/pl\/wp-json\/wp\/v2\/product_brand?post=6621"},{"taxonomy":"product_cat","embeddable":true,"href":"https:\/\/fmp-components.com\/pl\/wp-json\/wp\/v2\/product_cat?post=6621"},{"taxonomy":"product_tag","embeddable":true,"href":"https:\/\/fmp-components.com\/pl\/wp-json\/wp\/v2\/product_tag?post=6621"}],"curies":[{"name":"wp","href":"https:\/\/api.w.org\/{rel}","templated":true}]}}