{"id":6614,"date":"2025-03-11T06:33:57","date_gmt":"2025-03-11T06:33:57","guid":{"rendered":"https:\/\/fmp-components.com\/product\/quality-assurance-hydraulic-cylinder-double-acting-5-stage-hydraulic-telescopic-cylinder"},"modified":"2025-03-14T00:49:46","modified_gmt":"2025-03-14T00:49:46","slug":"quality-assurance-hydraulic-cylinder-double-acting-5-stage-hydraulic-telescopic-cylinder","status":"publish","type":"product","link":"https:\/\/fmp-components.com\/pl\/product\/quality-assurance-hydraulic-cylinder-double-acting-5-stage-hydraulic-telescopic-cylinder\/","title":{"rendered":"Zapewnienie jako\u015bci Si\u0142ownik hydrauliczny dwustronnego dzia\u0142ania 5-stopniowy hydrauliczny si\u0142ownik teleskopowy"},"content":{"rendered":"<h2>Zapewnienie jako\u015bci Si\u0142ownik hydrauliczny dwustronnego dzia\u0142ania 5-stopniowy hydrauliczny si\u0142ownik teleskopowy<\/h2>\n<p>Przedstawiamy nasz si\u0142ownik hydrauliczny dwustronnego dzia\u0142ania, 5-stopniowy si\u0142ownik teleskopowy z certyfikatem kontroli jako\u015bci, najnowocze\u015bniejszy produkt przeznaczony do r\u00f3\u017cnych zastosowa\u0144 w bran\u017cach takich jak warsztaty naprawcze maszyn, gospodarstwa rolne, energetyka i g\u00f3rnictwo, produkcja maszyn oraz fabryki maszyn. Ten si\u0142ownik hydrauliczny zosta\u0142 zaprojektowany z my\u015bl\u0105 o najwy\u017cszych standardach jako\u015bci, co gwarantuje solidne i niezawodne dzia\u0142anie.<\/p>\n<h3>Cechy i zalety produktu<\/h3>\n<ul>\n<li>Dwustronne dzia\u0142anie \u2013 umo\u017cliwia kontrol\u0119 zar\u00f3wno wysuwania, jak i wsuwania pr\u0119ta, gwarantuj\u0105c wi\u0119ksze bezpiecze\u0144stwo i precyzj\u0119 dzia\u0142ania.<\/li>\n<li>5-stopniowa konstrukcja teleskopowa \u2013 zapewnia d\u0142u\u017cszy skok roboczy ni\u017c cylinder jednostopniowy o tej samej d\u0142ugo\u015bci zamkni\u0119tej.<\/li>\n<li>Materia\u0142 korpusu wykonany ze stali \u2013 gwarantuje trwa\u0142o\u015b\u0107 i d\u0142ugotrwa\u0142\u0105 wydajno\u015b\u0107 nawet w trudnych warunkach pracy.<\/li>\n<li>Wysoka wydajno\u015b\u0107 \u2013 dzi\u0119ki maksymalnej sile ci\u0105gu 3000 i maksymalnej sile uci\u0105gu 20 ton ten si\u0142ownik hydrauliczny mo\u017ce by\u0107 stosowany w trudnych warunkach.<\/li>\n<li>Gwarancja jako\u015bci \u2013 nasz si\u0142ownik hydrauliczny obj\u0119ty jest roczn\u0105 gwarancj\u0105 na g\u0142\u00f3wne podzespo\u0142y, dostarczamy raporty z test\u00f3w i posiadamy certyfikat ISO9001:2000.<\/li>\n<\/ul>\n<h3>Dane techniczne<\/h3>\n<table style=\"width: 101.022%;\" border=\"\">\n<tbody>\n<tr>\n<td style=\"width: 42.8571%;\"><i>Rozmiar otworu<\/i><\/td>\n<td style=\"width: 411.429%;\">2-6 cali<\/td>\n<\/tr>\n<tr>\n<td style=\"width: 42.8571%;\"><i>Rozmiar pr\u0119ta<\/i><\/td>\n<td style=\"width: 411.429%;\">1,125-4 cale<\/td>\n<\/tr>\n<tr>\n<td style=\"width: 42.8571%;\"><i>Rozmiar poci\u0105gni\u0119cia<\/i><\/td>\n<td style=\"width: 411.429%;\">4-100 cali<\/td>\n<\/tr>\n<tr>\n<td style=\"width: 42.8571%;\"><i>Rozmiar szpilki<\/i><\/td>\n<td style=\"width: 411.429%;\">0,5-2 cale<\/td>\n<\/tr>\n<tr>\n<td style=\"width: 42.8571%;\"><i>Porty<\/i><\/td>\n<td style=\"width: 411.429%;\">G\/SAE\/NPT\/M<\/td>\n<\/tr>\n<\/tbody>\n<\/table>\n<h2>Zastosowanie cylindr\u00f3w hydraulicznych<\/h2>\n<p>Nasze si\u0142owniki hydrauliczne s\u0105 szeroko wykorzystywane w r\u00f3\u017cnorodnych zastosowaniach, co potwierdza ich wszechstronno\u015b\u0107 i skuteczno\u015b\u0107 w r\u00f3\u017cnych sektorach. Od warsztat\u00f3w naprawczych maszyn, przez rolnictwo, energetyk\u0119, g\u00f3rnictwo, produkcj\u0119 maszyn, po fabryki przemys\u0142owe \u2013 si\u0142owniki te odgrywaj\u0105 kluczow\u0105 rol\u0119 w realizacji zada\u0144 wymagaj\u0105cych du\u017cej si\u0142y i precyzji.<\/p>\n<p>Jedn\u0105 z kluczowych cech naszych si\u0142ownik\u00f3w hydraulicznych jest ich wielostopniowa konstrukcja, kt\u00f3ra pozwala im generowa\u0107 du\u017c\u0105 moc przy zachowaniu kompaktowych rozmiar\u00f3w. Dzi\u0119ki temu idealnie nadaj\u0105 si\u0119 do zastosowa\u0144 wymagaj\u0105cych du\u017cej si\u0142y na du\u017c\u0105 odleg\u0142o\u015b\u0107. Na przyk\u0142ad, w warsztatach naprawczych maszyn, si\u0142owniki hydrauliczne s\u0142u\u017c\u0105 do podnoszenia ci\u0119\u017ckiego sprz\u0119tu w celu konserwacji i napraw, zapewniaj\u0105c bezpiecze\u0144stwo i wydajno\u015b\u0107 podczas ca\u0142ego procesu.<\/p>\n<p>W rolnictwie si\u0142owniki te wspomagaj\u0105 obs\u0142ug\u0119 maszyn rolniczych, takich jak traktory i kombajny, umo\u017cliwiaj\u0105c rolnikom \u0142atwe wykonywanie zada\u0144, takich jak podnoszenie p\u0142ug\u00f3w czy regulacja sprz\u0119tu. Sektor rolniczy czerpie ogromne korzy\u015bci z du\u017cej mocy si\u0142ownik\u00f3w hydraulicznych, co zwi\u0119ksza wydajno\u015b\u0107 i ogranicza konieczno\u015b\u0107 pracy r\u0119cznej.<\/p>\n<p>W przemy\u015ble energetycznym i g\u00f3rniczym si\u0142owniki hydrauliczne s\u0105 niezb\u0119dne do obs\u0142ugi ci\u0119\u017ckiego sprz\u0119tu wykorzystywanego do wiercenia, wykop\u00f3w i transportu materia\u0142\u00f3w. Zapewniaj\u0105 one si\u0142\u0119 niezb\u0119dn\u0105 do przemieszczania du\u017cych ilo\u015bci ziemi lub materia\u0142\u00f3w, zwi\u0119kszaj\u0105c bezpiecze\u0144stwo i wydajno\u015b\u0107 operacji. Ponadto, w produkcji maszyn i fabrykach, si\u0142owniki hydrauliczne stanowi\u0105 integraln\u0105 cz\u0119\u015b\u0107 linii monta\u017cowych, gdzie u\u0142atwiaj\u0105 przemieszczanie i rozmieszczanie komponent\u00f3w, przyczyniaj\u0105c si\u0119 do usprawnienia proces\u00f3w produkcyjnych.<\/p>\n<p><img loading=\"lazy\" decoding=\"async\" class=\"alignnone size-full wp-image-6788\" src=\"https:\/\/fmp-components.com\/wp-content\/uploads\/2025\/03\/Telescopic-Hydraulic-Cylinders-4.webp\" alt=\"Si\u0142owniki hydrauliczne teleskopowe\" width=\"800\" height=\"800\" title=\"\" srcset=\"https:\/\/fmp-components.com\/wp-content\/uploads\/2025\/03\/Telescopic-Hydraulic-Cylinders-4.webp 800w, https:\/\/fmp-components.com\/wp-content\/uploads\/2025\/03\/Telescopic-Hydraulic-Cylinders-4-480x480.webp 480w\" sizes=\"(min-width: 0px) and (max-width: 480px) 480px, (min-width: 481px) 800px, 100vw\" \/><\/p>\n<h2>Si\u0142owniki hydrauliczne i agregaty nap\u0119dowe<\/h2>\n<p>Si\u0142owniki hydrauliczne i agregaty pr\u0105dotw\u00f3rcze to podstawowe elementy ka\u017cdego uk\u0142adu hydraulicznego, harmonijnie wsp\u00f3\u0142pracuj\u0105ce ze sob\u0105, aby zmaksymalizowa\u0107 efektywno\u015b\u0107 technologii hydraulicznej w zastosowaniach przemys\u0142owych. Si\u0142ownik hydrauliczny pe\u0142ni funkcj\u0119 si\u0142ownika, przekszta\u0142caj\u0105c ci\u015bnienie hydrauliczne w ruch mechaniczny, natomiast agregat pr\u0105dotw\u00f3rczy generuje i reguluje ci\u015bnienie p\u0142ynu hydraulicznego niezb\u0119dne do dzia\u0142ania si\u0142ownika.<\/p>\n<p>Razem te komponenty zapewniaj\u0105 niezawodne zasilanie i precyzyjne sterowanie uk\u0142adami hydraulicznymi w r\u00f3\u017cnych urz\u0105dzeniach in\u017cynieryjnych i mechanicznych. Wsp\u00f3\u0142praca si\u0142ownik\u00f3w hydraulicznych z agregatami umo\u017cliwia szeroki zakres zastosowa\u0144, od podnoszenia i pchania, po zaciskanie i gi\u0119cie, co czyni je niezb\u0119dnymi w nowoczesnym przemy\u015ble wytw\u00f3rczym, budownictwie i wydobyciu surowc\u00f3w.<\/p>\n<p>Co wi\u0119cej, ich \u0142\u0105czna wydajno\u015b\u0107 nie tylko zwi\u0119ksza produktywno\u015b\u0107, ale tak\u017ce zapewnia bezpiecze\u0144stwo i precyzj\u0119 dzia\u0142ania. Wykorzystuj\u0105c zalety technologii hydraulicznej, przemys\u0142 mo\u017ce osi\u0105gn\u0105\u0107 wy\u017cszy poziom wydajno\u015bci, skr\u00f3ci\u0107 przestoje i poprawi\u0107 og\u00f3ln\u0105 wydajno\u015b\u0107 operacyjn\u0105. Ta symbiotyczna relacja mi\u0119dzy si\u0142ownikami hydraulicznymi a agregatami nap\u0119dowymi ilustruje kluczow\u0105 rol\u0119, jak\u0105 systemy hydrauliczne odgrywaj\u0105 w rozwoju potencja\u0142u przemys\u0142owego i innowacji.<\/p>\n<h2>Cz\u0119sto zadawane pytania<\/h2>\n<p><b>P: Jak d\u0142ugi jest czas dostawy?<\/b><br \/>\nA: Zazwyczaj jest to 25\u201335 dni.<\/p>\n<p><b>P: Czy dostarczacie pr\u00f3bki? Czy s\u0105 darmowe czy dodatkowe?<\/b><br \/>\nO: Tak, mogliby\u015bmy zaoferowa\u0107 pr\u00f3bk\u0119, ale nie jest ona darmowa.<\/p>\n<p><b>Czy mo\u017cesz produkowa\u0107 na podstawie pr\u00f3bek?<\/b><br \/>\nA: Tak, mo\u017cemy produkowa\u0107 na podstawie Twoich pr\u00f3bek lub rysunk\u00f3w technicznych. Mo\u017cemy budowa\u0107 formy i urz\u0105dzenia.<\/p>\n<h3>O FMP<\/h3>\n<p class=\"break-words\">FMP jest wiod\u0105cym w\u0142oskim producentem specjalizuj\u0105cym si\u0119 w projektowaniu, rozwoju i produkcji wysokiej jako\u015bci cylindr\u00f3w hydraulicznych. Dzi\u0119ki bogatemu dziedzictwu zakorzenionemu w dziesi\u0119cioleciach do\u015bwiadczenia, z dum\u0105 \u0142\u0105czymy w\u0142oskie rzemios\u0142o z najnowocze\u015bniejsz\u0105 technologi\u0105, aby dostarcza\u0107 wyj\u0105tkowe rozwi\u0105zania hydrauliczne dostosowane do zr\u00f3\u017cnicowanych potrzeb naszych globalnych klient\u00f3w. Maj\u0105c siedzib\u0119 we W\u0142oszech, w centrum doskona\u0142o\u015bci in\u017cynieryjnej, FMP jest zaufan\u0105 mark\u0105 w bran\u017cy hydraulicznej, zobowi\u0105zan\u0105 do dostarczania niezawodnych, trwa\u0142ych i innowacyjnych produkt\u00f3w, kt\u00f3re wzmacniaj\u0105 firmy na ca\u0142ym \u015bwiecie.<\/p>\n<p class=\"break-words\">Nasza firma integruje najlepsze tradycje zaawansowanej produkcji z przysz\u0142o\u015bciowym podej\u015bciem. Korzystaj\u0105c z wieloletniego do\u015bwiadczenia w systemach hydraulicznych, FMP przekszta\u0142ci\u0142o si\u0119 w nowoczesne przedsi\u0119biorstwo, kt\u00f3re wyr\u00f3\u017cnia si\u0119 w badaniach, projektowaniu i produkcji. Specjalizujemy si\u0119 w szerokiej gamie cylindr\u00f3w hydraulicznych, w tym cylindrach dwustronnego dzia\u0142ania, cylindrach podnosz\u0105cych do samochod\u00f3w, cylindrach do maszyn rolniczych i rozwi\u0105zaniach projektowanych na zam\u00f3wienie do r\u00f3\u017cnych zastosowa\u0144 przemys\u0142owych. Niezale\u017cnie od tego, czy chodzi o budownictwo, instalacje przemys\u0142owe, rolnictwo czy ci\u0119\u017cki sprz\u0119t, nasze cylindry hydrauliczne s\u0105 zbudowane tak, aby dzia\u0142a\u0142y w najtrudniejszych warunkach, zapewniaj\u0105c bezpiecze\u0144stwo, wydajno\u015b\u0107 i d\u0142ugowieczno\u015b\u0107.<\/p>\n<p><img loading=\"lazy\" decoding=\"async\" class=\"alignnone size-full wp-image-6720\" src=\"https:\/\/fmp-components.com\/wp-content\/uploads\/2025\/03\/hydraulic-cylinder-8.webp\" alt=\"Si\u0142owniki hydrauliczne teleskopowe\" width=\"933\" height=\"526\" title=\"\" srcset=\"https:\/\/fmp-components.com\/wp-content\/uploads\/2025\/03\/hydraulic-cylinder-8.webp 933w, https:\/\/fmp-components.com\/wp-content\/uploads\/2025\/03\/hydraulic-cylinder-8-480x271.webp 480w\" sizes=\"(min-width: 0px) and (max-width: 480px) 480px, (min-width: 481px) 933px, 100vw\" \/><\/p>\n<p class=\"break-words\">W FMP jeste\u015bmy dumni z naszych najnowocze\u015bniejszych zak\u0142ad\u00f3w produkcyjnych, wyposa\u017conych w precyzyjne maszyny i zaawansowane systemy testowe. Nasze procesy produkcyjne s\u0105 zgodne z rygorystycznymi normami krajowymi i mi\u0119dzynarodowymi, co zapewnia, \u017ce ka\u017cdy cylinder hydrauliczny opuszczaj\u0105cy nasz\u0105 fabryk\u0119 jest najwy\u017cszej jako\u015bci i niezawodno\u015bci. Nasz wykwalifikowany zesp\u00f3\u0142 techniczny w po\u0142\u0105czeniu z najnowocze\u015bniejszym sprz\u0119tem pozwala nam zachowa\u0107 \u015bcis\u0142\u0105 kontrol\u0119 jako\u015bci na ka\u017cdym etapie produkcji \u2014 od wyboru surowca po ko\u0144cow\u0105 kontrol\u0119. To oddanie doskona\u0142o\u015bci przynios\u0142o nam certyfikaty i uznanie autorytet\u00f3w bran\u017cowych, co dodatkowo umocni\u0142o nasz\u0105 reputacj\u0119 niezawodnego partnera.<\/p>\n<p class=\"break-words\">Nasza misja jest prosta, ale ambitna: dostarcza\u0107 naszym klientom cylindry hydrauliczne, kt\u00f3re przekraczaj\u0105 oczekiwania pod wzgl\u0119dem wydajno\u015bci, trwa\u0142o\u015bci i warto\u015bci. Dzia\u0142amy zgodnie z zasadami profesjonalizmu, uczciwo\u015bci i skupienia na kliencie. Poprzez promowanie kultury innowacji i precyzji nieustannie udoskonalamy nasze produkty, aby utrzyma\u0107 si\u0119 na czele konkurencyjnego rynku. Nasza kompleksowa oferta produkt\u00f3w i zdolno\u015b\u0107 do oferowania dostosowanych rozwi\u0105za\u0144 sprawiaj\u0105, \u017ce jeste\u015bmy pierwszym wyborem dla firm poszukuj\u0105cych wysokowydajnych cylindr\u00f3w hydraulicznych.<\/p>\n<p class=\"break-words\">FMP to co\u015b wi\u0119cej ni\u017c tylko producent \u2014 jeste\u015bmy partnerem w Twoim sukcesie. Rozumiemy, \u017ce nasi klienci polegaj\u0105 na nas, je\u015bli chodzi o dostarczanie narz\u0119dzi, kt\u00f3re zwi\u0119kszaj\u0105 ich produktywno\u015b\u0107 i bezpiecze\u0144stwo. Dlatego te\u017c jeste\u015bmy zobowi\u0105zani do oferowania nie tylko produkt\u00f3w najwy\u017cszej klasy, ale tak\u017ce wyj\u0105tkowej obs\u0142ugi. Od wst\u0119pnych konsultacji po wsparcie posprzeda\u017cowe, \u015bci\u015ble wsp\u00f3\u0142pracujemy z naszymi klientami, aby zapewni\u0107, \u017ce ich potrzeby s\u0105 spe\u0142niane z profesjonalizmem i trosk\u0105. Nasze konkurencyjne ceny w po\u0142\u0105czeniu z naszym niezachwianym zaanga\u017cowaniem w jako\u015b\u0107 sprawiaj\u0105, \u017ce FMP jest m\u0105drym wyborem dla firm, kt\u00f3re chc\u0105 zainwestowa\u0107 w rozwi\u0105zania hydrauliczne, kt\u00f3rym mog\u0105 zaufa\u0107.<\/p>","protected":false},"excerpt":{"rendered":"<p>Quality Assurance Hydraulic Cylinder Double Acting 5 Stage Hydraulic Telescopic Cylinder Introducing our Quality Assurance hydraulic cylinder Double Acting 5 Stage Hydraulic Telescopic Cylinder, a state-of-the-art product designed for various applications in industries such as machinery repair shops, farms, energy &amp; mining, machinery manufacturing, and from machinery factories. This hydraulic cylinder is built with the [&hellip;]<\/p>","protected":false},"featured_media":6788,"comment_status":"closed","ping_status":"closed","template":"","meta":{"_et_pb_use_builder":"","_et_pb_old_content":"","_et_gb_content_width":""},"product_brand":[],"product_cat":[103],"product_tag":[34,105],"class_list":{"0":"post-6614","1":"product","2":"type-product","3":"status-publish","4":"has-post-thumbnail","6":"product_cat-telescopic-hydraulic-cylinders","7":"product_tag-hydraulic-cylinder","8":"product_tag-telescopic-hydraulic-cylinders","10":"first","11":"instock","12":"product-type-simple"},"_links":{"self":[{"href":"https:\/\/fmp-components.com\/pl\/wp-json\/wp\/v2\/product\/6614","targetHints":{"allow":["GET"]}}],"collection":[{"href":"https:\/\/fmp-components.com\/pl\/wp-json\/wp\/v2\/product"}],"about":[{"href":"https:\/\/fmp-components.com\/pl\/wp-json\/wp\/v2\/types\/product"}],"replies":[{"embeddable":true,"href":"https:\/\/fmp-components.com\/pl\/wp-json\/wp\/v2\/comments?post=6614"}],"wp:featuredmedia":[{"embeddable":true,"href":"https:\/\/fmp-components.com\/pl\/wp-json\/wp\/v2\/media\/6788"}],"wp:attachment":[{"href":"https:\/\/fmp-components.com\/pl\/wp-json\/wp\/v2\/media?parent=6614"}],"wp:term":[{"taxonomy":"product_brand","embeddable":true,"href":"https:\/\/fmp-components.com\/pl\/wp-json\/wp\/v2\/product_brand?post=6614"},{"taxonomy":"product_cat","embeddable":true,"href":"https:\/\/fmp-components.com\/pl\/wp-json\/wp\/v2\/product_cat?post=6614"},{"taxonomy":"product_tag","embeddable":true,"href":"https:\/\/fmp-components.com\/pl\/wp-json\/wp\/v2\/product_tag?post=6614"}],"curies":[{"name":"wp","href":"https:\/\/api.w.org\/{rel}","templated":true}]}}