{"id":6609,"date":"2025-03-11T06:33:57","date_gmt":"2025-03-11T06:33:57","guid":{"rendered":"https:\/\/fmp-components.com\/product\/professional-double-acting-multi-stage-hydraulic-cylinder-for-press"},"modified":"2025-03-14T01:21:24","modified_gmt":"2025-03-14T01:21:24","slug":"professional-double-acting-multi-stage-hydraulic-cylinder-for-press","status":"publish","type":"product","link":"https:\/\/fmp-components.com\/pl\/product\/professional-double-acting-multi-stage-hydraulic-cylinder-for-press\/","title":{"rendered":"Profesjonalny, wielostopniowy si\u0142ownik hydrauliczny dwustronnego dzia\u0142ania do prasy"},"content":{"rendered":"<h2>Profesjonalny, dwustronnego dzia\u0142ania, wielostopniowy si\u0142ownik hydrauliczny do prasy<\/h2>\n<p>Profesjonalny, wielostopniowy si\u0142ownik hydrauliczny dwustronnego dzia\u0142ania do pras to solidny i niezawodny element w \u015bwiecie hydrauliki. Zaprojektowany z precyzj\u0105, si\u0142ownik ten idealnie nadaje si\u0119 do zastosowa\u0144 w prasach w r\u00f3\u017cnych bran\u017cach, takich jak warsztaty naprawcze maszyn, energetyka i g\u00f3rnictwo.<\/p>\n<h3>Cechy i specyfikacje produktu<\/h3>\n<p>Ten si\u0142ownik hydrauliczny charakteryzuje si\u0119 szeregiem cech, kt\u00f3re wyr\u00f3\u017cniaj\u0105 go w swojej klasie. Oferuje maksymalny nacisk 3000 i maksymaln\u0105 si\u0142\u0119 uci\u0105gu 20 ton. Si\u0142ownik jest wykonany z wytrzyma\u0142ej stali i ma \u015brednic\u0119 cylindra 2-6 cali, \u015brednic\u0119 t\u0142oczyska 1,125-4 cali i skok t\u0142oka 4-100 cali.<\/p>\n<h3>Parametry techniczne<\/h3>\n<table style=\"width: 96.4775%;\" border=\"\">\n<tbody>\n<tr>\n<th style=\"width: 43.4286%;\">Rozmiar otworu<\/th>\n<td style=\"width: 400.571%;\">2-6 cali<\/td>\n<\/tr>\n<tr>\n<th style=\"width: 43.4286%;\">Rozmiar pr\u0119ta<\/th>\n<td style=\"width: 400.571%;\">1,125-4 cale<\/td>\n<\/tr>\n<tr>\n<th style=\"width: 43.4286%;\">Rozmiar poci\u0105gni\u0119cia<\/th>\n<td style=\"width: 400.571%;\">4-100 cali<\/td>\n<\/tr>\n<tr>\n<th style=\"width: 43.4286%;\">Rozmiar szpilki<\/th>\n<td style=\"width: 400.571%;\">0,5-2 cale<\/td>\n<\/tr>\n<tr>\n<th style=\"width: 43.4286%;\">Porty<\/th>\n<td style=\"width: 400.571%;\">G\/SAE\/NPT\/M<\/td>\n<\/tr>\n<\/tbody>\n<\/table>\n<h2>Unikalne zalety<\/h2>\n<p>Ten si\u0142ownik hydrauliczny jest energooszcz\u0119dny, wydajny i bezpieczny. Jego dwustronne dzia\u0142anie pozwala na zwi\u0119kszenie wydajno\u015bci i mocy. Si\u0142ownik hydrauliczny posiada r\u00f3wnie\u017c certyfikat ISO9001:2000, co gwarantuje jako\u015b\u0107 i niezawodno\u015b\u0107.<\/p>\n<h2>Uk\u0142ady hydrauliczne i zasady dzia\u0142ania<\/h2>\n<p>Si\u0142owniki hydrauliczne s\u0105 podstawowym elementem ka\u017cdego uk\u0142adu hydraulicznego, odgrywaj\u0105c kluczow\u0105 rol\u0119 w przekszta\u0142caniu energii hydraulicznej w ruch mechaniczny. Przekszta\u0142cenie to odbywa si\u0119 poprzez zastosowanie p\u0142ynu hydraulicznego, kt\u00f3ry jest spr\u0119\u017cany i kierowany do cylindra. Wp\u0142ywaj\u0105c, p\u0142yn wywiera si\u0142\u0119 na t\u0142ok wewn\u0105trz cylindra, powoduj\u0105c jego ruch. Ruch ten przekszta\u0142ca si\u0119 w ruch liniowy, kt\u00f3ry mo\u017cna wykorzysta\u0107 do wykonywania r\u00f3\u017cnorodnych zada\u0144 przemys\u0142owych, od podnoszenia ci\u0119\u017ckich \u0142adunk\u00f3w po precyzyjn\u0105 obs\u0142ug\u0119 maszyn.<\/p>\n<p>Jednym z najbardziej wszechstronnych typ\u00f3w si\u0142ownik\u00f3w hydraulicznych jest si\u0142ownik hydrauliczny dwustronnego dzia\u0142ania. W przeciwie\u0144stwie do si\u0142ownik\u00f3w jednostronnego dzia\u0142ania, kt\u00f3re poruszaj\u0105 si\u0119 tylko w jednym kierunku, si\u0142owniki dwustronnego dzia\u0142ania mog\u0105 si\u0119 wysuwa\u0107 i wsuwa\u0107, wykorzystuj\u0105c si\u0142\u0119 hydrauliczn\u0105 w obu kierunkach. Dzi\u0119ki temu idealnie nadaj\u0105 si\u0119 do szerokiego zakresu zastosowa\u0144, w tym maszyn budowlanych, podno\u015bnik\u00f3w samochodowych i urz\u0105dze\u0144 do transportu materia\u0142\u00f3w. Mo\u017cliwo\u015b\u0107 sterowania ruchem w obu kierunkach zapewnia wi\u0119ksz\u0105 elastyczno\u015b\u0107 i wydajno\u015b\u0107 pracy, dzi\u0119ki czemu si\u0142owniki dwustronnego dzia\u0142ania s\u0105 preferowanym wyborem w wielu zastosowaniach przemys\u0142owych.<\/p>\n<p><img loading=\"lazy\" decoding=\"async\" class=\"alignnone size-full wp-image-6795\" src=\"https:\/\/fmp-components.com\/wp-content\/uploads\/2025\/03\/Telescopic-Hydraulic-Cylinders-11.webp\" alt=\"Si\u0142owniki hydrauliczne teleskopowe\" width=\"800\" height=\"800\" title=\"\" srcset=\"https:\/\/fmp-components.com\/wp-content\/uploads\/2025\/03\/Telescopic-Hydraulic-Cylinders-11.webp 800w, https:\/\/fmp-components.com\/wp-content\/uploads\/2025\/03\/Telescopic-Hydraulic-Cylinders-11-480x480.webp 480w\" sizes=\"(min-width: 0px) and (max-width: 480px) 480px, (min-width: 481px) 800px, 100vw\" \/><\/p>\n<h2>Si\u0142owniki hydrauliczne i agregaty nap\u0119dowe<\/h2>\n<p>Si\u0142owniki hydrauliczne i agregaty hydrauliczne to kluczowe elementy uk\u0142adu hydraulicznego, wsp\u00f3\u0142pracuj\u0105ce ze sob\u0105 w celu efektywnego wykorzystania mocy hydrauliki. Si\u0142ownik hydrauliczny pe\u0142ni funkcj\u0119 si\u0142ownika, przekszta\u0142caj\u0105c ci\u015bnienie hydrauliczne generowane przez agregat w ruch mechaniczny. Natomiast agregat odpowiada za generowanie i regulacj\u0119 ci\u015bnienia p\u0142ynu hydraulicznego, dostarczaj\u0105c uk\u0142adowi niezb\u0119dn\u0105 energi\u0119.<\/p>\n<p>Ta wsp\u00f3\u0142praca jest niezb\u0119dna dla szerokiego zastosowania technologii hydraulicznej w ca\u0142ym sektorze przemys\u0142owym. Si\u0142owniki hydrauliczne i agregaty pr\u0105dotw\u00f3rcze zapewniaj\u0105 niezawodne zasilanie i precyzyjn\u0105 kontrol\u0119 dla r\u00f3\u017cnych urz\u0105dze\u0144 in\u017cynieryjnych i mechanicznych. Na przyk\u0142ad, w \u015brodowiskach produkcyjnych, synergia ta umo\u017cliwia obs\u0142ug\u0119 pras, przeno\u015bnik\u00f3w i system\u00f3w robotycznych, zwi\u0119kszaj\u0105c produktywno\u015b\u0107 i wydajno\u015b\u0107.<\/p>\n<p>Co wi\u0119cej, integracja si\u0142ownik\u00f3w hydraulicznych z agregatami umo\u017cliwia realizacj\u0119 z\u0142o\u017conych zada\u0144 wymagaj\u0105cych zar\u00f3wno si\u0142y, jak i precyzji. Reguluj\u0105c ci\u015bnienie i przep\u0142yw p\u0142ynu hydraulicznego, operatorzy mog\u0105 uzyska\u0107 precyzyjn\u0105 kontrol\u0119 nad ruchami, dzi\u0119ki czemu uk\u0142ady hydrauliczne nadaj\u0105 si\u0119 do zastosowa\u0144 od podnoszenia ci\u0119\u017ckich \u0142adunk\u00f3w po skomplikowane procesy monta\u017cowe.<\/p>\n<p>Podsumowuj\u0105c, po\u0142\u0105czenie si\u0142ownik\u00f3w hydraulicznych i agregat\u00f3w jest przyk\u0142adem skuteczno\u015bci uk\u0142ad\u00f3w hydraulicznych w nowoczesnych zastosowaniach przemys\u0142owych. Ich zdolno\u015b\u0107 do bezproblemowej wsp\u00f3\u0142pracy gwarantuje, \u017ce przedsi\u0119biorstwa mog\u0105 wykorzysta\u0107 technologi\u0119 hydrauliczn\u0105 do poprawy wydajno\u015bci operacyjnej, zwi\u0119kszenia bezpiecze\u0144stwa i zwi\u0119kszenia og\u00f3lnej wydajno\u015bci w szerokiej gamie zastosowa\u0144.<\/p>\n<h2>Cz\u0119sto zadawane pytania<\/h2>\n<p>P: Czy jeste\u015b firm\u0105 handlow\u0105 lub produkcyjn\u0105?<br \/>\nA: Jeste\u015bmy fabryk\u0105.<\/p>\n<p>P: Jak d\u0142ugi jest czas dostawy?<br \/>\nA: Zazwyczaj trwa to 25\u201335 dni.<\/p>\n<p>P: Czy mo\u017cecie produkowa\u0107 na podstawie pr\u00f3bek?<br \/>\nA: Tak, mo\u017cemy produkowa\u0107 na podstawie Twoich pr\u00f3bek lub rysunk\u00f3w technicznych. Mo\u017cemy budowa\u0107 formy i urz\u0105dzenia.<\/p>\n<h3>O FMP<\/h3>\n<p class=\"break-words\">FMP jest wiod\u0105cym w\u0142oskim producentem specjalizuj\u0105cym si\u0119 w projektowaniu, rozwoju i produkcji wysokiej jako\u015bci cylindr\u00f3w hydraulicznych. Dzi\u0119ki bogatemu dziedzictwu zakorzenionemu w dziesi\u0119cioleciach do\u015bwiadczenia, z dum\u0105 \u0142\u0105czymy w\u0142oskie rzemios\u0142o z najnowocze\u015bniejsz\u0105 technologi\u0105, aby dostarcza\u0107 wyj\u0105tkowe rozwi\u0105zania hydrauliczne dostosowane do zr\u00f3\u017cnicowanych potrzeb naszych globalnych klient\u00f3w. Maj\u0105c siedzib\u0119 we W\u0142oszech, w centrum doskona\u0142o\u015bci in\u017cynieryjnej, FMP jest zaufan\u0105 mark\u0105 w bran\u017cy hydraulicznej, zobowi\u0105zan\u0105 do dostarczania niezawodnych, trwa\u0142ych i innowacyjnych produkt\u00f3w, kt\u00f3re wzmacniaj\u0105 firmy na ca\u0142ym \u015bwiecie.<\/p>\n<p class=\"break-words\">Nasza firma integruje najlepsze tradycje zaawansowanej produkcji z przysz\u0142o\u015bciowym podej\u015bciem. Korzystaj\u0105c z wieloletniego do\u015bwiadczenia w systemach hydraulicznych, FMP przekszta\u0142ci\u0142o si\u0119 w nowoczesne przedsi\u0119biorstwo, kt\u00f3re wyr\u00f3\u017cnia si\u0119 w badaniach, projektowaniu i produkcji. Specjalizujemy si\u0119 w szerokiej gamie cylindr\u00f3w hydraulicznych, w tym cylindrach dwustronnego dzia\u0142ania, cylindrach podnosz\u0105cych do samochod\u00f3w, cylindrach do maszyn rolniczych i rozwi\u0105zaniach projektowanych na zam\u00f3wienie do r\u00f3\u017cnych zastosowa\u0144 przemys\u0142owych. Niezale\u017cnie od tego, czy chodzi o budownictwo, instalacje przemys\u0142owe, rolnictwo czy ci\u0119\u017cki sprz\u0119t, nasze cylindry hydrauliczne s\u0105 zbudowane tak, aby dzia\u0142a\u0142y w najtrudniejszych warunkach, zapewniaj\u0105c bezpiecze\u0144stwo, wydajno\u015b\u0107 i d\u0142ugowieczno\u015b\u0107.<\/p>\n<p><img loading=\"lazy\" decoding=\"async\" class=\"alignnone size-full wp-image-6720\" src=\"https:\/\/fmp-components.com\/wp-content\/uploads\/2025\/03\/hydraulic-cylinder-8.webp\" alt=\"Si\u0142owniki hydrauliczne teleskopowe\" width=\"933\" height=\"526\" title=\"\" srcset=\"https:\/\/fmp-components.com\/wp-content\/uploads\/2025\/03\/hydraulic-cylinder-8.webp 933w, https:\/\/fmp-components.com\/wp-content\/uploads\/2025\/03\/hydraulic-cylinder-8-480x271.webp 480w\" sizes=\"(min-width: 0px) and (max-width: 480px) 480px, (min-width: 481px) 933px, 100vw\" \/><\/p>\n<p class=\"break-words\">W FMP jeste\u015bmy dumni z naszych najnowocze\u015bniejszych zak\u0142ad\u00f3w produkcyjnych, wyposa\u017conych w precyzyjne maszyny i zaawansowane systemy testowe. Nasze procesy produkcyjne s\u0105 zgodne z rygorystycznymi normami krajowymi i mi\u0119dzynarodowymi, co zapewnia, \u017ce ka\u017cdy cylinder hydrauliczny opuszczaj\u0105cy nasz\u0105 fabryk\u0119 jest najwy\u017cszej jako\u015bci i niezawodno\u015bci. Nasz wykwalifikowany zesp\u00f3\u0142 techniczny w po\u0142\u0105czeniu z najnowocze\u015bniejszym sprz\u0119tem pozwala nam zachowa\u0107 \u015bcis\u0142\u0105 kontrol\u0119 jako\u015bci na ka\u017cdym etapie produkcji \u2014 od wyboru surowca po ko\u0144cow\u0105 kontrol\u0119. To oddanie doskona\u0142o\u015bci przynios\u0142o nam certyfikaty i uznanie autorytet\u00f3w bran\u017cowych, co dodatkowo umocni\u0142o nasz\u0105 reputacj\u0119 niezawodnego partnera.<\/p>\n<p class=\"break-words\">Nasza misja jest prosta, ale ambitna: dostarcza\u0107 naszym klientom cylindry hydrauliczne, kt\u00f3re przekraczaj\u0105 oczekiwania pod wzgl\u0119dem wydajno\u015bci, trwa\u0142o\u015bci i warto\u015bci. Dzia\u0142amy zgodnie z zasadami profesjonalizmu, uczciwo\u015bci i skupienia na kliencie. Poprzez promowanie kultury innowacji i precyzji nieustannie udoskonalamy nasze produkty, aby utrzyma\u0107 si\u0119 na czele konkurencyjnego rynku. Nasza kompleksowa oferta produkt\u00f3w i zdolno\u015b\u0107 do oferowania dostosowanych rozwi\u0105za\u0144 sprawiaj\u0105, \u017ce jeste\u015bmy pierwszym wyborem dla firm poszukuj\u0105cych wysokowydajnych cylindr\u00f3w hydraulicznych.<\/p>\n<p class=\"break-words\">FMP to co\u015b wi\u0119cej ni\u017c tylko producent \u2014 jeste\u015bmy partnerem w Twoim sukcesie. Rozumiemy, \u017ce nasi klienci polegaj\u0105 na nas, je\u015bli chodzi o dostarczanie narz\u0119dzi, kt\u00f3re zwi\u0119kszaj\u0105 ich produktywno\u015b\u0107 i bezpiecze\u0144stwo. Dlatego te\u017c jeste\u015bmy zobowi\u0105zani do oferowania nie tylko produkt\u00f3w najwy\u017cszej klasy, ale tak\u017ce wyj\u0105tkowej obs\u0142ugi. Od wst\u0119pnych konsultacji po wsparcie posprzeda\u017cowe, \u015bci\u015ble wsp\u00f3\u0142pracujemy z naszymi klientami, aby zapewni\u0107, \u017ce ich potrzeby s\u0105 spe\u0142niane z profesjonalizmem i trosk\u0105. Nasze konkurencyjne ceny w po\u0142\u0105czeniu z naszym niezachwianym zaanga\u017cowaniem w jako\u015b\u0107 sprawiaj\u0105, \u017ce FMP jest m\u0105drym wyborem dla firm, kt\u00f3re chc\u0105 zainwestowa\u0107 w rozwi\u0105zania hydrauliczne, kt\u00f3rym mog\u0105 zaufa\u0107.<\/p>","protected":false},"excerpt":{"rendered":"<p>Professional Double Acting Multi Stage Hydraulic Cylinder for Press The Professional Double Acting multi stage hydraulic cylinder for press is a robust and reliable component in the world of hydraulics. Designed with precision, this cylinder is ideal for press applications in various industries such as machinery repair shops, energy, and mining. Product Features and Specifications [&hellip;]<\/p>","protected":false},"featured_media":6795,"comment_status":"closed","ping_status":"closed","template":"","meta":{"_et_pb_use_builder":"","_et_pb_old_content":"","_et_gb_content_width":""},"product_brand":[],"product_cat":[103],"product_tag":[34,105],"class_list":{"0":"post-6609","1":"product","2":"type-product","3":"status-publish","4":"has-post-thumbnail","6":"product_cat-telescopic-hydraulic-cylinders","7":"product_tag-hydraulic-cylinder","8":"product_tag-telescopic-hydraulic-cylinders","10":"first","11":"instock","12":"product-type-simple"},"_links":{"self":[{"href":"https:\/\/fmp-components.com\/pl\/wp-json\/wp\/v2\/product\/6609","targetHints":{"allow":["GET"]}}],"collection":[{"href":"https:\/\/fmp-components.com\/pl\/wp-json\/wp\/v2\/product"}],"about":[{"href":"https:\/\/fmp-components.com\/pl\/wp-json\/wp\/v2\/types\/product"}],"replies":[{"embeddable":true,"href":"https:\/\/fmp-components.com\/pl\/wp-json\/wp\/v2\/comments?post=6609"}],"wp:featuredmedia":[{"embeddable":true,"href":"https:\/\/fmp-components.com\/pl\/wp-json\/wp\/v2\/media\/6795"}],"wp:attachment":[{"href":"https:\/\/fmp-components.com\/pl\/wp-json\/wp\/v2\/media?parent=6609"}],"wp:term":[{"taxonomy":"product_brand","embeddable":true,"href":"https:\/\/fmp-components.com\/pl\/wp-json\/wp\/v2\/product_brand?post=6609"},{"taxonomy":"product_cat","embeddable":true,"href":"https:\/\/fmp-components.com\/pl\/wp-json\/wp\/v2\/product_cat?post=6609"},{"taxonomy":"product_tag","embeddable":true,"href":"https:\/\/fmp-components.com\/pl\/wp-json\/wp\/v2\/product_tag?post=6609"}],"curies":[{"name":"wp","href":"https:\/\/api.w.org\/{rel}","templated":true}]}}