{"id":6608,"date":"2025-03-11T06:33:57","date_gmt":"2025-03-11T06:33:57","guid":{"rendered":"https:\/\/fmp-components.com\/product\/customized-trailer-telescopic-hydraulic-cylinder-used-for-dump-truck-from-fmp"},"modified":"2025-03-14T01:34:20","modified_gmt":"2025-03-14T01:34:20","slug":"customized-trailer-telescopic-hydraulic-cylinder-used-for-dump-truck-from-fmp","status":"publish","type":"product","link":"https:\/\/fmp-components.com\/pl\/product\/customized-trailer-telescopic-hydraulic-cylinder-used-for-dump-truck-from-fmp\/","title":{"rendered":"Dostosowany teleskopowy si\u0142ownik hydrauliczny przyczepy u\u017cywany do wywrotki od FMP"},"content":{"rendered":"<h2>Dostosowany teleskopowy si\u0142ownik hydrauliczny przyczepy u\u017cywany do wywrotki od FMP<\/h2>\n<p>Przekonaj si\u0119 o mocy i wydajno\u015bci teleskopowego si\u0142ownika hydraulicznego Customed Trailer, najwy\u017cszej klasy produktu firmy FMP. Zaprojektowany specjalnie do wywrotek, ten si\u0142ownik hydrauliczny oferuje niezr\u00f3wnan\u0105 wydajno\u015b\u0107 i niezawodno\u015b\u0107.<\/p>\n<h3>G\u0142\u00f3wne cechy i specyfikacje<\/h3>\n<h4>Cechy<\/h4>\n<ul>\n<li>Stan: Nowy<\/li>\n<li>Gwarancja: 1 rok<\/li>\n<li>Struktura: T\u0142ok-cylinder<\/li>\n<li>Moc: hydrauliczna<\/li>\n<li>Materia\u0142 korpusu: stal<\/li>\n<li>Maksymalny ci\u0105g: 3000<\/li>\n<li>P\u0142yn: Olej<\/li>\n<li>Maksymalny poci\u0105gni\u0119cie: 600<\/li>\n<li>Certyfikacja: ISO9001:2000<\/li>\n<\/ul>\n<h4><span style=\"font-size: 26px;\">Unikalne cechy i zalety<\/span><\/h4>\n<p>Nasz si\u0142ownik hydrauliczny wyr\u00f3\u017cnia si\u0119 energooszcz\u0119dno\u015bci\u0105, wysok\u0105 wydajno\u015bci\u0105 i funkcjami bezpiecze\u0144stwa. Jest to produkt standardowy, kt\u00f3ry mo\u017cna dostosowa\u0107 do Pa\u0144stwa wymaga\u0144, stanowi\u0105c idealne rozwi\u0105zanie dla r\u00f3\u017cnych bran\u017c, takich jak zak\u0142ady produkcyjne, warsztaty naprawcze maszyn, gospodarstwa rolne oraz sektor energetyczny i g\u00f3rniczy.<\/p>\n<p><img loading=\"lazy\" decoding=\"async\" class=\"alignnone size-full wp-image-6757\" src=\"https:\/\/fmp-components.com\/wp-content\/uploads\/2025\/03\/Telescopic-Hydraulic-Cylinders-114.webp\" alt=\"Si\u0142owniki hydrauliczne teleskopowe\" width=\"2160\" height=\"2160\" title=\"\" srcset=\"https:\/\/fmp-components.com\/wp-content\/uploads\/2025\/03\/Telescopic-Hydraulic-Cylinders-114.webp 2160w, https:\/\/fmp-components.com\/wp-content\/uploads\/2025\/03\/Telescopic-Hydraulic-Cylinders-114-1280x1280.webp 1280w, https:\/\/fmp-components.com\/wp-content\/uploads\/2025\/03\/Telescopic-Hydraulic-Cylinders-114-980x980.webp 980w, https:\/\/fmp-components.com\/wp-content\/uploads\/2025\/03\/Telescopic-Hydraulic-Cylinders-114-480x480.webp 480w\" sizes=\"(min-width: 0px) and (max-width: 480px) 480px, (min-width: 481px) and (max-width: 980px) 980px, (min-width: 981px) and (max-width: 1280px) 1280px, (min-width: 1281px) 2160px, 100vw\" \/><\/p>\n<h2>Uk\u0142ad hydrauliczny i zasada dzia\u0142ania<\/h2>\n<p>Si\u0142ownik hydrauliczny dzia\u0142a poprzez zamian\u0119 energii hydraulicznej na ruch mechaniczny, przekszta\u0142caj\u0105c ci\u015bnienie w si\u0142\u0119. Jest niezb\u0119dnym elementem uk\u0142adu hydraulicznego, zapewniaj\u0105cym jego p\u0142ynne dzia\u0142anie. \u015arednica cylindra, skok t\u0142oka i inne parametry mo\u017cna dostosowa\u0107 do Pa\u0144stwa potrzeb, zapewniaj\u0105c elastyczne i spersonalizowane rozwi\u0105zanie dla Pa\u0144stwa firmy.<\/p>\n<h2>Scenariusze zastosowa\u0144<\/h2>\n<p>Ten si\u0142ownik hydrauliczny jest powszechnie stosowany w wywrotkach, gdzie zapewnia niezawodn\u0105 i wydajn\u0105 prac\u0119, niezb\u0119dn\u0105 do r\u00f3\u017cnych zada\u0144 podnoszenia i roz\u0142adunku. Jego solidna konstrukcja zosta\u0142a zaprojektowana tak, aby sprosta\u0107 trudnym warunkom, cz\u0119sto spotykanym w budownictwie i transporcie. Dzi\u0119ki du\u017cej sile ci\u0105gu, si\u0142ownik ten zapewnia p\u0142ynne podnoszenie i opuszczanie skrzyni \u0142adunkowej wywrotki, umo\u017cliwiaj\u0105c szybki i wydajny roz\u0142adunek materia\u0142\u00f3w takich jak \u017cwir, piasek i gruz budowlany.<\/p>\n<p>Mo\u017cliwo\u015b\u0107 pracy pod du\u017cym obci\u0105\u017ceniem i w trudnych warunkach sprawia, \u017ce \u200b\u200bten si\u0142ownik hydrauliczny jest niezb\u0119dnym elementem wywrotek. Jego niezawodno\u015b\u0107 ma bezpo\u015bredni wp\u0142yw na og\u00f3ln\u0105 wydajno\u015b\u0107 projekt\u00f3w budowlanych, poniewa\u017c umo\u017cliwia szybszy transport materia\u0142\u00f3w i skraca przestoje. Zar\u00f3wno na miejskich placach budowy, jak i w odleg\u0142ych kopalniach, sta\u0142a wydajno\u015b\u0107 si\u0142ownika hydraulicznego przyczynia si\u0119 do wydajno\u015bci i efektywno\u015bci pracy wywrotek.<\/p>\n<p>Opr\u00f3cz wywrotek, te si\u0142owniki hydrauliczne znajduj\u0105 r\u00f3wnie\u017c zastosowanie w wielu innych zastosowaniach, takich jak koparki, \u0142adowarki, a nawet maszyny rolnicze. Ich wszechstronno\u015b\u0107 i wytrzyma\u0142o\u015b\u0107 sprawiaj\u0105, \u017ce nadaj\u0105 si\u0119 do szerokiego zakresu zada\u0144, od podnoszenia i przemieszczania ci\u0119\u017ckiego sprz\u0119tu po wykonywanie precyzyjnych operacji w zak\u0142adach produkcyjnych.<\/p>\n<h2>Si\u0142owniki hydrauliczne i agregaty pr\u0105dotw\u00f3rcze<\/h2>\n<p>Si\u0142owniki hydrauliczne i agregaty nap\u0119dowe s\u0105 integralnymi elementami uk\u0142adu hydraulicznego, odgrywaj\u0105c kluczow\u0105 rol\u0119 w zapewnieniu efektywnego zastosowania technologii hydraulicznej w r\u00f3\u017cnych sektorach przemys\u0142u. Si\u0142ownik hydrauliczny pe\u0142ni funkcj\u0119 si\u0142ownika, przekszta\u0142caj\u0105c energi\u0119 hydrauliczn\u0105 w ruch mechaniczny, podczas gdy agregat nap\u0119dowy wytwarza i reguluje ci\u015bnienie p\u0142ynu hydraulicznego niezb\u0119dne do dzia\u0142ania si\u0142ownika.<\/p>\n<p>Razem te komponenty zapewniaj\u0105 niezawodne zasilanie i sterowanie uk\u0142adami hydraulicznymi dla r\u00f3\u017cnych urz\u0105dze\u0144 in\u017cynieryjnych i mechanicznych. Na przyk\u0142ad w zak\u0142adach produkcyjnych wsp\u00f3\u0142praca mi\u0119dzy si\u0142ownikami hydraulicznymi a jednostkami nap\u0119dowymi umo\u017cliwia obs\u0142ug\u0119 maszyn, takich jak prasy, ramiona robotyczne i systemy przeno\u015bnik\u00f3w. Ta wsp\u00f3\u0142praca pozwala na wykonywanie z\u0142o\u017conych zada\u0144 wymagaj\u0105cych zar\u00f3wno si\u0142y, jak i precyzji, zwi\u0119kszaj\u0105c og\u00f3ln\u0105 wydajno\u015b\u0107.<\/p>\n<p>Co wi\u0119cej, wydajno\u015b\u0107 uk\u0142ad\u00f3w hydraulicznych jest dodatkowo zwi\u0119kszana dzi\u0119ki mo\u017cliwo\u015bci kontrolowania ci\u015bnienia i przep\u0142ywu cieczy. Pozwala to operatorom na precyzyjne sterowanie ruchami, dzi\u0119ki czemu technologia hydrauliczna sprawdza si\u0119 w szerokim zakresie zastosowa\u0144, od podnoszenia ci\u0119\u017ckich \u0142adunk\u00f3w po skomplikowane procesy monta\u017cowe.<\/p>\n<p>Podsumowuj\u0105c, synergia mi\u0119dzy si\u0142ownikami hydraulicznymi a agregatami pr\u0105dotw\u00f3rczymi stanowi przyk\u0142ad skuteczno\u015bci uk\u0142ad\u00f3w hydraulicznych we wsp\u00f3\u0142czesnym przemy\u015ble. Ich po\u0142\u0105czona funkcjonalno\u015b\u0107 nie tylko poprawia wydajno\u015b\u0107 operacyjn\u0105, ale tak\u017ce znacz\u0105co przyczynia si\u0119 do bezpiecze\u0144stwa i niezawodno\u015bci w r\u00f3\u017cnych zastosowaniach, nap\u0119dzaj\u0105c innowacyjno\u015b\u0107 i wydajno\u015b\u0107 w przemy\u015ble.<\/p>\n<h3>O FMP<\/h3>\n<p class=\"break-words\">FMP jest wiod\u0105cym w\u0142oskim producentem specjalizuj\u0105cym si\u0119 w projektowaniu, rozwoju i produkcji wysokiej jako\u015bci cylindr\u00f3w hydraulicznych. Dzi\u0119ki bogatemu dziedzictwu zakorzenionemu w dziesi\u0119cioleciach do\u015bwiadczenia, z dum\u0105 \u0142\u0105czymy w\u0142oskie rzemios\u0142o z najnowocze\u015bniejsz\u0105 technologi\u0105, aby dostarcza\u0107 wyj\u0105tkowe rozwi\u0105zania hydrauliczne dostosowane do zr\u00f3\u017cnicowanych potrzeb naszych globalnych klient\u00f3w. Maj\u0105c siedzib\u0119 we W\u0142oszech, w centrum doskona\u0142o\u015bci in\u017cynieryjnej, FMP jest zaufan\u0105 mark\u0105 w bran\u017cy hydraulicznej, zobowi\u0105zan\u0105 do dostarczania niezawodnych, trwa\u0142ych i innowacyjnych produkt\u00f3w, kt\u00f3re wzmacniaj\u0105 firmy na ca\u0142ym \u015bwiecie.<\/p>\n<p class=\"break-words\">Nasza firma integruje najlepsze tradycje zaawansowanej produkcji z przysz\u0142o\u015bciowym podej\u015bciem. Korzystaj\u0105c z wieloletniego do\u015bwiadczenia w systemach hydraulicznych, FMP przekszta\u0142ci\u0142o si\u0119 w nowoczesne przedsi\u0119biorstwo, kt\u00f3re wyr\u00f3\u017cnia si\u0119 w badaniach, projektowaniu i produkcji. Specjalizujemy si\u0119 w szerokiej gamie cylindr\u00f3w hydraulicznych, w tym cylindrach dwustronnego dzia\u0142ania, cylindrach podnosz\u0105cych do samochod\u00f3w, cylindrach do maszyn rolniczych i rozwi\u0105zaniach projektowanych na zam\u00f3wienie do r\u00f3\u017cnych zastosowa\u0144 przemys\u0142owych. Niezale\u017cnie od tego, czy chodzi o budownictwo, instalacje przemys\u0142owe, rolnictwo czy ci\u0119\u017cki sprz\u0119t, nasze cylindry hydrauliczne s\u0105 zbudowane tak, aby dzia\u0142a\u0142y w najtrudniejszych warunkach, zapewniaj\u0105c bezpiecze\u0144stwo, wydajno\u015b\u0107 i d\u0142ugowieczno\u015b\u0107.<\/p>\n<p><img loading=\"lazy\" decoding=\"async\" class=\"alignnone size-full wp-image-6720\" src=\"https:\/\/fmp-components.com\/wp-content\/uploads\/2025\/03\/hydraulic-cylinder-8.webp\" alt=\"Si\u0142owniki hydrauliczne teleskopowe\" width=\"933\" height=\"526\" title=\"\" srcset=\"https:\/\/fmp-components.com\/wp-content\/uploads\/2025\/03\/hydraulic-cylinder-8.webp 933w, https:\/\/fmp-components.com\/wp-content\/uploads\/2025\/03\/hydraulic-cylinder-8-480x271.webp 480w\" sizes=\"(min-width: 0px) and (max-width: 480px) 480px, (min-width: 481px) 933px, 100vw\" \/><\/p>\n<p class=\"break-words\">W FMP jeste\u015bmy dumni z naszych najnowocze\u015bniejszych zak\u0142ad\u00f3w produkcyjnych, wyposa\u017conych w precyzyjne maszyny i zaawansowane systemy testowe. Nasze procesy produkcyjne s\u0105 zgodne z rygorystycznymi normami krajowymi i mi\u0119dzynarodowymi, co zapewnia, \u017ce ka\u017cdy cylinder hydrauliczny opuszczaj\u0105cy nasz\u0105 fabryk\u0119 jest najwy\u017cszej jako\u015bci i niezawodno\u015bci. Nasz wykwalifikowany zesp\u00f3\u0142 techniczny w po\u0142\u0105czeniu z najnowocze\u015bniejszym sprz\u0119tem pozwala nam zachowa\u0107 \u015bcis\u0142\u0105 kontrol\u0119 jako\u015bci na ka\u017cdym etapie produkcji \u2014 od wyboru surowca po ko\u0144cow\u0105 kontrol\u0119. To oddanie doskona\u0142o\u015bci przynios\u0142o nam certyfikaty i uznanie autorytet\u00f3w bran\u017cowych, co dodatkowo umocni\u0142o nasz\u0105 reputacj\u0119 niezawodnego partnera.<\/p>\n<p class=\"break-words\">Nasza misja jest prosta, ale ambitna: dostarcza\u0107 naszym klientom cylindry hydrauliczne, kt\u00f3re przekraczaj\u0105 oczekiwania pod wzgl\u0119dem wydajno\u015bci, trwa\u0142o\u015bci i warto\u015bci. Dzia\u0142amy zgodnie z zasadami profesjonalizmu, uczciwo\u015bci i skupienia na kliencie. Poprzez promowanie kultury innowacji i precyzji nieustannie udoskonalamy nasze produkty, aby utrzyma\u0107 si\u0119 na czele konkurencyjnego rynku. Nasza kompleksowa oferta produkt\u00f3w i zdolno\u015b\u0107 do oferowania dostosowanych rozwi\u0105za\u0144 sprawiaj\u0105, \u017ce jeste\u015bmy pierwszym wyborem dla firm poszukuj\u0105cych wysokowydajnych cylindr\u00f3w hydraulicznych.<\/p>\n<p class=\"break-words\">FMP to co\u015b wi\u0119cej ni\u017c tylko producent \u2014 jeste\u015bmy partnerem w Twoim sukcesie. Rozumiemy, \u017ce nasi klienci polegaj\u0105 na nas, je\u015bli chodzi o dostarczanie narz\u0119dzi, kt\u00f3re zwi\u0119kszaj\u0105 ich produktywno\u015b\u0107 i bezpiecze\u0144stwo. Dlatego te\u017c jeste\u015bmy zobowi\u0105zani do oferowania nie tylko produkt\u00f3w najwy\u017cszej klasy, ale tak\u017ce wyj\u0105tkowej obs\u0142ugi. Od wst\u0119pnych konsultacji po wsparcie posprzeda\u017cowe, \u015bci\u015ble wsp\u00f3\u0142pracujemy z naszymi klientami, aby zapewni\u0107, \u017ce ich potrzeby s\u0105 spe\u0142niane z profesjonalizmem i trosk\u0105. Nasze konkurencyjne ceny w po\u0142\u0105czeniu z naszym niezachwianym zaanga\u017cowaniem w jako\u015b\u0107 sprawiaj\u0105, \u017ce FMP jest m\u0105drym wyborem dla firm, kt\u00f3re chc\u0105 zainwestowa\u0107 w rozwi\u0105zania hydrauliczne, kt\u00f3rym mog\u0105 zaufa\u0107.<\/p>","protected":false},"excerpt":{"rendered":"<p>Customized Trailer Telescopic Hydraulic Cylinder Used For Dump Truck From FMP Experience the power and efficiency of the Customized Trailer Telescopic hydraulic cylinder, a top-notch product From FMP. Designed specifically for dump trucks, this hydraulic cylinder offers unmatched performance and reliability. Key Features and Specifications Features Condition: New Warranty: 1 Year Structure: Piston Cylinder Power: [&hellip;]<\/p>","protected":false},"featured_media":6801,"comment_status":"closed","ping_status":"closed","template":"","meta":{"_et_pb_use_builder":"","_et_pb_old_content":"","_et_gb_content_width":""},"product_brand":[],"product_cat":[103],"product_tag":[34,105],"class_list":{"0":"post-6608","1":"product","2":"type-product","3":"status-publish","4":"has-post-thumbnail","6":"product_cat-telescopic-hydraulic-cylinders","7":"product_tag-hydraulic-cylinder","8":"product_tag-telescopic-hydraulic-cylinders","10":"first","11":"instock","12":"product-type-simple"},"_links":{"self":[{"href":"https:\/\/fmp-components.com\/pl\/wp-json\/wp\/v2\/product\/6608","targetHints":{"allow":["GET"]}}],"collection":[{"href":"https:\/\/fmp-components.com\/pl\/wp-json\/wp\/v2\/product"}],"about":[{"href":"https:\/\/fmp-components.com\/pl\/wp-json\/wp\/v2\/types\/product"}],"replies":[{"embeddable":true,"href":"https:\/\/fmp-components.com\/pl\/wp-json\/wp\/v2\/comments?post=6608"}],"wp:featuredmedia":[{"embeddable":true,"href":"https:\/\/fmp-components.com\/pl\/wp-json\/wp\/v2\/media\/6801"}],"wp:attachment":[{"href":"https:\/\/fmp-components.com\/pl\/wp-json\/wp\/v2\/media?parent=6608"}],"wp:term":[{"taxonomy":"product_brand","embeddable":true,"href":"https:\/\/fmp-components.com\/pl\/wp-json\/wp\/v2\/product_brand?post=6608"},{"taxonomy":"product_cat","embeddable":true,"href":"https:\/\/fmp-components.com\/pl\/wp-json\/wp\/v2\/product_cat?post=6608"},{"taxonomy":"product_tag","embeddable":true,"href":"https:\/\/fmp-components.com\/pl\/wp-json\/wp\/v2\/product_tag?post=6608"}],"curies":[{"name":"wp","href":"https:\/\/api.w.org\/{rel}","templated":true}]}}