{"id":6605,"date":"2025-03-11T06:32:38","date_gmt":"2025-03-11T06:32:38","guid":{"rendered":"https:\/\/fmp-components.com\/product\/italy-manufacturer-telescopic-single-acting-cylinder-used-for-dump-truck-and-trailer-from-fmp"},"modified":"2025-03-18T01:57:30","modified_gmt":"2025-03-18T01:57:30","slug":"italy-manufacturer-telescopic-single-acting-cylinder-used-for-dump-truck-and-trailer-from-fmp","status":"publish","type":"product","link":"https:\/\/fmp-components.com\/pl\/product\/italy-manufacturer-telescopic-single-acting-cylinder-used-for-dump-truck-and-trailer-from-fmp\/","title":{"rendered":"W\u0142oski producent teleskopowych si\u0142ownik\u00f3w jednostronnego dzia\u0142ania u\u017cywanych do wywrotek i przyczep od FMP"},"content":{"rendered":"<h2>W\u0142oski producent teleskopowych si\u0142ownik\u00f3w jednostronnego dzia\u0142ania u\u017cywanych do wywrotek i przyczep od FMP<\/h2>\n<p>Zwi\u0119ksz wydajno\u015b\u0107 i moc swoich ci\u0119\u017ckich maszyn dzi\u0119ki nowemu i zaawansowanemu si\u0142ownikowi teleskopowemu jednostronnego dzia\u0142ania firmy FMP. Ten si\u0142ownik hydrauliczny zosta\u0142 specjalnie zaprojektowany do stosowania w wywrotkach i przyczepach, zapewniaj\u0105c doskona\u0142\u0105 funkcjonalno\u015b\u0107 i niezawodno\u015b\u0107.<\/p>\n<h2>Cechy i zalety produktu<\/h2>\n<p>Si\u0142ownik teleskopowy jednostronnego dzia\u0142ania oferuje szereg korzy\u015bci, dzi\u0119ki kt\u00f3rym jest niezb\u0119dnym elementem w takich ga\u0142\u0119ziach przemys\u0142u, jak zak\u0142ady produkcyjne, warsztaty naprawy maszyn, gospodarstwa rolne, energetyka i g\u00f3rnictwo.<\/p>\n<ul>\n<li>Solidna obudowa ze stali: Dzi\u0119ki korpusowi wykonanemu ze stali cylinder jest trwa\u0142y i pos\u0142u\u017cy przez d\u0142ugi czas.<\/li>\n<li>Du\u017ca si\u0142a ci\u0105gu i uci\u0105gu: Maksymalna si\u0142a ci\u0105gu wynosi 3000, a si\u0142a uci\u0105gu 600, co zapewnia wysok\u0105 wydajno\u015b\u0107.<\/li>\n<li>Mo\u017cliwo\u015b\u0107 dostosowania \u015brednicy otworu: \u015arednica otworu cylindra mo\u017ce by\u0107 dostosowana do Twoich wymaga\u0144.<\/li>\n<li>Certyfikat ISO: Produkt posiada certyfikat ISO9001:2000, co gwarantuje jako\u015b\u0107 i niezawodno\u015b\u0107.<\/li>\n<li>Medium p\u0142ynne: Medium w cylindrze jest olej, co zapewnia p\u0142ynn\u0105 prac\u0119.<\/li>\n<\/ul>\n<p><span style=\"color: #333333; font-size: 26px;\">Uk\u0142ad hydrauliczny i zasada dzia\u0142ania<\/span><\/p>\n<p>Si\u0142ownik teleskopowy jednostronnego dzia\u0142ania dzia\u0142a na zasadzie si\u0142y hydraulicznej. Pod wp\u0142ywem ci\u015bnienia oleju w si\u0142owniku wytwarzana jest si\u0142a, kt\u00f3ra porusza t\u0142ok. Ruch ten jest nast\u0119pnie przenoszony na maszyn\u0119, umo\u017cliwiaj\u0105c jej wydajne wykonywanie ci\u0119\u017ckich zada\u0144.<\/p>\n<p><img loading=\"lazy\" decoding=\"async\" class=\"alignnone wp-image-6754\" src=\"https:\/\/fmp-components.com\/wp-content\/uploads\/2025\/03\/Telescopic-Hydraulic-Cylinders-111.webp\" alt=\"Si\u0142owniki hydrauliczne teleskopowe\" width=\"780\" height=\"780\" title=\"\" srcset=\"https:\/\/fmp-components.com\/wp-content\/uploads\/2025\/03\/Telescopic-Hydraulic-Cylinders-111.webp 780w, https:\/\/fmp-components.com\/wp-content\/uploads\/2025\/03\/Telescopic-Hydraulic-Cylinders-111-480x480.webp 480w\" sizes=\"(min-width: 0px) and (max-width: 480px) 480px, (min-width: 481px) 780px, 100vw\" \/><\/p>\n<h3>Scenariusze zastosowa\u0144<\/h3>\n<p>Teleskopowy si\u0142ownik jednostronnego dzia\u0142ania firmy FMP jest stosowany w r\u00f3\u017cnych wywrotkach i przyczepach do wykonywania zada\u0144 takich jak podnoszenie, pchanie lub ci\u0105gni\u0119cie ci\u0119\u017ckich \u0142adunk\u00f3w. Jego doskona\u0142a konstrukcja i jako\u015b\u0107 wykonania zapewniaj\u0105 optymaln\u0105 wydajno\u015b\u0107 w trudnych warunkach.<\/p>\n<h2>Si\u0142owniki hydrauliczne i agregaty nap\u0119dowe<\/h2>\n<p>Si\u0142owniki hydrauliczne i agregaty pr\u0105dotw\u00f3rcze stanowi\u0105 integraln\u0105 cz\u0119\u015b\u0107 uk\u0142adu hydraulicznego. Dzia\u0142aj\u0105 one w tandemie, przekszta\u0142caj\u0105c energi\u0119 hydrauliczn\u0105 w ruch mechaniczny, zapewniaj\u0105c niezawodne zasilanie i sterowanie dla r\u00f3\u017cnych maszyn i projekt\u00f3w in\u017cynieryjnych. FMP oferuje r\u00f3wnie\u017c agregaty pr\u0105dotw\u00f3rcze na sprzeda\u017c, zapewniaj\u0105c tym samym kompleksowe rozwi\u0105zanie dla Pa\u0144stwa potrzeb hydraulicznych.<\/p>\n<h2>Cz\u0119sto zadawane pytania<\/h2>\n<h3>Jaki jest okres gwarancji na si\u0142ownik teleskopowy jednostronnego dzia\u0142ania?<\/h3>\n<p>Produkt obj\u0119ty jest roczn\u0105 gwarancj\u0105, dzi\u0119ki czemu mo\u017cesz dokona\u0107 zakupu bez obaw.<\/p>\n<h3>Czy mo\u017cna dostosowa\u0107 \u015brednic\u0119 otworu cylindra?<\/h3>\n<p>Tak, \u015brednica otworu mo\u017ce by\u0107 dostosowana do Twoich wymaga\u0144.<\/p>\n<h3>Czy produkt posiada certyfikat ISO?<\/h3>\n<p>Tak, si\u0142ownik teleskopowy jednostronnego dzia\u0142ania posiada certyfikat ISO9001:2000, co potwierdza jego wysok\u0105 jako\u015b\u0107 i niezawodno\u015b\u0107.<\/p>\n<h3>O FMP<\/h3>\n<p class=\"break-words\">FMP jest wiod\u0105cym w\u0142oskim producentem specjalizuj\u0105cym si\u0119 w projektowaniu, rozwoju i produkcji wysokiej jako\u015bci cylindr\u00f3w hydraulicznych. Dzi\u0119ki bogatemu dziedzictwu zakorzenionemu w dziesi\u0119cioleciach do\u015bwiadczenia, z dum\u0105 \u0142\u0105czymy w\u0142oskie rzemios\u0142o z najnowocze\u015bniejsz\u0105 technologi\u0105, aby dostarcza\u0107 wyj\u0105tkowe rozwi\u0105zania hydrauliczne dostosowane do zr\u00f3\u017cnicowanych potrzeb naszych globalnych klient\u00f3w. Maj\u0105c siedzib\u0119 we W\u0142oszech, w centrum doskona\u0142o\u015bci in\u017cynieryjnej, FMP jest zaufan\u0105 mark\u0105 w bran\u017cy hydraulicznej, zobowi\u0105zan\u0105 do dostarczania niezawodnych, trwa\u0142ych i innowacyjnych produkt\u00f3w, kt\u00f3re wzmacniaj\u0105 firmy na ca\u0142ym \u015bwiecie.<\/p>\n<p class=\"break-words\">Nasza firma integruje najlepsze tradycje zaawansowanej produkcji z przysz\u0142o\u015bciowym podej\u015bciem. Korzystaj\u0105c z wieloletniego do\u015bwiadczenia w systemach hydraulicznych, FMP przekszta\u0142ci\u0142o si\u0119 w nowoczesne przedsi\u0119biorstwo, kt\u00f3re wyr\u00f3\u017cnia si\u0119 w badaniach, projektowaniu i produkcji. Specjalizujemy si\u0119 w szerokiej gamie cylindr\u00f3w hydraulicznych, w tym cylindrach dwustronnego dzia\u0142ania, cylindrach podnosz\u0105cych do samochod\u00f3w, cylindrach do maszyn rolniczych i rozwi\u0105zaniach projektowanych na zam\u00f3wienie do r\u00f3\u017cnych zastosowa\u0144 przemys\u0142owych. Niezale\u017cnie od tego, czy chodzi o budownictwo, instalacje przemys\u0142owe, rolnictwo czy ci\u0119\u017cki sprz\u0119t, nasze cylindry hydrauliczne s\u0105 zbudowane tak, aby dzia\u0142a\u0142y w najtrudniejszych warunkach, zapewniaj\u0105c bezpiecze\u0144stwo, wydajno\u015b\u0107 i d\u0142ugowieczno\u015b\u0107.<\/p>\n<p><img loading=\"lazy\" decoding=\"async\" class=\"alignnone size-full wp-image-6720\" src=\"https:\/\/fmp-components.com\/wp-content\/uploads\/2025\/03\/hydraulic-cylinder-8.webp\" alt=\"Si\u0142owniki hydrauliczne teleskopowe\" width=\"933\" height=\"526\" title=\"\" srcset=\"https:\/\/fmp-components.com\/wp-content\/uploads\/2025\/03\/hydraulic-cylinder-8.webp 933w, https:\/\/fmp-components.com\/wp-content\/uploads\/2025\/03\/hydraulic-cylinder-8-480x271.webp 480w\" sizes=\"(min-width: 0px) and (max-width: 480px) 480px, (min-width: 481px) 933px, 100vw\" \/><\/p>\n<p class=\"break-words\">W FMP jeste\u015bmy dumni z naszych najnowocze\u015bniejszych zak\u0142ad\u00f3w produkcyjnych, wyposa\u017conych w precyzyjne maszyny i zaawansowane systemy testowe. Nasze procesy produkcyjne s\u0105 zgodne z rygorystycznymi normami krajowymi i mi\u0119dzynarodowymi, co zapewnia, \u017ce ka\u017cdy cylinder hydrauliczny opuszczaj\u0105cy nasz\u0105 fabryk\u0119 jest najwy\u017cszej jako\u015bci i niezawodno\u015bci. Nasz wykwalifikowany zesp\u00f3\u0142 techniczny w po\u0142\u0105czeniu z najnowocze\u015bniejszym sprz\u0119tem pozwala nam zachowa\u0107 \u015bcis\u0142\u0105 kontrol\u0119 jako\u015bci na ka\u017cdym etapie produkcji \u2014 od wyboru surowca po ko\u0144cow\u0105 kontrol\u0119. To oddanie doskona\u0142o\u015bci przynios\u0142o nam certyfikaty i uznanie autorytet\u00f3w bran\u017cowych, co dodatkowo umocni\u0142o nasz\u0105 reputacj\u0119 niezawodnego partnera.<\/p>\n<p class=\"break-words\">Nasza misja jest prosta, ale ambitna: dostarcza\u0107 naszym klientom cylindry hydrauliczne, kt\u00f3re przekraczaj\u0105 oczekiwania pod wzgl\u0119dem wydajno\u015bci, trwa\u0142o\u015bci i warto\u015bci. Dzia\u0142amy zgodnie z zasadami profesjonalizmu, uczciwo\u015bci i skupienia na kliencie. Poprzez promowanie kultury innowacji i precyzji nieustannie udoskonalamy nasze produkty, aby utrzyma\u0107 si\u0119 na czele konkurencyjnego rynku. Nasza kompleksowa oferta produkt\u00f3w i zdolno\u015b\u0107 do oferowania dostosowanych rozwi\u0105za\u0144 sprawiaj\u0105, \u017ce jeste\u015bmy pierwszym wyborem dla firm poszukuj\u0105cych wysokowydajnych cylindr\u00f3w hydraulicznych.<\/p>\n<p class=\"break-words\">FMP to co\u015b wi\u0119cej ni\u017c tylko producent \u2014 jeste\u015bmy partnerem w Twoim sukcesie. Rozumiemy, \u017ce nasi klienci polegaj\u0105 na nas, je\u015bli chodzi o dostarczanie narz\u0119dzi, kt\u00f3re zwi\u0119kszaj\u0105 ich produktywno\u015b\u0107 i bezpiecze\u0144stwo. Dlatego te\u017c jeste\u015bmy zobowi\u0105zani do oferowania nie tylko produkt\u00f3w najwy\u017cszej klasy, ale tak\u017ce wyj\u0105tkowej obs\u0142ugi. Od wst\u0119pnych konsultacji po wsparcie posprzeda\u017cowe, \u015bci\u015ble wsp\u00f3\u0142pracujemy z naszymi klientami, aby zapewni\u0107, \u017ce ich potrzeby s\u0105 spe\u0142niane z profesjonalizmem i trosk\u0105. Nasze konkurencyjne ceny w po\u0142\u0105czeniu z naszym niezachwianym zaanga\u017cowaniem w jako\u015b\u0107 sprawiaj\u0105, \u017ce FMP jest m\u0105drym wyborem dla firm, kt\u00f3re chc\u0105 zainwestowa\u0107 w rozwi\u0105zania hydrauliczne, kt\u00f3rym mog\u0105 zaufa\u0107.<\/p>\n<p>&nbsp;<\/p>","protected":false},"excerpt":{"rendered":"<p>Italy Manufacturer Telescopic Single Acting Cylinder Used For Dump Truck and Trailer From FMP Bring efficiency and power to your heavy machinery with the new and advanced Telescopic Single Acting Cylinder From FMP. This hydraulic cylinder is specially designed for usage in Dump Trucks and Trailers, providing superior functionality and reliability. Product Features and Benefits [&hellip;]<\/p>","protected":false},"featured_media":6784,"comment_status":"closed","ping_status":"closed","template":"","meta":{"_et_pb_use_builder":"","_et_pb_old_content":"","_et_gb_content_width":""},"product_brand":[],"product_cat":[103],"product_tag":[34,105],"class_list":{"0":"post-6605","1":"product","2":"type-product","3":"status-publish","4":"has-post-thumbnail","6":"product_cat-telescopic-hydraulic-cylinders","7":"product_tag-hydraulic-cylinder","8":"product_tag-telescopic-hydraulic-cylinders","10":"first","11":"instock","12":"product-type-simple"},"_links":{"self":[{"href":"https:\/\/fmp-components.com\/pl\/wp-json\/wp\/v2\/product\/6605","targetHints":{"allow":["GET"]}}],"collection":[{"href":"https:\/\/fmp-components.com\/pl\/wp-json\/wp\/v2\/product"}],"about":[{"href":"https:\/\/fmp-components.com\/pl\/wp-json\/wp\/v2\/types\/product"}],"replies":[{"embeddable":true,"href":"https:\/\/fmp-components.com\/pl\/wp-json\/wp\/v2\/comments?post=6605"}],"wp:featuredmedia":[{"embeddable":true,"href":"https:\/\/fmp-components.com\/pl\/wp-json\/wp\/v2\/media\/6784"}],"wp:attachment":[{"href":"https:\/\/fmp-components.com\/pl\/wp-json\/wp\/v2\/media?parent=6605"}],"wp:term":[{"taxonomy":"product_brand","embeddable":true,"href":"https:\/\/fmp-components.com\/pl\/wp-json\/wp\/v2\/product_brand?post=6605"},{"taxonomy":"product_cat","embeddable":true,"href":"https:\/\/fmp-components.com\/pl\/wp-json\/wp\/v2\/product_cat?post=6605"},{"taxonomy":"product_tag","embeddable":true,"href":"https:\/\/fmp-components.com\/pl\/wp-json\/wp\/v2\/product_tag?post=6605"}],"curies":[{"name":"wp","href":"https:\/\/api.w.org\/{rel}","templated":true}]}}