{"id":6604,"date":"2025-03-11T06:32:38","date_gmt":"2025-03-11T06:32:38","guid":{"rendered":"https:\/\/fmp-components.com\/product\/italy-manufacture-trailer-telescopic-hydraulic-ram-for-agriculture-from-fmp"},"modified":"2025-03-14T02:09:39","modified_gmt":"2025-03-14T02:09:39","slug":"italy-manufacture-trailer-telescopic-hydraulic-ram-for-agriculture-from-fmp","status":"publish","type":"product","link":"https:\/\/fmp-components.com\/pl\/product\/italy-manufacture-trailer-telescopic-hydraulic-ram-for-agriculture-from-fmp\/","title":{"rendered":"W\u0142ochy produkuj\u0105 teleskopowe si\u0142owniki hydrauliczne do przyczep rolniczych od FMP"},"content":{"rendered":"<h2>W\u0142ochy produkuj\u0105 teleskopowe si\u0142owniki hydrauliczne do przyczep rolniczych od FMP<\/h2>\n<p>FMP, ceniony producent z siedzib\u0105 we W\u0142oszech, z dum\u0105 prezentuje teleskopowy si\u0142ownik hydrauliczny do przyczep, starannie zaprojektowany do zastosowa\u0144 rolniczych. Za\u0142o\u017cona w 2006 roku i dzia\u0142aj\u0105ca z siedzib\u0105 g\u0142\u00f3wn\u0105 we W\u0142oszech firma FMP oferuje niezr\u00f3wnane do\u015bwiadczenie w dziedzinie technologii hydraulicznej.<\/p>\n<h3>Opis produktu i funkcjonalno\u015b\u0107<\/h3>\n<p>Teleskopowy si\u0142ownik hydrauliczny do przyczep firmy FMP to nowy produkt wprowadzony na rynek w 2025 roku. Ten niestandardowy si\u0142ownik t\u0142okowy jest nap\u0119dzany p\u0142ynem hydraulicznym, a konkretnie olejem, i ma korpus wykonany z wytrzyma\u0142ej stali. Dzi\u0119ki maksymalnej sile ci\u0105gu 3000 i maksymalnej sile uci\u0105gu 600, idealnie nadaje si\u0119 do ci\u0119\u017ckich prac. Si\u0142ownik hydrauliczny posiada certyfikat ISO9001:2000, co potwierdza jego wysok\u0105 jako\u015b\u0107 i niezawodno\u015b\u0107.<\/p>\n<h3>Dane techniczne<\/h3>\n<p>Si\u0142ownik hydrauliczny wa\u017cy 12 kg i ma \u015brednic\u0119 cylindra od 20 do 250 mm. Dost\u0119pny jest jako si\u0142ownik hydrauliczny wielostopniowy, a \u015brednica otworu mo\u017ce by\u0107 dostosowana do Pa\u0144stwa potrzeb. Kluczowymi elementami si\u0142ownika hydraulicznego s\u0105 \u0142o\u017cysko i t\u0142oczysko, kt\u00f3re obj\u0119te s\u0105 roczn\u0105 gwarancj\u0105.<\/p>\n<p><img loading=\"lazy\" decoding=\"async\" class=\"alignnone  wp-image-6665\" src=\"https:\/\/fmp-components.com\/wp-content\/uploads\/2025\/03\/telescopic-hydraulic-cylinder-9.webp\" alt=\"si\u0142ownik hydrauliczny teleskopowy\" width=\"810\" height=\"810\" title=\"\" srcset=\"https:\/\/fmp-components.com\/wp-content\/uploads\/2025\/03\/telescopic-hydraulic-cylinder-9.webp 810w, https:\/\/fmp-components.com\/wp-content\/uploads\/2025\/03\/telescopic-hydraulic-cylinder-9-480x480.webp 480w\" sizes=\"(min-width: 0px) and (max-width: 480px) 480px, (min-width: 481px) 810px, 100vw\" \/><\/p>\n<h2>Unikalne cechy i zalety<\/h2>\n<p>Teleskopowy si\u0142ownik hydrauliczny FMP Trailer oferuje szereg unikalnych cech i zalet:<\/p>\n<ul>\n<li>Energooszcz\u0119dny<\/li>\n<li>Wysoce wydajny<\/li>\n<li>Bezpieczny w u\u017cyciu<\/li>\n<li>Zaprojektowany do ci\u0119\u017ckich operacji<\/li>\n<li>Regulowany rozmiar otworu<\/li>\n<li>Produkt obj\u0119ty roczn\u0105 gwarancj\u0105<\/li>\n<\/ul>\n<h2>Zasada dzia\u0142ania i zastosowania<\/h2>\n<p>Si\u0142ownik hydrauliczny dzia\u0142a poprzez zamian\u0119 energii hydraulicznej na ruch mechaniczny, skutecznie przekszta\u0142caj\u0105c ci\u015bnienie w si\u0142\u0119. Jest niezb\u0119dnym elementem w r\u00f3\u017cnych ga\u0142\u0119ziach przemys\u0142u, takich jak zak\u0142ady produkcyjne, warsztaty naprawcze maszyn, gospodarstwa rolne oraz energetyka i g\u00f3rnictwo.<\/p>\n<h2>Si\u0142owniki hydrauliczne i agregaty pr\u0105dotw\u00f3rcze<\/h2>\n<p>Si\u0142ownik hydrauliczny i agregaty nap\u0119dowe s\u0105 nieroz\u0142\u0105cznymi cz\u0119\u015bciami uk\u0142adu hydraulicznego. Dzia\u0142aj\u0105 one w tandemie, zapewniaj\u0105c szerokie zastosowanie technologii hydraulicznej w r\u00f3\u017cnych sektorach przemys\u0142u, zapewniaj\u0105c niezawodne zasilanie i sterowanie dla r\u00f3\u017cnych urz\u0105dze\u0144 in\u017cynieryjnych i mechanicznych. W FMP oferujemy r\u00f3wnie\u017c agregaty na sprzeda\u017c.<\/p>\n<h2>Cz\u0119sto zadawane pytania<\/h2>\n<p><strong>P: Jak\u0105 gwarancj\u0119 maj\u0105 g\u0142\u00f3wne komponenty?<\/strong><\/p>\n<p>A: G\u0142\u00f3wne komponenty obj\u0119te s\u0105 roczn\u0105 gwarancj\u0105.<\/p>\n<p><strong>P: Czy mo\u017cna regulowa\u0107 \u015brednic\u0119 otworu?<\/strong><\/p>\n<p>A: Tak, \u015brednica otworu mo\u017ce by\u0107 dostosowana do Twoich wymaga\u0144.<\/p>\n<p><strong>P: Jakie ga\u0142\u0119zie przemys\u0142u mog\u0105 skorzysta\u0107 z tego si\u0142ownika hydraulicznego?<\/strong><\/p>\n<p>A: Si\u0142ownik hydrauliczny idealnie nadaje si\u0119 do zak\u0142ad\u00f3w produkcyjnych, warsztat\u00f3w naprawczych maszyn, gospodarstw rolnych oraz dzia\u0142alno\u015bci energetycznej i g\u00f3rniczej.<\/p>\n<h3>O FMP<\/h3>\n<p class=\"break-words\">FMP jest wiod\u0105cym w\u0142oskim producentem specjalizuj\u0105cym si\u0119 w projektowaniu, rozwoju i produkcji wysokiej jako\u015bci cylindr\u00f3w hydraulicznych. Dzi\u0119ki bogatemu dziedzictwu zakorzenionemu w dziesi\u0119cioleciach do\u015bwiadczenia, z dum\u0105 \u0142\u0105czymy w\u0142oskie rzemios\u0142o z najnowocze\u015bniejsz\u0105 technologi\u0105, aby dostarcza\u0107 wyj\u0105tkowe rozwi\u0105zania hydrauliczne dostosowane do zr\u00f3\u017cnicowanych potrzeb naszych globalnych klient\u00f3w. Maj\u0105c siedzib\u0119 we W\u0142oszech, w centrum doskona\u0142o\u015bci in\u017cynieryjnej, FMP jest zaufan\u0105 mark\u0105 w bran\u017cy hydraulicznej, zobowi\u0105zan\u0105 do dostarczania niezawodnych, trwa\u0142ych i innowacyjnych produkt\u00f3w, kt\u00f3re wzmacniaj\u0105 firmy na ca\u0142ym \u015bwiecie.<\/p>\n<p class=\"break-words\">Nasza firma integruje najlepsze tradycje zaawansowanej produkcji z przysz\u0142o\u015bciowym podej\u015bciem. Korzystaj\u0105c z wieloletniego do\u015bwiadczenia w systemach hydraulicznych, FMP przekszta\u0142ci\u0142o si\u0119 w nowoczesne przedsi\u0119biorstwo, kt\u00f3re wyr\u00f3\u017cnia si\u0119 w badaniach, projektowaniu i produkcji. Specjalizujemy si\u0119 w szerokiej gamie cylindr\u00f3w hydraulicznych, w tym cylindrach dwustronnego dzia\u0142ania, cylindrach podnosz\u0105cych do samochod\u00f3w, cylindrach do maszyn rolniczych i rozwi\u0105zaniach projektowanych na zam\u00f3wienie do r\u00f3\u017cnych zastosowa\u0144 przemys\u0142owych. Niezale\u017cnie od tego, czy chodzi o budownictwo, instalacje przemys\u0142owe, rolnictwo czy ci\u0119\u017cki sprz\u0119t, nasze cylindry hydrauliczne s\u0105 zbudowane tak, aby dzia\u0142a\u0142y w najtrudniejszych warunkach, zapewniaj\u0105c bezpiecze\u0144stwo, wydajno\u015b\u0107 i d\u0142ugowieczno\u015b\u0107.<\/p>\n<p><img loading=\"lazy\" decoding=\"async\" class=\"alignnone size-full wp-image-6720\" src=\"https:\/\/fmp-components.com\/wp-content\/uploads\/2025\/03\/hydraulic-cylinder-8.webp\" alt=\"Si\u0142owniki hydrauliczne teleskopowe\" width=\"933\" height=\"526\" title=\"\" srcset=\"https:\/\/fmp-components.com\/wp-content\/uploads\/2025\/03\/hydraulic-cylinder-8.webp 933w, https:\/\/fmp-components.com\/wp-content\/uploads\/2025\/03\/hydraulic-cylinder-8-480x271.webp 480w\" sizes=\"(min-width: 0px) and (max-width: 480px) 480px, (min-width: 481px) 933px, 100vw\" \/><\/p>\n<p class=\"break-words\">W FMP jeste\u015bmy dumni z naszych najnowocze\u015bniejszych zak\u0142ad\u00f3w produkcyjnych, wyposa\u017conych w precyzyjne maszyny i zaawansowane systemy testowe. Nasze procesy produkcyjne s\u0105 zgodne z rygorystycznymi normami krajowymi i mi\u0119dzynarodowymi, co zapewnia, \u017ce ka\u017cdy cylinder hydrauliczny opuszczaj\u0105cy nasz\u0105 fabryk\u0119 jest najwy\u017cszej jako\u015bci i niezawodno\u015bci. Nasz wykwalifikowany zesp\u00f3\u0142 techniczny w po\u0142\u0105czeniu z najnowocze\u015bniejszym sprz\u0119tem pozwala nam zachowa\u0107 \u015bcis\u0142\u0105 kontrol\u0119 jako\u015bci na ka\u017cdym etapie produkcji \u2014 od wyboru surowca po ko\u0144cow\u0105 kontrol\u0119. To oddanie doskona\u0142o\u015bci przynios\u0142o nam certyfikaty i uznanie autorytet\u00f3w bran\u017cowych, co dodatkowo umocni\u0142o nasz\u0105 reputacj\u0119 niezawodnego partnera.<\/p>\n<p class=\"break-words\">Nasza misja jest prosta, ale ambitna: dostarcza\u0107 naszym klientom cylindry hydrauliczne, kt\u00f3re przekraczaj\u0105 oczekiwania pod wzgl\u0119dem wydajno\u015bci, trwa\u0142o\u015bci i warto\u015bci. Dzia\u0142amy zgodnie z zasadami profesjonalizmu, uczciwo\u015bci i skupienia na kliencie. Poprzez promowanie kultury innowacji i precyzji nieustannie udoskonalamy nasze produkty, aby utrzyma\u0107 si\u0119 na czele konkurencyjnego rynku. Nasza kompleksowa oferta produkt\u00f3w i zdolno\u015b\u0107 do oferowania dostosowanych rozwi\u0105za\u0144 sprawiaj\u0105, \u017ce jeste\u015bmy pierwszym wyborem dla firm poszukuj\u0105cych wysokowydajnych cylindr\u00f3w hydraulicznych.<\/p>\n<p class=\"break-words\">FMP to co\u015b wi\u0119cej ni\u017c tylko producent \u2014 jeste\u015bmy partnerem w Twoim sukcesie. Rozumiemy, \u017ce nasi klienci polegaj\u0105 na nas, je\u015bli chodzi o dostarczanie narz\u0119dzi, kt\u00f3re zwi\u0119kszaj\u0105 ich produktywno\u015b\u0107 i bezpiecze\u0144stwo. Dlatego te\u017c jeste\u015bmy zobowi\u0105zani do oferowania nie tylko produkt\u00f3w najwy\u017cszej klasy, ale tak\u017ce wyj\u0105tkowej obs\u0142ugi. Od wst\u0119pnych konsultacji po wsparcie posprzeda\u017cowe, \u015bci\u015ble wsp\u00f3\u0142pracujemy z naszymi klientami, aby zapewni\u0107, \u017ce ich potrzeby s\u0105 spe\u0142niane z profesjonalizmem i trosk\u0105. Nasze konkurencyjne ceny w po\u0142\u0105czeniu z naszym niezachwianym zaanga\u017cowaniem w jako\u015b\u0107 sprawiaj\u0105, \u017ce FMP jest m\u0105drym wyborem dla firm, kt\u00f3re chc\u0105 zainwestowa\u0107 w rozwi\u0105zania hydrauliczne, kt\u00f3rym mog\u0105 zaufa\u0107.<\/p>","protected":false},"excerpt":{"rendered":"<p>Italy Manufacture Trailer Telescopic Hydraulic Ram For Agriculture From FMP FMP, an esteemed manufacturer based in Italy, is proud to present its Trailer Telescopic Hydraulic Ram, meticulously designed for agricultural applications. Established in 2006 and operating from its base in Italy, FMP offers unparalleled expertise in the field of hydraulic technology. Product Description and Functionality [&hellip;]<\/p>","protected":false},"featured_media":6799,"comment_status":"closed","ping_status":"closed","template":"","meta":{"_et_pb_use_builder":"","_et_pb_old_content":"","_et_gb_content_width":""},"product_brand":[],"product_cat":[103],"product_tag":[34,105],"class_list":{"0":"post-6604","1":"product","2":"type-product","3":"status-publish","4":"has-post-thumbnail","6":"product_cat-telescopic-hydraulic-cylinders","7":"product_tag-hydraulic-cylinder","8":"product_tag-telescopic-hydraulic-cylinders","10":"first","11":"instock","12":"product-type-simple"},"_links":{"self":[{"href":"https:\/\/fmp-components.com\/pl\/wp-json\/wp\/v2\/product\/6604","targetHints":{"allow":["GET"]}}],"collection":[{"href":"https:\/\/fmp-components.com\/pl\/wp-json\/wp\/v2\/product"}],"about":[{"href":"https:\/\/fmp-components.com\/pl\/wp-json\/wp\/v2\/types\/product"}],"replies":[{"embeddable":true,"href":"https:\/\/fmp-components.com\/pl\/wp-json\/wp\/v2\/comments?post=6604"}],"wp:featuredmedia":[{"embeddable":true,"href":"https:\/\/fmp-components.com\/pl\/wp-json\/wp\/v2\/media\/6799"}],"wp:attachment":[{"href":"https:\/\/fmp-components.com\/pl\/wp-json\/wp\/v2\/media?parent=6604"}],"wp:term":[{"taxonomy":"product_brand","embeddable":true,"href":"https:\/\/fmp-components.com\/pl\/wp-json\/wp\/v2\/product_brand?post=6604"},{"taxonomy":"product_cat","embeddable":true,"href":"https:\/\/fmp-components.com\/pl\/wp-json\/wp\/v2\/product_cat?post=6604"},{"taxonomy":"product_tag","embeddable":true,"href":"https:\/\/fmp-components.com\/pl\/wp-json\/wp\/v2\/product_tag?post=6604"}],"curies":[{"name":"wp","href":"https:\/\/api.w.org\/{rel}","templated":true}]}}