{"id":6603,"date":"2025-03-11T06:32:38","date_gmt":"2025-03-11T06:32:38","guid":{"rendered":"https:\/\/fmp-components.com\/product\/3ton-high-quality-telescopic-for-trailer-hydraulic-cylinders-from-fmp"},"modified":"2025-03-14T01:58:45","modified_gmt":"2025-03-14T01:58:45","slug":"3ton-high-quality-telescopic-for-trailer-hydraulic-cylinders-from-fmp","status":"publish","type":"product","link":"https:\/\/fmp-components.com\/pl\/product\/3ton-high-quality-telescopic-for-trailer-hydraulic-cylinders-from-fmp\/","title":{"rendered":"3-tonowe, wysokiej jako\u015bci teleskopowe si\u0142owniki hydrauliczne do przyczep firmy FMP"},"content":{"rendered":"<h2>3-tonowe, wysokiej jako\u015bci teleskopowe si\u0142owniki hydrauliczne do przyczep firmy FMP<\/h2>\n<p>Zmodernizuj sw\u00f3j park maszynowy dzi\u0119ki naszym 3-tonowym, wysokiej jako\u015bci teleskopowym si\u0142ownikom hydraulicznym przeznaczonym do przyczep. Ten wysokowydajny produkt firmy FMP, za\u0142o\u017conej w 2006 roku, gwarantuje wydajno\u015b\u0107 i niezawodno\u015b\u0107 dzia\u0142ania Twoich maszyn.<\/p>\n<h3>Funkcje i funkcjonalno\u015b\u0107<\/h3>\n<p>Nasze cylindry hydrauliczne s\u0105 nap\u0119dzane ciecz\u0105, zazwyczaj olejem, i maj\u0105 konstrukcj\u0119 t\u0142okow\u0105. Oferuj\u0105 maksymaln\u0105 si\u0142\u0119 ci\u0105gu 3000 i maksymaln\u0105 si\u0142\u0119 uci\u0105gu 600. Niestandardowa konstrukcja naszych cylindr\u00f3w zapewnia mo\u017cliwo\u015b\u0107 dostosowania do r\u00f3\u017cnych konfiguracji maszyn. Korpus wykonany jest z wytrzyma\u0142ej stali, co gwarantuje trwa\u0142o\u015b\u0107 i odporno\u015b\u0107 na zu\u017cycie.<\/p>\n<h3>Dane techniczne<\/h3>\n<p>Nasze cylindry hydrauliczne s\u0105 projektowane z \u015brednic\u0105 otworu dostosowan\u0105 do Pa\u0144stwa specyficznych wymaga\u0144 i zakresem \u015brednic od 20 do 250 mm. Posiadaj\u0105 certyfikat ISO 9001:2000, co potwierdza \u015bcis\u0142e przestrzeganie zasad zarz\u0105dzania jako\u015bci\u0105 i konsekwentn\u0105 dostaw\u0119 produkt\u00f3w spe\u0142niaj\u0105cych wymagania klient\u00f3w i przepisy.<\/p>\n<table style=\"width: 92.7585%;\" border=\"\">\n<tbody>\n<tr>\n<td style=\"width: 45.9016%;\">Rozmiar otworu zewn\u0119trznego<\/td>\n<td style=\"width: 365.027%;\">3,75-4,5 cala<\/td>\n<\/tr>\n<tr>\n<td style=\"width: 45.9016%;\">Pojemno\u015b\u0107<\/td>\n<td style=\"width: 365.027%;\">7-12 ton<\/td>\n<\/tr>\n<tr>\n<td style=\"width: 45.9016%;\">Rozmiar poci\u0105gni\u0119cia<\/td>\n<td style=\"width: 365.027%;\">78-144 cali<\/td>\n<\/tr>\n<tr>\n<td style=\"width: 45.9016%;\">Rozmiar szpilki<\/td>\n<td style=\"width: 365.027%;\">1.015<\/td>\n<\/tr>\n<tr>\n<td style=\"width: 45.9016%;\">Porty<\/td>\n<td style=\"width: 365.027%;\">G\/SAE\/NPT\/M<\/td>\n<\/tr>\n<\/tbody>\n<\/table>\n<h2>Unikalne cechy i zalety<\/h2>\n<ul>\n<li>Efektywno\u015b\u0107 energetyczna: Cylindry hydrauliczne zu\u017cywaj\u0105 mniej energii, dzi\u0119ki czemu s\u0105 energooszcz\u0119dne.<\/li>\n<li>Wysoka wydajno\u015b\u0107: Cylindry te wytrzymuj\u0105 du\u017c\u0105 si\u0142\u0119 ci\u0105gu i ssania.<\/li>\n<li>Bezpiecze\u0144stwo: Zaprojektowane zgodnie z rygorystycznymi normami bezpiecze\u0144stwa, te cylindry gwarantuj\u0105 bezpieczn\u0105 prac\u0119.<\/li>\n<\/ul>\n<p><img loading=\"lazy\" decoding=\"async\" class=\"alignnone size-full wp-image-6757\" src=\"https:\/\/fmp-components.com\/wp-content\/uploads\/2025\/03\/Telescopic-Hydraulic-Cylinders-114.webp\" alt=\"Si\u0142owniki hydrauliczne teleskopowe\" width=\"2160\" height=\"2160\" title=\"\" srcset=\"https:\/\/fmp-components.com\/wp-content\/uploads\/2025\/03\/Telescopic-Hydraulic-Cylinders-114.webp 2160w, https:\/\/fmp-components.com\/wp-content\/uploads\/2025\/03\/Telescopic-Hydraulic-Cylinders-114-1280x1280.webp 1280w, https:\/\/fmp-components.com\/wp-content\/uploads\/2025\/03\/Telescopic-Hydraulic-Cylinders-114-980x980.webp 980w, https:\/\/fmp-components.com\/wp-content\/uploads\/2025\/03\/Telescopic-Hydraulic-Cylinders-114-480x480.webp 480w\" sizes=\"(min-width: 0px) and (max-width: 480px) 480px, (min-width: 481px) and (max-width: 980px) 980px, (min-width: 981px) and (max-width: 1280px) 1280px, (min-width: 1281px) 2160px, 100vw\" \/><\/p>\n<h2>Si\u0142owniki hydrauliczne i agregaty nap\u0119dowe<\/h2>\n<p>Si\u0142owniki hydrauliczne i agregaty pr\u0105dotw\u00f3rcze s\u0105 niezb\u0119dne w uk\u0142adach hydraulicznych. Ich wsp\u00f3lne dzia\u0142anie zapewnia szerokie zastosowanie technologii hydraulicznej w przemy\u015ble, zapewniaj\u0105c niezawodne zasilanie i sterowanie r\u00f3\u017cnorodnym sprz\u0119tem in\u017cynieryjnym i mechanicznym. Si\u0142ownik hydrauliczny, jako element wykonawczy, odpowiada za przekszta\u0142canie energii hydraulicznej w ruch mechaniczny, przekszta\u0142caj\u0105c ci\u015bnienie w si\u0142\u0119. Natomiast agregat pr\u0105dotw\u00f3rczy stanowi rdze\u0144, kt\u00f3ry dostarcza energi\u0119 i sygna\u0142y steruj\u0105ce wymagane przez uk\u0142ad hydrauliczny. Koordynacja tych dw\u00f3ch element\u00f3w zapewnia prawid\u0142owe dzia\u0142anie uk\u0142adu hydraulicznego. FMP oferuje r\u00f3wnie\u017c agregaty pr\u0105dotw\u00f3rcze na sprzeda\u017c.<\/p>\n<h3>O FMP<\/h3>\n<p class=\"break-words\">FMP jest wiod\u0105cym w\u0142oskim producentem specjalizuj\u0105cym si\u0119 w projektowaniu, rozwoju i produkcji wysokiej jako\u015bci cylindr\u00f3w hydraulicznych. Dzi\u0119ki bogatemu dziedzictwu zakorzenionemu w dziesi\u0119cioleciach do\u015bwiadczenia, z dum\u0105 \u0142\u0105czymy w\u0142oskie rzemios\u0142o z najnowocze\u015bniejsz\u0105 technologi\u0105, aby dostarcza\u0107 wyj\u0105tkowe rozwi\u0105zania hydrauliczne dostosowane do zr\u00f3\u017cnicowanych potrzeb naszych globalnych klient\u00f3w. Maj\u0105c siedzib\u0119 we W\u0142oszech, w centrum doskona\u0142o\u015bci in\u017cynieryjnej, FMP jest zaufan\u0105 mark\u0105 w bran\u017cy hydraulicznej, zobowi\u0105zan\u0105 do dostarczania niezawodnych, trwa\u0142ych i innowacyjnych produkt\u00f3w, kt\u00f3re wzmacniaj\u0105 firmy na ca\u0142ym \u015bwiecie.<\/p>\n<p class=\"break-words\">Nasza firma integruje najlepsze tradycje zaawansowanej produkcji z przysz\u0142o\u015bciowym podej\u015bciem. Korzystaj\u0105c z wieloletniego do\u015bwiadczenia w systemach hydraulicznych, FMP przekszta\u0142ci\u0142o si\u0119 w nowoczesne przedsi\u0119biorstwo, kt\u00f3re wyr\u00f3\u017cnia si\u0119 w badaniach, projektowaniu i produkcji. Specjalizujemy si\u0119 w szerokiej gamie cylindr\u00f3w hydraulicznych, w tym cylindrach dwustronnego dzia\u0142ania, cylindrach podnosz\u0105cych do samochod\u00f3w, cylindrach do maszyn rolniczych i rozwi\u0105zaniach projektowanych na zam\u00f3wienie do r\u00f3\u017cnych zastosowa\u0144 przemys\u0142owych. Niezale\u017cnie od tego, czy chodzi o budownictwo, instalacje przemys\u0142owe, rolnictwo czy ci\u0119\u017cki sprz\u0119t, nasze cylindry hydrauliczne s\u0105 zbudowane tak, aby dzia\u0142a\u0142y w najtrudniejszych warunkach, zapewniaj\u0105c bezpiecze\u0144stwo, wydajno\u015b\u0107 i d\u0142ugowieczno\u015b\u0107.<\/p>\n<p><img loading=\"lazy\" decoding=\"async\" class=\"alignnone size-full wp-image-6720\" src=\"https:\/\/fmp-components.com\/wp-content\/uploads\/2025\/03\/hydraulic-cylinder-8.webp\" alt=\"Si\u0142owniki hydrauliczne teleskopowe\" width=\"933\" height=\"526\" title=\"\" srcset=\"https:\/\/fmp-components.com\/wp-content\/uploads\/2025\/03\/hydraulic-cylinder-8.webp 933w, https:\/\/fmp-components.com\/wp-content\/uploads\/2025\/03\/hydraulic-cylinder-8-480x271.webp 480w\" sizes=\"(min-width: 0px) and (max-width: 480px) 480px, (min-width: 481px) 933px, 100vw\" \/><\/p>\n<p class=\"break-words\">W FMP jeste\u015bmy dumni z naszych najnowocze\u015bniejszych zak\u0142ad\u00f3w produkcyjnych, wyposa\u017conych w precyzyjne maszyny i zaawansowane systemy testowe. Nasze procesy produkcyjne s\u0105 zgodne z rygorystycznymi normami krajowymi i mi\u0119dzynarodowymi, co zapewnia, \u017ce ka\u017cdy cylinder hydrauliczny opuszczaj\u0105cy nasz\u0105 fabryk\u0119 jest najwy\u017cszej jako\u015bci i niezawodno\u015bci. Nasz wykwalifikowany zesp\u00f3\u0142 techniczny w po\u0142\u0105czeniu z najnowocze\u015bniejszym sprz\u0119tem pozwala nam zachowa\u0107 \u015bcis\u0142\u0105 kontrol\u0119 jako\u015bci na ka\u017cdym etapie produkcji \u2014 od wyboru surowca po ko\u0144cow\u0105 kontrol\u0119. To oddanie doskona\u0142o\u015bci przynios\u0142o nam certyfikaty i uznanie autorytet\u00f3w bran\u017cowych, co dodatkowo umocni\u0142o nasz\u0105 reputacj\u0119 niezawodnego partnera.<\/p>\n<p class=\"break-words\">Nasza misja jest prosta, ale ambitna: dostarcza\u0107 naszym klientom cylindry hydrauliczne, kt\u00f3re przekraczaj\u0105 oczekiwania pod wzgl\u0119dem wydajno\u015bci, trwa\u0142o\u015bci i warto\u015bci. Dzia\u0142amy zgodnie z zasadami profesjonalizmu, uczciwo\u015bci i skupienia na kliencie. Poprzez promowanie kultury innowacji i precyzji nieustannie udoskonalamy nasze produkty, aby utrzyma\u0107 si\u0119 na czele konkurencyjnego rynku. Nasza kompleksowa oferta produkt\u00f3w i zdolno\u015b\u0107 do oferowania dostosowanych rozwi\u0105za\u0144 sprawiaj\u0105, \u017ce jeste\u015bmy pierwszym wyborem dla firm poszukuj\u0105cych wysokowydajnych cylindr\u00f3w hydraulicznych.<\/p>\n<p class=\"break-words\">FMP to co\u015b wi\u0119cej ni\u017c tylko producent \u2014 jeste\u015bmy partnerem w Twoim sukcesie. Rozumiemy, \u017ce nasi klienci polegaj\u0105 na nas, je\u015bli chodzi o dostarczanie narz\u0119dzi, kt\u00f3re zwi\u0119kszaj\u0105 ich produktywno\u015b\u0107 i bezpiecze\u0144stwo. Dlatego te\u017c jeste\u015bmy zobowi\u0105zani do oferowania nie tylko produkt\u00f3w najwy\u017cszej klasy, ale tak\u017ce wyj\u0105tkowej obs\u0142ugi. Od wst\u0119pnych konsultacji po wsparcie posprzeda\u017cowe, \u015bci\u015ble wsp\u00f3\u0142pracujemy z naszymi klientami, aby zapewni\u0107, \u017ce ich potrzeby s\u0105 spe\u0142niane z profesjonalizmem i trosk\u0105. Nasze konkurencyjne ceny w po\u0142\u0105czeniu z naszym niezachwianym zaanga\u017cowaniem w jako\u015b\u0107 sprawiaj\u0105, \u017ce FMP jest m\u0105drym wyborem dla firm, kt\u00f3re chc\u0105 zainwestowa\u0107 w rozwi\u0105zania hydrauliczne, kt\u00f3rym mog\u0105 zaufa\u0107.<\/p>","protected":false},"excerpt":{"rendered":"<p>3ton High Quality Telescopic for Trailer Hydraulic Cylinders From FMP Upgrade your machinery with our 3-ton high-quality telescopic hydraulic cylinders designed for trailers. This high-performance product From FMP, established in 2006, ensures efficiency and reliability in the operations of your machinery. Features and Functionality Our hydraulic cylinders are powered by fluid, typically oil, and are [&hellip;]<\/p>","protected":false},"featured_media":6804,"comment_status":"closed","ping_status":"closed","template":"","meta":{"_et_pb_use_builder":"","_et_pb_old_content":"","_et_gb_content_width":""},"product_brand":[],"product_cat":[103],"product_tag":[34,105],"class_list":{"0":"post-6603","1":"product","2":"type-product","3":"status-publish","4":"has-post-thumbnail","6":"product_cat-telescopic-hydraulic-cylinders","7":"product_tag-hydraulic-cylinder","8":"product_tag-telescopic-hydraulic-cylinders","10":"first","11":"instock","12":"product-type-simple"},"_links":{"self":[{"href":"https:\/\/fmp-components.com\/pl\/wp-json\/wp\/v2\/product\/6603","targetHints":{"allow":["GET"]}}],"collection":[{"href":"https:\/\/fmp-components.com\/pl\/wp-json\/wp\/v2\/product"}],"about":[{"href":"https:\/\/fmp-components.com\/pl\/wp-json\/wp\/v2\/types\/product"}],"replies":[{"embeddable":true,"href":"https:\/\/fmp-components.com\/pl\/wp-json\/wp\/v2\/comments?post=6603"}],"wp:featuredmedia":[{"embeddable":true,"href":"https:\/\/fmp-components.com\/pl\/wp-json\/wp\/v2\/media\/6804"}],"wp:attachment":[{"href":"https:\/\/fmp-components.com\/pl\/wp-json\/wp\/v2\/media?parent=6603"}],"wp:term":[{"taxonomy":"product_brand","embeddable":true,"href":"https:\/\/fmp-components.com\/pl\/wp-json\/wp\/v2\/product_brand?post=6603"},{"taxonomy":"product_cat","embeddable":true,"href":"https:\/\/fmp-components.com\/pl\/wp-json\/wp\/v2\/product_cat?post=6603"},{"taxonomy":"product_tag","embeddable":true,"href":"https:\/\/fmp-components.com\/pl\/wp-json\/wp\/v2\/product_tag?post=6603"}],"curies":[{"name":"wp","href":"https:\/\/api.w.org\/{rel}","templated":true}]}}