{"id":6600,"date":"2025-03-11T06:32:38","date_gmt":"2025-03-11T06:32:38","guid":{"rendered":"https:\/\/fmp-components.com\/product\/3tons-5tons-7tons-12-tons-telescopic-multistages-tipper-truck-hydraulic-cylinder-from-fmp"},"modified":"2025-03-12T03:14:59","modified_gmt":"2025-03-12T03:14:59","slug":"3tons-5tons-7tons-12-tons-telescopic-multistages-tipper-truck-hydraulic-cylinder-from-fmp","status":"publish","type":"product","link":"https:\/\/fmp-components.com\/pl\/product\/3tons-5tons-7tons-12-tons-telescopic-multistages-tipper-truck-hydraulic-cylinder-from-fmp\/","title":{"rendered":"3 tony, 5 ton, 7 ton, 12 ton Teleskopowy\/wielostopniowy si\u0142ownik hydrauliczny wywrotki firmy FMP"},"content":{"rendered":"<h2>3 tony, 5 ton, 7 ton, 12 ton Teleskopowy\/wielostopniowy si\u0142ownik hydrauliczny wywrotki firmy FMP<\/h2>\n<p>Teleskopowy\/wielostopniowy si\u0142ownik hydrauliczny firmy FMP to innowacyjne rozwi\u0105zanie dla wywrotek. Ten si\u0142ownik hydrauliczny jest przeznaczony do pojazd\u00f3w o ud\u017awigu 3, 5, 7 i 12 ton, zapewniaj\u0105c wyj\u0105tkow\u0105 moc i precyzj\u0119. Wykonane z wysokiej jako\u015bci stali, si\u0142owniki te gwarantuj\u0105 optymaln\u0105 wydajno\u015b\u0107 i trwa\u0142o\u015b\u0107.<\/p>\n<h3>Cechy i funkcje<\/h3>\n<p>Nasze cylindry hydrauliczne posiadaj\u0105 certyfikat ISO 9001:2000, co stanowi gwarancj\u0119 najwy\u017cszej jako\u015bci i wydajno\u015bci, odzwierciedlaj\u0105c nasze zaanga\u017cowanie w d\u0105\u017cenie do doskona\u0142o\u015bci w produkcji. Dzi\u0119ki imponuj\u0105cej sile ci\u0105gu 3000 i maksymalnej sile uci\u0105gu 600, cylindry te zapewniaj\u0105 wysok\u0105 wydajno\u015b\u0107, odpowiedni\u0105 do szerokiego zakresu zastosowa\u0144 przemys\u0142owych. \u015arednica cylindr\u00f3w wynosi od 20 mm do 250 mm, co zapewnia niezr\u00f3wnan\u0105 wszechstronno\u015b\u0107 i pozwala sprosta\u0107 r\u00f3\u017cnorodnym wymaganiom operacyjnym. Niezale\u017cnie od tego, czy potrzebujesz kompaktowego rozwi\u0105zania do pracy w ciasnych przestrzeniach, czy wi\u0119kszego cylindra do zada\u0144 o du\u017cej wytrzyma\u0142o\u015bci, nasze produkty mog\u0105 zosta\u0107 dostosowane do Twoich indywidualnych potrzeb.<\/p>\n<p><img loading=\"lazy\" decoding=\"async\" class=\"alignnone  wp-image-6657\" src=\"https:\/\/fmp-components.com\/wp-content\/uploads\/2025\/03\/telescopic-hydraulic-cylinder-3.webp\" alt=\"si\u0142ownik hydrauliczny teleskopowy\" width=\"902\" height=\"902\" title=\"\" srcset=\"https:\/\/fmp-components.com\/wp-content\/uploads\/2025\/03\/telescopic-hydraulic-cylinder-3.webp 902w, https:\/\/fmp-components.com\/wp-content\/uploads\/2025\/03\/telescopic-hydraulic-cylinder-3-480x480.webp 480w\" sizes=\"(min-width: 0px) and (max-width: 480px) 480px, (min-width: 481px) 902px, 100vw\" \/><\/p>\n<h3>Specyfikacja produktu<\/h3>\n<p>Ka\u017cdy si\u0142ownik hydrauliczny jest fachowo zaprojektowany i wyprodukowany zgodnie z precyzyjnymi specyfikacjami. \u015arednica cylindra jest w pe\u0142ni konfigurowalna, co pozwala na dob\u00f3r wymiar\u00f3w idealnie dopasowanych do wymaga\u0144 konkretnego zastosowania. Ta elastyczno\u015b\u0107 gwarantuje, \u017ce otrzymasz produkt idealnie dopasowany do Twoich potrzeb operacyjnych. Dodatkowo, si\u0142owniki te s\u0105 wyposa\u017cone w wysokiej jako\u015bci \u0142o\u017cyska, kt\u00f3re znacz\u0105co zwi\u0119kszaj\u0105 ich wydajno\u015b\u0107 i trwa\u0142o\u015b\u0107. Zastosowanie \u0142o\u017cysk zmniejsza tarcie i zu\u017cycie, zapewniaj\u0105c p\u0142ynniejsz\u0105 prac\u0119 i wyd\u0142u\u017caj\u0105c \u017cywotno\u015b\u0107 si\u0142ownika hydraulicznego.<\/p>\n<h3>Unikalne cechy<\/h3>\n<ul>\n<li><strong>Oszcz\u0119dno\u015b\u0107 energii:<\/strong> Nasze cylindry hydrauliczne zosta\u0142y zaprojektowane z my\u015bl\u0105 o oszcz\u0119dno\u015bci energii. Taka konstrukcja nie tylko pomaga obni\u017cy\u0107 koszty operacyjne, ale tak\u017ce przyczynia si\u0119 do zr\u00f3wnowa\u017conego rozwoju \u015brodowiska poprzez minimalizacj\u0119 strat energii podczas pracy. Dzi\u0119ki optymalizacji zu\u017cycia p\u0142ynu hydraulicznego, nasze cylindry pozwalaj\u0105 firmom efektywnie osi\u0105ga\u0107 swoje cele, jednocze\u015bnie dbaj\u0105c o zu\u017cycie energii.<\/li>\n<li><strong>Wydajny:<\/strong> Dzi\u0119ki zaawansowanej technologii hydraulicznej nasze cylindry zapewniaj\u0105 wysok\u0105 sprawno\u015b\u0107 i wydajno\u015b\u0107. Przek\u0142ada si\u0119 to na kr\u00f3tsze cykle i wy\u017csz\u0105 produktywno\u015b\u0107, umo\u017cliwiaj\u0105c przedsi\u0119biorstwom usprawnienie proces\u00f3w i zwi\u0119kszenie og\u00f3lnej efektywno\u015bci operacyjnej.<\/li>\n<li><strong>Bezpiecze\u0144stwo:<\/strong> Bezpiecze\u0144stwo jest priorytetem w zastosowaniach przemys\u0142owych, a nasze cylindry hydrauliczne s\u0105 wykonane z wysokiej jako\u015bci materia\u0142\u00f3w, kt\u00f3re zapewniaj\u0105 trwa\u0142o\u015b\u0107 nawet w najbardziej wymagaj\u0105cych warunkach pracy. Rygorystyczne testy i protoko\u0142y kontroli jako\u015bci gwarantuj\u0105, \u017ce nasze produkty spe\u0142niaj\u0105 najwy\u017csze standardy bezpiecze\u0144stwa. Ta solidna konstrukcja nie tylko chroni operator\u00f3w, ale tak\u017ce zwi\u0119ksza niezawodno\u015b\u0107 maszyn, zapewniaj\u0105c bezpieczniejsze \u015brodowisko pracy.<\/li>\n<\/ul>\n<p>Nasze si\u0142owniki hydrauliczne zosta\u0142y zaprojektowane z my\u015bl\u0105 o doskona\u0142ej wydajno\u015bci, bezpiecze\u0144stwie i efektywno\u015bci, co czyni je idealnym wyborem do r\u00f3\u017cnorodnych zastosowa\u0144 przemys\u0142owych. Dzi\u0119ki mo\u017cliwo\u015bci dostosowania specyfikacji i dba\u0142o\u015bci o jako\u015b\u0107, oferujemy rozwi\u0105zania, kt\u00f3re umo\u017cliwiaj\u0105 firmom efektywn\u0105 i bezpieczn\u0105 dzia\u0142alno\u015b\u0107.<\/p>\n<h3>O FMP<\/h3>\n<p class=\"break-words\">FMP jest wiod\u0105cym w\u0142oskim producentem specjalizuj\u0105cym si\u0119 w projektowaniu, rozwoju i produkcji wysokiej jako\u015bci cylindr\u00f3w hydraulicznych. Dzi\u0119ki bogatemu dziedzictwu zakorzenionemu w dziesi\u0119cioleciach do\u015bwiadczenia, z dum\u0105 \u0142\u0105czymy w\u0142oskie rzemios\u0142o z najnowocze\u015bniejsz\u0105 technologi\u0105, aby dostarcza\u0107 wyj\u0105tkowe rozwi\u0105zania hydrauliczne dostosowane do zr\u00f3\u017cnicowanych potrzeb naszych globalnych klient\u00f3w. Maj\u0105c siedzib\u0119 we W\u0142oszech, w centrum doskona\u0142o\u015bci in\u017cynieryjnej, FMP jest zaufan\u0105 mark\u0105 w bran\u017cy hydraulicznej, zobowi\u0105zan\u0105 do dostarczania niezawodnych, trwa\u0142ych i innowacyjnych produkt\u00f3w, kt\u00f3re wzmacniaj\u0105 firmy na ca\u0142ym \u015bwiecie.<\/p>\n<p class=\"break-words\">Nasza firma integruje najlepsze tradycje zaawansowanej produkcji z przysz\u0142o\u015bciowym podej\u015bciem. Korzystaj\u0105c z wieloletniego do\u015bwiadczenia w systemach hydraulicznych, FMP przekszta\u0142ci\u0142o si\u0119 w nowoczesne przedsi\u0119biorstwo, kt\u00f3re wyr\u00f3\u017cnia si\u0119 w badaniach, projektowaniu i produkcji. Specjalizujemy si\u0119 w szerokiej gamie cylindr\u00f3w hydraulicznych, w tym cylindrach dwustronnego dzia\u0142ania, cylindrach podnosz\u0105cych do samochod\u00f3w, cylindrach do maszyn rolniczych i rozwi\u0105zaniach projektowanych na zam\u00f3wienie do r\u00f3\u017cnych zastosowa\u0144 przemys\u0142owych. Niezale\u017cnie od tego, czy chodzi o budownictwo, instalacje przemys\u0142owe, rolnictwo czy ci\u0119\u017cki sprz\u0119t, nasze cylindry hydrauliczne s\u0105 zbudowane tak, aby dzia\u0142a\u0142y w najtrudniejszych warunkach, zapewniaj\u0105c bezpiecze\u0144stwo, wydajno\u015b\u0107 i d\u0142ugowieczno\u015b\u0107.<\/p>\n<p><img loading=\"lazy\" decoding=\"async\" class=\"alignnone size-full wp-image-6720\" src=\"https:\/\/fmp-components.com\/wp-content\/uploads\/2025\/03\/hydraulic-cylinder-8.webp\" alt=\"Si\u0142owniki hydrauliczne teleskopowe\" width=\"933\" height=\"526\" title=\"\" srcset=\"https:\/\/fmp-components.com\/wp-content\/uploads\/2025\/03\/hydraulic-cylinder-8.webp 933w, https:\/\/fmp-components.com\/wp-content\/uploads\/2025\/03\/hydraulic-cylinder-8-480x271.webp 480w\" sizes=\"(min-width: 0px) and (max-width: 480px) 480px, (min-width: 481px) 933px, 100vw\" \/><\/p>\n<p class=\"break-words\">W FMP jeste\u015bmy dumni z naszych najnowocze\u015bniejszych zak\u0142ad\u00f3w produkcyjnych, wyposa\u017conych w precyzyjne maszyny i zaawansowane systemy testowe. Nasze procesy produkcyjne s\u0105 zgodne z rygorystycznymi normami krajowymi i mi\u0119dzynarodowymi, co zapewnia, \u017ce ka\u017cdy cylinder hydrauliczny opuszczaj\u0105cy nasz\u0105 fabryk\u0119 jest najwy\u017cszej jako\u015bci i niezawodno\u015bci. Nasz wykwalifikowany zesp\u00f3\u0142 techniczny w po\u0142\u0105czeniu z najnowocze\u015bniejszym sprz\u0119tem pozwala nam zachowa\u0107 \u015bcis\u0142\u0105 kontrol\u0119 jako\u015bci na ka\u017cdym etapie produkcji \u2014 od wyboru surowca po ko\u0144cow\u0105 kontrol\u0119. To oddanie doskona\u0142o\u015bci przynios\u0142o nam certyfikaty i uznanie autorytet\u00f3w bran\u017cowych, co dodatkowo umocni\u0142o nasz\u0105 reputacj\u0119 niezawodnego partnera.<\/p>\n<p class=\"break-words\">Nasza misja jest prosta, ale ambitna: dostarcza\u0107 naszym klientom cylindry hydrauliczne, kt\u00f3re przekraczaj\u0105 oczekiwania pod wzgl\u0119dem wydajno\u015bci, trwa\u0142o\u015bci i warto\u015bci. Dzia\u0142amy zgodnie z zasadami profesjonalizmu, uczciwo\u015bci i skupienia na kliencie. Poprzez promowanie kultury innowacji i precyzji nieustannie udoskonalamy nasze produkty, aby utrzyma\u0107 si\u0119 na czele konkurencyjnego rynku. Nasza kompleksowa oferta produkt\u00f3w i zdolno\u015b\u0107 do oferowania dostosowanych rozwi\u0105za\u0144 sprawiaj\u0105, \u017ce jeste\u015bmy pierwszym wyborem dla firm poszukuj\u0105cych wysokowydajnych cylindr\u00f3w hydraulicznych.<\/p>\n<p class=\"break-words\">FMP to co\u015b wi\u0119cej ni\u017c tylko producent \u2014 jeste\u015bmy partnerem w Twoim sukcesie. Rozumiemy, \u017ce nasi klienci polegaj\u0105 na nas, je\u015bli chodzi o dostarczanie narz\u0119dzi, kt\u00f3re zwi\u0119kszaj\u0105 ich produktywno\u015b\u0107 i bezpiecze\u0144stwo. Dlatego te\u017c jeste\u015bmy zobowi\u0105zani do oferowania nie tylko produkt\u00f3w najwy\u017cszej klasy, ale tak\u017ce wyj\u0105tkowej obs\u0142ugi. Od wst\u0119pnych konsultacji po wsparcie posprzeda\u017cowe, \u015bci\u015ble wsp\u00f3\u0142pracujemy z naszymi klientami, aby zapewni\u0107, \u017ce ich potrzeby s\u0105 spe\u0142niane z profesjonalizmem i trosk\u0105. Nasze konkurencyjne ceny w po\u0142\u0105czeniu z naszym niezachwianym zaanga\u017cowaniem w jako\u015b\u0107 sprawiaj\u0105, \u017ce FMP jest m\u0105drym wyborem dla firm, kt\u00f3re chc\u0105 zainwestowa\u0107 w rozwi\u0105zania hydrauliczne, kt\u00f3rym mog\u0105 zaufa\u0107.<\/p>\n<h2>Cz\u0119sto zadawane pytania<\/h2>\n<h3>P1: Jak\u0105 gwarancj\u0119 maj\u0105 cylindry hydrauliczne?<\/h3>\n<p>Na nasze si\u0142owniki hydrauliczne udzielamy 1-letniej gwarancji, co zapewnia ich jako\u015b\u0107 i wydajno\u015b\u0107.<\/p>\n<h3>P2: Czy mog\u0119 dostosowa\u0107 \u015brednic\u0119 otworu cylindra hydraulicznego?<\/h3>\n<p>Tak, \u015brednic\u0119 otworu naszych cylindr\u00f3w hydraulicznych mo\u017cna dostosowa\u0107 do Pa\u0144stwa konkretnych wymaga\u0144.<\/p>\n<h3>P3: Jaka jest maksymalna si\u0142a ci\u0105gu i poci\u0105gni\u0119cia cylindr\u00f3w hydraulicznych?<\/h3>\n<p>Maksymalna si\u0142a ci\u0105gu naszych si\u0142ownik\u00f3w hydraulicznych wynosi 3000, a maksymalna si\u0142a uci\u0105gu \u2014 600.<\/p>\n<p><img loading=\"lazy\" decoding=\"async\" class=\"alignnone  wp-image-6717\" src=\"https:\/\/fmp-components.com\/wp-content\/uploads\/2025\/03\/hydraulic-cylinder-211.webp\" alt=\"Si\u0142owniki hydrauliczne\" width=\"893\" height=\"895\" title=\"\" srcset=\"https:\/\/fmp-components.com\/wp-content\/uploads\/2025\/03\/hydraulic-cylinder-211.webp 893w, https:\/\/fmp-components.com\/wp-content\/uploads\/2025\/03\/hydraulic-cylinder-211-480x481.webp 480w\" sizes=\"(min-width: 0px) and (max-width: 480px) 480px, (min-width: 481px) 893px, 100vw\" \/><\/p>","protected":false},"excerpt":{"rendered":"<p>3tons 5tons 7tons 12 tons Telescopic \/MultiStages Tipper Truck Hydraulic Cylinder From FMP The Telescopic\/MultiStages hydraulic cylinder From FMP is an innovative solution for tipper trucks. This hydraulic cylinder is designed for 3-ton, 5-ton, 7-ton, and 12-ton trucks, providing exceptional power and precision. Manufactured with high-quality steel, these hydraulic cylinders ensure optimal performance and durability. [&hellip;]<\/p>","protected":false},"featured_media":6710,"comment_status":"closed","ping_status":"closed","template":"","meta":{"_et_pb_use_builder":"","_et_pb_old_content":"","_et_gb_content_width":""},"product_brand":[],"product_cat":[103],"product_tag":[34,105],"class_list":{"0":"post-6600","1":"product","2":"type-product","3":"status-publish","4":"has-post-thumbnail","6":"product_cat-telescopic-hydraulic-cylinders","7":"product_tag-hydraulic-cylinder","8":"product_tag-telescopic-hydraulic-cylinders","10":"first","11":"instock","12":"product-type-simple"},"_links":{"self":[{"href":"https:\/\/fmp-components.com\/pl\/wp-json\/wp\/v2\/product\/6600","targetHints":{"allow":["GET"]}}],"collection":[{"href":"https:\/\/fmp-components.com\/pl\/wp-json\/wp\/v2\/product"}],"about":[{"href":"https:\/\/fmp-components.com\/pl\/wp-json\/wp\/v2\/types\/product"}],"replies":[{"embeddable":true,"href":"https:\/\/fmp-components.com\/pl\/wp-json\/wp\/v2\/comments?post=6600"}],"wp:featuredmedia":[{"embeddable":true,"href":"https:\/\/fmp-components.com\/pl\/wp-json\/wp\/v2\/media\/6710"}],"wp:attachment":[{"href":"https:\/\/fmp-components.com\/pl\/wp-json\/wp\/v2\/media?parent=6600"}],"wp:term":[{"taxonomy":"product_brand","embeddable":true,"href":"https:\/\/fmp-components.com\/pl\/wp-json\/wp\/v2\/product_brand?post=6600"},{"taxonomy":"product_cat","embeddable":true,"href":"https:\/\/fmp-components.com\/pl\/wp-json\/wp\/v2\/product_cat?post=6600"},{"taxonomy":"product_tag","embeddable":true,"href":"https:\/\/fmp-components.com\/pl\/wp-json\/wp\/v2\/product_tag?post=6600"}],"curies":[{"name":"wp","href":"https:\/\/api.w.org\/{rel}","templated":true}]}}