{"id":6597,"date":"2025-03-11T06:32:38","date_gmt":"2025-03-11T06:32:38","guid":{"rendered":"https:\/\/fmp-components.com\/product\/italy-manufacture-telescopic-multi-stages-hydraulic-cylinder-for-dump-truck-trailer-and-tipper-truck-from-fmp"},"modified":"2025-03-12T03:03:04","modified_gmt":"2025-03-12T03:03:04","slug":"italy-manufacture-telescopic-multi-stages-hydraulic-cylinder-for-dump-truck-trailer-and-tipper-truck-from-fmp","status":"publish","type":"product","link":"https:\/\/fmp-components.com\/pl\/product\/italy-manufacture-telescopic-multi-stages-hydraulic-cylinder-for-dump-truck-trailer-and-tipper-truck-from-fmp\/","title":{"rendered":"W\u0142ochy: Produkcja teleskopowych\/wielostopniowych si\u0142ownik\u00f3w hydraulicznych do wywrotek\/przyczep i samochod\u00f3w ci\u0119\u017carowych z wywrotk\u0105 od FMP"},"content":{"rendered":"<h2>W\u0142ochy: Produkcja teleskopowych\/wielostopniowych si\u0142ownik\u00f3w hydraulicznych do wywrotek\/przyczep i samochod\u00f3w ci\u0119\u017carowych z wywrotk\u0105 od FMP<\/h2>\n<p>FMP oferuje najwydajniejszy i najmocniejszy teleskopowy\/wielostopniowy si\u0142ownik hydrauliczny, idealne rozwi\u0105zanie do wywrotek, przyczep i samochod\u00f3w ci\u0119\u017carowych z wywrotk\u0105. Ten przemys\u0142owy si\u0142ownik hydrauliczny zosta\u0142 zaprojektowany z my\u015bl\u0105 o niezr\u00f3wnanej wydajno\u015bci i wytrzyma\u0142o\u015bci. To nowo\u015b\u0107 z 2021 roku, kt\u00f3ra gwarantuje najbardziej zaawansowan\u0105 technologi\u0119 i najwy\u017csz\u0105 jako\u015b\u0107.<\/p>\n<h3>Cechy i specyfikacje produktu<\/h3>\n<p>Ten si\u0142ownik hydrauliczny obj\u0119ty jest roczn\u0105 gwarancj\u0105 i sk\u0142ada si\u0119 z najwy\u017cszej jako\u015bci podzespo\u0142\u00f3w. Wykonany z wytrzyma\u0142ej stalowej obudowy, dzia\u0142a w oparciu o olej i posiada certyfikat ISO 9001:2000. Si\u0142a hydrauliczna sprawia, \u017ce \u200b\u200bjest to idealny wyb\u00f3r dla r\u00f3\u017cnych bran\u017c, w tym zak\u0142ad\u00f3w produkcyjnych, warsztat\u00f3w naprawczych maszyn, gospodarstw rolnych, energetyki i g\u00f3rnictwa.<\/p>\n<p><img loading=\"lazy\" decoding=\"async\" class=\"alignnone  wp-image-6661\" src=\"https:\/\/fmp-components.com\/wp-content\/uploads\/2025\/03\/telescopic-hydraulic-cylinder-10.webp\" alt=\"si\u0142ownik hydrauliczny teleskopowy\" width=\"901\" height=\"901\" title=\"\" srcset=\"https:\/\/fmp-components.com\/wp-content\/uploads\/2025\/03\/telescopic-hydraulic-cylinder-10.webp 901w, https:\/\/fmp-components.com\/wp-content\/uploads\/2025\/03\/telescopic-hydraulic-cylinder-10-480x480.webp 480w\" sizes=\"(min-width: 0px) and (max-width: 480px) 480px, (min-width: 481px) 901px, 100vw\" \/><\/p>\n<h3>Unikalne cechy i zalety<\/h3>\n<ul>\n<li>Oszcz\u0119dno\u015b\u0107 energii i wysoka wydajno\u015b\u0107<\/li>\n<li>Bezpieczne i niezawodne do ci\u0119\u017ckich maszyn<\/li>\n<li>Mo\u017cliwo\u015b\u0107 dostosowania do konkretnych potrzeb<\/li>\n<li>Trwa\u0142e i o d\u0142ugiej \u017cywotno\u015bci<\/li>\n<\/ul>\n<h2>Uk\u0142ad hydrauliczny i zasada dzia\u0142ania<\/h2>\n<p>Si\u0142ownik hydrauliczny dzia\u0142a w oparciu o fundamentaln\u0105 zasad\u0119 przekszta\u0142cania energii hydraulicznej w ruch mechaniczny. Nape\u0142niony p\u0142ynem hydraulicznym i pod ci\u015bnieniem cylinder generuje si\u0142\u0119, kt\u00f3ra mo\u017ce skutecznie przesuwa\u0107 \u0142adunek. Mechanizm ten jest szczeg\u00f3lnie przydatny w wielu zastosowaniach, takich jak podnoszenie ci\u0119\u017ckich przedmiot\u00f3w czy obs\u0142uga z\u0142o\u017conych maszyn przemys\u0142owych. Zasada dzia\u0142ania opiera si\u0119 na prawie Pascala, kt\u00f3re m\u00f3wi, \u017ce ci\u015bnienie wywierane na zamkni\u0119t\u0105 ciecz jest r\u00f3wnomiernie rozprowadzane we wszystkich kierunkach. W rezultacie nawet niewielki dop\u0142yw p\u0142ynu hydraulicznego mo\u017ce wytworzy\u0107 znaczn\u0105 si\u0142\u0119 podnoszenia, co sprawia, \u017ce \u200b\u200bsi\u0142owniki hydrauliczne s\u0105 niezb\u0119dne do zada\u0144 wymagaj\u0105cych zar\u00f3wno si\u0142y, jak i precyzji.<\/p>\n<h2>Zastosowanie cylindra hydraulicznego<\/h2>\n<p>Si\u0142ownik hydrauliczny firmy FMP oferuje szeroki zakres zastosowa\u0144 w wielu bran\u017cach. Jest szczeg\u00f3lnie skuteczny w wywrotkach i przyczepach, gdzie usprawnia mechanizmy podnoszenia i przechylania niezb\u0119dne do roz\u0142adunku materia\u0142\u00f3w takich jak \u017cwir, gleba czy gruz. W maszynach budowlanych si\u0142owniki hydrauliczne odgrywaj\u0105 kluczow\u0105 rol\u0119 w obs\u0142udze maszyn takich jak koparki, koparko-\u0142adowarki i spychacze, umo\u017cliwiaj\u0105c im wykonywanie zada\u0144 wymagaj\u0105cych podnoszenia du\u017cych ci\u0119\u017car\u00f3w i precyzyjnych ruch\u00f3w.<\/p>\n<p>Ponadto si\u0142owniki te znajduj\u0105 szerokie zastosowanie w maszynach rolniczych, wspomagaj\u0105c takie zadania, jak podnoszenie p\u0142ug\u00f3w, siewnik\u00f3w i innych narz\u0119dzi niezb\u0119dnych w rolnictwie. Wszechstronno\u015b\u0107 si\u0142ownik\u00f3w hydraulicznych rozci\u0105ga si\u0119 na r\u00f3\u017cne ga\u0142\u0119zie przemys\u0142u, w tym na zak\u0142ady produkcyjne, gdzie s\u0105 wykorzystywane na liniach monta\u017cowych i w procesach zautomatyzowanych, a tak\u017ce w warsztatach naprawczych maszyn, gdzie pomagaj\u0105 w podnoszeniu i ustawianiu ci\u0119\u017ckiego sprz\u0119tu w celu konserwacji. Sektor energetyczny i g\u00f3rniczy r\u00f3wnie\u017c wykorzystuj\u0105 si\u0142owniki hydrauliczne do zada\u0144 takich jak wiercenie i prze\u0142adunek materia\u0142\u00f3w, co dowodzi ich niezast\u0105pionej roli we wsp\u00f3\u0142czesnych zastosowaniach przemys\u0142owych.<\/p>\n<p><img loading=\"lazy\" decoding=\"async\" class=\"alignnone size-full wp-image-6660\" src=\"https:\/\/fmp-components.com\/wp-content\/uploads\/2025\/03\/hydraulic-cylinder-workshop-4.webp\" alt=\"si\u0142ownik hydrauliczny teleskopowy\" width=\"914\" height=\"733\" title=\"\" srcset=\"https:\/\/fmp-components.com\/wp-content\/uploads\/2025\/03\/hydraulic-cylinder-workshop-4.webp 914w, https:\/\/fmp-components.com\/wp-content\/uploads\/2025\/03\/hydraulic-cylinder-workshop-4-480x385.webp 480w\" sizes=\"(min-width: 0px) and (max-width: 480px) 480px, (min-width: 481px) 914px, 100vw\" \/><\/p>\n<h2>Si\u0142owniki hydrauliczne i agregaty nap\u0119dowe<\/h2>\n<p>Si\u0142owniki hydrauliczne i agregaty nap\u0119dowe s\u0105 niezb\u0119dnymi elementami ka\u017cdego uk\u0142adu hydraulicznego. Ich skoordynowane dzia\u0142anie ma kluczowe znaczenie dla efektywnego zastosowania technologii hydraulicznej w przemy\u015ble, zapewniaj\u0105c niezawodne zasilanie i sterowanie dla szerokiej gamy urz\u0105dze\u0144 in\u017cynieryjnych i mechanicznych. Si\u0142ownik hydrauliczny dzia\u0142a jak si\u0142ownik, przekszta\u0142caj\u0105c energi\u0119 hydrauliczn\u0105 w ruch mechaniczny, realizuj\u0105c w ten spos\u00f3b wymagane zadania z precyzj\u0105.<\/p>\n<p>Natomiast jednostka nap\u0119dowa pe\u0142ni rol\u0119 g\u0142\u00f3wnego elementu uk\u0142adu hydraulicznego, generuj\u0105c ci\u015bnienie hydrauliczne niezb\u0119dne do przep\u0142ywu cieczy przez uk\u0142ad i utrzymania optymalnego nat\u0119\u017cenia przep\u0142ywu. Jednostka nap\u0119dowa, zazwyczaj sk\u0142adaj\u0105ca si\u0119 z silnika, pompy, zbiornika i zawor\u00f3w steruj\u0105cych, zapewnia p\u0142ynn\u0105 i wydajn\u0105 prac\u0119 si\u0142ownika hydraulicznego. Ta synergia mi\u0119dzy si\u0142ownikiem hydraulicznym a jednostk\u0105 nap\u0119dow\u0105 jest niezb\u0119dna do bezproblemowej pracy uk\u0142ad\u00f3w hydraulicznych, umo\u017cliwiaj\u0105c przedsi\u0119biorstwom pe\u0142ne wykorzystanie potencja\u0142u technologii hydraulicznej. W FMP oferujemy r\u00f3wnie\u017c wysokiej jako\u015bci jednostki nap\u0119dowe, umo\u017cliwiaj\u0105c naszym klientom tworzenie w pe\u0142ni zintegrowanych system\u00f3w hydraulicznych, dostosowanych do ich specyficznych potrzeb operacyjnych.<\/p>\n<h2>Cz\u0119sto zadawane pytania<\/h2>\n<ol>\n<li>P: Jaki jest okres gwarancji na si\u0142ownik hydrauliczny?<br \/>\nA: Na nasze si\u0142owniki hydrauliczne udzielamy rocznej gwarancji.<\/li>\n<li>P: Czy si\u0142ownik hydrauliczny mo\u017cna dostosowa\u0107?<br \/>\nO: Tak, mo\u017cemy zaprojektowa\u0107 i wyprodukowa\u0107 si\u0142ownik hydrauliczny na podstawie Twoich konkretnych wymaga\u0144.<\/li>\n<li>P: W jakich ga\u0142\u0119ziach przemys\u0142u mo\u017cna stosowa\u0107 ten si\u0142ownik hydrauliczny?<br \/>\nA: Si\u0142ownik hydrauliczny mo\u017ce by\u0107 stosowany w wielu ga\u0142\u0119ziach przemys\u0142u, takich jak zak\u0142ady produkcyjne, warsztaty naprawy maszyn, gospodarstwa rolne, sektor energetyczny i g\u00f3rniczy.<\/li>\n<\/ol>\n<h3>O FMP<\/h3>\n<p class=\"break-words\">FMP jest wiod\u0105cym w\u0142oskim producentem specjalizuj\u0105cym si\u0119 w projektowaniu, rozwoju i produkcji wysokiej jako\u015bci cylindr\u00f3w hydraulicznych. Dzi\u0119ki bogatemu dziedzictwu zakorzenionemu w dziesi\u0119cioleciach do\u015bwiadczenia, z dum\u0105 \u0142\u0105czymy w\u0142oskie rzemios\u0142o z najnowocze\u015bniejsz\u0105 technologi\u0105, aby dostarcza\u0107 wyj\u0105tkowe rozwi\u0105zania hydrauliczne dostosowane do zr\u00f3\u017cnicowanych potrzeb naszych globalnych klient\u00f3w. Maj\u0105c siedzib\u0119 we W\u0142oszech, w centrum doskona\u0142o\u015bci in\u017cynieryjnej, FMP jest zaufan\u0105 mark\u0105 w bran\u017cy hydraulicznej, zobowi\u0105zan\u0105 do dostarczania niezawodnych, trwa\u0142ych i innowacyjnych produkt\u00f3w, kt\u00f3re wzmacniaj\u0105 firmy na ca\u0142ym \u015bwiecie.<\/p>\n<p class=\"break-words\">Nasza firma integruje najlepsze tradycje zaawansowanej produkcji z przysz\u0142o\u015bciowym podej\u015bciem. Korzystaj\u0105c z wieloletniego do\u015bwiadczenia w systemach hydraulicznych, FMP przekszta\u0142ci\u0142o si\u0119 w nowoczesne przedsi\u0119biorstwo, kt\u00f3re wyr\u00f3\u017cnia si\u0119 w badaniach, projektowaniu i produkcji. Specjalizujemy si\u0119 w szerokiej gamie cylindr\u00f3w hydraulicznych, w tym cylindrach dwustronnego dzia\u0142ania, cylindrach podnosz\u0105cych do samochod\u00f3w, cylindrach do maszyn rolniczych i rozwi\u0105zaniach projektowanych na zam\u00f3wienie do r\u00f3\u017cnych zastosowa\u0144 przemys\u0142owych. Niezale\u017cnie od tego, czy chodzi o budownictwo, instalacje przemys\u0142owe, rolnictwo czy ci\u0119\u017cki sprz\u0119t, nasze cylindry hydrauliczne s\u0105 zbudowane tak, aby dzia\u0142a\u0142y w najtrudniejszych warunkach, zapewniaj\u0105c bezpiecze\u0144stwo, wydajno\u015b\u0107 i d\u0142ugowieczno\u015b\u0107.<\/p>\n<p><img loading=\"lazy\" decoding=\"async\" class=\"alignnone size-full wp-image-6720\" src=\"https:\/\/fmp-components.com\/wp-content\/uploads\/2025\/03\/hydraulic-cylinder-8.webp\" alt=\"Si\u0142owniki hydrauliczne teleskopowe\" width=\"933\" height=\"526\" title=\"\" srcset=\"https:\/\/fmp-components.com\/wp-content\/uploads\/2025\/03\/hydraulic-cylinder-8.webp 933w, https:\/\/fmp-components.com\/wp-content\/uploads\/2025\/03\/hydraulic-cylinder-8-480x271.webp 480w\" sizes=\"(min-width: 0px) and (max-width: 480px) 480px, (min-width: 481px) 933px, 100vw\" \/><\/p>\n<p class=\"break-words\">W FMP jeste\u015bmy dumni z naszych najnowocze\u015bniejszych zak\u0142ad\u00f3w produkcyjnych, wyposa\u017conych w precyzyjne maszyny i zaawansowane systemy testowe. Nasze procesy produkcyjne s\u0105 zgodne z rygorystycznymi normami krajowymi i mi\u0119dzynarodowymi, co zapewnia, \u017ce ka\u017cdy cylinder hydrauliczny opuszczaj\u0105cy nasz\u0105 fabryk\u0119 jest najwy\u017cszej jako\u015bci i niezawodno\u015bci. Nasz wykwalifikowany zesp\u00f3\u0142 techniczny w po\u0142\u0105czeniu z najnowocze\u015bniejszym sprz\u0119tem pozwala nam zachowa\u0107 \u015bcis\u0142\u0105 kontrol\u0119 jako\u015bci na ka\u017cdym etapie produkcji \u2014 od wyboru surowca po ko\u0144cow\u0105 kontrol\u0119. To oddanie doskona\u0142o\u015bci przynios\u0142o nam certyfikaty i uznanie autorytet\u00f3w bran\u017cowych, co dodatkowo umocni\u0142o nasz\u0105 reputacj\u0119 niezawodnego partnera.<\/p>\n<p class=\"break-words\">Nasza misja jest prosta, ale ambitna: dostarcza\u0107 naszym klientom cylindry hydrauliczne, kt\u00f3re przekraczaj\u0105 oczekiwania pod wzgl\u0119dem wydajno\u015bci, trwa\u0142o\u015bci i warto\u015bci. Dzia\u0142amy zgodnie z zasadami profesjonalizmu, uczciwo\u015bci i skupienia na kliencie. Poprzez promowanie kultury innowacji i precyzji nieustannie udoskonalamy nasze produkty, aby utrzyma\u0107 si\u0119 na czele konkurencyjnego rynku. Nasza kompleksowa oferta produkt\u00f3w i zdolno\u015b\u0107 do oferowania dostosowanych rozwi\u0105za\u0144 sprawiaj\u0105, \u017ce jeste\u015bmy pierwszym wyborem dla firm poszukuj\u0105cych wysokowydajnych cylindr\u00f3w hydraulicznych.<\/p>\n<p class=\"break-words\">FMP to co\u015b wi\u0119cej ni\u017c tylko producent \u2014 jeste\u015bmy partnerem w Twoim sukcesie. Rozumiemy, \u017ce nasi klienci polegaj\u0105 na nas, je\u015bli chodzi o dostarczanie narz\u0119dzi, kt\u00f3re zwi\u0119kszaj\u0105 ich produktywno\u015b\u0107 i bezpiecze\u0144stwo. Dlatego te\u017c jeste\u015bmy zobowi\u0105zani do oferowania nie tylko produkt\u00f3w najwy\u017cszej klasy, ale tak\u017ce wyj\u0105tkowej obs\u0142ugi. Od wst\u0119pnych konsultacji po wsparcie posprzeda\u017cowe, \u015bci\u015ble wsp\u00f3\u0142pracujemy z naszymi klientami, aby zapewni\u0107, \u017ce ich potrzeby s\u0105 spe\u0142niane z profesjonalizmem i trosk\u0105. Nasze konkurencyjne ceny w po\u0142\u0105czeniu z naszym niezachwianym zaanga\u017cowaniem w jako\u015b\u0107 sprawiaj\u0105, \u017ce FMP jest m\u0105drym wyborem dla firm, kt\u00f3re chc\u0105 zainwestowa\u0107 w rozwi\u0105zania hydrauliczne, kt\u00f3rym mog\u0105 zaufa\u0107.<\/p>","protected":false},"excerpt":{"rendered":"<p>Italy Manufacture Telescopic \/Multi Stages Hydraulic Cylinder For Dump Truck \/Trailer and Tipper Truck From FMP FMP brings you the most efficient and powerful Telescopic\/Multi Stages Hydraulic Cylinder, a perfect solution for dump truck, trailer, and tipper truck. This industry-grade hydraulic cylinder is designed to provide unmatched performance and sturdiness. It&#8217;s a new product of [&hellip;]<\/p>","protected":false},"featured_media":6707,"comment_status":"closed","ping_status":"closed","template":"","meta":{"_et_pb_use_builder":"","_et_pb_old_content":"","_et_gb_content_width":""},"product_brand":[],"product_cat":[103],"product_tag":[34,105],"class_list":{"0":"post-6597","1":"product","2":"type-product","3":"status-publish","4":"has-post-thumbnail","6":"product_cat-telescopic-hydraulic-cylinders","7":"product_tag-hydraulic-cylinder","8":"product_tag-telescopic-hydraulic-cylinders","10":"first","11":"instock","12":"product-type-simple"},"_links":{"self":[{"href":"https:\/\/fmp-components.com\/pl\/wp-json\/wp\/v2\/product\/6597","targetHints":{"allow":["GET"]}}],"collection":[{"href":"https:\/\/fmp-components.com\/pl\/wp-json\/wp\/v2\/product"}],"about":[{"href":"https:\/\/fmp-components.com\/pl\/wp-json\/wp\/v2\/types\/product"}],"replies":[{"embeddable":true,"href":"https:\/\/fmp-components.com\/pl\/wp-json\/wp\/v2\/comments?post=6597"}],"wp:featuredmedia":[{"embeddable":true,"href":"https:\/\/fmp-components.com\/pl\/wp-json\/wp\/v2\/media\/6707"}],"wp:attachment":[{"href":"https:\/\/fmp-components.com\/pl\/wp-json\/wp\/v2\/media?parent=6597"}],"wp:term":[{"taxonomy":"product_brand","embeddable":true,"href":"https:\/\/fmp-components.com\/pl\/wp-json\/wp\/v2\/product_brand?post=6597"},{"taxonomy":"product_cat","embeddable":true,"href":"https:\/\/fmp-components.com\/pl\/wp-json\/wp\/v2\/product_cat?post=6597"},{"taxonomy":"product_tag","embeddable":true,"href":"https:\/\/fmp-components.com\/pl\/wp-json\/wp\/v2\/product_tag?post=6597"}],"curies":[{"name":"wp","href":"https:\/\/api.w.org\/{rel}","templated":true}]}}