{"id":6595,"date":"2025-03-11T06:32:38","date_gmt":"2025-03-11T06:32:38","guid":{"rendered":"https:\/\/fmp-components.com\/product\/factory-serving-stainless-steel-hydraulic-cylinder-for-seeder"},"modified":"2025-03-12T02:50:08","modified_gmt":"2025-03-12T02:50:08","slug":"factory-serving-stainless-steel-hydraulic-cylinder-for-seeder","status":"publish","type":"product","link":"https:\/\/fmp-components.com\/pl\/product\/factory-serving-stainless-steel-hydraulic-cylinder-for-seeder\/","title":{"rendered":"Fabryka dostarcza si\u0142ownik hydrauliczny ze stali nierdzewnej do siewnika"},"content":{"rendered":"<h2>Fabryka dostarcza si\u0142ownik hydrauliczny ze stali nierdzewnej do siewnika<\/h2>\n<p>FMP przedstawia nowy si\u0142ownik hydrauliczny ze stali nierdzewnej do siewnik\u00f3w, prze\u0142om w technologii hydraulicznej. Ten perfekcyjnie wykonany, pot\u0119\u017cny si\u0142ownik z pewno\u015bci\u0105 zmieni spos\u00f3b pracy w gospodarstwach rolnych, warsztatach naprawczych maszyn, sektorach energetycznym i g\u00f3rniczym oraz w produkcji maszyn. Jego zaawansowane funkcje i solidna konstrukcja zapewniaj\u0105 maksymaln\u0105 wydajno\u015b\u0107 i trwa\u0142o\u015b\u0107.<\/p>\n<h2>Dane techniczne<\/h2>\n<p>Si\u0142ownik hydrauliczny zosta\u0142 starannie zaprojektowany, aby sprosta\u0107 wysokim wymaganiom r\u00f3\u017cnych bran\u017c. Produkt obj\u0119ty jest roczn\u0105 gwarancj\u0105 i wa\u017cy 38 kg. Oto szczeg\u00f3\u0142owe dane techniczne:<\/p>\n<table style=\"width: 100.51%;\" border=\"\">\n<tbody>\n<tr>\n<td style=\"width: 42.9379%;\"><i>Rozmiar otworu<\/i><\/td>\n<td style=\"width: 476.836%;\">2-6 cali<\/td>\n<\/tr>\n<tr>\n<td style=\"width: 42.9379%;\"><i>Rozmiar pr\u0119ta<\/i><\/td>\n<td style=\"width: 476.836%;\">1,125-4 cale<\/td>\n<\/tr>\n<tr>\n<td style=\"width: 42.9379%;\"><i>Rozmiar poci\u0105gni\u0119cia<\/i><\/td>\n<td style=\"width: 476.836%;\">4-100 cali<\/td>\n<\/tr>\n<tr>\n<td style=\"width: 42.9379%;\"><i>Rozmiar szpilki<\/i><\/td>\n<td style=\"width: 476.836%;\">0,5-2 cale<\/td>\n<\/tr>\n<tr>\n<td style=\"width: 42.9379%;\"><i>Porty<\/i><\/td>\n<td style=\"width: 476.836%;\">G\/SAE\/NPT\/M<\/td>\n<\/tr>\n<\/tbody>\n<\/table>\n<h2>Unikalne cechy i zalety<\/h2>\n<ul>\n<li>Energooszcz\u0119dny<\/li>\n<li>Wysoka wydajno\u015b\u0107 i efektywno\u015b\u0107<\/li>\n<li>Bezpieczny i niezawodny<\/li>\n<li>Standardowa konstrukcja z cylindrem t\u0142okowym<\/li>\n<li>Maksymalny ci\u0105g: 3000 i maksymalny uci\u0105g: 20 ton<\/li>\n<li>Certyfikat ISO9001:2000<\/li>\n<\/ul>\n<h3>Zasada dzia\u0142ania uk\u0142ad\u00f3w hydraulicznych<\/h3>\n<p>Si\u0142ownik hydrauliczny dzia\u0142a w oparciu o podstawow\u0105 zasad\u0119 dzia\u0142ania spr\u0119\u017conego p\u0142ynu, co skutkuje ruchem liniowym. Po wprowadzeniu p\u0142ynu hydraulicznego do cylindra, jest on spr\u0119\u017cany przez jednostk\u0119 nap\u0119dow\u0105, wytwarzaj\u0105c si\u0142\u0119 dzia\u0142aj\u0105c\u0105 na t\u0142ok wewn\u0105trz cylindra. Si\u0142a ta nap\u0119dza t\u0142ok w kierunku liniowym, umo\u017cliwiaj\u0105c kontrolowany ruch. Unikalna konstrukcja uk\u0142ad\u00f3w hydraulicznych gwarantuje, \u017ce nawet niewielka ilo\u015b\u0107 p\u0142ynu mo\u017ce wytworzy\u0107 znaczn\u0105 si\u0142\u0119, co czyni je niezwykle skutecznymi w zadaniach wymagaj\u0105cych podnoszenia lub pchania ci\u0119\u017ckich \u0142adunk\u00f3w. Ta zasada dynamiki p\u0142yn\u00f3w umo\u017cliwia precyzyjne i niezawodne dzia\u0142anie si\u0142ownik\u00f3w hydraulicznych w r\u00f3\u017cnych zastosowaniach.<\/p>\n<p><img loading=\"lazy\" decoding=\"async\" class=\"alignnone  wp-image-6664\" src=\"https:\/\/fmp-components.com\/wp-content\/uploads\/2025\/03\/telescopic-hydraulic-cylinder-8.webp\" alt=\"si\u0142ownik hydrauliczny teleskopowy\" width=\"884\" height=\"884\" title=\"\" srcset=\"https:\/\/fmp-components.com\/wp-content\/uploads\/2025\/03\/telescopic-hydraulic-cylinder-8.webp 884w, https:\/\/fmp-components.com\/wp-content\/uploads\/2025\/03\/telescopic-hydraulic-cylinder-8-480x480.webp 480w\" sizes=\"(min-width: 0px) and (max-width: 480px) 480px, (min-width: 481px) 884px, 100vw\" \/><\/p>\n<h3>Obszary zastosowa\u0144<\/h3>\n<p>Ten wielostopniowy si\u0142ownik hydrauliczny doskonale sprawdza si\u0119 w szerokim zakresie zastosowa\u0144, szczeg\u00f3lnie w bran\u017cach wymagaj\u0105cych solidnego podnoszenia i ruchu. Na przyk\u0142ad, idealnie nadaje si\u0119 do stosowania w wywrotkach, gdzie usprawnia mechanizm wywrotu niezb\u0119dny do roz\u0142adunku ci\u0119\u017ckich materia\u0142\u00f3w, takich jak \u017cwir, piasek czy gruz budowlany. Ponadto, jego du\u017ca no\u015bno\u015b\u0107 i d\u0142ugi skok sprawiaj\u0105, \u017ce nadaje si\u0119 do warsztat\u00f3w naprawczych maszyn, gdzie mo\u017ce podnosi\u0107 i ustawia\u0107 ci\u0119\u017cki sprz\u0119t w celu konserwacji i napraw. W sektorze rolniczym ten si\u0142ownik hydrauliczny jest nieoceniony do obs\u0142ugi sprz\u0119tu, takiego jak traktory i \u0142adowarki, umo\u017cliwiaj\u0105c rolnikom wydajne wykonywanie r\u00f3\u017cnorodnych zada\u0144. Bran\u017ca energetyczna i g\u00f3rnicza r\u00f3wnie\u017c czerpi\u0105 korzy\u015bci z jego zastosowania w sprz\u0119cie wiertniczym i wykopaliskowym, gdzie niezawodna si\u0142a podnoszenia jest kluczowa. Podsumowuj\u0105c, ten wielostopniowy si\u0142ownik hydrauliczny zosta\u0142 zaprojektowany tak, aby sprosta\u0107 wymagaj\u0105cym potrzebom r\u00f3\u017cnych sektor\u00f3w, zapewniaj\u0105c wytrzyma\u0142o\u015b\u0107 i wszechstronno\u015b\u0107 niezb\u0119dne do ci\u0119\u017ckich zastosowa\u0144.<\/p>\n<h2>Si\u0142owniki hydrauliczne i agregaty nap\u0119dowe<\/h2>\n<p>Si\u0142owniki hydrauliczne i agregaty nap\u0119dowe s\u0105 integralnymi cz\u0119\u015bciami ka\u017cdego uk\u0142adu hydraulicznego, wsp\u00f3\u0142pracuj\u0105c ze sob\u0105, aby zapewni\u0107 optymaln\u0105 wydajno\u015b\u0107 i sprawno\u015b\u0107. Si\u0142ownik hydrauliczny pe\u0142ni funkcj\u0119 si\u0142ownika, odpowiedzialnego za przekszta\u0142canie energii hydraulicznej w ruch mechaniczny. Przekszta\u0142ca on ci\u015bnienie generowane przez p\u0142yn hydrauliczny w ruch liniowy, umo\u017cliwiaj\u0105c wykonywanie zada\u0144 takich jak podnoszenie, pchanie lub ci\u0105gni\u0119cie z du\u017c\u0105 si\u0142\u0105.<\/p>\n<p>Z drugiej strony, jednostka nap\u0119dowa stanowi serce uk\u0142adu hydraulicznego. Odpowiada ona za generowanie ci\u015bnienia hydraulicznego niezb\u0119dnego do przep\u0142ywu cieczy w uk\u0142adzie i utrzymania sta\u0142ego nat\u0119\u017cenia przep\u0142ywu. Jednostka nap\u0119dowa, sk\u0142adaj\u0105ca si\u0119 zazwyczaj z silnika, pompy, zbiornika i zawor\u00f3w steruj\u0105cych, zapewnia p\u0142ynn\u0105 i wydajn\u0105 prac\u0119 si\u0142ownika hydraulicznego. Synergia mi\u0119dzy tymi dwoma elementami jest niezb\u0119dna do efektywnego dzia\u0142ania uk\u0142ad\u00f3w hydraulicznych, umo\u017cliwiaj\u0105c przedsi\u0119biorstwom wykorzystanie technologii hydraulicznej w szerokim zakresie zastosowa\u0144. Dostarczaj\u0105c zar\u00f3wno si\u0142owniki hydrauliczne, jak i jednostki nap\u0119dowe, firmy mog\u0105 tworzy\u0107 w pe\u0142ni zintegrowane systemy, kt\u00f3re zwi\u0119kszaj\u0105 produktywno\u015b\u0107 i wydajno\u015b\u0107 w ca\u0142ym procesie.<\/p>\n<p><img loading=\"lazy\" decoding=\"async\" class=\"alignnone  wp-image-6663\" src=\"https:\/\/fmp-components.com\/wp-content\/uploads\/2025\/03\/telescopic-hydraulic-cylinder-11.webp\" alt=\"si\u0142ownik hydrauliczny teleskopowy\" width=\"930\" height=\"930\" title=\"\" srcset=\"https:\/\/fmp-components.com\/wp-content\/uploads\/2025\/03\/telescopic-hydraulic-cylinder-11.webp 930w, https:\/\/fmp-components.com\/wp-content\/uploads\/2025\/03\/telescopic-hydraulic-cylinder-11-480x480.webp 480w\" sizes=\"(min-width: 0px) and (max-width: 480px) 480px, (min-width: 481px) 930px, 100vw\" \/><\/p>\n<h2>Cz\u0119sto zadawane pytania<\/h2>\n<p>P: Czy jeste\u015b firm\u0105 handlow\u0105 lub produkcyjn\u0105?<br \/>\nA: Jeste\u015bmy fabryk\u0105.<\/p>\n<p>P: Jak d\u0142ugi jest czas dostawy?<br \/>\nA: Zazwyczaj jest to 25\u201335 dni.<br \/>\n<img alt=\"\" \/><br \/>\nP: Czy dostarczacie pr\u00f3bki? Czy s\u0105 darmowe czy dodatkowe?<br \/>\nO: Tak, mogliby\u015bmy zaoferowa\u0107 pr\u00f3bk\u0119, ale nie jest ona darmowa.<\/p>\n<h3>O FMP<\/h3>\n<p class=\"break-words\">FMP jest wiod\u0105cym w\u0142oskim producentem specjalizuj\u0105cym si\u0119 w projektowaniu, rozwoju i produkcji wysokiej jako\u015bci cylindr\u00f3w hydraulicznych. Dzi\u0119ki bogatemu dziedzictwu zakorzenionemu w dziesi\u0119cioleciach do\u015bwiadczenia, z dum\u0105 \u0142\u0105czymy w\u0142oskie rzemios\u0142o z najnowocze\u015bniejsz\u0105 technologi\u0105, aby dostarcza\u0107 wyj\u0105tkowe rozwi\u0105zania hydrauliczne dostosowane do zr\u00f3\u017cnicowanych potrzeb naszych globalnych klient\u00f3w. Maj\u0105c siedzib\u0119 we W\u0142oszech, w centrum doskona\u0142o\u015bci in\u017cynieryjnej, FMP jest zaufan\u0105 mark\u0105 w bran\u017cy hydraulicznej, zobowi\u0105zan\u0105 do dostarczania niezawodnych, trwa\u0142ych i innowacyjnych produkt\u00f3w, kt\u00f3re wzmacniaj\u0105 firmy na ca\u0142ym \u015bwiecie.<\/p>\n<p class=\"break-words\">Nasza firma integruje najlepsze tradycje zaawansowanej produkcji z przysz\u0142o\u015bciowym podej\u015bciem. Korzystaj\u0105c z wieloletniego do\u015bwiadczenia w systemach hydraulicznych, FMP przekszta\u0142ci\u0142o si\u0119 w nowoczesne przedsi\u0119biorstwo, kt\u00f3re wyr\u00f3\u017cnia si\u0119 w badaniach, projektowaniu i produkcji. Specjalizujemy si\u0119 w szerokiej gamie cylindr\u00f3w hydraulicznych, w tym cylindrach dwustronnego dzia\u0142ania, cylindrach podnosz\u0105cych do samochod\u00f3w, cylindrach do maszyn rolniczych i rozwi\u0105zaniach projektowanych na zam\u00f3wienie do r\u00f3\u017cnych zastosowa\u0144 przemys\u0142owych. Niezale\u017cnie od tego, czy chodzi o budownictwo, instalacje przemys\u0142owe, rolnictwo czy ci\u0119\u017cki sprz\u0119t, nasze cylindry hydrauliczne s\u0105 zbudowane tak, aby dzia\u0142a\u0142y w najtrudniejszych warunkach, zapewniaj\u0105c bezpiecze\u0144stwo, wydajno\u015b\u0107 i d\u0142ugowieczno\u015b\u0107.<\/p>\n<p><img loading=\"lazy\" decoding=\"async\" class=\"alignnone size-full wp-image-6720\" src=\"https:\/\/fmp-components.com\/wp-content\/uploads\/2025\/03\/hydraulic-cylinder-8.webp\" alt=\"Si\u0142owniki hydrauliczne teleskopowe\" width=\"933\" height=\"526\" title=\"\" srcset=\"https:\/\/fmp-components.com\/wp-content\/uploads\/2025\/03\/hydraulic-cylinder-8.webp 933w, https:\/\/fmp-components.com\/wp-content\/uploads\/2025\/03\/hydraulic-cylinder-8-480x271.webp 480w\" sizes=\"(min-width: 0px) and (max-width: 480px) 480px, (min-width: 481px) 933px, 100vw\" \/><\/p>\n<p class=\"break-words\">W FMP jeste\u015bmy dumni z naszych najnowocze\u015bniejszych zak\u0142ad\u00f3w produkcyjnych, wyposa\u017conych w precyzyjne maszyny i zaawansowane systemy testowe. Nasze procesy produkcyjne s\u0105 zgodne z rygorystycznymi normami krajowymi i mi\u0119dzynarodowymi, co zapewnia, \u017ce ka\u017cdy cylinder hydrauliczny opuszczaj\u0105cy nasz\u0105 fabryk\u0119 jest najwy\u017cszej jako\u015bci i niezawodno\u015bci. Nasz wykwalifikowany zesp\u00f3\u0142 techniczny w po\u0142\u0105czeniu z najnowocze\u015bniejszym sprz\u0119tem pozwala nam zachowa\u0107 \u015bcis\u0142\u0105 kontrol\u0119 jako\u015bci na ka\u017cdym etapie produkcji \u2014 od wyboru surowca po ko\u0144cow\u0105 kontrol\u0119. To oddanie doskona\u0142o\u015bci przynios\u0142o nam certyfikaty i uznanie autorytet\u00f3w bran\u017cowych, co dodatkowo umocni\u0142o nasz\u0105 reputacj\u0119 niezawodnego partnera.<\/p>\n<p class=\"break-words\">Nasza misja jest prosta, ale ambitna: dostarcza\u0107 naszym klientom cylindry hydrauliczne, kt\u00f3re przekraczaj\u0105 oczekiwania pod wzgl\u0119dem wydajno\u015bci, trwa\u0142o\u015bci i warto\u015bci. Dzia\u0142amy zgodnie z zasadami profesjonalizmu, uczciwo\u015bci i skupienia na kliencie. Poprzez promowanie kultury innowacji i precyzji nieustannie udoskonalamy nasze produkty, aby utrzyma\u0107 si\u0119 na czele konkurencyjnego rynku. Nasza kompleksowa oferta produkt\u00f3w i zdolno\u015b\u0107 do oferowania dostosowanych rozwi\u0105za\u0144 sprawiaj\u0105, \u017ce jeste\u015bmy pierwszym wyborem dla firm poszukuj\u0105cych wysokowydajnych cylindr\u00f3w hydraulicznych.<\/p>\n<p class=\"break-words\">FMP to co\u015b wi\u0119cej ni\u017c tylko producent \u2014 jeste\u015bmy partnerem w Twoim sukcesie. Rozumiemy, \u017ce nasi klienci polegaj\u0105 na nas, je\u015bli chodzi o dostarczanie narz\u0119dzi, kt\u00f3re zwi\u0119kszaj\u0105 ich produktywno\u015b\u0107 i bezpiecze\u0144stwo. Dlatego te\u017c jeste\u015bmy zobowi\u0105zani do oferowania nie tylko produkt\u00f3w najwy\u017cszej klasy, ale tak\u017ce wyj\u0105tkowej obs\u0142ugi. Od wst\u0119pnych konsultacji po wsparcie posprzeda\u017cowe, \u015bci\u015ble wsp\u00f3\u0142pracujemy z naszymi klientami, aby zapewni\u0107, \u017ce ich potrzeby s\u0105 spe\u0142niane z profesjonalizmem i trosk\u0105. Nasze konkurencyjne ceny w po\u0142\u0105czeniu z naszym niezachwianym zaanga\u017cowaniem w jako\u015b\u0107 sprawiaj\u0105, \u017ce FMP jest m\u0105drym wyborem dla firm, kt\u00f3re chc\u0105 zainwestowa\u0107 w rozwi\u0105zania hydrauliczne, kt\u00f3rym mog\u0105 zaufa\u0107.<\/p>","protected":false},"excerpt":{"rendered":"<p>Factory Serving Stainless Steel Hydraulic Cylinder For Seeder FMP brings you the new stainless steel hydraulic cylinder for seeder, a breakthrough in hydraulic technology. Made for perfection, this powerhouse is set to change the way you work in farms, machinery repair shops, energy &amp; mining sectors, and machinery manufacturing. Its high-end features and robust build [&hellip;]<\/p>","protected":false},"featured_media":6705,"comment_status":"closed","ping_status":"closed","template":"","meta":{"_et_pb_use_builder":"","_et_pb_old_content":"","_et_gb_content_width":""},"product_brand":[],"product_cat":[103],"product_tag":[34,105],"class_list":{"0":"post-6595","1":"product","2":"type-product","3":"status-publish","4":"has-post-thumbnail","6":"product_cat-telescopic-hydraulic-cylinders","7":"product_tag-hydraulic-cylinder","8":"product_tag-telescopic-hydraulic-cylinders","10":"first","11":"instock","12":"product-type-simple"},"_links":{"self":[{"href":"https:\/\/fmp-components.com\/pl\/wp-json\/wp\/v2\/product\/6595","targetHints":{"allow":["GET"]}}],"collection":[{"href":"https:\/\/fmp-components.com\/pl\/wp-json\/wp\/v2\/product"}],"about":[{"href":"https:\/\/fmp-components.com\/pl\/wp-json\/wp\/v2\/types\/product"}],"replies":[{"embeddable":true,"href":"https:\/\/fmp-components.com\/pl\/wp-json\/wp\/v2\/comments?post=6595"}],"wp:featuredmedia":[{"embeddable":true,"href":"https:\/\/fmp-components.com\/pl\/wp-json\/wp\/v2\/media\/6705"}],"wp:attachment":[{"href":"https:\/\/fmp-components.com\/pl\/wp-json\/wp\/v2\/media?parent=6595"}],"wp:term":[{"taxonomy":"product_brand","embeddable":true,"href":"https:\/\/fmp-components.com\/pl\/wp-json\/wp\/v2\/product_brand?post=6595"},{"taxonomy":"product_cat","embeddable":true,"href":"https:\/\/fmp-components.com\/pl\/wp-json\/wp\/v2\/product_cat?post=6595"},{"taxonomy":"product_tag","embeddable":true,"href":"https:\/\/fmp-components.com\/pl\/wp-json\/wp\/v2\/product_tag?post=6595"}],"curies":[{"name":"wp","href":"https:\/\/api.w.org\/{rel}","templated":true}]}}