{"id":6589,"date":"2025-03-11T06:32:38","date_gmt":"2025-03-11T06:32:38","guid":{"rendered":"https:\/\/fmp-components.com\/product\/chinese-factory-small-dump-truck-hydraulic-cylinder-for-sale"},"modified":"2025-03-18T01:03:43","modified_gmt":"2025-03-18T01:03:43","slug":"chinese-factory-italian-factory-small-dump-truck-hydraulic-cylinder-for-salesmall-dump-truck-hydraulic-cylinder-for-sale","status":"publish","type":"product","link":"https:\/\/fmp-components.com\/pl\/product\/chinese-factory-italian-factory-small-dump-truck-hydraulic-cylinder-for-salesmall-dump-truck-hydraulic-cylinder-for-sale\/","title":{"rendered":"Sprzedam w\u0142oski fabryczny si\u0142ownik hydrauliczny do ma\u0142ej wywrotki"},"content":{"rendered":"<h2>Sprzedam w\u0142oski fabryczny si\u0142ownik hydrauliczny do ma\u0142ej wywrotki<\/h2>\n<p>Firma FMP prezentuje Pa\u0144stwu si\u0142ownik hydrauliczny, niezb\u0119dny element ma\u0142ych wywrotek. Dzi\u0119ki wysokiej trwa\u0142o\u015bci i doskona\u0142ej wydajno\u015bci, ten si\u0142ownik hydrauliczny zosta\u0142 zaprojektowany, aby zapewni\u0107 p\u0142ynn\u0105 prac\u0119 Pa\u0144stwa maszyn.<\/p>\n<h3>Funkcja i znaczenie cylindra hydraulicznego<\/h3>\n<p>Si\u0142ownik hydrauliczny odgrywa kluczow\u0105 rol\u0119 w przekszta\u0142caniu energii hydraulicznej w energi\u0119 mechaniczn\u0105. Przekszta\u0142ca ci\u015bnienie p\u0142ynu w si\u0142\u0119, co czyni go niezast\u0105pionym w r\u00f3\u017cnych ga\u0142\u0119ziach przemys\u0142u, takich jak warsztaty naprawcze maszyn, rolnictwo, energetyka i g\u00f3rnictwo, produkcja maszyn i wiele innych.<\/p>\n<h3>Specyfikacje si\u0142ownika hydraulicznego<\/h3>\n<p>Si\u0142ownik hydrauliczny wa\u017cy 38 kg i jest dost\u0119pny w eleganckim czarnym kolorze. Jest to nowy produkt z 2025 roku, zgodny z certyfikatem ISO9001:2000. \u015arednica cylindra wynosi 2-6 cali, \u015brednica t\u0142oczyska 1,125-4 cale, skok 4-100 cali, a \u015brednica sworznia 0,5-2 cale.<\/p>\n<table style=\"width: 97.6158%;\" border=\"\">\n<tbody>\n<tr>\n<td style=\"width: 42.8571%;\"><i>Rozmiar otworu<\/i><\/td>\n<td style=\"width: 396%;\">2-6 cali<\/td>\n<\/tr>\n<tr>\n<td style=\"width: 42.8571%;\"><i>Rozmiar pr\u0119ta<\/i><\/td>\n<td style=\"width: 396%;\">1,125-4 cale<\/td>\n<\/tr>\n<tr>\n<td style=\"width: 42.8571%;\"><i>Rozmiar poci\u0105gni\u0119cia<\/i><\/td>\n<td style=\"width: 396%;\">4-100 cali<\/td>\n<\/tr>\n<tr>\n<td style=\"width: 42.8571%;\"><i>Rozmiar szpilki<\/i><\/td>\n<td style=\"width: 396%;\">0,5-2 cale<\/td>\n<\/tr>\n<tr>\n<td style=\"width: 42.8571%;\"><i>Porty<\/i><\/td>\n<td style=\"width: 396%;\">G\/SAE\/NPT\/M<\/td>\n<\/tr>\n<\/tbody>\n<\/table>\n<h2>Cechy charakterystyczne i zalety<\/h2>\n<p>Ten si\u0142ownik hydrauliczny wyr\u00f3\u017cnia si\u0119 energooszcz\u0119dno\u015bci\u0105, wysok\u0105 wydajno\u015bci\u0105 i bezpiecze\u0144stwem pracy. Zaprojektowany ze standardow\u0105 konstrukcj\u0105 si\u0142ownika t\u0142okowego, charakteryzuje si\u0119 imponuj\u0105cymi parametrami technicznymi, w tym maksymalnym naciskiem 3000 funt\u00f3w (ok. 1360 kg) i maksymalnym ud\u017awigiem 20 ton. Te mo\u017cliwo\u015bci sprawiaj\u0105, \u017ce jest to idealny wyb\u00f3r do wymagaj\u0105cych zastosowa\u0144 wymagaj\u0105cych du\u017cej si\u0142y podnoszenia i precyzji.<\/p>\n<p>Jedn\u0105 z kluczowych zalet tego si\u0142ownika hydraulicznego jest jego wielostopniowa konstrukcja, kt\u00f3ra zapewnia doskona\u0142\u0105 wydajno\u015b\u0107 i zwi\u0119kszon\u0105 trwa\u0142o\u015b\u0107. Wielostopniowa konfiguracja umo\u017cliwia p\u0142ynniejsze i wydajniejsze wysuwanie i chowanie si\u0142ownika, dostosowuj\u0105c go do zr\u00f3\u017cnicowanych wymaga\u0144 obci\u0105\u017ceniowych bez utraty stabilno\u015bci. Ta cecha nie tylko poprawia og\u00f3ln\u0105 funkcjonalno\u015b\u0107 uk\u0142adu hydraulicznego, ale tak\u017ce wyd\u0142u\u017ca \u017cywotno\u015b\u0107 si\u0142ownika, czyni\u0105c go op\u0142acaln\u0105 inwestycj\u0105 dla firm.<\/p>\n<p>Dodatkowo, zintegrowane w konstrukcji tego si\u0142ownika hydraulicznego zabezpieczenia gwarantuj\u0105 jego bezpieczne dzia\u0142anie pod ci\u015bnieniem. Zbudowany z wysokiej jako\u015bci materia\u0142\u00f3w i zaawansowanych rozwi\u0105za\u0144 in\u017cynieryjnych, minimalizuje ryzyko awarii lub wypadk\u00f3w, zapewniaj\u0105c spok\u00f3j ducha zar\u00f3wno operatorom, jak i firmom.<\/p>\n<p><img loading=\"lazy\" decoding=\"async\" class=\"alignnone size-full wp-image-6767\" src=\"https:\/\/fmp-components.com\/wp-content\/uploads\/2025\/03\/Telescopic-Hydraulic-Cylinders-124.webp\" alt=\"Si\u0142owniki hydrauliczne teleskopowe\" width=\"744\" height=\"580\" title=\"\" srcset=\"https:\/\/fmp-components.com\/wp-content\/uploads\/2025\/03\/Telescopic-Hydraulic-Cylinders-124.webp 744w, https:\/\/fmp-components.com\/wp-content\/uploads\/2025\/03\/Telescopic-Hydraulic-Cylinders-124-480x374.webp 480w\" sizes=\"(min-width: 0px) and (max-width: 480px) 480px, (min-width: 481px) 744px, 100vw\" \/><\/p>\n<h2>Szczeg\u00f3\u0142owe zastosowania cylindra hydraulicznego<\/h2>\n<p>Si\u0142ownik hydrauliczny jest szeroko stosowany w ma\u0142ych wywrotkach, co czyni go kluczowym elementem w przemy\u015ble maszynowym. W tych zastosowaniach odgrywa kluczow\u0105 rol\u0119 w podnoszeniu i opuszczaniu skrzyni \u0142adunkowej, umo\u017cliwiaj\u0105c efektywny roz\u0142adunek materia\u0142\u00f3w takich jak \u017cwir, piasek i gruz budowlany. Niezawodno\u015b\u0107 tego si\u0142ownika hydraulicznego gwarantuje wydajn\u0105 prac\u0119 wywrotek w r\u00f3\u017cnych warunkach, zwi\u0119kszaj\u0105c wydajno\u015b\u0107 i skracaj\u0105c przestoje.<\/p>\n<p>Opr\u00f3cz wywrotek, ten si\u0142ownik hydrauliczny znajduje r\u00f3wnie\u017c zastosowanie w wielu innych ga\u0142\u0119ziach przemys\u0142u in\u017cynieryjnego i mechanicznego. Na przyk\u0142ad, jest cz\u0119sto stosowany w sprz\u0119cie budowlanym, umo\u017cliwiaj\u0105c kontrolowany ruch podzespo\u0142\u00f3w ci\u0119\u017ckich maszyn, takich jak wysi\u0119gniki i \u0142y\u017cki. W procesach produkcyjnych wspomaga precyzyjne pozycjonowanie cz\u0119\u015bci na liniach monta\u017cowych, przyczyniaj\u0105c si\u0119 do usprawnienia proces\u00f3w produkcyjnych.<\/p>\n<p>W rolnictwie si\u0142ownik hydrauliczny u\u0142atwia obs\u0142ug\u0119 ci\u0105gnik\u00f3w i innego sprz\u0119tu rolniczego, umo\u017cliwiaj\u0105c rolnikom \u0142atwe podnoszenie, opuszczanie i regulacj\u0119 narz\u0119dzi. Ta funkcja znacznie zwi\u0119ksza wydajno\u015b\u0107 operacyjn\u0105 i zmniejsza obci\u0105\u017cenie fizyczne operator\u00f3w.<\/p>\n<p>Wszechstronno\u015b\u0107 i niezawodno\u015b\u0107 tego si\u0142ownika hydraulicznego czyni\u0105 go niezb\u0119dnym narz\u0119dziem w wielu bran\u017cach. Jego zdolno\u015b\u0107 do zapewnienia niezawodnego zasilania i sterowania gwarantuje optymaln\u0105 prac\u0119 r\u00f3\u017cnych urz\u0105dze\u0144 in\u017cynieryjnych i mechanicznych, zwi\u0119kszaj\u0105c wydajno\u015b\u0107 i efektywno\u015b\u0107 w ka\u017cdym zastosowaniu.<\/p>\n<h2>Cz\u0119sto zadawane pytania<\/h2>\n<p><q>Czy jeste\u015b firm\u0105 handlow\u0105 lub producentem?<\/q><\/p>\n<p>A: Jeste\u015bmy fabryk\u0105.<\/p>\n<p><q>Jak d\u0142ugi jest czas dostawy?<\/q><\/p>\n<p>A: Zazwyczaj trwa to 25\u201335 dni.<\/p>\n<p><q>Czy udost\u0119pniacie pr\u00f3bki? Czy s\u0105 one bezp\u0142atne czy dodatkowo p\u0142atne?<\/q><\/p>\n<p>A: Tak, udost\u0119pniamy pr\u00f3bki, ale nie s\u0105 one darmowe.<\/p>\n<h3>O FMP<\/h3>\n<p class=\"break-words\">FMP jest wiod\u0105cym w\u0142oskim producentem specjalizuj\u0105cym si\u0119 w projektowaniu, rozwoju i produkcji wysokiej jako\u015bci cylindr\u00f3w hydraulicznych. Dzi\u0119ki bogatemu dziedzictwu zakorzenionemu w dziesi\u0119cioleciach do\u015bwiadczenia, z dum\u0105 \u0142\u0105czymy w\u0142oskie rzemios\u0142o z najnowocze\u015bniejsz\u0105 technologi\u0105, aby dostarcza\u0107 wyj\u0105tkowe rozwi\u0105zania hydrauliczne dostosowane do zr\u00f3\u017cnicowanych potrzeb naszych globalnych klient\u00f3w. Maj\u0105c siedzib\u0119 we W\u0142oszech, w centrum doskona\u0142o\u015bci in\u017cynieryjnej, FMP jest zaufan\u0105 mark\u0105 w bran\u017cy hydraulicznej, zobowi\u0105zan\u0105 do dostarczania niezawodnych, trwa\u0142ych i innowacyjnych produkt\u00f3w, kt\u00f3re wzmacniaj\u0105 firmy na ca\u0142ym \u015bwiecie.<\/p>\n<p class=\"break-words\">Nasza firma integruje najlepsze tradycje zaawansowanej produkcji z przysz\u0142o\u015bciowym podej\u015bciem. Korzystaj\u0105c z wieloletniego do\u015bwiadczenia w systemach hydraulicznych, FMP przekszta\u0142ci\u0142o si\u0119 w nowoczesne przedsi\u0119biorstwo, kt\u00f3re wyr\u00f3\u017cnia si\u0119 w badaniach, projektowaniu i produkcji. Specjalizujemy si\u0119 w szerokiej gamie cylindr\u00f3w hydraulicznych, w tym cylindrach dwustronnego dzia\u0142ania, cylindrach podnosz\u0105cych do samochod\u00f3w, cylindrach do maszyn rolniczych i rozwi\u0105zaniach projektowanych na zam\u00f3wienie do r\u00f3\u017cnych zastosowa\u0144 przemys\u0142owych. Niezale\u017cnie od tego, czy chodzi o budownictwo, instalacje przemys\u0142owe, rolnictwo czy ci\u0119\u017cki sprz\u0119t, nasze cylindry hydrauliczne s\u0105 zbudowane tak, aby dzia\u0142a\u0142y w najtrudniejszych warunkach, zapewniaj\u0105c bezpiecze\u0144stwo, wydajno\u015b\u0107 i d\u0142ugowieczno\u015b\u0107.<\/p>\n<p><img loading=\"lazy\" decoding=\"async\" class=\"alignnone size-full wp-image-6720\" src=\"https:\/\/fmp-components.com\/wp-content\/uploads\/2025\/03\/hydraulic-cylinder-8.webp\" alt=\"Si\u0142owniki hydrauliczne teleskopowe\" width=\"933\" height=\"526\" title=\"\" srcset=\"https:\/\/fmp-components.com\/wp-content\/uploads\/2025\/03\/hydraulic-cylinder-8.webp 933w, https:\/\/fmp-components.com\/wp-content\/uploads\/2025\/03\/hydraulic-cylinder-8-480x271.webp 480w\" sizes=\"(min-width: 0px) and (max-width: 480px) 480px, (min-width: 481px) 933px, 100vw\" \/><\/p>\n<p class=\"break-words\">W FMP jeste\u015bmy dumni z naszych najnowocze\u015bniejszych zak\u0142ad\u00f3w produkcyjnych, wyposa\u017conych w precyzyjne maszyny i zaawansowane systemy testowe. Nasze procesy produkcyjne s\u0105 zgodne z rygorystycznymi normami krajowymi i mi\u0119dzynarodowymi, co zapewnia, \u017ce ka\u017cdy cylinder hydrauliczny opuszczaj\u0105cy nasz\u0105 fabryk\u0119 jest najwy\u017cszej jako\u015bci i niezawodno\u015bci. Nasz wykwalifikowany zesp\u00f3\u0142 techniczny w po\u0142\u0105czeniu z najnowocze\u015bniejszym sprz\u0119tem pozwala nam zachowa\u0107 \u015bcis\u0142\u0105 kontrol\u0119 jako\u015bci na ka\u017cdym etapie produkcji \u2014 od wyboru surowca po ko\u0144cow\u0105 kontrol\u0119. To oddanie doskona\u0142o\u015bci przynios\u0142o nam certyfikaty i uznanie autorytet\u00f3w bran\u017cowych, co dodatkowo umocni\u0142o nasz\u0105 reputacj\u0119 niezawodnego partnera.<\/p>\n<p class=\"break-words\">Nasza misja jest prosta, ale ambitna: dostarcza\u0107 naszym klientom cylindry hydrauliczne, kt\u00f3re przekraczaj\u0105 oczekiwania pod wzgl\u0119dem wydajno\u015bci, trwa\u0142o\u015bci i warto\u015bci. Dzia\u0142amy zgodnie z zasadami profesjonalizmu, uczciwo\u015bci i skupienia na kliencie. Poprzez promowanie kultury innowacji i precyzji nieustannie udoskonalamy nasze produkty, aby utrzyma\u0107 si\u0119 na czele konkurencyjnego rynku. Nasza kompleksowa oferta produkt\u00f3w i zdolno\u015b\u0107 do oferowania dostosowanych rozwi\u0105za\u0144 sprawiaj\u0105, \u017ce jeste\u015bmy pierwszym wyborem dla firm poszukuj\u0105cych wysokowydajnych cylindr\u00f3w hydraulicznych.<\/p>\n<p class=\"break-words\">FMP to co\u015b wi\u0119cej ni\u017c tylko producent \u2014 jeste\u015bmy partnerem w Twoim sukcesie. Rozumiemy, \u017ce nasi klienci polegaj\u0105 na nas, je\u015bli chodzi o dostarczanie narz\u0119dzi, kt\u00f3re zwi\u0119kszaj\u0105 ich produktywno\u015b\u0107 i bezpiecze\u0144stwo. Dlatego te\u017c jeste\u015bmy zobowi\u0105zani do oferowania nie tylko produkt\u00f3w najwy\u017cszej klasy, ale tak\u017ce wyj\u0105tkowej obs\u0142ugi. Od wst\u0119pnych konsultacji po wsparcie posprzeda\u017cowe, \u015bci\u015ble wsp\u00f3\u0142pracujemy z naszymi klientami, aby zapewni\u0107, \u017ce ich potrzeby s\u0105 spe\u0142niane z profesjonalizmem i trosk\u0105. Nasze konkurencyjne ceny w po\u0142\u0105czeniu z naszym niezachwianym zaanga\u017cowaniem w jako\u015b\u0107 sprawiaj\u0105, \u017ce FMP jest m\u0105drym wyborem dla firm, kt\u00f3re chc\u0105 zainwestowa\u0107 w rozwi\u0105zania hydrauliczne, kt\u00f3rym mog\u0105 zaufa\u0107.<\/p>","protected":false},"excerpt":{"rendered":"<p>Italian Factory Small Dump Truck Hydraulic Cylinder for Sale FMP presents you with the hydraulic cylinder, an essential component for small dump trucks. With its high durability and excellent performance, this hydraulic cylinder is designed to ensure the smooth operation of your machinery. Function and Importance of the Hydraulic Cylinder The hydraulic cylinder plays a [&hellip;]<\/p>","protected":false},"featured_media":6795,"comment_status":"closed","ping_status":"closed","template":"","meta":{"_et_pb_use_builder":"","_et_pb_old_content":"","_et_gb_content_width":""},"product_brand":[],"product_cat":[103],"product_tag":[34,105],"class_list":{"0":"post-6589","1":"product","2":"type-product","3":"status-publish","4":"has-post-thumbnail","6":"product_cat-telescopic-hydraulic-cylinders","7":"product_tag-hydraulic-cylinder","8":"product_tag-telescopic-hydraulic-cylinders","10":"first","11":"instock","12":"product-type-simple"},"_links":{"self":[{"href":"https:\/\/fmp-components.com\/pl\/wp-json\/wp\/v2\/product\/6589","targetHints":{"allow":["GET"]}}],"collection":[{"href":"https:\/\/fmp-components.com\/pl\/wp-json\/wp\/v2\/product"}],"about":[{"href":"https:\/\/fmp-components.com\/pl\/wp-json\/wp\/v2\/types\/product"}],"replies":[{"embeddable":true,"href":"https:\/\/fmp-components.com\/pl\/wp-json\/wp\/v2\/comments?post=6589"}],"wp:featuredmedia":[{"embeddable":true,"href":"https:\/\/fmp-components.com\/pl\/wp-json\/wp\/v2\/media\/6795"}],"wp:attachment":[{"href":"https:\/\/fmp-components.com\/pl\/wp-json\/wp\/v2\/media?parent=6589"}],"wp:term":[{"taxonomy":"product_brand","embeddable":true,"href":"https:\/\/fmp-components.com\/pl\/wp-json\/wp\/v2\/product_brand?post=6589"},{"taxonomy":"product_cat","embeddable":true,"href":"https:\/\/fmp-components.com\/pl\/wp-json\/wp\/v2\/product_cat?post=6589"},{"taxonomy":"product_tag","embeddable":true,"href":"https:\/\/fmp-components.com\/pl\/wp-json\/wp\/v2\/product_tag?post=6589"}],"curies":[{"name":"wp","href":"https:\/\/api.w.org\/{rel}","templated":true}]}}