{"id":6584,"date":"2025-03-11T06:31:13","date_gmt":"2025-03-11T06:31:13","guid":{"rendered":"https:\/\/fmp-components.com\/product\/quality-manufacturing-flatbed-tow-truck-dump-truck-hydraulic-cylinder"},"modified":"2025-03-12T05:45:44","modified_gmt":"2025-03-12T05:45:44","slug":"quality-manufacturing-flatbed-tow-truck-dump-truck-hydraulic-cylinder","status":"publish","type":"product","link":"https:\/\/fmp-components.com\/pl\/product\/quality-manufacturing-flatbed-tow-truck-dump-truck-hydraulic-cylinder\/","title":{"rendered":"Wysokiej jako\u015bci produkcja, laweta, wywrotka, si\u0142ownik hydrauliczny"},"content":{"rendered":"<h2>Wysokiej jako\u015bci produkcja, laweta, wywrotka, si\u0142ownik hydrauliczny<\/h2>\n<p>Odkryj jako\u015b\u0107 naszych si\u0142ownik\u00f3w hydraulicznych FMP, zaprojektowanych do stosowania w lawetach i wywrotkach, a tak\u017ce szeroko stosowanych w wielu ga\u0142\u0119ziach przemys\u0142u, w tym w warsztatach naprawczych maszyn, gospodarstwach rolnych, energetyce i g\u00f3rnictwie, produkcji maszyn i fabrykach maszyn.<\/p>\n<h3>Cechy produktu<\/h3>\n<p>Nasze si\u0142owniki hydrauliczne oferuj\u0105 szereg funkcji, kt\u00f3re wyr\u00f3\u017cniaj\u0105 je na tle konkurencji. Zaprojektowano je w oparciu o standardow\u0105 konstrukcj\u0119, wykorzystuj\u0105c si\u0142ownik t\u0142okowy nap\u0119dzany hydraulicznie. Korpus wykonany jest z wytrzyma\u0142ej stali, oferuj\u0105c maksymalny nacisk 3000 i maksymaln\u0105 si\u0142\u0119 uci\u0105gu 20 ton. Ten wielostopniowy si\u0142ownik hydrauliczny spe\u0142nia r\u00f3wnie\u017c normy certyfikacji ISO9001:2000.<\/p>\n<h3>Dane techniczne<\/h3>\n<table style=\"width: 99.5341%; height: 115px;\" border=\"\">\n<tbody>\n<tr style=\"height: 23px;\">\n<td style=\"width: 42.9379%; height: 23px;\"><i>Rozmiar otworu<\/i><\/td>\n<td style=\"width: 471.751%; height: 23px;\">2-6 cali<\/td>\n<\/tr>\n<tr style=\"height: 23px;\">\n<td style=\"width: 42.9379%; height: 23px;\"><i>Rozmiar pr\u0119ta<\/i><\/td>\n<td style=\"width: 471.751%; height: 23px;\">1,125-4 cale<\/td>\n<\/tr>\n<tr style=\"height: 23px;\">\n<td style=\"width: 42.9379%; height: 23px;\"><i>Rozmiar poci\u0105gni\u0119cia<\/i><\/td>\n<td style=\"width: 471.751%; height: 23px;\">4-100 cali<\/td>\n<\/tr>\n<tr style=\"height: 23px;\">\n<td style=\"width: 42.9379%; height: 23px;\"><i>Rozmiar szpilki<\/i><\/td>\n<td style=\"width: 471.751%; height: 23px;\">0,5-2 cale<\/td>\n<\/tr>\n<tr style=\"height: 23px;\">\n<td style=\"width: 42.9379%; height: 23px;\"><i>Porty<\/i><\/td>\n<td style=\"width: 471.751%; height: 23px;\">G\/SAE\/NPT\/M<\/td>\n<\/tr>\n<\/tbody>\n<\/table>\n<h2>Unikalne zalety<\/h2>\n<ul>\n<li>Oszcz\u0119dno\u015b\u0107 energii<\/li>\n<li>Wysoka wydajno\u015b\u0107<\/li>\n<li>Zapewnienie bezpiecze\u0144stwa<\/li>\n<\/ul>\n<p><img loading=\"lazy\" decoding=\"async\" class=\"alignnone  wp-image-6658\" src=\"https:\/\/fmp-components.com\/wp-content\/uploads\/2025\/03\/telescopic-hydraulic-cylinder-6.webp\" alt=\"si\u0142ownik hydrauliczny teleskopowy\" width=\"969\" height=\"969\" title=\"\" srcset=\"https:\/\/fmp-components.com\/wp-content\/uploads\/2025\/03\/telescopic-hydraulic-cylinder-6.webp 969w, https:\/\/fmp-components.com\/wp-content\/uploads\/2025\/03\/telescopic-hydraulic-cylinder-6-480x480.webp 480w\" sizes=\"(min-width: 0px) and (max-width: 480px) 480px, (min-width: 481px) 969px, 100vw\" \/><\/p>\n<h2>Uk\u0142ad hydrauliczny i zasada dzia\u0142ania<\/h2>\n<p>Nasze si\u0142owniki hydrauliczne stanowi\u0105 integralne elementy uk\u0142ad\u00f3w hydraulicznych, odgrywaj\u0105c kluczow\u0105 rol\u0119 w przekszta\u0142caniu energii hydraulicznej w ruch mechaniczny. Proces ten polega na przekszta\u0142caniu ci\u015bnienia p\u0142ynu w si\u0142\u0119, umo\u017cliwiaj\u0105c r\u00f3\u017cnym typom maszyn wykonywanie niezb\u0119dnych zada\u0144. Zasada dzia\u0142ania opiera si\u0119 na ruchu p\u0142ynu hydraulicznego, kt\u00f3ry jest kierowany do cylindra. Gdy p\u0142yn wype\u0142nia cylinder, wywiera ci\u015bnienie na t\u0142ok, powoduj\u0105c jego ruch. Ten ruch liniowy mo\u017cna nast\u0119pnie wykorzysta\u0107 do podnoszenia, pchania, ci\u0105gni\u0119cia lub manipulowania du\u017cymi \u0142adunkami z niezwyk\u0142\u0105 precyzj\u0105 i kontrol\u0105.<\/p>\n<p>Wydajno\u015b\u0107 uk\u0142ad\u00f3w hydraulicznych w du\u017cej mierze wynika z w\u0142a\u015bciwo\u015bci p\u0142ynu hydraulicznego, kt\u00f3ry jest nie\u015bci\u015bliwy i mo\u017ce przenosi\u0107 moc na du\u017ce odleg\u0142o\u015bci bez znacznych strat. Dzi\u0119ki temu si\u0142owniki hydrauliczne s\u0105 szczeg\u00f3lnie skuteczne w zastosowaniach wymagaj\u0105cych du\u017cej si\u0142y i niezawodno\u015bci, zapewniaj\u0105c optymaln\u0105 wydajno\u015b\u0107 w r\u00f3\u017cnorodnych \u015brodowiskach przemys\u0142owych.<\/p>\n<h2>Zastosowanie cylindr\u00f3w hydraulicznych<\/h2>\n<p>Te si\u0142owniki hydrauliczne s\u0105 wyj\u0105tkowo wszechstronne i idealnie nadaj\u0105 si\u0119 do zastosowania w wielu bran\u017cach. W warsztatach naprawczych maszyn u\u0142atwiaj\u0105 podnoszenie i pozycjonowanie ci\u0119\u017ckiego sprz\u0119tu, czyni\u0105c prace konserwacyjne bardziej intuicyjnymi i wydajnymi. Ich solidna konstrukcja pozwala im wytrzyma\u0107 obci\u0105\u017cenia zwi\u0105zane z podnoszeniem ci\u0119\u017car\u00f3w, zapewniaj\u0105c bezpiecze\u0144stwo i niezawodno\u015b\u0107 podczas napraw.<\/p>\n<p>W rolnictwie si\u0142owniki hydrauliczne s\u0105 nieocenione do obs\u0142ugi ci\u0105gnik\u00f3w i innych maszyn rolniczych. Umo\u017cliwiaj\u0105 rolnikom wykonywanie takich zada\u0144, jak podnoszenie i przechylanie sprz\u0119tu, transport materia\u0142\u00f3w, a nawet zarz\u0105dzanie osprz\u0119tem, takim jak p\u0142ugi i brony. Ta mo\u017cliwo\u015b\u0107 zwi\u0119ksza produktywno\u015b\u0107 i wydajno\u015b\u0107 w gospodarstwie, czyni\u0105c si\u0142owniki hydrauliczne niezb\u0119dnym narz\u0119dziem w nowoczesnym rolnictwie.<\/p>\n<p>W przemy\u015ble energetycznym i g\u00f3rniczym cylindry te znajduj\u0105 zastosowanie w r\u00f3\u017cnych zastosowaniach, takich jak wiercenie, wykopy i prze\u0142adunek materia\u0142\u00f3w. Ich zdolno\u015b\u0107 do generowania znacznej si\u0142y sprawia, \u017ce \u200b\u200bnadaj\u0105 si\u0119 do wymagaj\u0105cych zada\u0144, cz\u0119sto spotykanych w tych sektorach, gdzie niezawodno\u015b\u0107 i wydajno\u015b\u0107 maj\u0105 kluczowe znaczenie.<\/p>\n<p>Ponadto si\u0142owniki hydrauliczne odgrywaj\u0105 kluczow\u0105 rol\u0119 w produkcji maszyn i fabrykach. S\u0105 stosowane na liniach monta\u017cowych, prasach i w systemach zautomatyzowanych, gdzie przyczyniaj\u0105 si\u0119 do usprawnienia operacji i poprawy wydajno\u015bci produkcji. Wszechstronno\u015b\u0107 i wytrzyma\u0142o\u015b\u0107 si\u0142ownik\u00f3w hydraulicznych sprawiaj\u0105, \u017ce s\u0105 one kluczowym elementem zapewniaj\u0105cym efektywne dzia\u0142anie maszyn w r\u00f3\u017cnych zastosowaniach przemys\u0142owych.<\/p>\n<h3>P: Czy jeste\u015b firm\u0105 handlow\u0105 lub produkcyjn\u0105?<\/h3>\n<p>A: Jeste\u015bmy fabryk\u0105.<\/p>\n<h3>P: Jak d\u0142ugi jest czas dostawy?<\/h3>\n<p>A: Zazwyczaj trwa to 25\u201335 dni.<\/p>\n<h3>P: Czy dostarczacie pr\u00f3bki? Czy s\u0105 darmowe czy dodatkowe?<\/h3>\n<p>O: Tak, mogliby\u015bmy zaoferowa\u0107 pr\u00f3bk\u0119, ale nie jest ona darmowa.<\/p>\n<h3>O FMP<\/h3>\n<p class=\"break-words\">FMP jest wiod\u0105cym w\u0142oskim producentem specjalizuj\u0105cym si\u0119 w projektowaniu, rozwoju i produkcji wysokiej jako\u015bci cylindr\u00f3w hydraulicznych. Dzi\u0119ki bogatemu dziedzictwu zakorzenionemu w dziesi\u0119cioleciach do\u015bwiadczenia, z dum\u0105 \u0142\u0105czymy w\u0142oskie rzemios\u0142o z najnowocze\u015bniejsz\u0105 technologi\u0105, aby dostarcza\u0107 wyj\u0105tkowe rozwi\u0105zania hydrauliczne dostosowane do zr\u00f3\u017cnicowanych potrzeb naszych globalnych klient\u00f3w. Maj\u0105c siedzib\u0119 we W\u0142oszech, w centrum doskona\u0142o\u015bci in\u017cynieryjnej, FMP jest zaufan\u0105 mark\u0105 w bran\u017cy hydraulicznej, zobowi\u0105zan\u0105 do dostarczania niezawodnych, trwa\u0142ych i innowacyjnych produkt\u00f3w, kt\u00f3re wzmacniaj\u0105 firmy na ca\u0142ym \u015bwiecie.<\/p>\n<p class=\"break-words\">Nasza firma integruje najlepsze tradycje zaawansowanej produkcji z przysz\u0142o\u015bciowym podej\u015bciem. Korzystaj\u0105c z wieloletniego do\u015bwiadczenia w systemach hydraulicznych, FMP przekszta\u0142ci\u0142o si\u0119 w nowoczesne przedsi\u0119biorstwo, kt\u00f3re wyr\u00f3\u017cnia si\u0119 w badaniach, projektowaniu i produkcji. Specjalizujemy si\u0119 w szerokiej gamie cylindr\u00f3w hydraulicznych, w tym cylindrach dwustronnego dzia\u0142ania, cylindrach podnosz\u0105cych do samochod\u00f3w, cylindrach do maszyn rolniczych i rozwi\u0105zaniach projektowanych na zam\u00f3wienie do r\u00f3\u017cnych zastosowa\u0144 przemys\u0142owych. Niezale\u017cnie od tego, czy chodzi o budownictwo, instalacje przemys\u0142owe, rolnictwo czy ci\u0119\u017cki sprz\u0119t, nasze cylindry hydrauliczne s\u0105 zbudowane tak, aby dzia\u0142a\u0142y w najtrudniejszych warunkach, zapewniaj\u0105c bezpiecze\u0144stwo, wydajno\u015b\u0107 i d\u0142ugowieczno\u015b\u0107.<\/p>\n<p><img loading=\"lazy\" decoding=\"async\" class=\"alignnone size-full wp-image-6720\" src=\"https:\/\/fmp-components.com\/wp-content\/uploads\/2025\/03\/hydraulic-cylinder-8.webp\" alt=\"Si\u0142owniki hydrauliczne teleskopowe\" width=\"933\" height=\"526\" title=\"\" srcset=\"https:\/\/fmp-components.com\/wp-content\/uploads\/2025\/03\/hydraulic-cylinder-8.webp 933w, https:\/\/fmp-components.com\/wp-content\/uploads\/2025\/03\/hydraulic-cylinder-8-480x271.webp 480w\" sizes=\"(min-width: 0px) and (max-width: 480px) 480px, (min-width: 481px) 933px, 100vw\" \/><\/p>\n<p class=\"break-words\">W FMP jeste\u015bmy dumni z naszych najnowocze\u015bniejszych zak\u0142ad\u00f3w produkcyjnych, wyposa\u017conych w precyzyjne maszyny i zaawansowane systemy testowe. Nasze procesy produkcyjne s\u0105 zgodne z rygorystycznymi normami krajowymi i mi\u0119dzynarodowymi, co zapewnia, \u017ce ka\u017cdy cylinder hydrauliczny opuszczaj\u0105cy nasz\u0105 fabryk\u0119 jest najwy\u017cszej jako\u015bci i niezawodno\u015bci. Nasz wykwalifikowany zesp\u00f3\u0142 techniczny w po\u0142\u0105czeniu z najnowocze\u015bniejszym sprz\u0119tem pozwala nam zachowa\u0107 \u015bcis\u0142\u0105 kontrol\u0119 jako\u015bci na ka\u017cdym etapie produkcji \u2014 od wyboru surowca po ko\u0144cow\u0105 kontrol\u0119. To oddanie doskona\u0142o\u015bci przynios\u0142o nam certyfikaty i uznanie autorytet\u00f3w bran\u017cowych, co dodatkowo umocni\u0142o nasz\u0105 reputacj\u0119 niezawodnego partnera.<\/p>\n<p class=\"break-words\">Nasza misja jest prosta, ale ambitna: dostarcza\u0107 naszym klientom cylindry hydrauliczne, kt\u00f3re przekraczaj\u0105 oczekiwania pod wzgl\u0119dem wydajno\u015bci, trwa\u0142o\u015bci i warto\u015bci. Dzia\u0142amy zgodnie z zasadami profesjonalizmu, uczciwo\u015bci i skupienia na kliencie. Poprzez promowanie kultury innowacji i precyzji nieustannie udoskonalamy nasze produkty, aby utrzyma\u0107 si\u0119 na czele konkurencyjnego rynku. Nasza kompleksowa oferta produkt\u00f3w i zdolno\u015b\u0107 do oferowania dostosowanych rozwi\u0105za\u0144 sprawiaj\u0105, \u017ce jeste\u015bmy pierwszym wyborem dla firm poszukuj\u0105cych wysokowydajnych cylindr\u00f3w hydraulicznych.<\/p>\n<p class=\"break-words\">FMP to co\u015b wi\u0119cej ni\u017c tylko producent \u2014 jeste\u015bmy partnerem w Twoim sukcesie. Rozumiemy, \u017ce nasi klienci polegaj\u0105 na nas, je\u015bli chodzi o dostarczanie narz\u0119dzi, kt\u00f3re zwi\u0119kszaj\u0105 ich produktywno\u015b\u0107 i bezpiecze\u0144stwo. Dlatego te\u017c jeste\u015bmy zobowi\u0105zani do oferowania nie tylko produkt\u00f3w najwy\u017cszej klasy, ale tak\u017ce wyj\u0105tkowej obs\u0142ugi. Od wst\u0119pnych konsultacji po wsparcie posprzeda\u017cowe, \u015bci\u015ble wsp\u00f3\u0142pracujemy z naszymi klientami, aby zapewni\u0107, \u017ce ich potrzeby s\u0105 spe\u0142niane z profesjonalizmem i trosk\u0105. Nasze konkurencyjne ceny w po\u0142\u0105czeniu z naszym niezachwianym zaanga\u017cowaniem w jako\u015b\u0107 sprawiaj\u0105, \u017ce FMP jest m\u0105drym wyborem dla firm, kt\u00f3re chc\u0105 zainwestowa\u0107 w rozwi\u0105zania hydrauliczne, kt\u00f3rym mog\u0105 zaufa\u0107.<\/p>","protected":false},"excerpt":{"rendered":"<p>Quality Manufacturing Flatbed Tow Truck Dump Truck Hydraulic Cylinder Discover the quality of our FMP hydraulic cylinders, designed for use in flatbed tow trucks and dump trucks, and widely applied in a range of industries, including machinery repair shops, farms, energy &amp; mining, machinery manufacturing, and machinery factories. Product Features Our hydraulic cylinders offer a [&hellip;]<\/p>","protected":false},"featured_media":6727,"comment_status":"closed","ping_status":"closed","template":"","meta":{"_et_pb_use_builder":"","_et_pb_old_content":"","_et_gb_content_width":""},"product_brand":[],"product_cat":[103],"product_tag":[34,105],"class_list":{"0":"post-6584","1":"product","2":"type-product","3":"status-publish","4":"has-post-thumbnail","6":"product_cat-telescopic-hydraulic-cylinders","7":"product_tag-hydraulic-cylinder","8":"product_tag-telescopic-hydraulic-cylinders","10":"first","11":"instock","12":"product-type-simple"},"_links":{"self":[{"href":"https:\/\/fmp-components.com\/pl\/wp-json\/wp\/v2\/product\/6584","targetHints":{"allow":["GET"]}}],"collection":[{"href":"https:\/\/fmp-components.com\/pl\/wp-json\/wp\/v2\/product"}],"about":[{"href":"https:\/\/fmp-components.com\/pl\/wp-json\/wp\/v2\/types\/product"}],"replies":[{"embeddable":true,"href":"https:\/\/fmp-components.com\/pl\/wp-json\/wp\/v2\/comments?post=6584"}],"wp:featuredmedia":[{"embeddable":true,"href":"https:\/\/fmp-components.com\/pl\/wp-json\/wp\/v2\/media\/6727"}],"wp:attachment":[{"href":"https:\/\/fmp-components.com\/pl\/wp-json\/wp\/v2\/media?parent=6584"}],"wp:term":[{"taxonomy":"product_brand","embeddable":true,"href":"https:\/\/fmp-components.com\/pl\/wp-json\/wp\/v2\/product_brand?post=6584"},{"taxonomy":"product_cat","embeddable":true,"href":"https:\/\/fmp-components.com\/pl\/wp-json\/wp\/v2\/product_cat?post=6584"},{"taxonomy":"product_tag","embeddable":true,"href":"https:\/\/fmp-components.com\/pl\/wp-json\/wp\/v2\/product_tag?post=6584"}],"curies":[{"name":"wp","href":"https:\/\/api.w.org\/{rel}","templated":true}]}}