{"id":6582,"date":"2025-03-11T06:31:13","date_gmt":"2025-03-11T06:31:13","guid":{"rendered":"https:\/\/fmp-components.com\/product\/professional-craftsmanship-4-stage-dump-truck-stainless-steel-hydraulic-cylinder"},"modified":"2025-03-12T05:36:17","modified_gmt":"2025-03-12T05:36:17","slug":"professional-craftsmanship-4-stage-dump-truck-stainless-steel-hydraulic-cylinder","status":"publish","type":"product","link":"https:\/\/fmp-components.com\/pl\/product\/professional-craftsmanship-4-stage-dump-truck-stainless-steel-hydraulic-cylinder\/","title":{"rendered":"Profesjonalne wykonanie, 4-stopniowy wywrotka, si\u0142ownik hydrauliczny ze stali nierdzewnej"},"content":{"rendered":"<h2>Profesjonalne wykonanie, 4-stopniowy wywrotka, si\u0142ownik hydrauliczny ze stali nierdzewnej<\/h2>\n<p>To zupe\u0142nie nowy, profesjonalny, 4-stopniowy si\u0142ownik hydrauliczny do wywrotek ze stali nierdzewnej, stworzony z my\u015bl\u0105 o pracy w r\u00f3\u017cnych bran\u017cach, takich jak warsztaty naprawcze maszyn, gospodarstwa rolne, energetyka i g\u00f3rnictwo, produkcja maszyn i fabryki maszyn. Ten wielostopniowy si\u0142ownik hydrauliczny jest obj\u0119ty roczn\u0105 gwarancj\u0105 na g\u0142\u00f3wne komponenty, w tym \u0142o\u017cysko i sam si\u0142ownik hydrauliczny.<\/p>\n<h3>G\u0142\u00f3wne cechy i specyfikacje<\/h3>\n<p>Si\u0142ownik hydrauliczny charakteryzuje si\u0119 standardow\u0105 konstrukcj\u0105, a dok\u0142adniej si\u0142ownikiem t\u0142okowym. Jego nap\u0119d jest hydrauliczny, a korpus wykonany jest ze stali. Si\u0142ownik charakteryzuje si\u0119 maksymaln\u0105 si\u0142\u0105 nacisku 3000 i uci\u0105giem 20 ton. Posiada certyfikat ISO9001:2000, co gwarantuje jego jako\u015b\u0107 i niezawodno\u015b\u0107.<\/p>\n<h3>Szczeg\u00f3\u0142y techniczne<\/h3>\n<table style=\"width: 99.3161%;\" border=\"\">\n<tbody>\n<tr>\n<td style=\"width: 42.9379%;\"><i>Rozmiar otworu<\/i><\/td>\n<td style=\"width: 470.621%;\">2-6 cali<\/td>\n<\/tr>\n<tr>\n<td style=\"width: 42.9379%;\"><i>Rozmiar pr\u0119ta<\/i><\/td>\n<td style=\"width: 470.621%;\">1,125-4 cale<\/td>\n<\/tr>\n<tr>\n<td style=\"width: 42.9379%;\"><i>Rozmiar poci\u0105gni\u0119cia<\/i><\/td>\n<td style=\"width: 470.621%;\">4-100 cali<\/td>\n<\/tr>\n<tr>\n<td style=\"width: 42.9379%;\"><i>Rozmiar szpilki<\/i><\/td>\n<td style=\"width: 470.621%;\">0,5-2 cale<\/td>\n<\/tr>\n<tr>\n<td style=\"width: 42.9379%;\"><i>Porty<\/i><\/td>\n<td style=\"width: 470.621%;\">G\/SAE\/NPT\/M<\/td>\n<\/tr>\n<\/tbody>\n<\/table>\n<h2>Unikalne cechy i zalety<\/h2>\n<ul>\n<li>Oszcz\u0119dno\u015b\u0107 energii<\/li>\n<li>Wysoce wydajny<\/li>\n<li>Bezpieczny w u\u017cyciu<\/li>\n<\/ul>\n<h2>G\u0142\u0119bokie zanurzenie w uk\u0142adach hydraulicznych i zasadach dzia\u0142ania<\/h2>\n<p>Si\u0142ownik hydrauliczny stanowi si\u0142\u0119 nap\u0119dow\u0105 wywrotek i innych maszyn, dzia\u0142aj\u0105c na zasadzie wykorzystania spr\u0119\u017conego p\u0142ynu do generowania si\u0142y i ruchu liniowego. W uk\u0142adzie hydraulicznym si\u0142ownik pe\u0142ni kluczow\u0105 rol\u0119, przekszta\u0142caj\u0105c energi\u0119 zawart\u0105 w p\u0142ynie hydraulicznym w prac\u0119 mechaniczn\u0105. Po wt\u0142oczeniu p\u0142ynu hydraulicznego do si\u0142ownika wytwarzane jest ci\u015bnienie, kt\u00f3re wymusza ruch t\u0142oka, co skutkuje po\u017c\u0105danym ruchem liniowym. Zasada ta nie tylko stanowi podstaw\u0119 dzia\u0142ania wywrotek, ale tak\u017ce poprawia funkcjonalno\u015b\u0107 szerokiej gamy urz\u0105dze\u0144, czyni\u0105c si\u0142owniki hydrauliczne niezb\u0119dnymi w wielu zastosowaniach przemys\u0142owych.<\/p>\n<p><img loading=\"lazy\" decoding=\"async\" class=\"alignnone  wp-image-6659\" src=\"https:\/\/fmp-components.com\/wp-content\/uploads\/2025\/03\/telescopic-hydraulic-cylinder-12.webp\" alt=\"si\u0142ownik hydrauliczny teleskopowy\" width=\"912\" height=\"912\" title=\"\" srcset=\"https:\/\/fmp-components.com\/wp-content\/uploads\/2025\/03\/telescopic-hydraulic-cylinder-12.webp 912w, https:\/\/fmp-components.com\/wp-content\/uploads\/2025\/03\/telescopic-hydraulic-cylinder-12-480x480.webp 480w\" sizes=\"(min-width: 0px) and (max-width: 480px) 480px, (min-width: 481px) 912px, 100vw\" \/><\/p>\n<h2>Zastosowanie cylindra hydraulicznego<\/h2>\n<p>Wszechstronno\u015b\u0107 si\u0142ownik\u00f3w hydraulicznych jest widoczna w ich szerokim zastosowaniu w wielu bran\u017cach. W warsztatach naprawczych maszyn si\u0142owniki te u\u0142atwiaj\u0105 podnoszenie i ustawianie ci\u0119\u017ckiego sprz\u0119tu, umo\u017cliwiaj\u0105c sprawn\u0105 konserwacj\u0119 i naprawy. W gospodarstwach rolnych si\u0142owniki hydrauliczne s\u0105 stosowane w ci\u0105gnikach i innych maszynach rolniczych do podnoszenia, przechylania i transportu materia\u0142\u00f3w, znacznie zwi\u0119kszaj\u0105c wydajno\u015b\u0107 w rolnictwie.<\/p>\n<p>W sektorze energetycznym i g\u00f3rniczym cylindry hydrauliczne odgrywaj\u0105 kluczow\u0105 rol\u0119 w zadaniach takich jak wiercenie, wykopy i prze\u0142adunek materia\u0142\u00f3w, gdzie moc i niezawodno\u015b\u0107 s\u0105 kluczowe. Ponadto, w produkcji maszyn i fabrykach, stanowi\u0105 integraln\u0105 cz\u0119\u015b\u0107 linii monta\u017cowych i r\u00f3\u017cnych zautomatyzowanych proces\u00f3w, usprawniaj\u0105c produkcj\u0119 i zwi\u0119kszaj\u0105c wydajno\u015b\u0107 operacyjn\u0105. Chocia\u017c wywrotki s\u0105 popularnym zastosowaniem, cylindry hydrauliczne znajduj\u0105 zastosowanie r\u00f3wnie\u017c w innych ci\u0119\u017ckich maszynach wymagaj\u0105cych niezawodnej si\u0142y liniowej i ruchu, co czyni je niezb\u0119dnymi w wielu zastosowaniach przemys\u0142owych.<\/p>\n<h2>Si\u0142owniki hydrauliczne i agregaty pr\u0105dotw\u00f3rcze<\/h2>\n<p>Si\u0142owniki hydrauliczne i agregaty nap\u0119dowe to niezb\u0119dne elementy ka\u017cdego uk\u0142adu hydraulicznego, wsp\u00f3\u0142pracuj\u0105ce ze sob\u0105 w celu zapewnienia optymalnej wydajno\u015bci i niezawodno\u015bci. Si\u0142ownik hydrauliczny pe\u0142ni funkcj\u0119 si\u0142ownika, przekszta\u0142caj\u0105c energi\u0119 hydrauliczn\u0105 w ruch mechaniczny poprzez przekszta\u0142canie ci\u015bnienia w si\u0142\u0119. Dzi\u0119ki temu jest on wykonawc\u0105 pracy, umo\u017cliwiaj\u0105c przemieszczanie ci\u0119\u017ckich \u0142adunk\u00f3w i realizacj\u0119 kluczowych zada\u0144.<\/p>\n<p>Z kolei jednostka nap\u0119dowa stanowi serce uk\u0142adu hydraulicznego, dostarczaj\u0105c niezb\u0119dn\u0105 energi\u0119 i sygna\u0142y steruj\u0105ce. Zazwyczaj sk\u0142ada si\u0119 z silnika, pompy, zbiornika i zawor\u00f3w steruj\u0105cych, kt\u00f3re wsp\u00f3\u0142pracuj\u0105 ze sob\u0105, aby utrzyma\u0107 sta\u0142e ci\u015bnienie i nat\u0119\u017cenie przep\u0142ywu. Koordynacja mi\u0119dzy si\u0142ownikiem hydraulicznym a jednostk\u0105 nap\u0119dow\u0105 ma kluczowe znaczenie dla p\u0142ynnej pracy uk\u0142adu hydraulicznego, gwarantuj\u0105c harmonijne dzia\u0142anie wszystkich podzespo\u0142\u00f3w i niezawodne zasilanie oraz sterowanie.<\/p>\n<p>W FMP dok\u0142adamy wszelkich stara\u0144, aby dostarcza\u0107 kompleksowe rozwi\u0105zania hydrauliczne, w tym agregaty pr\u0105dotw\u00f3rcze. Dzi\u0119ki temu nasi klienci maj\u0105 dost\u0119p zar\u00f3wno do si\u0142ownik\u00f3w hydraulicznych, jak i agregat\u00f3w, co pozwala na bezproblemow\u0105 integracj\u0119 komponent\u00f3w w ich uk\u0142adach hydraulicznych. Dostarczaj\u0105c te niezb\u0119dne elementy, wspieramy sprawne i efektywne dzia\u0142anie r\u00f3\u017cnorodnych urz\u0105dze\u0144 in\u017cynieryjnych i mechanicznych w r\u00f3\u017cnorodnych zastosowaniach przemys\u0142owych.<\/p>\n<p><img loading=\"lazy\" decoding=\"async\" class=\"alignnone size-full wp-image-6660\" src=\"https:\/\/fmp-components.com\/wp-content\/uploads\/2025\/03\/hydraulic-cylinder-workshop-4.webp\" alt=\"si\u0142ownik hydrauliczny teleskopowy\" width=\"914\" height=\"733\" title=\"\" srcset=\"https:\/\/fmp-components.com\/wp-content\/uploads\/2025\/03\/hydraulic-cylinder-workshop-4.webp 914w, https:\/\/fmp-components.com\/wp-content\/uploads\/2025\/03\/hydraulic-cylinder-workshop-4-480x385.webp 480w\" sizes=\"(min-width: 0px) and (max-width: 480px) 480px, (min-width: 481px) 914px, 100vw\" \/><\/p>\n<h2>Cz\u0119sto zadawane pytania<\/h2>\n<p><span>P: Czy jeste\u015b firm\u0105 handlow\u0105 lub produkcyjn\u0105?<\/span><br \/>\n<span>A: Jeste\u015bmy fabryk\u0105.<\/span><br \/>\n<span>P: Jak d\u0142ugi jest czas dostawy?<\/span><br \/>\n<span>A: Zazwyczaj jest to 25\u201335 dni.<\/span><br \/>\n<span>P: Czy dostarczacie pr\u00f3bki? Czy s\u0105 darmowe czy dodatkowe?<\/span><br \/>\n<span>O: Tak, mogliby\u015bmy zaoferowa\u0107 pr\u00f3bk\u0119, ale nie jest ona darmowa.<\/span><\/p>\n<h3>O FMP<\/h3>\n<p class=\"break-words\">FMP jest wiod\u0105cym w\u0142oskim producentem specjalizuj\u0105cym si\u0119 w projektowaniu, rozwoju i produkcji wysokiej jako\u015bci cylindr\u00f3w hydraulicznych. Dzi\u0119ki bogatemu dziedzictwu zakorzenionemu w dziesi\u0119cioleciach do\u015bwiadczenia, z dum\u0105 \u0142\u0105czymy w\u0142oskie rzemios\u0142o z najnowocze\u015bniejsz\u0105 technologi\u0105, aby dostarcza\u0107 wyj\u0105tkowe rozwi\u0105zania hydrauliczne dostosowane do zr\u00f3\u017cnicowanych potrzeb naszych globalnych klient\u00f3w. Maj\u0105c siedzib\u0119 we W\u0142oszech, w centrum doskona\u0142o\u015bci in\u017cynieryjnej, FMP jest zaufan\u0105 mark\u0105 w bran\u017cy hydraulicznej, zobowi\u0105zan\u0105 do dostarczania niezawodnych, trwa\u0142ych i innowacyjnych produkt\u00f3w, kt\u00f3re wzmacniaj\u0105 firmy na ca\u0142ym \u015bwiecie.<\/p>\n<p class=\"break-words\">Nasza firma integruje najlepsze tradycje zaawansowanej produkcji z przysz\u0142o\u015bciowym podej\u015bciem. Korzystaj\u0105c z wieloletniego do\u015bwiadczenia w systemach hydraulicznych, FMP przekszta\u0142ci\u0142o si\u0119 w nowoczesne przedsi\u0119biorstwo, kt\u00f3re wyr\u00f3\u017cnia si\u0119 w badaniach, projektowaniu i produkcji. Specjalizujemy si\u0119 w szerokiej gamie cylindr\u00f3w hydraulicznych, w tym cylindrach dwustronnego dzia\u0142ania, cylindrach podnosz\u0105cych do samochod\u00f3w, cylindrach do maszyn rolniczych i rozwi\u0105zaniach projektowanych na zam\u00f3wienie do r\u00f3\u017cnych zastosowa\u0144 przemys\u0142owych. Niezale\u017cnie od tego, czy chodzi o budownictwo, instalacje przemys\u0142owe, rolnictwo czy ci\u0119\u017cki sprz\u0119t, nasze cylindry hydrauliczne s\u0105 zbudowane tak, aby dzia\u0142a\u0142y w najtrudniejszych warunkach, zapewniaj\u0105c bezpiecze\u0144stwo, wydajno\u015b\u0107 i d\u0142ugowieczno\u015b\u0107.<\/p>\n<p><img loading=\"lazy\" decoding=\"async\" class=\"alignnone size-full wp-image-6720\" src=\"https:\/\/fmp-components.com\/wp-content\/uploads\/2025\/03\/hydraulic-cylinder-8.webp\" alt=\"Si\u0142owniki hydrauliczne teleskopowe\" width=\"933\" height=\"526\" title=\"\" srcset=\"https:\/\/fmp-components.com\/wp-content\/uploads\/2025\/03\/hydraulic-cylinder-8.webp 933w, https:\/\/fmp-components.com\/wp-content\/uploads\/2025\/03\/hydraulic-cylinder-8-480x271.webp 480w\" sizes=\"(min-width: 0px) and (max-width: 480px) 480px, (min-width: 481px) 933px, 100vw\" \/><\/p>\n<p class=\"break-words\">W FMP jeste\u015bmy dumni z naszych najnowocze\u015bniejszych zak\u0142ad\u00f3w produkcyjnych, wyposa\u017conych w precyzyjne maszyny i zaawansowane systemy testowe. Nasze procesy produkcyjne s\u0105 zgodne z rygorystycznymi normami krajowymi i mi\u0119dzynarodowymi, co zapewnia, \u017ce ka\u017cdy cylinder hydrauliczny opuszczaj\u0105cy nasz\u0105 fabryk\u0119 jest najwy\u017cszej jako\u015bci i niezawodno\u015bci. Nasz wykwalifikowany zesp\u00f3\u0142 techniczny w po\u0142\u0105czeniu z najnowocze\u015bniejszym sprz\u0119tem pozwala nam zachowa\u0107 \u015bcis\u0142\u0105 kontrol\u0119 jako\u015bci na ka\u017cdym etapie produkcji \u2014 od wyboru surowca po ko\u0144cow\u0105 kontrol\u0119. To oddanie doskona\u0142o\u015bci przynios\u0142o nam certyfikaty i uznanie autorytet\u00f3w bran\u017cowych, co dodatkowo umocni\u0142o nasz\u0105 reputacj\u0119 niezawodnego partnera.<\/p>\n<p class=\"break-words\">Nasza misja jest prosta, ale ambitna: dostarcza\u0107 naszym klientom cylindry hydrauliczne, kt\u00f3re przekraczaj\u0105 oczekiwania pod wzgl\u0119dem wydajno\u015bci, trwa\u0142o\u015bci i warto\u015bci. Dzia\u0142amy zgodnie z zasadami profesjonalizmu, uczciwo\u015bci i skupienia na kliencie. Poprzez promowanie kultury innowacji i precyzji nieustannie udoskonalamy nasze produkty, aby utrzyma\u0107 si\u0119 na czele konkurencyjnego rynku. Nasza kompleksowa oferta produkt\u00f3w i zdolno\u015b\u0107 do oferowania dostosowanych rozwi\u0105za\u0144 sprawiaj\u0105, \u017ce jeste\u015bmy pierwszym wyborem dla firm poszukuj\u0105cych wysokowydajnych cylindr\u00f3w hydraulicznych.<\/p>\n<p class=\"break-words\">FMP to co\u015b wi\u0119cej ni\u017c tylko producent \u2014 jeste\u015bmy partnerem w Twoim sukcesie. Rozumiemy, \u017ce nasi klienci polegaj\u0105 na nas, je\u015bli chodzi o dostarczanie narz\u0119dzi, kt\u00f3re zwi\u0119kszaj\u0105 ich produktywno\u015b\u0107 i bezpiecze\u0144stwo. Dlatego te\u017c jeste\u015bmy zobowi\u0105zani do oferowania nie tylko produkt\u00f3w najwy\u017cszej klasy, ale tak\u017ce wyj\u0105tkowej obs\u0142ugi. Od wst\u0119pnych konsultacji po wsparcie posprzeda\u017cowe, \u015bci\u015ble wsp\u00f3\u0142pracujemy z naszymi klientami, aby zapewni\u0107, \u017ce ich potrzeby s\u0105 spe\u0142niane z profesjonalizmem i trosk\u0105. Nasze konkurencyjne ceny w po\u0142\u0105czeniu z naszym niezachwianym zaanga\u017cowaniem w jako\u015b\u0107 sprawiaj\u0105, \u017ce FMP jest m\u0105drym wyborem dla firm, kt\u00f3re chc\u0105 zainwestowa\u0107 w rozwi\u0105zania hydrauliczne, kt\u00f3rym mog\u0105 zaufa\u0107.<\/p>","protected":false},"excerpt":{"rendered":"<p>Professional Craftsmanship 4 Stage Dump Truck Stainless Steel Hydraulic Cylinder This is a brand new Professional Craftsmanship 4 Stage Dump Truck Stainless Steel hydraulic cylinder, built to serve you in various industries such as machinery repair shops, farms, energy and mining, machinery manufacturing and machinery factories. This multistage hydraulic cylinder comes with a one-year warranty [&hellip;]<\/p>","protected":false},"featured_media":6725,"comment_status":"closed","ping_status":"closed","template":"","meta":{"_et_pb_use_builder":"","_et_pb_old_content":"","_et_gb_content_width":""},"product_brand":[],"product_cat":[103],"product_tag":[34,105],"class_list":{"0":"post-6582","1":"product","2":"type-product","3":"status-publish","4":"has-post-thumbnail","6":"product_cat-telescopic-hydraulic-cylinders","7":"product_tag-hydraulic-cylinder","8":"product_tag-telescopic-hydraulic-cylinders","10":"first","11":"instock","12":"product-type-simple"},"_links":{"self":[{"href":"https:\/\/fmp-components.com\/pl\/wp-json\/wp\/v2\/product\/6582","targetHints":{"allow":["GET"]}}],"collection":[{"href":"https:\/\/fmp-components.com\/pl\/wp-json\/wp\/v2\/product"}],"about":[{"href":"https:\/\/fmp-components.com\/pl\/wp-json\/wp\/v2\/types\/product"}],"replies":[{"embeddable":true,"href":"https:\/\/fmp-components.com\/pl\/wp-json\/wp\/v2\/comments?post=6582"}],"wp:featuredmedia":[{"embeddable":true,"href":"https:\/\/fmp-components.com\/pl\/wp-json\/wp\/v2\/media\/6725"}],"wp:attachment":[{"href":"https:\/\/fmp-components.com\/pl\/wp-json\/wp\/v2\/media?parent=6582"}],"wp:term":[{"taxonomy":"product_brand","embeddable":true,"href":"https:\/\/fmp-components.com\/pl\/wp-json\/wp\/v2\/product_brand?post=6582"},{"taxonomy":"product_cat","embeddable":true,"href":"https:\/\/fmp-components.com\/pl\/wp-json\/wp\/v2\/product_cat?post=6582"},{"taxonomy":"product_tag","embeddable":true,"href":"https:\/\/fmp-components.com\/pl\/wp-json\/wp\/v2\/product_tag?post=6582"}],"curies":[{"name":"wp","href":"https:\/\/api.w.org\/{rel}","templated":true}]}}