{"id":6577,"date":"2025-03-11T06:31:13","date_gmt":"2025-03-11T06:31:13","guid":{"rendered":"https:\/\/fmp-components.com\/product\/factory-direct-sale-20-ton-dump-truck-hoist-hydraulic-cylinder"},"modified":"2025-03-12T05:11:27","modified_gmt":"2025-03-12T05:11:27","slug":"factory-direct-sale-20-ton-dump-truck-hoist-hydraulic-cylinder","status":"publish","type":"product","link":"https:\/\/fmp-components.com\/pl\/product\/factory-direct-sale-20-ton-dump-truck-hoist-hydraulic-cylinder\/","title":{"rendered":"Sprzeda\u017c bezpo\u015brednia z fabryki, si\u0142ownik hydrauliczny podno\u015bnika do wywrotki 20 ton"},"content":{"rendered":"<h2>Sprzeda\u017c bezpo\u015brednia z fabryki, si\u0142ownik hydrauliczny podno\u015bnika do wywrotki 20 ton<\/h2>\n<p>Przyjrzyj si\u0119 bli\u017cej naszemu 20-tonowemu si\u0142ownikowi hydraulicznemu do podno\u015bnik\u00f3w wywrotek, dost\u0119pnemu w sprzeda\u017cy fabrycznej. Ten sprz\u0119t, zaprojektowany do precyzyjnego i \u0142atwego podnoszenia ci\u0119\u017ckich \u0142adunk\u00f3w, jest niezb\u0119dnym narz\u0119dziem w bran\u017cy napraw maszyn, rolnictwie, energetyce i g\u00f3rnictwie oraz produkcji maszyn. Niezale\u017cnie od tego, czy chcesz wymieni\u0107 stary si\u0142ownik hydrauliczny, czy te\u017c wybra\u0107 bardziej wydajny model, warto rozwa\u017cy\u0107 ten produkt.<\/p>\n<h3>Funkcje i specyfikacje<\/h3>\n<p>Nasz si\u0142ownik hydrauliczny charakteryzuje si\u0119 solidn\u0105 stalow\u0105 konstrukcj\u0105, odporn\u0105 na intensywne u\u017cytkowanie. Dzia\u0142a w oparciu o si\u0142\u0119 hydrauliczn\u0105, co czyni go niezwykle niezawodnym i wydajnym narz\u0119dziem do podnoszenia i przenoszenia ci\u0119\u017ckich \u0142adunk\u00f3w. Si\u0142ownik posiada r\u00f3wnie\u017c certyfikat ISO9001:2000, co gwarantuje jego jako\u015b\u0107 i niezawodno\u015b\u0107.<\/p>\n<table style=\"width: 99.9058%;\" border=\"\">\n<tbody>\n<tr>\n<th style=\"width: 16.9576%;\">Rozmiar otworu<\/th>\n<th style=\"width: 20.4489%;\">Rozmiar pr\u0119ta<\/th>\n<th style=\"width: 19.9501%;\">Rozmiar poci\u0105gni\u0119cia<\/th>\n<th style=\"width: 16.4589%;\">Rozmiar szpilki<\/th>\n<th style=\"width: 153.616%;\">Porty<\/th>\n<\/tr>\n<tr>\n<td style=\"width: 16.9576%;\">2-6 cali<\/td>\n<td style=\"width: 20.4489%;\">1,125-4 cale<\/td>\n<td style=\"width: 19.9501%;\">4-100 cali<\/td>\n<td style=\"width: 16.4589%;\">0,5-2 cale<\/td>\n<td style=\"width: 153.616%;\">G\/SAE\/NPT\/M<\/td>\n<\/tr>\n<\/tbody>\n<\/table>\n<h2>Unikalne zalety<\/h2>\n<ul>\n<li>Energooszcz\u0119dny<\/li>\n<li>Wysoce wydajny<\/li>\n<li>Bezpiecze\u0144stwo gwarantowane<\/li>\n<\/ul>\n<p><img loading=\"lazy\" decoding=\"async\" class=\"alignnone  wp-image-6657\" src=\"https:\/\/fmp-components.com\/wp-content\/uploads\/2025\/03\/telescopic-hydraulic-cylinder-3.webp\" alt=\"si\u0142ownik hydrauliczny teleskopowy\" width=\"940\" height=\"940\" title=\"\" srcset=\"https:\/\/fmp-components.com\/wp-content\/uploads\/2025\/03\/telescopic-hydraulic-cylinder-3.webp 940w, https:\/\/fmp-components.com\/wp-content\/uploads\/2025\/03\/telescopic-hydraulic-cylinder-3-480x480.webp 480w\" sizes=\"(min-width: 0px) and (max-width: 480px) 480px, (min-width: 481px) 940px, 100vw\" \/><\/p>\n<h2>Uk\u0142ad hydrauliczny i zasada dzia\u0142ania<\/h2>\n<p>Si\u0142ownik hydrauliczny dzia\u0142a na zasadzie przekszta\u0142cania ci\u015bnienia cieczy w si\u0142\u0119, kt\u00f3ra mo\u017ce skutecznie przesuwa\u0107 \u0142adunek lub wykonywa\u0107 prac\u0119 mechaniczn\u0105. Gdy ciecz hydrauliczna jest pompowana ze zbiornika do cylindra, przep\u0142ywa przez zaw\u00f3r steruj\u0105cy, kt\u00f3ry reguluje jej przep\u0142yw. Ta ciecz pod ci\u015bnieniem wype\u0142nia cylinder, wytwarzaj\u0105c si\u0142\u0119, kt\u00f3ra naciska na t\u0142ok wewn\u0105trz. Podczas ruchu t\u0142oka powstaje ruch liniowy, umo\u017cliwiaj\u0105cy si\u0142ownikowi hydraulicznemu wykonywanie r\u00f3\u017cnych zada\u0144, takich jak podnoszenie, pchanie lub ci\u0105gni\u0119cie ci\u0119\u017ckich przedmiot\u00f3w. To efektywne przenoszenie energii poprzez dynamik\u0119 cieczy sprawia, \u017ce \u200b\u200buk\u0142ady hydrauliczne s\u0105 wyj\u0105tkowo wydajne i skuteczne w szerokim zakresie zastosowa\u0144.<\/p>\n<p>Konstrukcja si\u0142ownika hydraulicznego, w tym jego wytrzyma\u0142e materia\u0142y i precyzyjna obr\u00f3bka, gwarantuje jego odporno\u015b\u0107 na wysokie ci\u015bnienia i du\u017ce obci\u0105\u017cenia, maksymalizuj\u0105c jego wydajno\u015b\u0107 i niezawodno\u015b\u0107. Niezale\u017cnie od tego, czy si\u0142ownik hydrauliczny jest u\u017cywany w operacjach podnoszenia, czy w z\u0142o\u017conych procesach maszynowych, zdolno\u015b\u0107 si\u0142ownika hydraulicznego do przekszta\u0142cania energii hydraulicznej w ruch mechaniczny jest fundamentalnym aspektem jego funkcjonalno\u015bci.<\/p>\n<p><img loading=\"lazy\" decoding=\"async\" class=\"alignnone  wp-image-6656\" src=\"https:\/\/fmp-components.com\/wp-content\/uploads\/2025\/03\/telescopic-hydraulic-cylinder-5.webp\" alt=\"si\u0142ownik hydrauliczny teleskopowy\" width=\"969\" height=\"969\" title=\"\" srcset=\"https:\/\/fmp-components.com\/wp-content\/uploads\/2025\/03\/telescopic-hydraulic-cylinder-5.webp 969w, https:\/\/fmp-components.com\/wp-content\/uploads\/2025\/03\/telescopic-hydraulic-cylinder-5-480x480.webp 480w\" sizes=\"(min-width: 0px) and (max-width: 480px) 480px, (min-width: 481px) 969px, 100vw\" \/><\/p>\n<h2>Zastosowanie cylindra hydraulicznego<\/h2>\n<p>Ten si\u0142ownik hydrauliczny jest szczeg\u00f3lnie odpowiedni do r\u00f3\u017cnorodnych zastosowa\u0144 w wielu bran\u017cach. W warsztatach naprawczych maszyn s\u0142u\u017cy jako kluczowe narz\u0119dzie do podnoszenia i pozycjonowania ci\u0119\u017ckiego sprz\u0119tu, u\u0142atwiaj\u0105c prace konserwacyjne, kt\u00f3re w innym przypadku by\u0142yby trudne lub niebezpieczne. Zdolno\u015b\u0107 si\u0142ownika do przenoszenia znacznych obci\u0105\u017ce\u0144 sprawia, \u017ce \u200b\u200bjest on niezast\u0105piony w takich warunkach.<\/p>\n<p>W rolnictwie si\u0142ownik hydrauliczny jest stosowany w r\u00f3\u017cnego rodzaju maszynach, takich jak traktory i kombajny, do podnoszenia i transportu ci\u0119\u017ckich materia\u0142\u00f3w, zwi\u0119kszaj\u0105c wydajno\u015b\u0107 operacyjn\u0105 i produktywno\u015b\u0107 w gospodarstwach rolnych. Jego solidna konstrukcja gwarantuje odporno\u015b\u0107 na trudy u\u017cytkowania na zewn\u0105trz i wymagania zada\u0144 rolniczych.<\/p>\n<p>W sektorze energetycznym i g\u00f3rniczym ten si\u0142ownik hydrauliczny odgrywa kluczow\u0105 rol\u0119 w takich procesach jak wykopy i prze\u0142adunek materia\u0142\u00f3w. Jego zdolno\u015b\u0107 do precyzyjnego i niezawodnego podnoszenia du\u017cych ci\u0119\u017car\u00f3w jest niezb\u0119dna w zadaniach wymagaj\u0105cych zar\u00f3wno si\u0142y, jak i dok\u0142adno\u015bci. Ponadto, w przemy\u015ble maszynowym si\u0142ownik hydrauliczny jest wykorzystywany na liniach monta\u017cowych i w procesach zautomatyzowanych, gdzie wspomaga podnoszenie komponent\u00f3w i usprawnia produkcj\u0119.<\/p>\n<p>Og\u00f3lnie rzecz bior\u0105c, si\u0142ownik hydrauliczny jest niezb\u0119dnym narz\u0119dziem w tych bran\u017cach, zapewniaj\u0105c niezb\u0119dn\u0105 moc i kontrol\u0119 do podnoszenia ci\u0119\u017ckich \u0142adunk\u00f3w oraz wydajnego i bezpiecznego wykonywania kluczowych zada\u0144. Jego wszechstronno\u015b\u0107 i niezawodno\u015b\u0107 sprawiaj\u0105, \u017ce jest on kluczowym elementem w obs\u0142udze r\u00f3\u017cnych maszyn i urz\u0105dze\u0144.<\/p>\n<h2>Cz\u0119sto zadawane pytania<\/h2>\n<ol>\n<li><strong>P: Czy si\u0142ownik hydrauliczny mo\u017cna stosowa\u0107 w r\u00f3\u017cnych ga\u0142\u0119ziach przemys\u0142u?<\/strong><br \/>\nA: Tak, nasz si\u0142ownik hydrauliczny jest wszechstronny i mo\u017ce by\u0107 stosowany w r\u00f3\u017cnych ga\u0142\u0119ziach przemys\u0142u, takich jak budownictwo, g\u00f3rnictwo, rolnictwo i inne.<\/li>\n<li><strong>P: Czy udzielacie gwarancji na si\u0142ownik hydrauliczny?<\/strong><br \/>\nO: Tak, oferujemy roczn\u0105 gwarancj\u0119 na nasz si\u0142ownik hydrauliczny.<\/li>\n<li><strong>P: Czy mog\u0119 odwiedzi\u0107 Wasz\u0105 fabryk\u0119?<\/strong><br \/>\nO: Tak, serdecznie zapraszamy klient\u00f3w do odwiedzenia naszej fabryki. Mo\u017cna r\u00f3wnie\u017c odby\u0107 wirtualn\u0105 wycieczk\u0119 po naszej fabryce, korzystaj\u0105c z linku podanego powy\u017cej.<\/li>\n<\/ol>\n<h3>O FMP<\/h3>\n<p>FMP to wiod\u0105cy w\u0142oski producent specjalizuj\u0105cy si\u0119 w projektowaniu, rozwoju i produkcji wysokiej jako\u015bci cylindr\u00f3w hydraulicznych. Z tradycj\u0105 zbudowan\u0105 na dziesi\u0119cioleciach do\u015bwiadczenia, umiej\u0119tnie \u0142\u0105czymy w\u0142oskie rzemios\u0142o z innowacyjn\u0105 technologi\u0105, aby dostarcza\u0107 wyj\u0105tkowe rozwi\u0105zania hydrauliczne, dopasowane do zr\u00f3\u017cnicowanych potrzeb naszych klient\u00f3w na ca\u0142ym \u015bwiecie. Z siedzib\u0105 we W\u0142oszech, centrum doskona\u0142o\u015bci in\u017cynieryjnej, FMP to zaufana marka w bran\u017cy hydraulicznej, kt\u00f3rej celem jest dostarczanie niezawodnych, trwa\u0142ych i innowacyjnych produkt\u00f3w, kt\u00f3re wspieraj\u0105 firmy na ca\u0142ym \u015bwiecie.<\/p>\n<p>Nasza firma \u0142\u0105czy zaawansowane tradycje produkcyjne z nowatorskim podej\u015bciem. Wykorzystuj\u0105c wieloletnie do\u015bwiadczenie w dziedzinie uk\u0142ad\u00f3w hydraulicznych, FMP przekszta\u0142ci\u0142a si\u0119 w nowoczesne przedsi\u0119biorstwo, kt\u00f3re wyr\u00f3\u017cnia si\u0119 w badaniach, projektowaniu i produkcji. Oferujemy szeroki asortyment si\u0142ownik\u00f3w hydraulicznych, w tym si\u0142owniki dwustronnego dzia\u0142ania, si\u0142owniki podnosz\u0105ce do samochod\u00f3w, si\u0142owniki do maszyn rolniczych oraz rozwi\u0105zania projektowane na zam\u00f3wienie do r\u00f3\u017cnych zastosowa\u0144 przemys\u0142owych. Niezale\u017cnie od tego, czy chodzi o budownictwo, instalacje przemys\u0142owe, rolnictwo, czy ci\u0119\u017cki sprz\u0119t, nasze si\u0142owniki hydrauliczne s\u0105 zaprojektowane tak, aby dzia\u0142a\u0107 w najbardziej wymagaj\u0105cych warunkach, zapewniaj\u0105c bezpiecze\u0144stwo, wydajno\u015b\u0107 i trwa\u0142o\u015b\u0107.<\/p>\n<p>W FMP jeste\u015bmy dumni z naszych najnowocze\u015bniejszych zak\u0142ad\u00f3w produkcyjnych, wyposa\u017conych w precyzyjny park maszynowy i zaawansowane systemy testowe. Nasze procesy produkcyjne spe\u0142niaj\u0105 rygorystyczne normy krajowe i mi\u0119dzynarodowe, gwarantuj\u0105c, \u017ce ka\u017cdy produkowany si\u0142ownik hydrauliczny spe\u0142nia najwy\u017csze standardy jako\u015bci i niezawodno\u015bci. Nasz wykwalifikowany zesp\u00f3\u0142 techniczny, wspierany przez najnowocze\u015bniejszy sprz\u0119t, pozwala nam zachowa\u0107 rygorystyczn\u0105 kontrol\u0119 jako\u015bci na ka\u017cdym etapie produkcji \u2013 od doboru surowc\u00f3w po kontrol\u0119 ko\u0144cow\u0105. To zaanga\u017cowanie w d\u0105\u017cenie do doskona\u0142o\u015bci przynios\u0142o nam certyfikaty i uznanie autorytet\u00f3w bran\u017cowych, co dodatkowo umacnia nasz\u0105 reputacj\u0119 niezawodnego partnera.<\/p>\n<p><img loading=\"lazy\" decoding=\"async\" class=\"alignnone size-full wp-image-6720\" src=\"https:\/\/fmp-components.com\/wp-content\/uploads\/2025\/03\/hydraulic-cylinder-8.webp\" alt=\"Si\u0142owniki hydrauliczne teleskopowe\" width=\"933\" height=\"526\" title=\"\" srcset=\"https:\/\/fmp-components.com\/wp-content\/uploads\/2025\/03\/hydraulic-cylinder-8.webp 933w, https:\/\/fmp-components.com\/wp-content\/uploads\/2025\/03\/hydraulic-cylinder-8-480x271.webp 480w\" sizes=\"(min-width: 0px) and (max-width: 480px) 480px, (min-width: 481px) 933px, 100vw\" \/><\/p>\n<p>Nasza misja jest prosta, ale ambitna: dostarcza\u0107 si\u0142owniki hydrauliczne, kt\u00f3re przewy\u017cszaj\u0105 oczekiwania pod wzgl\u0119dem wydajno\u015bci, trwa\u0142o\u015bci i warto\u015bci. Kieruj\u0105c si\u0119 zasadami profesjonalizmu, uczciwo\u015bci i zorientowania na klienta, piel\u0119gnujemy kultur\u0119 innowacyjno\u015bci i precyzji, stale udoskonalaj\u0105c nasze produkty, aby utrzyma\u0107 konkurencyjno\u015b\u0107 na rynku. Nasza szeroka gama produkt\u00f3w i zdolno\u015b\u0107 do dostarczania rozwi\u0105za\u0144 dostosowanych do indywidualnych potrzeb sprawiaj\u0105, \u017ce jeste\u015bmy preferowanym wyborem dla firm poszukuj\u0105cych wysokowydajnych si\u0142ownik\u00f3w hydraulicznych.<\/p>\n<p>FMP to co\u015b wi\u0119cej ni\u017c tylko producent; jeste\u015bmy partnerem Twojego sukcesu. Rozumiemy, \u017ce nasi klienci polegaj\u0105 na nas, je\u015bli chodzi o narz\u0119dzia zwi\u0119kszaj\u0105ce produktywno\u015b\u0107 i bezpiecze\u0144stwo. Dlatego dok\u0142adamy wszelkich stara\u0144, aby dostarcza\u0107 nie tylko produkty najwy\u017cszej jako\u015bci, ale tak\u017ce wyj\u0105tkow\u0105 obs\u0142ug\u0119. Od wst\u0119pnych konsultacji po wsparcie posprzeda\u017cowe, \u015bci\u015ble wsp\u00f3\u0142pracujemy z naszymi klientami, aby zapewni\u0107 im profesjonalne i staranne zaspokojenie ich potrzeb. Nasze konkurencyjne ceny w po\u0142\u0105czeniu z niezmiennym zaanga\u017cowaniem w jako\u015b\u0107 sprawiaj\u0105, \u017ce FMP to m\u0105dry wyb\u00f3r dla firm poszukuj\u0105cych niezawodnych rozwi\u0105za\u0144 hydraulicznych.<\/p>","protected":false},"excerpt":{"rendered":"<p>Factory Direct Sale 20 Ton Dump Truck Hoist Hydraulic Cylinder Take a closer look at our Factory Direct Sale 20 Ton Dump Truck Hoist Hydraulic Cylinder. This piece of equipment, designed to lift heavy loads with precision and ease, is an essential tool in the machinery repair, farming, energy &amp; mining, and machinery manufacturing industries. [&hellip;]<\/p>","protected":false},"featured_media":6719,"comment_status":"closed","ping_status":"closed","template":"","meta":{"_et_pb_use_builder":"","_et_pb_old_content":"","_et_gb_content_width":""},"product_brand":[],"product_cat":[103],"product_tag":[34,105],"class_list":{"0":"post-6577","1":"product","2":"type-product","3":"status-publish","4":"has-post-thumbnail","6":"product_cat-telescopic-hydraulic-cylinders","7":"product_tag-hydraulic-cylinder","8":"product_tag-telescopic-hydraulic-cylinders","10":"first","11":"instock","12":"product-type-simple"},"_links":{"self":[{"href":"https:\/\/fmp-components.com\/pl\/wp-json\/wp\/v2\/product\/6577","targetHints":{"allow":["GET"]}}],"collection":[{"href":"https:\/\/fmp-components.com\/pl\/wp-json\/wp\/v2\/product"}],"about":[{"href":"https:\/\/fmp-components.com\/pl\/wp-json\/wp\/v2\/types\/product"}],"replies":[{"embeddable":true,"href":"https:\/\/fmp-components.com\/pl\/wp-json\/wp\/v2\/comments?post=6577"}],"wp:featuredmedia":[{"embeddable":true,"href":"https:\/\/fmp-components.com\/pl\/wp-json\/wp\/v2\/media\/6719"}],"wp:attachment":[{"href":"https:\/\/fmp-components.com\/pl\/wp-json\/wp\/v2\/media?parent=6577"}],"wp:term":[{"taxonomy":"product_brand","embeddable":true,"href":"https:\/\/fmp-components.com\/pl\/wp-json\/wp\/v2\/product_brand?post=6577"},{"taxonomy":"product_cat","embeddable":true,"href":"https:\/\/fmp-components.com\/pl\/wp-json\/wp\/v2\/product_cat?post=6577"},{"taxonomy":"product_tag","embeddable":true,"href":"https:\/\/fmp-components.com\/pl\/wp-json\/wp\/v2\/product_tag?post=6577"}],"curies":[{"name":"wp","href":"https:\/\/api.w.org\/{rel}","templated":true}]}}