{"id":6567,"date":"2025-03-11T06:31:13","date_gmt":"2025-03-11T06:31:13","guid":{"rendered":"https:\/\/fmp-components.com\/product\/hot-sale-5-stage-hydraulic-telescopic-cylinder-for-dump-trailer"},"modified":"2025-03-12T05:37:19","modified_gmt":"2025-03-12T05:37:19","slug":"hot-sale-5-stage-hydraulic-telescopic-cylinder-for-dump-trailer","status":"publish","type":"product","link":"https:\/\/fmp-components.com\/pl\/product\/hot-sale-5-stage-hydraulic-telescopic-cylinder-for-dump-trailer\/","title":{"rendered":"Gor\u0105ca sprzeda\u017c 5-stopniowy hydrauliczny si\u0142ownik teleskopowy do przyczepy wywrotki"},"content":{"rendered":"<h2>Gor\u0105ca sprzeda\u017c 5-stopniowy hydrauliczny si\u0142ownik teleskopowy do przyczepy wywrotki<\/h2>\n<p>Ten zupe\u0142nie nowy, 5-stopniowy hydrauliczny si\u0142ownik teleskopowy to gor\u0105cy produkt w sprzeda\u017cy i niezb\u0119dny element wyposa\u017cenia dla bran\u017c wymagaj\u0105cych maszyn o du\u017cej wytrzyma\u0142o\u015bci. Ten si\u0142ownik hydrauliczny, odpowiedni do warsztat\u00f3w naprawczych maszyn, gospodarstw rolnych, energetyki i g\u00f3rnictwa, produkcji maszyn oraz fabryk maszyn, oferuje szereg funkcji i zalet, kt\u00f3re czyni\u0105 go wyj\u0105tkowym wyborem.<\/p>\n<h3>G\u0142\u00f3wne cechy i korzy\u015bci<\/h3>\n<ul>\n<li>1 rok gwarancji na g\u0142\u00f3wne komponenty: \u0142o\u017cysko i cylinder hydrauliczny<\/li>\n<li>Standardowa konstrukcja cylindra t\u0142okowego zapewniaj\u0105ca wydajno\u015b\u0107 i niezawodno\u015b\u0107<\/li>\n<li>Nap\u0119dzany hydraulicznie, o maksymalnej sile ci\u0105gu 3000 i maksymalnym uci\u0105gu 20 ton<\/li>\n<li>Wykonany z wytrzyma\u0142ej i trwa\u0142ej stali<\/li>\n<li>Certyfikat ISO9001:2000, gwarantuj\u0105cy jako\u015b\u0107 i bezpiecze\u0144stwo produktu<\/li>\n<\/ul>\n<h2>Dane techniczne<\/h2>\n<p>Ten wielostopniowy si\u0142ownik hydrauliczny charakteryzuje si\u0119 imponuj\u0105cym zestawem specyfikacji technicznych, zaprojektowanych tak, aby spe\u0142nia\u0107 szereg wymaga\u0144 przemys\u0142owych.<\/p>\n<table style=\"width: 97.9054%;\" border=\"\">\n<tbody>\n<tr>\n<td style=\"width: 42.9379%;\">Rozmiar otworu<\/td>\n<td style=\"width: 463.277%;\">2-6 cali<\/td>\n<\/tr>\n<tr>\n<td style=\"width: 42.9379%;\">Rozmiar pr\u0119ta<\/td>\n<td style=\"width: 463.277%;\">1,125-4 cale<\/td>\n<\/tr>\n<tr>\n<td style=\"width: 42.9379%;\">Rozmiar poci\u0105gni\u0119cia<\/td>\n<td style=\"width: 463.277%;\">4-100 cali<\/td>\n<\/tr>\n<tr>\n<td style=\"width: 42.9379%;\">Rozmiar szpilki<\/td>\n<td style=\"width: 463.277%;\">0,5-2 cale<\/td>\n<\/tr>\n<tr>\n<td style=\"width: 42.9379%;\">Porty<\/td>\n<td style=\"width: 463.277%;\">G\/SAE\/NPT\/M<\/td>\n<\/tr>\n<\/tbody>\n<\/table>\n<h2>Si\u0142owniki hydrauliczne i agregaty pr\u0105dotw\u00f3rcze<\/h2>\n<p>Si\u0142owniki hydrauliczne i agregaty pr\u0105dotw\u00f3rcze s\u0105 integralnymi elementami uk\u0142adu hydraulicznego. Ich funkcja wsp\u00f3\u0142pracy zapewnia szerokie zastosowanie technologii hydraulicznej w przemy\u015ble, zapewniaj\u0105c niezawodne zasilanie i sterowanie r\u00f3\u017cnorodnym sprz\u0119tem in\u017cynieryjnym i mechanicznym. Si\u0142ownik hydrauliczny, jako element wykonawczy, przekszta\u0142ca energi\u0119 hydrauliczn\u0105 w ruch mechaniczny, a ci\u015bnienie w si\u0142\u0119. Natomiast agregat pr\u0105dotw\u00f3rczy stanowi rdze\u0144, kt\u00f3ry dostarcza energi\u0119 i sygna\u0142y steruj\u0105ce wymagane przez uk\u0142ad hydrauliczny.<\/p>\n<p><img loading=\"lazy\" decoding=\"async\" class=\"alignnone  wp-image-6657\" src=\"https:\/\/fmp-components.com\/wp-content\/uploads\/2025\/03\/telescopic-hydraulic-cylinder-3.webp\" alt=\"si\u0142ownik hydrauliczny teleskopowy\" width=\"1004\" height=\"1004\" title=\"\" srcset=\"https:\/\/fmp-components.com\/wp-content\/uploads\/2025\/03\/telescopic-hydraulic-cylinder-3.webp 1004w, https:\/\/fmp-components.com\/wp-content\/uploads\/2025\/03\/telescopic-hydraulic-cylinder-3-480x480.webp 480w\" sizes=\"(min-width: 0px) and (max-width: 480px) 480px, (min-width: 481px) 1004px, 100vw\" \/><\/p>\n<h2>Cz\u0119sto zadawane pytania<\/h2>\n<dl>\n<dt>P: Czy jeste\u015b firm\u0105 handlow\u0105 czy produkcyjn\u0105?<\/dt>\n<dd>A: Jeste\u015bmy producentem.<\/dd>\n<dt>P: Jak d\u0142ugi jest czas dostawy?<\/dt>\n<dd>A: Zazwyczaj trwa to 25\u201335 dni.<\/dd>\n<dt>P: Czy udost\u0119pniacie pr\u00f3bki? Czy s\u0105 one bezp\u0142atne, czy dodatkowo p\u0142atne?<\/dt>\n<dd>O: Tak, mogliby\u015bmy zaoferowa\u0107 pr\u00f3bk\u0119, ale nie jest ona darmowa.<\/dd>\n<\/dl>\n<h3>O FMP<\/h3>\n<p class=\"break-words\">FMP jest wiod\u0105cym w\u0142oskim producentem specjalizuj\u0105cym si\u0119 w projektowaniu, rozwoju i produkcji wysokiej jako\u015bci cylindr\u00f3w hydraulicznych. Dzi\u0119ki bogatemu dziedzictwu zakorzenionemu w dziesi\u0119cioleciach do\u015bwiadczenia, z dum\u0105 \u0142\u0105czymy w\u0142oskie rzemios\u0142o z najnowocze\u015bniejsz\u0105 technologi\u0105, aby dostarcza\u0107 wyj\u0105tkowe rozwi\u0105zania hydrauliczne dostosowane do zr\u00f3\u017cnicowanych potrzeb naszych globalnych klient\u00f3w. Maj\u0105c siedzib\u0119 we W\u0142oszech, w centrum doskona\u0142o\u015bci in\u017cynieryjnej, FMP jest zaufan\u0105 mark\u0105 w bran\u017cy hydraulicznej, zobowi\u0105zan\u0105 do dostarczania niezawodnych, trwa\u0142ych i innowacyjnych produkt\u00f3w, kt\u00f3re wzmacniaj\u0105 firmy na ca\u0142ym \u015bwiecie.<\/p>\n<p class=\"break-words\">Nasza firma integruje najlepsze tradycje zaawansowanej produkcji z przysz\u0142o\u015bciowym podej\u015bciem. Korzystaj\u0105c z wieloletniego do\u015bwiadczenia w systemach hydraulicznych, FMP przekszta\u0142ci\u0142o si\u0119 w nowoczesne przedsi\u0119biorstwo, kt\u00f3re wyr\u00f3\u017cnia si\u0119 w badaniach, projektowaniu i produkcji. Specjalizujemy si\u0119 w szerokiej gamie cylindr\u00f3w hydraulicznych, w tym cylindrach dwustronnego dzia\u0142ania, cylindrach podnosz\u0105cych do samochod\u00f3w, cylindrach do maszyn rolniczych i rozwi\u0105zaniach projektowanych na zam\u00f3wienie do r\u00f3\u017cnych zastosowa\u0144 przemys\u0142owych. Niezale\u017cnie od tego, czy chodzi o budownictwo, instalacje przemys\u0142owe, rolnictwo czy ci\u0119\u017cki sprz\u0119t, nasze cylindry hydrauliczne s\u0105 zbudowane tak, aby dzia\u0142a\u0142y w najtrudniejszych warunkach, zapewniaj\u0105c bezpiecze\u0144stwo, wydajno\u015b\u0107 i d\u0142ugowieczno\u015b\u0107.<\/p>\n<p><img loading=\"lazy\" decoding=\"async\" class=\"alignnone size-full wp-image-6720\" src=\"https:\/\/fmp-components.com\/wp-content\/uploads\/2025\/03\/hydraulic-cylinder-8.webp\" alt=\"Si\u0142owniki hydrauliczne teleskopowe\" width=\"933\" height=\"526\" title=\"\" srcset=\"https:\/\/fmp-components.com\/wp-content\/uploads\/2025\/03\/hydraulic-cylinder-8.webp 933w, https:\/\/fmp-components.com\/wp-content\/uploads\/2025\/03\/hydraulic-cylinder-8-480x271.webp 480w\" sizes=\"(min-width: 0px) and (max-width: 480px) 480px, (min-width: 481px) 933px, 100vw\" \/><\/p>\n<p class=\"break-words\">W FMP jeste\u015bmy dumni z naszych najnowocze\u015bniejszych zak\u0142ad\u00f3w produkcyjnych, wyposa\u017conych w precyzyjne maszyny i zaawansowane systemy testowe. Nasze procesy produkcyjne s\u0105 zgodne z rygorystycznymi normami krajowymi i mi\u0119dzynarodowymi, co zapewnia, \u017ce ka\u017cdy cylinder hydrauliczny opuszczaj\u0105cy nasz\u0105 fabryk\u0119 jest najwy\u017cszej jako\u015bci i niezawodno\u015bci. Nasz wykwalifikowany zesp\u00f3\u0142 techniczny w po\u0142\u0105czeniu z najnowocze\u015bniejszym sprz\u0119tem pozwala nam zachowa\u0107 \u015bcis\u0142\u0105 kontrol\u0119 jako\u015bci na ka\u017cdym etapie produkcji \u2014 od wyboru surowca po ko\u0144cow\u0105 kontrol\u0119. To oddanie doskona\u0142o\u015bci przynios\u0142o nam certyfikaty i uznanie autorytet\u00f3w bran\u017cowych, co dodatkowo umocni\u0142o nasz\u0105 reputacj\u0119 niezawodnego partnera.<\/p>\n<p class=\"break-words\">Nasza misja jest prosta, ale ambitna: dostarcza\u0107 naszym klientom cylindry hydrauliczne, kt\u00f3re przekraczaj\u0105 oczekiwania pod wzgl\u0119dem wydajno\u015bci, trwa\u0142o\u015bci i warto\u015bci. Dzia\u0142amy zgodnie z zasadami profesjonalizmu, uczciwo\u015bci i skupienia na kliencie. Poprzez promowanie kultury innowacji i precyzji nieustannie udoskonalamy nasze produkty, aby utrzyma\u0107 si\u0119 na czele konkurencyjnego rynku. Nasza kompleksowa oferta produkt\u00f3w i zdolno\u015b\u0107 do oferowania dostosowanych rozwi\u0105za\u0144 sprawiaj\u0105, \u017ce jeste\u015bmy pierwszym wyborem dla firm poszukuj\u0105cych wysokowydajnych cylindr\u00f3w hydraulicznych.<\/p>\n<p class=\"break-words\">FMP to co\u015b wi\u0119cej ni\u017c tylko producent \u2014 jeste\u015bmy partnerem w Twoim sukcesie. Rozumiemy, \u017ce nasi klienci polegaj\u0105 na nas, je\u015bli chodzi o dostarczanie narz\u0119dzi, kt\u00f3re zwi\u0119kszaj\u0105 ich produktywno\u015b\u0107 i bezpiecze\u0144stwo. Dlatego te\u017c jeste\u015bmy zobowi\u0105zani do oferowania nie tylko produkt\u00f3w najwy\u017cszej klasy, ale tak\u017ce wyj\u0105tkowej obs\u0142ugi. Od wst\u0119pnych konsultacji po wsparcie posprzeda\u017cowe, \u015bci\u015ble wsp\u00f3\u0142pracujemy z naszymi klientami, aby zapewni\u0107, \u017ce ich potrzeby s\u0105 spe\u0142niane z profesjonalizmem i trosk\u0105. Nasze konkurencyjne ceny w po\u0142\u0105czeniu z naszym niezachwianym zaanga\u017cowaniem w jako\u015b\u0107 sprawiaj\u0105, \u017ce FMP jest m\u0105drym wyborem dla firm, kt\u00f3re chc\u0105 zainwestowa\u0107 w rozwi\u0105zania hydrauliczne, kt\u00f3rym mog\u0105 zaufa\u0107.<\/p>","protected":false},"excerpt":{"rendered":"<p>Hot Sale 5 Stage Hydraulic Telescopic Cylinder for Dump Trailer This brand-new 5 Stage Hydraulic Telescopic Cylinder is a hot sale item and a must-have for industries that require heavy-duty machinery. Suitable for Machinery Repair Shops, Farms, Energy &amp; Mining, Machinery Manufacturing, and Machinery Factory, this hydraulic cylinder boasts a multitude of features and benefits [&hellip;]<\/p>","protected":false},"featured_media":6726,"comment_status":"closed","ping_status":"closed","template":"","meta":{"_et_pb_use_builder":"","_et_pb_old_content":"","_et_gb_content_width":""},"product_brand":[],"product_cat":[103],"product_tag":[34,105],"class_list":{"0":"post-6567","1":"product","2":"type-product","3":"status-publish","4":"has-post-thumbnail","6":"product_cat-telescopic-hydraulic-cylinders","7":"product_tag-hydraulic-cylinder","8":"product_tag-telescopic-hydraulic-cylinders","10":"first","11":"instock","12":"product-type-simple"},"_links":{"self":[{"href":"https:\/\/fmp-components.com\/pl\/wp-json\/wp\/v2\/product\/6567","targetHints":{"allow":["GET"]}}],"collection":[{"href":"https:\/\/fmp-components.com\/pl\/wp-json\/wp\/v2\/product"}],"about":[{"href":"https:\/\/fmp-components.com\/pl\/wp-json\/wp\/v2\/types\/product"}],"replies":[{"embeddable":true,"href":"https:\/\/fmp-components.com\/pl\/wp-json\/wp\/v2\/comments?post=6567"}],"wp:featuredmedia":[{"embeddable":true,"href":"https:\/\/fmp-components.com\/pl\/wp-json\/wp\/v2\/media\/6726"}],"wp:attachment":[{"href":"https:\/\/fmp-components.com\/pl\/wp-json\/wp\/v2\/media?parent=6567"}],"wp:term":[{"taxonomy":"product_brand","embeddable":true,"href":"https:\/\/fmp-components.com\/pl\/wp-json\/wp\/v2\/product_brand?post=6567"},{"taxonomy":"product_cat","embeddable":true,"href":"https:\/\/fmp-components.com\/pl\/wp-json\/wp\/v2\/product_cat?post=6567"},{"taxonomy":"product_tag","embeddable":true,"href":"https:\/\/fmp-components.com\/pl\/wp-json\/wp\/v2\/product_tag?post=6567"}],"curies":[{"name":"wp","href":"https:\/\/api.w.org\/{rel}","templated":true}]}}