{"id":6566,"date":"2025-03-11T06:29:39","date_gmt":"2025-03-11T06:29:39","guid":{"rendered":"https:\/\/fmp-components.com\/product\/quality-assurance-telescopic-hydraulic-cylinder-for-dump-trailer"},"modified":"2025-03-12T06:33:56","modified_gmt":"2025-03-12T06:33:56","slug":"quality-assurance-telescopic-hydraulic-cylinder-for-dump-trailer","status":"publish","type":"product","link":"https:\/\/fmp-components.com\/pl\/product\/quality-assurance-telescopic-hydraulic-cylinder-for-dump-trailer\/","title":{"rendered":"Zapewnienie jako\u015bci Teleskopowy si\u0142ownik hydrauliczny do przyczepy wywrotki"},"content":{"rendered":"<h2>Zapewnienie jako\u015bci Teleskopowy si\u0142ownik hydrauliczny do przyczepy wywrotki<\/h2>\n<p>Przedstawiamy nasz najnowszy produkt \u2013 teleskopowy si\u0142ownik hydrauliczny z gwarancj\u0105 jako\u015bci do wywrotek. To najwy\u017cszej klasy si\u0142ownik hydrauliczny zaprojektowany z my\u015bl\u0105 o optymalnej wydajno\u015bci w r\u00f3\u017cnych bran\u017cach, w tym w warsztatach naprawczych maszyn, gospodarstwach rolnych, energetyce i g\u00f3rnictwie oraz zak\u0142adach produkcji maszyn.<\/p>\n<h2>Funkcje i funkcjonalno\u015b\u0107<\/h2>\n<p>Teleskopowy si\u0142ownik hydrauliczny to standardowy, wielostopniowy si\u0142ownik hydrauliczny z konstrukcj\u0105 t\u0142okow\u0105. Dzia\u0142a w oparciu o si\u0142\u0119 hydrauliczn\u0105, a jego korpus wykonany jest z wytrzyma\u0142ej stali. Maksymalna si\u0142a nacisku wynosi 3000 i mo\u017ce uci\u0105gn\u0105\u0107 do 20 ton. Si\u0142ownik jest obj\u0119ty roczn\u0105 gwarancj\u0105 i posiada certyfikat ISO9001:2000, co \u015bwiadczy o najwy\u017cszej jako\u015bci produktu.<\/p>\n<table style=\"width: 95.4582%;\" border=\"\">\n<tbody>\n<tr>\n<th style=\"width: 43.5028%;\">Rozmiar otworu<\/th>\n<td style=\"width: 461.017%;\">2-6 cali<\/td>\n<\/tr>\n<tr>\n<th style=\"width: 43.5028%;\">Rozmiar pr\u0119ta<\/th>\n<td style=\"width: 461.017%;\">1,125-4 cale<\/td>\n<\/tr>\n<tr>\n<th style=\"width: 43.5028%;\">Rozmiar poci\u0105gni\u0119cia<\/th>\n<td style=\"width: 461.017%;\">4-100 cali<\/td>\n<\/tr>\n<tr>\n<th style=\"width: 43.5028%;\">Rozmiar szpilki<\/th>\n<td style=\"width: 461.017%;\">0,5-2 cale<\/td>\n<\/tr>\n<tr>\n<th style=\"width: 43.5028%;\">Porty<\/th>\n<td style=\"width: 461.017%;\">G\/SAE\/NPT\/M<\/td>\n<\/tr>\n<\/tbody>\n<\/table>\n<h2>Unikalne korzy\u015bci<\/h2>\n<ul>\n<li>Energooszcz\u0119dne: Zaprojektowane tak, aby zu\u017cywa\u0107 mniej energii, zapewniaj\u0105c jednocze\u015bnie maksymaln\u0105 wydajno\u015b\u0107.<\/li>\n<li>Wysoka skuteczno\u015b\u0107: Mo\u017cliwo\u015b\u0107 uci\u0105gu do 20 ton sprawia, \u017ce \u200b\u200burz\u0105dzenie to nadaje si\u0119 do ci\u0119\u017ckich zastosowa\u0144.<\/li>\n<li>Bezpiecze\u0144stwo: Si\u0142ownik hydrauliczny posiada certyfikat ISO9001:2000, co gwarantuje jego bezpiecze\u0144stwo i niezawodno\u015b\u0107.<\/li>\n<\/ul>\n<h2>Uk\u0142ad hydrauliczny i zasada dzia\u0142ania<\/h2>\n<p>Si\u0142owniki hydrauliczne dzia\u0142aj\u0105 w oparciu o podstawow\u0105 zasad\u0119 przekszta\u0142cania energii hydraulicznej w ruch mechaniczny. Transformacja ta jest osi\u0105gana poprzez p\u0142ynn\u0105 interakcj\u0119 mi\u0119dzy cylindrem hydraulicznym a jednostk\u0105 nap\u0119dow\u0105. Pod wp\u0142ywem ci\u015bnienia p\u0142yn hydrauliczny wytwarza si\u0142\u0119, kt\u00f3ra porusza t\u0142ok wewn\u0105trz cylindra, powoduj\u0105c ruch liniowy. Proces ten umo\u017cliwia precyzyjn\u0105 kontrol\u0119 i wydajn\u0105 prac\u0119, dzi\u0119ki czemu uk\u0142ady hydrauliczne s\u0105 wysoce skuteczne w r\u00f3\u017cnych zastosowaniach.<\/p>\n<h3>Aplikacje<\/h3>\n<p>Nasze si\u0142owniki hydrauliczne s\u0105 wykorzystywane w wielu ga\u0142\u0119ziach przemys\u0142u, w tym:<\/p>\n<ul>\n<li><strong>Warsztaty naprawy maszyn:<\/strong> Pomagaj\u0105 w podnoszeniu i ustawianiu ci\u0119\u017ckich cz\u0119\u015bci maszyn w celu ich konserwacji lub naprawy.<\/li>\n<li><strong>Gospodarstwa:<\/strong> Umo\u017cliwia sprawne przemieszczanie ci\u0119\u017ckich \u0142adunk\u00f3w, takich jak sprz\u0119t, gleba i produkty rolne.<\/li>\n<li><strong>Energia i g\u00f3rnictwo:<\/strong> Wsparcie operacji wymagaj\u0105cych solidnych mo\u017cliwo\u015bci podnoszenia i przenoszenia w trudnych warunkach.<\/li>\n<li><strong>Zak\u0142ady produkcji maszyn:<\/strong> U\u0142atwianie monta\u017cu i przemieszczania du\u017cych cz\u0119\u015bci maszyn w trakcie proces\u00f3w produkcyjnych.<\/li>\n<\/ul>\n<p><img loading=\"lazy\" decoding=\"async\" class=\"alignnone  wp-image-6665\" src=\"https:\/\/fmp-components.com\/wp-content\/uploads\/2025\/03\/telescopic-hydraulic-cylinder-9.webp\" alt=\"si\u0142ownik hydrauliczny teleskopowy\" width=\"926\" height=\"926\" title=\"\" srcset=\"https:\/\/fmp-components.com\/wp-content\/uploads\/2025\/03\/telescopic-hydraulic-cylinder-9.webp 926w, https:\/\/fmp-components.com\/wp-content\/uploads\/2025\/03\/telescopic-hydraulic-cylinder-9-480x480.webp 480w\" sizes=\"(min-width: 0px) and (max-width: 480px) 480px, (min-width: 481px) 926px, 100vw\" \/><\/p>\n<h2>Si\u0142owniki hydrauliczne i agregaty nap\u0119dowe<\/h2>\n<p>Si\u0142owniki hydrauliczne i agregaty pr\u0105dotw\u00f3rcze s\u0105 kluczowymi elementami uk\u0142adu hydraulicznego. Ich zintegrowane dzia\u0142anie umo\u017cliwia szerokie zastosowanie technologii hydraulicznej w przemy\u015ble. Si\u0142ownik hydrauliczny dzia\u0142a jako si\u0142ownik, odpowiedzialny za przekszta\u0142canie energii hydraulicznej w ruch mechaniczny poprzez przekszta\u0142canie ci\u015bnienia w si\u0142\u0119. Umo\u017cliwia to szerokiej gamie maszyn wydajne i efektywne wykonywanie zada\u0144.<\/p>\n<p>Z drugiej strony, jednostka nap\u0119dowa stanowi serce uk\u0142adu hydraulicznego, dostarczaj\u0105c niezb\u0119dn\u0105 energi\u0119 i sygna\u0142y steruj\u0105ce. Sk\u0142ada si\u0119 ona z pompy, zbiornika oraz r\u00f3\u017cnych mechanizm\u00f3w steruj\u0105cych, kt\u00f3re reguluj\u0105 przep\u0142yw i ci\u015bnienie cieczy. Si\u0142ownik hydrauliczny i jednostka nap\u0119dowa wsp\u00f3\u0142pracuj\u0105 ze sob\u0105 harmonijnie, zapewniaj\u0105c p\u0142ynn\u0105 i niezawodn\u0105 prac\u0119 uk\u0142adu hydraulicznego.<\/p>\n<p>W FMP oferujemy r\u00f3wnie\u017c wysokiej jako\u015bci agregaty pr\u0105dotw\u00f3rcze, dostosowane do specyficznych potrzeb r\u00f3\u017cnych zastosowa\u0144, zapewniaj\u0105c dodatkowe wsparcie dla uk\u0142ad\u00f3w hydraulicznych. To kompleksowe podej\u015bcie gwarantuje optymaln\u0105 wydajno\u015b\u0107 maszyn, zwi\u0119kszaj\u0105c produktywno\u015b\u0107 i bezpiecze\u0144stwo w Pa\u0144stwa dzia\u0142alno\u015bci.<\/p>\n<p><img loading=\"lazy\" decoding=\"async\" class=\"alignnone  wp-image-6664\" src=\"https:\/\/fmp-components.com\/wp-content\/uploads\/2025\/03\/telescopic-hydraulic-cylinder-8.webp\" alt=\"si\u0142ownik hydrauliczny teleskopowy\" width=\"910\" height=\"910\" title=\"\" srcset=\"https:\/\/fmp-components.com\/wp-content\/uploads\/2025\/03\/telescopic-hydraulic-cylinder-8.webp 910w, https:\/\/fmp-components.com\/wp-content\/uploads\/2025\/03\/telescopic-hydraulic-cylinder-8-480x480.webp 480w\" sizes=\"(min-width: 0px) and (max-width: 480px) 480px, (min-width: 481px) 910px, 100vw\" \/><\/p>\n<h3>Cz\u0119sto zadawane pytania<\/h3>\n<p><strong>P: Jak d\u0142uga jest gwarancja na cylindry hydrauliczne?<\/strong><br \/>\nA: Nasze cylindry hydrauliczne obj\u0119te s\u0105 roczn\u0105 gwarancj\u0105.<\/p>\n<p><strong>P: Jaka jest maksymalna si\u0142a ci\u0105gu Pa\u0144stwa cylindr\u00f3w hydraulicznych?<\/strong><br \/>\nA: Nasze si\u0142owniki hydrauliczne maj\u0105 maksymaln\u0105 si\u0142\u0119 ci\u0105gu 3000.<\/p>\n<p><strong>P: Czy mog\u0119 obejrze\u0107 produkt przed zakupem?<\/strong><br \/>\nA: Tak, oferujemy naszym klientom us\u0142ug\u0119 wideokontroli przesy\u0142ek wychodz\u0105cych.<\/p>\n<h3>O FMP<\/h3>\n<p>FMP to czo\u0142owy w\u0142oski producent, znany z projektowania, rozwoju i produkcji wysokiej jako\u015bci cylindr\u00f3w hydraulicznych. Dzi\u0119ki wieloletniemu do\u015bwiadczeniu, \u0142\u0105czymy tradycyjne w\u0142oskie rzemios\u0142o z zaawansowan\u0105 technologi\u0105, aby dostarcza\u0107 wyj\u0105tkowe rozwi\u0105zania hydrauliczne, dopasowane do zr\u00f3\u017cnicowanych potrzeb naszych klient\u00f3w na ca\u0142ym \u015bwiecie. Z siedzib\u0105 we W\u0142oszech, b\u0119d\u0105cym centrum doskona\u0142o\u015bci in\u017cynieryjnej, FMP ugruntowa\u0142a swoj\u0105 pozycj\u0119 zaufanej marki w bran\u017cy hydraulicznej, dostarczaj\u0105c niezawodne, trwa\u0142e i innowacyjne produkty, kt\u00f3re wspieraj\u0105 firmy na ca\u0142ym \u015bwiecie.<\/p>\n<p>\u0141\u0105czymy najlepsze tradycje zaawansowanej produkcji z nowatorskim podej\u015bciem. Czerpi\u0105c z bogatego do\u015bwiadczenia w dziedzinie uk\u0142ad\u00f3w hydraulicznych, FMP przekszta\u0142ci\u0142o si\u0119 w nowoczesne przedsi\u0119biorstwo, kt\u00f3re przoduje w badaniach, projektowaniu i produkcji. Nasza specjalizacja obejmuje szerok\u0105 gam\u0119 si\u0142ownik\u00f3w hydraulicznych, takich jak si\u0142owniki dwustronnego dzia\u0142ania, si\u0142owniki podno\u015bnikowe do samochod\u00f3w, si\u0142owniki do maszyn rolniczych oraz rozwi\u0105zania projektowane na zam\u00f3wienie dla r\u00f3\u017cnych zastosowa\u0144 przemys\u0142owych. Zaprojektowane z my\u015bl\u0105 o pracy w najtrudniejszych warunkach, nasze si\u0142owniki hydrauliczne zapewniaj\u0105 bezpiecze\u0144stwo, wydajno\u015b\u0107 i trwa\u0142o\u015b\u0107 w sektorach takich jak budownictwo, instalacje przemys\u0142owe, rolnictwo i ci\u0119\u017cki sprz\u0119t.<\/p>\n<p>W FMP jeste\u015bmy dumni z naszych najnowocze\u015bniejszych zak\u0142ad\u00f3w produkcyjnych, wyposa\u017conych w precyzyjny park maszynowy i zaawansowane systemy testowe. Nasze procesy produkcyjne spe\u0142niaj\u0105 rygorystyczne normy krajowe i mi\u0119dzynarodowe, gwarantuj\u0105c, \u017ce ka\u017cdy si\u0142ownik hydrauliczny opuszczaj\u0105cy nasz\u0105 fabryk\u0119 spe\u0142nia najwy\u017csze standardy jako\u015bci i niezawodno\u015bci. Nasz wykwalifikowany zesp\u00f3\u0142 techniczny w po\u0142\u0105czeniu z najnowocze\u015bniejszym sprz\u0119tem pozwala nam zachowa\u0107 rygorystyczn\u0105 kontrol\u0119 jako\u015bci na ka\u017cdym etapie produkcji \u2013 od doboru surowc\u00f3w po kontrol\u0119 ko\u0144cow\u0105. To zaanga\u017cowanie w d\u0105\u017cenie do doskona\u0142o\u015bci przynios\u0142o nam certyfikaty i wyr\u00f3\u017cnienia od autorytet\u00f3w bran\u017cowych, co umacnia nasz\u0105 reputacj\u0119 jako niezawodnego partnera.<\/p>\n<p><img loading=\"lazy\" decoding=\"async\" class=\"alignnone size-full wp-image-6720\" src=\"https:\/\/fmp-components.com\/wp-content\/uploads\/2025\/03\/hydraulic-cylinder-8.webp\" alt=\"Si\u0142owniki hydrauliczne teleskopowe\" width=\"933\" height=\"526\" title=\"\" srcset=\"https:\/\/fmp-components.com\/wp-content\/uploads\/2025\/03\/hydraulic-cylinder-8.webp 933w, https:\/\/fmp-components.com\/wp-content\/uploads\/2025\/03\/hydraulic-cylinder-8-480x271.webp 480w\" sizes=\"(min-width: 0px) and (max-width: 480px) 480px, (min-width: 481px) 933px, 100vw\" \/><\/p>\n<p>Nasza misja jest prosta i ambitna: dostarcza\u0107 si\u0142owniki hydrauliczne, kt\u00f3re przewy\u017cszaj\u0105 oczekiwania pod wzgl\u0119dem wydajno\u015bci, trwa\u0142o\u015bci i warto\u015bci. Kieruj\u0105c si\u0119 zasadami profesjonalizmu, uczciwo\u015bci i zorientowania na klienta, piel\u0119gnujemy kultur\u0119 innowacji i precyzji, stale udoskonalaj\u0105c nasze produkty, aby utrzyma\u0107 pozycj\u0119 lidera na konkurencyjnym rynku. Dzi\u0119ki kompleksowej ofercie produkt\u00f3w i mo\u017cliwo\u015bci oferowania rozwi\u0105za\u0144 dostosowanych do indywidualnych potrzeb, jeste\u015bmy preferowanym wyborem dla firm poszukuj\u0105cych wysokowydajnych si\u0142ownik\u00f3w hydraulicznych.<\/p>\n<p>FMP to co\u015b wi\u0119cej ni\u017c tylko producent; jeste\u015bmy partnerem Twojego sukcesu. Zdajemy sobie spraw\u0119, \u017ce nasi klienci polegaj\u0105 na nas, dostarczaj\u0105c narz\u0119dzia zwi\u0119kszaj\u0105ce ich produktywno\u015b\u0107 i bezpiecze\u0144stwo. Dlatego dok\u0142adamy wszelkich stara\u0144, aby dostarcza\u0107 nie tylko produkty najwy\u017cszej jako\u015bci, ale tak\u017ce wyj\u0105tkow\u0105 obs\u0142ug\u0119. Od wst\u0119pnych konsultacji po wsparcie posprzeda\u017cowe, \u015bci\u015ble wsp\u00f3\u0142pracujemy z naszymi klientami, aby zapewni\u0107 im profesjonalne i kompleksowe zaspokojenie ich potrzeb. Nasze konkurencyjne ceny w po\u0142\u0105czeniu z naszym niezmiennym zaanga\u017cowaniem w jako\u015b\u0107 sprawiaj\u0105, \u017ce FMP to m\u0105dry wyb\u00f3r dla firm poszukuj\u0105cych niezawodnych rozwi\u0105za\u0144 hydraulicznych.<\/p>","protected":false},"excerpt":{"rendered":"<p>Quality Assurance Telescopic Hydraulic Cylinder for Dump Trailer Introducing our newest product &#8211; the Quality Assurance Telescopic Hydraulic Cylinder for Dump Trailer. This is a top-tier hydraulic cylinder designed for optimum performance in various industries including Machinery Repair Shops, Farms, Energy &amp; Mining, and Machinery manufacturing plants. Features and Functionality The Telescopic Hydraulic Cylinder is [&hellip;]<\/p>","protected":false},"featured_media":6745,"comment_status":"closed","ping_status":"closed","template":"","meta":{"_et_pb_use_builder":"","_et_pb_old_content":"","_et_gb_content_width":""},"product_brand":[],"product_cat":[103],"product_tag":[34,105],"class_list":{"0":"post-6566","1":"product","2":"type-product","3":"status-publish","4":"has-post-thumbnail","6":"product_cat-telescopic-hydraulic-cylinders","7":"product_tag-hydraulic-cylinder","8":"product_tag-telescopic-hydraulic-cylinders","10":"first","11":"instock","12":"product-type-simple"},"_links":{"self":[{"href":"https:\/\/fmp-components.com\/pl\/wp-json\/wp\/v2\/product\/6566","targetHints":{"allow":["GET"]}}],"collection":[{"href":"https:\/\/fmp-components.com\/pl\/wp-json\/wp\/v2\/product"}],"about":[{"href":"https:\/\/fmp-components.com\/pl\/wp-json\/wp\/v2\/types\/product"}],"replies":[{"embeddable":true,"href":"https:\/\/fmp-components.com\/pl\/wp-json\/wp\/v2\/comments?post=6566"}],"wp:featuredmedia":[{"embeddable":true,"href":"https:\/\/fmp-components.com\/pl\/wp-json\/wp\/v2\/media\/6745"}],"wp:attachment":[{"href":"https:\/\/fmp-components.com\/pl\/wp-json\/wp\/v2\/media?parent=6566"}],"wp:term":[{"taxonomy":"product_brand","embeddable":true,"href":"https:\/\/fmp-components.com\/pl\/wp-json\/wp\/v2\/product_brand?post=6566"},{"taxonomy":"product_cat","embeddable":true,"href":"https:\/\/fmp-components.com\/pl\/wp-json\/wp\/v2\/product_cat?post=6566"},{"taxonomy":"product_tag","embeddable":true,"href":"https:\/\/fmp-components.com\/pl\/wp-json\/wp\/v2\/product_tag?post=6566"}],"curies":[{"name":"wp","href":"https:\/\/api.w.org\/{rel}","templated":true}]}}