{"id":6564,"date":"2025-03-11T06:29:39","date_gmt":"2025-03-11T06:29:39","guid":{"rendered":"https:\/\/fmp-components.com\/product\/factory-direct-sale-20-ton-4-stage-dump-truck-hydraulic-cylinder"},"modified":"2025-03-12T06:26:11","modified_gmt":"2025-03-12T06:26:11","slug":"factory-direct-sale-20-ton-4-stage-dump-truck-hydraulic-cylinder","status":"publish","type":"product","link":"https:\/\/fmp-components.com\/pl\/product\/factory-direct-sale-20-ton-4-stage-dump-truck-hydraulic-cylinder\/","title":{"rendered":"Sprzeda\u017c bezpo\u015brednia z fabryki, si\u0142ownik hydrauliczny do wywrotki 20 ton, 4-stopniowej"},"content":{"rendered":"<h2>Sprzeda\u017c bezpo\u015brednia z fabryki, si\u0142ownik hydrauliczny do wywrotki 20 ton, 4-stopniowej<\/h2>\n<p>Przedstawiamy nasz 20-tonowy, czterostopniowy si\u0142ownik hydrauliczny do wywrotek, b\u0119d\u0105cy pot\u0119g\u0105 technologii hydraulicznej, sprzedawany bezpo\u015brednio w fabryce. Ten nowy, standardowy, wielostopniowy si\u0142ownik hydrauliczny zosta\u0142 zaprojektowany z my\u015bl\u0105 o optymalnej funkcjonalno\u015bci w r\u00f3\u017cnych \u015brodowiskach, takich jak warsztaty naprawcze maszyn, gospodarstwa rolne, energetyka i g\u00f3rnictwo, produkcja maszyn oraz fabryki maszyn.<\/p>\n<h3>Funkcje i specyfikacje<\/h3>\n<p>Nasz si\u0142ownik hydrauliczny to si\u0142ownik t\u0142okowy z hydraulicznym \u017ar\u00f3d\u0142em zasilania i stalowym korpusem. Posiada maksymalny nacisk 3000 i maksymalny uci\u0105g 20 ton. Produkt posiada certyfikat ISO9001:2000, co gwarantuje jego jako\u015b\u0107 i niezawodno\u015b\u0107.<\/p>\n<table style=\"width: 91.9539%;\" border=\"\">\n<tbody>\n<tr>\n<th style=\"width: 43.5028%;\">Rozmiar otworu<\/th>\n<td style=\"width: 442.373%;\">2-6 cali<\/td>\n<\/tr>\n<tr>\n<th style=\"width: 43.5028%;\">Rozmiar pr\u0119ta<\/th>\n<td style=\"width: 442.373%;\">1,125-4 cale<\/td>\n<\/tr>\n<tr>\n<th style=\"width: 43.5028%;\">Rozmiar poci\u0105gni\u0119cia<\/th>\n<td style=\"width: 442.373%;\">4-100 cali<\/td>\n<\/tr>\n<tr>\n<th style=\"width: 43.5028%;\">Rozmiar szpilki<\/th>\n<td style=\"width: 442.373%;\">0,5-2 cale<\/td>\n<\/tr>\n<tr>\n<th style=\"width: 43.5028%;\">Porty<\/th>\n<td style=\"width: 442.373%;\">G\/SAE\/NPT\/M<\/td>\n<\/tr>\n<\/tbody>\n<\/table>\n<h2>Unikalne zalety<\/h2>\n<ul>\n<li>Energooszcz\u0119dno\u015b\u0107: Nasz si\u0142ownik hydrauliczny zosta\u0142 zaprojektowany tak, aby dzia\u0142a\u0107 z optymaln\u0105 efektywno\u015bci\u0105 energetyczn\u0105, co pozwala na redukcj\u0119 koszt\u00f3w eksploatacyjnych.<\/li>\n<li>Wysoka wydajno\u015b\u0107: Dzi\u0119ki du\u017cej sile ci\u0105gu i uci\u0105gu ten si\u0142ownik hydrauliczny gwarantuje wysok\u0105 wydajno\u015b\u0107 pracy.<\/li>\n<li>Bezpiecze\u0144stwo: Bezpiecze\u0144stwo gwarantuj\u0105 nasze si\u0142owniki hydrauliczne z certyfikatem ISO9001:2000.<\/li>\n<\/ul>\n<p><img loading=\"lazy\" decoding=\"async\" class=\"alignnone  wp-image-6717\" src=\"https:\/\/fmp-components.com\/wp-content\/uploads\/2025\/03\/hydraulic-cylinder-211.webp\" alt=\"Si\u0142owniki hydrauliczne\" width=\"894\" height=\"896\" title=\"\" srcset=\"https:\/\/fmp-components.com\/wp-content\/uploads\/2025\/03\/hydraulic-cylinder-211.webp 894w, https:\/\/fmp-components.com\/wp-content\/uploads\/2025\/03\/hydraulic-cylinder-211-480x481.webp 480w\" sizes=\"(min-width: 0px) and (max-width: 480px) 480px, (min-width: 481px) 894px, 100vw\" \/><\/p>\n<h2>Zrozumienie uk\u0142adu hydraulicznego<\/h2>\n<p>Uk\u0142ad hydrauliczny naszego cylindra hydraulicznego do 20-tonowej wywrotki czterostopniowej dzia\u0142a w oparciu o fundamentaln\u0105 zasad\u0119 ci\u015bnienia cieczy. Zasadniczo, gdy ci\u015bnienie jest przyk\u0142adane do okre\u015blonego punktu w uk\u0142adzie, ta zmiana ci\u015bnienia jest przenoszona r\u00f3wnomiernie i bez strat na wszystkie pozosta\u0142e podzespo\u0142y. Ta cecha zapewnia efektywne i mocne dzia\u0142anie uk\u0142adu, nawet przy obs\u0142udze znacznych ci\u0119\u017car\u00f3w lub ci\u0119\u017ckich \u0142adunk\u00f3w. Dzi\u0119ki zastosowaniu nie\u015bci\u015bliwego p\u0142ynu, uk\u0142ad hydrauliczny mo\u017ce wzmacnia\u0107 si\u0142\u0119, umo\u017cliwiaj\u0105c precyzyjne sterowanie i ruch skrzyni \u0142adunkowej wywrotki.<\/p>\n<p>Konstrukcja uk\u0142adu hydraulicznego obejmuje kilka kluczowych element\u00f3w, w tym p\u0142yn hydrauliczny, przewody, zawory i sam si\u0142ownik hydrauliczny. P\u0142yn hydrauliczny s\u0142u\u017cy jako medium, przez kt\u00f3re przenoszona jest si\u0142a, a przewody i zawory reguluj\u0105 przep\u0142yw i kierunek tego p\u0142ynu. Si\u0142ownik hydrauliczny, jako g\u0142\u00f3wny si\u0142ownik, przekszta\u0142ca energi\u0119 hydrauliczn\u0105 z powrotem w energi\u0119 mechaniczn\u0105, co skutkuje po\u017c\u0105danym ruchem skrzyni \u0142adunkowej ci\u0119\u017car\u00f3wki.<\/p>\n<h2>Aplikacja<\/h2>\n<p>Ten si\u0142ownik hydrauliczny jest wszechstronny i nadaje si\u0119 do szerokiego zakresu zastosowa\u0144 w r\u00f3\u017cnych bran\u017cach. Jest szczeg\u00f3lnie przydatny w warsztatach naprawczych maszyn, gdzie ci\u0119\u017cki sprz\u0119t wymaga podnoszenia i ustawiania. W gospodarstwach rolnych si\u0142ownik hydrauliczny jest nieoceniony do zada\u0144 takich jak przenoszenie du\u017cych ci\u0119\u017car\u00f3w gleby, produkt\u00f3w rolnych lub sprz\u0119tu. W sektorze energetycznym i g\u00f3rniczym odgrywa on kluczow\u0105 rol\u0119 w obs\u0142udze maszyn, kt\u00f3re musz\u0105 przenosi\u0107 znaczne ci\u0119\u017cary i pracowa\u0107 w trudnych warunkach.<\/p>\n<p>Ponadto si\u0142ownik hydrauliczny jest niezb\u0119dny w produkcji maszyn i fabrykach, gdzie wspomaga monta\u017c i przemieszczanie du\u017cych podzespo\u0142\u00f3w. Jego solidna konstrukcja gwarantuje wytrzyma\u0142o\u015b\u0107 na du\u017ce obci\u0105\u017cenia, zapewniaj\u0105c jednocze\u015bnie stabiln\u0105 i niezawodn\u0105 prac\u0119 przez ca\u0142y okres eksploatacji. Ta niezawodno\u015b\u0107 ma kluczowe znaczenie dla utrzymania wydajno\u015bci i bezpiecze\u0144stwa w wymagaj\u0105cych warunkach pracy, co sprawia, \u017ce \u200b\u200bsi\u0142ownik hydrauliczny jest niezb\u0119dnym elementem nowoczesnych maszyn.<\/p>\n<p><img loading=\"lazy\" decoding=\"async\" class=\"alignnone size-full wp-image-6660\" src=\"https:\/\/fmp-components.com\/wp-content\/uploads\/2025\/03\/hydraulic-cylinder-workshop-4.webp\" alt=\"si\u0142ownik hydrauliczny teleskopowy\" width=\"914\" height=\"733\" title=\"\" srcset=\"https:\/\/fmp-components.com\/wp-content\/uploads\/2025\/03\/hydraulic-cylinder-workshop-4.webp 914w, https:\/\/fmp-components.com\/wp-content\/uploads\/2025\/03\/hydraulic-cylinder-workshop-4-480x385.webp 480w\" sizes=\"(min-width: 0px) and (max-width: 480px) 480px, (min-width: 481px) 914px, 100vw\" \/><\/p>\n<h2>Cz\u0119sto zadawane pytania<\/h2>\n<dl>\n<dt>P: Jak d\u0142ugi jest czas dostawy?<\/dt>\n<dd>A: Czas dostawy wynosi zazwyczaj 25\u201335 dni.<\/dd>\n<dt>P: Czy udost\u0119pniacie pr\u00f3bk\u0119 tego produktu?<\/dt>\n<dd>A: Tak, udost\u0119pniamy pr\u00f3bki, ale nie s\u0105 one darmowe.<\/dd>\n<dt>P: Czy ten produkt mo\u017cna dostosowa\u0107?<\/dt>\n<dd>O: Tak, mo\u017cemy dostosowa\u0107 produkt do Pa\u0144stwa pr\u00f3bek lub rysunk\u00f3w technicznych. Mo\u017cemy zbudowa\u0107 formy i oprzyrz\u0105dowanie.<\/dd>\n<\/dl>\n<h3>O FMP<\/h3>\n<p>FMP to czo\u0142owy w\u0142oski producent, znany z projektowania, rozwoju i produkcji wysokiej jako\u015bci cylindr\u00f3w hydraulicznych. Dzi\u0119ki wieloletniemu do\u015bwiadczeniu, \u0142\u0105czymy tradycyjne w\u0142oskie rzemios\u0142o z zaawansowan\u0105 technologi\u0105, aby dostarcza\u0107 wyj\u0105tkowe rozwi\u0105zania hydrauliczne, dopasowane do zr\u00f3\u017cnicowanych potrzeb naszych klient\u00f3w na ca\u0142ym \u015bwiecie. Z siedzib\u0105 we W\u0142oszech, b\u0119d\u0105cym centrum doskona\u0142o\u015bci in\u017cynieryjnej, FMP ugruntowa\u0142a swoj\u0105 pozycj\u0119 zaufanej marki w bran\u017cy hydraulicznej, dostarczaj\u0105c niezawodne, trwa\u0142e i innowacyjne produkty, kt\u00f3re wspieraj\u0105 firmy na ca\u0142ym \u015bwiecie.<\/p>\n<p>\u0141\u0105czymy najlepsze tradycje zaawansowanej produkcji z nowatorskim podej\u015bciem. Czerpi\u0105c z bogatego do\u015bwiadczenia w dziedzinie uk\u0142ad\u00f3w hydraulicznych, FMP przekszta\u0142ci\u0142o si\u0119 w nowoczesne przedsi\u0119biorstwo, kt\u00f3re przoduje w badaniach, projektowaniu i produkcji. Nasza specjalizacja obejmuje szerok\u0105 gam\u0119 si\u0142ownik\u00f3w hydraulicznych, takich jak si\u0142owniki dwustronnego dzia\u0142ania, si\u0142owniki podno\u015bnikowe do samochod\u00f3w, si\u0142owniki do maszyn rolniczych oraz rozwi\u0105zania projektowane na zam\u00f3wienie dla r\u00f3\u017cnych zastosowa\u0144 przemys\u0142owych. Zaprojektowane z my\u015bl\u0105 o pracy w najtrudniejszych warunkach, nasze si\u0142owniki hydrauliczne zapewniaj\u0105 bezpiecze\u0144stwo, wydajno\u015b\u0107 i trwa\u0142o\u015b\u0107 w sektorach takich jak budownictwo, instalacje przemys\u0142owe, rolnictwo i ci\u0119\u017cki sprz\u0119t.<\/p>\n<p>W FMP jeste\u015bmy dumni z naszych najnowocze\u015bniejszych zak\u0142ad\u00f3w produkcyjnych, wyposa\u017conych w precyzyjny park maszynowy i zaawansowane systemy testowe. Nasze procesy produkcyjne spe\u0142niaj\u0105 rygorystyczne normy krajowe i mi\u0119dzynarodowe, gwarantuj\u0105c, \u017ce ka\u017cdy si\u0142ownik hydrauliczny opuszczaj\u0105cy nasz\u0105 fabryk\u0119 spe\u0142nia najwy\u017csze standardy jako\u015bci i niezawodno\u015bci. Nasz wykwalifikowany zesp\u00f3\u0142 techniczny w po\u0142\u0105czeniu z najnowocze\u015bniejszym sprz\u0119tem pozwala nam zachowa\u0107 rygorystyczn\u0105 kontrol\u0119 jako\u015bci na ka\u017cdym etapie produkcji \u2013 od doboru surowc\u00f3w po kontrol\u0119 ko\u0144cow\u0105. To zaanga\u017cowanie w d\u0105\u017cenie do doskona\u0142o\u015bci przynios\u0142o nam certyfikaty i wyr\u00f3\u017cnienia od autorytet\u00f3w bran\u017cowych, co umacnia nasz\u0105 reputacj\u0119 jako niezawodnego partnera.<\/p>\n<p><img loading=\"lazy\" decoding=\"async\" class=\"alignnone size-full wp-image-6720\" src=\"https:\/\/fmp-components.com\/wp-content\/uploads\/2025\/03\/hydraulic-cylinder-8.webp\" alt=\"Si\u0142owniki hydrauliczne teleskopowe\" width=\"933\" height=\"526\" title=\"\" srcset=\"https:\/\/fmp-components.com\/wp-content\/uploads\/2025\/03\/hydraulic-cylinder-8.webp 933w, https:\/\/fmp-components.com\/wp-content\/uploads\/2025\/03\/hydraulic-cylinder-8-480x271.webp 480w\" sizes=\"(min-width: 0px) and (max-width: 480px) 480px, (min-width: 481px) 933px, 100vw\" \/><\/p>\n<p>Nasza misja jest prosta i ambitna: dostarcza\u0107 si\u0142owniki hydrauliczne, kt\u00f3re przewy\u017cszaj\u0105 oczekiwania pod wzgl\u0119dem wydajno\u015bci, trwa\u0142o\u015bci i warto\u015bci. Kieruj\u0105c si\u0119 zasadami profesjonalizmu, uczciwo\u015bci i zorientowania na klienta, piel\u0119gnujemy kultur\u0119 innowacji i precyzji, stale udoskonalaj\u0105c nasze produkty, aby utrzyma\u0107 pozycj\u0119 lidera na konkurencyjnym rynku. Dzi\u0119ki kompleksowej ofercie produkt\u00f3w i mo\u017cliwo\u015bci oferowania rozwi\u0105za\u0144 dostosowanych do indywidualnych potrzeb, jeste\u015bmy preferowanym wyborem dla firm poszukuj\u0105cych wysokowydajnych si\u0142ownik\u00f3w hydraulicznych.<\/p>\n<p>FMP to co\u015b wi\u0119cej ni\u017c tylko producent; jeste\u015bmy partnerem Twojego sukcesu. Zdajemy sobie spraw\u0119, \u017ce nasi klienci polegaj\u0105 na nas, dostarczaj\u0105c narz\u0119dzia zwi\u0119kszaj\u0105ce ich produktywno\u015b\u0107 i bezpiecze\u0144stwo. Dlatego dok\u0142adamy wszelkich stara\u0144, aby dostarcza\u0107 nie tylko produkty najwy\u017cszej jako\u015bci, ale tak\u017ce wyj\u0105tkow\u0105 obs\u0142ug\u0119. Od wst\u0119pnych konsultacji po wsparcie posprzeda\u017cowe, \u015bci\u015ble wsp\u00f3\u0142pracujemy z naszymi klientami, aby zapewni\u0107 im profesjonalne i kompleksowe zaspokojenie ich potrzeb. Nasze konkurencyjne ceny w po\u0142\u0105czeniu z naszym niezmiennym zaanga\u017cowaniem w jako\u015b\u0107 sprawiaj\u0105, \u017ce FMP to m\u0105dry wyb\u00f3r dla firm poszukuj\u0105cych niezawodnych rozwi\u0105za\u0144 hydraulicznych.<\/p>","protected":false},"excerpt":{"rendered":"<p>Factory Direct Sale 20 Ton 4 Stage Dump Truck Hydraulic Cylinder Introducing our 20 Ton 4 Stage Dump Truck hydraulic cylinder, a factory-direct sale powerhouse of hydraulic technology. This new, standard, multistage hydraulic cylinder is designed for optimum functionality in various environments, including machinery repair shops, farms, energy and mining, machinery manufacturing, and machinery factories. [&hellip;]<\/p>","protected":false},"featured_media":6741,"comment_status":"closed","ping_status":"closed","template":"","meta":{"_et_pb_use_builder":"","_et_pb_old_content":"","_et_gb_content_width":""},"product_brand":[],"product_cat":[103],"product_tag":[34,105],"class_list":{"0":"post-6564","1":"product","2":"type-product","3":"status-publish","4":"has-post-thumbnail","6":"product_cat-telescopic-hydraulic-cylinders","7":"product_tag-hydraulic-cylinder","8":"product_tag-telescopic-hydraulic-cylinders","10":"first","11":"instock","12":"product-type-simple"},"_links":{"self":[{"href":"https:\/\/fmp-components.com\/pl\/wp-json\/wp\/v2\/product\/6564","targetHints":{"allow":["GET"]}}],"collection":[{"href":"https:\/\/fmp-components.com\/pl\/wp-json\/wp\/v2\/product"}],"about":[{"href":"https:\/\/fmp-components.com\/pl\/wp-json\/wp\/v2\/types\/product"}],"replies":[{"embeddable":true,"href":"https:\/\/fmp-components.com\/pl\/wp-json\/wp\/v2\/comments?post=6564"}],"wp:featuredmedia":[{"embeddable":true,"href":"https:\/\/fmp-components.com\/pl\/wp-json\/wp\/v2\/media\/6741"}],"wp:attachment":[{"href":"https:\/\/fmp-components.com\/pl\/wp-json\/wp\/v2\/media?parent=6564"}],"wp:term":[{"taxonomy":"product_brand","embeddable":true,"href":"https:\/\/fmp-components.com\/pl\/wp-json\/wp\/v2\/product_brand?post=6564"},{"taxonomy":"product_cat","embeddable":true,"href":"https:\/\/fmp-components.com\/pl\/wp-json\/wp\/v2\/product_cat?post=6564"},{"taxonomy":"product_tag","embeddable":true,"href":"https:\/\/fmp-components.com\/pl\/wp-json\/wp\/v2\/product_tag?post=6564"}],"curies":[{"name":"wp","href":"https:\/\/api.w.org\/{rel}","templated":true}]}}