{"id":6563,"date":"2025-03-11T06:29:39","date_gmt":"2025-03-11T06:29:39","guid":{"rendered":"https:\/\/fmp-components.com\/product\/quality-manufacturing-4-stage-telescopic-hydraulic-cylinder-for-dump-trailer"},"modified":"2025-03-12T06:21:59","modified_gmt":"2025-03-12T06:21:59","slug":"quality-manufacturing-4-stage-telescopic-hydraulic-cylinder-for-dump-trailer","status":"publish","type":"product","link":"https:\/\/fmp-components.com\/pl\/product\/quality-manufacturing-4-stage-telescopic-hydraulic-cylinder-for-dump-trailer\/","title":{"rendered":"Wysokiej jako\u015bci 4-stopniowy teleskopowy si\u0142ownik hydrauliczny do przyczep wywrotek"},"content":{"rendered":"<h2>Wysokiej jako\u015bci 4-stopniowy teleskopowy si\u0142ownik hydrauliczny do przyczep wywrotek<\/h2>\n<p>Czterostopniowy teleskopowy si\u0142ownik hydrauliczny to wyj\u0105tkowy produkt oferuj\u0105cy imponuj\u0105c\u0105 funkcjonalno\u015b\u0107 i wydajno\u015b\u0107. Zosta\u0142 zaprojektowany do stosowania w r\u00f3\u017cnych bran\u017cach, w tym w warsztatach naprawczych maszyn, gospodarstwach rolnych, energetyce i g\u00f3rnictwie, produkcji maszyn oraz fabrykach maszyn.<\/p>\n<h2>Specyfikacja produktu<\/h2>\n<table style=\"width: 97.0168%; height: 123px;\" border=\"\">\n<tbody>\n<tr>\n<td><b>Rozmiar otworu<\/b><\/td>\n<td>2-6 cali<\/td>\n<\/tr>\n<tr>\n<td><b>Rozmiar pr\u0119ta<\/b><\/td>\n<td>1,125-4 cale<\/td>\n<\/tr>\n<tr>\n<td><b>Rozmiar poci\u0105gni\u0119cia<\/b><\/td>\n<td>4-100 cali<\/td>\n<\/tr>\n<tr>\n<td><b>Rozmiar szpilki<\/b><\/td>\n<td>0,5-2 cale<\/td>\n<\/tr>\n<tr>\n<td><b>Porty<\/b><\/td>\n<td>G\/SAE\/NPT\/M<\/td>\n<\/tr>\n<\/tbody>\n<\/table>\n<h3>Unikalne cechy i korzy\u015bci<\/h3>\n<ul>\n<li>Energooszcz\u0119dny<\/li>\n<li>Wysoce wydajny<\/li>\n<li>Bezpieczny w u\u017cyciu<\/li>\n<\/ul>\n<h2>Zrozumienie uk\u0142adu hydraulicznego<\/h2>\n<p>Uk\u0142ad hydrauliczny dzia\u0142a w oparciu o fundamentaln\u0105 zasad\u0119 ci\u015bnienia cieczy, kt\u00f3ra stanowi podstaw\u0119 jego funkcjonalno\u015bci i wydajno\u015bci. W uk\u0142adzie hydraulicznym, gdy ci\u015bnienie jest przy\u0142o\u017cone w dowolnym punkcie, wytwarza ono si\u0142\u0119, kt\u00f3ra jest przenoszona przez ciecz hydrauliczn\u0105 do wszystkich pozosta\u0142ych punkt\u00f3w w uk\u0142adzie. Ta cecha pozwala uk\u0142adowi wykonywa\u0107 szeroki zakres zada\u0144, od podnoszenia ci\u0119\u017ckich \u0142adunk\u00f3w po precyzyjne ruchy maszyn.<\/p>\n<p>Przenoszenie ci\u015bnienia odbywa si\u0119, poniewa\u017c p\u0142yny hydrauliczne s\u0105 nie\u015bci\u015bliwe; gdy do p\u0142ynu zostanie przy\u0142o\u017cona si\u0142a, musi on si\u0119 porusza\u0107 i wywiera\u0107 ci\u015bnienie we wszystkich kierunkach. Oznacza to, \u017ce niewielka si\u0142a wej\u015bciowa mo\u017ce prowadzi\u0107 do znacznej si\u0142y wyj\u015bciowej, co sprawia, \u017ce \u200b\u200buk\u0142ady hydrauliczne s\u0105 wyj\u0105tkowo wydajne i wydajne. Na przyk\u0142ad, gdy pompa hydrauliczna wytwarza ci\u015bnienie, t\u0142oczy ona p\u0142yn przez rury i w\u0119\u017ce do r\u00f3\u017cnych podzespo\u0142\u00f3w, takich jak cylindry hydrauliczne lub silniki, gdzie ci\u015bnienie jest przekszta\u0142cane w ruch mechaniczny.<\/p>\n<p><img loading=\"lazy\" decoding=\"async\" class=\"alignnone  wp-image-6663\" src=\"https:\/\/fmp-components.com\/wp-content\/uploads\/2025\/03\/telescopic-hydraulic-cylinder-11.webp\" alt=\"si\u0142ownik hydrauliczny teleskopowy\" width=\"914\" height=\"914\" title=\"\" srcset=\"https:\/\/fmp-components.com\/wp-content\/uploads\/2025\/03\/telescopic-hydraulic-cylinder-11.webp 914w, https:\/\/fmp-components.com\/wp-content\/uploads\/2025\/03\/telescopic-hydraulic-cylinder-11-480x480.webp 480w\" sizes=\"(min-width: 0px) and (max-width: 480px) 480px, (min-width: 481px) 914px, 100vw\" \/><\/p>\n<p>Co wi\u0119cej, sprz\u0119\u017cony charakter uk\u0142ad\u00f3w hydraulicznych pozwala na synchronizacj\u0119 wielu komponent\u00f3w, umo\u017cliwiaj\u0105c ich jednoczesn\u0105 i wydajn\u0105 prac\u0119. Ta cecha jest szczeg\u00f3lnie przydatna w zastosowaniach wymagaj\u0105cych skoordynowanych ruch\u00f3w, na przyk\u0142ad w maszynach budowlanych, gdzie kilka funkcji musi by\u0107 wykonywanych jednocze\u015bnie.<\/p>\n<p>Ponadto uk\u0142ady hydrauliczne mo\u017cna \u0142atwo kontrolowa\u0107 i regulowa\u0107. Manipuluj\u0105c przep\u0142ywem p\u0142ynu hydraulicznego za pomoc\u0105 zawor\u00f3w i pomp, operatorzy mog\u0105 precyzyjnie dostroi\u0107 wydajno\u015b\u0107 uk\u0142adu do konkretnych wymaga\u0144. Ta wszechstronno\u015b\u0107 sprawia, \u017ce \u200b\u200buk\u0142ady hydrauliczne nadaj\u0105 si\u0119 do r\u00f3\u017cnorodnych zastosowa\u0144 w wielu bran\u017cach, w tym w przemy\u015ble wytw\u00f3rczym, rolnictwie, motoryzacji i energetyce.<\/p>\n<h2>Cz\u0119sto zadawane pytania<\/h2>\n<dl>\n<dt><b>P: Czy jeste\u015b firm\u0105 handlow\u0105 lub produkcyjn\u0105?<\/b><\/dt>\n<dd>A: Jeste\u015bmy fabryk\u0105.<\/dd>\n<dt><b>P: Jak d\u0142ugi jest czas dostawy?<\/b><\/dt>\n<dd>A: Zazwyczaj trwa to 25\u201335 dni.<\/dd>\n<dt><b>P: Czy dostarczacie pr\u00f3bki? Czy s\u0105 darmowe czy dodatkowe?<\/b><\/dt>\n<dd>A: Tak, udost\u0119pniamy pr\u00f3bki, ale nie s\u0105 one darmowe.<\/dd>\n<\/dl>\n<h3>O FMP<\/h3>\n<p>FMP to czo\u0142owy w\u0142oski producent, znany z projektowania, rozwoju i produkcji wysokiej jako\u015bci cylindr\u00f3w hydraulicznych. Dzi\u0119ki wieloletniemu do\u015bwiadczeniu, \u0142\u0105czymy tradycyjne w\u0142oskie rzemios\u0142o z zaawansowan\u0105 technologi\u0105, aby dostarcza\u0107 wyj\u0105tkowe rozwi\u0105zania hydrauliczne, dopasowane do zr\u00f3\u017cnicowanych potrzeb naszych klient\u00f3w na ca\u0142ym \u015bwiecie. Z siedzib\u0105 we W\u0142oszech, b\u0119d\u0105cym centrum doskona\u0142o\u015bci in\u017cynieryjnej, FMP ugruntowa\u0142a swoj\u0105 pozycj\u0119 zaufanej marki w bran\u017cy hydraulicznej, dostarczaj\u0105c niezawodne, trwa\u0142e i innowacyjne produkty, kt\u00f3re wspieraj\u0105 firmy na ca\u0142ym \u015bwiecie.<\/p>\n<p>\u0141\u0105czymy najlepsze tradycje zaawansowanej produkcji z nowatorskim podej\u015bciem. Czerpi\u0105c z bogatego do\u015bwiadczenia w dziedzinie uk\u0142ad\u00f3w hydraulicznych, FMP przekszta\u0142ci\u0142o si\u0119 w nowoczesne przedsi\u0119biorstwo, kt\u00f3re przoduje w badaniach, projektowaniu i produkcji. Nasza specjalizacja obejmuje szerok\u0105 gam\u0119 si\u0142ownik\u00f3w hydraulicznych, takich jak si\u0142owniki dwustronnego dzia\u0142ania, si\u0142owniki podno\u015bnikowe do samochod\u00f3w, si\u0142owniki do maszyn rolniczych oraz rozwi\u0105zania projektowane na zam\u00f3wienie dla r\u00f3\u017cnych zastosowa\u0144 przemys\u0142owych. Zaprojektowane z my\u015bl\u0105 o pracy w najtrudniejszych warunkach, nasze si\u0142owniki hydrauliczne zapewniaj\u0105 bezpiecze\u0144stwo, wydajno\u015b\u0107 i trwa\u0142o\u015b\u0107 w sektorach takich jak budownictwo, instalacje przemys\u0142owe, rolnictwo i ci\u0119\u017cki sprz\u0119t.<\/p>\n<p>W FMP jeste\u015bmy dumni z naszych najnowocze\u015bniejszych zak\u0142ad\u00f3w produkcyjnych, wyposa\u017conych w precyzyjny park maszynowy i zaawansowane systemy testowe. Nasze procesy produkcyjne spe\u0142niaj\u0105 rygorystyczne normy krajowe i mi\u0119dzynarodowe, gwarantuj\u0105c, \u017ce ka\u017cdy si\u0142ownik hydrauliczny opuszczaj\u0105cy nasz\u0105 fabryk\u0119 spe\u0142nia najwy\u017csze standardy jako\u015bci i niezawodno\u015bci. Nasz wykwalifikowany zesp\u00f3\u0142 techniczny w po\u0142\u0105czeniu z najnowocze\u015bniejszym sprz\u0119tem pozwala nam zachowa\u0107 rygorystyczn\u0105 kontrol\u0119 jako\u015bci na ka\u017cdym etapie produkcji \u2013 od doboru surowc\u00f3w po kontrol\u0119 ko\u0144cow\u0105. To zaanga\u017cowanie w d\u0105\u017cenie do doskona\u0142o\u015bci przynios\u0142o nam certyfikaty i wyr\u00f3\u017cnienia od autorytet\u00f3w bran\u017cowych, co umacnia nasz\u0105 reputacj\u0119 jako niezawodnego partnera.<\/p>\n<p><img loading=\"lazy\" decoding=\"async\" class=\"alignnone size-full wp-image-6720\" src=\"https:\/\/fmp-components.com\/wp-content\/uploads\/2025\/03\/hydraulic-cylinder-8.webp\" alt=\"Si\u0142owniki hydrauliczne teleskopowe\" width=\"933\" height=\"526\" title=\"\" srcset=\"https:\/\/fmp-components.com\/wp-content\/uploads\/2025\/03\/hydraulic-cylinder-8.webp 933w, https:\/\/fmp-components.com\/wp-content\/uploads\/2025\/03\/hydraulic-cylinder-8-480x271.webp 480w\" sizes=\"(min-width: 0px) and (max-width: 480px) 480px, (min-width: 481px) 933px, 100vw\" \/><\/p>\n<p>Nasza misja jest prosta i ambitna: dostarcza\u0107 si\u0142owniki hydrauliczne, kt\u00f3re przewy\u017cszaj\u0105 oczekiwania pod wzgl\u0119dem wydajno\u015bci, trwa\u0142o\u015bci i warto\u015bci. Kieruj\u0105c si\u0119 zasadami profesjonalizmu, uczciwo\u015bci i zorientowania na klienta, piel\u0119gnujemy kultur\u0119 innowacji i precyzji, stale udoskonalaj\u0105c nasze produkty, aby utrzyma\u0107 pozycj\u0119 lidera na konkurencyjnym rynku. Dzi\u0119ki kompleksowej ofercie produkt\u00f3w i mo\u017cliwo\u015bci oferowania rozwi\u0105za\u0144 dostosowanych do indywidualnych potrzeb, jeste\u015bmy preferowanym wyborem dla firm poszukuj\u0105cych wysokowydajnych si\u0142ownik\u00f3w hydraulicznych.<\/p>\n<p>FMP to co\u015b wi\u0119cej ni\u017c tylko producent; jeste\u015bmy partnerem Twojego sukcesu. Zdajemy sobie spraw\u0119, \u017ce nasi klienci polegaj\u0105 na nas, dostarczaj\u0105c narz\u0119dzia zwi\u0119kszaj\u0105ce ich produktywno\u015b\u0107 i bezpiecze\u0144stwo. Dlatego dok\u0142adamy wszelkich stara\u0144, aby dostarcza\u0107 nie tylko produkty najwy\u017cszej jako\u015bci, ale tak\u017ce wyj\u0105tkow\u0105 obs\u0142ug\u0119. Od wst\u0119pnych konsultacji po wsparcie posprzeda\u017cowe, \u015bci\u015ble wsp\u00f3\u0142pracujemy z naszymi klientami, aby zapewni\u0107 im profesjonalne i kompleksowe zaspokojenie ich potrzeb. Nasze konkurencyjne ceny w po\u0142\u0105czeniu z naszym niezmiennym zaanga\u017cowaniem w jako\u015b\u0107 sprawiaj\u0105, \u017ce FMP to m\u0105dry wyb\u00f3r dla firm poszukuj\u0105cych niezawodnych rozwi\u0105za\u0144 hydraulicznych.<\/p>","protected":false},"excerpt":{"rendered":"<p>Quality Manufacturing 4 Stage Telescopic Hydraulic Cylinder for Dump Trailer The 4 Stage Telescopic Hydraulic Cylinder is an exceptional product that offers impressive functionality and performance. It is designed for use in various industries including Machinery Repair Shops, Farms, Energy &amp; Mining, Machinery manufacturing and Machinery Factories. Product Specifications Bore Size 2-6 inch Rod Size [&hellip;]<\/p>","protected":false},"featured_media":6739,"comment_status":"closed","ping_status":"closed","template":"","meta":{"_et_pb_use_builder":"","_et_pb_old_content":"","_et_gb_content_width":""},"product_brand":[],"product_cat":[103],"product_tag":[34,105],"class_list":{"0":"post-6563","1":"product","2":"type-product","3":"status-publish","4":"has-post-thumbnail","6":"product_cat-telescopic-hydraulic-cylinders","7":"product_tag-hydraulic-cylinder","8":"product_tag-telescopic-hydraulic-cylinders","10":"first","11":"instock","12":"product-type-simple"},"_links":{"self":[{"href":"https:\/\/fmp-components.com\/pl\/wp-json\/wp\/v2\/product\/6563","targetHints":{"allow":["GET"]}}],"collection":[{"href":"https:\/\/fmp-components.com\/pl\/wp-json\/wp\/v2\/product"}],"about":[{"href":"https:\/\/fmp-components.com\/pl\/wp-json\/wp\/v2\/types\/product"}],"replies":[{"embeddable":true,"href":"https:\/\/fmp-components.com\/pl\/wp-json\/wp\/v2\/comments?post=6563"}],"wp:featuredmedia":[{"embeddable":true,"href":"https:\/\/fmp-components.com\/pl\/wp-json\/wp\/v2\/media\/6739"}],"wp:attachment":[{"href":"https:\/\/fmp-components.com\/pl\/wp-json\/wp\/v2\/media?parent=6563"}],"wp:term":[{"taxonomy":"product_brand","embeddable":true,"href":"https:\/\/fmp-components.com\/pl\/wp-json\/wp\/v2\/product_brand?post=6563"},{"taxonomy":"product_cat","embeddable":true,"href":"https:\/\/fmp-components.com\/pl\/wp-json\/wp\/v2\/product_cat?post=6563"},{"taxonomy":"product_tag","embeddable":true,"href":"https:\/\/fmp-components.com\/pl\/wp-json\/wp\/v2\/product_tag?post=6563"}],"curies":[{"name":"wp","href":"https:\/\/api.w.org\/{rel}","templated":true}]}}