{"id":6561,"date":"2025-03-11T06:29:39","date_gmt":"2025-03-11T06:29:39","guid":{"rendered":"https:\/\/fmp-components.com\/product\/hot-sale-3-stage-trailer-hydraulic-telescopic-cylinder"},"modified":"2025-03-18T01:05:50","modified_gmt":"2025-03-18T01:05:50","slug":"hot-sale-3-stage-trailer-hydraulic-telescopic-cylinder","status":"publish","type":"product","link":"https:\/\/fmp-components.com\/pl\/product\/hot-sale-3-stage-trailer-hydraulic-telescopic-cylinder\/","title":{"rendered":"Wyprzeda\u017c 3-stopniowego hydraulicznego si\u0142ownika teleskopowego do przyczepy"},"content":{"rendered":"<h2>Wyprzeda\u017c 3-stopniowego hydraulicznego si\u0142ownika teleskopowego do przyczepy<\/h2>\n<p>Przedstawiamy nasz 3-stopniowy teleskopowy si\u0142ownik hydrauliczny do przyczep, b\u0119d\u0105cy w sprzeda\u017cy hurtowej. To standardowy stalowy si\u0142ownik t\u0142okowy, dzia\u0142aj\u0105cy pod wp\u0142ywem si\u0142y hydraulicznej. Ten wielostopniowy si\u0142ownik hydrauliczny to nowy produkt na rok 2025, zaprojektowany z my\u015bl\u0105 o zapewnieniu solidnej i wydajnej pracy w r\u00f3\u017cnych bran\u017cach, takich jak warsztaty naprawcze maszyn, gospodarstwa rolne, energetyka i g\u00f3rnictwo, produkcja maszyn oraz fabryki maszyn.<\/p>\n<h2>Specyfikacje i szczeg\u00f3\u0142y produktu<\/h2>\n<table style=\"width: 93.3339%;\" border=\"\">\n<tbody>\n<tr>\n<th style=\"width: 43.5028%;\">Rozmiar otworu<\/th>\n<td style=\"width: 449.718%;\">2-6 cali<\/td>\n<\/tr>\n<tr>\n<th style=\"width: 43.5028%;\">Rozmiar pr\u0119ta<\/th>\n<td style=\"width: 449.718%;\">1,125-4 cale<\/td>\n<\/tr>\n<tr>\n<th style=\"width: 43.5028%;\">Rozmiar poci\u0105gni\u0119cia<\/th>\n<td style=\"width: 449.718%;\">4-100 cali<\/td>\n<\/tr>\n<tr>\n<th style=\"width: 43.5028%;\">Rozmiar szpilki<\/th>\n<td style=\"width: 449.718%;\">0,5-2 cale<\/td>\n<\/tr>\n<tr>\n<th style=\"width: 43.5028%;\">Porty<\/th>\n<td style=\"width: 449.718%;\">G\/SAE\/NPT\/M<\/td>\n<\/tr>\n<\/tbody>\n<\/table>\n<h2>G\u0142\u00f3wne cechy i zalety<\/h2>\n<ul>\n<li>Energooszcz\u0119dno\u015b\u0107 i wysoka wydajno\u015b\u0107<\/li>\n<li>Bezpieczna i niezawodna eksploatacja<\/li>\n<li>Solidna i trwa\u0142a obudowa ze stali<\/li>\n<li>Gwarancja na g\u0142\u00f3wne podzespo\u0142y na okres 1 roku<\/li>\n<li>Maksymalny ci\u0105g 3000 i maksymalny uci\u0105g 20 ton<\/li>\n<li>Certyfikat ISO 9001:2000<\/li>\n<\/ul>\n<p><img loading=\"lazy\" decoding=\"async\" class=\"alignnone wp-image-6662\" src=\"https:\/\/fmp-components.com\/wp-content\/uploads\/2025\/03\/telescopic-hydraulic-cylinder-4.webp\" alt=\"si\u0142ownik hydrauliczny teleskopowy\" width=\"894\" height=\"894\" title=\"\" srcset=\"https:\/\/fmp-components.com\/wp-content\/uploads\/2025\/03\/telescopic-hydraulic-cylinder-4.webp 894w, https:\/\/fmp-components.com\/wp-content\/uploads\/2025\/03\/telescopic-hydraulic-cylinder-4-480x480.webp 480w\" sizes=\"(min-width: 0px) and (max-width: 480px) 480px, (min-width: 481px) 894px, 100vw\" \/><\/p>\n<h2>Uk\u0142ad hydrauliczny i zasada dzia\u0142ania<\/h2>\n<p>Hydrauliczny si\u0142ownik teleskopowy dzia\u0142a poprzez zamian\u0119 energii hydraulicznej na ruch mechaniczny, skutecznie przekszta\u0142caj\u0105c ci\u015bnienie w si\u0142\u0119. Proces ten ma fundamentalne znaczenie dla funkcjonowania uk\u0142ad\u00f3w hydraulicznych, w kt\u00f3rych si\u0142ownik pe\u0142ni rol\u0119 kluczowego elementu nap\u0119dzaj\u0105cego i steruj\u0105cego r\u00f3\u017cnorodnymi maszynami i urz\u0105dzeniami w zastosowaniach przemys\u0142owych. Po wt\u0142oczeniu p\u0142ynu hydraulicznego do si\u0142ownika powstaje ci\u015bnienie, kt\u00f3re wyd\u0142u\u017ca jego wewn\u0119trzne sekcje, umo\u017cliwiaj\u0105c znaczny ruch liniowy. Ta unikalna konstrukcja pozwala si\u0142ownikowi teleskopowemu osi\u0105gn\u0105\u0107 imponuj\u0105ce d\u0142ugo\u015bci wysuwu, zachowuj\u0105c jednocze\u015bnie kompaktowe rozmiary, gdy nie jest u\u017cywany.<\/p>\n<p>Mo\u017cliwo\u015b\u0107 precyzyjnego generowania du\u017cej si\u0142y sprawia, \u017ce \u200b\u200bhydrauliczne si\u0142owniki teleskopowe s\u0105 niezast\u0105pione w wielu zastosowaniach. Kontroluj\u0105c przep\u0142yw i ci\u015bnienie p\u0142ynu hydraulicznego, operatorzy mog\u0105 wykonywa\u0107 p\u0142ynne i kontrolowane ruchy, co czyni je idealnymi do zada\u0144 wymagaj\u0105cych zar\u00f3wno si\u0142y, jak i precyzji. Ta wszechstronno\u015b\u0107 gwarantuje, \u017ce hydrauliczne si\u0142owniki teleskopowe dostosowuj\u0105 si\u0119 do szerokiego zakresu wymaga\u0144 operacyjnych, zwi\u0119kszaj\u0105c wydajno\u015b\u0107 i efektywno\u015b\u0107 zasilanych przez nie urz\u0105dze\u0144.<\/p>\n<h2>Aplikacje<\/h2>\n<p>Nasze hydrauliczne si\u0142owniki teleskopowe s\u0105 szeroko stosowane w r\u00f3\u017cnych bran\u017cach, w tym w warsztatach naprawczych maszyn, rolnictwie, energetyce i g\u00f3rnictwie, produkcji maszyn oraz fabrykach maszyn. W warsztatach naprawczych maszyn si\u0142owniki te s\u0105 niezb\u0119dne do podnoszenia ci\u0119\u017ckiego sprz\u0119tu i u\u0142atwiaj\u0105 prace konserwacyjne, umo\u017cliwiaj\u0105c technikom wydajn\u0105 i bezpieczn\u0105 prac\u0119.<\/p>\n<p>W gospodarstwach rolnych hydrauliczne si\u0142owniki teleskopowe s\u0105 stosowane w ci\u0105gnikach i innych maszynach rolniczych do wykonywania zada\u0144 takich jak podnoszenie, przechylanie i wysypywanie materia\u0142\u00f3w. Funkcja ta znacz\u0105co zwi\u0119ksza wydajno\u015b\u0107 prac rolniczych, umo\u017cliwiaj\u0105c rolnikom \u0142atwe i wydajne wykonywanie zada\u0144.<\/p>\n<p>W sektorze energetycznym i g\u00f3rniczym nasz hydrauliczny si\u0142ownik teleskopowy odgrywa kluczow\u0105 rol\u0119 w zastosowaniach takich jak wiercenie, wykopy i prze\u0142adunek materia\u0142\u00f3w. Jego solidna konstrukcja i zdolno\u015b\u0107 do generowania du\u017cej si\u0142y sprawiaj\u0105, \u017ce doskonale nadaje si\u0119 do wymagaj\u0105cych warunk\u00f3w typowych dla tych bran\u017c, gdzie niezawodno\u015b\u0107 i wydajno\u015b\u0107 s\u0105 priorytetem.<\/p>\n<p>Ponadto, w produkcji maszyn i fabrykach, hydrauliczne si\u0142owniki teleskopowe stanowi\u0105 integraln\u0105 cz\u0119\u015b\u0107 linii monta\u017cowych i system\u00f3w zautomatyzowanych. Umo\u017cliwiaj\u0105 precyzyjn\u0105 kontrol\u0119 ruch\u00f3w, przyczyniaj\u0105c si\u0119 do usprawnienia proces\u00f3w produkcyjnych i og\u00f3lnej wydajno\u015bci operacyjnej. Niezale\u017cnie od tego, czy chodzi o podnoszenie ci\u0119\u017ckich \u0142adunk\u00f3w, sterowanie maszynami, czy obs\u0142ug\u0119 z\u0142o\u017conych system\u00f3w hydraulicznych, nasze hydrauliczne si\u0142owniki teleskopowe zapewniaj\u0105 niezr\u00f3wnan\u0105 wydajno\u015b\u0107 i niezawodno\u015b\u0107, co czyni je zaufanym wyborem dla profesjonalist\u00f3w z r\u00f3\u017cnych sektor\u00f3w.<\/p>\n<p><img loading=\"lazy\" decoding=\"async\" class=\"alignnone wp-image-6663\" src=\"https:\/\/fmp-components.com\/wp-content\/uploads\/2025\/03\/telescopic-hydraulic-cylinder-11.webp\" alt=\"si\u0142ownik hydrauliczny teleskopowy\" width=\"955\" height=\"955\" title=\"\" srcset=\"https:\/\/fmp-components.com\/wp-content\/uploads\/2025\/03\/telescopic-hydraulic-cylinder-11.webp 955w, https:\/\/fmp-components.com\/wp-content\/uploads\/2025\/03\/telescopic-hydraulic-cylinder-11-480x480.webp 480w\" sizes=\"(min-width: 0px) and (max-width: 480px) 480px, (min-width: 481px) 955px, 100vw\" \/><\/p>\n<h2>Si\u0142owniki hydrauliczne i agregaty nap\u0119dowe<\/h2>\n<p>Si\u0142owniki hydrauliczne i agregaty pr\u0105dotw\u00f3rcze s\u0105 niezb\u0119dnymi elementami uk\u0142ad\u00f3w hydraulicznych. Wsp\u00f3\u0142pracuj\u0105 ze sob\u0105, aby zapewni\u0107 szerokie zastosowanie technologii hydraulicznej w przemy\u015ble, zapewniaj\u0105c niezawodne zasilanie i sterowanie r\u00f3\u017cnorodnym urz\u0105dzeniom in\u017cynieryjnym i mechanicznym. W FMP oferujemy r\u00f3wnie\u017c agregaty pr\u0105dotw\u00f3rcze na sprzeda\u017c.<\/p>\n<h2>Cz\u0119sto zadawane pytania<\/h2>\n<h3>P: Czy jeste\u015b firm\u0105 handlow\u0105 czy producentem?<\/h3>\n<p>A: Jeste\u015bmy fabryk\u0105.<\/p>\n<h3>P: Jak d\u0142ugi jest czas dostawy?<\/h3>\n<p>A: Zazwyczaj jest to 25\u201335 dni.<\/p>\n<h3>P: Czy mo\u017cecie produkowa\u0107 na podstawie pr\u00f3bek?<\/h3>\n<p>A: Tak, mo\u017cemy produkowa\u0107 na podstawie Twoich pr\u00f3bek lub rysunk\u00f3w technicznych. Mo\u017cemy budowa\u0107 formy i urz\u0105dzenia.<\/p>\n<h3>O FMP<\/h3>\n<p class=\"break-words\">FMP jest wiod\u0105cym w\u0142oskim producentem specjalizuj\u0105cym si\u0119 w projektowaniu, rozwoju i produkcji wysokiej jako\u015bci cylindr\u00f3w hydraulicznych. Dzi\u0119ki bogatemu dziedzictwu zakorzenionemu w dziesi\u0119cioleciach do\u015bwiadczenia, z dum\u0105 \u0142\u0105czymy w\u0142oskie rzemios\u0142o z najnowocze\u015bniejsz\u0105 technologi\u0105, aby dostarcza\u0107 wyj\u0105tkowe rozwi\u0105zania hydrauliczne dostosowane do zr\u00f3\u017cnicowanych potrzeb naszych globalnych klient\u00f3w. Maj\u0105c siedzib\u0119 we W\u0142oszech, w centrum doskona\u0142o\u015bci in\u017cynieryjnej, FMP jest zaufan\u0105 mark\u0105 w bran\u017cy hydraulicznej, zobowi\u0105zan\u0105 do dostarczania niezawodnych, trwa\u0142ych i innowacyjnych produkt\u00f3w, kt\u00f3re wzmacniaj\u0105 firmy na ca\u0142ym \u015bwiecie.<\/p>\n<p class=\"break-words\">Nasza firma integruje najlepsze tradycje zaawansowanej produkcji z przysz\u0142o\u015bciowym podej\u015bciem. Korzystaj\u0105c z wieloletniego do\u015bwiadczenia w systemach hydraulicznych, FMP przekszta\u0142ci\u0142o si\u0119 w nowoczesne przedsi\u0119biorstwo, kt\u00f3re wyr\u00f3\u017cnia si\u0119 w badaniach, projektowaniu i produkcji. Specjalizujemy si\u0119 w szerokiej gamie cylindr\u00f3w hydraulicznych, w tym cylindrach dwustronnego dzia\u0142ania, cylindrach podnosz\u0105cych do samochod\u00f3w, cylindrach do maszyn rolniczych i rozwi\u0105zaniach projektowanych na zam\u00f3wienie do r\u00f3\u017cnych zastosowa\u0144 przemys\u0142owych. Niezale\u017cnie od tego, czy chodzi o budownictwo, instalacje przemys\u0142owe, rolnictwo czy ci\u0119\u017cki sprz\u0119t, nasze cylindry hydrauliczne s\u0105 zbudowane tak, aby dzia\u0142a\u0142y w najtrudniejszych warunkach, zapewniaj\u0105c bezpiecze\u0144stwo, wydajno\u015b\u0107 i d\u0142ugowieczno\u015b\u0107.<\/p>\n<p><img loading=\"lazy\" decoding=\"async\" class=\"alignnone size-full wp-image-6720\" src=\"https:\/\/fmp-components.com\/wp-content\/uploads\/2025\/03\/hydraulic-cylinder-8.webp\" alt=\"Si\u0142owniki hydrauliczne teleskopowe\" width=\"933\" height=\"526\" title=\"\" srcset=\"https:\/\/fmp-components.com\/wp-content\/uploads\/2025\/03\/hydraulic-cylinder-8.webp 933w, https:\/\/fmp-components.com\/wp-content\/uploads\/2025\/03\/hydraulic-cylinder-8-480x271.webp 480w\" sizes=\"(min-width: 0px) and (max-width: 480px) 480px, (min-width: 481px) 933px, 100vw\" \/><\/p>\n<p class=\"break-words\">W FMP jeste\u015bmy dumni z naszych najnowocze\u015bniejszych zak\u0142ad\u00f3w produkcyjnych, wyposa\u017conych w precyzyjne maszyny i zaawansowane systemy testowe. Nasze procesy produkcyjne s\u0105 zgodne z rygorystycznymi normami krajowymi i mi\u0119dzynarodowymi, co zapewnia, \u017ce ka\u017cdy cylinder hydrauliczny opuszczaj\u0105cy nasz\u0105 fabryk\u0119 jest najwy\u017cszej jako\u015bci i niezawodno\u015bci. Nasz wykwalifikowany zesp\u00f3\u0142 techniczny w po\u0142\u0105czeniu z najnowocze\u015bniejszym sprz\u0119tem pozwala nam zachowa\u0107 \u015bcis\u0142\u0105 kontrol\u0119 jako\u015bci na ka\u017cdym etapie produkcji \u2014 od wyboru surowca po ko\u0144cow\u0105 kontrol\u0119. To oddanie doskona\u0142o\u015bci przynios\u0142o nam certyfikaty i uznanie autorytet\u00f3w bran\u017cowych, co dodatkowo umocni\u0142o nasz\u0105 reputacj\u0119 niezawodnego partnera.<\/p>\n<p class=\"break-words\">Nasza misja jest prosta, ale ambitna: dostarcza\u0107 naszym klientom cylindry hydrauliczne, kt\u00f3re przekraczaj\u0105 oczekiwania pod wzgl\u0119dem wydajno\u015bci, trwa\u0142o\u015bci i warto\u015bci. Dzia\u0142amy zgodnie z zasadami profesjonalizmu, uczciwo\u015bci i skupienia na kliencie. Poprzez promowanie kultury innowacji i precyzji nieustannie udoskonalamy nasze produkty, aby utrzyma\u0107 si\u0119 na czele konkurencyjnego rynku. Nasza kompleksowa oferta produkt\u00f3w i zdolno\u015b\u0107 do oferowania dostosowanych rozwi\u0105za\u0144 sprawiaj\u0105, \u017ce jeste\u015bmy pierwszym wyborem dla firm poszukuj\u0105cych wysokowydajnych cylindr\u00f3w hydraulicznych.<\/p>\n<p class=\"break-words\">FMP to co\u015b wi\u0119cej ni\u017c tylko producent \u2014 jeste\u015bmy partnerem w Twoim sukcesie. Rozumiemy, \u017ce nasi klienci polegaj\u0105 na nas, je\u015bli chodzi o dostarczanie narz\u0119dzi, kt\u00f3re zwi\u0119kszaj\u0105 ich produktywno\u015b\u0107 i bezpiecze\u0144stwo. Dlatego te\u017c jeste\u015bmy zobowi\u0105zani do oferowania nie tylko produkt\u00f3w najwy\u017cszej klasy, ale tak\u017ce wyj\u0105tkowej obs\u0142ugi. Od wst\u0119pnych konsultacji po wsparcie posprzeda\u017cowe, \u015bci\u015ble wsp\u00f3\u0142pracujemy z naszymi klientami, aby zapewni\u0107, \u017ce ich potrzeby s\u0105 spe\u0142niane z profesjonalizmem i trosk\u0105. Nasze konkurencyjne ceny w po\u0142\u0105czeniu z naszym niezachwianym zaanga\u017cowaniem w jako\u015b\u0107 sprawiaj\u0105, \u017ce FMP jest m\u0105drym wyborem dla firm, kt\u00f3re chc\u0105 zainwestowa\u0107 w rozwi\u0105zania hydrauliczne, kt\u00f3rym mog\u0105 zaufa\u0107.<\/p>","protected":false},"excerpt":{"rendered":"<p>Hot Sale 3 Stage Trailer Hydraulic Telescopic Cylinder Introducing our Hot Sale 3 Stage Trailer Hydraulic Telescopic Cylinder, a standard steel structure plunger cylinder that operates under hydraulic power. This multistage hydraulic cylinder is a new product for 2025 that is designed to provide robust and efficient operation across various industries such as Machinery Repair [&hellip;]<\/p>","protected":false},"featured_media":6736,"comment_status":"closed","ping_status":"closed","template":"","meta":{"_et_pb_use_builder":"","_et_pb_old_content":"","_et_gb_content_width":""},"product_brand":[],"product_cat":[103],"product_tag":[34,105],"class_list":{"0":"post-6561","1":"product","2":"type-product","3":"status-publish","4":"has-post-thumbnail","6":"product_cat-telescopic-hydraulic-cylinders","7":"product_tag-hydraulic-cylinder","8":"product_tag-telescopic-hydraulic-cylinders","10":"first","11":"instock","12":"product-type-simple"},"_links":{"self":[{"href":"https:\/\/fmp-components.com\/pl\/wp-json\/wp\/v2\/product\/6561","targetHints":{"allow":["GET"]}}],"collection":[{"href":"https:\/\/fmp-components.com\/pl\/wp-json\/wp\/v2\/product"}],"about":[{"href":"https:\/\/fmp-components.com\/pl\/wp-json\/wp\/v2\/types\/product"}],"replies":[{"embeddable":true,"href":"https:\/\/fmp-components.com\/pl\/wp-json\/wp\/v2\/comments?post=6561"}],"wp:featuredmedia":[{"embeddable":true,"href":"https:\/\/fmp-components.com\/pl\/wp-json\/wp\/v2\/media\/6736"}],"wp:attachment":[{"href":"https:\/\/fmp-components.com\/pl\/wp-json\/wp\/v2\/media?parent=6561"}],"wp:term":[{"taxonomy":"product_brand","embeddable":true,"href":"https:\/\/fmp-components.com\/pl\/wp-json\/wp\/v2\/product_brand?post=6561"},{"taxonomy":"product_cat","embeddable":true,"href":"https:\/\/fmp-components.com\/pl\/wp-json\/wp\/v2\/product_cat?post=6561"},{"taxonomy":"product_tag","embeddable":true,"href":"https:\/\/fmp-components.com\/pl\/wp-json\/wp\/v2\/product_tag?post=6561"}],"curies":[{"name":"wp","href":"https:\/\/api.w.org\/{rel}","templated":true}]}}