{"id":6557,"date":"2025-03-11T06:29:39","date_gmt":"2025-03-11T06:29:39","guid":{"rendered":"https:\/\/fmp-components.com\/product\/factory-price-telescopic-two-stage-multistage-hydraulic-cylinder-for-sale"},"modified":"2025-03-12T06:06:13","modified_gmt":"2025-03-12T06:06:13","slug":"factory-price-telescopic-two-stage-multistage-hydraulic-cylinder-for-sale","status":"publish","type":"product","link":"https:\/\/fmp-components.com\/pl\/product\/factory-price-telescopic-two-stage-multistage-hydraulic-cylinder-for-sale\/","title":{"rendered":"Teleskopowy dwustopniowy wielostopniowy si\u0142ownik hydrauliczny w cenie fabrycznej na sprzeda\u017c"},"content":{"rendered":"<h2>Teleskopowy dwustopniowy wielostopniowy si\u0142ownik hydrauliczny w cenie fabrycznej na sprzeda\u017c<\/h2>\n<p>Skorzystaj z najlepszej oferty z naszym niedrogim, najwy\u017cszej jako\u015bci teleskopowym, dwustopniowym, wielostopniowym si\u0142ownikiem hydraulicznym. Ten wytrzyma\u0142y si\u0142ownik hydrauliczny zosta\u0142 zaprojektowany z my\u015bl\u0105 o potrzebach warsztat\u00f3w naprawczych maszyn, gospodarstw rolnych, przemys\u0142u energetycznego i g\u00f3rniczego oraz producent\u00f3w maszyn. Zapewnia wyj\u0105tkow\u0105 wydajno\u015b\u0107, gwarantuj\u0105c maksymaln\u0105 efektywno\u015b\u0107 Twojej dzia\u0142alno\u015bci.<\/p>\n<h3>G\u0142\u00f3wne cechy i korzy\u015bci<\/h3>\n<ul>\n<li>Standaryzowany projekt i struktura<\/li>\n<li>Imponuj\u0105cy maksymalny ci\u0105g 3000<\/li>\n<li>Wysoka maksymalna no\u015bno\u015b\u0107 20 ton<\/li>\n<li>Efektywne atrybuty oszcz\u0119dzania energii<\/li>\n<li>Gwarancja bezpiecze\u0144stwa i niezawodno\u015bci dzi\u0119ki certyfikatowi ISO9001:2000<\/li>\n<li>Dost\u0119pny w eleganckim i profesjonalnym czarnym kolorze<\/li>\n<\/ul>\n<p><img loading=\"lazy\" decoding=\"async\" class=\"alignnone  wp-image-6664\" src=\"https:\/\/fmp-components.com\/wp-content\/uploads\/2025\/03\/telescopic-hydraulic-cylinder-8.webp\" alt=\"si\u0142ownik hydrauliczny teleskopowy\" width=\"878\" height=\"878\" title=\"\" srcset=\"https:\/\/fmp-components.com\/wp-content\/uploads\/2025\/03\/telescopic-hydraulic-cylinder-8.webp 878w, https:\/\/fmp-components.com\/wp-content\/uploads\/2025\/03\/telescopic-hydraulic-cylinder-8-480x480.webp 480w\" sizes=\"(min-width: 0px) and (max-width: 480px) 480px, (min-width: 481px) 878px, 100vw\" \/><\/p>\n<h3>Specyfikacja produktu<\/h3>\n<table style=\"width: 96.4947%;\" border=\"\">\n<tbody>\n<tr>\n<td style=\"width: 42.9379%;\"><i>Rozmiar otworu<\/i><\/td>\n<td style=\"width: 455.932%;\">2-6 cali<\/td>\n<\/tr>\n<tr>\n<td style=\"width: 42.9379%;\"><i>Rozmiar pr\u0119ta<\/i><\/td>\n<td style=\"width: 455.932%;\">1,125-4 cale<\/td>\n<\/tr>\n<tr>\n<td style=\"width: 42.9379%;\"><i>Rozmiar poci\u0105gni\u0119cia<\/i><\/td>\n<td style=\"width: 455.932%;\">4-100 cali<\/td>\n<\/tr>\n<tr>\n<td style=\"width: 42.9379%;\"><i>Rozmiar szpilki<\/i><\/td>\n<td style=\"width: 455.932%;\">0,5-2 cale<\/td>\n<\/tr>\n<tr>\n<td style=\"width: 42.9379%;\"><i>Porty<\/i><\/td>\n<td style=\"width: 455.932%;\">G\/SAE\/NPT\/M<\/td>\n<\/tr>\n<\/tbody>\n<\/table>\n<h2>Zrozumienie uk\u0142adu hydraulicznego<\/h2>\n<p>Nasz si\u0142ownik hydrauliczny dzia\u0142a w oparciu o zasad\u0119 r\u00f3\u017cnicy ci\u015bnie\u0144. Podczas pompowania p\u0142ynu hydraulicznego do cylindra powstaje r\u00f3\u017cnica ci\u015bnie\u0144 mi\u0119dzy jego wn\u0119trzem a otoczeniem. Ta r\u00f3\u017cnica ci\u015bnie\u0144 nap\u0119dza t\u0142ok. Przesuwaj\u0105c si\u0119, t\u0142ok przekszta\u0142ca energi\u0119 hydrauliczn\u0105 w ruch mechaniczny, kt\u00f3ry jest nast\u0119pnie przekazywany do pod\u0142\u0105czonych do niego maszyn. Proces ten zapewnia niezb\u0119dn\u0105 moc do obs\u0142ugi r\u00f3\u017cnych urz\u0105dze\u0144 i wykonywania zada\u0144 wymagaj\u0105cych znacznej si\u0142y, gwarantuj\u0105c wydajno\u015b\u0107 i efektywno\u015b\u0107 pracy.<\/p>\n<p>Zdolno\u015b\u0107 uk\u0142ad\u00f3w hydraulicznych do wykorzystywania i manipulowania energi\u0105 p\u0142yn\u00f3w umo\u017cliwia im wykonywanie szerokiego zakresu zada\u0144, od podnoszenia ci\u0119\u017ckich \u0142adunk\u00f3w po precyzyjne ruchy w z\u0142o\u017conych maszynach. Ta fundamentalna zasada dzia\u0142ania sprawia, \u017ce \u200b\u200bcylindry hydrauliczne s\u0105 kluczowymi elementami w licznych zastosowaniach w r\u00f3\u017cnych bran\u017cach.<\/p>\n<h2>Zastosowania cylindra hydraulicznego<\/h2>\n<p>Wszechstronno\u015b\u0107 naszego wielostopniowego si\u0142ownika hydraulicznego pozwala na jego zastosowanie w wielu dziedzinach, co czyni go niezb\u0119dnym narz\u0119dziem w wielu ga\u0142\u0119ziach przemys\u0142u. W warsztatach naprawczych maszyn u\u0142atwia podnoszenie i ustawianie ci\u0119\u017ckiego sprz\u0119tu, usprawniaj\u0105c prace konserwacyjne i naprawcze. W gospodarstwach rolnych odgrywa kluczow\u0105 rol\u0119 w obs\u0142udze ci\u0105gnik\u00f3w i innych maszyn rolniczych, umo\u017cliwiaj\u0105c rolnikom \u0142atwe wykonywanie zada\u0144 takich jak podnoszenie, przechylanie i transport materia\u0142\u00f3w.<\/p>\n<p>W przemy\u015ble energetycznym i g\u00f3rniczym si\u0142ownik hydrauliczny jest nieoceniony przy wierceniu, wykopach i prze\u0142adunku materia\u0142\u00f3w, gdzie solidna wydajno\u015b\u0107 i niezawodno\u015b\u0107 s\u0105 priorytetem. Jego konstrukcja zosta\u0142a zaprojektowana z my\u015bl\u0105 o trudnych zadaniach, zapewniaj\u0105c odporno\u015b\u0107 na trudne warunki pracy bez uszczerbku dla bezpiecze\u0144stwa i wydajno\u015bci.<\/p>\n<p>Ponadto, w produkcji maszyn, si\u0142owniki hydrauliczne stanowi\u0105 integraln\u0105 cz\u0119\u015b\u0107 linii monta\u017cowych i system\u00f3w zautomatyzowanych, przyczyniaj\u0105c si\u0119 do zwi\u0119kszenia wydajno\u015bci produkcji i efektywno\u015bci operacyjnej. Solidna konstrukcja i niezawodna praca naszych si\u0142ownik\u00f3w hydraulicznych zapewniaj\u0105 niezawodno\u015b\u0107 niezb\u0119dn\u0105 w krytycznych zastosowaniach, czyni\u0105c je zaufanym wyborem dla profesjonalist\u00f3w z r\u00f3\u017cnych sektor\u00f3w.<\/p>\n<h2>Si\u0142owniki hydrauliczne i agregaty nap\u0119dowe<\/h2>\n<p>Si\u0142owniki hydrauliczne i agregaty nap\u0119dowe s\u0105 nieod\u0142\u0105cznymi elementami ka\u017cdego uk\u0142adu hydraulicznego, wsp\u00f3\u0142pracuj\u0105c ze sob\u0105, aby zapewni\u0107 efektywne zastosowanie technologii hydraulicznej w przemy\u015ble. Si\u0142ownik hydrauliczny dzia\u0142a jak si\u0142ownik, przekszta\u0142caj\u0105c energi\u0119 hydrauliczn\u0105 w ruch mechaniczny poprzez przekszta\u0142canie ci\u015bnienia p\u0142ynu w si\u0142\u0119. Ta funkcja pozwala mu wykonywa\u0107 szeroki zakres zada\u0144, od podnoszenia i pchania, po zaciskanie i przechylanie.<\/p>\n<p>Z drugiej strony, agregaty stanowi\u0105 \u017ar\u00f3d\u0142o energii dla uk\u0142adu hydraulicznego. Zazwyczaj sk\u0142adaj\u0105 si\u0119 z pompy hydraulicznej, silnika, zbiornika i zawor\u00f3w steruj\u0105cych, kt\u00f3re wsp\u00f3\u0142pracuj\u0105 ze sob\u0105, aby utrzyma\u0107 wymagane ci\u015bnienie i nat\u0119\u017cenie przep\u0142ywu. Koordynacja mi\u0119dzy si\u0142ownikami hydraulicznymi a agregatami ma kluczowe znaczenie; zapewnia p\u0142ynn\u0105 i wydajn\u0105 prac\u0119 ca\u0142ego uk\u0142adu hydraulicznego, zapewniaj\u0105c niezawodne zasilanie i sterowanie dla r\u00f3\u017cnych urz\u0105dze\u0144 in\u017cynieryjnych i mechanicznych.<\/p>\n<p>W FMP rozumiemy wag\u0119 tej synergii i oferujemy szerok\u0105 gam\u0119 agregat\u00f3w hydraulicznych. Dostarczaj\u0105c zar\u00f3wno si\u0142owniki hydrauliczne, jak i agregaty, umo\u017cliwiamy naszym klientom dost\u0119p do kompletnych rozwi\u0105za\u0144 hydraulicznych dostosowanych do ich indywidualnych potrzeb. To kompleksowe podej\u015bcie zwi\u0119ksza wydajno\u015b\u0107 i niezawodno\u015b\u0107 uk\u0142ad\u00f3w hydraulicznych, obs\u0142uguj\u0105c szerok\u0105 gam\u0119 zastosowa\u0144 w r\u00f3\u017cnych bran\u017cach.<\/p>\n<p><img loading=\"lazy\" decoding=\"async\" class=\"alignnone  wp-image-6717\" src=\"https:\/\/fmp-components.com\/wp-content\/uploads\/2025\/03\/hydraulic-cylinder-211.webp\" alt=\"Si\u0142owniki hydrauliczne\" width=\"917\" height=\"919\" title=\"\" srcset=\"https:\/\/fmp-components.com\/wp-content\/uploads\/2025\/03\/hydraulic-cylinder-211.webp 917w, https:\/\/fmp-components.com\/wp-content\/uploads\/2025\/03\/hydraulic-cylinder-211-480x481.webp 480w\" sizes=\"(min-width: 0px) and (max-width: 480px) 480px, (min-width: 481px) 917px, 100vw\" \/><\/p>\n<h3>O FMP<\/h3>\n<p class=\"break-words\">FMP jest wiod\u0105cym w\u0142oskim producentem specjalizuj\u0105cym si\u0119 w projektowaniu, rozwoju i produkcji wysokiej jako\u015bci cylindr\u00f3w hydraulicznych. Dzi\u0119ki bogatemu dziedzictwu zakorzenionemu w dziesi\u0119cioleciach do\u015bwiadczenia, z dum\u0105 \u0142\u0105czymy w\u0142oskie rzemios\u0142o z najnowocze\u015bniejsz\u0105 technologi\u0105, aby dostarcza\u0107 wyj\u0105tkowe rozwi\u0105zania hydrauliczne dostosowane do zr\u00f3\u017cnicowanych potrzeb naszych globalnych klient\u00f3w. Maj\u0105c siedzib\u0119 we W\u0142oszech, w centrum doskona\u0142o\u015bci in\u017cynieryjnej, FMP jest zaufan\u0105 mark\u0105 w bran\u017cy hydraulicznej, zobowi\u0105zan\u0105 do dostarczania niezawodnych, trwa\u0142ych i innowacyjnych produkt\u00f3w, kt\u00f3re wzmacniaj\u0105 firmy na ca\u0142ym \u015bwiecie.<\/p>\n<p class=\"break-words\">Nasza firma integruje najlepsze tradycje zaawansowanej produkcji z przysz\u0142o\u015bciowym podej\u015bciem. Korzystaj\u0105c z wieloletniego do\u015bwiadczenia w systemach hydraulicznych, FMP przekszta\u0142ci\u0142o si\u0119 w nowoczesne przedsi\u0119biorstwo, kt\u00f3re wyr\u00f3\u017cnia si\u0119 w badaniach, projektowaniu i produkcji. Specjalizujemy si\u0119 w szerokiej gamie cylindr\u00f3w hydraulicznych, w tym cylindrach dwustronnego dzia\u0142ania, cylindrach podnosz\u0105cych do samochod\u00f3w, cylindrach do maszyn rolniczych i rozwi\u0105zaniach projektowanych na zam\u00f3wienie do r\u00f3\u017cnych zastosowa\u0144 przemys\u0142owych. Niezale\u017cnie od tego, czy chodzi o budownictwo, instalacje przemys\u0142owe, rolnictwo czy ci\u0119\u017cki sprz\u0119t, nasze cylindry hydrauliczne s\u0105 zbudowane tak, aby dzia\u0142a\u0142y w najtrudniejszych warunkach, zapewniaj\u0105c bezpiecze\u0144stwo, wydajno\u015b\u0107 i d\u0142ugowieczno\u015b\u0107.<\/p>\n<p><img loading=\"lazy\" decoding=\"async\" class=\"alignnone size-full wp-image-6720\" src=\"https:\/\/fmp-components.com\/wp-content\/uploads\/2025\/03\/hydraulic-cylinder-8.webp\" alt=\"Si\u0142owniki hydrauliczne teleskopowe\" width=\"933\" height=\"526\" title=\"\" srcset=\"https:\/\/fmp-components.com\/wp-content\/uploads\/2025\/03\/hydraulic-cylinder-8.webp 933w, https:\/\/fmp-components.com\/wp-content\/uploads\/2025\/03\/hydraulic-cylinder-8-480x271.webp 480w\" sizes=\"(min-width: 0px) and (max-width: 480px) 480px, (min-width: 481px) 933px, 100vw\" \/><\/p>\n<p class=\"break-words\">W FMP jeste\u015bmy dumni z naszych najnowocze\u015bniejszych zak\u0142ad\u00f3w produkcyjnych, wyposa\u017conych w precyzyjne maszyny i zaawansowane systemy testowe. Nasze procesy produkcyjne s\u0105 zgodne z rygorystycznymi normami krajowymi i mi\u0119dzynarodowymi, co zapewnia, \u017ce ka\u017cdy cylinder hydrauliczny opuszczaj\u0105cy nasz\u0105 fabryk\u0119 jest najwy\u017cszej jako\u015bci i niezawodno\u015bci. Nasz wykwalifikowany zesp\u00f3\u0142 techniczny w po\u0142\u0105czeniu z najnowocze\u015bniejszym sprz\u0119tem pozwala nam zachowa\u0107 \u015bcis\u0142\u0105 kontrol\u0119 jako\u015bci na ka\u017cdym etapie produkcji \u2014 od wyboru surowca po ko\u0144cow\u0105 kontrol\u0119. To oddanie doskona\u0142o\u015bci przynios\u0142o nam certyfikaty i uznanie autorytet\u00f3w bran\u017cowych, co dodatkowo umocni\u0142o nasz\u0105 reputacj\u0119 niezawodnego partnera.<\/p>\n<p class=\"break-words\">Nasza misja jest prosta, ale ambitna: dostarcza\u0107 naszym klientom cylindry hydrauliczne, kt\u00f3re przekraczaj\u0105 oczekiwania pod wzgl\u0119dem wydajno\u015bci, trwa\u0142o\u015bci i warto\u015bci. Dzia\u0142amy zgodnie z zasadami profesjonalizmu, uczciwo\u015bci i skupienia na kliencie. Poprzez promowanie kultury innowacji i precyzji nieustannie udoskonalamy nasze produkty, aby utrzyma\u0107 si\u0119 na czele konkurencyjnego rynku. Nasza kompleksowa oferta produkt\u00f3w i zdolno\u015b\u0107 do oferowania dostosowanych rozwi\u0105za\u0144 sprawiaj\u0105, \u017ce jeste\u015bmy pierwszym wyborem dla firm poszukuj\u0105cych wysokowydajnych cylindr\u00f3w hydraulicznych.<\/p>\n<p class=\"break-words\">FMP to co\u015b wi\u0119cej ni\u017c tylko producent \u2014 jeste\u015bmy partnerem w Twoim sukcesie. Rozumiemy, \u017ce nasi klienci polegaj\u0105 na nas, je\u015bli chodzi o dostarczanie narz\u0119dzi, kt\u00f3re zwi\u0119kszaj\u0105 ich produktywno\u015b\u0107 i bezpiecze\u0144stwo. Dlatego te\u017c jeste\u015bmy zobowi\u0105zani do oferowania nie tylko produkt\u00f3w najwy\u017cszej klasy, ale tak\u017ce wyj\u0105tkowej obs\u0142ugi. Od wst\u0119pnych konsultacji po wsparcie posprzeda\u017cowe, \u015bci\u015ble wsp\u00f3\u0142pracujemy z naszymi klientami, aby zapewni\u0107, \u017ce ich potrzeby s\u0105 spe\u0142niane z profesjonalizmem i trosk\u0105. Nasze konkurencyjne ceny w po\u0142\u0105czeniu z naszym niezachwianym zaanga\u017cowaniem w jako\u015b\u0107 sprawiaj\u0105, \u017ce FMP jest m\u0105drym wyborem dla firm, kt\u00f3re chc\u0105 zainwestowa\u0107 w rozwi\u0105zania hydrauliczne, kt\u00f3rym mog\u0105 zaufa\u0107.<\/p>","protected":false},"excerpt":{"rendered":"<p>Factory Price Telescopic Two Stage Multistage Hydraulic Cylinder for Sale Get the best deal with our affordable, top-quality Telescopic Two Stage Multistage Hydraulic Cylinder. This robust hydraulic cylinder is designed with the needs of machinery repair shops, farms, energy and mining industries, and machinery manufacturing in mind. It delivers exceptional performance, ensuring maximum efficiency in [&hellip;]<\/p>","protected":false},"featured_media":6732,"comment_status":"closed","ping_status":"closed","template":"","meta":{"_et_pb_use_builder":"","_et_pb_old_content":"","_et_gb_content_width":""},"product_brand":[],"product_cat":[103],"product_tag":[34,105],"class_list":{"0":"post-6557","1":"product","2":"type-product","3":"status-publish","4":"has-post-thumbnail","6":"product_cat-telescopic-hydraulic-cylinders","7":"product_tag-hydraulic-cylinder","8":"product_tag-telescopic-hydraulic-cylinders","10":"first","11":"instock","12":"product-type-simple"},"_links":{"self":[{"href":"https:\/\/fmp-components.com\/pl\/wp-json\/wp\/v2\/product\/6557","targetHints":{"allow":["GET"]}}],"collection":[{"href":"https:\/\/fmp-components.com\/pl\/wp-json\/wp\/v2\/product"}],"about":[{"href":"https:\/\/fmp-components.com\/pl\/wp-json\/wp\/v2\/types\/product"}],"replies":[{"embeddable":true,"href":"https:\/\/fmp-components.com\/pl\/wp-json\/wp\/v2\/comments?post=6557"}],"wp:featuredmedia":[{"embeddable":true,"href":"https:\/\/fmp-components.com\/pl\/wp-json\/wp\/v2\/media\/6732"}],"wp:attachment":[{"href":"https:\/\/fmp-components.com\/pl\/wp-json\/wp\/v2\/media?parent=6557"}],"wp:term":[{"taxonomy":"product_brand","embeddable":true,"href":"https:\/\/fmp-components.com\/pl\/wp-json\/wp\/v2\/product_brand?post=6557"},{"taxonomy":"product_cat","embeddable":true,"href":"https:\/\/fmp-components.com\/pl\/wp-json\/wp\/v2\/product_cat?post=6557"},{"taxonomy":"product_tag","embeddable":true,"href":"https:\/\/fmp-components.com\/pl\/wp-json\/wp\/v2\/product_tag?post=6557"}],"curies":[{"name":"wp","href":"https:\/\/api.w.org\/{rel}","templated":true}]}}