{"id":6550,"date":"2025-03-11T06:29:39","date_gmt":"2025-03-11T06:29:39","guid":{"rendered":"https:\/\/fmp-components.com\/product\/quality-manufacturing-4-stage-dump-trailer-hydraulic-cylinder"},"modified":"2025-03-18T01:58:46","modified_gmt":"2025-03-18T01:58:46","slug":"quality-manufacturing-4-stage-dump-trailer-hydraulic-cylinder","status":"publish","type":"product","link":"https:\/\/fmp-components.com\/pl\/product\/quality-manufacturing-4-stage-dump-trailer-hydraulic-cylinder\/","title":{"rendered":"Wysokiej jako\u015bci 4-stopniowy si\u0142ownik hydrauliczny do przyczepy wywrotki"},"content":{"rendered":"<h2>Wysokiej jako\u015bci 4-stopniowy si\u0142ownik hydrauliczny do przyczepy wywrotki<\/h2>\n<p>Si\u0142ownik hydrauliczny Quality Manufacturing 4-stopniowy do wywrotek to wysokowydajny, wielostopniowy si\u0142ownik hydrauliczny przeznaczony do ci\u0119\u017ckich zastosowa\u0144. Idealnie nadaje si\u0119 do stosowania w warsztatach naprawczych maszyn, gospodarstwach rolnych, przemy\u015ble energetycznym i g\u00f3rniczym, produkcji maszyn oraz fabrykach.<\/p>\n<h3>Funkcja i znaczenie<\/h3>\n<p>Ten si\u0142ownik hydrauliczny odgrywa kluczow\u0105 rol\u0119 w przekszta\u0142caniu si\u0142y p\u0142yn\u00f3w w liniow\u0105 si\u0142\u0119 i ruch mechaniczny. Zapewnia niezb\u0119dn\u0105 moc do podnoszenia, pchania lub ci\u0105gni\u0119cia ci\u0119\u017ckich \u0142adunk\u00f3w, co czyni go kluczowym elementem r\u00f3\u017cnych maszyn i urz\u0105dze\u0144.<\/p>\n<h3>Specyfikacja produktu<\/h3>\n<table style=\"width: 97.1561%;\" border=\"\">\n<tbody>\n<tr>\n<th style=\"width: 43.5028%;\">Rozmiar otworu<\/th>\n<td style=\"width: 470.056%;\">2-6 cali<\/td>\n<\/tr>\n<tr>\n<th style=\"width: 43.5028%;\">Rozmiar pr\u0119ta<\/th>\n<td style=\"width: 470.056%;\">1,125-4 cale<\/td>\n<\/tr>\n<tr>\n<th style=\"width: 43.5028%;\">Rozmiar poci\u0105gni\u0119cia<\/th>\n<td style=\"width: 470.056%;\">4-100 cali<\/td>\n<\/tr>\n<tr>\n<th style=\"width: 43.5028%;\">Rozmiar szpilki<\/th>\n<td style=\"width: 470.056%;\">0,5-2 cale<\/td>\n<\/tr>\n<tr>\n<th style=\"width: 43.5028%;\">Porty<\/th>\n<td style=\"width: 470.056%;\">G\/SAE\/NPT\/M<\/td>\n<\/tr>\n<\/tbody>\n<\/table>\n<h3>G\u0142\u00f3wne cechy i zalety<\/h3>\n<ul>\n<li>Energooszcz\u0119dny: Zaprojektowany do pracy przy minimalnym zu\u017cyciu energii.<\/li>\n<li>Wysoka wydajno\u015b\u0107: zapewnia maksymaln\u0105 si\u0142\u0119 ci\u0105gu i uci\u0105gu, co przek\u0142ada si\u0119 na znakomit\u0105 wydajno\u015b\u0107.<\/li>\n<li>Bezpiecze\u0144stwo: Wyprodukowano zgodnie z certyfikatem ISO9001:2000, co gwarantuje bezpiecze\u0144stwo i niezawodno\u015b\u0107.<\/li>\n<\/ul>\n<h2>Zrozumienie uk\u0142adu hydraulicznego i zasady dzia\u0142ania<\/h2>\n<p>Si\u0142ownik hydrauliczny dzia\u0142a w oparciu o zasad\u0119 prawa Pascala. Wykorzystuje on p\u0142yn hydrauliczny pod ci\u015bnieniem do wytworzenia ruchu liniowego i si\u0142y. Si\u0142a ta mo\u017ce by\u0107 wykorzystywana do nap\u0119dzania urz\u0105dze\u0144 mechanicznych i wykonywania pracy.<\/p>\n<p><img loading=\"lazy\" decoding=\"async\" class=\"alignnone wp-image-6663\" src=\"https:\/\/fmp-components.com\/wp-content\/uploads\/2025\/03\/telescopic-hydraulic-cylinder-11.webp\" alt=\"si\u0142ownik hydrauliczny teleskopowy\" width=\"932\" height=\"932\" title=\"\" srcset=\"https:\/\/fmp-components.com\/wp-content\/uploads\/2025\/03\/telescopic-hydraulic-cylinder-11.webp 932w, https:\/\/fmp-components.com\/wp-content\/uploads\/2025\/03\/telescopic-hydraulic-cylinder-11-480x480.webp 480w\" sizes=\"(min-width: 0px) and (max-width: 480px) 480px, (min-width: 481px) 932px, 100vw\" \/><\/p>\n<h2>Scenariusze zastosowa\u0144<\/h2>\n<p>Nasze si\u0142owniki hydrauliczne znajduj\u0105 zastosowanie w przyczepach wywrotkach, maszynach budowlanych, maszynach rolniczych i r\u00f3\u017cnych innych urz\u0105dzeniach o du\u017cym ud\u017awigu.<\/p>\n<h2>Si\u0142owniki hydrauliczne i agregaty nap\u0119dowe<\/h2>\n<p>Si\u0142ownik hydrauliczny i zesp\u00f3\u0142 nap\u0119dowy s\u0105 niezb\u0119dnymi elementami uk\u0142adu hydraulicznego. Ich wsp\u00f3lne dzia\u0142anie zapewnia szerokie zastosowanie technologii hydraulicznej w przemy\u015ble, zapewniaj\u0105c niezawodne zasilanie i sterowanie r\u00f3\u017cnorodnym sprz\u0119tem in\u017cynieryjnym i mechanicznym. Si\u0142ownik hydrauliczny, jako element wykonawczy, odpowiada za przekszta\u0142canie energii hydraulicznej w ruch mechaniczny, przekszta\u0142caj\u0105c ci\u015bnienie w si\u0142\u0119. Zesp\u00f3\u0142 nap\u0119dowy stanowi rdze\u0144, kt\u00f3ry dostarcza energi\u0119 i sygna\u0142y steruj\u0105ce wymagane przez uk\u0142ad hydrauliczny. Koordynacja tych dw\u00f3ch element\u00f3w umo\u017cliwia prawid\u0142owe dzia\u0142anie uk\u0142adu hydraulicznego.<\/p>\n<h2>Cz\u0119sto zadawane pytania<\/h2>\n<h3>P: Czy jeste\u015b firm\u0105 handlow\u0105 lub produkcyjn\u0105?<\/h3>\n<p>A: Jeste\u015bmy fabryk\u0105.<\/p>\n<h3>P: Jak d\u0142ugi jest czas dostawy?<\/h3>\n<p>A: Zazwyczaj trwa to 25\u201335 dni.<\/p>\n<h3>P: Czy dostarczacie pr\u00f3bki? Czy s\u0105 darmowe czy dodatkowe?<\/h3>\n<p>O: Tak, mogliby\u015bmy zaoferowa\u0107 pr\u00f3bk\u0119, ale nie jest ona darmowa.<\/p>\n<h3>O FMP<\/h3>\n<p>FMP to czo\u0142owy w\u0142oski producent, znany z projektowania, rozwoju i produkcji wysokiej jako\u015bci cylindr\u00f3w hydraulicznych. Dzi\u0119ki wieloletniemu do\u015bwiadczeniu, \u0142\u0105czymy tradycyjne w\u0142oskie rzemios\u0142o z zaawansowan\u0105 technologi\u0105, aby dostarcza\u0107 wyj\u0105tkowe rozwi\u0105zania hydrauliczne, dopasowane do zr\u00f3\u017cnicowanych potrzeb naszych klient\u00f3w na ca\u0142ym \u015bwiecie. Z siedzib\u0105 we W\u0142oszech, b\u0119d\u0105cym centrum doskona\u0142o\u015bci in\u017cynieryjnej, FMP ugruntowa\u0142a swoj\u0105 pozycj\u0119 zaufanej marki w bran\u017cy hydraulicznej, dostarczaj\u0105c niezawodne, trwa\u0142e i innowacyjne produkty, kt\u00f3re wspieraj\u0105 firmy na ca\u0142ym \u015bwiecie.<\/p>\n<p>\u0141\u0105czymy najlepsze tradycje zaawansowanej produkcji z nowatorskim podej\u015bciem. Czerpi\u0105c z bogatego do\u015bwiadczenia w dziedzinie uk\u0142ad\u00f3w hydraulicznych, FMP przekszta\u0142ci\u0142o si\u0119 w nowoczesne przedsi\u0119biorstwo, kt\u00f3re przoduje w badaniach, projektowaniu i produkcji. Nasza specjalizacja obejmuje szerok\u0105 gam\u0119 si\u0142ownik\u00f3w hydraulicznych, takich jak si\u0142owniki dwustronnego dzia\u0142ania, si\u0142owniki podno\u015bnikowe do samochod\u00f3w, si\u0142owniki do maszyn rolniczych oraz rozwi\u0105zania projektowane na zam\u00f3wienie dla r\u00f3\u017cnych zastosowa\u0144 przemys\u0142owych. Zaprojektowane z my\u015bl\u0105 o pracy w najtrudniejszych warunkach, nasze si\u0142owniki hydrauliczne zapewniaj\u0105 bezpiecze\u0144stwo, wydajno\u015b\u0107 i trwa\u0142o\u015b\u0107 w sektorach takich jak budownictwo, instalacje przemys\u0142owe, rolnictwo i ci\u0119\u017cki sprz\u0119t.<\/p>\n<p>W FMP jeste\u015bmy dumni z naszych najnowocze\u015bniejszych zak\u0142ad\u00f3w produkcyjnych, wyposa\u017conych w precyzyjny park maszynowy i zaawansowane systemy testowe. Nasze procesy produkcyjne spe\u0142niaj\u0105 rygorystyczne normy krajowe i mi\u0119dzynarodowe, gwarantuj\u0105c, \u017ce ka\u017cdy si\u0142ownik hydrauliczny opuszczaj\u0105cy nasz\u0105 fabryk\u0119 spe\u0142nia najwy\u017csze standardy jako\u015bci i niezawodno\u015bci. Nasz wykwalifikowany zesp\u00f3\u0142 techniczny w po\u0142\u0105czeniu z najnowocze\u015bniejszym sprz\u0119tem pozwala nam zachowa\u0107 rygorystyczn\u0105 kontrol\u0119 jako\u015bci na ka\u017cdym etapie produkcji \u2013 od doboru surowc\u00f3w po kontrol\u0119 ko\u0144cow\u0105. To zaanga\u017cowanie w d\u0105\u017cenie do doskona\u0142o\u015bci przynios\u0142o nam certyfikaty i wyr\u00f3\u017cnienia od autorytet\u00f3w bran\u017cowych, co umacnia nasz\u0105 reputacj\u0119 jako niezawodnego partnera.<\/p>\n<p><img loading=\"lazy\" decoding=\"async\" class=\"alignnone size-full wp-image-6720\" src=\"https:\/\/fmp-components.com\/wp-content\/uploads\/2025\/03\/hydraulic-cylinder-8.webp\" alt=\"Si\u0142owniki hydrauliczne teleskopowe\" width=\"933\" height=\"526\" title=\"\" srcset=\"https:\/\/fmp-components.com\/wp-content\/uploads\/2025\/03\/hydraulic-cylinder-8.webp 933w, https:\/\/fmp-components.com\/wp-content\/uploads\/2025\/03\/hydraulic-cylinder-8-480x271.webp 480w\" sizes=\"(min-width: 0px) and (max-width: 480px) 480px, (min-width: 481px) 933px, 100vw\" \/><\/p>\n<p>Nasza misja jest prosta i ambitna: dostarcza\u0107 si\u0142owniki hydrauliczne, kt\u00f3re przewy\u017cszaj\u0105 oczekiwania pod wzgl\u0119dem wydajno\u015bci, trwa\u0142o\u015bci i warto\u015bci. Kieruj\u0105c si\u0119 zasadami profesjonalizmu, uczciwo\u015bci i zorientowania na klienta, piel\u0119gnujemy kultur\u0119 innowacji i precyzji, stale udoskonalaj\u0105c nasze produkty, aby utrzyma\u0107 pozycj\u0119 lidera na konkurencyjnym rynku. Dzi\u0119ki kompleksowej ofercie produkt\u00f3w i mo\u017cliwo\u015bci oferowania rozwi\u0105za\u0144 dostosowanych do indywidualnych potrzeb, jeste\u015bmy preferowanym wyborem dla firm poszukuj\u0105cych wysokowydajnych si\u0142ownik\u00f3w hydraulicznych.<\/p>\n<p>FMP to co\u015b wi\u0119cej ni\u017c tylko producent; jeste\u015bmy partnerem Twojego sukcesu. Zdajemy sobie spraw\u0119, \u017ce nasi klienci polegaj\u0105 na nas, dostarczaj\u0105c narz\u0119dzia zwi\u0119kszaj\u0105ce ich produktywno\u015b\u0107 i bezpiecze\u0144stwo. Dlatego dok\u0142adamy wszelkich stara\u0144, aby dostarcza\u0107 nie tylko produkty najwy\u017cszej jako\u015bci, ale tak\u017ce wyj\u0105tkow\u0105 obs\u0142ug\u0119. Od wst\u0119pnych konsultacji po wsparcie posprzeda\u017cowe, \u015bci\u015ble wsp\u00f3\u0142pracujemy z naszymi klientami, aby zapewni\u0107 im profesjonalne i kompleksowe zaspokojenie ich potrzeb. Nasze konkurencyjne ceny w po\u0142\u0105czeniu z naszym niezmiennym zaanga\u017cowaniem w jako\u015b\u0107 sprawiaj\u0105, \u017ce FMP to m\u0105dry wyb\u00f3r dla firm poszukuj\u0105cych niezawodnych rozwi\u0105za\u0144 hydraulicznych.<\/p>","protected":false},"excerpt":{"rendered":"<p>Quality Manufacturing 4 Stage Dump Trailer Hydraulic Cylinder The Quality Manufacturing 4 Stage Dump Trailer Hydraulic Cylinder is a high-performance, multi-stage hydraulic cylinder designed for heavy-duty applications. It is ideal for use in machinery repair shops, farms, energy and mining industries, machinery manufacturing, and factories. Function and Importance This hydraulic cylinder plays a crucial role [&hellip;]<\/p>","protected":false},"featured_media":6744,"comment_status":"closed","ping_status":"closed","template":"","meta":{"_et_pb_use_builder":"","_et_pb_old_content":"","_et_gb_content_width":""},"product_brand":[],"product_cat":[103],"product_tag":[34,105],"class_list":{"0":"post-6550","1":"product","2":"type-product","3":"status-publish","4":"has-post-thumbnail","6":"product_cat-telescopic-hydraulic-cylinders","7":"product_tag-hydraulic-cylinder","8":"product_tag-telescopic-hydraulic-cylinders","10":"first","11":"instock","12":"product-type-simple"},"_links":{"self":[{"href":"https:\/\/fmp-components.com\/pl\/wp-json\/wp\/v2\/product\/6550","targetHints":{"allow":["GET"]}}],"collection":[{"href":"https:\/\/fmp-components.com\/pl\/wp-json\/wp\/v2\/product"}],"about":[{"href":"https:\/\/fmp-components.com\/pl\/wp-json\/wp\/v2\/types\/product"}],"replies":[{"embeddable":true,"href":"https:\/\/fmp-components.com\/pl\/wp-json\/wp\/v2\/comments?post=6550"}],"wp:featuredmedia":[{"embeddable":true,"href":"https:\/\/fmp-components.com\/pl\/wp-json\/wp\/v2\/media\/6744"}],"wp:attachment":[{"href":"https:\/\/fmp-components.com\/pl\/wp-json\/wp\/v2\/media?parent=6550"}],"wp:term":[{"taxonomy":"product_brand","embeddable":true,"href":"https:\/\/fmp-components.com\/pl\/wp-json\/wp\/v2\/product_brand?post=6550"},{"taxonomy":"product_cat","embeddable":true,"href":"https:\/\/fmp-components.com\/pl\/wp-json\/wp\/v2\/product_cat?post=6550"},{"taxonomy":"product_tag","embeddable":true,"href":"https:\/\/fmp-components.com\/pl\/wp-json\/wp\/v2\/product_tag?post=6550"}],"curies":[{"name":"wp","href":"https:\/\/api.w.org\/{rel}","templated":true}]}}