{"id":6549,"date":"2025-03-11T06:29:39","date_gmt":"2025-03-11T06:29:39","guid":{"rendered":"https:\/\/fmp-components.com\/product\/factory-direct-sale-4-stage-flatbed-tow-truck-hydraulic-cylinder"},"modified":"2025-03-18T01:05:40","modified_gmt":"2025-03-18T01:05:40","slug":"factory-direct-sale-4-stage-flatbed-tow-truck-hydraulic-cylinder","status":"publish","type":"product","link":"https:\/\/fmp-components.com\/pl\/product\/factory-direct-sale-4-stage-flatbed-tow-truck-hydraulic-cylinder\/","title":{"rendered":"Sprzeda\u017c bezpo\u015brednia z fabryki, 4-stopniowy hydrauliczny si\u0142ownik do lawety"},"content":{"rendered":"<h2>Sprzeda\u017c bezpo\u015brednia z fabryki, 4-stopniowy hydrauliczny si\u0142ownik do lawety<\/h2>\n<p>Przedstawiamy 4-stopniowy si\u0142ownik hydrauliczny do lawety, nasz najnowszy produkt na rok 2025. Ten wielostopniowy si\u0142ownik hydrauliczny jest niezb\u0119dnym elementem dla warsztat\u00f3w naprawczych maszyn, gospodarstw rolnych, energetyki i g\u00f3rnictwa, przemys\u0142u maszynowego oraz fabryk maszyn. Wykonany jest z wytrzyma\u0142ej stali, co gwarantuje odporno\u015b\u0107 na intensywne u\u017cytkowanie i trudne warunki.<\/p>\n<h3>G\u0142\u00f3wne cechy i korzy\u015bci<\/h3>\n<ul>\n<li>Standardowa konstrukcja cylindra t\u0142okowego zapewniaj\u0105ca optymaln\u0105 wydajno\u015b\u0107<\/li>\n<li>Si\u0142a hydrauliczna dla wydajnej pracy<\/li>\n<li>Maksymalna si\u0142a ci\u0105gu 3000 i maksymalny uci\u0105g 20 ton<\/li>\n<li>Certyfikat ISO9001:2000 dla zapewnienia jako\u015bci<\/li>\n<li>Wyko\u0144czenie w kolorze czarnym dla profesjonalnego wygl\u0105du<\/li>\n<\/ul>\n<h3>Dane techniczne<\/h3>\n<table style=\"width: 99.9673%;\" border=\"\">\n<tbody>\n<tr>\n<td style=\"width: 42.9379%;\"><i>Rozmiar otworu<\/i><\/td>\n<td style=\"width: 474.011%;\">2-6 cali<\/td>\n<\/tr>\n<tr>\n<td style=\"width: 42.9379%;\"><i>Rozmiar pr\u0119ta<\/i><\/td>\n<td style=\"width: 474.011%;\">1,125-4 cale<\/td>\n<\/tr>\n<tr>\n<td style=\"width: 42.9379%;\"><i>Rozmiar poci\u0105gni\u0119cia<\/i><\/td>\n<td style=\"width: 474.011%;\">4-100 cali<\/td>\n<\/tr>\n<tr>\n<td style=\"width: 42.9379%;\"><i>Rozmiar szpilki<\/i><\/td>\n<td style=\"width: 474.011%;\">0,5-2 cale<\/td>\n<\/tr>\n<tr>\n<td style=\"width: 42.9379%;\"><i>Porty<\/i><\/td>\n<td style=\"width: 474.011%;\">G\/SAE\/NPT\/M<\/td>\n<\/tr>\n<\/tbody>\n<\/table>\n<h2>Zaawansowane systemy hydrauliczne<\/h2>\n<p>Nasz 4-stopniowy si\u0142ownik hydrauliczny do lawety platformowej dzia\u0142a w oparciu o zaawansowane uk\u0142ady hydrauliczne, znane ze swojej mocy, precyzji i wydajno\u015bci. Uk\u0142ad hydrauliczny wykorzystuje moc nie\u015bci\u015bliwej cieczy do generowania si\u0142y i ruchu, zapewniaj\u0105c doskona\u0142\u0105 kontrol\u0119 i bezpiecze\u0144stwo w r\u00f3\u017cnorodnych zastosowaniach.<\/p>\n<p><img loading=\"lazy\" decoding=\"async\" class=\"alignnone wp-image-6665\" src=\"https:\/\/fmp-components.com\/wp-content\/uploads\/2025\/03\/telescopic-hydraulic-cylinder-9.webp\" alt=\"si\u0142ownik hydrauliczny teleskopowy\" width=\"981\" height=\"981\" title=\"\" srcset=\"https:\/\/fmp-components.com\/wp-content\/uploads\/2025\/03\/telescopic-hydraulic-cylinder-9.webp 981w, https:\/\/fmp-components.com\/wp-content\/uploads\/2025\/03\/telescopic-hydraulic-cylinder-9-480x480.webp 480w\" sizes=\"(min-width: 0px) and (max-width: 480px) 480px, (min-width: 481px) 981px, 100vw\" \/><\/p>\n<h2>Zastosowania cylindr\u00f3w hydraulicznych<\/h2>\n<p>Ten si\u0142ownik hydrauliczny jest wszechstronny i mo\u017ce by\u0107 stosowany w r\u00f3\u017cnych ga\u0142\u0119ziach przemys\u0142u, takich jak budownictwo, produkcja i rolnictwo, do zada\u0144 wymagaj\u0105cych du\u017cej mocy i precyzji ruch\u00f3w.<\/p>\n<h2>Si\u0142owniki hydrauliczne i agregaty nap\u0119dowe<\/h2>\n<p>Nasze si\u0142owniki hydrauliczne i agregaty pr\u0105dotw\u00f3rcze stanowi\u0105 integraln\u0105 cz\u0119\u015b\u0107 uk\u0142ad\u00f3w hydraulicznych. Wsp\u00f3\u0142pracuj\u0105 ze sob\u0105, aby zapewni\u0107 szerokie zastosowanie technologii hydraulicznej w przemy\u015ble, zapewniaj\u0105c niezawodne zasilanie i sterowanie dla r\u00f3\u017cnych urz\u0105dze\u0144 in\u017cynieryjnych i mechanicznych.<\/p>\n<h2>Cz\u0119sto zadawane pytania<\/h2>\n<dl>\n<dt>P: Jak d\u0142ugi jest czas dostawy?<\/dt>\n<dd>A: Czas dostawy wynosi zazwyczaj 25\u201335 dni.<\/dd>\n<dt>P: Czy dostarczacie pr\u00f3bki?<\/dt>\n<dd>A: Tak, udost\u0119pniamy pr\u00f3bki, ale nie s\u0105 one darmowe.<\/dd>\n<dt>P: Czy mo\u017cecie produkowa\u0107 na podstawie pr\u00f3bek?<\/dt>\n<dd>A: Tak, mo\u017cemy produkowa\u0107 wed\u0142ug otrzymanych pr\u00f3bek lub rysunk\u00f3w technicznych.<\/dd>\n<\/dl>\n<h3>O FMP<\/h3>\n<p>FMP to czo\u0142owy w\u0142oski producent, znany z projektowania, rozwoju i produkcji wysokiej jako\u015bci cylindr\u00f3w hydraulicznych. Dzi\u0119ki wieloletniemu do\u015bwiadczeniu, \u0142\u0105czymy tradycyjne w\u0142oskie rzemios\u0142o z zaawansowan\u0105 technologi\u0105, aby dostarcza\u0107 wyj\u0105tkowe rozwi\u0105zania hydrauliczne, dopasowane do zr\u00f3\u017cnicowanych potrzeb naszych klient\u00f3w na ca\u0142ym \u015bwiecie. Z siedzib\u0105 we W\u0142oszech, b\u0119d\u0105cym centrum doskona\u0142o\u015bci in\u017cynieryjnej, FMP ugruntowa\u0142a swoj\u0105 pozycj\u0119 zaufanej marki w bran\u017cy hydraulicznej, dostarczaj\u0105c niezawodne, trwa\u0142e i innowacyjne produkty, kt\u00f3re wspieraj\u0105 firmy na ca\u0142ym \u015bwiecie.<\/p>\n<p>\u0141\u0105czymy najlepsze tradycje zaawansowanej produkcji z nowatorskim podej\u015bciem. Czerpi\u0105c z bogatego do\u015bwiadczenia w dziedzinie uk\u0142ad\u00f3w hydraulicznych, FMP przekszta\u0142ci\u0142o si\u0119 w nowoczesne przedsi\u0119biorstwo, kt\u00f3re przoduje w badaniach, projektowaniu i produkcji. Nasza specjalizacja obejmuje szerok\u0105 gam\u0119 si\u0142ownik\u00f3w hydraulicznych, takich jak si\u0142owniki dwustronnego dzia\u0142ania, si\u0142owniki podno\u015bnikowe do samochod\u00f3w, si\u0142owniki do maszyn rolniczych oraz rozwi\u0105zania projektowane na zam\u00f3wienie dla r\u00f3\u017cnych zastosowa\u0144 przemys\u0142owych. Zaprojektowane z my\u015bl\u0105 o pracy w najtrudniejszych warunkach, nasze si\u0142owniki hydrauliczne zapewniaj\u0105 bezpiecze\u0144stwo, wydajno\u015b\u0107 i trwa\u0142o\u015b\u0107 w sektorach takich jak budownictwo, instalacje przemys\u0142owe, rolnictwo i ci\u0119\u017cki sprz\u0119t.<\/p>\n<p>W FMP jeste\u015bmy dumni z naszych najnowocze\u015bniejszych zak\u0142ad\u00f3w produkcyjnych, wyposa\u017conych w precyzyjny park maszynowy i zaawansowane systemy testowe. Nasze procesy produkcyjne spe\u0142niaj\u0105 rygorystyczne normy krajowe i mi\u0119dzynarodowe, gwarantuj\u0105c, \u017ce ka\u017cdy si\u0142ownik hydrauliczny opuszczaj\u0105cy nasz\u0105 fabryk\u0119 spe\u0142nia najwy\u017csze standardy jako\u015bci i niezawodno\u015bci. Nasz wykwalifikowany zesp\u00f3\u0142 techniczny w po\u0142\u0105czeniu z najnowocze\u015bniejszym sprz\u0119tem pozwala nam zachowa\u0107 rygorystyczn\u0105 kontrol\u0119 jako\u015bci na ka\u017cdym etapie produkcji \u2013 od doboru surowc\u00f3w po kontrol\u0119 ko\u0144cow\u0105. To zaanga\u017cowanie w d\u0105\u017cenie do doskona\u0142o\u015bci przynios\u0142o nam certyfikaty i wyr\u00f3\u017cnienia od autorytet\u00f3w bran\u017cowych, co umacnia nasz\u0105 reputacj\u0119 jako niezawodnego partnera.<\/p>\n<p><img loading=\"lazy\" decoding=\"async\" class=\"alignnone size-full wp-image-6720\" src=\"https:\/\/fmp-components.com\/wp-content\/uploads\/2025\/03\/hydraulic-cylinder-8.webp\" alt=\"Si\u0142owniki hydrauliczne teleskopowe\" width=\"933\" height=\"526\" title=\"\" srcset=\"https:\/\/fmp-components.com\/wp-content\/uploads\/2025\/03\/hydraulic-cylinder-8.webp 933w, https:\/\/fmp-components.com\/wp-content\/uploads\/2025\/03\/hydraulic-cylinder-8-480x271.webp 480w\" sizes=\"(min-width: 0px) and (max-width: 480px) 480px, (min-width: 481px) 933px, 100vw\" \/><\/p>\n<p>Nasza misja jest prosta i ambitna: dostarcza\u0107 si\u0142owniki hydrauliczne, kt\u00f3re przewy\u017cszaj\u0105 oczekiwania pod wzgl\u0119dem wydajno\u015bci, trwa\u0142o\u015bci i warto\u015bci. Kieruj\u0105c si\u0119 zasadami profesjonalizmu, uczciwo\u015bci i zorientowania na klienta, piel\u0119gnujemy kultur\u0119 innowacji i precyzji, stale udoskonalaj\u0105c nasze produkty, aby utrzyma\u0107 pozycj\u0119 lidera na konkurencyjnym rynku. Dzi\u0119ki kompleksowej ofercie produkt\u00f3w i mo\u017cliwo\u015bci oferowania rozwi\u0105za\u0144 dostosowanych do indywidualnych potrzeb, jeste\u015bmy preferowanym wyborem dla firm poszukuj\u0105cych wysokowydajnych si\u0142ownik\u00f3w hydraulicznych.<\/p>\n<p>FMP to co\u015b wi\u0119cej ni\u017c tylko producent; jeste\u015bmy partnerem Twojego sukcesu. Zdajemy sobie spraw\u0119, \u017ce nasi klienci polegaj\u0105 na nas, dostarczaj\u0105c narz\u0119dzia zwi\u0119kszaj\u0105ce ich produktywno\u015b\u0107 i bezpiecze\u0144stwo. Dlatego dok\u0142adamy wszelkich stara\u0144, aby dostarcza\u0107 nie tylko produkty najwy\u017cszej jako\u015bci, ale tak\u017ce wyj\u0105tkow\u0105 obs\u0142ug\u0119. Od wst\u0119pnych konsultacji po wsparcie posprzeda\u017cowe, \u015bci\u015ble wsp\u00f3\u0142pracujemy z naszymi klientami, aby zapewni\u0107 im profesjonalne i kompleksowe zaspokojenie ich potrzeb. Nasze konkurencyjne ceny w po\u0142\u0105czeniu z naszym niezmiennym zaanga\u017cowaniem w jako\u015b\u0107 sprawiaj\u0105, \u017ce FMP to m\u0105dry wyb\u00f3r dla firm poszukuj\u0105cych niezawodnych rozwi\u0105za\u0144 hydraulicznych.<\/p>","protected":false},"excerpt":{"rendered":"<p>Factory Direct Sale 4 Stage Flatbed Tow Truck Hydraulic Cylinder Introducing the 4 Stage Flatbed Tow Truck hydraulic cylinder, our newest product for 2025. This multistage hydraulic cylinder is an essential component for machinery repair shops, farms, energy &amp; mining, machinery manufacturing, and machinery factories. It&#8217;s made of durable steel, ensuring it can withstand heavy [&hellip;]<\/p>","protected":false},"featured_media":6742,"comment_status":"closed","ping_status":"closed","template":"","meta":{"_et_pb_use_builder":"","_et_pb_old_content":"","_et_gb_content_width":""},"product_brand":[],"product_cat":[103],"product_tag":[34,105],"class_list":{"0":"post-6549","1":"product","2":"type-product","3":"status-publish","4":"has-post-thumbnail","6":"product_cat-telescopic-hydraulic-cylinders","7":"product_tag-hydraulic-cylinder","8":"product_tag-telescopic-hydraulic-cylinders","10":"first","11":"instock","12":"product-type-simple"},"_links":{"self":[{"href":"https:\/\/fmp-components.com\/pl\/wp-json\/wp\/v2\/product\/6549","targetHints":{"allow":["GET"]}}],"collection":[{"href":"https:\/\/fmp-components.com\/pl\/wp-json\/wp\/v2\/product"}],"about":[{"href":"https:\/\/fmp-components.com\/pl\/wp-json\/wp\/v2\/types\/product"}],"replies":[{"embeddable":true,"href":"https:\/\/fmp-components.com\/pl\/wp-json\/wp\/v2\/comments?post=6549"}],"wp:featuredmedia":[{"embeddable":true,"href":"https:\/\/fmp-components.com\/pl\/wp-json\/wp\/v2\/media\/6742"}],"wp:attachment":[{"href":"https:\/\/fmp-components.com\/pl\/wp-json\/wp\/v2\/media?parent=6549"}],"wp:term":[{"taxonomy":"product_brand","embeddable":true,"href":"https:\/\/fmp-components.com\/pl\/wp-json\/wp\/v2\/product_brand?post=6549"},{"taxonomy":"product_cat","embeddable":true,"href":"https:\/\/fmp-components.com\/pl\/wp-json\/wp\/v2\/product_cat?post=6549"},{"taxonomy":"product_tag","embeddable":true,"href":"https:\/\/fmp-components.com\/pl\/wp-json\/wp\/v2\/product_tag?post=6549"}],"curies":[{"name":"wp","href":"https:\/\/api.w.org\/{rel}","templated":true}]}}