{"id":6548,"date":"2025-03-11T06:29:39","date_gmt":"2025-03-11T06:29:39","guid":{"rendered":"https:\/\/fmp-components.com\/product\/manufacturer-supplier-20-ton-hydraulic-telescopic-cylinder-for-sale"},"modified":"2025-03-12T06:24:11","modified_gmt":"2025-03-12T06:24:11","slug":"manufacturer-supplier-20-ton-hydraulic-telescopic-cylinder-for-sale","status":"publish","type":"product","link":"https:\/\/fmp-components.com\/pl\/product\/manufacturer-supplier-20-ton-hydraulic-telescopic-cylinder-for-sale\/","title":{"rendered":"Producent Dostawca 20-tonowy hydrauliczny si\u0142ownik teleskopowy na sprzeda\u017c"},"content":{"rendered":"<h2>Producent Dostawca 20-tonowy hydrauliczny si\u0142ownik teleskopowy na sprzeda\u017c<\/h2>\n<p>Przekonaj si\u0119 o mocy i wydajno\u015bci naszego 20-tonowego hydraulicznego si\u0142ownika teleskopowego, najwy\u017cszej jako\u015bci produktu firmy FMP. Ten wielostopniowy si\u0142ownik hydrauliczny jest nowy i wykonany zgodnie ze standardami, zapewniaj\u0105c niezawodn\u0105 i solidn\u0105 prac\u0119 w przypadku wszystkich ci\u0119\u017ckich zada\u0144.<\/p>\n<p><img loading=\"lazy\" decoding=\"async\" class=\"alignnone  wp-image-6661\" src=\"https:\/\/fmp-components.com\/wp-content\/uploads\/2025\/03\/telescopic-hydraulic-cylinder-10.webp\" alt=\"si\u0142ownik hydrauliczny teleskopowy\" width=\"888\" height=\"888\" title=\"\" srcset=\"https:\/\/fmp-components.com\/wp-content\/uploads\/2025\/03\/telescopic-hydraulic-cylinder-10.webp 888w, https:\/\/fmp-components.com\/wp-content\/uploads\/2025\/03\/telescopic-hydraulic-cylinder-10-480x480.webp 480w\" sizes=\"(min-width: 0px) and (max-width: 480px) 480px, (min-width: 481px) 888px, 100vw\" \/><\/p>\n<h3>Funkcje i funkcjonalno\u015b\u0107<\/h3>\n<p>Hydrauliczny si\u0142ownik teleskopowy charakteryzuje si\u0119 maksymaln\u0105 si\u0142\u0105 ci\u0105gu 3000 i uci\u0105giem 20 ton. Wykonany jest z wytrzyma\u0142ej stali i dzia\u0142a hydraulicznie. Si\u0142ownik nadaje si\u0119 do r\u00f3\u017cnych ga\u0142\u0119zi przemys\u0142u, w tym warsztat\u00f3w naprawczych maszyn, gospodarstw rolnych, energetyki i g\u00f3rnictwa, produkcji maszyn oraz fabryk maszyn.<\/p>\n<h3>Specyfikacja produktu<\/h3>\n<table style=\"width: 100.077%;\" border=\"\">\n<tbody>\n<tr>\n<td style=\"width: 42.9379%;\"><i>Rozmiar otworu<\/i><\/td>\n<td style=\"width: 474.576%;\">2-6 cali<\/td>\n<\/tr>\n<tr>\n<td style=\"width: 42.9379%;\"><i>Rozmiar pr\u0119ta<\/i><\/td>\n<td style=\"width: 474.576%;\">1,125-4 cale<\/td>\n<\/tr>\n<tr>\n<td style=\"width: 42.9379%;\"><i>Rozmiar poci\u0105gni\u0119cia<\/i><\/td>\n<td style=\"width: 474.576%;\">4-100 cali<\/td>\n<\/tr>\n<tr>\n<td style=\"width: 42.9379%;\"><i>Rozmiar szpilki<\/i><\/td>\n<td style=\"width: 474.576%;\">0,5-2 cale<\/td>\n<\/tr>\n<tr>\n<td style=\"width: 42.9379%;\"><i>Porty<\/i><\/td>\n<td style=\"width: 474.576%;\">G\/SAE\/NPT\/M<\/td>\n<\/tr>\n<\/tbody>\n<\/table>\n<h3>Kluczowe korzy\u015bci<\/h3>\n<ul>\n<li>Energooszcz\u0119dno\u015b\u0107: Si\u0142ownik hydrauliczny pracuje wydajnie, zapewniaj\u0105c maksymaln\u0105 wydajno\u015b\u0107 przy minimalnym zu\u017cyciu energii.<\/li>\n<li>Wysoka wydajno\u015b\u0107: Ten cylinder o maksymalnej sile ci\u0105gu 3000 i uci\u0105gu 20 ton jest przeznaczony do zada\u0144 wymagaj\u0105cych wysokiej wydajno\u015bci.<\/li>\n<li>Bezpiecze\u0144stwo: Zaprojektowany z my\u015bl\u0105 o bezpiecze\u0144stwie, si\u0142ownik hydrauliczny jest wykonany z trwa\u0142ych materia\u0142\u00f3w, kt\u00f3re wytrzymuj\u0105 wysokie ci\u015bnienie.<\/li>\n<\/ul>\n<h2>Uk\u0142ad hydrauliczny i zasada dzia\u0142ania<\/h2>\n<p>Hydrauliczny si\u0142ownik teleskopowy dzia\u0142a poprzez efektywne przekszta\u0142canie energii hydraulicznej w ruch mechaniczny. Proces rozpoczyna si\u0119 od spr\u0119\u017cenia p\u0142ynu hydraulicznego przez pomp\u0119, co generuje znaczn\u0105 si\u0142\u0119. Ten spr\u0119\u017cony p\u0142yn jest nast\u0119pnie kierowany do cylindra teleskopowego, gdzie oddzia\u0142uje na t\u0142ok(i) znajduj\u0105cy(e) si\u0119 w \u015brodku. Gdy p\u0142yn hydrauliczny wp\u0142ywa do cylindra, wytwarza ci\u015bnienie, kt\u00f3re wyd\u0142u\u017ca jego wewn\u0119trzne sekcje, umo\u017cliwiaj\u0105c znaczny ruch liniowy. Ta unikalna konstrukcja umo\u017cliwia si\u0142ownikowi hydraulicznemu osi\u0105gni\u0119cie imponuj\u0105cych d\u0142ugo\u015bci wysuwania przy jednoczesnym zachowaniu kompaktowych rozmiar\u00f3w po zsuni\u0119ciu.<\/p>\n<p>Mo\u017cliwo\u015b\u0107 przekszta\u0142cania energii hydraulicznej w ruch mechaniczny sprawia, \u017ce \u200b\u200bcylindry teleskopowe s\u0105 niezb\u0119dne w r\u00f3\u017cnych zastosowaniach. Si\u0142a generowana przez spr\u0119\u017cony p\u0142yn mo\u017ce by\u0107 precyzyjnie kontrolowana, co pozwala operatorom na p\u0142ynne i precyzyjne ruchy. Ta mo\u017cliwo\u015b\u0107 jest kluczowa w zastosowaniach, w kt\u00f3rych wymagane jest precyzyjne pozycjonowanie i du\u017ca si\u0142a podnoszenia, co sprawia, \u017ce \u200b\u200bhydrauliczne cylindry teleskopowe stanowi\u0105 istotny element nowoczesnych maszyn i urz\u0105dze\u0144.<\/p>\n<h3>Zastosowanie cylindra hydraulicznego<\/h3>\n<p>Si\u0142ownik hydrauliczny znajduje szerokie zastosowanie w wielu bran\u017cach, w tym w produkcji i naprawie maszyn, rolnictwie, energetyce i g\u00f3rnictwie. W produkcji i naprawie maszyn u\u0142atwia podnoszenie i pozycjonowanie ci\u0119\u017ckiego sprz\u0119tu, usprawniaj\u0105c prace konserwacyjne i zwi\u0119kszaj\u0105c og\u00f3ln\u0105 wydajno\u015b\u0107 operacyjn\u0105. Jego solidna konstrukcja gwarantuje odporno\u015b\u0107 na trudne warunki typowe dla tego typu \u015brodowisk.<\/p>\n<p>W sektorze rolniczym si\u0142owniki hydrauliczne s\u0105 niezb\u0119dne do obs\u0142ugi r\u00f3\u017cnego rodzaju maszyn, takich jak ci\u0105gniki i \u0142adowarki. Umo\u017cliwiaj\u0105 one takie czynno\u015bci, jak podnoszenie, przechylanie i wysypywanie materia\u0142\u00f3w, znacz\u0105co poprawiaj\u0105c produktywno\u015b\u0107 i wydajno\u015b\u0107 w gospodarstwach rolnych. Mo\u017cliwo\u015b\u0107 precyzyjnego wykonywania tych zada\u0144 ma kluczowe znaczenie dla optymalizacji dzia\u0142alno\u015bci rolniczej i zapewnienia terminowej realizacji zada\u0144.<\/p>\n<p>W przemy\u015ble energetycznym i g\u00f3rniczym cylindry hydrauliczne odgrywaj\u0105 kluczow\u0105 rol\u0119 w zastosowaniach takich jak wiercenie, wykopy i prze\u0142adunek materia\u0142\u00f3w. Ich zdolno\u015b\u0107 do generowania znacznej si\u0142y sprawia, \u017ce \u200b\u200bdoskonale sprawdzaj\u0105 si\u0119 w rygorystycznych wymaganiach tych sektor\u00f3w, w kt\u00f3rych niezawodno\u015b\u0107 i wydajno\u015b\u0107 s\u0105 priorytetem. Niezale\u017cnie od tego, czy chodzi o podnoszenie ci\u0119\u017ckich \u0142adunk\u00f3w, czy sterowanie maszynami, cylindry hydrauliczne zapewniaj\u0105 moc i precyzj\u0119 niezb\u0119dn\u0105 do sprostania wyzwaniom bran\u017cy.<\/p>\n<h2>Si\u0142owniki hydrauliczne i agregaty nap\u0119dowe<\/h2>\n<p>Si\u0142owniki hydrauliczne i agregaty pr\u0105dotw\u00f3rcze s\u0105 integralnymi elementami uk\u0142ad\u00f3w hydraulicznych, wsp\u00f3\u0142pracuj\u0105c ze sob\u0105, aby zapewni\u0107 efektywne zastosowanie technologii hydraulicznej w zastosowaniach przemys\u0142owych. Si\u0142ownik hydrauliczny pe\u0142ni funkcj\u0119 si\u0142ownika, przekszta\u0142caj\u0105c energi\u0119 hydrauliczn\u0105 w ruch mechaniczny, natomiast agregat pr\u0105dotw\u00f3rczy stanowi \u017ar\u00f3d\u0142o energii, generuj\u0105c ci\u015bnienie i przep\u0142yw niezb\u0119dne do dzia\u0142ania uk\u0142adu.<\/p>\n<p>Ta funkcja wsp\u00f3\u0142pracy jest niezb\u0119dna do zapewnienia niezawodnego zasilania i sterowania dla r\u00f3\u017cnych urz\u0105dze\u0144 in\u017cynieryjnych i mechanicznych. Zesp\u00f3\u0142 nap\u0119dowy zazwyczaj sk\u0142ada si\u0119 z pompy hydraulicznej, silnika, zbiornika i zawor\u00f3w steruj\u0105cych, kt\u00f3re wsp\u00f3\u0142pracuj\u0105 ze sob\u0105, aby utrzyma\u0107 optymalne ci\u015bnienie i nat\u0119\u017cenie przep\u0142ywu. Zapewniaj\u0105c dop\u0142yw odpowiedniej ilo\u015bci p\u0142ynu pod ci\u015bnieniem do cylindr\u00f3w hydraulicznych, zesp\u00f3\u0142 nap\u0119dowy poprawia og\u00f3ln\u0105 wydajno\u015b\u0107 i sprawno\u015b\u0107 uk\u0142adu hydraulicznego.<\/p>\n<p>W FMP rozumiemy wag\u0119 tej synergii i oferujemy szerok\u0105 gam\u0119 agregat\u00f3w. Nasze rozwi\u0105zania zosta\u0142y zaprojektowane tak, aby spe\u0142ni\u0107 wszystkie potrzeby w zakresie uk\u0142ad\u00f3w hydraulicznych, umo\u017cliwiaj\u0105c osi\u0105gni\u0119cie optymalnej wydajno\u015bci w Pa\u0144stwa zastosowaniach. Dbaj\u0105c o jako\u015b\u0107 i niezawodno\u015b\u0107, zapewniamy, \u017ce nasze si\u0142owniki hydrauliczne i agregaty wsp\u00f3\u0142pracuj\u0105 ze sob\u0105 bezproblemowo, zapewniaj\u0105c wydajno\u015b\u0107 i efektywno\u015b\u0107 wymagan\u0105 w Pa\u0144stwa dzia\u0142alno\u015bci.<\/p>\n<p><img loading=\"lazy\" decoding=\"async\" class=\"alignnone  wp-image-6662\" src=\"https:\/\/fmp-components.com\/wp-content\/uploads\/2025\/03\/telescopic-hydraulic-cylinder-4.webp\" alt=\"si\u0142ownik hydrauliczny teleskopowy\" width=\"999\" height=\"999\" title=\"\" srcset=\"https:\/\/fmp-components.com\/wp-content\/uploads\/2025\/03\/telescopic-hydraulic-cylinder-4.webp 999w, https:\/\/fmp-components.com\/wp-content\/uploads\/2025\/03\/telescopic-hydraulic-cylinder-4-480x480.webp 480w\" sizes=\"(min-width: 0px) and (max-width: 480px) 480px, (min-width: 481px) 999px, 100vw\" \/><\/p>\n<h2>Cz\u0119sto zadawane pytania<\/h2>\n<p><span>P: Czy jeste\u015b firm\u0105 handlow\u0105 lub produkcyjn\u0105?<\/span><br \/>\n<span>A: Jeste\u015bmy producentem.<\/span><br \/>\n<span>P: Jak d\u0142ugi jest czas dostawy?<\/span><br \/>\n<span>A: Zazwyczaj jest to 25\u201335 dni.<\/span><br \/>\n<span>P: Czy dostarczacie pr\u00f3bki? Czy s\u0105 darmowe czy dodatkowe?<\/span><br \/>\n<span>O: Tak, mogliby\u015bmy zaoferowa\u0107 pr\u00f3bk\u0119, ale nie jest ona darmowa.<\/span>&#8221;<\/p>\n<h3>O FMP<\/h3>\n<p>FMP to czo\u0142owy w\u0142oski producent, znany z projektowania, rozwoju i produkcji wysokiej jako\u015bci cylindr\u00f3w hydraulicznych. Dzi\u0119ki wieloletniemu do\u015bwiadczeniu, \u0142\u0105czymy tradycyjne w\u0142oskie rzemios\u0142o z zaawansowan\u0105 technologi\u0105, aby dostarcza\u0107 wyj\u0105tkowe rozwi\u0105zania hydrauliczne, dopasowane do zr\u00f3\u017cnicowanych potrzeb naszych klient\u00f3w na ca\u0142ym \u015bwiecie. Z siedzib\u0105 we W\u0142oszech, b\u0119d\u0105cym centrum doskona\u0142o\u015bci in\u017cynieryjnej, FMP ugruntowa\u0142a swoj\u0105 pozycj\u0119 zaufanej marki w bran\u017cy hydraulicznej, dostarczaj\u0105c niezawodne, trwa\u0142e i innowacyjne produkty, kt\u00f3re wspieraj\u0105 firmy na ca\u0142ym \u015bwiecie.<\/p>\n<p>\u0141\u0105czymy najlepsze tradycje zaawansowanej produkcji z nowatorskim podej\u015bciem. Czerpi\u0105c z bogatego do\u015bwiadczenia w dziedzinie uk\u0142ad\u00f3w hydraulicznych, FMP przekszta\u0142ci\u0142o si\u0119 w nowoczesne przedsi\u0119biorstwo, kt\u00f3re przoduje w badaniach, projektowaniu i produkcji. Nasza specjalizacja obejmuje szerok\u0105 gam\u0119 si\u0142ownik\u00f3w hydraulicznych, takich jak si\u0142owniki dwustronnego dzia\u0142ania, si\u0142owniki podno\u015bnikowe do samochod\u00f3w, si\u0142owniki do maszyn rolniczych oraz rozwi\u0105zania projektowane na zam\u00f3wienie dla r\u00f3\u017cnych zastosowa\u0144 przemys\u0142owych. Zaprojektowane z my\u015bl\u0105 o pracy w najtrudniejszych warunkach, nasze si\u0142owniki hydrauliczne zapewniaj\u0105 bezpiecze\u0144stwo, wydajno\u015b\u0107 i trwa\u0142o\u015b\u0107 w sektorach takich jak budownictwo, instalacje przemys\u0142owe, rolnictwo i ci\u0119\u017cki sprz\u0119t.<\/p>\n<p>W FMP jeste\u015bmy dumni z naszych najnowocze\u015bniejszych zak\u0142ad\u00f3w produkcyjnych, wyposa\u017conych w precyzyjny park maszynowy i zaawansowane systemy testowe. Nasze procesy produkcyjne spe\u0142niaj\u0105 rygorystyczne normy krajowe i mi\u0119dzynarodowe, gwarantuj\u0105c, \u017ce ka\u017cdy si\u0142ownik hydrauliczny opuszczaj\u0105cy nasz\u0105 fabryk\u0119 spe\u0142nia najwy\u017csze standardy jako\u015bci i niezawodno\u015bci. Nasz wykwalifikowany zesp\u00f3\u0142 techniczny w po\u0142\u0105czeniu z najnowocze\u015bniejszym sprz\u0119tem pozwala nam zachowa\u0107 rygorystyczn\u0105 kontrol\u0119 jako\u015bci na ka\u017cdym etapie produkcji \u2013 od doboru surowc\u00f3w po kontrol\u0119 ko\u0144cow\u0105. To zaanga\u017cowanie w d\u0105\u017cenie do doskona\u0142o\u015bci przynios\u0142o nam certyfikaty i wyr\u00f3\u017cnienia od autorytet\u00f3w bran\u017cowych, co umacnia nasz\u0105 reputacj\u0119 jako niezawodnego partnera.<\/p>\n<p><img loading=\"lazy\" decoding=\"async\" class=\"alignnone size-full wp-image-6720\" src=\"https:\/\/fmp-components.com\/wp-content\/uploads\/2025\/03\/hydraulic-cylinder-8.webp\" alt=\"Si\u0142owniki hydrauliczne teleskopowe\" width=\"933\" height=\"526\" title=\"\" srcset=\"https:\/\/fmp-components.com\/wp-content\/uploads\/2025\/03\/hydraulic-cylinder-8.webp 933w, https:\/\/fmp-components.com\/wp-content\/uploads\/2025\/03\/hydraulic-cylinder-8-480x271.webp 480w\" sizes=\"(min-width: 0px) and (max-width: 480px) 480px, (min-width: 481px) 933px, 100vw\" \/><\/p>\n<p>Nasza misja jest prosta i ambitna: dostarcza\u0107 si\u0142owniki hydrauliczne, kt\u00f3re przewy\u017cszaj\u0105 oczekiwania pod wzgl\u0119dem wydajno\u015bci, trwa\u0142o\u015bci i warto\u015bci. Kieruj\u0105c si\u0119 zasadami profesjonalizmu, uczciwo\u015bci i zorientowania na klienta, piel\u0119gnujemy kultur\u0119 innowacji i precyzji, stale udoskonalaj\u0105c nasze produkty, aby utrzyma\u0107 pozycj\u0119 lidera na konkurencyjnym rynku. Dzi\u0119ki kompleksowej ofercie produkt\u00f3w i mo\u017cliwo\u015bci oferowania rozwi\u0105za\u0144 dostosowanych do indywidualnych potrzeb, jeste\u015bmy preferowanym wyborem dla firm poszukuj\u0105cych wysokowydajnych si\u0142ownik\u00f3w hydraulicznych.<\/p>\n<p>FMP to co\u015b wi\u0119cej ni\u017c tylko producent; jeste\u015bmy partnerem Twojego sukcesu. Zdajemy sobie spraw\u0119, \u017ce nasi klienci polegaj\u0105 na nas, dostarczaj\u0105c narz\u0119dzia zwi\u0119kszaj\u0105ce ich produktywno\u015b\u0107 i bezpiecze\u0144stwo. Dlatego dok\u0142adamy wszelkich stara\u0144, aby dostarcza\u0107 nie tylko produkty najwy\u017cszej jako\u015bci, ale tak\u017ce wyj\u0105tkow\u0105 obs\u0142ug\u0119. Od wst\u0119pnych konsultacji po wsparcie posprzeda\u017cowe, \u015bci\u015ble wsp\u00f3\u0142pracujemy z naszymi klientami, aby zapewni\u0107 im profesjonalne i kompleksowe zaspokojenie ich potrzeb. Nasze konkurencyjne ceny w po\u0142\u0105czeniu z naszym niezmiennym zaanga\u017cowaniem w jako\u015b\u0107 sprawiaj\u0105, \u017ce FMP to m\u0105dry wyb\u00f3r dla firm poszukuj\u0105cych niezawodnych rozwi\u0105za\u0144 hydraulicznych.<\/p>","protected":false},"excerpt":{"rendered":"<p>Manufacturer Supplier 20 Ton Hydraulic Telescopic Cylinder for Sale Experience the power and efficiency of our 20 Ton Hydraulic Telescopic Cylinder, a top-notch product From FMP. This multistage hydraulic cylinder is new and built to standard, ensuring reliable and robust performance for all your heavy-duty needs. Features and Functionality The hydraulic telescopic cylinder boasts of [&hellip;]<\/p>","protected":false},"featured_media":6740,"comment_status":"closed","ping_status":"closed","template":"","meta":{"_et_pb_use_builder":"","_et_pb_old_content":"","_et_gb_content_width":""},"product_brand":[],"product_cat":[103],"product_tag":[34,105],"class_list":{"0":"post-6548","1":"product","2":"type-product","3":"status-publish","4":"has-post-thumbnail","6":"product_cat-telescopic-hydraulic-cylinders","7":"product_tag-hydraulic-cylinder","8":"product_tag-telescopic-hydraulic-cylinders","10":"first","11":"instock","12":"product-type-simple"},"_links":{"self":[{"href":"https:\/\/fmp-components.com\/pl\/wp-json\/wp\/v2\/product\/6548","targetHints":{"allow":["GET"]}}],"collection":[{"href":"https:\/\/fmp-components.com\/pl\/wp-json\/wp\/v2\/product"}],"about":[{"href":"https:\/\/fmp-components.com\/pl\/wp-json\/wp\/v2\/types\/product"}],"replies":[{"embeddable":true,"href":"https:\/\/fmp-components.com\/pl\/wp-json\/wp\/v2\/comments?post=6548"}],"wp:featuredmedia":[{"embeddable":true,"href":"https:\/\/fmp-components.com\/pl\/wp-json\/wp\/v2\/media\/6740"}],"wp:attachment":[{"href":"https:\/\/fmp-components.com\/pl\/wp-json\/wp\/v2\/media?parent=6548"}],"wp:term":[{"taxonomy":"product_brand","embeddable":true,"href":"https:\/\/fmp-components.com\/pl\/wp-json\/wp\/v2\/product_brand?post=6548"},{"taxonomy":"product_cat","embeddable":true,"href":"https:\/\/fmp-components.com\/pl\/wp-json\/wp\/v2\/product_cat?post=6548"},{"taxonomy":"product_tag","embeddable":true,"href":"https:\/\/fmp-components.com\/pl\/wp-json\/wp\/v2\/product_tag?post=6548"}],"curies":[{"name":"wp","href":"https:\/\/api.w.org\/{rel}","templated":true}]}}