{"id":6546,"date":"2025-03-11T06:28:19","date_gmt":"2025-03-11T06:28:19","guid":{"rendered":"https:\/\/fmp-components.com\/product\/professional-5-stage-multi-stage-telescopic-hydraulic-cylinder"},"modified":"2025-03-12T02:00:00","modified_gmt":"2025-03-12T02:00:00","slug":"professional-5-stage-multi-stage-telescopic-hydraulic-cylinder","status":"publish","type":"product","link":"https:\/\/fmp-components.com\/pl\/product\/professional-5-stage-multi-stage-telescopic-hydraulic-cylinder\/","title":{"rendered":"Profesjonalny 5-stopniowy wielostopniowy teleskopowy si\u0142ownik hydrauliczny"},"content":{"rendered":"<h2>Profesjonalny 5-stopniowy wielostopniowy teleskopowy si\u0142ownik hydrauliczny<\/h2>\n<p>Przedstawiamy nasz najwy\u017cszej klasy, profesjonalny, 5-stopniowy, wielostopniowy teleskopowy si\u0142ownik hydrauliczny. Ten najnowocze\u015bniejszy si\u0142ownik hydrauliczny zosta\u0142 zaprojektowany do szerokiego zastosowania w r\u00f3\u017cnych bran\u017cach, w tym w warsztatach naprawczych maszyn, rolnictwie, energetyce i g\u00f3rnictwie oraz przemy\u015ble wytw\u00f3rczym. To kluczowy element znany z wyj\u0105tkowej funkcjonalno\u015bci, trwa\u0142o\u015bci i wydajno\u015bci.<\/p>\n<h2>Specyfikacja produktu<\/h2>\n<table style=\"width: 102.74%;\" border=\"\">\n<tbody>\n<tr>\n<th style=\"width: 42.9185%;\">Nazwa produktu<\/th>\n<td style=\"width: 357.94%;\">Cylinder teleskopowy<\/td>\n<\/tr>\n<tr>\n<th style=\"width: 42.9185%;\">Orzecznictwo<\/th>\n<td style=\"width: 357.94%;\">Certyfikat ISO9001:2000<\/td>\n<\/tr>\n<tr>\n<th style=\"width: 42.9185%;\">Rozmiar otworu<\/th>\n<td style=\"width: 357.94%;\">2-6 cali<\/td>\n<\/tr>\n<tr>\n<th style=\"width: 42.9185%;\">Rozmiar pr\u0119ta<\/th>\n<td style=\"width: 357.94%;\">1,125-4 cale<\/td>\n<\/tr>\n<tr>\n<th style=\"width: 42.9185%;\">Rozmiar poci\u0105gni\u0119cia<\/th>\n<td style=\"width: 357.94%;\">4-100 cali<\/td>\n<\/tr>\n<tr>\n<th style=\"width: 42.9185%;\">Rozmiar szpilki<\/th>\n<td style=\"width: 357.94%;\">0,5-2 cale<\/td>\n<\/tr>\n<tr>\n<th style=\"width: 42.9185%;\">Porty<\/th>\n<td style=\"width: 357.94%;\">G\/SAE\/NPT\/M<\/td>\n<\/tr>\n<\/tbody>\n<\/table>\n<h2>Cechy charakterystyczne i korzy\u015bci<\/h2>\n<ul>\n<li>Energooszcz\u0119dno\u015b\u0107: Zmniejszone zu\u017cycie energii.<\/li>\n<li>Wysoka wydajno\u015b\u0107: zapewnia p\u0142ynne i wydajne dzia\u0142anie.<\/li>\n<li>Bezpiecze\u0144stwo: Zaprojektowano z my\u015bl\u0105 o bezpiecze\u0144stwie u\u017cytkownika.<\/li>\n<\/ul>\n<h2>Zrozumienie uk\u0142ad\u00f3w hydraulicznych i zasady ich dzia\u0142ania<\/h2>\n<p>Uk\u0142ady hydrauliczne dzia\u0142aj\u0105 w oparciu o fundamentaln\u0105 zasad\u0119 ci\u015bnienia cieczy, kt\u00f3ra g\u0142osi, \u017ce zmiana ci\u015bnienia w dowolnym punkcie zamkni\u0119tej cieczy jest przenoszona bez zmian do wszystkich pozosta\u0142ych punkt\u00f3w cieczy. Ta fundamentalna zasada le\u017cy u podstaw dzia\u0142ania cylindr\u00f3w hydraulicznych, kt\u00f3re pe\u0142ni\u0105 funkcj\u0119 si\u0142ownik\u00f3w przekszta\u0142caj\u0105cych energi\u0119 hydrauliczn\u0105 w energi\u0119 mechaniczn\u0105. Wykorzystuj\u0105c moc cieczy pod ci\u015bnieniem, uk\u0142ady hydrauliczne zapewniaj\u0105 wysoce wydajne rozwi\u0105zanie do wykonywania szerokiego zakresu zada\u0144, od podnoszenia ci\u0119\u017ckich \u0142adunk\u00f3w po precyzyjne ruchy w r\u00f3\u017cnych zastosowaniach przemys\u0142owych.<\/p>\n<p><img loading=\"lazy\" decoding=\"async\" class=\"alignnone  wp-image-6661\" src=\"https:\/\/fmp-components.com\/wp-content\/uploads\/2025\/03\/telescopic-hydraulic-cylinder-10.webp\" alt=\"si\u0142ownik hydrauliczny teleskopowy\" width=\"896\" height=\"896\" title=\"\" srcset=\"https:\/\/fmp-components.com\/wp-content\/uploads\/2025\/03\/telescopic-hydraulic-cylinder-10.webp 896w, https:\/\/fmp-components.com\/wp-content\/uploads\/2025\/03\/telescopic-hydraulic-cylinder-10-480x480.webp 480w\" sizes=\"(min-width: 0px) and (max-width: 480px) 480px, (min-width: 481px) 896px, 100vw\" \/><\/p>\n<p>Wydajno\u015b\u0107 uk\u0142ad\u00f3w hydraulicznych w du\u017cej mierze wynika z nie\u015bci\u015bliwo\u015bci stosowanego p\u0142ynu. Pod wp\u0142ywem ci\u015bnienia p\u0142yn hydrauliczny przemieszcza si\u0119 w uk\u0142adzie, wytwarzaj\u0105c si\u0142\u0119, kt\u00f3r\u0105 mo\u017cna skierowa\u0107 do wykonania okre\u015blonych czynno\u015bci. To p\u0142ynne przenoszenie ci\u015bnienia umo\u017cliwia szybkie i dynamiczne ruchy, dzi\u0119ki czemu uk\u0142ady hydrauliczne s\u0105 szczeg\u00f3lnie skuteczne w zadaniach wymagaj\u0105cych du\u017cej si\u0142y przy minimalnym wysi\u0142ku fizycznym. Mo\u017cliwo\u015b\u0107 kontrolowania i manipulowania tym ci\u015bnieniem umo\u017cliwia cylindrom hydraulicznym prac\u0119 z tak du\u017c\u0105 precyzj\u0105 i niezawodno\u015bci\u0105.<\/p>\n<h2>Si\u0142owniki hydrauliczne i agregaty nap\u0119dowe<\/h2>\n<p>Si\u0142owniki hydrauliczne i agregaty pr\u0105dotw\u00f3rcze s\u0105 niezb\u0119dnymi elementami uk\u0142ad\u00f3w hydraulicznych. Ich synergia ma kluczowe znaczenie dla powszechnego zastosowania technologii hydraulicznej w przemy\u015ble, zapewniaj\u0105c niezawodne zasilanie i sterowanie r\u00f3\u017cnorodnym sprz\u0119tem in\u017cynieryjnym i mechanicznym.<\/p>\n<p>Si\u0142ownik hydrauliczny pe\u0142ni funkcj\u0119 si\u0142ownika, kt\u00f3ry odpowiada za przekszta\u0142canie energii hydraulicznej w ruch mechaniczny. Osi\u0105ga to poprzez przekszta\u0142canie ci\u015bnienia w si\u0142\u0119, umo\u017cliwiaj\u0105c si\u0142ownikowi podnoszenie, pchanie lub ci\u0105gni\u0119cie obiekt\u00f3w z niezwyk\u0142\u0105 wydajno\u015bci\u0105. Konstrukcja si\u0142ownika pozwala na zr\u00f3\u017cnicowanie d\u0142ugo\u015bci skoku i si\u0142y wyj\u015bciowej, dzi\u0119ki czemu mo\u017cna go dostosowa\u0107 do wielu zastosowa\u0144, od maszyn budowlanych po podno\u015bniki samochodowe.<\/p>\n<p>Z drugiej strony, jednostka nap\u0119dowa stanowi serce uk\u0142adu hydraulicznego. Generuje ona energi\u0119 potrzebn\u0105 do nap\u0119dzania p\u0142ynu hydraulicznego w uk\u0142adzie i dostarcza sygna\u0142y steruj\u0105ce niezb\u0119dne do jego dzia\u0142ania. Jednostka nap\u0119dowa, sk\u0142adaj\u0105ca si\u0119 zazwyczaj z silnika, pompy, zbiornika i zawor\u00f3w steruj\u0105cych, jest niezb\u0119dna do utrzymania sta\u0142ego ci\u015bnienia i nat\u0119\u017cenia przep\u0142ywu w uk\u0142adzie hydraulicznym. Koordynacja mi\u0119dzy si\u0142ownikiem hydraulicznym a jednostk\u0105 nap\u0119dow\u0105 jest kluczowa; tylko dzi\u0119ki ich harmonijnej pracy uk\u0142ad hydrauliczny mo\u017ce dzia\u0142a\u0107 efektywnie i niezawodnie.<\/p>\n<p><img loading=\"lazy\" decoding=\"async\" class=\"alignnone  wp-image-6662\" src=\"https:\/\/fmp-components.com\/wp-content\/uploads\/2025\/03\/telescopic-hydraulic-cylinder-4.webp\" alt=\"si\u0142ownik hydrauliczny teleskopowy\" width=\"907\" height=\"907\" title=\"\" srcset=\"https:\/\/fmp-components.com\/wp-content\/uploads\/2025\/03\/telescopic-hydraulic-cylinder-4.webp 907w, https:\/\/fmp-components.com\/wp-content\/uploads\/2025\/03\/telescopic-hydraulic-cylinder-4-480x480.webp 480w\" sizes=\"(min-width: 0px) and (max-width: 480px) 480px, (min-width: 481px) 907px, 100vw\" \/><\/p>\n<p>W FMP zdajemy sobie spraw\u0119 z wagi tych komponent\u00f3w w zastosowaniach hydraulicznych i z dum\u0105 oferujemy wysokiej jako\u015bci agregaty hydrauliczne. Dostarczaj\u0105c zar\u00f3wno si\u0142owniki hydrauliczne, jak i agregaty, zapewniamy naszym klientom dost\u0119p do wszystkich niezb\u0119dnych element\u00f3w do tworzenia wydajnych i efektywnych uk\u0142ad\u00f3w hydraulicznych. To kompleksowe podej\u015bcie pozwala nam wspiera\u0107 szeroki wachlarz bran\u017c, umo\u017cliwiaj\u0105c firmom zwi\u0119kszenie ich mo\u017cliwo\u015bci operacyjnych dzi\u0119ki niezawodnym rozwi\u0105zaniom hydraulicznym.<\/p>\n<h2>Cz\u0119sto zadawane pytania<\/h2>\n<dl>\n<dt>P: Czy jeste\u015b firm\u0105 handlow\u0105 lub produkcyjn\u0105?<\/dt>\n<dd>A: Jeste\u015bmy fabryk\u0105.<\/dd>\n<dt>P: Jak d\u0142ugi jest czas dostawy?<\/dt>\n<dd>A: Zazwyczaj trwa to 25\u201335 dni.<\/dd>\n<dt>P: Czy udost\u0119pniacie pr\u00f3bki? Czy s\u0105 one bezp\u0142atne, czy dodatkowo p\u0142atne?<\/dt>\n<dd>O: Tak, mogliby\u015bmy zaoferowa\u0107 pr\u00f3bk\u0119, ale nie jest ona darmowa.<\/dd>\n<\/dl>\n<h3>O FMP<\/h3>\n<p>FMP to wiod\u0105cy w\u0142oski producent specjalizuj\u0105cy si\u0119 w projektowaniu, rozwoju i produkcji najwy\u017cszej jako\u015bci cylindr\u00f3w hydraulicznych. Dzi\u0119ki bogatemu do\u015bwiadczeniu i wieloletniemu do\u015bwiadczeniu, doskonale \u0142\u0105czymy w\u0142oskie rzemios\u0142o z najnowocze\u015bniejsz\u0105 technologi\u0105, oferuj\u0105c wyj\u0105tkowe rozwi\u0105zania hydrauliczne dopasowane do zr\u00f3\u017cnicowanych potrzeb naszych klient\u00f3w na ca\u0142ym \u015bwiecie. Z siedzib\u0105 we W\u0142oszech \u2013 epicentrum doskona\u0142o\u015bci in\u017cynieryjnej \u2013 FMP ugruntowa\u0142a swoj\u0105 pozycj\u0119 zaufanej marki w bran\u017cy hydraulicznej, dostarczaj\u0105c niezawodne, trwa\u0142e i innowacyjne produkty, kt\u00f3re wspieraj\u0105 firmy na ca\u0142ym \u015bwiecie.<\/p>\n<p>Nasza firma \u0142\u0105czy zaawansowane tradycje produkcyjne z nowatorskim podej\u015bciem. Wykorzystuj\u0105c bogate do\u015bwiadczenie w dziedzinie uk\u0142ad\u00f3w hydraulicznych, FMP przekszta\u0142ci\u0142a si\u0119 w nowoczesne przedsi\u0119biorstwo, kt\u00f3re przoduje w badaniach, projektowaniu i produkcji. Oferujemy szeroki asortyment si\u0142ownik\u00f3w hydraulicznych, w tym si\u0142owniki dwustronnego dzia\u0142ania, si\u0142owniki podnosz\u0105ce do samochod\u00f3w, si\u0142owniki do maszyn rolniczych oraz rozwi\u0105zania projektowane na zam\u00f3wienie dla r\u00f3\u017cnych zastosowa\u0144 przemys\u0142owych. Niezale\u017cnie od sektora \u2013 czy to budownictwo, instalacje przemys\u0142owe, rolnictwo, czy ci\u0119\u017cki sprz\u0119t \u2013 nasze si\u0142owniki hydrauliczne s\u0105 projektowane tak, aby dzia\u0142a\u0142y w najbardziej wymagaj\u0105cych warunkach, zapewniaj\u0105c bezpiecze\u0144stwo, wydajno\u015b\u0107 i trwa\u0142o\u015b\u0107.<\/p>\n<p><img loading=\"lazy\" decoding=\"async\" class=\"alignnone size-full wp-image-6720\" src=\"https:\/\/fmp-components.com\/wp-content\/uploads\/2025\/03\/hydraulic-cylinder-8.webp\" alt=\"Si\u0142owniki hydrauliczne teleskopowe\" width=\"933\" height=\"526\" title=\"\" srcset=\"https:\/\/fmp-components.com\/wp-content\/uploads\/2025\/03\/hydraulic-cylinder-8.webp 933w, https:\/\/fmp-components.com\/wp-content\/uploads\/2025\/03\/hydraulic-cylinder-8-480x271.webp 480w\" sizes=\"(min-width: 0px) and (max-width: 480px) 480px, (min-width: 481px) 933px, 100vw\" \/><\/p>\n<p>W FMP jeste\u015bmy dumni z naszych najnowocze\u015bniejszych zak\u0142ad\u00f3w produkcyjnych, wyposa\u017conych w precyzyjny park maszynowy i zaawansowane systemy testowe. Nasze procesy produkcyjne spe\u0142niaj\u0105 rygorystyczne normy krajowe i mi\u0119dzynarodowe, gwarantuj\u0105c najwy\u017csz\u0105 jako\u015b\u0107 i niezawodno\u015b\u0107 ka\u017cdego produkowanego cylindra hydraulicznego. Nasz wykwalifikowany zesp\u00f3\u0142 techniczny w po\u0142\u0105czeniu z najnowocze\u015bniejszym sprz\u0119tem pozwala nam zachowa\u0107 rygorystyczn\u0105 kontrol\u0119 jako\u015bci na ka\u017cdym etapie produkcji \u2013 od doboru surowc\u00f3w po kontrol\u0119 ko\u0144cow\u0105. To d\u0105\u017cenie do doskona\u0142o\u015bci przynios\u0142o nam certyfikaty i uznanie autorytet\u00f3w bran\u017cowych, co dodatkowo umacnia nasz\u0105 reputacj\u0119 niezawodnego partnera.<\/p>\n<p>Nasza misja jest prosta i ambitna: dostarcza\u0107 klientom si\u0142owniki hydrauliczne, kt\u00f3re przewy\u017cszaj\u0105 oczekiwania pod wzgl\u0119dem wydajno\u015bci, trwa\u0142o\u015bci i warto\u015bci. Dzia\u0142amy zgodnie z podstawowymi zasadami profesjonalizmu, uczciwo\u015bci i zorientowania na klienta. Piel\u0119gnuj\u0105c kultur\u0119 innowacyjno\u015bci i precyzji, stale udoskonalamy nasze produkty, aby utrzyma\u0107 pozycj\u0119 lidera na konkurencyjnym rynku. Nasza szeroka gama produkt\u00f3w i mo\u017cliwo\u015b\u0107 oferowania rozwi\u0105za\u0144 dostosowanych do indywidualnych potrzeb sprawiaj\u0105, \u017ce jeste\u015bmy preferowanym wyborem dla firm poszukuj\u0105cych wysokowydajnych si\u0142ownik\u00f3w hydraulicznych.<\/p>\n<p>FMP to co\u015b wi\u0119cej ni\u017c tylko producent; jeste\u015bmy partnerem Twojego sukcesu. Rozumiemy, \u017ce nasi klienci polegaj\u0105 na nas, dostarczaj\u0105c narz\u0119dzia zwi\u0119kszaj\u0105ce produktywno\u015b\u0107 i bezpiecze\u0144stwo. Dlatego dok\u0142adamy wszelkich stara\u0144, aby dostarcza\u0107 nie tylko produkty najwy\u017cszej jako\u015bci, ale tak\u017ce oferowa\u0107 wyj\u0105tkow\u0105 obs\u0142ug\u0119. Od wst\u0119pnych konsultacji po wsparcie posprzeda\u017cowe, \u015bci\u015ble wsp\u00f3\u0142pracujemy z naszymi klientami, aby zapewni\u0107 im profesjonalne i kompleksowe zaspokojenie ich potrzeb. Nasze konkurencyjne ceny w po\u0142\u0105czeniu z naszym niezmiennym zaanga\u017cowaniem w jako\u015b\u0107 sprawiaj\u0105, \u017ce FMP to m\u0105dry wyb\u00f3r dla firm poszukuj\u0105cych niezawodnych rozwi\u0105za\u0144 hydraulicznych.<\/p>","protected":false},"excerpt":{"rendered":"<p>Professional 5 Stage Multi Stage Telescopic Hydraulic Cylinder Introducing our top-tier Professional 5 Stage Multi Stage Telescopic Hydraulic Cylinder. This state-of-the-art hydraulic cylinder is designed for extensive use across various industries, including machinery repair shops, farms, energy and mining, and manufacturing. It&#8217;s a crucial component known for its exceptional functionality, durability, and efficiency. Product Specifications [&hellip;]<\/p>","protected":false},"featured_media":6697,"comment_status":"closed","ping_status":"closed","template":"","meta":{"_et_pb_use_builder":"","_et_pb_old_content":"","_et_gb_content_width":""},"product_brand":[],"product_cat":[103],"product_tag":[34,105],"class_list":{"0":"post-6546","1":"product","2":"type-product","3":"status-publish","4":"has-post-thumbnail","6":"product_cat-telescopic-hydraulic-cylinders","7":"product_tag-hydraulic-cylinder","8":"product_tag-telescopic-hydraulic-cylinders","10":"first","11":"instock","12":"product-type-simple"},"_links":{"self":[{"href":"https:\/\/fmp-components.com\/pl\/wp-json\/wp\/v2\/product\/6546","targetHints":{"allow":["GET"]}}],"collection":[{"href":"https:\/\/fmp-components.com\/pl\/wp-json\/wp\/v2\/product"}],"about":[{"href":"https:\/\/fmp-components.com\/pl\/wp-json\/wp\/v2\/types\/product"}],"replies":[{"embeddable":true,"href":"https:\/\/fmp-components.com\/pl\/wp-json\/wp\/v2\/comments?post=6546"}],"wp:featuredmedia":[{"embeddable":true,"href":"https:\/\/fmp-components.com\/pl\/wp-json\/wp\/v2\/media\/6697"}],"wp:attachment":[{"href":"https:\/\/fmp-components.com\/pl\/wp-json\/wp\/v2\/media?parent=6546"}],"wp:term":[{"taxonomy":"product_brand","embeddable":true,"href":"https:\/\/fmp-components.com\/pl\/wp-json\/wp\/v2\/product_brand?post=6546"},{"taxonomy":"product_cat","embeddable":true,"href":"https:\/\/fmp-components.com\/pl\/wp-json\/wp\/v2\/product_cat?post=6546"},{"taxonomy":"product_tag","embeddable":true,"href":"https:\/\/fmp-components.com\/pl\/wp-json\/wp\/v2\/product_tag?post=6546"}],"curies":[{"name":"wp","href":"https:\/\/api.w.org\/{rel}","templated":true}]}}