{"id":6545,"date":"2025-03-11T06:28:19","date_gmt":"2025-03-11T06:28:19","guid":{"rendered":"https:\/\/fmp-components.com\/product\/chinese-factory-dump-truck-hydraulic-cylinders-multistage-hydraulic-cylinder-for-sale"},"modified":"2025-03-18T02:11:48","modified_gmt":"2025-03-18T02:11:48","slug":"italian-factory-dump-truck-hydraulic-cylinders-multistage-hydraulic-cylinder-for-sale","status":"publish","type":"product","link":"https:\/\/fmp-components.com\/pl\/product\/italian-factory-dump-truck-hydraulic-cylinders-multistage-hydraulic-cylinder-for-sale\/","title":{"rendered":"W\u0142oskie cylindry hydrauliczne do wywrotek fabrycznych, wielostopniowe cylindry hydrauliczne na sprzeda\u017c"},"content":{"rendered":"<h2>W\u0142oskie cylindry hydrauliczne do wywrotek fabrycznych, wielostopniowe cylindry hydrauliczne na sprzeda\u017c<\/h2>\n<p>Przedstawiamy Pa\u0144stwu nasz najwy\u017cszej klasy, w\u0142oski, fabryczny, wielostopniowy si\u0142ownik hydrauliczny do wywrotek. Nasz, starannie zaprojektowany i wszechstronny si\u0142ownik hydrauliczny zosta\u0142 zaprojektowany, aby sprosta\u0107 wysokim wymaganiom r\u00f3\u017cnych bran\u017c.<\/p>\n<h3>Cechy i funkcje<\/h3>\n<p>Nasz wielostopniowy si\u0142ownik hydrauliczny odgrywa niezast\u0105pion\u0105 rol\u0119 w warsztatach naprawczych maszyn, gospodarstwach rolnych, sektorach energetycznym i g\u00f3rniczym, produkcji maszyn oraz fabrykach maszyn. Jest to standardowy si\u0142ownik t\u0142okowy nap\u0119dzany hydraulicznie, zapewniaj\u0105cy p\u0142ynn\u0105 i wydajn\u0105 prac\u0119.<\/p>\n<p><img loading=\"lazy\" decoding=\"async\" class=\"alignnone wp-image-6658\" src=\"https:\/\/fmp-components.com\/wp-content\/uploads\/2025\/03\/telescopic-hydraulic-cylinder-6.webp\" alt=\"si\u0142ownik hydrauliczny teleskopowy\" width=\"929\" height=\"929\" title=\"\" srcset=\"https:\/\/fmp-components.com\/wp-content\/uploads\/2025\/03\/telescopic-hydraulic-cylinder-6.webp 929w, https:\/\/fmp-components.com\/wp-content\/uploads\/2025\/03\/telescopic-hydraulic-cylinder-6-480x480.webp 480w\" sizes=\"(min-width: 0px) and (max-width: 480px) 480px, (min-width: 481px) 929px, 100vw\" \/><\/p>\n<h3>Dane techniczne<\/h3>\n<p>Nasz si\u0142ownik hydrauliczny charakteryzuje si\u0119 nast\u0119puj\u0105cymi cechami:<\/p>\n<table style=\"width: 101.731%; height: 112px;\" border=\"\">\n<tbody>\n<tr>\n<td colspan=\"\" rowspan=\"\"><i>Rozmiar otworu<\/i><\/td>\n<td colspan=\"\" rowspan=\"\">2-6 cali<\/td>\n<\/tr>\n<tr>\n<td colspan=\"\" rowspan=\"\"><i>Rozmiar pr\u0119ta<\/i><\/td>\n<td colspan=\"\" rowspan=\"\">1,125-4 cale<\/td>\n<\/tr>\n<tr>\n<td colspan=\"\" rowspan=\"\"><i>Rozmiar poci\u0105gni\u0119cia<\/i><\/td>\n<td colspan=\"\" rowspan=\"\">4-100 cali<\/td>\n<\/tr>\n<tr>\n<td colspan=\"\" rowspan=\"\"><i>Rozmiar szpilki<\/i><\/td>\n<td colspan=\"\" rowspan=\"\">0,5-2 cale<\/td>\n<\/tr>\n<tr>\n<td colspan=\"\" rowspan=\"\"><i>Porty<\/i><\/td>\n<td colspan=\"\" rowspan=\"\">G\/SAE\/NPT\/M<\/td>\n<\/tr>\n<\/tbody>\n<\/table>\n<h2>Unikalne zalety<\/h2>\n<h3>Energooszcz\u0119dny<\/h3>\n<p>Nasze si\u0142owniki hydrauliczne zosta\u0142y zaprojektowane z my\u015bl\u0105 o efektywno\u015bci energetycznej. Maksymalnie wykorzystuj\u0105 one p\u0142yn hydrauliczny, generuj\u0105c znaczn\u0105 si\u0142\u0119, jednocze\u015bnie minimalizuj\u0105c zu\u017cycie energii. To nie tylko obni\u017ca koszty operacyjne, ale tak\u017ce przyczynia si\u0119 do zr\u00f3wnowa\u017conego rozwoju \u015brodowiska poprzez zmniejszenie \u015bladu w\u0119glowego zwi\u0105zanego z dzia\u0142alno\u015bci\u0105 przemys\u0142ow\u0105. Dzi\u0119ki optymalizacji zu\u017cycia energii, nasze si\u0142owniki pozwalaj\u0105 firmom osi\u0105ga\u0107 swoje cele operacyjne bez zb\u0119dnych odpad\u00f3w.<\/p>\n<h3>Wysoka wydajno\u015b\u0107<\/h3>\n<p>Opr\u00f3cz energooszcz\u0119dno\u015bci, nasze si\u0142owniki hydrauliczne zosta\u0142y zaprojektowane z my\u015bl\u0105 o wysokiej wydajno\u015bci. Charakteryzuj\u0105 si\u0119 kr\u00f3tkim czasem reakcji i precyzyjn\u0105 kontrol\u0105, co pozwala na p\u0142ynn\u0105 i efektywn\u0105 prac\u0119 w szerokim zakresie zastosowa\u0144. Ta wydajno\u015b\u0107 przek\u0142ada si\u0119 na wzrost produktywno\u015bci, poniewa\u017c zadania mo\u017cna wykonywa\u0107 szybciej i z wi\u0119ksz\u0105 dok\u0142adno\u015bci\u0105. Nasze si\u0142owniki hydrauliczne s\u0105 zaprojektowane tak, aby sprosta\u0107 wymagaj\u0105cym warunkom, zapewniaj\u0105c niezawodn\u0105 prac\u0119 nawet w najtrudniejszych warunkach.<\/p>\n<h3>Bezpieczny i niezawodny<\/h3>\n<p>Bezpiecze\u0144stwo i niezawodno\u015b\u0107 s\u0105 priorytetem w zastosowaniach przemys\u0142owych, a nasze si\u0142owniki hydrauliczne zosta\u0142y zaprojektowane tak, aby spe\u0142nia\u0107 te krytyczne standardy. S\u0105 one wykonane z wysokiej jako\u015bci materia\u0142\u00f3w i zaawansowanych technik in\u017cynieryjnych, co zapewnia ich trwa\u0142o\u015b\u0107 i d\u0142ugowieczno\u015b\u0107. Dodatkowo, ka\u017cdy si\u0142ownik przechodzi rygorystyczne testy, aby zagwarantowa\u0107, \u017ce wytrzymuje wysokie ci\u015bnienia i du\u017ce obci\u0105\u017cenia bez awarii. To zaanga\u017cowanie w bezpiecze\u0144stwo oznacza, \u017ce \u200b\u200bnasi klienci mog\u0105 obs\u0142ugiwa\u0107 swoje maszyny z pewno\u015bci\u0105, maj\u0105c pewno\u015b\u0107, \u017ce nasze rozwi\u0105zania hydrauliczne b\u0119d\u0105 dzia\u0142a\u0107 niezawodnie.<\/p>\n<p><img loading=\"lazy\" decoding=\"async\" class=\"alignnone wp-image-6657\" src=\"https:\/\/fmp-components.com\/wp-content\/uploads\/2025\/03\/telescopic-hydraulic-cylinder-3.webp\" alt=\"si\u0142ownik hydrauliczny teleskopowy\" width=\"904\" height=\"904\" title=\"\" srcset=\"https:\/\/fmp-components.com\/wp-content\/uploads\/2025\/03\/telescopic-hydraulic-cylinder-3.webp 904w, https:\/\/fmp-components.com\/wp-content\/uploads\/2025\/03\/telescopic-hydraulic-cylinder-3-480x480.webp 480w\" sizes=\"(min-width: 0px) and (max-width: 480px) 480px, (min-width: 481px) 904px, 100vw\" \/><\/p>\n<h2>Uk\u0142ad hydrauliczny i zasada dzia\u0142ania<\/h2>\n<p>Nasz si\u0142ownik hydrauliczny dzia\u0142a zgodnie z zasad\u0105 prawa Pascala, kt\u00f3ra g\u0142osi, \u017ce ka\u017cda zmiana ci\u015bnienia w punkcie zamkni\u0119tego, nie\u015bci\u015bliwego p\u0142ynu jest r\u00f3wnomiernie rozprowadzana w ca\u0142ym p\u0142ynie. Ta fundamentalna zasada umo\u017cliwia si\u0142ownikowi hydraulicznemu generowanie ruchu liniowego i si\u0142y. Pod wp\u0142ywem ci\u015bnienia p\u0142yn hydrauliczny wytwarza si\u0142\u0119, kt\u00f3ra porusza t\u0142ok wewn\u0105trz cylindra, przekszta\u0142caj\u0105c energi\u0119 hydrauliczn\u0105 w ruch mechaniczny. Ta wydajna konwersja umo\u017cliwia wykonywanie ruch\u00f3w podnoszenia i pchania z du\u017c\u0105 si\u0142\u0105, dzi\u0119ki czemu uk\u0142ady hydrauliczne znajduj\u0105 szerokie zastosowanie w r\u00f3\u017cnych ga\u0142\u0119ziach przemys\u0142u.<\/p>\n<h2>Si\u0142owniki hydrauliczne i agregaty nap\u0119dowe<\/h2>\n<p>Si\u0142owniki hydrauliczne i agregaty pr\u0105dotw\u00f3rcze s\u0105 integralnymi elementami ka\u017cdego uk\u0142adu hydraulicznego. Ich synergia jest niezb\u0119dna do powszechnego stosowania technologii hydraulicznej w ca\u0142ym sektorze przemys\u0142owym, zapewniaj\u0105c niezawodne zasilanie i sterowanie r\u00f3\u017cnorodnym sprz\u0119tem in\u017cynieryjnym i mechanicznym.<\/p>\n<p>Si\u0142ownik hydrauliczny pe\u0142ni funkcj\u0119 si\u0142ownika, odpowiedzialnego za przekszta\u0142canie energii hydraulicznej w ruch mechaniczny. Jest on przeznaczony do wykonywania r\u00f3\u017cnorodnych zada\u0144, od podnoszenia ci\u0119\u017ckich \u0142adunk\u00f3w po precyzyjne ruchy maszyn. Z drugiej strony, jednostka nap\u0119dowa stanowi serce uk\u0142adu hydraulicznego, generuj\u0105c energi\u0119 niezb\u0119dn\u0105 do nap\u0119dzania p\u0142ynu hydraulicznego i zapewniaj\u0105c wydajn\u0105 prac\u0119 uk\u0142adu.<\/p>\n<p>W FMP zdajemy sobie spraw\u0119 z wagi tych komponent\u00f3w i z dum\u0105 oferujemy wysokiej jako\u015bci agregaty pr\u0105dotw\u00f3rcze. Dostarczaj\u0105c zar\u00f3wno si\u0142owniki hydrauliczne, jak i agregaty, umo\u017cliwiamy naszym klientom tworzenie w pe\u0142ni zintegrowanych system\u00f3w hydraulicznych, kt\u00f3re zwi\u0119kszaj\u0105 mo\u017cliwo\u015bci operacyjne. To kompleksowe podej\u015bcie pozwala firmom wykorzysta\u0107 zalety technologii hydraulicznej, zapewniaj\u0105c wydajno\u015b\u0107, bezpiecze\u0144stwo i wydajno\u015b\u0107 w ich dzia\u0142alno\u015bci.<\/p>\n<p><img loading=\"lazy\" decoding=\"async\" class=\"alignnone wp-image-6656\" src=\"https:\/\/fmp-components.com\/wp-content\/uploads\/2025\/03\/telescopic-hydraulic-cylinder-5.webp\" alt=\"si\u0142ownik hydrauliczny teleskopowy\" width=\"895\" height=\"895\" title=\"\" srcset=\"https:\/\/fmp-components.com\/wp-content\/uploads\/2025\/03\/telescopic-hydraulic-cylinder-5.webp 895w, https:\/\/fmp-components.com\/wp-content\/uploads\/2025\/03\/telescopic-hydraulic-cylinder-5-480x480.webp 480w\" sizes=\"(min-width: 0px) and (max-width: 480px) 480px, (min-width: 481px) 895px, 100vw\" \/><\/p>\n<h2>Cz\u0119sto zadawane pytania<\/h2>\n<p>P: Czy jeste\u015b firm\u0105 handlow\u0105 lub produkcyjn\u0105?<br \/>\nA: Jeste\u015bmy producentem.<br \/>\n<img alt=\"\" \/><br \/>\nP: Jaki jest czas dostawy?<br \/>\nA: Zazwyczaj trwa to 25\u201335 dni.<br \/>\nP: Czy dostarczacie pr\u00f3bki? Czy s\u0105 darmowe czy dodatkowe?<br \/>\nA: Tak, oferujemy pr\u00f3bki, ale nie s\u0105 one darmowe.<\/p>\n<h3>O FMP<\/h3>\n<p>FMP to wiod\u0105cy w\u0142oski producent specjalizuj\u0105cy si\u0119 w projektowaniu, rozwoju i produkcji najwy\u017cszej jako\u015bci cylindr\u00f3w hydraulicznych. Dzi\u0119ki bogatemu do\u015bwiadczeniu i wieloletniemu do\u015bwiadczeniu, doskonale \u0142\u0105czymy w\u0142oskie rzemios\u0142o z najnowocze\u015bniejsz\u0105 technologi\u0105, oferuj\u0105c wyj\u0105tkowe rozwi\u0105zania hydrauliczne dopasowane do zr\u00f3\u017cnicowanych potrzeb naszych klient\u00f3w na ca\u0142ym \u015bwiecie. Z siedzib\u0105 we W\u0142oszech \u2013 epicentrum doskona\u0142o\u015bci in\u017cynieryjnej \u2013 FMP ugruntowa\u0142a swoj\u0105 pozycj\u0119 zaufanej marki w bran\u017cy hydraulicznej, dostarczaj\u0105c niezawodne, trwa\u0142e i innowacyjne produkty, kt\u00f3re wspieraj\u0105 firmy na ca\u0142ym \u015bwiecie.<\/p>\n<p>Nasza firma \u0142\u0105czy zaawansowane tradycje produkcyjne z nowatorskim podej\u015bciem. Wykorzystuj\u0105c bogate do\u015bwiadczenie w dziedzinie uk\u0142ad\u00f3w hydraulicznych, FMP przekszta\u0142ci\u0142a si\u0119 w nowoczesne przedsi\u0119biorstwo, kt\u00f3re przoduje w badaniach, projektowaniu i produkcji. Oferujemy szeroki asortyment si\u0142ownik\u00f3w hydraulicznych, w tym si\u0142owniki dwustronnego dzia\u0142ania, si\u0142owniki podnosz\u0105ce do samochod\u00f3w, si\u0142owniki do maszyn rolniczych oraz rozwi\u0105zania projektowane na zam\u00f3wienie dla r\u00f3\u017cnych zastosowa\u0144 przemys\u0142owych. Niezale\u017cnie od sektora \u2013 czy to budownictwo, instalacje przemys\u0142owe, rolnictwo, czy ci\u0119\u017cki sprz\u0119t \u2013 nasze si\u0142owniki hydrauliczne s\u0105 projektowane tak, aby dzia\u0142a\u0142y w najbardziej wymagaj\u0105cych warunkach, zapewniaj\u0105c bezpiecze\u0144stwo, wydajno\u015b\u0107 i trwa\u0142o\u015b\u0107.<\/p>\n<p><img loading=\"lazy\" decoding=\"async\" class=\"alignnone size-full wp-image-6720\" src=\"https:\/\/fmp-components.com\/wp-content\/uploads\/2025\/03\/hydraulic-cylinder-8.webp\" alt=\"Si\u0142owniki hydrauliczne teleskopowe\" width=\"933\" height=\"526\" title=\"\" srcset=\"https:\/\/fmp-components.com\/wp-content\/uploads\/2025\/03\/hydraulic-cylinder-8.webp 933w, https:\/\/fmp-components.com\/wp-content\/uploads\/2025\/03\/hydraulic-cylinder-8-480x271.webp 480w\" sizes=\"(min-width: 0px) and (max-width: 480px) 480px, (min-width: 481px) 933px, 100vw\" \/><\/p>\n<p>W FMP jeste\u015bmy dumni z naszych najnowocze\u015bniejszych zak\u0142ad\u00f3w produkcyjnych, wyposa\u017conych w precyzyjny park maszynowy i zaawansowane systemy testowe. Nasze procesy produkcyjne spe\u0142niaj\u0105 rygorystyczne normy krajowe i mi\u0119dzynarodowe, gwarantuj\u0105c najwy\u017csz\u0105 jako\u015b\u0107 i niezawodno\u015b\u0107 ka\u017cdego produkowanego cylindra hydraulicznego. Nasz wykwalifikowany zesp\u00f3\u0142 techniczny w po\u0142\u0105czeniu z najnowocze\u015bniejszym sprz\u0119tem pozwala nam zachowa\u0107 rygorystyczn\u0105 kontrol\u0119 jako\u015bci na ka\u017cdym etapie produkcji \u2013 od doboru surowc\u00f3w po kontrol\u0119 ko\u0144cow\u0105. To d\u0105\u017cenie do doskona\u0142o\u015bci przynios\u0142o nam certyfikaty i uznanie autorytet\u00f3w bran\u017cowych, co dodatkowo umacnia nasz\u0105 reputacj\u0119 niezawodnego partnera.<\/p>\n<p>Nasza misja jest prosta i ambitna: dostarcza\u0107 klientom si\u0142owniki hydrauliczne, kt\u00f3re przewy\u017cszaj\u0105 oczekiwania pod wzgl\u0119dem wydajno\u015bci, trwa\u0142o\u015bci i warto\u015bci. Dzia\u0142amy zgodnie z podstawowymi zasadami profesjonalizmu, uczciwo\u015bci i zorientowania na klienta. Piel\u0119gnuj\u0105c kultur\u0119 innowacyjno\u015bci i precyzji, stale udoskonalamy nasze produkty, aby utrzyma\u0107 pozycj\u0119 lidera na konkurencyjnym rynku. Nasza szeroka gama produkt\u00f3w i mo\u017cliwo\u015b\u0107 oferowania rozwi\u0105za\u0144 dostosowanych do indywidualnych potrzeb sprawiaj\u0105, \u017ce jeste\u015bmy preferowanym wyborem dla firm poszukuj\u0105cych wysokowydajnych si\u0142ownik\u00f3w hydraulicznych.<\/p>\n<p>FMP to co\u015b wi\u0119cej ni\u017c tylko producent; jeste\u015bmy partnerem Twojego sukcesu. Rozumiemy, \u017ce nasi klienci polegaj\u0105 na nas, dostarczaj\u0105c narz\u0119dzia zwi\u0119kszaj\u0105ce produktywno\u015b\u0107 i bezpiecze\u0144stwo. Dlatego dok\u0142adamy wszelkich stara\u0144, aby dostarcza\u0107 nie tylko produkty najwy\u017cszej jako\u015bci, ale tak\u017ce oferowa\u0107 wyj\u0105tkow\u0105 obs\u0142ug\u0119. Od wst\u0119pnych konsultacji po wsparcie posprzeda\u017cowe, \u015bci\u015ble wsp\u00f3\u0142pracujemy z naszymi klientami, aby zapewni\u0107 im profesjonalne i kompleksowe zaspokojenie ich potrzeb. Nasze konkurencyjne ceny w po\u0142\u0105czeniu z naszym niezmiennym zaanga\u017cowaniem w jako\u015b\u0107 sprawiaj\u0105, \u017ce FMP to m\u0105dry wyb\u00f3r dla firm poszukuj\u0105cych niezawodnych rozwi\u0105za\u0144 hydraulicznych.<\/p>","protected":false},"excerpt":{"rendered":"<p>Italian Factory Dump Truck Hydraulic Cylinders Multistage Hydraulic Cylinder For Sale We present to you our top-of-the-line, Italian Factory Dump Truck Hydraulic Cylinders Multistage Hydraulic Cylinder. Expertly engineered and versatile, our hydraulic cylinder is designed to meet the heavy-duty demands of various industries. Features and Functions Our multistage hydraulic cylinder plays an indispensable role in [&hellip;]<\/p>","protected":false},"featured_media":6699,"comment_status":"closed","ping_status":"closed","template":"","meta":{"_et_pb_use_builder":"","_et_pb_old_content":"","_et_gb_content_width":""},"product_brand":[],"product_cat":[103],"product_tag":[34,105],"class_list":{"0":"post-6545","1":"product","2":"type-product","3":"status-publish","4":"has-post-thumbnail","6":"product_cat-telescopic-hydraulic-cylinders","7":"product_tag-hydraulic-cylinder","8":"product_tag-telescopic-hydraulic-cylinders","10":"first","11":"instock","12":"product-type-simple"},"_links":{"self":[{"href":"https:\/\/fmp-components.com\/pl\/wp-json\/wp\/v2\/product\/6545","targetHints":{"allow":["GET"]}}],"collection":[{"href":"https:\/\/fmp-components.com\/pl\/wp-json\/wp\/v2\/product"}],"about":[{"href":"https:\/\/fmp-components.com\/pl\/wp-json\/wp\/v2\/types\/product"}],"replies":[{"embeddable":true,"href":"https:\/\/fmp-components.com\/pl\/wp-json\/wp\/v2\/comments?post=6545"}],"wp:featuredmedia":[{"embeddable":true,"href":"https:\/\/fmp-components.com\/pl\/wp-json\/wp\/v2\/media\/6699"}],"wp:attachment":[{"href":"https:\/\/fmp-components.com\/pl\/wp-json\/wp\/v2\/media?parent=6545"}],"wp:term":[{"taxonomy":"product_brand","embeddable":true,"href":"https:\/\/fmp-components.com\/pl\/wp-json\/wp\/v2\/product_brand?post=6545"},{"taxonomy":"product_cat","embeddable":true,"href":"https:\/\/fmp-components.com\/pl\/wp-json\/wp\/v2\/product_cat?post=6545"},{"taxonomy":"product_tag","embeddable":true,"href":"https:\/\/fmp-components.com\/pl\/wp-json\/wp\/v2\/product_tag?post=6545"}],"curies":[{"name":"wp","href":"https:\/\/api.w.org\/{rel}","templated":true}]}}