{"id":6543,"date":"2025-03-11T06:28:19","date_gmt":"2025-03-11T06:28:19","guid":{"rendered":"https:\/\/fmp-components.com\/product\/effective-3-stage-20-ton-telescopic-hydraulic-cylinder"},"modified":"2025-03-12T06:53:32","modified_gmt":"2025-03-12T06:53:32","slug":"effective-3-stage-20-ton-telescopic-hydraulic-cylinder","status":"publish","type":"product","link":"https:\/\/fmp-components.com\/pl\/product\/effective-3-stage-20-ton-telescopic-hydraulic-cylinder\/","title":{"rendered":"Efektywny 3-stopniowy teleskopowy si\u0142ownik hydrauliczny o ud\u017awigu 20 ton"},"content":{"rendered":"<h2>Efektywny 3-stopniowy teleskopowy si\u0142ownik hydrauliczny o ud\u017awigu 20 ton<\/h2>\n<p>Efektywny, 3-stopniowy teleskopowy si\u0142ownik hydrauliczny o ud\u017awigu 20 ton to wysokiej jako\u015bci, wszechstronne i wydajne narz\u0119dzie, kt\u00f3re mo\u017ce by\u0107 wykorzystywane w szerokim zakresie zastosowa\u0144. Ten si\u0142ownik hydrauliczny idealnie nadaje si\u0119 do stosowania w warsztatach naprawczych maszyn, gospodarstwach rolnych, energetyce i g\u00f3rnictwie, a tak\u017ce w przemy\u015ble maszynowym i fabrykach.<\/p>\n<h3>Funkcje i cechy<\/h3>\n<p>Wielostopniowy si\u0142ownik hydrauliczny jest nap\u0119dzany energi\u0105 hydrauliczn\u0105 i wykonany z wysokiej jako\u015bci stali, co zapewnia trwa\u0142o\u015b\u0107 i wytrzyma\u0142o\u015b\u0107. Posiada standardow\u0105 konstrukcj\u0119 t\u0142oka, a jego g\u0142\u00f3wne elementy to \u0142o\u017cyska i sam si\u0142ownik hydrauliczny. Maksymalna si\u0142a ci\u0105gu tego si\u0142ownika wynosi 3000, a maksymalny uci\u0105g to a\u017c 20 ton. Si\u0142ownik jest obj\u0119ty roczn\u0105 gwarancj\u0105 i posiada certyfikat ISO9001:2000.<\/p>\n<p><img loading=\"lazy\" decoding=\"async\" class=\"alignnone  wp-image-6659\" src=\"https:\/\/fmp-components.com\/wp-content\/uploads\/2025\/03\/telescopic-hydraulic-cylinder-12.webp\" alt=\"si\u0142ownik hydrauliczny teleskopowy\" width=\"848\" height=\"848\" title=\"\" srcset=\"https:\/\/fmp-components.com\/wp-content\/uploads\/2025\/03\/telescopic-hydraulic-cylinder-12.webp 848w, https:\/\/fmp-components.com\/wp-content\/uploads\/2025\/03\/telescopic-hydraulic-cylinder-12-480x480.webp 480w\" sizes=\"(min-width: 0px) and (max-width: 480px) 480px, (min-width: 481px) 848px, 100vw\" \/><\/p>\n<h3>Parametry techniczne<\/h3>\n<p>Efektywny, 3-stopniowy teleskopowy si\u0142ownik hydrauliczny o ud\u017awigu 20 ton ma \u015brednic\u0119 otworu 2-6 cali, \u015brednic\u0119 t\u0142oczyska 1,125-4 cali, skok 4-100 cali i \u015brednic\u0119 sworznia 0,5-2 cali. Dost\u0119pny jest w eleganckim czarnym kolorze. Si\u0142ownik jest dostarczany w obudowie \u017celaznej, sklejkowej lub kartonowej, w zale\u017cno\u015bci od preferencji.<\/p>\n<h3>Tabela parametr\u00f3w technicznych<\/h3>\n<table style=\"width: 97.7143%; height: 115px;\" border=\"\">\n<tbody>\n<tr style=\"height: 23px;\">\n<td style=\"height: 23px;\">Rozmiar otworu<\/td>\n<td style=\"height: 23px;\">2-6 cali<\/td>\n<\/tr>\n<tr style=\"height: 23px;\">\n<td style=\"height: 23px;\">Rozmiar pr\u0119ta<\/td>\n<td style=\"height: 23px;\">1,125-4 cale<\/td>\n<\/tr>\n<tr style=\"height: 23px;\">\n<td style=\"height: 23px;\">Rozmiar poci\u0105gni\u0119cia<\/td>\n<td style=\"height: 23px;\">4-100 cali<\/td>\n<\/tr>\n<tr style=\"height: 23px;\">\n<td style=\"height: 23px;\">Rozmiar szpilki<\/td>\n<td style=\"height: 23px;\">0,5-2 cale<\/td>\n<\/tr>\n<tr style=\"height: 23px;\">\n<td style=\"height: 23px;\">Porty<\/td>\n<td style=\"height: 23px;\">G\/SAE\/NPT\/M<\/td>\n<\/tr>\n<\/tbody>\n<\/table>\n<h2>Unikalne cechy i zalety<\/h2>\n<ul>\n<li>Energooszcz\u0119dny<\/li>\n<li>Wysoce skuteczny<\/li>\n<li>Bezpiecze\u0144stwo gwarantowane<\/li>\n<\/ul>\n<h2>Uk\u0142ad hydrauliczny i zasada dzia\u0142ania<\/h2>\n<p>Uk\u0142ad hydrauliczny 3-stopniowego teleskopowego si\u0142ownika hydraulicznego o ud\u017awigu 20 ton dzia\u0142a poprzez zamian\u0119 energii hydraulicznej na ruch mechaniczny i przekszta\u0142cenie ci\u015bnienia w si\u0142\u0119. Si\u0142ownik i jednostka nap\u0119dowa wsp\u00f3\u0142pracuj\u0105 ze sob\u0105, aby zapewni\u0107 p\u0142ynn\u0105 prac\u0119 uk\u0142adu hydraulicznego.<\/p>\n<h2>Scenariusze zastosowa\u0144<\/h2>\n<p>Ten si\u0142ownik hydrauliczny jest powszechnie stosowany w warsztatach naprawczych maszyn, gospodarstwach rolnych, energetyce i g\u00f3rnictwie, przy produkcji maszyn oraz w fabrykach maszyn.<\/p>\n<h2>Si\u0142owniki hydrauliczne i agregaty nap\u0119dowe<\/h2>\n<p>Si\u0142ownik hydrauliczny i zesp\u00f3\u0142 nap\u0119dowy s\u0105 niezb\u0119dnymi elementami uk\u0142adu hydraulicznego. Ich synergia zapewnia szerokie zastosowanie technologii hydraulicznej w przemy\u015ble, zapewniaj\u0105c niezawodne zasilanie i sterowanie r\u00f3\u017cnorodnym sprz\u0119tem in\u017cynieryjnym i mechanicznym. Si\u0142ownik hydrauliczny, jako element wykonawczy, odpowiada za przekszta\u0142canie energii hydraulicznej w ruch mechaniczny oraz ci\u015bnienia w si\u0142\u0119. Zesp\u00f3\u0142 nap\u0119dowy stanowi rdze\u0144, kt\u00f3ry dostarcza energi\u0119 i sygna\u0142 steruj\u0105cy wymagany przez uk\u0142ad hydrauliczny. Koordynacja mi\u0119dzy nimi zapewnia prawid\u0142owe dzia\u0142anie uk\u0142adu hydraulicznego. Oferujemy r\u00f3wnie\u017c sprzeda\u017c zespo\u0142\u00f3w nap\u0119dowych.<\/p>\n<p><img loading=\"lazy\" decoding=\"async\" class=\"alignnone size-full wp-image-6660\" src=\"https:\/\/fmp-components.com\/wp-content\/uploads\/2025\/03\/hydraulic-cylinder-workshop-4.webp\" alt=\"si\u0142ownik hydrauliczny teleskopowy\" width=\"914\" height=\"733\" title=\"\" srcset=\"https:\/\/fmp-components.com\/wp-content\/uploads\/2025\/03\/hydraulic-cylinder-workshop-4.webp 914w, https:\/\/fmp-components.com\/wp-content\/uploads\/2025\/03\/hydraulic-cylinder-workshop-4-480x385.webp 480w\" sizes=\"(min-width: 0px) and (max-width: 480px) 480px, (min-width: 481px) 914px, 100vw\" \/><\/p>\n<h2>Cz\u0119sto zadawane pytania<\/h2>\n<ol>\n<li><strong>Czy jeste\u015b firm\u0105 handlow\u0105 lub producentem?<\/strong><br \/>\nJeste\u015bmy fabryk\u0105.<\/li>\n<li><strong>Jak d\u0142ugi jest czas dostawy?<\/strong><br \/>\nZazwyczaj jest to 25\u201335 dni.<\/li>\n<li><strong>Czy udost\u0119pniacie pr\u00f3bki? Czy s\u0105 one bezp\u0142atne czy dodatkowo p\u0142atne?<\/strong><br \/>\nTak, mogliby\u015bmy zaoferowa\u0107 pr\u00f3bk\u0119, ale nie jest ona darmowa.<\/li>\n<\/ol>\n<h3>O FMP<\/h3>\n<p>FMP to wiod\u0105cy w\u0142oski producent specjalizuj\u0105cy si\u0119 w projektowaniu, rozwoju i produkcji wysokiej jako\u015bci cylindr\u00f3w hydraulicznych. Dzi\u0119ki wieloletniemu do\u015bwiadczeniu \u0142\u0105czymy tradycyjne w\u0142oskie rzemios\u0142o z najnowocze\u015bniejsz\u0105 technologi\u0105, aby oferowa\u0107 wyj\u0105tkowe rozwi\u0105zania hydrauliczne, kt\u00f3re spe\u0142niaj\u0105 zr\u00f3\u017cnicowane potrzeby naszych klient\u00f3w na ca\u0142ym \u015bwiecie. Z siedzib\u0105 we W\u0142oszech, b\u0119d\u0105cym centrum doskona\u0142o\u015bci in\u017cynieryjnej, FMP ugruntowa\u0142a swoj\u0105 pozycj\u0119 zaufanej marki w bran\u017cy hydraulicznej, dostarczaj\u0105c niezawodne, trwa\u0142e i innowacyjne produkty, kt\u00f3re wspieraj\u0105 firmy na ca\u0142ym \u015bwiecie.<\/p>\n<p>Nasza firma \u0142\u0105czy zaawansowane tradycje produkcyjne z nowatorskim podej\u015bciem. Wykorzystuj\u0105c wieloletnie do\u015bwiadczenie w dziedzinie uk\u0142ad\u00f3w hydraulicznych, FMP przekszta\u0142ci\u0142a si\u0119 w nowoczesne przedsi\u0119biorstwo, kt\u00f3re wyr\u00f3\u017cnia si\u0119 w badaniach, projektowaniu i produkcji. Oferujemy szeroki asortyment si\u0142ownik\u00f3w hydraulicznych, w tym si\u0142owniki dwustronnego dzia\u0142ania, si\u0142owniki podnosz\u0105ce do samochod\u00f3w, si\u0142owniki do maszyn rolniczych oraz rozwi\u0105zania projektowane na zam\u00f3wienie dla r\u00f3\u017cnorodnych zastosowa\u0144 przemys\u0142owych. Niezale\u017cnie od tego, czy chodzi o budownictwo, instalacje przemys\u0142owe, rolnictwo, czy ci\u0119\u017cki sprz\u0119t, nasze si\u0142owniki hydrauliczne s\u0105 zaprojektowane tak, aby dzia\u0142a\u0107 w najbardziej wymagaj\u0105cych warunkach, zapewniaj\u0105c bezpiecze\u0144stwo, wydajno\u015b\u0107 i trwa\u0142o\u015b\u0107.<\/p>\n<p><img loading=\"lazy\" decoding=\"async\" class=\"alignnone size-full wp-image-6720\" src=\"https:\/\/fmp-components.com\/wp-content\/uploads\/2025\/03\/hydraulic-cylinder-8.webp\" alt=\"Si\u0142owniki hydrauliczne teleskopowe\" width=\"933\" height=\"526\" title=\"\" srcset=\"https:\/\/fmp-components.com\/wp-content\/uploads\/2025\/03\/hydraulic-cylinder-8.webp 933w, https:\/\/fmp-components.com\/wp-content\/uploads\/2025\/03\/hydraulic-cylinder-8-480x271.webp 480w\" sizes=\"(min-width: 0px) and (max-width: 480px) 480px, (min-width: 481px) 933px, 100vw\" \/><\/p>\n<p>W FMP jeste\u015bmy dumni z naszych najnowocze\u015bniejszych zak\u0142ad\u00f3w produkcyjnych, wyposa\u017conych w precyzyjny park maszynowy i zaawansowane systemy testowe. Nasze procesy produkcyjne spe\u0142niaj\u0105 rygorystyczne normy krajowe i mi\u0119dzynarodowe, gwarantuj\u0105c, \u017ce ka\u017cdy produkowany si\u0142ownik hydrauliczny spe\u0142nia najwy\u017csze standardy jako\u015bci i niezawodno\u015bci. Nasz wykwalifikowany zesp\u00f3\u0142 techniczny w po\u0142\u0105czeniu z najnowocze\u015bniejszym sprz\u0119tem pozwala nam zachowa\u0107 \u015bcis\u0142\u0105 kontrol\u0119 jako\u015bci na ka\u017cdym etapie produkcji \u2013 od doboru surowc\u00f3w po kontrol\u0119 ko\u0144cow\u0105. To zaanga\u017cowanie w d\u0105\u017cenie do doskona\u0142o\u015bci przynios\u0142o nam certyfikaty i uznanie autorytet\u00f3w bran\u017cowych, co umacnia nasz\u0105 reputacj\u0119 niezawodnego partnera.<\/p>\n<p>Nasza misja jest prosta i ambitna: dostarcza\u0107 klientom si\u0142owniki hydrauliczne, kt\u00f3re przewy\u017cszaj\u0105 oczekiwania pod wzgl\u0119dem wydajno\u015bci, trwa\u0142o\u015bci i warto\u015bci. Dzia\u0142amy zgodnie z zasadami profesjonalizmu, uczciwo\u015bci i zorientowania na klienta. Piel\u0119gnuj\u0105c kultur\u0119 innowacyjno\u015bci i precyzji, stale udoskonalamy nasze produkty, aby utrzyma\u0107 pozycj\u0119 lidera na konkurencyjnym rynku. Nasza szeroka gama produkt\u00f3w i mo\u017cliwo\u015b\u0107 oferowania rozwi\u0105za\u0144 dostosowanych do indywidualnych potrzeb sprawiaj\u0105, \u017ce jeste\u015bmy preferowanym wyborem dla firm poszukuj\u0105cych wysokowydajnych si\u0142ownik\u00f3w hydraulicznych.<\/p>\n<p>FMP to co\u015b wi\u0119cej ni\u017c tylko producent; jeste\u015bmy partnerem Twojego sukcesu. Rozumiemy, \u017ce nasi klienci polegaj\u0105 na nas, dostarczaj\u0105c narz\u0119dzia zwi\u0119kszaj\u0105ce ich produktywno\u015b\u0107 i bezpiecze\u0144stwo. Dlatego dok\u0142adamy wszelkich stara\u0144, aby dostarcza\u0107 nie tylko produkty najwy\u017cszej jako\u015bci, ale tak\u017ce wyj\u0105tkow\u0105 obs\u0142ug\u0119. Od wst\u0119pnych konsultacji po wsparcie posprzeda\u017cowe, \u015bci\u015ble wsp\u00f3\u0142pracujemy z naszymi klientami, aby zapewni\u0107 im profesjonalne i staranne zaspokojenie ich potrzeb. Nasze konkurencyjne ceny w po\u0142\u0105czeniu z niezmiennym zaanga\u017cowaniem w jako\u015b\u0107 sprawiaj\u0105, \u017ce FMP to m\u0105dry wyb\u00f3r dla firm poszukuj\u0105cych niezawodnych rozwi\u0105za\u0144 hydraulicznych.<\/p>","protected":false},"excerpt":{"rendered":"<p>Effective 3 Stage 20 Ton Telescopic Hydraulic Cylinder The Effective 3 Stage 20 Ton Telescopic Hydraulic Cylinder is a high-quality, versatile, and efficient tool that can be used in a wide range of applications. This hydraulic cylinder is perfect for use in machinery repair shops, farms, energy &amp; mining, machinery manufacturing, and machinery factories. Functions [&hellip;]<\/p>","protected":false},"featured_media":6703,"comment_status":"closed","ping_status":"closed","template":"","meta":{"_et_pb_use_builder":"","_et_pb_old_content":"","_et_gb_content_width":""},"product_brand":[],"product_cat":[103],"product_tag":[34,105],"class_list":{"0":"post-6543","1":"product","2":"type-product","3":"status-publish","4":"has-post-thumbnail","6":"product_cat-telescopic-hydraulic-cylinders","7":"product_tag-hydraulic-cylinder","8":"product_tag-telescopic-hydraulic-cylinders","10":"first","11":"instock","12":"product-type-simple"},"_links":{"self":[{"href":"https:\/\/fmp-components.com\/pl\/wp-json\/wp\/v2\/product\/6543","targetHints":{"allow":["GET"]}}],"collection":[{"href":"https:\/\/fmp-components.com\/pl\/wp-json\/wp\/v2\/product"}],"about":[{"href":"https:\/\/fmp-components.com\/pl\/wp-json\/wp\/v2\/types\/product"}],"replies":[{"embeddable":true,"href":"https:\/\/fmp-components.com\/pl\/wp-json\/wp\/v2\/comments?post=6543"}],"wp:featuredmedia":[{"embeddable":true,"href":"https:\/\/fmp-components.com\/pl\/wp-json\/wp\/v2\/media\/6703"}],"wp:attachment":[{"href":"https:\/\/fmp-components.com\/pl\/wp-json\/wp\/v2\/media?parent=6543"}],"wp:term":[{"taxonomy":"product_brand","embeddable":true,"href":"https:\/\/fmp-components.com\/pl\/wp-json\/wp\/v2\/product_brand?post=6543"},{"taxonomy":"product_cat","embeddable":true,"href":"https:\/\/fmp-components.com\/pl\/wp-json\/wp\/v2\/product_cat?post=6543"},{"taxonomy":"product_tag","embeddable":true,"href":"https:\/\/fmp-components.com\/pl\/wp-json\/wp\/v2\/product_tag?post=6543"}],"curies":[{"name":"wp","href":"https:\/\/api.w.org\/{rel}","templated":true}]}}