{"id":6542,"date":"2025-03-11T06:28:19","date_gmt":"2025-03-11T06:28:19","guid":{"rendered":"https:\/\/fmp-components.com\/product\/cost-effective-dump-truck-hydraulic-cylinder-double-acting-hydraulic-telescopic-cylinder"},"modified":"2025-03-12T06:52:49","modified_gmt":"2025-03-12T06:52:49","slug":"cost-effective-dump-truck-hydraulic-cylinder-double-acting-hydraulic-telescopic-cylinder","status":"publish","type":"product","link":"https:\/\/fmp-components.com\/pl\/product\/cost-effective-dump-truck-hydraulic-cylinder-double-acting-hydraulic-telescopic-cylinder\/","title":{"rendered":"Ekonomiczny wywrotkowy hydrauliczny cylinder dwustronnego dzia\u0142ania hydrauliczny teleskopowy cylinder"},"content":{"rendered":"<h2>Ekonomiczny wywrotkowy hydrauliczny cylinder dwustronnego dzia\u0142ania hydrauliczny teleskopowy cylinder<\/h2>\n<p>Przedstawiamy ekonomiczny si\u0142ownik hydrauliczny do wywrotek, teleskopowy si\u0142ownik hydrauliczny dwustronnego dzia\u0142ania zaprojektowany z my\u015bl\u0105 o wydajno\u015bci i wysokiej wydajno\u015bci. Produkt jest nowy, charakteryzuje si\u0119 standardow\u0105 konstrukcj\u0105 si\u0142ownika t\u0142okowego i moc\u0105 hydrauliczn\u0105. Jego stalowy korpus gwarantuje solidno\u015b\u0107 i trwa\u0142o\u015b\u0107.<\/p>\n<h3>Specyfikacja produktu<\/h3>\n<table style=\"width: 98.1124%;\" border=\"\">\n<tbody>\n<tr>\n<td style=\"width: 43.5028%;\"><b>Rozmiar otworu<\/b><\/td>\n<td style=\"width: 475.141%;\">2-6 cali<\/td>\n<\/tr>\n<tr>\n<td style=\"width: 43.5028%;\"><b>Rozmiar pr\u0119ta<\/b><\/td>\n<td style=\"width: 475.141%;\">1,125-4 cale<\/td>\n<\/tr>\n<tr>\n<td style=\"width: 43.5028%;\"><b>Rozmiar poci\u0105gni\u0119cia<\/b><\/td>\n<td style=\"width: 475.141%;\">4-100 cali<\/td>\n<\/tr>\n<tr>\n<td style=\"width: 43.5028%;\"><b>Rozmiar szpilki<\/b><\/td>\n<td style=\"width: 475.141%;\">0,5-2 cale<\/td>\n<\/tr>\n<tr>\n<td style=\"width: 43.5028%;\"><b>Porty<\/b><\/td>\n<td style=\"width: 475.141%;\">G\/SAE\/NPT\/M<\/td>\n<\/tr>\n<\/tbody>\n<\/table>\n<h2>G\u0142\u00f3wne cechy<\/h2>\n<ul>\n<li>Efektywno\u015b\u0107 energetyczna<\/li>\n<li>Wysoka wydajno\u015b\u0107<\/li>\n<li>Zapewnienie bezpiecze\u0144stwa<\/li>\n<\/ul>\n<h2>Uk\u0142ad hydrauliczny i zasada dzia\u0142ania<\/h2>\n<p>Si\u0142owniki hydrauliczne wykorzystuj\u0105 si\u0142\u0119 p\u0142ynu hydraulicznego do generowania ruchu liniowego i si\u0142y. P\u0142yn jest spr\u0119\u017cany przez pomp\u0119, kt\u00f3ra nap\u0119dza t\u0142oczysko cylindra, powoduj\u0105c ruch.<\/p>\n<h2>Aplikacje<\/h2>\n<p>Ten si\u0142ownik hydrauliczny jest powszechnie stosowany w warsztatach naprawczych maszyn, gospodarstwach rolnych, projektach energetycznych i g\u00f3rniczych, przy produkcji maszyn i w fabrykach maszyn.<\/p>\n<p><img loading=\"lazy\" decoding=\"async\" class=\"alignnone wp-image-6661\" src=\"https:\/\/fmp-components.com\/wp-content\/uploads\/2025\/03\/telescopic-hydraulic-cylinder-10.webp\" alt=\"si\u0142ownik hydrauliczny teleskopowy\" width=\"928\" height=\"928\" title=\"\" srcset=\"https:\/\/fmp-components.com\/wp-content\/uploads\/2025\/03\/telescopic-hydraulic-cylinder-10.webp 928w, https:\/\/fmp-components.com\/wp-content\/uploads\/2025\/03\/telescopic-hydraulic-cylinder-10-480x480.webp 480w\" sizes=\"(min-width: 0px) and (max-width: 480px) 480px, (min-width: 481px) 928px, 100vw\" \/><\/p>\n<h2>Si\u0142owniki hydrauliczne i agregaty nap\u0119dowe<\/h2>\n<p>Si\u0142owniki hydrauliczne i agregaty pr\u0105dotw\u00f3rcze s\u0105 niezb\u0119dnymi elementami uk\u0142ad\u00f3w hydraulicznych. Ich synergia zapewnia szerokie zastosowanie technologii hydraulicznej w przemy\u015ble, zapewniaj\u0105c niezawodne zasilanie i sterowanie r\u00f3\u017cnorodnym urz\u0105dzeniom in\u017cynieryjnym i mechanicznym. W FMP oferujemy r\u00f3wnie\u017c agregaty pr\u0105dotw\u00f3rcze wraz z naszymi si\u0142ownikami hydraulicznymi.<\/p>\n<h2>Cz\u0119sto zadawane pytania<\/h2>\n<p><b>P: Czy jeste\u015b firm\u0105 handlow\u0105 czy produkcyjn\u0105?<\/b><br \/>\nA: Jeste\u015bmy producentem.<\/p>\n<p><b>P: Jaki jest czas dostawy?<\/b><br \/>\nA: Nasz czas dostawy wynosi zazwyczaj 25\u201335 dni.<\/p>\n<p><b>P: Czy dostarczacie pr\u00f3bki?<\/b><br \/>\nA: Tak, udost\u0119pniamy pr\u00f3bki, ale nie s\u0105 one darmowe.<\/p>\n<h3>O FMP<\/h3>\n<p>FMP to wiod\u0105cy w\u0142oski producent specjalizuj\u0105cy si\u0119 w projektowaniu, rozwoju i produkcji wysokiej jako\u015bci cylindr\u00f3w hydraulicznych. Dzi\u0119ki wieloletniemu do\u015bwiadczeniu \u0142\u0105czymy tradycyjne w\u0142oskie rzemios\u0142o z najnowocze\u015bniejsz\u0105 technologi\u0105, aby oferowa\u0107 wyj\u0105tkowe rozwi\u0105zania hydrauliczne, kt\u00f3re spe\u0142niaj\u0105 zr\u00f3\u017cnicowane potrzeby naszych klient\u00f3w na ca\u0142ym \u015bwiecie. Z siedzib\u0105 we W\u0142oszech, b\u0119d\u0105cym centrum doskona\u0142o\u015bci in\u017cynieryjnej, FMP ugruntowa\u0142a swoj\u0105 pozycj\u0119 zaufanej marki w bran\u017cy hydraulicznej, dostarczaj\u0105c niezawodne, trwa\u0142e i innowacyjne produkty, kt\u00f3re wspieraj\u0105 firmy na ca\u0142ym \u015bwiecie.<\/p>\n<p>Nasza firma \u0142\u0105czy zaawansowane tradycje produkcyjne z nowatorskim podej\u015bciem. Wykorzystuj\u0105c wieloletnie do\u015bwiadczenie w dziedzinie uk\u0142ad\u00f3w hydraulicznych, FMP przekszta\u0142ci\u0142a si\u0119 w nowoczesne przedsi\u0119biorstwo, kt\u00f3re wyr\u00f3\u017cnia si\u0119 w badaniach, projektowaniu i produkcji. Oferujemy szeroki asortyment si\u0142ownik\u00f3w hydraulicznych, w tym si\u0142owniki dwustronnego dzia\u0142ania, si\u0142owniki podnosz\u0105ce do samochod\u00f3w, si\u0142owniki do maszyn rolniczych oraz rozwi\u0105zania projektowane na zam\u00f3wienie dla r\u00f3\u017cnorodnych zastosowa\u0144 przemys\u0142owych. Niezale\u017cnie od tego, czy chodzi o budownictwo, instalacje przemys\u0142owe, rolnictwo, czy ci\u0119\u017cki sprz\u0119t, nasze si\u0142owniki hydrauliczne s\u0105 zaprojektowane tak, aby dzia\u0142a\u0107 w najbardziej wymagaj\u0105cych warunkach, zapewniaj\u0105c bezpiecze\u0144stwo, wydajno\u015b\u0107 i trwa\u0142o\u015b\u0107.<\/p>\n<p><img loading=\"lazy\" decoding=\"async\" class=\"alignnone size-full wp-image-6720\" src=\"https:\/\/fmp-components.com\/wp-content\/uploads\/2025\/03\/hydraulic-cylinder-8.webp\" alt=\"Si\u0142owniki hydrauliczne teleskopowe\" width=\"933\" height=\"526\" title=\"\" srcset=\"https:\/\/fmp-components.com\/wp-content\/uploads\/2025\/03\/hydraulic-cylinder-8.webp 933w, https:\/\/fmp-components.com\/wp-content\/uploads\/2025\/03\/hydraulic-cylinder-8-480x271.webp 480w\" sizes=\"(min-width: 0px) and (max-width: 480px) 480px, (min-width: 481px) 933px, 100vw\" \/><\/p>\n<p>W FMP jeste\u015bmy dumni z naszych najnowocze\u015bniejszych zak\u0142ad\u00f3w produkcyjnych, wyposa\u017conych w precyzyjny park maszynowy i zaawansowane systemy testowe. Nasze procesy produkcyjne spe\u0142niaj\u0105 rygorystyczne normy krajowe i mi\u0119dzynarodowe, gwarantuj\u0105c, \u017ce ka\u017cdy produkowany si\u0142ownik hydrauliczny spe\u0142nia najwy\u017csze standardy jako\u015bci i niezawodno\u015bci. Nasz wykwalifikowany zesp\u00f3\u0142 techniczny w po\u0142\u0105czeniu z najnowocze\u015bniejszym sprz\u0119tem pozwala nam zachowa\u0107 \u015bcis\u0142\u0105 kontrol\u0119 jako\u015bci na ka\u017cdym etapie produkcji \u2013 od doboru surowc\u00f3w po kontrol\u0119 ko\u0144cow\u0105. To zaanga\u017cowanie w d\u0105\u017cenie do doskona\u0142o\u015bci przynios\u0142o nam certyfikaty i uznanie autorytet\u00f3w bran\u017cowych, co umacnia nasz\u0105 reputacj\u0119 niezawodnego partnera.<\/p>\n<p>Nasza misja jest prosta i ambitna: dostarcza\u0107 klientom si\u0142owniki hydrauliczne, kt\u00f3re przewy\u017cszaj\u0105 oczekiwania pod wzgl\u0119dem wydajno\u015bci, trwa\u0142o\u015bci i warto\u015bci. Dzia\u0142amy zgodnie z zasadami profesjonalizmu, uczciwo\u015bci i zorientowania na klienta. Piel\u0119gnuj\u0105c kultur\u0119 innowacyjno\u015bci i precyzji, stale udoskonalamy nasze produkty, aby utrzyma\u0107 pozycj\u0119 lidera na konkurencyjnym rynku. Nasza szeroka gama produkt\u00f3w i mo\u017cliwo\u015b\u0107 oferowania rozwi\u0105za\u0144 dostosowanych do indywidualnych potrzeb sprawiaj\u0105, \u017ce jeste\u015bmy preferowanym wyborem dla firm poszukuj\u0105cych wysokowydajnych si\u0142ownik\u00f3w hydraulicznych.<\/p>\n<p>FMP to co\u015b wi\u0119cej ni\u017c tylko producent; jeste\u015bmy partnerem Twojego sukcesu. Rozumiemy, \u017ce nasi klienci polegaj\u0105 na nas, dostarczaj\u0105c narz\u0119dzia zwi\u0119kszaj\u0105ce ich produktywno\u015b\u0107 i bezpiecze\u0144stwo. Dlatego dok\u0142adamy wszelkich stara\u0144, aby dostarcza\u0107 nie tylko produkty najwy\u017cszej jako\u015bci, ale tak\u017ce wyj\u0105tkow\u0105 obs\u0142ug\u0119. Od wst\u0119pnych konsultacji po wsparcie posprzeda\u017cowe, \u015bci\u015ble wsp\u00f3\u0142pracujemy z naszymi klientami, aby zapewni\u0107 im profesjonalne i staranne zaspokojenie ich potrzeb. Nasze konkurencyjne ceny w po\u0142\u0105czeniu z niezmiennym zaanga\u017cowaniem w jako\u015b\u0107 sprawiaj\u0105, \u017ce FMP to m\u0105dry wyb\u00f3r dla firm poszukuj\u0105cych niezawodnych rozwi\u0105za\u0144 hydraulicznych.<\/p>","protected":false},"excerpt":{"rendered":"<p>Cost Effective Dump Truck Hydraulic Cylinder Double Acting Hydraulic Telescopic Cylinder Introducing the Cost-Effective Dump Truck hydraulic cylinder, a Double Acting Hydraulic Telescopic Cylinder designed for efficiency and high performance. The product is new, boasting a standard plunger cylinder structure and hydraulic power. Its steel body guarantees robustness and durability. Product Specifications Bore Size 2-6 [&hellip;]<\/p>","protected":false},"featured_media":6754,"comment_status":"closed","ping_status":"closed","template":"","meta":{"_et_pb_use_builder":"","_et_pb_old_content":"","_et_gb_content_width":""},"product_brand":[],"product_cat":[103],"product_tag":[34,105],"class_list":{"0":"post-6542","1":"product","2":"type-product","3":"status-publish","4":"has-post-thumbnail","6":"product_cat-telescopic-hydraulic-cylinders","7":"product_tag-hydraulic-cylinder","8":"product_tag-telescopic-hydraulic-cylinders","10":"first","11":"instock","12":"product-type-simple"},"_links":{"self":[{"href":"https:\/\/fmp-components.com\/pl\/wp-json\/wp\/v2\/product\/6542","targetHints":{"allow":["GET"]}}],"collection":[{"href":"https:\/\/fmp-components.com\/pl\/wp-json\/wp\/v2\/product"}],"about":[{"href":"https:\/\/fmp-components.com\/pl\/wp-json\/wp\/v2\/types\/product"}],"replies":[{"embeddable":true,"href":"https:\/\/fmp-components.com\/pl\/wp-json\/wp\/v2\/comments?post=6542"}],"wp:featuredmedia":[{"embeddable":true,"href":"https:\/\/fmp-components.com\/pl\/wp-json\/wp\/v2\/media\/6754"}],"wp:attachment":[{"href":"https:\/\/fmp-components.com\/pl\/wp-json\/wp\/v2\/media?parent=6542"}],"wp:term":[{"taxonomy":"product_brand","embeddable":true,"href":"https:\/\/fmp-components.com\/pl\/wp-json\/wp\/v2\/product_brand?post=6542"},{"taxonomy":"product_cat","embeddable":true,"href":"https:\/\/fmp-components.com\/pl\/wp-json\/wp\/v2\/product_cat?post=6542"},{"taxonomy":"product_tag","embeddable":true,"href":"https:\/\/fmp-components.com\/pl\/wp-json\/wp\/v2\/product_tag?post=6542"}],"curies":[{"name":"wp","href":"https:\/\/api.w.org\/{rel}","templated":true}]}}